{"id":255472,"date":"2025-11-26T19:07:06","date_gmt":"2025-11-26T17:07:06","guid":{"rendered":"https:\/\/bbqentertainment.com\/?post_type=product&#038;p=255472"},"modified":"2026-03-12T17:14:51","modified_gmt":"2026-03-12T15:14:51","slug":"big-green-egg-mootoriga-poordvarras-l","status":"publish","type":"product","link":"https:\/\/bbqentertainment.com\/en\/toode\/big-green-egg-mootoriga-poordvarras-l\/","title":{"rendered":"Big Green Egg Mootoriga p\u00f6\u00f6rdvarras L"},"content":{"rendered":"","protected":false},"excerpt":{"rendered":"<h3>Big Green Egg Mootoriga p\u00f6\u00f6rdvarras L<\/h3>\n<p>Maitsev s\u00fcte kohal r\u00f6stitud kana, magus ja mahlane ananass, kena rulaad v\u00f5i isetehtud kebab, mis torgatud p\u00f6\u00f6rleva varda otsa? N\u00fc\u00fcd on sul v\u00f5imalus k\u00f5iki neid roogasid EGGis valmistada, kui kasutad fantastilist Big Green Eggi lisatarvikut \u2013 p\u00f6\u00f6rdvarrast. V\u00f5imalused on l\u00f5putud. Roog, mida vardas valmistad, saab k\u00fcpsemisel eralduvas rasvas v\u00f5i mahlades pidevalt kastetud ja omandab sel moel veelgi rohkem maitseid. Sa v\u00f5id p\u00f6\u00f6rdvarrast kasutada koos convEGGtoriga v\u00f5i ilma, s\u00f5ltuvalt valmistatavast roast ja EGGi temperatuurist.<\/p>\n<p>T\u00f5sta vardakomplekti r\u00f5ngas EGGi keraamilisele p\u00f5hjale ja s\u00e4ti varras r\u00f5ngasse. Sulge EGGi kuppel nii nagu alati. Saad suurep\u00e4raselt kontrollida EGGi temperatuuri ning kokku sobitada m\u00f5lema \u2013 EGGi ja p\u00f6\u00f6rdvarda \u2013 head omadused. Toit k\u00fcpseb t\u00e4pselt nii nagu vaja, seda t\u00e4nu EGGi suurep\u00e4rasele \u00f5huringlusele, keraamika heale soojuspeegeldusele ja varda p\u00f6\u00f6rlemisele. R\u00f5ngas on valmistatud kaetud terasest ning varras ja kaasasolevad \u201ekahvlid\u201c roostevabast terasest. Varras p\u00f6\u00f6rleb vaikse, aga v\u00f5imsa mootori abil, mis tagab \u00fchtlase liikumise.<\/p>\n","protected":false},"featured_media":256256,"template":"","meta":{"inline_featured_image":false},"product_brand":[],"product_cat":[662],"product_tag":[],"class_list":{"0":"post-255472","1":"product","2":"type-product","3":"status-publish","4":"has-post-thumbnail","6":"product_cat-lisatarvikud-big-green-egg","8":"first","9":"instock","10":"taxable","11":"shipping-taxable","12":"purchasable","13":"product-type-simple"},"yoast_head":"<!-- This site is optimized with the Yoast SEO plugin v27.4 - https:\/\/yoast.com\/product\/yoast-seo-wordpress\/ -->\n<title>Big Green Egg Mootoriga p\u00f6\u00f6rdvarras L - BBQ Entertainment<\/title>\n<meta name=\"robots\" content=\"index, follow, max-snippet:-1, max-image-preview:large, max-video-preview:-1\" \/>\n<link rel=\"canonical\" href=\"https:\/\/bbqentertainment.com\/toode\/big-green-egg-mootoriga-poordvarras-l\/\" \/>\n<meta property=\"og:locale\" content=\"en_US\" \/>\n<meta property=\"og:type\" content=\"article\" \/>\n<meta property=\"og:title\" content=\"Big Green Egg Mootoriga p\u00f6\u00f6rdvarras L - BBQ Entertainment\" \/>\n<meta property=\"og:description\" content=\"Big Green Egg Mootoriga p\u00f6\u00f6rdvarras L  Maitsev s\u00fcte kohal r\u00f6stitud kana, magus ja mahlane ananass, kena rulaad v\u00f5i isetehtud kebab, mis torgatud p\u00f6\u00f6rleva varda otsa? N\u00fc\u00fcd on sul v\u00f5imalus k\u00f5iki neid roogasid EGGis valmistada, kui kasutad fantastilist Big Green Eggi lisatarvikut \u2013 p\u00f6\u00f6rdvarrast. V\u00f5imalused on l\u00f5putud. Roog, mida vardas valmistad, saab k\u00fcpsemisel eralduvas rasvas v\u00f5i mahlades pidevalt kastetud ja omandab sel moel veelgi rohkem maitseid. Sa v\u00f5id p\u00f6\u00f6rdvarrast kasutada koos convEGGtoriga v\u00f5i ilma, s\u00f5ltuvalt valmistatavast roast ja EGGi temperatuurist.  T\u00f5sta vardakomplekti r\u00f5ngas EGGi keraamilisele p\u00f5hjale ja s\u00e4ti varras r\u00f5ngasse. Sulge EGGi kuppel nii nagu alati. Saad suurep\u00e4raselt kontrollida EGGi temperatuuri ning kokku sobitada m\u00f5lema \u2013 EGGi ja p\u00f6\u00f6rdvarda \u2013 head omadused. Toit k\u00fcpseb t\u00e4pselt nii nagu vaja, seda t\u00e4nu EGGi suurep\u00e4rasele \u00f5huringlusele, keraamika heale soojuspeegeldusele ja varda p\u00f6\u00f6rlemisele. R\u00f5ngas on valmistatud kaetud terasest ning varras ja kaasasolevad \u201ekahvlid\u201c roostevabast terasest. Varras p\u00f6\u00f6rleb vaikse, aga v\u00f5imsa mootori abil, mis tagab \u00fchtlase liikumise.\" \/>\n<meta property=\"og:url\" content=\"https:\/\/bbqentertainment.com\/toode\/big-green-egg-mootoriga-poordvarras-l\/\" \/>\n<meta property=\"og:site_name\" content=\"BBQ Entertainment\" \/>\n<meta property=\"article:publisher\" content=\"https:\/\/www.facebook.com\/BBQ-Entertainment-N-Catering-2437913376443540\" \/>\n<meta property=\"article:modified_time\" content=\"2026-03-12T15:14:51+00:00\" \/>\n<meta property=\"og:image\" content=\"https:\/\/bbqentertainment.com\/wp-content\/uploads\/2025\/11\/poordvarras-big-green-egg.png\" \/>\n\t<meta property=\"og:image:width\" content=\"577\" \/>\n\t<meta property=\"og:image:height\" content=\"577\" \/>\n\t<meta property=\"og:image:type\" content=\"image\/png\" \/>\n<meta name=\"twitter:card\" content=\"summary_large_image\" \/>\n<meta name=\"twitter:label1\" content=\"Est. reading time\" \/>\n\t<meta name=\"twitter:data1\" content=\"1 minute\" \/>\n<script type=\"application\/ld+json\" class=\"yoast-schema-graph\">{\"@context\":\"https:\\\/\\\/schema.org\",\"@graph\":[{\"@type\":[\"WebPage\",\"ItemPage\"],\"@id\":\"https:\\\/\\\/bbqentertainment.com\\\/toode\\\/big-green-egg-mootoriga-poordvarras-l\\\/\",\"url\":\"https:\\\/\\\/bbqentertainment.com\\\/toode\\\/big-green-egg-mootoriga-poordvarras-l\\\/\",\"name\":\"Big Green Egg Mootoriga p\u00f6\u00f6rdvarras L - BBQ Entertainment\",\"isPartOf\":{\"@id\":\"https:\\\/\\\/bbqentertainment.com\\\/#website\"},\"primaryImageOfPage\":{\"@id\":\"https:\\\/\\\/bbqentertainment.com\\\/toode\\\/big-green-egg-mootoriga-poordvarras-l\\\/#primaryimage\"},\"image\":{\"@id\":\"https:\\\/\\\/bbqentertainment.com\\\/toode\\\/big-green-egg-mootoriga-poordvarras-l\\\/#primaryimage\"},\"thumbnailUrl\":\"https:\\\/\\\/bbqentertainment.com\\\/wp-content\\\/uploads\\\/2025\\\/11\\\/poordvarras-big-green-egg.png\",\"datePublished\":\"2025-11-26T17:07:06+00:00\",\"dateModified\":\"2026-03-12T15:14:51+00:00\",\"breadcrumb\":{\"@id\":\"https:\\\/\\\/bbqentertainment.com\\\/toode\\\/big-green-egg-mootoriga-poordvarras-l\\\/#breadcrumb\"},\"inLanguage\":\"en-US\",\"potentialAction\":[{\"@type\":\"ReadAction\",\"target\":[\"https:\\\/\\\/bbqentertainment.com\\\/toode\\\/big-green-egg-mootoriga-poordvarras-l\\\/\"]}]},{\"@type\":\"ImageObject\",\"inLanguage\":\"en-US\",\"@id\":\"https:\\\/\\\/bbqentertainment.com\\\/toode\\\/big-green-egg-mootoriga-poordvarras-l\\\/#primaryimage\",\"url\":\"https:\\\/\\\/bbqentertainment.com\\\/wp-content\\\/uploads\\\/2025\\\/11\\\/poordvarras-big-green-egg.png\",\"contentUrl\":\"https:\\\/\\\/bbqentertainment.com\\\/wp-content\\\/uploads\\\/2025\\\/11\\\/poordvarras-big-green-egg.png\",\"width\":577,\"height\":577},{\"@type\":\"BreadcrumbList\",\"@id\":\"https:\\\/\\\/bbqentertainment.com\\\/toode\\\/big-green-egg-mootoriga-poordvarras-l\\\/#breadcrumb\",\"itemListElement\":[{\"@type\":\"ListItem\",\"position\":1,\"name\":\"AVALEHT\",\"item\":\"https:\\\/\\\/bbqentertainment.com\\\/en\\\/\"},{\"@type\":\"ListItem\",\"position\":2,\"name\":\"Tooted\",\"item\":\"https:\\\/\\\/bbqentertainment.com\\\/tooted\\\/\"},{\"@type\":\"ListItem\",\"position\":3,\"name\":\"Lisatarvikud\",\"item\":\"https:\\\/\\\/bbqentertainment.com\\\/tootekategooria\\\/lisatarvikud\\\/\"},{\"@type\":\"ListItem\",\"position\":4,\"name\":\"Lisatarvikud Big Green Egg\",\"item\":\"https:\\\/\\\/bbqentertainment.com\\\/tootekategooria\\\/lisatarvikud\\\/lisatarvikud-big-green-egg\\\/\"},{\"@type\":\"ListItem\",\"position\":5,\"name\":\"Big Green Egg Mootoriga p\u00f6\u00f6rdvarras L\"}]},{\"@type\":\"WebSite\",\"@id\":\"https:\\\/\\\/bbqentertainment.com\\\/#website\",\"url\":\"https:\\\/\\\/bbqentertainment.com\\\/\",\"name\":\"BBQ Entertainment\",\"description\":\"BBQ is a great lifestyle, not just fun!\",\"publisher\":{\"@id\":\"https:\\\/\\\/bbqentertainment.com\\\/#organization\"},\"potentialAction\":[{\"@type\":\"SearchAction\",\"target\":{\"@type\":\"EntryPoint\",\"urlTemplate\":\"https:\\\/\\\/bbqentertainment.com\\\/?s={search_term_string}\"},\"query-input\":{\"@type\":\"PropertyValueSpecification\",\"valueRequired\":true,\"valueName\":\"search_term_string\"}}],\"inLanguage\":\"en-US\"},{\"@type\":\"Organization\",\"@id\":\"https:\\\/\\\/bbqentertainment.com\\\/#organization\",\"name\":\"BBQ Entertainment O\u00dc\",\"url\":\"https:\\\/\\\/bbqentertainment.com\\\/\",\"logo\":{\"@type\":\"ImageObject\",\"inLanguage\":\"en-US\",\"@id\":\"https:\\\/\\\/bbqentertainment.com\\\/#\\\/schema\\\/logo\\\/image\\\/\",\"url\":\"https:\\\/\\\/bbqentertainment.com\\\/wp-content\\\/uploads\\\/2020\\\/04\\\/BBQ-Entertainment-N-Catering-Enn-Tobreluts-Logo.png\",\"contentUrl\":\"https:\\\/\\\/bbqentertainment.com\\\/wp-content\\\/uploads\\\/2020\\\/04\\\/BBQ-Entertainment-N-Catering-Enn-Tobreluts-Logo.png\",\"width\":628,\"height\":266,\"caption\":\"BBQ Entertainment O\u00dc\"},\"image\":{\"@id\":\"https:\\\/\\\/bbqentertainment.com\\\/#\\\/schema\\\/logo\\\/image\\\/\"},\"sameAs\":[\"https:\\\/\\\/www.facebook.com\\\/BBQ-Entertainment-N-Catering-2437913376443540\",\"https:\\\/\\\/www.instagram.com\\\/bbqentertainmentncatering\\\/\",\"https:\\\/\\\/www.youtube.com\\\/channel\\\/UCmpuANQVhLy2Md8nrenp2jA\"]}]}<\/script>\n<!-- \/ Yoast SEO plugin. -->","yoast_head_json":{"title":"Big Green Egg Mootoriga p\u00f6\u00f6rdvarras L - BBQ Entertainment","robots":{"index":"index","follow":"follow","max-snippet":"max-snippet:-1","max-image-preview":"max-image-preview:large","max-video-preview":"max-video-preview:-1"},"canonical":"https:\/\/bbqentertainment.com\/toode\/big-green-egg-mootoriga-poordvarras-l\/","og_locale":"en_US","og_type":"article","og_title":"Big Green Egg Mootoriga p\u00f6\u00f6rdvarras L - BBQ Entertainment","og_description":"Big Green Egg Mootoriga p\u00f6\u00f6rdvarras L  Maitsev s\u00fcte kohal r\u00f6stitud kana, magus ja mahlane ananass, kena rulaad v\u00f5i isetehtud kebab, mis torgatud p\u00f6\u00f6rleva varda otsa? N\u00fc\u00fcd on sul v\u00f5imalus k\u00f5iki neid roogasid EGGis valmistada, kui kasutad fantastilist Big Green Eggi lisatarvikut \u2013 p\u00f6\u00f6rdvarrast. V\u00f5imalused on l\u00f5putud. Roog, mida vardas valmistad, saab k\u00fcpsemisel eralduvas rasvas v\u00f5i mahlades pidevalt kastetud ja omandab sel moel veelgi rohkem maitseid. Sa v\u00f5id p\u00f6\u00f6rdvarrast kasutada koos convEGGtoriga v\u00f5i ilma, s\u00f5ltuvalt valmistatavast roast ja EGGi temperatuurist.  T\u00f5sta vardakomplekti r\u00f5ngas EGGi keraamilisele p\u00f5hjale ja s\u00e4ti varras r\u00f5ngasse. Sulge EGGi kuppel nii nagu alati. Saad suurep\u00e4raselt kontrollida EGGi temperatuuri ning kokku sobitada m\u00f5lema \u2013 EGGi ja p\u00f6\u00f6rdvarda \u2013 head omadused. Toit k\u00fcpseb t\u00e4pselt nii nagu vaja, seda t\u00e4nu EGGi suurep\u00e4rasele \u00f5huringlusele, keraamika heale soojuspeegeldusele ja varda p\u00f6\u00f6rlemisele. R\u00f5ngas on valmistatud kaetud terasest ning varras ja kaasasolevad \u201ekahvlid\u201c roostevabast terasest. Varras p\u00f6\u00f6rleb vaikse, aga v\u00f5imsa mootori abil, mis tagab \u00fchtlase liikumise.","og_url":"https:\/\/bbqentertainment.com\/toode\/big-green-egg-mootoriga-poordvarras-l\/","og_site_name":"BBQ Entertainment","article_publisher":"https:\/\/www.facebook.com\/BBQ-Entertainment-N-Catering-2437913376443540","article_modified_time":"2026-03-12T15:14:51+00:00","og_image":[{"width":577,"height":577,"url":"https:\/\/bbqentertainment.com\/wp-content\/uploads\/2025\/11\/poordvarras-big-green-egg.png","type":"image\/png"}],"twitter_card":"summary_large_image","twitter_misc":{"Est. reading time":"1 minute"},"schema":{"@context":"https:\/\/schema.org","@graph":[{"@type":["WebPage","ItemPage"],"@id":"https:\/\/bbqentertainment.com\/toode\/big-green-egg-mootoriga-poordvarras-l\/","url":"https:\/\/bbqentertainment.com\/toode\/big-green-egg-mootoriga-poordvarras-l\/","name":"Big Green Egg Mootoriga p\u00f6\u00f6rdvarras L - BBQ Entertainment","isPartOf":{"@id":"https:\/\/bbqentertainment.com\/#website"},"primaryImageOfPage":{"@id":"https:\/\/bbqentertainment.com\/toode\/big-green-egg-mootoriga-poordvarras-l\/#primaryimage"},"image":{"@id":"https:\/\/bbqentertainment.com\/toode\/big-green-egg-mootoriga-poordvarras-l\/#primaryimage"},"thumbnailUrl":"https:\/\/bbqentertainment.com\/wp-content\/uploads\/2025\/11\/poordvarras-big-green-egg.png","datePublished":"2025-11-26T17:07:06+00:00","dateModified":"2026-03-12T15:14:51+00:00","breadcrumb":{"@id":"https:\/\/bbqentertainment.com\/toode\/big-green-egg-mootoriga-poordvarras-l\/#breadcrumb"},"inLanguage":"en-US","potentialAction":[{"@type":"ReadAction","target":["https:\/\/bbqentertainment.com\/toode\/big-green-egg-mootoriga-poordvarras-l\/"]}]},{"@type":"ImageObject","inLanguage":"en-US","@id":"https:\/\/bbqentertainment.com\/toode\/big-green-egg-mootoriga-poordvarras-l\/#primaryimage","url":"https:\/\/bbqentertainment.com\/wp-content\/uploads\/2025\/11\/poordvarras-big-green-egg.png","contentUrl":"https:\/\/bbqentertainment.com\/wp-content\/uploads\/2025\/11\/poordvarras-big-green-egg.png","width":577,"height":577},{"@type":"BreadcrumbList","@id":"https:\/\/bbqentertainment.com\/toode\/big-green-egg-mootoriga-poordvarras-l\/#breadcrumb","itemListElement":[{"@type":"ListItem","position":1,"name":"AVALEHT","item":"https:\/\/bbqentertainment.com\/en\/"},{"@type":"ListItem","position":2,"name":"Tooted","item":"https:\/\/bbqentertainment.com\/tooted\/"},{"@type":"ListItem","position":3,"name":"Lisatarvikud","item":"https:\/\/bbqentertainment.com\/tootekategooria\/lisatarvikud\/"},{"@type":"ListItem","position":4,"name":"Lisatarvikud Big Green Egg","item":"https:\/\/bbqentertainment.com\/tootekategooria\/lisatarvikud\/lisatarvikud-big-green-egg\/"},{"@type":"ListItem","position":5,"name":"Big Green Egg Mootoriga p\u00f6\u00f6rdvarras L"}]},{"@type":"WebSite","@id":"https:\/\/bbqentertainment.com\/#website","url":"https:\/\/bbqentertainment.com\/","name":"BBQ Entertainment","description":"BBQ is a great lifestyle, not just fun!","publisher":{"@id":"https:\/\/bbqentertainment.com\/#organization"},"potentialAction":[{"@type":"SearchAction","target":{"@type":"EntryPoint","urlTemplate":"https:\/\/bbqentertainment.com\/?s={search_term_string}"},"query-input":{"@type":"PropertyValueSpecification","valueRequired":true,"valueName":"search_term_string"}}],"inLanguage":"en-US"},{"@type":"Organization","@id":"https:\/\/bbqentertainment.com\/#organization","name":"BBQ Entertainment O\u00dc","url":"https:\/\/bbqentertainment.com\/","logo":{"@type":"ImageObject","inLanguage":"en-US","@id":"https:\/\/bbqentertainment.com\/#\/schema\/logo\/image\/","url":"https:\/\/bbqentertainment.com\/wp-content\/uploads\/2020\/04\/BBQ-Entertainment-N-Catering-Enn-Tobreluts-Logo.png","contentUrl":"https:\/\/bbqentertainment.com\/wp-content\/uploads\/2020\/04\/BBQ-Entertainment-N-Catering-Enn-Tobreluts-Logo.png","width":628,"height":266,"caption":"BBQ Entertainment O\u00dc"},"image":{"@id":"https:\/\/bbqentertainment.com\/#\/schema\/logo\/image\/"},"sameAs":["https:\/\/www.facebook.com\/BBQ-Entertainment-N-Catering-2437913376443540","https:\/\/www.instagram.com\/bbqentertainmentncatering\/","https:\/\/www.youtube.com\/channel\/UCmpuANQVhLy2Md8nrenp2jA"]}]}},"_links":{"self":[{"href":"https:\/\/bbqentertainment.com\/en\/wp-json\/wp\/v2\/product\/255472","targetHints":{"allow":["GET"]}}],"collection":[{"href":"https:\/\/bbqentertainment.com\/en\/wp-json\/wp\/v2\/product"}],"about":[{"href":"https:\/\/bbqentertainment.com\/en\/wp-json\/wp\/v2\/types\/product"}],"wp:featuredmedia":[{"embeddable":true,"href":"https:\/\/bbqentertainment.com\/en\/wp-json\/wp\/v2\/media\/256256"}],"wp:attachment":[{"href":"https:\/\/bbqentertainment.com\/en\/wp-json\/wp\/v2\/media?parent=255472"}],"wp:term":[{"taxonomy":"product_brand","embeddable":true,"href":"https:\/\/bbqentertainment.com\/en\/wp-json\/wp\/v2\/product_brand?post=255472"},{"taxonomy":"product_cat","embeddable":true,"href":"https:\/\/bbqentertainment.com\/en\/wp-json\/wp\/v2\/product_cat?post=255472"},{"taxonomy":"product_tag","embeddable":true,"href":"https:\/\/bbqentertainment.com\/en\/wp-json\/wp\/v2\/product_tag?post=255472"}],"curies":[{"name":"wp","href":"https:\/\/api.w.org\/{rel}","templated":true}]}}