{"id":255474,"date":"2025-11-26T19:07:07","date_gmt":"2025-11-26T17:07:07","guid":{"rendered":"https:\/\/bbqentertainment.com\/?post_type=product&#038;p=255474"},"modified":"2026-03-12T17:14:51","modified_gmt":"2026-03-12T15:14:51","slug":"big-green-egg-tammepuu-suitsulaastud","status":"publish","type":"product","link":"https:\/\/bbqentertainment.com\/en\/toode\/big-green-egg-tammepuu-suitsulaastud\/","title":{"rendered":"Big Green Egg Tammepuu suitsulaastud"},"content":{"rendered":"","protected":false},"excerpt":{"rendered":"<h3>Big Green Egg Tammepuu suitsulaastud<\/h3>\n<p>Igal Big Green Eggi kasutaval kokal on oma stiil. Puulaastudega saad k\u00f5igile oma roogadele iseloomuliku suitsuse maitsen\u00fcansi lisada. Sega (leotatud) puulaastud s\u00fcte hulka v\u00f5i puista lihtsalt peot\u00e4is h\u00f5\u00f5guvatele s\u00fctele. V\u00f5id ka m\u00f5lemat teha \u2013 puhtalt maitse asi. Samamoodi v\u00f5id maitse j\u00e4rgi valida sobivat liiki laastud: hikkori-, pekani-, \u00f5una-, kirsi- v\u00f5i tammepuidust. Puulaastud sobivad ideaalselt l\u00fchemaajaliseks suitsutamiseks.<\/p>\n","protected":false},"featured_media":256270,"template":"","meta":{"inline_featured_image":false},"product_brand":[],"product_cat":[662,26],"product_tag":[],"class_list":{"0":"post-255474","1":"product","2":"type-product","3":"status-publish","4":"has-post-thumbnail","6":"product_cat-lisatarvikud-big-green-egg","7":"product_cat-puidulaastud-ja-tukid","9":"first","10":"instock","11":"taxable","12":"shipping-taxable","13":"purchasable","14":"product-type-simple"},"yoast_head":"<!-- This site is optimized with the Yoast SEO plugin v27.4 - https:\/\/yoast.com\/product\/yoast-seo-wordpress\/ -->\n<title>Big Green Egg Tammepuu suitsulaastud - BBQ Entertainment<\/title>\n<meta name=\"robots\" content=\"index, follow, max-snippet:-1, max-image-preview:large, max-video-preview:-1\" \/>\n<link rel=\"canonical\" href=\"https:\/\/bbqentertainment.com\/toode\/big-green-egg-tammepuu-suitsulaastud\/\" \/>\n<meta property=\"og:locale\" content=\"en_US\" \/>\n<meta property=\"og:type\" content=\"article\" \/>\n<meta property=\"og:title\" content=\"Big Green Egg Tammepuu suitsulaastud - BBQ Entertainment\" \/>\n<meta property=\"og:description\" content=\"Big Green Egg Tammepuu suitsulaastud Igal Big Green Eggi kasutaval kokal on oma stiil. Puulaastudega saad k\u00f5igile oma roogadele iseloomuliku suitsuse maitsen\u00fcansi lisada. Sega (leotatud) puulaastud s\u00fcte hulka v\u00f5i puista lihtsalt peot\u00e4is h\u00f5\u00f5guvatele s\u00fctele. V\u00f5id ka m\u00f5lemat teha \u2013 puhtalt maitse asi. Samamoodi v\u00f5id maitse j\u00e4rgi valida sobivat liiki laastud: hikkori-, pekani-, \u00f5una-, kirsi- v\u00f5i tammepuidust. Puulaastud sobivad ideaalselt l\u00fchemaajaliseks suitsutamiseks.\" \/>\n<meta property=\"og:url\" content=\"https:\/\/bbqentertainment.com\/toode\/big-green-egg-tammepuu-suitsulaastud\/\" \/>\n<meta property=\"og:site_name\" content=\"BBQ Entertainment\" \/>\n<meta property=\"article:publisher\" content=\"https:\/\/www.facebook.com\/BBQ-Entertainment-N-Catering-2437913376443540\" \/>\n<meta property=\"article:modified_time\" content=\"2026-03-12T15:14:51+00:00\" \/>\n<meta property=\"og:image\" content=\"https:\/\/bbqentertainment.com\/wp-content\/uploads\/2025\/11\/tammepuust-laastud.png\" \/>\n\t<meta property=\"og:image:width\" content=\"540\" \/>\n\t<meta property=\"og:image:height\" content=\"540\" \/>\n\t<meta property=\"og:image:type\" content=\"image\/png\" \/>\n<meta name=\"twitter:card\" content=\"summary_large_image\" \/>\n<meta name=\"twitter:label1\" content=\"Est. reading time\" \/>\n\t<meta name=\"twitter:data1\" content=\"1 minute\" \/>\n<script type=\"application\/ld+json\" class=\"yoast-schema-graph\">{\"@context\":\"https:\\\/\\\/schema.org\",\"@graph\":[{\"@type\":[\"WebPage\",\"ItemPage\"],\"@id\":\"https:\\\/\\\/bbqentertainment.com\\\/toode\\\/big-green-egg-tammepuu-suitsulaastud\\\/\",\"url\":\"https:\\\/\\\/bbqentertainment.com\\\/toode\\\/big-green-egg-tammepuu-suitsulaastud\\\/\",\"name\":\"Big Green Egg Tammepuu suitsulaastud - BBQ Entertainment\",\"isPartOf\":{\"@id\":\"https:\\\/\\\/bbqentertainment.com\\\/#website\"},\"primaryImageOfPage\":{\"@id\":\"https:\\\/\\\/bbqentertainment.com\\\/toode\\\/big-green-egg-tammepuu-suitsulaastud\\\/#primaryimage\"},\"image\":{\"@id\":\"https:\\\/\\\/bbqentertainment.com\\\/toode\\\/big-green-egg-tammepuu-suitsulaastud\\\/#primaryimage\"},\"thumbnailUrl\":\"https:\\\/\\\/bbqentertainment.com\\\/wp-content\\\/uploads\\\/2025\\\/11\\\/tammepuust-laastud.png\",\"datePublished\":\"2025-11-26T17:07:07+00:00\",\"dateModified\":\"2026-03-12T15:14:51+00:00\",\"breadcrumb\":{\"@id\":\"https:\\\/\\\/bbqentertainment.com\\\/toode\\\/big-green-egg-tammepuu-suitsulaastud\\\/#breadcrumb\"},\"inLanguage\":\"en-US\",\"potentialAction\":[{\"@type\":\"ReadAction\",\"target\":[\"https:\\\/\\\/bbqentertainment.com\\\/toode\\\/big-green-egg-tammepuu-suitsulaastud\\\/\"]}]},{\"@type\":\"ImageObject\",\"inLanguage\":\"en-US\",\"@id\":\"https:\\\/\\\/bbqentertainment.com\\\/toode\\\/big-green-egg-tammepuu-suitsulaastud\\\/#primaryimage\",\"url\":\"https:\\\/\\\/bbqentertainment.com\\\/wp-content\\\/uploads\\\/2025\\\/11\\\/tammepuust-laastud.png\",\"contentUrl\":\"https:\\\/\\\/bbqentertainment.com\\\/wp-content\\\/uploads\\\/2025\\\/11\\\/tammepuust-laastud.png\",\"width\":540,\"height\":540},{\"@type\":\"BreadcrumbList\",\"@id\":\"https:\\\/\\\/bbqentertainment.com\\\/toode\\\/big-green-egg-tammepuu-suitsulaastud\\\/#breadcrumb\",\"itemListElement\":[{\"@type\":\"ListItem\",\"position\":1,\"name\":\"AVALEHT\",\"item\":\"https:\\\/\\\/bbqentertainment.com\\\/en\\\/\"},{\"@type\":\"ListItem\",\"position\":2,\"name\":\"Tooted\",\"item\":\"https:\\\/\\\/bbqentertainment.com\\\/tooted\\\/\"},{\"@type\":\"ListItem\",\"position\":3,\"name\":\"K\u00fcte\",\"item\":\"https:\\\/\\\/bbqentertainment.com\\\/tootekategooria\\\/grillsusi\\\/\"},{\"@type\":\"ListItem\",\"position\":4,\"name\":\"Puidulaastud ja -t\u00fckid\",\"item\":\"https:\\\/\\\/bbqentertainment.com\\\/tootekategooria\\\/grillsusi\\\/puidulaastud-ja-tukid\\\/\"},{\"@type\":\"ListItem\",\"position\":5,\"name\":\"Big Green Egg Tammepuu suitsulaastud\"}]},{\"@type\":\"WebSite\",\"@id\":\"https:\\\/\\\/bbqentertainment.com\\\/#website\",\"url\":\"https:\\\/\\\/bbqentertainment.com\\\/\",\"name\":\"BBQ Entertainment\",\"description\":\"BBQ is a great lifestyle, not just fun!\",\"publisher\":{\"@id\":\"https:\\\/\\\/bbqentertainment.com\\\/#organization\"},\"potentialAction\":[{\"@type\":\"SearchAction\",\"target\":{\"@type\":\"EntryPoint\",\"urlTemplate\":\"https:\\\/\\\/bbqentertainment.com\\\/?s={search_term_string}\"},\"query-input\":{\"@type\":\"PropertyValueSpecification\",\"valueRequired\":true,\"valueName\":\"search_term_string\"}}],\"inLanguage\":\"en-US\"},{\"@type\":\"Organization\",\"@id\":\"https:\\\/\\\/bbqentertainment.com\\\/#organization\",\"name\":\"BBQ Entertainment O\u00dc\",\"url\":\"https:\\\/\\\/bbqentertainment.com\\\/\",\"logo\":{\"@type\":\"ImageObject\",\"inLanguage\":\"en-US\",\"@id\":\"https:\\\/\\\/bbqentertainment.com\\\/#\\\/schema\\\/logo\\\/image\\\/\",\"url\":\"https:\\\/\\\/bbqentertainment.com\\\/wp-content\\\/uploads\\\/2020\\\/04\\\/BBQ-Entertainment-N-Catering-Enn-Tobreluts-Logo.png\",\"contentUrl\":\"https:\\\/\\\/bbqentertainment.com\\\/wp-content\\\/uploads\\\/2020\\\/04\\\/BBQ-Entertainment-N-Catering-Enn-Tobreluts-Logo.png\",\"width\":628,\"height\":266,\"caption\":\"BBQ Entertainment O\u00dc\"},\"image\":{\"@id\":\"https:\\\/\\\/bbqentertainment.com\\\/#\\\/schema\\\/logo\\\/image\\\/\"},\"sameAs\":[\"https:\\\/\\\/www.facebook.com\\\/BBQ-Entertainment-N-Catering-2437913376443540\",\"https:\\\/\\\/www.instagram.com\\\/bbqentertainmentncatering\\\/\",\"https:\\\/\\\/www.youtube.com\\\/channel\\\/UCmpuANQVhLy2Md8nrenp2jA\"]}]}<\/script>\n<!-- \/ Yoast SEO plugin. -->","yoast_head_json":{"title":"Big Green Egg Tammepuu suitsulaastud - BBQ Entertainment","robots":{"index":"index","follow":"follow","max-snippet":"max-snippet:-1","max-image-preview":"max-image-preview:large","max-video-preview":"max-video-preview:-1"},"canonical":"https:\/\/bbqentertainment.com\/toode\/big-green-egg-tammepuu-suitsulaastud\/","og_locale":"en_US","og_type":"article","og_title":"Big Green Egg Tammepuu suitsulaastud - BBQ Entertainment","og_description":"Big Green Egg Tammepuu suitsulaastud Igal Big Green Eggi kasutaval kokal on oma stiil. Puulaastudega saad k\u00f5igile oma roogadele iseloomuliku suitsuse maitsen\u00fcansi lisada. Sega (leotatud) puulaastud s\u00fcte hulka v\u00f5i puista lihtsalt peot\u00e4is h\u00f5\u00f5guvatele s\u00fctele. V\u00f5id ka m\u00f5lemat teha \u2013 puhtalt maitse asi. Samamoodi v\u00f5id maitse j\u00e4rgi valida sobivat liiki laastud: hikkori-, pekani-, \u00f5una-, kirsi- v\u00f5i tammepuidust. Puulaastud sobivad ideaalselt l\u00fchemaajaliseks suitsutamiseks.","og_url":"https:\/\/bbqentertainment.com\/toode\/big-green-egg-tammepuu-suitsulaastud\/","og_site_name":"BBQ Entertainment","article_publisher":"https:\/\/www.facebook.com\/BBQ-Entertainment-N-Catering-2437913376443540","article_modified_time":"2026-03-12T15:14:51+00:00","og_image":[{"width":540,"height":540,"url":"https:\/\/bbqentertainment.com\/wp-content\/uploads\/2025\/11\/tammepuust-laastud.png","type":"image\/png"}],"twitter_card":"summary_large_image","twitter_misc":{"Est. reading time":"1 minute"},"schema":{"@context":"https:\/\/schema.org","@graph":[{"@type":["WebPage","ItemPage"],"@id":"https:\/\/bbqentertainment.com\/toode\/big-green-egg-tammepuu-suitsulaastud\/","url":"https:\/\/bbqentertainment.com\/toode\/big-green-egg-tammepuu-suitsulaastud\/","name":"Big Green Egg Tammepuu suitsulaastud - BBQ Entertainment","isPartOf":{"@id":"https:\/\/bbqentertainment.com\/#website"},"primaryImageOfPage":{"@id":"https:\/\/bbqentertainment.com\/toode\/big-green-egg-tammepuu-suitsulaastud\/#primaryimage"},"image":{"@id":"https:\/\/bbqentertainment.com\/toode\/big-green-egg-tammepuu-suitsulaastud\/#primaryimage"},"thumbnailUrl":"https:\/\/bbqentertainment.com\/wp-content\/uploads\/2025\/11\/tammepuust-laastud.png","datePublished":"2025-11-26T17:07:07+00:00","dateModified":"2026-03-12T15:14:51+00:00","breadcrumb":{"@id":"https:\/\/bbqentertainment.com\/toode\/big-green-egg-tammepuu-suitsulaastud\/#breadcrumb"},"inLanguage":"en-US","potentialAction":[{"@type":"ReadAction","target":["https:\/\/bbqentertainment.com\/toode\/big-green-egg-tammepuu-suitsulaastud\/"]}]},{"@type":"ImageObject","inLanguage":"en-US","@id":"https:\/\/bbqentertainment.com\/toode\/big-green-egg-tammepuu-suitsulaastud\/#primaryimage","url":"https:\/\/bbqentertainment.com\/wp-content\/uploads\/2025\/11\/tammepuust-laastud.png","contentUrl":"https:\/\/bbqentertainment.com\/wp-content\/uploads\/2025\/11\/tammepuust-laastud.png","width":540,"height":540},{"@type":"BreadcrumbList","@id":"https:\/\/bbqentertainment.com\/toode\/big-green-egg-tammepuu-suitsulaastud\/#breadcrumb","itemListElement":[{"@type":"ListItem","position":1,"name":"AVALEHT","item":"https:\/\/bbqentertainment.com\/en\/"},{"@type":"ListItem","position":2,"name":"Tooted","item":"https:\/\/bbqentertainment.com\/tooted\/"},{"@type":"ListItem","position":3,"name":"K\u00fcte","item":"https:\/\/bbqentertainment.com\/tootekategooria\/grillsusi\/"},{"@type":"ListItem","position":4,"name":"Puidulaastud ja -t\u00fckid","item":"https:\/\/bbqentertainment.com\/tootekategooria\/grillsusi\/puidulaastud-ja-tukid\/"},{"@type":"ListItem","position":5,"name":"Big Green Egg Tammepuu suitsulaastud"}]},{"@type":"WebSite","@id":"https:\/\/bbqentertainment.com\/#website","url":"https:\/\/bbqentertainment.com\/","name":"BBQ Entertainment","description":"BBQ is a great lifestyle, not just fun!","publisher":{"@id":"https:\/\/bbqentertainment.com\/#organization"},"potentialAction":[{"@type":"SearchAction","target":{"@type":"EntryPoint","urlTemplate":"https:\/\/bbqentertainment.com\/?s={search_term_string}"},"query-input":{"@type":"PropertyValueSpecification","valueRequired":true,"valueName":"search_term_string"}}],"inLanguage":"en-US"},{"@type":"Organization","@id":"https:\/\/bbqentertainment.com\/#organization","name":"BBQ Entertainment O\u00dc","url":"https:\/\/bbqentertainment.com\/","logo":{"@type":"ImageObject","inLanguage":"en-US","@id":"https:\/\/bbqentertainment.com\/#\/schema\/logo\/image\/","url":"https:\/\/bbqentertainment.com\/wp-content\/uploads\/2020\/04\/BBQ-Entertainment-N-Catering-Enn-Tobreluts-Logo.png","contentUrl":"https:\/\/bbqentertainment.com\/wp-content\/uploads\/2020\/04\/BBQ-Entertainment-N-Catering-Enn-Tobreluts-Logo.png","width":628,"height":266,"caption":"BBQ Entertainment O\u00dc"},"image":{"@id":"https:\/\/bbqentertainment.com\/#\/schema\/logo\/image\/"},"sameAs":["https:\/\/www.facebook.com\/BBQ-Entertainment-N-Catering-2437913376443540","https:\/\/www.instagram.com\/bbqentertainmentncatering\/","https:\/\/www.youtube.com\/channel\/UCmpuANQVhLy2Md8nrenp2jA"]}]}},"_links":{"self":[{"href":"https:\/\/bbqentertainment.com\/en\/wp-json\/wp\/v2\/product\/255474","targetHints":{"allow":["GET"]}}],"collection":[{"href":"https:\/\/bbqentertainment.com\/en\/wp-json\/wp\/v2\/product"}],"about":[{"href":"https:\/\/bbqentertainment.com\/en\/wp-json\/wp\/v2\/types\/product"}],"wp:featuredmedia":[{"embeddable":true,"href":"https:\/\/bbqentertainment.com\/en\/wp-json\/wp\/v2\/media\/256270"}],"wp:attachment":[{"href":"https:\/\/bbqentertainment.com\/en\/wp-json\/wp\/v2\/media?parent=255474"}],"wp:term":[{"taxonomy":"product_brand","embeddable":true,"href":"https:\/\/bbqentertainment.com\/en\/wp-json\/wp\/v2\/product_brand?post=255474"},{"taxonomy":"product_cat","embeddable":true,"href":"https:\/\/bbqentertainment.com\/en\/wp-json\/wp\/v2\/product_cat?post=255474"},{"taxonomy":"product_tag","embeddable":true,"href":"https:\/\/bbqentertainment.com\/en\/wp-json\/wp\/v2\/product_tag?post=255474"}],"curies":[{"name":"wp","href":"https:\/\/api.w.org\/{rel}","templated":true}]}}