{"id":256285,"date":"2025-11-27T15:43:49","date_gmt":"2025-11-27T13:43:49","guid":{"rendered":"https:\/\/bbqentertainment.com\/?post_type=product&#038;p=256285"},"modified":"2026-03-08T02:30:36","modified_gmt":"2026-03-08T00:30:36","slug":"kamado-joe-kinkepakk-thermapen-one-kuumakindad","status":"publish","type":"product","link":"https:\/\/bbqentertainment.com\/en\/toode\/kamado-joe-kinkepakk-thermapen-one-kuumakindad\/","title":{"rendered":"Kamado Joe kinkepakk (Thermapen ONE + kuumakindad)"},"content":{"rendered":"","protected":false},"excerpt":{"rendered":"<h3><strong>Kamado Joe kinkepakk (Thermapen ONE + kuumakindad)<\/strong><\/h3>\n<p data-start=\"0\" data-end=\"317\">Kamado Joe kinkekomplekt on praktiline kingitus grillihuvilisele. Tooted on pakendatud esinduslikku karpi, mis sobib h\u00e4sti j\u00f5ulukingiks, s\u00fcnnip\u00e4evaks v\u00f5i endale v\u00e4ikese r\u00f5\u00f5mu tegemiseks.<\/p>\n<p data-start=\"319\" data-end=\"641\">Grillkindad on valmistatud kvaliteetsest nahast ja kaitsevad k\u00e4si k\u00f5rge kuumuse eest, sobides s\u00fcte lisamiseks, restide t\u00f5stmiseks ja kaane avamiseks. Thermapen One \u2013 Kamado Joe Edition on \u00f5hukeotsaline digitaalne lihatermomeeter, mis annab n\u00e4idu peaaegu hetkega ja aitab liha k\u00fcpsusastet t\u00e4pselt j\u00e4lgida.<\/p>\n<p data-start=\"772\" data-end=\"793\"><strong data-start=\"772\" data-end=\"793\">Komplekt sisaldab<\/strong><\/p>\n<ul data-start=\"795\" data-end=\"1004\" data-is-last-node=\"\" data-is-only-node=\"\">\n<li data-start=\"795\" data-end=\"862\">\n<p data-start=\"797\" data-end=\"862\">Kamado Joe nahast BBQ-kindad kuumakindlast kvaliteetsest nahast<\/p>\n<\/li>\n<li data-start=\"863\" data-end=\"951\">\n<p data-start=\"865\" data-end=\"951\">Thermapen One \u2013 Kamado Joe Edition digitaalne lihatermomeeter kiire reageerimisajaga<\/p>\n<\/li>\n<\/ul>\n","protected":false},"featured_media":256286,"template":"","meta":{"inline_featured_image":false},"product_brand":[],"product_cat":[147,92,479,24,301,32,283,374],"product_tag":[],"class_list":{"0":"post-256285","1":"product","2":"type-product","3":"status-publish","4":"has-post-thumbnail","6":"product_cat-kamado-joe-2","7":"product_cat-lisatarvikud","8":"product_cat-grillitarvikud","9":"product_cat-termomeetrid","10":"product_cat-kinkekarp","11":"product_cat-kinkekarbid","12":"product_cat-branditooted","13":"product_cat-kokapolled-ja-kindad","15":"first","16":"instock","17":"taxable","18":"shipping-taxable","19":"purchasable","20":"product-type-simple"},"yoast_head":"<!-- This site is optimized with the Yoast SEO plugin v27.4 - https:\/\/yoast.com\/product\/yoast-seo-wordpress\/ -->\n<title>Kamado Joe kinkepakk (Thermapen ONE + kuumakindad) - BBQ Entertainment<\/title>\n<meta name=\"robots\" content=\"index, follow, max-snippet:-1, max-image-preview:large, max-video-preview:-1\" \/>\n<link rel=\"canonical\" href=\"https:\/\/bbqentertainment.com\/toode\/kamado-joe-kinkepakk-thermapen-one-kuumakindad\/\" \/>\n<meta property=\"og:locale\" content=\"en_US\" \/>\n<meta property=\"og:type\" content=\"article\" \/>\n<meta property=\"og:title\" content=\"Kamado Joe kinkepakk (Thermapen ONE + kuumakindad) - BBQ Entertainment\" \/>\n<meta property=\"og:description\" content=\"Kamado Joe kinkepakk (Thermapen ONE + kuumakindad) Kamado Joe kinkekomplekt on praktiline kingitus grillihuvilisele. Tooted on pakendatud esinduslikku karpi, mis sobib h\u00e4sti j\u00f5ulukingiks, s\u00fcnnip\u00e4evaks v\u00f5i endale v\u00e4ikese r\u00f5\u00f5mu tegemiseks. Grillkindad on valmistatud kvaliteetsest nahast ja kaitsevad k\u00e4si k\u00f5rge kuumuse eest, sobides s\u00fcte lisamiseks, restide t\u00f5stmiseks ja kaane avamiseks. Thermapen One \u2013 Kamado Joe Edition on \u00f5hukeotsaline digitaalne lihatermomeeter, mis annab n\u00e4idu peaaegu hetkega ja aitab liha k\u00fcpsusastet t\u00e4pselt j\u00e4lgida. Komplekt sisaldab     Kamado Joe nahast BBQ-kindad kuumakindlast kvaliteetsest nahast    Thermapen One \u2013 Kamado Joe Edition digitaalne lihatermomeeter kiire reageerimisajaga\" \/>\n<meta property=\"og:url\" content=\"https:\/\/bbqentertainment.com\/toode\/kamado-joe-kinkepakk-thermapen-one-kuumakindad\/\" \/>\n<meta property=\"og:site_name\" content=\"BBQ Entertainment\" \/>\n<meta property=\"article:publisher\" content=\"https:\/\/www.facebook.com\/BBQ-Entertainment-N-Catering-2437913376443540\" \/>\n<meta property=\"article:modified_time\" content=\"2026-03-08T00:30:36+00:00\" \/>\n<meta property=\"og:image\" content=\"https:\/\/bbqentertainment.com\/wp-content\/uploads\/2025\/11\/KJ15307725-Kamado-Joe-Gift-Pack-for-Xmas-2025.jpg\" \/>\n\t<meta property=\"og:image:width\" content=\"1200\" \/>\n\t<meta property=\"og:image:height\" content=\"1200\" \/>\n\t<meta property=\"og:image:type\" content=\"image\/jpeg\" \/>\n<meta name=\"twitter:card\" content=\"summary_large_image\" \/>\n<meta name=\"twitter:label1\" content=\"Est. reading time\" \/>\n\t<meta name=\"twitter:data1\" content=\"1 minute\" \/>\n<script type=\"application\/ld+json\" class=\"yoast-schema-graph\">{\"@context\":\"https:\\\/\\\/schema.org\",\"@graph\":[{\"@type\":[\"WebPage\",\"ItemPage\"],\"@id\":\"https:\\\/\\\/bbqentertainment.com\\\/toode\\\/kamado-joe-kinkepakk-thermapen-one-kuumakindad\\\/\",\"url\":\"https:\\\/\\\/bbqentertainment.com\\\/toode\\\/kamado-joe-kinkepakk-thermapen-one-kuumakindad\\\/\",\"name\":\"Kamado Joe kinkepakk (Thermapen ONE + kuumakindad) - BBQ Entertainment\",\"isPartOf\":{\"@id\":\"https:\\\/\\\/bbqentertainment.com\\\/#website\"},\"primaryImageOfPage\":{\"@id\":\"https:\\\/\\\/bbqentertainment.com\\\/toode\\\/kamado-joe-kinkepakk-thermapen-one-kuumakindad\\\/#primaryimage\"},\"image\":{\"@id\":\"https:\\\/\\\/bbqentertainment.com\\\/toode\\\/kamado-joe-kinkepakk-thermapen-one-kuumakindad\\\/#primaryimage\"},\"thumbnailUrl\":\"https:\\\/\\\/bbqentertainment.com\\\/wp-content\\\/uploads\\\/2025\\\/11\\\/KJ15307725-Kamado-Joe-Gift-Pack-for-Xmas-2025.jpg\",\"datePublished\":\"2025-11-27T13:43:49+00:00\",\"dateModified\":\"2026-03-08T00:30:36+00:00\",\"breadcrumb\":{\"@id\":\"https:\\\/\\\/bbqentertainment.com\\\/toode\\\/kamado-joe-kinkepakk-thermapen-one-kuumakindad\\\/#breadcrumb\"},\"inLanguage\":\"en-US\",\"potentialAction\":[{\"@type\":\"ReadAction\",\"target\":[\"https:\\\/\\\/bbqentertainment.com\\\/toode\\\/kamado-joe-kinkepakk-thermapen-one-kuumakindad\\\/\"]}]},{\"@type\":\"ImageObject\",\"inLanguage\":\"en-US\",\"@id\":\"https:\\\/\\\/bbqentertainment.com\\\/toode\\\/kamado-joe-kinkepakk-thermapen-one-kuumakindad\\\/#primaryimage\",\"url\":\"https:\\\/\\\/bbqentertainment.com\\\/wp-content\\\/uploads\\\/2025\\\/11\\\/KJ15307725-Kamado-Joe-Gift-Pack-for-Xmas-2025.jpg\",\"contentUrl\":\"https:\\\/\\\/bbqentertainment.com\\\/wp-content\\\/uploads\\\/2025\\\/11\\\/KJ15307725-Kamado-Joe-Gift-Pack-for-Xmas-2025.jpg\",\"width\":1200,\"height\":1200},{\"@type\":\"BreadcrumbList\",\"@id\":\"https:\\\/\\\/bbqentertainment.com\\\/toode\\\/kamado-joe-kinkepakk-thermapen-one-kuumakindad\\\/#breadcrumb\",\"itemListElement\":[{\"@type\":\"ListItem\",\"position\":1,\"name\":\"AVALEHT\",\"item\":\"https:\\\/\\\/bbqentertainment.com\\\/en\\\/\"},{\"@type\":\"ListItem\",\"position\":2,\"name\":\"Tooted\",\"item\":\"https:\\\/\\\/bbqentertainment.com\\\/tooted\\\/\"},{\"@type\":\"ListItem\",\"position\":3,\"name\":\"Lisatarvikud\",\"item\":\"https:\\\/\\\/bbqentertainment.com\\\/tootekategooria\\\/lisatarvikud\\\/\"},{\"@type\":\"ListItem\",\"position\":4,\"name\":\"Termomeetrid\",\"item\":\"https:\\\/\\\/bbqentertainment.com\\\/tootekategooria\\\/lisatarvikud\\\/termomeetrid\\\/\"},{\"@type\":\"ListItem\",\"position\":5,\"name\":\"Kamado Joe kinkepakk (Thermapen ONE + kuumakindad)\"}]},{\"@type\":\"WebSite\",\"@id\":\"https:\\\/\\\/bbqentertainment.com\\\/#website\",\"url\":\"https:\\\/\\\/bbqentertainment.com\\\/\",\"name\":\"BBQ Entertainment\",\"description\":\"BBQ is a great lifestyle, not just fun!\",\"publisher\":{\"@id\":\"https:\\\/\\\/bbqentertainment.com\\\/#organization\"},\"potentialAction\":[{\"@type\":\"SearchAction\",\"target\":{\"@type\":\"EntryPoint\",\"urlTemplate\":\"https:\\\/\\\/bbqentertainment.com\\\/?s={search_term_string}\"},\"query-input\":{\"@type\":\"PropertyValueSpecification\",\"valueRequired\":true,\"valueName\":\"search_term_string\"}}],\"inLanguage\":\"en-US\"},{\"@type\":\"Organization\",\"@id\":\"https:\\\/\\\/bbqentertainment.com\\\/#organization\",\"name\":\"BBQ Entertainment O\u00dc\",\"url\":\"https:\\\/\\\/bbqentertainment.com\\\/\",\"logo\":{\"@type\":\"ImageObject\",\"inLanguage\":\"en-US\",\"@id\":\"https:\\\/\\\/bbqentertainment.com\\\/#\\\/schema\\\/logo\\\/image\\\/\",\"url\":\"https:\\\/\\\/bbqentertainment.com\\\/wp-content\\\/uploads\\\/2020\\\/04\\\/BBQ-Entertainment-N-Catering-Enn-Tobreluts-Logo.png\",\"contentUrl\":\"https:\\\/\\\/bbqentertainment.com\\\/wp-content\\\/uploads\\\/2020\\\/04\\\/BBQ-Entertainment-N-Catering-Enn-Tobreluts-Logo.png\",\"width\":628,\"height\":266,\"caption\":\"BBQ Entertainment O\u00dc\"},\"image\":{\"@id\":\"https:\\\/\\\/bbqentertainment.com\\\/#\\\/schema\\\/logo\\\/image\\\/\"},\"sameAs\":[\"https:\\\/\\\/www.facebook.com\\\/BBQ-Entertainment-N-Catering-2437913376443540\",\"https:\\\/\\\/www.instagram.com\\\/bbqentertainmentncatering\\\/\",\"https:\\\/\\\/www.youtube.com\\\/channel\\\/UCmpuANQVhLy2Md8nrenp2jA\"]}]}<\/script>\n<!-- \/ Yoast SEO plugin. -->","yoast_head_json":{"title":"Kamado Joe kinkepakk (Thermapen ONE + kuumakindad) - BBQ Entertainment","robots":{"index":"index","follow":"follow","max-snippet":"max-snippet:-1","max-image-preview":"max-image-preview:large","max-video-preview":"max-video-preview:-1"},"canonical":"https:\/\/bbqentertainment.com\/toode\/kamado-joe-kinkepakk-thermapen-one-kuumakindad\/","og_locale":"en_US","og_type":"article","og_title":"Kamado Joe kinkepakk (Thermapen ONE + kuumakindad) - BBQ Entertainment","og_description":"Kamado Joe kinkepakk (Thermapen ONE + kuumakindad) Kamado Joe kinkekomplekt on praktiline kingitus grillihuvilisele. Tooted on pakendatud esinduslikku karpi, mis sobib h\u00e4sti j\u00f5ulukingiks, s\u00fcnnip\u00e4evaks v\u00f5i endale v\u00e4ikese r\u00f5\u00f5mu tegemiseks. Grillkindad on valmistatud kvaliteetsest nahast ja kaitsevad k\u00e4si k\u00f5rge kuumuse eest, sobides s\u00fcte lisamiseks, restide t\u00f5stmiseks ja kaane avamiseks. Thermapen One \u2013 Kamado Joe Edition on \u00f5hukeotsaline digitaalne lihatermomeeter, mis annab n\u00e4idu peaaegu hetkega ja aitab liha k\u00fcpsusastet t\u00e4pselt j\u00e4lgida. Komplekt sisaldab     Kamado Joe nahast BBQ-kindad kuumakindlast kvaliteetsest nahast    Thermapen One \u2013 Kamado Joe Edition digitaalne lihatermomeeter kiire reageerimisajaga","og_url":"https:\/\/bbqentertainment.com\/toode\/kamado-joe-kinkepakk-thermapen-one-kuumakindad\/","og_site_name":"BBQ Entertainment","article_publisher":"https:\/\/www.facebook.com\/BBQ-Entertainment-N-Catering-2437913376443540","article_modified_time":"2026-03-08T00:30:36+00:00","og_image":[{"width":1200,"height":1200,"url":"https:\/\/bbqentertainment.com\/wp-content\/uploads\/2025\/11\/KJ15307725-Kamado-Joe-Gift-Pack-for-Xmas-2025.jpg","type":"image\/jpeg"}],"twitter_card":"summary_large_image","twitter_misc":{"Est. reading time":"1 minute"},"schema":{"@context":"https:\/\/schema.org","@graph":[{"@type":["WebPage","ItemPage"],"@id":"https:\/\/bbqentertainment.com\/toode\/kamado-joe-kinkepakk-thermapen-one-kuumakindad\/","url":"https:\/\/bbqentertainment.com\/toode\/kamado-joe-kinkepakk-thermapen-one-kuumakindad\/","name":"Kamado Joe kinkepakk (Thermapen ONE + kuumakindad) - BBQ Entertainment","isPartOf":{"@id":"https:\/\/bbqentertainment.com\/#website"},"primaryImageOfPage":{"@id":"https:\/\/bbqentertainment.com\/toode\/kamado-joe-kinkepakk-thermapen-one-kuumakindad\/#primaryimage"},"image":{"@id":"https:\/\/bbqentertainment.com\/toode\/kamado-joe-kinkepakk-thermapen-one-kuumakindad\/#primaryimage"},"thumbnailUrl":"https:\/\/bbqentertainment.com\/wp-content\/uploads\/2025\/11\/KJ15307725-Kamado-Joe-Gift-Pack-for-Xmas-2025.jpg","datePublished":"2025-11-27T13:43:49+00:00","dateModified":"2026-03-08T00:30:36+00:00","breadcrumb":{"@id":"https:\/\/bbqentertainment.com\/toode\/kamado-joe-kinkepakk-thermapen-one-kuumakindad\/#breadcrumb"},"inLanguage":"en-US","potentialAction":[{"@type":"ReadAction","target":["https:\/\/bbqentertainment.com\/toode\/kamado-joe-kinkepakk-thermapen-one-kuumakindad\/"]}]},{"@type":"ImageObject","inLanguage":"en-US","@id":"https:\/\/bbqentertainment.com\/toode\/kamado-joe-kinkepakk-thermapen-one-kuumakindad\/#primaryimage","url":"https:\/\/bbqentertainment.com\/wp-content\/uploads\/2025\/11\/KJ15307725-Kamado-Joe-Gift-Pack-for-Xmas-2025.jpg","contentUrl":"https:\/\/bbqentertainment.com\/wp-content\/uploads\/2025\/11\/KJ15307725-Kamado-Joe-Gift-Pack-for-Xmas-2025.jpg","width":1200,"height":1200},{"@type":"BreadcrumbList","@id":"https:\/\/bbqentertainment.com\/toode\/kamado-joe-kinkepakk-thermapen-one-kuumakindad\/#breadcrumb","itemListElement":[{"@type":"ListItem","position":1,"name":"AVALEHT","item":"https:\/\/bbqentertainment.com\/en\/"},{"@type":"ListItem","position":2,"name":"Tooted","item":"https:\/\/bbqentertainment.com\/tooted\/"},{"@type":"ListItem","position":3,"name":"Lisatarvikud","item":"https:\/\/bbqentertainment.com\/tootekategooria\/lisatarvikud\/"},{"@type":"ListItem","position":4,"name":"Termomeetrid","item":"https:\/\/bbqentertainment.com\/tootekategooria\/lisatarvikud\/termomeetrid\/"},{"@type":"ListItem","position":5,"name":"Kamado Joe kinkepakk (Thermapen ONE + kuumakindad)"}]},{"@type":"WebSite","@id":"https:\/\/bbqentertainment.com\/#website","url":"https:\/\/bbqentertainment.com\/","name":"BBQ Entertainment","description":"BBQ is a great lifestyle, not just fun!","publisher":{"@id":"https:\/\/bbqentertainment.com\/#organization"},"potentialAction":[{"@type":"SearchAction","target":{"@type":"EntryPoint","urlTemplate":"https:\/\/bbqentertainment.com\/?s={search_term_string}"},"query-input":{"@type":"PropertyValueSpecification","valueRequired":true,"valueName":"search_term_string"}}],"inLanguage":"en-US"},{"@type":"Organization","@id":"https:\/\/bbqentertainment.com\/#organization","name":"BBQ Entertainment O\u00dc","url":"https:\/\/bbqentertainment.com\/","logo":{"@type":"ImageObject","inLanguage":"en-US","@id":"https:\/\/bbqentertainment.com\/#\/schema\/logo\/image\/","url":"https:\/\/bbqentertainment.com\/wp-content\/uploads\/2020\/04\/BBQ-Entertainment-N-Catering-Enn-Tobreluts-Logo.png","contentUrl":"https:\/\/bbqentertainment.com\/wp-content\/uploads\/2020\/04\/BBQ-Entertainment-N-Catering-Enn-Tobreluts-Logo.png","width":628,"height":266,"caption":"BBQ Entertainment O\u00dc"},"image":{"@id":"https:\/\/bbqentertainment.com\/#\/schema\/logo\/image\/"},"sameAs":["https:\/\/www.facebook.com\/BBQ-Entertainment-N-Catering-2437913376443540","https:\/\/www.instagram.com\/bbqentertainmentncatering\/","https:\/\/www.youtube.com\/channel\/UCmpuANQVhLy2Md8nrenp2jA"]}]}},"_links":{"self":[{"href":"https:\/\/bbqentertainment.com\/en\/wp-json\/wp\/v2\/product\/256285","targetHints":{"allow":["GET"]}}],"collection":[{"href":"https:\/\/bbqentertainment.com\/en\/wp-json\/wp\/v2\/product"}],"about":[{"href":"https:\/\/bbqentertainment.com\/en\/wp-json\/wp\/v2\/types\/product"}],"wp:featuredmedia":[{"embeddable":true,"href":"https:\/\/bbqentertainment.com\/en\/wp-json\/wp\/v2\/media\/256286"}],"wp:attachment":[{"href":"https:\/\/bbqentertainment.com\/en\/wp-json\/wp\/v2\/media?parent=256285"}],"wp:term":[{"taxonomy":"product_brand","embeddable":true,"href":"https:\/\/bbqentertainment.com\/en\/wp-json\/wp\/v2\/product_brand?post=256285"},{"taxonomy":"product_cat","embeddable":true,"href":"https:\/\/bbqentertainment.com\/en\/wp-json\/wp\/v2\/product_cat?post=256285"},{"taxonomy":"product_tag","embeddable":true,"href":"https:\/\/bbqentertainment.com\/en\/wp-json\/wp\/v2\/product_tag?post=256285"}],"curies":[{"name":"wp","href":"https:\/\/api.w.org\/{rel}","templated":true}]}}