{"id":256359,"date":"2025-12-04T15:47:26","date_gmt":"2025-12-04T13:47:26","guid":{"rendered":"https:\/\/bbqentertainment.com\/?post_type=product&#038;p=256359"},"modified":"2025-12-19T13:18:48","modified_gmt":"2025-12-19T11:18:48","slug":"silent-pool-10th-anniversary-celebration-edition-gin-1000-ml-43","status":"publish","type":"product","link":"https:\/\/bbqentertainment.com\/en\/toode\/silent-pool-10th-anniversary-celebration-edition-gin-1000-ml-43\/","title":{"rendered":"Silent Pool 10th Anniversary Celebration Edition Gin 1000 ml 43%"},"content":{"rendered":"<h3 data-start=\"130\" data-end=\"200\"><strong data-start=\"130\" data-end=\"200\">Silent Pool Distillery \u2013 k\u00e4sit\u00f6\u00f6d\u017einn Inglismaalt, looduse keskelt<\/strong><\/h3>\n<p data-start=\"296\" data-end=\"531\">Silent Pool Distillery asub Inglismaal, Surrey Hillsi looduskaitsealal \u2013 vahetult vaikse ja selge veekoguga Silent Pooli \u00e4\u00e4res. Just see looduskaunis paik on inspiratsiooniks nii d\u017einni retseptidele kui ka ainulaadsele pudelidisainile.<\/p>\n<p data-start=\"533\" data-end=\"943\">Distillery toodab k\u00e4sit\u00f6\u00f6na valmivaid d\u017einne kompromissitu kvaliteediga. Silent Pool Signature Gin on tuntud oma mitmekihilise maitseprofiili poolest, mille aluseks on \u00fcle 20 loodusliku koostisosa, sh Bosnia kadakamarjad, lagritsajuur, bergamot, orris, kubeebapipar ja roosi kroonlehed. Maitset t\u00e4iendavad kohaliku p\u00e4ritoluga mesi ja looduslikud ekstraktid, mis lisatakse spetsiaalse infusiooniprotsessi kaudu.<\/p>\n<p data-start=\"945\" data-end=\"1257\">Silent Pool d\u017einne toodetakse neljaastmelise destilleerimisprotsessiga, mis tagab maitse puhtuse ja korduvuse. Tootmine toimub t\u00e4ielikult kohapeal: alates botaanika kaalumisest kuni villimise ja etiketini. Eridisainiga pudelid ja korgid on klaasist ning tinaga kaetud \u2013 visuaalselt eristuvad ja \u00fcmbert\u00f6\u00f6deldavad.<\/p>\n<p data-start=\"1259\" data-end=\"1506\">Valikus on lisaks Signature d\u017einnile ka <strong data-start=\"1299\" data-end=\"1314\">Rare Citrus<\/strong> ja <strong data-start=\"1318\" data-end=\"1337\">Rose Expression<\/strong> variandid ning valik <strong data-start=\"1359\" data-end=\"1384\">br\u00e4nditud aksessuaare<\/strong>: klaasid, kinkekarbid, baaritarvikud ja sojak\u00fc\u00fcnlad, mille \u00fcmbrised on valmistatud taaskasutatud Silent Pooli pudelitest.<\/p>\n<p data-start=\"1508\" data-end=\"1695\">Silent Pool on rahvusvaheliselt tunnustatud ja auhinnatud kaubam\u00e4rk, mille tooted on saadaval Inglismaal ja mitmel pool maailmas \u2013 lennujaamades, baarides ja spetsialiseeritud kauplustes.<\/p>\n<p data-start=\"1697\" data-end=\"1902\">Silent Pool Distillery tegutseb keskkonnateadlikult, toetades kohalikke tootjaid ja loodushoiuprojekte. Mesilastelt p\u00e4rit mesi, taaskasutatud materjalid ja kohalik t\u00f6\u00f6j\u00f5ud on osa nende teadlikust valikust.<\/p>\n<p data-start=\"1697\" data-end=\"1902\"><strong>BBQ Entertainment O\u00dc on Silent Pool Distillery eksklusiivne maaletooja alates 2020. aastast.<\/strong><\/p>\n<p data-start=\"1904\" data-end=\"2037\" data-is-last-node=\"\" data-is-only-node=\"\">\n","protected":false},"excerpt":{"rendered":"<h3><b>Silent Pool 10th Anniversary Celebration Edition Gin 1000 ml 43%<\/b><\/h3>\n<p data-start=\"359\" data-end=\"676\">See juubeliv\u00e4ljanne \u00fchendab klassikalise destilleerimise ja kaasaegse l\u00e4henemise, et luua mitmekihilise aroomi ja maitsega premium-d\u017einn. Retsept on loodud esile t\u00f5stma pirninoodi, mis on viide destilleerikoja varasematele pirnibr\u00e4ndi p\u00e4evadele. Pirn annab d\u017einnile eristuva s\u00fcgavuse ja loob seose maja algusaegadega.<\/p>\n<p data-start=\"678\" data-end=\"695\"><strong data-start=\"678\" data-end=\"695\">Maitseprofiil<\/strong><\/p>\n<ul data-start=\"697\" data-end=\"1036\">\n<li data-start=\"697\" data-end=\"794\">\n<p data-start=\"699\" data-end=\"794\">Aroom: Intensiivne ja mitmekihiline, kus on tunda kummelit, leedri\u00f5it ja k\u00fcpse pirni n\u00fcanssi.<\/p>\n<\/li>\n<li data-start=\"795\" data-end=\"912\">\n<p data-start=\"797\" data-end=\"912\">Maitse: Pirn sulandub soojade v\u00fcrtside, eelk\u00f5ige ingveri ja \u00f5rna vanilje, ning v\u00e4rskete laimi ja m\u00fcndi toonidega.<\/p>\n<\/li>\n<li data-start=\"913\" data-end=\"1036\">\n<p data-start=\"915\" data-end=\"1036\">J\u00e4relmaitse: Pikk ja v\u00e4rskendav, kanarbikumesi lisab siidise tekstuuri ja \u00fcmara magususe, mis t\u00f5stab maitseelamuse esile.<\/p>\n<\/li>\n<\/ul>\n<p data-start=\"1038\" data-end=\"1054\"><strong data-start=\"1038\" data-end=\"1054\">Serveerimine<\/strong><\/p>\n<ul data-start=\"1129\" data-end=\"1344\">\n<li data-start=\"1129\" data-end=\"1231\">\n<p data-start=\"1131\" data-end=\"1231\">Soovitame serveerida koos leedri\u00f5ie toonikuga, et r\u00f5hutada d\u017einni lillelisi ja puuviljaseid noote.<\/p>\n<\/li>\n<li data-start=\"1232\" data-end=\"1344\">\n<p data-start=\"1234\" data-end=\"1344\">Sobib h\u00e4sti Martini ja French 75 t\u00fc\u00fcpi kokteilidesse, kus selle mitmekihiline maitse saab selgelt esile tulla.<\/p>\n<\/li>\n<\/ul>\n","protected":false},"featured_media":256360,"template":"","meta":{"inline_featured_image":false},"product_brand":[],"product_cat":[234,285],"product_tag":[],"class_list":{"0":"post-256359","1":"product","2":"type-product","3":"status-publish","4":"has-post-thumbnail","6":"product_cat-dzinnid","7":"product_cat-silent-pool","9":"first","10":"instock","11":"taxable","12":"shipping-taxable","13":"purchasable","14":"product-type-simple"},"yoast_head":"<!-- This site is optimized with the Yoast SEO plugin v27.4 - https:\/\/yoast.com\/product\/yoast-seo-wordpress\/ -->\n<title>Silent Pool 10th Anniversary Celebration Edition Gin 1000 ml 43% - BBQ Entertainment<\/title>\n<meta name=\"robots\" content=\"index, follow, max-snippet:-1, max-image-preview:large, max-video-preview:-1\" \/>\n<link rel=\"canonical\" href=\"https:\/\/bbqentertainment.com\/toode\/silent-pool-10th-anniversary-celebration-edition-gin-1000-ml-43\/\" \/>\n<meta property=\"og:locale\" content=\"en_US\" \/>\n<meta property=\"og:type\" content=\"article\" \/>\n<meta property=\"og:title\" content=\"Silent Pool 10th Anniversary Celebration Edition Gin 1000 ml 43% - BBQ Entertainment\" \/>\n<meta property=\"og:description\" content=\"Silent Pool 10th Anniversary Celebration Edition Gin 1000 ml 43% See juubeliv\u00e4ljanne \u00fchendab klassikalise destilleerimise ja kaasaegse l\u00e4henemise, et luua mitmekihilise aroomi ja maitsega premium-d\u017einn. Retsept on loodud esile t\u00f5stma pirninoodi, mis on viide destilleerikoja varasematele pirnibr\u00e4ndi p\u00e4evadele. Pirn annab d\u017einnile eristuva s\u00fcgavuse ja loob seose maja algusaegadega. Maitseprofiil     Aroom: Intensiivne ja mitmekihiline, kus on tunda kummelit, leedri\u00f5it ja k\u00fcpse pirni n\u00fcanssi.    Maitse: Pirn sulandub soojade v\u00fcrtside, eelk\u00f5ige ingveri ja \u00f5rna vanilje, ning v\u00e4rskete laimi ja m\u00fcndi toonidega.    J\u00e4relmaitse: Pikk ja v\u00e4rskendav, kanarbikumesi lisab siidise tekstuuri ja \u00fcmara magususe, mis t\u00f5stab maitseelamuse esile.   Serveerimine     Soovitame serveerida koos leedri\u00f5ie toonikuga, et r\u00f5hutada d\u017einni lillelisi ja puuviljaseid noote.    Sobib h\u00e4sti Martini ja French 75 t\u00fc\u00fcpi kokteilidesse, kus selle mitmekihiline maitse saab selgelt esile tulla.\" \/>\n<meta property=\"og:url\" content=\"https:\/\/bbqentertainment.com\/toode\/silent-pool-10th-anniversary-celebration-edition-gin-1000-ml-43\/\" \/>\n<meta property=\"og:site_name\" content=\"BBQ Entertainment\" \/>\n<meta property=\"article:publisher\" content=\"https:\/\/www.facebook.com\/BBQ-Entertainment-N-Catering-2437913376443540\" \/>\n<meta property=\"article:modified_time\" content=\"2025-12-19T11:18:48+00:00\" \/>\n<meta property=\"og:image\" content=\"https:\/\/bbqentertainment.com\/wp-content\/uploads\/2025\/12\/Silent-Pool-10th-Anniversary-Celebration-Edition-Gin-100cl-43-1.jpg\" \/>\n\t<meta property=\"og:image:width\" content=\"1200\" \/>\n\t<meta property=\"og:image:height\" content=\"1200\" \/>\n\t<meta property=\"og:image:type\" content=\"image\/jpeg\" \/>\n<meta name=\"twitter:card\" content=\"summary_large_image\" \/>\n<meta name=\"twitter:label1\" content=\"Est. reading time\" \/>\n\t<meta name=\"twitter:data1\" content=\"2 minutes\" \/>\n<script type=\"application\/ld+json\" class=\"yoast-schema-graph\">{\"@context\":\"https:\\\/\\\/schema.org\",\"@graph\":[{\"@type\":[\"WebPage\",\"ItemPage\"],\"@id\":\"https:\\\/\\\/bbqentertainment.com\\\/toode\\\/silent-pool-10th-anniversary-celebration-edition-gin-1000-ml-43\\\/\",\"url\":\"https:\\\/\\\/bbqentertainment.com\\\/toode\\\/silent-pool-10th-anniversary-celebration-edition-gin-1000-ml-43\\\/\",\"name\":\"Silent Pool 10th Anniversary Celebration Edition Gin 1000 ml 43% - BBQ Entertainment\",\"isPartOf\":{\"@id\":\"https:\\\/\\\/bbqentertainment.com\\\/#website\"},\"primaryImageOfPage\":{\"@id\":\"https:\\\/\\\/bbqentertainment.com\\\/toode\\\/silent-pool-10th-anniversary-celebration-edition-gin-1000-ml-43\\\/#primaryimage\"},\"image\":{\"@id\":\"https:\\\/\\\/bbqentertainment.com\\\/toode\\\/silent-pool-10th-anniversary-celebration-edition-gin-1000-ml-43\\\/#primaryimage\"},\"thumbnailUrl\":\"https:\\\/\\\/bbqentertainment.com\\\/wp-content\\\/uploads\\\/2025\\\/12\\\/Silent-Pool-10th-Anniversary-Celebration-Edition-Gin-100cl-43-1.jpg\",\"datePublished\":\"2025-12-04T13:47:26+00:00\",\"dateModified\":\"2025-12-19T11:18:48+00:00\",\"breadcrumb\":{\"@id\":\"https:\\\/\\\/bbqentertainment.com\\\/toode\\\/silent-pool-10th-anniversary-celebration-edition-gin-1000-ml-43\\\/#breadcrumb\"},\"inLanguage\":\"en-US\",\"potentialAction\":[{\"@type\":\"ReadAction\",\"target\":[\"https:\\\/\\\/bbqentertainment.com\\\/toode\\\/silent-pool-10th-anniversary-celebration-edition-gin-1000-ml-43\\\/\"]}]},{\"@type\":\"ImageObject\",\"inLanguage\":\"en-US\",\"@id\":\"https:\\\/\\\/bbqentertainment.com\\\/toode\\\/silent-pool-10th-anniversary-celebration-edition-gin-1000-ml-43\\\/#primaryimage\",\"url\":\"https:\\\/\\\/bbqentertainment.com\\\/wp-content\\\/uploads\\\/2025\\\/12\\\/Silent-Pool-10th-Anniversary-Celebration-Edition-Gin-100cl-43-1.jpg\",\"contentUrl\":\"https:\\\/\\\/bbqentertainment.com\\\/wp-content\\\/uploads\\\/2025\\\/12\\\/Silent-Pool-10th-Anniversary-Celebration-Edition-Gin-100cl-43-1.jpg\",\"width\":1200,\"height\":1200},{\"@type\":\"BreadcrumbList\",\"@id\":\"https:\\\/\\\/bbqentertainment.com\\\/toode\\\/silent-pool-10th-anniversary-celebration-edition-gin-1000-ml-43\\\/#breadcrumb\",\"itemListElement\":[{\"@type\":\"ListItem\",\"position\":1,\"name\":\"AVALEHT\",\"item\":\"https:\\\/\\\/bbqentertainment.com\\\/en\\\/\"},{\"@type\":\"ListItem\",\"position\":2,\"name\":\"Tooted\",\"item\":\"https:\\\/\\\/bbqentertainment.com\\\/tooted\\\/\"},{\"@type\":\"ListItem\",\"position\":3,\"name\":\"Joogid\",\"item\":\"https:\\\/\\\/bbqentertainment.com\\\/tootekategooria\\\/joogid\\\/\"},{\"@type\":\"ListItem\",\"position\":4,\"name\":\"D\u017dINNID\",\"item\":\"https:\\\/\\\/bbqentertainment.com\\\/tootekategooria\\\/joogid\\\/dzinnid\\\/\"},{\"@type\":\"ListItem\",\"position\":5,\"name\":\"Silent Pool\",\"item\":\"https:\\\/\\\/bbqentertainment.com\\\/tootekategooria\\\/joogid\\\/dzinnid\\\/silent-pool\\\/\"},{\"@type\":\"ListItem\",\"position\":6,\"name\":\"Silent Pool 10th Anniversary Celebration Edition Gin 1000 ml 43%\"}]},{\"@type\":\"WebSite\",\"@id\":\"https:\\\/\\\/bbqentertainment.com\\\/#website\",\"url\":\"https:\\\/\\\/bbqentertainment.com\\\/\",\"name\":\"BBQ Entertainment\",\"description\":\"BBQ is a great lifestyle, not just fun!\",\"publisher\":{\"@id\":\"https:\\\/\\\/bbqentertainment.com\\\/#organization\"},\"potentialAction\":[{\"@type\":\"SearchAction\",\"target\":{\"@type\":\"EntryPoint\",\"urlTemplate\":\"https:\\\/\\\/bbqentertainment.com\\\/?s={search_term_string}\"},\"query-input\":{\"@type\":\"PropertyValueSpecification\",\"valueRequired\":true,\"valueName\":\"search_term_string\"}}],\"inLanguage\":\"en-US\"},{\"@type\":\"Organization\",\"@id\":\"https:\\\/\\\/bbqentertainment.com\\\/#organization\",\"name\":\"BBQ Entertainment O\u00dc\",\"url\":\"https:\\\/\\\/bbqentertainment.com\\\/\",\"logo\":{\"@type\":\"ImageObject\",\"inLanguage\":\"en-US\",\"@id\":\"https:\\\/\\\/bbqentertainment.com\\\/#\\\/schema\\\/logo\\\/image\\\/\",\"url\":\"https:\\\/\\\/bbqentertainment.com\\\/wp-content\\\/uploads\\\/2020\\\/04\\\/BBQ-Entertainment-N-Catering-Enn-Tobreluts-Logo.png\",\"contentUrl\":\"https:\\\/\\\/bbqentertainment.com\\\/wp-content\\\/uploads\\\/2020\\\/04\\\/BBQ-Entertainment-N-Catering-Enn-Tobreluts-Logo.png\",\"width\":628,\"height\":266,\"caption\":\"BBQ Entertainment O\u00dc\"},\"image\":{\"@id\":\"https:\\\/\\\/bbqentertainment.com\\\/#\\\/schema\\\/logo\\\/image\\\/\"},\"sameAs\":[\"https:\\\/\\\/www.facebook.com\\\/BBQ-Entertainment-N-Catering-2437913376443540\",\"https:\\\/\\\/www.instagram.com\\\/bbqentertainmentncatering\\\/\",\"https:\\\/\\\/www.youtube.com\\\/channel\\\/UCmpuANQVhLy2Md8nrenp2jA\"]}]}<\/script>\n<!-- \/ Yoast SEO plugin. -->","yoast_head_json":{"title":"Silent Pool 10th Anniversary Celebration Edition Gin 1000 ml 43% - BBQ Entertainment","robots":{"index":"index","follow":"follow","max-snippet":"max-snippet:-1","max-image-preview":"max-image-preview:large","max-video-preview":"max-video-preview:-1"},"canonical":"https:\/\/bbqentertainment.com\/toode\/silent-pool-10th-anniversary-celebration-edition-gin-1000-ml-43\/","og_locale":"en_US","og_type":"article","og_title":"Silent Pool 10th Anniversary Celebration Edition Gin 1000 ml 43% - BBQ Entertainment","og_description":"Silent Pool 10th Anniversary Celebration Edition Gin 1000 ml 43% See juubeliv\u00e4ljanne \u00fchendab klassikalise destilleerimise ja kaasaegse l\u00e4henemise, et luua mitmekihilise aroomi ja maitsega premium-d\u017einn. Retsept on loodud esile t\u00f5stma pirninoodi, mis on viide destilleerikoja varasematele pirnibr\u00e4ndi p\u00e4evadele. Pirn annab d\u017einnile eristuva s\u00fcgavuse ja loob seose maja algusaegadega. Maitseprofiil     Aroom: Intensiivne ja mitmekihiline, kus on tunda kummelit, leedri\u00f5it ja k\u00fcpse pirni n\u00fcanssi.    Maitse: Pirn sulandub soojade v\u00fcrtside, eelk\u00f5ige ingveri ja \u00f5rna vanilje, ning v\u00e4rskete laimi ja m\u00fcndi toonidega.    J\u00e4relmaitse: Pikk ja v\u00e4rskendav, kanarbikumesi lisab siidise tekstuuri ja \u00fcmara magususe, mis t\u00f5stab maitseelamuse esile.   Serveerimine     Soovitame serveerida koos leedri\u00f5ie toonikuga, et r\u00f5hutada d\u017einni lillelisi ja puuviljaseid noote.    Sobib h\u00e4sti Martini ja French 75 t\u00fc\u00fcpi kokteilidesse, kus selle mitmekihiline maitse saab selgelt esile tulla.","og_url":"https:\/\/bbqentertainment.com\/toode\/silent-pool-10th-anniversary-celebration-edition-gin-1000-ml-43\/","og_site_name":"BBQ Entertainment","article_publisher":"https:\/\/www.facebook.com\/BBQ-Entertainment-N-Catering-2437913376443540","article_modified_time":"2025-12-19T11:18:48+00:00","og_image":[{"width":1200,"height":1200,"url":"https:\/\/bbqentertainment.com\/wp-content\/uploads\/2025\/12\/Silent-Pool-10th-Anniversary-Celebration-Edition-Gin-100cl-43-1.jpg","type":"image\/jpeg"}],"twitter_card":"summary_large_image","twitter_misc":{"Est. reading time":"2 minutes"},"schema":{"@context":"https:\/\/schema.org","@graph":[{"@type":["WebPage","ItemPage"],"@id":"https:\/\/bbqentertainment.com\/toode\/silent-pool-10th-anniversary-celebration-edition-gin-1000-ml-43\/","url":"https:\/\/bbqentertainment.com\/toode\/silent-pool-10th-anniversary-celebration-edition-gin-1000-ml-43\/","name":"Silent Pool 10th Anniversary Celebration Edition Gin 1000 ml 43% - BBQ Entertainment","isPartOf":{"@id":"https:\/\/bbqentertainment.com\/#website"},"primaryImageOfPage":{"@id":"https:\/\/bbqentertainment.com\/toode\/silent-pool-10th-anniversary-celebration-edition-gin-1000-ml-43\/#primaryimage"},"image":{"@id":"https:\/\/bbqentertainment.com\/toode\/silent-pool-10th-anniversary-celebration-edition-gin-1000-ml-43\/#primaryimage"},"thumbnailUrl":"https:\/\/bbqentertainment.com\/wp-content\/uploads\/2025\/12\/Silent-Pool-10th-Anniversary-Celebration-Edition-Gin-100cl-43-1.jpg","datePublished":"2025-12-04T13:47:26+00:00","dateModified":"2025-12-19T11:18:48+00:00","breadcrumb":{"@id":"https:\/\/bbqentertainment.com\/toode\/silent-pool-10th-anniversary-celebration-edition-gin-1000-ml-43\/#breadcrumb"},"inLanguage":"en-US","potentialAction":[{"@type":"ReadAction","target":["https:\/\/bbqentertainment.com\/toode\/silent-pool-10th-anniversary-celebration-edition-gin-1000-ml-43\/"]}]},{"@type":"ImageObject","inLanguage":"en-US","@id":"https:\/\/bbqentertainment.com\/toode\/silent-pool-10th-anniversary-celebration-edition-gin-1000-ml-43\/#primaryimage","url":"https:\/\/bbqentertainment.com\/wp-content\/uploads\/2025\/12\/Silent-Pool-10th-Anniversary-Celebration-Edition-Gin-100cl-43-1.jpg","contentUrl":"https:\/\/bbqentertainment.com\/wp-content\/uploads\/2025\/12\/Silent-Pool-10th-Anniversary-Celebration-Edition-Gin-100cl-43-1.jpg","width":1200,"height":1200},{"@type":"BreadcrumbList","@id":"https:\/\/bbqentertainment.com\/toode\/silent-pool-10th-anniversary-celebration-edition-gin-1000-ml-43\/#breadcrumb","itemListElement":[{"@type":"ListItem","position":1,"name":"AVALEHT","item":"https:\/\/bbqentertainment.com\/en\/"},{"@type":"ListItem","position":2,"name":"Tooted","item":"https:\/\/bbqentertainment.com\/tooted\/"},{"@type":"ListItem","position":3,"name":"Joogid","item":"https:\/\/bbqentertainment.com\/tootekategooria\/joogid\/"},{"@type":"ListItem","position":4,"name":"D\u017dINNID","item":"https:\/\/bbqentertainment.com\/tootekategooria\/joogid\/dzinnid\/"},{"@type":"ListItem","position":5,"name":"Silent Pool","item":"https:\/\/bbqentertainment.com\/tootekategooria\/joogid\/dzinnid\/silent-pool\/"},{"@type":"ListItem","position":6,"name":"Silent Pool 10th Anniversary Celebration Edition Gin 1000 ml 43%"}]},{"@type":"WebSite","@id":"https:\/\/bbqentertainment.com\/#website","url":"https:\/\/bbqentertainment.com\/","name":"BBQ Entertainment","description":"BBQ is a great lifestyle, not just fun!","publisher":{"@id":"https:\/\/bbqentertainment.com\/#organization"},"potentialAction":[{"@type":"SearchAction","target":{"@type":"EntryPoint","urlTemplate":"https:\/\/bbqentertainment.com\/?s={search_term_string}"},"query-input":{"@type":"PropertyValueSpecification","valueRequired":true,"valueName":"search_term_string"}}],"inLanguage":"en-US"},{"@type":"Organization","@id":"https:\/\/bbqentertainment.com\/#organization","name":"BBQ Entertainment O\u00dc","url":"https:\/\/bbqentertainment.com\/","logo":{"@type":"ImageObject","inLanguage":"en-US","@id":"https:\/\/bbqentertainment.com\/#\/schema\/logo\/image\/","url":"https:\/\/bbqentertainment.com\/wp-content\/uploads\/2020\/04\/BBQ-Entertainment-N-Catering-Enn-Tobreluts-Logo.png","contentUrl":"https:\/\/bbqentertainment.com\/wp-content\/uploads\/2020\/04\/BBQ-Entertainment-N-Catering-Enn-Tobreluts-Logo.png","width":628,"height":266,"caption":"BBQ Entertainment O\u00dc"},"image":{"@id":"https:\/\/bbqentertainment.com\/#\/schema\/logo\/image\/"},"sameAs":["https:\/\/www.facebook.com\/BBQ-Entertainment-N-Catering-2437913376443540","https:\/\/www.instagram.com\/bbqentertainmentncatering\/","https:\/\/www.youtube.com\/channel\/UCmpuANQVhLy2Md8nrenp2jA"]}]}},"_links":{"self":[{"href":"https:\/\/bbqentertainment.com\/en\/wp-json\/wp\/v2\/product\/256359","targetHints":{"allow":["GET"]}}],"collection":[{"href":"https:\/\/bbqentertainment.com\/en\/wp-json\/wp\/v2\/product"}],"about":[{"href":"https:\/\/bbqentertainment.com\/en\/wp-json\/wp\/v2\/types\/product"}],"wp:featuredmedia":[{"embeddable":true,"href":"https:\/\/bbqentertainment.com\/en\/wp-json\/wp\/v2\/media\/256360"}],"wp:attachment":[{"href":"https:\/\/bbqentertainment.com\/en\/wp-json\/wp\/v2\/media?parent=256359"}],"wp:term":[{"taxonomy":"product_brand","embeddable":true,"href":"https:\/\/bbqentertainment.com\/en\/wp-json\/wp\/v2\/product_brand?post=256359"},{"taxonomy":"product_cat","embeddable":true,"href":"https:\/\/bbqentertainment.com\/en\/wp-json\/wp\/v2\/product_cat?post=256359"},{"taxonomy":"product_tag","embeddable":true,"href":"https:\/\/bbqentertainment.com\/en\/wp-json\/wp\/v2\/product_tag?post=256359"}],"curies":[{"name":"wp","href":"https:\/\/api.w.org\/{rel}","templated":true}]}}