{"id":256456,"date":"2025-12-10T20:52:55","date_gmt":"2025-12-10T18:52:55","guid":{"rendered":"https:\/\/bbqentertainment.com\/?post_type=product&#038;p=256456"},"modified":"2026-04-10T10:40:52","modified_gmt":"2026-04-10T07:40:52","slug":"bbq-rubide-kinkekomplekt-3x150g","status":"publish","type":"product","link":"https:\/\/bbqentertainment.com\/en\/toode\/bbq-rubide-kinkekomplekt-3x150g\/","title":{"rendered":"BBQ RUB\u2019ide KINKEKOMPLEKT 3x150g"},"content":{"rendered":"","protected":false},"excerpt":{"rendered":"<h3><strong>BBQ RUB\u2019ide KINKEKOMPLEKT 3x150g<\/strong><\/h3>\n<p style=\"font-weight: 400;\">BBQ RUB maitseainete kinkekomplekt sisaldab kolme Enn Tobrelutsu loodud maitseainesegu, millega maitsestad \u00e4ra nii sealiha, kana, veiseliha, kala kui ka mereannid. Komplekt sobib nii igap\u00e4evaseks grillimiseks kui ka aeglaseks BBQ k\u00fcpsetamiseks.<\/p>\n<p style=\"font-weight: 400;\" data-start=\"246\" data-end=\"277\">Komplektis on kolm 150 g purki:<\/p>\n<p><strong data-start=\"279\" data-end=\"309\">BBQ RUB piri-piri 150 g<\/strong><br data-start=\"309\" data-end=\"312\" \/>Veidi terav piri-piri maitseainesegu, milles on tunda t\u0161illit, paprikat, sibulat ja sidrunist tulevat s\u00e4rtsu. Sobib hakklihasegudele, burgeripihvidele, sealihale, kanalihale, lihaveisele ning mereandidele (sh hiidkrevetid). Hea valik, kui soovid lihale selget, kergelt tulist maitset.<\/p>\n<p><strong data-start=\"598\" data-end=\"631\">BBQ RUB klassikaline 150 g<\/strong><br data-start=\"631\" data-end=\"634\" \/>Kergelt v\u00fcrtsine klassikaline BBQ maitseainesegu, mis sobib eriti h\u00e4sti sealihale \u2013 ribid, abat\u00fckk, kaelakarbonaad \u2013, kuid ka muudele lihadele. On v\u00e4ga levinud valik Pulled Pork ehk rebitud sealiha tegemiseks. Paksemate lihade puhul annab parima tulemuse madalal kuumusel pikem k\u00fcpsetamine, et maitseaine j\u00f5uaks lihasse imbuda.<\/p>\n<p><strong data-start=\"963\" data-end=\"1002\">BBQ RUB apelsinimaitseline 150 g<\/strong><br data-start=\"1002\" data-end=\"1005\" \/>Kergelt v\u00fcrtsine maitseainesegu, milles on tunda apelsini n\u00fcanssi ja mis annab lihale kuldse v\u00e4rvuse. Imbub kiiresti lihasse, seega piisab vahetust maitsestamisest. Sobib linnulihale (sh pardi rinnafilee), ribile, sealihale ja punasele kalale (nt l\u00f5hefilee). Toimib h\u00e4sti ka praemunade, friikartulite, ahjukartuli ja pastaroogade maitsestamisel.<\/p>\n<p style=\"font-weight: 400;\"><strong>Kasutamine<\/strong><\/p>\n<p style=\"font-weight: 400;\">Maitsesta liha v\u00f5i kala \u00fchtlaselt kuivalt enne k\u00fcpsetamist. Soovi korral v\u00f5id lisada pinnale veidi kvaliteetset k\u00fclmpressitud oliivi\u00f5li v\u00f5i segada rubi teiste maitseainetega, et saavutada endale sobiv maitseprofiil. Paksemate lihat\u00fckkide puhul kasuta madalat k\u00fcpsetustemperatuuri, et liha j\u00e4\u00e4ks pehme ja maitseaine j\u00f5uaks s\u00fcgavamale.<\/p>\n<p style=\"font-weight: 400;\" data-start=\"1703\" data-end=\"1727\"><strong data-start=\"1703\" data-end=\"1727\">P\u00e4ritolu ja tootmine<\/strong><\/p>\n<p style=\"font-weight: 400;\" data-start=\"1729\" data-end=\"1854\">K\u00f5ik kolm maitseainesegu on toodetud Suurbritannias eksklusiivselt BBQ Entertainment O\u00dc-le Enn Tobrelutsu retseptide j\u00e4rgi.<\/p>\n<p style=\"font-weight: 400;\" data-start=\"1856\" data-end=\"1871\"><strong data-start=\"1856\" data-end=\"1871\">Allergeenid<\/strong><\/p>\n<p style=\"font-weight: 400;\" data-start=\"1873\" data-end=\"1899\" data-is-last-node=\"\" data-is-only-node=\"\">Sisaldavad nisu (riivsai).<\/p>\n<p style=\"font-weight: 400;\">\n","protected":false},"featured_media":256459,"template":"","meta":{"inline_featured_image":false},"product_brand":[],"product_cat":[28,30],"product_tag":[],"class_list":{"0":"post-256456","1":"product","2":"type-product","3":"status-publish","4":"has-post-thumbnail","6":"product_cat-maitseandjad","7":"product_cat-bbq-rub","9":"first","10":"instock","11":"taxable","12":"shipping-taxable","13":"purchasable","14":"product-type-simple"},"yoast_head":"<!-- This site is optimized with the Yoast SEO plugin v27.2 - https:\/\/yoast.com\/product\/yoast-seo-wordpress\/ -->\n<title>BBQ RUB\u2019ide KINKEKOMPLEKT 3x150g - BBQ Entertainment<\/title>\n<meta name=\"description\" content=\"V\u00fcrtsikas Piri-Piri BBQ RUB maitseainesegu lisab lihale s\u00e4rtsu ja s\u00fcgavust. Sobib eriti h\u00e4sti kanale, sealihale ja v\u00fcrtsikamate roogade austajale.\" \/>\n<meta name=\"robots\" content=\"index, follow, max-snippet:-1, max-image-preview:large, max-video-preview:-1\" \/>\n<link rel=\"canonical\" href=\"https:\/\/bbqentertainment.com\/toode\/bbq-rubide-kinkekomplekt-3x150g\/\" \/>\n<meta property=\"og:locale\" content=\"en_US\" \/>\n<meta property=\"og:type\" content=\"article\" \/>\n<meta property=\"og:title\" content=\"BBQ RUB\u2019ide KINKEKOMPLEKT 3x150g - BBQ Entertainment\" \/>\n<meta property=\"og:description\" content=\"V\u00fcrtsikas Piri-Piri BBQ RUB maitseainesegu lisab lihale s\u00e4rtsu ja s\u00fcgavust. Sobib eriti h\u00e4sti kanale, sealihale ja v\u00fcrtsikamate roogade austajale.\" \/>\n<meta property=\"og:url\" content=\"https:\/\/bbqentertainment.com\/toode\/bbq-rubide-kinkekomplekt-3x150g\/\" \/>\n<meta property=\"og:site_name\" content=\"BBQ Entertainment\" \/>\n<meta property=\"article:publisher\" content=\"https:\/\/www.facebook.com\/BBQ-Entertainment-N-Catering-2437913376443540\" \/>\n<meta property=\"article:modified_time\" content=\"2026-04-10T07:40:52+00:00\" \/>\n<meta property=\"og:image\" content=\"https:\/\/bbqentertainment.com\/wp-content\/uploads\/2025\/12\/utf-8BBQ-RUBide-KINKEKOMPLEKT-3x150g.jpg\" \/>\n\t<meta property=\"og:image:width\" content=\"1200\" \/>\n\t<meta property=\"og:image:height\" content=\"1200\" \/>\n\t<meta property=\"og:image:type\" content=\"image\/jpeg\" \/>\n<meta name=\"twitter:card\" content=\"summary_large_image\" \/>\n<meta name=\"twitter:label1\" content=\"Est. reading time\" \/>\n\t<meta name=\"twitter:data1\" content=\"1 minute\" \/>\n<script type=\"application\/ld+json\" class=\"yoast-schema-graph\">{\"@context\":\"https:\/\/schema.org\",\"@graph\":[{\"@type\":[\"WebPage\",\"ItemPage\"],\"@id\":\"https:\/\/bbqentertainment.com\/toode\/bbq-rubide-kinkekomplekt-3x150g\/\",\"url\":\"https:\/\/bbqentertainment.com\/toode\/bbq-rubide-kinkekomplekt-3x150g\/\",\"name\":\"BBQ RUB\u2019ide KINKEKOMPLEKT 3x150g - BBQ Entertainment\",\"isPartOf\":{\"@id\":\"https:\/\/bbqentertainment.com\/#website\"},\"primaryImageOfPage\":{\"@id\":\"https:\/\/bbqentertainment.com\/toode\/bbq-rubide-kinkekomplekt-3x150g\/#primaryimage\"},\"image\":{\"@id\":\"https:\/\/bbqentertainment.com\/toode\/bbq-rubide-kinkekomplekt-3x150g\/#primaryimage\"},\"thumbnailUrl\":\"https:\/\/bbqentertainment.com\/wp-content\/uploads\/2025\/12\/utf-8BBQ-RUBide-KINKEKOMPLEKT-3x150g.jpg\",\"datePublished\":\"2025-12-10T18:52:55+00:00\",\"dateModified\":\"2026-04-10T07:40:52+00:00\",\"description\":\"V\u00fcrtsikas Piri-Piri BBQ RUB maitseainesegu lisab lihale s\u00e4rtsu ja s\u00fcgavust. Sobib eriti h\u00e4sti kanale, sealihale ja v\u00fcrtsikamate roogade austajale.\",\"breadcrumb\":{\"@id\":\"https:\/\/bbqentertainment.com\/toode\/bbq-rubide-kinkekomplekt-3x150g\/#breadcrumb\"},\"inLanguage\":\"en-US\",\"potentialAction\":[{\"@type\":\"ReadAction\",\"target\":[\"https:\/\/bbqentertainment.com\/toode\/bbq-rubide-kinkekomplekt-3x150g\/\"]}]},{\"@type\":\"ImageObject\",\"inLanguage\":\"en-US\",\"@id\":\"https:\/\/bbqentertainment.com\/toode\/bbq-rubide-kinkekomplekt-3x150g\/#primaryimage\",\"url\":\"https:\/\/bbqentertainment.com\/wp-content\/uploads\/2025\/12\/utf-8BBQ-RUBide-KINKEKOMPLEKT-3x150g.jpg\",\"contentUrl\":\"https:\/\/bbqentertainment.com\/wp-content\/uploads\/2025\/12\/utf-8BBQ-RUBide-KINKEKOMPLEKT-3x150g.jpg\",\"width\":1200,\"height\":1200},{\"@type\":\"BreadcrumbList\",\"@id\":\"https:\/\/bbqentertainment.com\/toode\/bbq-rubide-kinkekomplekt-3x150g\/#breadcrumb\",\"itemListElement\":[{\"@type\":\"ListItem\",\"position\":1,\"name\":\"AVALEHT\",\"item\":\"https:\/\/bbqentertainment.com\/en\/\"},{\"@type\":\"ListItem\",\"position\":2,\"name\":\"Tooted\",\"item\":\"https:\/\/bbqentertainment.com\/tooted\/\"},{\"@type\":\"ListItem\",\"position\":3,\"name\":\"Maitseandjad\",\"item\":\"https:\/\/bbqentertainment.com\/en\/tootekategooria\/maitseandjad\/\"},{\"@type\":\"ListItem\",\"position\":4,\"name\":\"BBQ RUB\",\"item\":\"https:\/\/bbqentertainment.com\/tootekategooria\/maitseandjad\/bbq-rub\/\"},{\"@type\":\"ListItem\",\"position\":5,\"name\":\"BBQ RUB\u2019ide KINKEKOMPLEKT 3x150g\"}]},{\"@type\":\"WebSite\",\"@id\":\"https:\/\/bbqentertainment.com\/#website\",\"url\":\"https:\/\/bbqentertainment.com\/\",\"name\":\"BBQ Entertainment\",\"description\":\"BBQ is a great lifestyle, not just fun!\",\"publisher\":{\"@id\":\"https:\/\/bbqentertainment.com\/#organization\"},\"potentialAction\":[{\"@type\":\"SearchAction\",\"target\":{\"@type\":\"EntryPoint\",\"urlTemplate\":\"https:\/\/bbqentertainment.com\/?s={search_term_string}\"},\"query-input\":{\"@type\":\"PropertyValueSpecification\",\"valueRequired\":true,\"valueName\":\"search_term_string\"}}],\"inLanguage\":\"en-US\"},{\"@type\":\"Organization\",\"@id\":\"https:\/\/bbqentertainment.com\/#organization\",\"name\":\"BBQ Entertainment O\u00dc\",\"url\":\"https:\/\/bbqentertainment.com\/\",\"logo\":{\"@type\":\"ImageObject\",\"inLanguage\":\"en-US\",\"@id\":\"https:\/\/bbqentertainment.com\/#\/schema\/logo\/image\/\",\"url\":\"https:\/\/bbqentertainment.com\/wp-content\/uploads\/2020\/04\/BBQ-Entertainment-N-Catering-Enn-Tobreluts-Logo.png\",\"contentUrl\":\"https:\/\/bbqentertainment.com\/wp-content\/uploads\/2020\/04\/BBQ-Entertainment-N-Catering-Enn-Tobreluts-Logo.png\",\"width\":628,\"height\":266,\"caption\":\"BBQ Entertainment O\u00dc\"},\"image\":{\"@id\":\"https:\/\/bbqentertainment.com\/#\/schema\/logo\/image\/\"},\"sameAs\":[\"https:\/\/www.facebook.com\/BBQ-Entertainment-N-Catering-2437913376443540\",\"https:\/\/www.instagram.com\/bbqentertainmentncatering\/\",\"https:\/\/www.youtube.com\/channel\/UCmpuANQVhLy2Md8nrenp2jA\"]}]}<\/script>\n<!-- \/ Yoast SEO plugin. -->","yoast_head_json":{"title":"BBQ RUB\u2019ide KINKEKOMPLEKT 3x150g - BBQ Entertainment","description":"V\u00fcrtsikas Piri-Piri BBQ RUB maitseainesegu lisab lihale s\u00e4rtsu ja s\u00fcgavust. Sobib eriti h\u00e4sti kanale, sealihale ja v\u00fcrtsikamate roogade austajale.","robots":{"index":"index","follow":"follow","max-snippet":"max-snippet:-1","max-image-preview":"max-image-preview:large","max-video-preview":"max-video-preview:-1"},"canonical":"https:\/\/bbqentertainment.com\/toode\/bbq-rubide-kinkekomplekt-3x150g\/","og_locale":"en_US","og_type":"article","og_title":"BBQ RUB\u2019ide KINKEKOMPLEKT 3x150g - BBQ Entertainment","og_description":"V\u00fcrtsikas Piri-Piri BBQ RUB maitseainesegu lisab lihale s\u00e4rtsu ja s\u00fcgavust. Sobib eriti h\u00e4sti kanale, sealihale ja v\u00fcrtsikamate roogade austajale.","og_url":"https:\/\/bbqentertainment.com\/toode\/bbq-rubide-kinkekomplekt-3x150g\/","og_site_name":"BBQ Entertainment","article_publisher":"https:\/\/www.facebook.com\/BBQ-Entertainment-N-Catering-2437913376443540","article_modified_time":"2026-04-10T07:40:52+00:00","og_image":[{"width":1200,"height":1200,"url":"https:\/\/bbqentertainment.com\/wp-content\/uploads\/2025\/12\/utf-8BBQ-RUBide-KINKEKOMPLEKT-3x150g.jpg","type":"image\/jpeg"}],"twitter_card":"summary_large_image","twitter_misc":{"Est. reading time":"1 minute"},"schema":{"@context":"https:\/\/schema.org","@graph":[{"@type":["WebPage","ItemPage"],"@id":"https:\/\/bbqentertainment.com\/toode\/bbq-rubide-kinkekomplekt-3x150g\/","url":"https:\/\/bbqentertainment.com\/toode\/bbq-rubide-kinkekomplekt-3x150g\/","name":"BBQ RUB\u2019ide KINKEKOMPLEKT 3x150g - BBQ Entertainment","isPartOf":{"@id":"https:\/\/bbqentertainment.com\/#website"},"primaryImageOfPage":{"@id":"https:\/\/bbqentertainment.com\/toode\/bbq-rubide-kinkekomplekt-3x150g\/#primaryimage"},"image":{"@id":"https:\/\/bbqentertainment.com\/toode\/bbq-rubide-kinkekomplekt-3x150g\/#primaryimage"},"thumbnailUrl":"https:\/\/bbqentertainment.com\/wp-content\/uploads\/2025\/12\/utf-8BBQ-RUBide-KINKEKOMPLEKT-3x150g.jpg","datePublished":"2025-12-10T18:52:55+00:00","dateModified":"2026-04-10T07:40:52+00:00","description":"V\u00fcrtsikas Piri-Piri BBQ RUB maitseainesegu lisab lihale s\u00e4rtsu ja s\u00fcgavust. Sobib eriti h\u00e4sti kanale, sealihale ja v\u00fcrtsikamate roogade austajale.","breadcrumb":{"@id":"https:\/\/bbqentertainment.com\/toode\/bbq-rubide-kinkekomplekt-3x150g\/#breadcrumb"},"inLanguage":"en-US","potentialAction":[{"@type":"ReadAction","target":["https:\/\/bbqentertainment.com\/toode\/bbq-rubide-kinkekomplekt-3x150g\/"]}]},{"@type":"ImageObject","inLanguage":"en-US","@id":"https:\/\/bbqentertainment.com\/toode\/bbq-rubide-kinkekomplekt-3x150g\/#primaryimage","url":"https:\/\/bbqentertainment.com\/wp-content\/uploads\/2025\/12\/utf-8BBQ-RUBide-KINKEKOMPLEKT-3x150g.jpg","contentUrl":"https:\/\/bbqentertainment.com\/wp-content\/uploads\/2025\/12\/utf-8BBQ-RUBide-KINKEKOMPLEKT-3x150g.jpg","width":1200,"height":1200},{"@type":"BreadcrumbList","@id":"https:\/\/bbqentertainment.com\/toode\/bbq-rubide-kinkekomplekt-3x150g\/#breadcrumb","itemListElement":[{"@type":"ListItem","position":1,"name":"AVALEHT","item":"https:\/\/bbqentertainment.com\/en\/"},{"@type":"ListItem","position":2,"name":"Tooted","item":"https:\/\/bbqentertainment.com\/tooted\/"},{"@type":"ListItem","position":3,"name":"Maitseandjad","item":"https:\/\/bbqentertainment.com\/en\/tootekategooria\/maitseandjad\/"},{"@type":"ListItem","position":4,"name":"BBQ RUB","item":"https:\/\/bbqentertainment.com\/tootekategooria\/maitseandjad\/bbq-rub\/"},{"@type":"ListItem","position":5,"name":"BBQ RUB\u2019ide KINKEKOMPLEKT 3x150g"}]},{"@type":"WebSite","@id":"https:\/\/bbqentertainment.com\/#website","url":"https:\/\/bbqentertainment.com\/","name":"BBQ Entertainment","description":"BBQ is a great lifestyle, not just fun!","publisher":{"@id":"https:\/\/bbqentertainment.com\/#organization"},"potentialAction":[{"@type":"SearchAction","target":{"@type":"EntryPoint","urlTemplate":"https:\/\/bbqentertainment.com\/?s={search_term_string}"},"query-input":{"@type":"PropertyValueSpecification","valueRequired":true,"valueName":"search_term_string"}}],"inLanguage":"en-US"},{"@type":"Organization","@id":"https:\/\/bbqentertainment.com\/#organization","name":"BBQ Entertainment O\u00dc","url":"https:\/\/bbqentertainment.com\/","logo":{"@type":"ImageObject","inLanguage":"en-US","@id":"https:\/\/bbqentertainment.com\/#\/schema\/logo\/image\/","url":"https:\/\/bbqentertainment.com\/wp-content\/uploads\/2020\/04\/BBQ-Entertainment-N-Catering-Enn-Tobreluts-Logo.png","contentUrl":"https:\/\/bbqentertainment.com\/wp-content\/uploads\/2020\/04\/BBQ-Entertainment-N-Catering-Enn-Tobreluts-Logo.png","width":628,"height":266,"caption":"BBQ Entertainment O\u00dc"},"image":{"@id":"https:\/\/bbqentertainment.com\/#\/schema\/logo\/image\/"},"sameAs":["https:\/\/www.facebook.com\/BBQ-Entertainment-N-Catering-2437913376443540","https:\/\/www.instagram.com\/bbqentertainmentncatering\/","https:\/\/www.youtube.com\/channel\/UCmpuANQVhLy2Md8nrenp2jA"]}]}},"_links":{"self":[{"href":"https:\/\/bbqentertainment.com\/en\/wp-json\/wp\/v2\/product\/256456","targetHints":{"allow":["GET"]}}],"collection":[{"href":"https:\/\/bbqentertainment.com\/en\/wp-json\/wp\/v2\/product"}],"about":[{"href":"https:\/\/bbqentertainment.com\/en\/wp-json\/wp\/v2\/types\/product"}],"wp:featuredmedia":[{"embeddable":true,"href":"https:\/\/bbqentertainment.com\/en\/wp-json\/wp\/v2\/media\/256459"}],"wp:attachment":[{"href":"https:\/\/bbqentertainment.com\/en\/wp-json\/wp\/v2\/media?parent=256456"}],"wp:term":[{"taxonomy":"product_brand","embeddable":true,"href":"https:\/\/bbqentertainment.com\/en\/wp-json\/wp\/v2\/product_brand?post=256456"},{"taxonomy":"product_cat","embeddable":true,"href":"https:\/\/bbqentertainment.com\/en\/wp-json\/wp\/v2\/product_cat?post=256456"},{"taxonomy":"product_tag","embeddable":true,"href":"https:\/\/bbqentertainment.com\/en\/wp-json\/wp\/v2\/product_tag?post=256456"}],"curies":[{"name":"wp","href":"https:\/\/api.w.org\/{rel}","templated":true}]}}