{"id":256480,"date":"2025-12-15T10:08:25","date_gmt":"2025-12-15T08:08:25","guid":{"rendered":"https:\/\/bbqentertainment.com\/?post_type=product&#038;p=256480"},"modified":"2025-12-23T16:17:48","modified_gmt":"2025-12-23T14:17:48","slug":"ulembsootska-leib","status":"publish","type":"product","link":"https:\/\/bbqentertainment.com\/en\/toode\/ulembsootska-leib\/","title":{"rendered":"\u00dclembsootska leib"},"content":{"rendered":"<p>Toitumisalane teave 100 g kohta:<\/p>\n<p>Energiasisaldus 1479 kJ \/ 351 kcal, rasvad 4,71 g, millest k\u00fcllastunud rasvhapped 0,52 g, s\u00fcsivesikud 61,56 g, millest suhkrud 19,16 g, kiudained 12,28 g, valgud 9,44 g ja sool 1,77 g.<\/p>\n<p data-start=\"998\" data-end=\"1013\">Koostisosad: T\u00e4istera rukkijahu, rukkikroovjahu, nisujahu, mitmevilja segu (kooritud p\u00e4evalilleseemned, maistang, linaseemned, peened kaerahelbed, odralinnase jahu, hirss, suhkur, mono- ja diatset\u00fc\u00fclviinhappe estrid rasvhapete mono- ja digl\u00fctseriididega), fermenteeritud rukkilinnas, linaseemned, kuivjuuretis (nisu t\u00e4isterajahu, sidrunhape, nisugluteen, kaltsiumsulfaat, guarkummi; rukkit\u00e4isterajahu, gl\u00fckoos, p\u00e4evalille\u00f5li, naatriumatsetaadid, ens\u00fc\u00fcmid (sh nisujahu), rafineerimata roosuhkur, Himaalaja sool, kuivp\u00e4rm.<\/p>\n<p data-start=\"1525\" data-end=\"1566\" data-is-last-node=\"\" data-is-only-node=\"\">Sisaldab <strong>nisujahu<\/strong>,<strong> rukkijahu<\/strong> ja <strong>gluteeni<\/strong>.<\/p>\n","protected":false},"excerpt":{"rendered":"<h3 class=\"product_title entry-title\"><strong>\u00dclembsootska leib<\/strong><\/h3>\n<p data-start=\"0\" data-end=\"267\">\u00dclembsootska leiva k\u00fcpsetamise komplektiga saad k\u00fcpsetada ehtsat Setomaa juuretisega leiba, mille retseptiks on Seto Kuninga kahekordse leivak\u00fcpsetaja Kikka M\u00e4rdi leib. See leib valiti 2025. aastal parimaks leivaks ning \u00dclembsootska on meistri k\u00e4ekirja heaks kiitnud.<\/p>\n<p data-start=\"269\" data-end=\"536\">Komplektis on k\u00f5ik vajalik \u00fche leiva k\u00fcpsetamiseks: juuretis, t\u00e4pselt v\u00e4lja kaalutud jahusegud (jahud, seemned, sool, suhkur) ja leivavorm. Lisada on vaja ainult vett. K\u00f5ik koostisosad on retsepti j\u00e4rgi doseeritud, j\u00e4\u00e4ke ei j\u00e4\u00e4 ja eraldi midagi juurde kaaluma ei pea.<\/p>\n<p data-start=\"538\" data-end=\"755\">Valmistamine on lihtne: sega komplektis olevad koostisosad vastavalt juhendile veega, lase taignal kerkida ja k\u00fcpseta vormis l\u00e4bi. Nii saad kodus k\u00fcpsetatud leiva, mille maitse ja koostis on stabiilselt sama iga kord.<\/p>\n","protected":false},"featured_media":256487,"template":"","meta":{"inline_featured_image":false},"product_brand":[],"product_cat":[640],"product_tag":[],"class_list":{"0":"post-256480","1":"product","2":"type-product","3":"status-publish","4":"has-post-thumbnail","6":"product_cat-kupsetised","8":"first","9":"instock","10":"taxable","11":"shipping-taxable","12":"purchasable","13":"product-type-simple"},"yoast_head":"<!-- This site is optimized with the Yoast SEO plugin v27.4 - https:\/\/yoast.com\/product\/yoast-seo-wordpress\/ -->\n<title>\u00dclembsootska leib - BBQ Entertainment<\/title>\n<meta name=\"robots\" content=\"index, follow, max-snippet:-1, max-image-preview:large, max-video-preview:-1\" \/>\n<link rel=\"canonical\" href=\"https:\/\/bbqentertainment.com\/toode\/ulembsootska-leib\/\" \/>\n<meta property=\"og:locale\" content=\"en_US\" \/>\n<meta property=\"og:type\" content=\"article\" \/>\n<meta property=\"og:title\" content=\"\u00dclembsootska leib - BBQ Entertainment\" \/>\n<meta property=\"og:description\" content=\"\u00dclembsootska leib \u00dclembsootska leiva k\u00fcpsetamise komplektiga saad k\u00fcpsetada ehtsat Setomaa juuretisega leiba, mille retseptiks on Seto Kuninga kahekordse leivak\u00fcpsetaja Kikka M\u00e4rdi leib. See leib valiti 2025. aastal parimaks leivaks ning \u00dclembsootska on meistri k\u00e4ekirja heaks kiitnud. Komplektis on k\u00f5ik vajalik \u00fche leiva k\u00fcpsetamiseks: juuretis, t\u00e4pselt v\u00e4lja kaalutud jahusegud (jahud, seemned, sool, suhkur) ja leivavorm. Lisada on vaja ainult vett. K\u00f5ik koostisosad on retsepti j\u00e4rgi doseeritud, j\u00e4\u00e4ke ei j\u00e4\u00e4 ja eraldi midagi juurde kaaluma ei pea. Valmistamine on lihtne: sega komplektis olevad koostisosad vastavalt juhendile veega, lase taignal kerkida ja k\u00fcpseta vormis l\u00e4bi. Nii saad kodus k\u00fcpsetatud leiva, mille maitse ja koostis on stabiilselt sama iga kord.\" \/>\n<meta property=\"og:url\" content=\"https:\/\/bbqentertainment.com\/toode\/ulembsootska-leib\/\" \/>\n<meta property=\"og:site_name\" content=\"BBQ Entertainment\" \/>\n<meta property=\"article:publisher\" content=\"https:\/\/www.facebook.com\/BBQ-Entertainment-N-Catering-2437913376443540\" \/>\n<meta property=\"article:modified_time\" content=\"2025-12-23T14:17:48+00:00\" \/>\n<meta property=\"og:image\" content=\"https:\/\/bbqentertainment.com\/wp-content\/uploads\/2025\/12\/Ulembsootska-scaled.jpg.webp\" \/>\n\t<meta property=\"og:image:width\" content=\"2560\" \/>\n\t<meta property=\"og:image:height\" content=\"1925\" \/>\n\t<meta property=\"og:image:type\" content=\"image\/webp\" \/>\n<meta name=\"twitter:card\" content=\"summary_large_image\" \/>\n<meta name=\"twitter:label1\" content=\"Est. reading time\" \/>\n\t<meta name=\"twitter:data1\" content=\"1 minute\" \/>\n<script type=\"application\/ld+json\" class=\"yoast-schema-graph\">{\"@context\":\"https:\\\/\\\/schema.org\",\"@graph\":[{\"@type\":[\"WebPage\",\"ItemPage\"],\"@id\":\"https:\\\/\\\/bbqentertainment.com\\\/toode\\\/ulembsootska-leib\\\/\",\"url\":\"https:\\\/\\\/bbqentertainment.com\\\/toode\\\/ulembsootska-leib\\\/\",\"name\":\"\u00dclembsootska leib - BBQ Entertainment\",\"isPartOf\":{\"@id\":\"https:\\\/\\\/bbqentertainment.com\\\/#website\"},\"primaryImageOfPage\":{\"@id\":\"https:\\\/\\\/bbqentertainment.com\\\/toode\\\/ulembsootska-leib\\\/#primaryimage\"},\"image\":{\"@id\":\"https:\\\/\\\/bbqentertainment.com\\\/toode\\\/ulembsootska-leib\\\/#primaryimage\"},\"thumbnailUrl\":\"https:\\\/\\\/bbqentertainment.com\\\/wp-content\\\/uploads\\\/2025\\\/12\\\/Ulembsootska-scaled.jpg.webp\",\"datePublished\":\"2025-12-15T08:08:25+00:00\",\"dateModified\":\"2025-12-23T14:17:48+00:00\",\"breadcrumb\":{\"@id\":\"https:\\\/\\\/bbqentertainment.com\\\/toode\\\/ulembsootska-leib\\\/#breadcrumb\"},\"inLanguage\":\"en-US\",\"potentialAction\":[{\"@type\":\"ReadAction\",\"target\":[\"https:\\\/\\\/bbqentertainment.com\\\/toode\\\/ulembsootska-leib\\\/\"]}]},{\"@type\":\"ImageObject\",\"inLanguage\":\"en-US\",\"@id\":\"https:\\\/\\\/bbqentertainment.com\\\/toode\\\/ulembsootska-leib\\\/#primaryimage\",\"url\":\"https:\\\/\\\/bbqentertainment.com\\\/wp-content\\\/uploads\\\/2025\\\/12\\\/Ulembsootska-scaled.jpg.webp\",\"contentUrl\":\"https:\\\/\\\/bbqentertainment.com\\\/wp-content\\\/uploads\\\/2025\\\/12\\\/Ulembsootska-scaled.jpg.webp\",\"width\":2560,\"height\":1925},{\"@type\":\"BreadcrumbList\",\"@id\":\"https:\\\/\\\/bbqentertainment.com\\\/toode\\\/ulembsootska-leib\\\/#breadcrumb\",\"itemListElement\":[{\"@type\":\"ListItem\",\"position\":1,\"name\":\"AVALEHT\",\"item\":\"https:\\\/\\\/bbqentertainment.com\\\/en\\\/\"},{\"@type\":\"ListItem\",\"position\":2,\"name\":\"Tooted\",\"item\":\"https:\\\/\\\/bbqentertainment.com\\\/tooted\\\/\"},{\"@type\":\"ListItem\",\"position\":3,\"name\":\"Maitseandjad\",\"item\":\"https:\\\/\\\/bbqentertainment.com\\\/en\\\/tootekategooria\\\/maitseandjad\\\/\"},{\"@type\":\"ListItem\",\"position\":4,\"name\":\"K\u00fcpsetised\",\"item\":\"https:\\\/\\\/bbqentertainment.com\\\/tootekategooria\\\/maitseandjad\\\/kupsetised\\\/\"},{\"@type\":\"ListItem\",\"position\":5,\"name\":\"\u00dclembsootska leib\"}]},{\"@type\":\"WebSite\",\"@id\":\"https:\\\/\\\/bbqentertainment.com\\\/#website\",\"url\":\"https:\\\/\\\/bbqentertainment.com\\\/\",\"name\":\"BBQ Entertainment\",\"description\":\"BBQ is a great lifestyle, not just fun!\",\"publisher\":{\"@id\":\"https:\\\/\\\/bbqentertainment.com\\\/#organization\"},\"potentialAction\":[{\"@type\":\"SearchAction\",\"target\":{\"@type\":\"EntryPoint\",\"urlTemplate\":\"https:\\\/\\\/bbqentertainment.com\\\/?s={search_term_string}\"},\"query-input\":{\"@type\":\"PropertyValueSpecification\",\"valueRequired\":true,\"valueName\":\"search_term_string\"}}],\"inLanguage\":\"en-US\"},{\"@type\":\"Organization\",\"@id\":\"https:\\\/\\\/bbqentertainment.com\\\/#organization\",\"name\":\"BBQ Entertainment O\u00dc\",\"url\":\"https:\\\/\\\/bbqentertainment.com\\\/\",\"logo\":{\"@type\":\"ImageObject\",\"inLanguage\":\"en-US\",\"@id\":\"https:\\\/\\\/bbqentertainment.com\\\/#\\\/schema\\\/logo\\\/image\\\/\",\"url\":\"https:\\\/\\\/bbqentertainment.com\\\/wp-content\\\/uploads\\\/2020\\\/04\\\/BBQ-Entertainment-N-Catering-Enn-Tobreluts-Logo.png\",\"contentUrl\":\"https:\\\/\\\/bbqentertainment.com\\\/wp-content\\\/uploads\\\/2020\\\/04\\\/BBQ-Entertainment-N-Catering-Enn-Tobreluts-Logo.png\",\"width\":628,\"height\":266,\"caption\":\"BBQ Entertainment O\u00dc\"},\"image\":{\"@id\":\"https:\\\/\\\/bbqentertainment.com\\\/#\\\/schema\\\/logo\\\/image\\\/\"},\"sameAs\":[\"https:\\\/\\\/www.facebook.com\\\/BBQ-Entertainment-N-Catering-2437913376443540\",\"https:\\\/\\\/www.instagram.com\\\/bbqentertainmentncatering\\\/\",\"https:\\\/\\\/www.youtube.com\\\/channel\\\/UCmpuANQVhLy2Md8nrenp2jA\"]}]}<\/script>\n<!-- \/ Yoast SEO plugin. -->","yoast_head_json":{"title":"\u00dclembsootska leib - BBQ Entertainment","robots":{"index":"index","follow":"follow","max-snippet":"max-snippet:-1","max-image-preview":"max-image-preview:large","max-video-preview":"max-video-preview:-1"},"canonical":"https:\/\/bbqentertainment.com\/toode\/ulembsootska-leib\/","og_locale":"en_US","og_type":"article","og_title":"\u00dclembsootska leib - BBQ Entertainment","og_description":"\u00dclembsootska leib \u00dclembsootska leiva k\u00fcpsetamise komplektiga saad k\u00fcpsetada ehtsat Setomaa juuretisega leiba, mille retseptiks on Seto Kuninga kahekordse leivak\u00fcpsetaja Kikka M\u00e4rdi leib. See leib valiti 2025. aastal parimaks leivaks ning \u00dclembsootska on meistri k\u00e4ekirja heaks kiitnud. Komplektis on k\u00f5ik vajalik \u00fche leiva k\u00fcpsetamiseks: juuretis, t\u00e4pselt v\u00e4lja kaalutud jahusegud (jahud, seemned, sool, suhkur) ja leivavorm. Lisada on vaja ainult vett. K\u00f5ik koostisosad on retsepti j\u00e4rgi doseeritud, j\u00e4\u00e4ke ei j\u00e4\u00e4 ja eraldi midagi juurde kaaluma ei pea. Valmistamine on lihtne: sega komplektis olevad koostisosad vastavalt juhendile veega, lase taignal kerkida ja k\u00fcpseta vormis l\u00e4bi. Nii saad kodus k\u00fcpsetatud leiva, mille maitse ja koostis on stabiilselt sama iga kord.","og_url":"https:\/\/bbqentertainment.com\/toode\/ulembsootska-leib\/","og_site_name":"BBQ Entertainment","article_publisher":"https:\/\/www.facebook.com\/BBQ-Entertainment-N-Catering-2437913376443540","article_modified_time":"2025-12-23T14:17:48+00:00","og_image":[{"width":2560,"height":1925,"url":"https:\/\/bbqentertainment.com\/wp-content\/uploads\/2025\/12\/Ulembsootska-scaled.jpg.webp","type":"image\/webp"}],"twitter_card":"summary_large_image","twitter_misc":{"Est. reading time":"1 minute"},"schema":{"@context":"https:\/\/schema.org","@graph":[{"@type":["WebPage","ItemPage"],"@id":"https:\/\/bbqentertainment.com\/toode\/ulembsootska-leib\/","url":"https:\/\/bbqentertainment.com\/toode\/ulembsootska-leib\/","name":"\u00dclembsootska leib - BBQ Entertainment","isPartOf":{"@id":"https:\/\/bbqentertainment.com\/#website"},"primaryImageOfPage":{"@id":"https:\/\/bbqentertainment.com\/toode\/ulembsootska-leib\/#primaryimage"},"image":{"@id":"https:\/\/bbqentertainment.com\/toode\/ulembsootska-leib\/#primaryimage"},"thumbnailUrl":"https:\/\/bbqentertainment.com\/wp-content\/uploads\/2025\/12\/Ulembsootska-scaled.jpg.webp","datePublished":"2025-12-15T08:08:25+00:00","dateModified":"2025-12-23T14:17:48+00:00","breadcrumb":{"@id":"https:\/\/bbqentertainment.com\/toode\/ulembsootska-leib\/#breadcrumb"},"inLanguage":"en-US","potentialAction":[{"@type":"ReadAction","target":["https:\/\/bbqentertainment.com\/toode\/ulembsootska-leib\/"]}]},{"@type":"ImageObject","inLanguage":"en-US","@id":"https:\/\/bbqentertainment.com\/toode\/ulembsootska-leib\/#primaryimage","url":"https:\/\/bbqentertainment.com\/wp-content\/uploads\/2025\/12\/Ulembsootska-scaled.jpg.webp","contentUrl":"https:\/\/bbqentertainment.com\/wp-content\/uploads\/2025\/12\/Ulembsootska-scaled.jpg.webp","width":2560,"height":1925},{"@type":"BreadcrumbList","@id":"https:\/\/bbqentertainment.com\/toode\/ulembsootska-leib\/#breadcrumb","itemListElement":[{"@type":"ListItem","position":1,"name":"AVALEHT","item":"https:\/\/bbqentertainment.com\/en\/"},{"@type":"ListItem","position":2,"name":"Tooted","item":"https:\/\/bbqentertainment.com\/tooted\/"},{"@type":"ListItem","position":3,"name":"Maitseandjad","item":"https:\/\/bbqentertainment.com\/en\/tootekategooria\/maitseandjad\/"},{"@type":"ListItem","position":4,"name":"K\u00fcpsetised","item":"https:\/\/bbqentertainment.com\/tootekategooria\/maitseandjad\/kupsetised\/"},{"@type":"ListItem","position":5,"name":"\u00dclembsootska leib"}]},{"@type":"WebSite","@id":"https:\/\/bbqentertainment.com\/#website","url":"https:\/\/bbqentertainment.com\/","name":"BBQ Entertainment","description":"BBQ is a great lifestyle, not just fun!","publisher":{"@id":"https:\/\/bbqentertainment.com\/#organization"},"potentialAction":[{"@type":"SearchAction","target":{"@type":"EntryPoint","urlTemplate":"https:\/\/bbqentertainment.com\/?s={search_term_string}"},"query-input":{"@type":"PropertyValueSpecification","valueRequired":true,"valueName":"search_term_string"}}],"inLanguage":"en-US"},{"@type":"Organization","@id":"https:\/\/bbqentertainment.com\/#organization","name":"BBQ Entertainment O\u00dc","url":"https:\/\/bbqentertainment.com\/","logo":{"@type":"ImageObject","inLanguage":"en-US","@id":"https:\/\/bbqentertainment.com\/#\/schema\/logo\/image\/","url":"https:\/\/bbqentertainment.com\/wp-content\/uploads\/2020\/04\/BBQ-Entertainment-N-Catering-Enn-Tobreluts-Logo.png","contentUrl":"https:\/\/bbqentertainment.com\/wp-content\/uploads\/2020\/04\/BBQ-Entertainment-N-Catering-Enn-Tobreluts-Logo.png","width":628,"height":266,"caption":"BBQ Entertainment O\u00dc"},"image":{"@id":"https:\/\/bbqentertainment.com\/#\/schema\/logo\/image\/"},"sameAs":["https:\/\/www.facebook.com\/BBQ-Entertainment-N-Catering-2437913376443540","https:\/\/www.instagram.com\/bbqentertainmentncatering\/","https:\/\/www.youtube.com\/channel\/UCmpuANQVhLy2Md8nrenp2jA"]}]}},"_links":{"self":[{"href":"https:\/\/bbqentertainment.com\/en\/wp-json\/wp\/v2\/product\/256480","targetHints":{"allow":["GET"]}}],"collection":[{"href":"https:\/\/bbqentertainment.com\/en\/wp-json\/wp\/v2\/product"}],"about":[{"href":"https:\/\/bbqentertainment.com\/en\/wp-json\/wp\/v2\/types\/product"}],"wp:featuredmedia":[{"embeddable":true,"href":"https:\/\/bbqentertainment.com\/en\/wp-json\/wp\/v2\/media\/256487"}],"wp:attachment":[{"href":"https:\/\/bbqentertainment.com\/en\/wp-json\/wp\/v2\/media?parent=256480"}],"wp:term":[{"taxonomy":"product_brand","embeddable":true,"href":"https:\/\/bbqentertainment.com\/en\/wp-json\/wp\/v2\/product_brand?post=256480"},{"taxonomy":"product_cat","embeddable":true,"href":"https:\/\/bbqentertainment.com\/en\/wp-json\/wp\/v2\/product_cat?post=256480"},{"taxonomy":"product_tag","embeddable":true,"href":"https:\/\/bbqentertainment.com\/en\/wp-json\/wp\/v2\/product_tag?post=256480"}],"curies":[{"name":"wp","href":"https:\/\/api.w.org\/{rel}","templated":true}]}}