{"id":256489,"date":"2025-12-15T10:20:36","date_gmt":"2025-12-15T08:20:36","guid":{"rendered":"https:\/\/bbqentertainment.com\/?post_type=product&#038;p=256489"},"modified":"2025-12-30T12:33:59","modified_gmt":"2025-12-30T10:33:59","slug":"juuretisega-leiva-kupsetamise-komplekt-rukkileib","status":"publish","type":"product","link":"https:\/\/bbqentertainment.com\/en\/toode\/juuretisega-leiva-kupsetamise-komplekt-rukkileib\/","title":{"rendered":"Juuretisega leiva k\u00fcpsetamise komplekt \u2013 Rukkileib"},"content":{"rendered":"<p data-start=\"736\" data-end=\"953\">Toitumisalane teave 100 g kohta: energiasisaldus 1500 kJ \/ 357 kcal, rasvad 6,12 g, millest k\u00fcllastunud rasvhapped 0,59 g, s\u00fcsivesikud 58,33 g, millest suhkrud 28,42 g, kiudained 15,18 g, valgud 9,45 g ja sool 1,02 g.<\/p>\n<p data-start=\"955\" data-end=\"1286\">Koostisosad: t\u00e4istera rukkijahu, rukkikroovjahu, linaseemned, fermenteeritud rukkilinnas, kuivjuuretis (nisut\u00e4isterajahu, happesuse regulaator E330, nisugluteen, stabilisaatorid E516, E412; rukkit\u00e4isterajahu, gl\u00fckoos, palmirasv, happesuse regulaator E262, ens\u00fc\u00fcmid (sh nisujahu)), rafineerimata roosuhkur, Himaalaja sool, kuivp\u00e4rm.<\/p>\n<p data-start=\"1288\" data-end=\"1329\" data-is-last-node=\"\" data-is-only-node=\"\">Sisaldab <strong>nisujahu<\/strong>, <strong>rukkijahu<\/strong> ja <strong>gluteeni<\/strong>.<\/p>\n","protected":false},"excerpt":{"rendered":"<h3 class=\"product_title entry-title\"><strong>Juuretisega leiva k\u00fcpsetamise komplekt \u2013 Rukkileib<\/strong><\/h3>\n<p data-start=\"0\" data-end=\"285\">Rukkileiva k\u00fcpsetamise komplektiga saad kodus k\u00fcpsetada puhta maitsega juuretisega rukkileiba, mis sobib h\u00e4sti nii igap\u00e4evaseks s\u00f6\u00f6miseks kui ka pidulauale. Komplekti jahusegu on ainult rukkijahudest \u2013 rukki t\u00e4istera- ja kroovjahust \u2013, et rukki iseloomulik maitse tuleks selgelt esile.<\/p>\n<p data-start=\"287\" data-end=\"734\">Komplektis on k\u00f5ik vajalik \u00fche leiva jaoks: juuretis, t\u00e4pselt v\u00e4lja kaalutud jahusegu (jahud, sool, suhkur) ja k\u00fcpsetusvorm. Lisada on vaja ainult vett. K\u00f5ik koostisosad on retsepti j\u00e4rgi doseeritud, \u00fclej\u00e4\u00e4ke ei teki ja eraldi midagi juurde kaaluma ei pea. Kui seni on juuretisega leiva tegemine tundunud keeruline, siis selle komplektiga on protsess lihtne: sega koostisosad vastavalt juhendile veega, lase taignal kerkida ja k\u00fcpseta vormis l\u00e4bi.<\/p>\n<p data-start=\"287\" data-end=\"734\">\n","protected":false},"featured_media":256487,"template":"","meta":{"inline_featured_image":false},"product_brand":[],"product_cat":[640],"product_tag":[],"class_list":{"0":"post-256489","1":"product","2":"type-product","3":"status-publish","4":"has-post-thumbnail","6":"product_cat-kupsetised","8":"first","9":"instock","10":"taxable","11":"shipping-taxable","12":"purchasable","13":"product-type-simple"},"yoast_head":"<!-- This site is optimized with the Yoast SEO plugin v27.4 - https:\/\/yoast.com\/product\/yoast-seo-wordpress\/ -->\n<title>Juuretisega leiva k\u00fcpsetamise komplekt \u2013 Rukkileib - BBQ Entertainment<\/title>\n<meta name=\"robots\" content=\"index, follow, max-snippet:-1, max-image-preview:large, max-video-preview:-1\" \/>\n<link rel=\"canonical\" href=\"https:\/\/bbqentertainment.com\/toode\/juuretisega-leiva-kupsetamise-komplekt-rukkileib\/\" \/>\n<meta property=\"og:locale\" content=\"en_US\" \/>\n<meta property=\"og:type\" content=\"article\" \/>\n<meta property=\"og:title\" content=\"Juuretisega leiva k\u00fcpsetamise komplekt \u2013 Rukkileib - BBQ Entertainment\" \/>\n<meta property=\"og:description\" content=\"Juuretisega leiva k\u00fcpsetamise komplekt \u2013 Rukkileib Rukkileiva k\u00fcpsetamise komplektiga saad kodus k\u00fcpsetada puhta maitsega juuretisega rukkileiba, mis sobib h\u00e4sti nii igap\u00e4evaseks s\u00f6\u00f6miseks kui ka pidulauale. Komplekti jahusegu on ainult rukkijahudest \u2013 rukki t\u00e4istera- ja kroovjahust \u2013, et rukki iseloomulik maitse tuleks selgelt esile. Komplektis on k\u00f5ik vajalik \u00fche leiva jaoks: juuretis, t\u00e4pselt v\u00e4lja kaalutud jahusegu (jahud, sool, suhkur) ja k\u00fcpsetusvorm. Lisada on vaja ainult vett. K\u00f5ik koostisosad on retsepti j\u00e4rgi doseeritud, \u00fclej\u00e4\u00e4ke ei teki ja eraldi midagi juurde kaaluma ei pea. Kui seni on juuretisega leiva tegemine tundunud keeruline, siis selle komplektiga on protsess lihtne: sega koostisosad vastavalt juhendile veega, lase taignal kerkida ja k\u00fcpseta vormis l\u00e4bi.\" \/>\n<meta property=\"og:url\" content=\"https:\/\/bbqentertainment.com\/toode\/juuretisega-leiva-kupsetamise-komplekt-rukkileib\/\" \/>\n<meta property=\"og:site_name\" content=\"BBQ Entertainment\" \/>\n<meta property=\"article:publisher\" content=\"https:\/\/www.facebook.com\/BBQ-Entertainment-N-Catering-2437913376443540\" \/>\n<meta property=\"article:modified_time\" content=\"2025-12-30T10:33:59+00:00\" \/>\n<meta property=\"og:image\" content=\"https:\/\/bbqentertainment.com\/wp-content\/uploads\/2025\/12\/Ulembsootska-scaled.jpg.webp\" \/>\n\t<meta property=\"og:image:width\" content=\"2560\" \/>\n\t<meta property=\"og:image:height\" content=\"1925\" \/>\n\t<meta property=\"og:image:type\" content=\"image\/webp\" \/>\n<meta name=\"twitter:card\" content=\"summary_large_image\" \/>\n<meta name=\"twitter:label1\" content=\"Est. reading time\" \/>\n\t<meta name=\"twitter:data1\" content=\"1 minute\" \/>\n<script type=\"application\/ld+json\" class=\"yoast-schema-graph\">{\"@context\":\"https:\\\/\\\/schema.org\",\"@graph\":[{\"@type\":[\"WebPage\",\"ItemPage\"],\"@id\":\"https:\\\/\\\/bbqentertainment.com\\\/toode\\\/juuretisega-leiva-kupsetamise-komplekt-rukkileib\\\/\",\"url\":\"https:\\\/\\\/bbqentertainment.com\\\/toode\\\/juuretisega-leiva-kupsetamise-komplekt-rukkileib\\\/\",\"name\":\"Juuretisega leiva k\u00fcpsetamise komplekt \u2013 Rukkileib - BBQ Entertainment\",\"isPartOf\":{\"@id\":\"https:\\\/\\\/bbqentertainment.com\\\/#website\"},\"primaryImageOfPage\":{\"@id\":\"https:\\\/\\\/bbqentertainment.com\\\/toode\\\/juuretisega-leiva-kupsetamise-komplekt-rukkileib\\\/#primaryimage\"},\"image\":{\"@id\":\"https:\\\/\\\/bbqentertainment.com\\\/toode\\\/juuretisega-leiva-kupsetamise-komplekt-rukkileib\\\/#primaryimage\"},\"thumbnailUrl\":\"https:\\\/\\\/bbqentertainment.com\\\/wp-content\\\/uploads\\\/2025\\\/12\\\/Ulembsootska-scaled.jpg.webp\",\"datePublished\":\"2025-12-15T08:20:36+00:00\",\"dateModified\":\"2025-12-30T10:33:59+00:00\",\"breadcrumb\":{\"@id\":\"https:\\\/\\\/bbqentertainment.com\\\/toode\\\/juuretisega-leiva-kupsetamise-komplekt-rukkileib\\\/#breadcrumb\"},\"inLanguage\":\"en-US\",\"potentialAction\":[{\"@type\":\"ReadAction\",\"target\":[\"https:\\\/\\\/bbqentertainment.com\\\/toode\\\/juuretisega-leiva-kupsetamise-komplekt-rukkileib\\\/\"]}]},{\"@type\":\"ImageObject\",\"inLanguage\":\"en-US\",\"@id\":\"https:\\\/\\\/bbqentertainment.com\\\/toode\\\/juuretisega-leiva-kupsetamise-komplekt-rukkileib\\\/#primaryimage\",\"url\":\"https:\\\/\\\/bbqentertainment.com\\\/wp-content\\\/uploads\\\/2025\\\/12\\\/Ulembsootska-scaled.jpg.webp\",\"contentUrl\":\"https:\\\/\\\/bbqentertainment.com\\\/wp-content\\\/uploads\\\/2025\\\/12\\\/Ulembsootska-scaled.jpg.webp\",\"width\":2560,\"height\":1925},{\"@type\":\"BreadcrumbList\",\"@id\":\"https:\\\/\\\/bbqentertainment.com\\\/toode\\\/juuretisega-leiva-kupsetamise-komplekt-rukkileib\\\/#breadcrumb\",\"itemListElement\":[{\"@type\":\"ListItem\",\"position\":1,\"name\":\"AVALEHT\",\"item\":\"https:\\\/\\\/bbqentertainment.com\\\/en\\\/\"},{\"@type\":\"ListItem\",\"position\":2,\"name\":\"Tooted\",\"item\":\"https:\\\/\\\/bbqentertainment.com\\\/tooted\\\/\"},{\"@type\":\"ListItem\",\"position\":3,\"name\":\"Maitseandjad\",\"item\":\"https:\\\/\\\/bbqentertainment.com\\\/en\\\/tootekategooria\\\/maitseandjad\\\/\"},{\"@type\":\"ListItem\",\"position\":4,\"name\":\"K\u00fcpsetised\",\"item\":\"https:\\\/\\\/bbqentertainment.com\\\/tootekategooria\\\/maitseandjad\\\/kupsetised\\\/\"},{\"@type\":\"ListItem\",\"position\":5,\"name\":\"Juuretisega leiva k\u00fcpsetamise komplekt \u2013 Rukkileib\"}]},{\"@type\":\"WebSite\",\"@id\":\"https:\\\/\\\/bbqentertainment.com\\\/#website\",\"url\":\"https:\\\/\\\/bbqentertainment.com\\\/\",\"name\":\"BBQ Entertainment\",\"description\":\"BBQ is a great lifestyle, not just fun!\",\"publisher\":{\"@id\":\"https:\\\/\\\/bbqentertainment.com\\\/#organization\"},\"potentialAction\":[{\"@type\":\"SearchAction\",\"target\":{\"@type\":\"EntryPoint\",\"urlTemplate\":\"https:\\\/\\\/bbqentertainment.com\\\/?s={search_term_string}\"},\"query-input\":{\"@type\":\"PropertyValueSpecification\",\"valueRequired\":true,\"valueName\":\"search_term_string\"}}],\"inLanguage\":\"en-US\"},{\"@type\":\"Organization\",\"@id\":\"https:\\\/\\\/bbqentertainment.com\\\/#organization\",\"name\":\"BBQ Entertainment O\u00dc\",\"url\":\"https:\\\/\\\/bbqentertainment.com\\\/\",\"logo\":{\"@type\":\"ImageObject\",\"inLanguage\":\"en-US\",\"@id\":\"https:\\\/\\\/bbqentertainment.com\\\/#\\\/schema\\\/logo\\\/image\\\/\",\"url\":\"https:\\\/\\\/bbqentertainment.com\\\/wp-content\\\/uploads\\\/2020\\\/04\\\/BBQ-Entertainment-N-Catering-Enn-Tobreluts-Logo.png\",\"contentUrl\":\"https:\\\/\\\/bbqentertainment.com\\\/wp-content\\\/uploads\\\/2020\\\/04\\\/BBQ-Entertainment-N-Catering-Enn-Tobreluts-Logo.png\",\"width\":628,\"height\":266,\"caption\":\"BBQ Entertainment O\u00dc\"},\"image\":{\"@id\":\"https:\\\/\\\/bbqentertainment.com\\\/#\\\/schema\\\/logo\\\/image\\\/\"},\"sameAs\":[\"https:\\\/\\\/www.facebook.com\\\/BBQ-Entertainment-N-Catering-2437913376443540\",\"https:\\\/\\\/www.instagram.com\\\/bbqentertainmentncatering\\\/\",\"https:\\\/\\\/www.youtube.com\\\/channel\\\/UCmpuANQVhLy2Md8nrenp2jA\"]}]}<\/script>\n<!-- \/ Yoast SEO plugin. -->","yoast_head_json":{"title":"Juuretisega leiva k\u00fcpsetamise komplekt \u2013 Rukkileib - BBQ Entertainment","robots":{"index":"index","follow":"follow","max-snippet":"max-snippet:-1","max-image-preview":"max-image-preview:large","max-video-preview":"max-video-preview:-1"},"canonical":"https:\/\/bbqentertainment.com\/toode\/juuretisega-leiva-kupsetamise-komplekt-rukkileib\/","og_locale":"en_US","og_type":"article","og_title":"Juuretisega leiva k\u00fcpsetamise komplekt \u2013 Rukkileib - BBQ Entertainment","og_description":"Juuretisega leiva k\u00fcpsetamise komplekt \u2013 Rukkileib Rukkileiva k\u00fcpsetamise komplektiga saad kodus k\u00fcpsetada puhta maitsega juuretisega rukkileiba, mis sobib h\u00e4sti nii igap\u00e4evaseks s\u00f6\u00f6miseks kui ka pidulauale. Komplekti jahusegu on ainult rukkijahudest \u2013 rukki t\u00e4istera- ja kroovjahust \u2013, et rukki iseloomulik maitse tuleks selgelt esile. Komplektis on k\u00f5ik vajalik \u00fche leiva jaoks: juuretis, t\u00e4pselt v\u00e4lja kaalutud jahusegu (jahud, sool, suhkur) ja k\u00fcpsetusvorm. Lisada on vaja ainult vett. K\u00f5ik koostisosad on retsepti j\u00e4rgi doseeritud, \u00fclej\u00e4\u00e4ke ei teki ja eraldi midagi juurde kaaluma ei pea. Kui seni on juuretisega leiva tegemine tundunud keeruline, siis selle komplektiga on protsess lihtne: sega koostisosad vastavalt juhendile veega, lase taignal kerkida ja k\u00fcpseta vormis l\u00e4bi.","og_url":"https:\/\/bbqentertainment.com\/toode\/juuretisega-leiva-kupsetamise-komplekt-rukkileib\/","og_site_name":"BBQ Entertainment","article_publisher":"https:\/\/www.facebook.com\/BBQ-Entertainment-N-Catering-2437913376443540","article_modified_time":"2025-12-30T10:33:59+00:00","og_image":[{"width":2560,"height":1925,"url":"https:\/\/bbqentertainment.com\/wp-content\/uploads\/2025\/12\/Ulembsootska-scaled.jpg.webp","type":"image\/webp"}],"twitter_card":"summary_large_image","twitter_misc":{"Est. reading time":"1 minute"},"schema":{"@context":"https:\/\/schema.org","@graph":[{"@type":["WebPage","ItemPage"],"@id":"https:\/\/bbqentertainment.com\/toode\/juuretisega-leiva-kupsetamise-komplekt-rukkileib\/","url":"https:\/\/bbqentertainment.com\/toode\/juuretisega-leiva-kupsetamise-komplekt-rukkileib\/","name":"Juuretisega leiva k\u00fcpsetamise komplekt \u2013 Rukkileib - BBQ Entertainment","isPartOf":{"@id":"https:\/\/bbqentertainment.com\/#website"},"primaryImageOfPage":{"@id":"https:\/\/bbqentertainment.com\/toode\/juuretisega-leiva-kupsetamise-komplekt-rukkileib\/#primaryimage"},"image":{"@id":"https:\/\/bbqentertainment.com\/toode\/juuretisega-leiva-kupsetamise-komplekt-rukkileib\/#primaryimage"},"thumbnailUrl":"https:\/\/bbqentertainment.com\/wp-content\/uploads\/2025\/12\/Ulembsootska-scaled.jpg.webp","datePublished":"2025-12-15T08:20:36+00:00","dateModified":"2025-12-30T10:33:59+00:00","breadcrumb":{"@id":"https:\/\/bbqentertainment.com\/toode\/juuretisega-leiva-kupsetamise-komplekt-rukkileib\/#breadcrumb"},"inLanguage":"en-US","potentialAction":[{"@type":"ReadAction","target":["https:\/\/bbqentertainment.com\/toode\/juuretisega-leiva-kupsetamise-komplekt-rukkileib\/"]}]},{"@type":"ImageObject","inLanguage":"en-US","@id":"https:\/\/bbqentertainment.com\/toode\/juuretisega-leiva-kupsetamise-komplekt-rukkileib\/#primaryimage","url":"https:\/\/bbqentertainment.com\/wp-content\/uploads\/2025\/12\/Ulembsootska-scaled.jpg.webp","contentUrl":"https:\/\/bbqentertainment.com\/wp-content\/uploads\/2025\/12\/Ulembsootska-scaled.jpg.webp","width":2560,"height":1925},{"@type":"BreadcrumbList","@id":"https:\/\/bbqentertainment.com\/toode\/juuretisega-leiva-kupsetamise-komplekt-rukkileib\/#breadcrumb","itemListElement":[{"@type":"ListItem","position":1,"name":"AVALEHT","item":"https:\/\/bbqentertainment.com\/en\/"},{"@type":"ListItem","position":2,"name":"Tooted","item":"https:\/\/bbqentertainment.com\/tooted\/"},{"@type":"ListItem","position":3,"name":"Maitseandjad","item":"https:\/\/bbqentertainment.com\/en\/tootekategooria\/maitseandjad\/"},{"@type":"ListItem","position":4,"name":"K\u00fcpsetised","item":"https:\/\/bbqentertainment.com\/tootekategooria\/maitseandjad\/kupsetised\/"},{"@type":"ListItem","position":5,"name":"Juuretisega leiva k\u00fcpsetamise komplekt \u2013 Rukkileib"}]},{"@type":"WebSite","@id":"https:\/\/bbqentertainment.com\/#website","url":"https:\/\/bbqentertainment.com\/","name":"BBQ Entertainment","description":"BBQ is a great lifestyle, not just fun!","publisher":{"@id":"https:\/\/bbqentertainment.com\/#organization"},"potentialAction":[{"@type":"SearchAction","target":{"@type":"EntryPoint","urlTemplate":"https:\/\/bbqentertainment.com\/?s={search_term_string}"},"query-input":{"@type":"PropertyValueSpecification","valueRequired":true,"valueName":"search_term_string"}}],"inLanguage":"en-US"},{"@type":"Organization","@id":"https:\/\/bbqentertainment.com\/#organization","name":"BBQ Entertainment O\u00dc","url":"https:\/\/bbqentertainment.com\/","logo":{"@type":"ImageObject","inLanguage":"en-US","@id":"https:\/\/bbqentertainment.com\/#\/schema\/logo\/image\/","url":"https:\/\/bbqentertainment.com\/wp-content\/uploads\/2020\/04\/BBQ-Entertainment-N-Catering-Enn-Tobreluts-Logo.png","contentUrl":"https:\/\/bbqentertainment.com\/wp-content\/uploads\/2020\/04\/BBQ-Entertainment-N-Catering-Enn-Tobreluts-Logo.png","width":628,"height":266,"caption":"BBQ Entertainment O\u00dc"},"image":{"@id":"https:\/\/bbqentertainment.com\/#\/schema\/logo\/image\/"},"sameAs":["https:\/\/www.facebook.com\/BBQ-Entertainment-N-Catering-2437913376443540","https:\/\/www.instagram.com\/bbqentertainmentncatering\/","https:\/\/www.youtube.com\/channel\/UCmpuANQVhLy2Md8nrenp2jA"]}]}},"_links":{"self":[{"href":"https:\/\/bbqentertainment.com\/en\/wp-json\/wp\/v2\/product\/256489","targetHints":{"allow":["GET"]}}],"collection":[{"href":"https:\/\/bbqentertainment.com\/en\/wp-json\/wp\/v2\/product"}],"about":[{"href":"https:\/\/bbqentertainment.com\/en\/wp-json\/wp\/v2\/types\/product"}],"wp:featuredmedia":[{"embeddable":true,"href":"https:\/\/bbqentertainment.com\/en\/wp-json\/wp\/v2\/media\/256487"}],"wp:attachment":[{"href":"https:\/\/bbqentertainment.com\/en\/wp-json\/wp\/v2\/media?parent=256489"}],"wp:term":[{"taxonomy":"product_brand","embeddable":true,"href":"https:\/\/bbqentertainment.com\/en\/wp-json\/wp\/v2\/product_brand?post=256489"},{"taxonomy":"product_cat","embeddable":true,"href":"https:\/\/bbqentertainment.com\/en\/wp-json\/wp\/v2\/product_cat?post=256489"},{"taxonomy":"product_tag","embeddable":true,"href":"https:\/\/bbqentertainment.com\/en\/wp-json\/wp\/v2\/product_tag?post=256489"}],"curies":[{"name":"wp","href":"https:\/\/api.w.org\/{rel}","templated":true}]}}