{"id":256813,"date":"2025-12-15T16:50:05","date_gmt":"2025-12-15T14:50:05","guid":{"rendered":"https:\/\/bbqentertainment.com\/?post_type=product&#038;p=256813"},"modified":"2026-04-13T22:10:52","modified_gmt":"2026-04-13T19:10:52","slug":"napoleon-apollo-22-as22k-5-uhes-soegrill-ja-aurusuitsuahi-must","status":"publish","type":"product","link":"https:\/\/bbqentertainment.com\/en\/toode\/napoleon-apollo-22-as22k-5-uhes-soegrill-ja-aurusuitsuahi-must\/","title":{"rendered":"Napoleon APOLLO BBQ-T\u00dcNN-SMOKER 22&#8221; (3-in-1 smoker &amp; bbq &amp; grill) (must)"},"content":{"rendered":"<article class=\"text-token-text-primary w-full focus:outline-none [--shadow-height:45px] has-data-writing-block:pointer-events-none has-data-writing-block:-mt-(--shadow-height) has-data-writing-block:pt-(--shadow-height) [&amp;:has([data-writing-block])&gt;*]:pointer-events-auto scroll-mt-[calc(var(--header-height)+min(200px,max(70px,20svh)))]\" dir=\"auto\" data-turn-id=\"request-WEB:055c1019-7ea2-44e2-be52-1e14ea1cd0d6-3\" data-testid=\"conversation-turn-8\" data-scroll-anchor=\"false\" data-turn=\"assistant\">\n<div class=\"text-base my-auto mx-auto [--thread-content-margin:--spacing(4)] @w-sm\/main:[--thread-content-margin:--spacing(6)] @w-lg\/main:[--thread-content-margin:--spacing(16)] px-(--thread-content-margin)\">\n<div class=\"[--thread-content-max-width:40rem] @w-lg\/main:[--thread-content-max-width:48rem] mx-auto max-w-(--thread-content-max-width) flex-1 group\/turn-messages focus-visible:outline-hidden relative flex w-full min-w-0 flex-col agent-turn\">\n<div class=\"flex max-w-full flex-col grow\">\n<div class=\"min-h-8 text-message relative flex w-full flex-col items-end gap-2 text-start break-words whitespace-normal [.text-message+&amp;]:mt-1\" dir=\"auto\" data-message-author-role=\"assistant\" data-message-id=\"c68e518a-f6d9-406f-9cf0-f6ac33efdb9a\" data-message-model-slug=\"gpt-5-1\">\n<div class=\"flex w-full flex-col gap-1 empty:hidden first:pt-[1px]\">\n<div class=\"markdown prose dark:prose-invert w-full break-words light markdown-new-styling\">\n<p data-start=\"496\" data-end=\"766\"><img loading=\"lazy\" decoding=\"async\" class=\"size-medium wp-image-12605 alignleft\" src=\"https:\/\/grilliguru.ee\/wp-content\/uploads\/2025\/12\/Napoleon-Apollo18K-4-300x300.png\" alt=\"\" width=\"300\" height=\"300\" \/>Napoleon Apollo AS22K on 22-tolline (55 cm) s\u00f6ega t\u00f6\u00f6tav aurusuitsuahi, mis on loodud autentseks BBQ \u201clow &amp; slow\u201d k\u00fcpsetuseks. Tulemuseks on s\u00fcgava suitsumaitsega mahlane brisket, pehmed ribid, pulled pork, linnuliha, kala ja k\u00f6\u00f6giviljad \u2013 just nii, nagu healt suitsuahjult oodata v\u00f5ib.<\/p>\n<p data-start=\"768\" data-end=\"1090\"><strong data-start=\"768\" data-end=\"813\">Miks veeanumaga (water smoker) suitsuahi?<\/strong><br data-start=\"813\" data-end=\"816\" \/>Apollo suurim tugevus on veega auru tekitamine suitsutamise protsessi ajal: alumisse sektsiooni lisatav veeanum aitab temperatuuri \u00fchtlasemana hoida, toimib kuumakilbina otsese s\u00f6ekuuma eest ning loob niiske k\u00fcpsetuskeskkonna. See aitab kaasa eriti mahlasele tulemusele ja stabiilsele suitsu tekkimisele.<\/p>\n<p data-start=\"1092\" data-end=\"1150\"><strong data-start=\"1092\" data-end=\"1148\">5-in-1 re\u017eiimid \u2013 vali sobiv seadistus igaks korraks<\/strong><\/p>\n<ul data-start=\"1151\" data-end=\"1628\">\n<li data-start=\"1151\" data-end=\"1255\">\n<p data-start=\"1153\" data-end=\"1255\">P\u00f6\u00f6rdvarda krae (p\u00f6\u00f6rdvarda komplekt m\u00fc\u00fcgil eraldi) \u2013 lisa p\u00f6\u00f6rdvarda v\u00f5imalus ja loo uusi maitseid.<\/p>\n<\/li>\n<li data-start=\"1256\" data-end=\"1350\">\n<p data-start=\"1258\" data-end=\"1350\">Vertikaalne kahe sektsiooniga suitsutamine \u2013 ideaalne suurtele lihat\u00fckkidele \u201clow &amp; slow\u201d.<\/p>\n<\/li>\n<li data-start=\"1351\" data-end=\"1447\">\n<p data-start=\"1353\" data-end=\"1447\">Vertikaalne \u00fche sektsiooniga suitsutamine \u2013 kanatiibadele, kanakintsudele ja v\u00e4iksematele lihat\u00fckkidele.<\/p>\n<\/li>\n<li data-start=\"1448\" data-end=\"1542\">\n<p data-start=\"1450\" data-end=\"1542\">Otsene s\u00f6egrillimine \/ pruunistamine \u2013 k\u00f5rge kuumus steikidele, burgeritele ja vorstidele.<\/p>\n<\/li>\n<li data-start=\"1543\" data-end=\"1628\">\n<p data-start=\"1545\" data-end=\"1628\">Open Fire re\u017eiim \u2013 muuda grill meeleolukaks tuleasemeks ja naudi \u00f5htust atmosf\u00e4\u00e4ri.<\/p>\n<\/li>\n<\/ul>\n<p data-start=\"1630\" data-end=\"1929\"><strong data-start=\"1630\" data-end=\"1675\">Suur mahutavus ja kvaliteetsed materjalid<\/strong><br data-start=\"1675\" data-end=\"1678\" \/>Kokku 2451cm\u00b2 k\u00fcpsetuspinda on jaotatud kolmele tasapinnale, mis annab paindlikkuse nii pere\u00f5htus\u00f6\u00f6giks kui suuremaks seltskonnaks. Premium 304 roostevabast terasest restid on vastupidavad, lihtsasti puhastatavad ja aitavad hoida \u00fchtlast kuumajaotust.<\/p>\n<p data-start=\"1931\" data-end=\"2197\"><strong data-start=\"1931\" data-end=\"1972\">T\u00e4pne temperatuuri- ja suitsukontroll<\/strong><br data-start=\"1972\" data-end=\"1975\" \/>Sisseehitatud ACCU-PROBE\u2122 temperatuuriandur (Smoke &amp; Sear vahemik) teeb j\u00e4lgimise lihtsaks. Reguleeritav \u00f5hu\/suitsu juhtimine ja silikoon-tihendiga sondiavad v\u00f5imaldavad k\u00fcpsetust peenh\u00e4\u00e4lestada ka v\u00e4liste termomeetritega.<\/p>\n<p data-start=\"2199\" data-end=\"2232\"><strong data-start=\"2199\" data-end=\"2230\">Mugav ja turvaline kasutada<\/strong><\/p>\n<ul data-start=\"2233\" data-end=\"2572\">\n<li data-start=\"2233\" data-end=\"2300\">\n<p data-start=\"2235\" data-end=\"2300\">Lukustatavad rattad \u2013 lihtne liigutada ja kindlalt paigal hoida<\/p>\n<\/li>\n<li data-start=\"2301\" data-end=\"2351\">\n<p data-start=\"2303\" data-end=\"2351\">Lukustusklambrid moodulitele\u2013 stabiilsus k\u00fcpsetamise ajal<\/p>\n<\/li>\n<li data-start=\"2352\" data-end=\"2412\">\n<p data-start=\"2354\" data-end=\"2412\">Isoleeritud kaanek\u00e4epide \u2013 mugavam ja ohutum k\u00e4sitsemine<\/p>\n<\/li>\n<li data-start=\"2413\" data-end=\"2503\">\n<p data-start=\"2415\" data-end=\"2503\">Kaas horisontaalse latiga ja S-konksuga \u2013 praktilised riputamise\/korralduse lahendused<\/p>\n<\/li>\n<li data-start=\"2504\" data-end=\"2572\">\n<p data-start=\"2506\" data-end=\"2572\">Roostevabast terasest p\u00f6\u00f6rdvarda r\u00f5ngas \u2013 laiendab kasutusv\u00f5imalusi<\/p>\n<\/li>\n<\/ul>\n<p data-start=\"2574\" data-end=\"2679\">Garantii: 10-aastane piiratud garantii.<br data-start=\"2613\" data-end=\"2616\" \/>M\u00e4rkus: p\u00f6\u00f6rdvarras komplekt ei kuulu komplekti (m\u00fc\u00fcgil eraldi).<\/p>\n<hr data-start=\"2681\" data-end=\"2684\" \/>\n<h3 data-start=\"2686\" data-end=\"2734\">Tehnilised andmed<\/h3>\n<ul data-start=\"2735\" data-end=\"3301\">\n<li data-start=\"2735\" data-end=\"2758\">\n<p data-start=\"2737\" data-end=\"2758\">Mudel: Apollo AS22K<\/p>\n<\/li>\n<li data-start=\"2759\" data-end=\"2817\">\n<p data-start=\"2761\" data-end=\"2817\">T\u00fc\u00fcp: S\u00f6e-auru suitsuahi (Charcoal Water Smoker), 5-in-1<\/p>\n<\/li>\n<li data-start=\"2818\" data-end=\"2849\">\n<p data-start=\"2820\" data-end=\"2849\">K\u00fcpsetuspind kokku: 2451 cm\u00b2<\/p>\n<\/li>\n<li data-start=\"2850\" data-end=\"2867\">\n<p data-start=\"2852\" data-end=\"2867\">Tasapinnad: 3<\/p>\n<\/li>\n<li data-start=\"2868\" data-end=\"2893\">\n<p data-start=\"2870\" data-end=\"2893\">L\u00e4bim\u00f5\u00f5t: 22\u201d \/ 55 cm<\/p>\n<\/li>\n<li data-start=\"2894\" data-end=\"2926\">\n<p data-start=\"2896\" data-end=\"2926\">Restid: 304 roostevaba teras<\/p>\n<\/li>\n<li data-start=\"2927\" data-end=\"2978\">\n<p data-start=\"2929\" data-end=\"2978\">Termomeeter: ACCU-PROBE\u2122 (Smoke &amp; Sear vahemik)<\/p>\n<\/li>\n<li data-start=\"2979\" data-end=\"3017\">\n<p data-start=\"2981\" data-end=\"3017\">Suitsu\/\u00f5hu juhtimine: reguleeritav<\/p>\n<\/li>\n<li data-start=\"3018\" data-end=\"3051\">\n<p data-start=\"3020\" data-end=\"3051\">Sondiavad: silikoon-tihendiga<\/p>\n<\/li>\n<li data-start=\"3052\" data-end=\"3085\">\n<p data-start=\"3054\" data-end=\"3085\">Liikuvus: lukustatavad rattad<\/p>\n<\/li>\n<li data-start=\"3086\" data-end=\"3122\">\n<p data-start=\"3088\" data-end=\"3122\">M\u00f5\u00f5dud (HxWxD): 140 \u00d7 55 \u00d7 55cm<\/p>\n<\/li>\n<li data-start=\"3210\" data-end=\"3269\">\n<p data-start=\"3212\" data-end=\"3269\">P\u00f6\u00f6rdvarda komplekt: ei kuulu komplekti (m\u00fc\u00fcgil eraldi)<\/p>\n<\/li>\n<li data-start=\"3270\" data-end=\"3301\">\n<p data-start=\"3272\" data-end=\"3301\">Garantii: 10-aastane piiratud<\/p>\n<\/li>\n<\/ul>\n<p data-start=\"3598\" data-end=\"3626\" data-is-last-node=\"\">\n<\/div>\n<\/div>\n<\/div>\n<\/div>\n<div class=\"z-0 flex min-h-[46px] justify-start\"><\/div>\n<\/div>\n<\/div>\n<\/article>\n<article class=\"text-token-text-primary w-full focus:outline-none [--shadow-height:45px] has-data-writing-block:pointer-events-none has-data-writing-block:-mt-(--shadow-height) has-data-writing-block:pt-(--shadow-height) [&amp;:has([data-writing-block])&gt;*]:pointer-events-auto scroll-mt-(--header-height)\" dir=\"auto\" data-turn-id=\"cf2ee1f5-5479-438c-acca-a409d469b03f\" data-testid=\"conversation-turn-9\" data-scroll-anchor=\"false\" data-turn=\"user\">\n<h5 class=\"sr-only\"><\/h5>\n<\/article>\n","protected":false},"excerpt":{"rendered":"<h3 data-start=\"54\" data-end=\"438\"><strong>Napoleon APOLLO BBQ-T\u00dcNN-SMOKER 22&#8221; (3-in-1 smoker &amp; bbq &amp; grill) (must)<\/strong><\/h3>\n<p data-start=\"54\" data-end=\"438\">Napoleon Apollo AS22K on 22\u201d (55 cm) s\u00f6ega t\u00f6\u00f6tav aurusuitsuahi (watersmoker), mis pakub viis verinevat kasutusv\u00f5imalust: vertikaalne suitsutamine (\u00fcks\/kahe sektsiooniga), otsene s\u00f6egrillimine, lahtine tuleaseme re\u017eiim ning p\u00f6\u00f6rdvardaga grillimine (varda komplekt m\u00fc\u00fcgil eraldi). 304 roostevabast terasest restid, 3 k\u00fcpsetustaset ja ACCU-PROBE\u2122 termomeeter tagavad t\u00e4pse kontrolli.<\/p>\n","protected":false},"featured_media":256854,"template":"","meta":{"inline_featured_image":false},"product_brand":[],"product_cat":[17,650,625],"product_tag":[],"class_list":{"0":"post-256813","1":"product","2":"type-product","3":"status-publish","4":"has-post-thumbnail","6":"product_cat-grillid-ja-ahjud","7":"product_cat-suitsuahjud","8":"product_cat-napoleon-soegrillid","9":"product_shipping_class-ainult-ise-jarele-tulemisega","11":"first","12":"instock","13":"taxable","14":"shipping-taxable","15":"purchasable","16":"product-type-simple"},"yoast_head":"<!-- This site is optimized with the Yoast SEO plugin v27.4 - https:\/\/yoast.com\/product\/yoast-seo-wordpress\/ -->\n<title>Napoleon APOLLO BBQ-T\u00dcNN-SMOKER 22&#039;&#039; (3-in-1 smoker &amp; bbq &amp; grill) (must) - BBQ Entertainment<\/title>\n<meta name=\"robots\" content=\"index, follow, max-snippet:-1, max-image-preview:large, max-video-preview:-1\" \/>\n<link rel=\"canonical\" href=\"https:\/\/bbqentertainment.com\/toode\/napoleon-apollo-22-as22k-5-uhes-soegrill-ja-aurusuitsuahi-must\/\" \/>\n<meta property=\"og:locale\" content=\"en_US\" \/>\n<meta property=\"og:type\" content=\"article\" \/>\n<meta property=\"og:title\" content=\"Napoleon APOLLO BBQ-T\u00dcNN-SMOKER 22&#039;&#039; (3-in-1 smoker &amp; bbq &amp; grill) (must) - BBQ Entertainment\" \/>\n<meta property=\"og:description\" content=\"Napoleon APOLLO BBQ-T\u00dcNN-SMOKER 22&#039;&#039; (3-in-1 smoker &amp; bbq &amp; grill) (must) Napoleon Apollo AS22K on 22\u201d (55 cm) s\u00f6ega t\u00f6\u00f6tav aurusuitsuahi (watersmoker), mis pakub viis verinevat kasutusv\u00f5imalust: vertikaalne suitsutamine (\u00fcks\/kahe sektsiooniga), otsene s\u00f6egrillimine, lahtine tuleaseme re\u017eiim ning p\u00f6\u00f6rdvardaga grillimine (varda komplekt m\u00fc\u00fcgil eraldi). 304 roostevabast terasest restid, 3 k\u00fcpsetustaset ja ACCU-PROBE\u2122 termomeeter tagavad t\u00e4pse kontrolli.\" \/>\n<meta property=\"og:url\" content=\"https:\/\/bbqentertainment.com\/toode\/napoleon-apollo-22-as22k-5-uhes-soegrill-ja-aurusuitsuahi-must\/\" \/>\n<meta property=\"og:site_name\" content=\"BBQ Entertainment\" \/>\n<meta property=\"article:publisher\" content=\"https:\/\/www.facebook.com\/BBQ-Entertainment-N-Catering-2437913376443540\" \/>\n<meta property=\"article:modified_time\" content=\"2026-04-13T19:10:52+00:00\" \/>\n<meta property=\"og:image\" content=\"https:\/\/bbqentertainment.com\/wp-content\/uploads\/2025\/12\/Napoleon-Apollo22K-soegrill.png\" \/>\n\t<meta property=\"og:image:width\" content=\"1200\" \/>\n\t<meta property=\"og:image:height\" content=\"1200\" \/>\n\t<meta property=\"og:image:type\" content=\"image\/png\" \/>\n<meta name=\"twitter:card\" content=\"summary_large_image\" \/>\n<meta name=\"twitter:label1\" content=\"Est. reading time\" \/>\n\t<meta name=\"twitter:data1\" content=\"3 minutes\" \/>\n<script type=\"application\/ld+json\" class=\"yoast-schema-graph\">{\"@context\":\"https:\\\/\\\/schema.org\",\"@graph\":[{\"@type\":[\"WebPage\",\"ItemPage\"],\"@id\":\"https:\\\/\\\/bbqentertainment.com\\\/toode\\\/napoleon-apollo-22-as22k-5-uhes-soegrill-ja-aurusuitsuahi-must\\\/\",\"url\":\"https:\\\/\\\/bbqentertainment.com\\\/toode\\\/napoleon-apollo-22-as22k-5-uhes-soegrill-ja-aurusuitsuahi-must\\\/\",\"name\":\"Napoleon APOLLO BBQ-T\u00dcNN-SMOKER 22'' (3-in-1 smoker &amp; bbq &amp; grill) (must) - BBQ Entertainment\",\"isPartOf\":{\"@id\":\"https:\\\/\\\/bbqentertainment.com\\\/#website\"},\"primaryImageOfPage\":{\"@id\":\"https:\\\/\\\/bbqentertainment.com\\\/toode\\\/napoleon-apollo-22-as22k-5-uhes-soegrill-ja-aurusuitsuahi-must\\\/#primaryimage\"},\"image\":{\"@id\":\"https:\\\/\\\/bbqentertainment.com\\\/toode\\\/napoleon-apollo-22-as22k-5-uhes-soegrill-ja-aurusuitsuahi-must\\\/#primaryimage\"},\"thumbnailUrl\":\"https:\\\/\\\/bbqentertainment.com\\\/wp-content\\\/uploads\\\/2025\\\/12\\\/Napoleon-Apollo22K-soegrill.png\",\"datePublished\":\"2025-12-15T14:50:05+00:00\",\"dateModified\":\"2026-04-13T19:10:52+00:00\",\"breadcrumb\":{\"@id\":\"https:\\\/\\\/bbqentertainment.com\\\/toode\\\/napoleon-apollo-22-as22k-5-uhes-soegrill-ja-aurusuitsuahi-must\\\/#breadcrumb\"},\"inLanguage\":\"en-US\",\"potentialAction\":[{\"@type\":\"ReadAction\",\"target\":[\"https:\\\/\\\/bbqentertainment.com\\\/toode\\\/napoleon-apollo-22-as22k-5-uhes-soegrill-ja-aurusuitsuahi-must\\\/\"]}]},{\"@type\":\"ImageObject\",\"inLanguage\":\"en-US\",\"@id\":\"https:\\\/\\\/bbqentertainment.com\\\/toode\\\/napoleon-apollo-22-as22k-5-uhes-soegrill-ja-aurusuitsuahi-must\\\/#primaryimage\",\"url\":\"https:\\\/\\\/bbqentertainment.com\\\/wp-content\\\/uploads\\\/2025\\\/12\\\/Napoleon-Apollo22K-soegrill.png\",\"contentUrl\":\"https:\\\/\\\/bbqentertainment.com\\\/wp-content\\\/uploads\\\/2025\\\/12\\\/Napoleon-Apollo22K-soegrill.png\",\"width\":1200,\"height\":1200},{\"@type\":\"BreadcrumbList\",\"@id\":\"https:\\\/\\\/bbqentertainment.com\\\/toode\\\/napoleon-apollo-22-as22k-5-uhes-soegrill-ja-aurusuitsuahi-must\\\/#breadcrumb\",\"itemListElement\":[{\"@type\":\"ListItem\",\"position\":1,\"name\":\"AVALEHT\",\"item\":\"https:\\\/\\\/bbqentertainment.com\\\/en\\\/\"},{\"@type\":\"ListItem\",\"position\":2,\"name\":\"Tooted\",\"item\":\"https:\\\/\\\/bbqentertainment.com\\\/tooted\\\/\"},{\"@type\":\"ListItem\",\"position\":3,\"name\":\"Grillid ja ahjud\",\"item\":\"https:\\\/\\\/bbqentertainment.com\\\/tootekategooria\\\/grillid-ja-ahjud\\\/\"},{\"@type\":\"ListItem\",\"position\":4,\"name\":\"Napoleon s\u00f6egrillid\",\"item\":\"https:\\\/\\\/bbqentertainment.com\\\/tootekategooria\\\/grillid-ja-ahjud\\\/napoleon-soegrillid\\\/\"},{\"@type\":\"ListItem\",\"position\":5,\"name\":\"Napoleon APOLLO BBQ-T\u00dcNN-SMOKER 22&#8221; (3-in-1 smoker &amp; bbq &amp; grill) (must)\"}]},{\"@type\":\"WebSite\",\"@id\":\"https:\\\/\\\/bbqentertainment.com\\\/#website\",\"url\":\"https:\\\/\\\/bbqentertainment.com\\\/\",\"name\":\"BBQ Entertainment\",\"description\":\"BBQ is a great lifestyle, not just fun!\",\"publisher\":{\"@id\":\"https:\\\/\\\/bbqentertainment.com\\\/#organization\"},\"potentialAction\":[{\"@type\":\"SearchAction\",\"target\":{\"@type\":\"EntryPoint\",\"urlTemplate\":\"https:\\\/\\\/bbqentertainment.com\\\/?s={search_term_string}\"},\"query-input\":{\"@type\":\"PropertyValueSpecification\",\"valueRequired\":true,\"valueName\":\"search_term_string\"}}],\"inLanguage\":\"en-US\"},{\"@type\":\"Organization\",\"@id\":\"https:\\\/\\\/bbqentertainment.com\\\/#organization\",\"name\":\"BBQ Entertainment O\u00dc\",\"url\":\"https:\\\/\\\/bbqentertainment.com\\\/\",\"logo\":{\"@type\":\"ImageObject\",\"inLanguage\":\"en-US\",\"@id\":\"https:\\\/\\\/bbqentertainment.com\\\/#\\\/schema\\\/logo\\\/image\\\/\",\"url\":\"https:\\\/\\\/bbqentertainment.com\\\/wp-content\\\/uploads\\\/2020\\\/04\\\/BBQ-Entertainment-N-Catering-Enn-Tobreluts-Logo.png\",\"contentUrl\":\"https:\\\/\\\/bbqentertainment.com\\\/wp-content\\\/uploads\\\/2020\\\/04\\\/BBQ-Entertainment-N-Catering-Enn-Tobreluts-Logo.png\",\"width\":628,\"height\":266,\"caption\":\"BBQ Entertainment O\u00dc\"},\"image\":{\"@id\":\"https:\\\/\\\/bbqentertainment.com\\\/#\\\/schema\\\/logo\\\/image\\\/\"},\"sameAs\":[\"https:\\\/\\\/www.facebook.com\\\/BBQ-Entertainment-N-Catering-2437913376443540\",\"https:\\\/\\\/www.instagram.com\\\/bbqentertainmentncatering\\\/\",\"https:\\\/\\\/www.youtube.com\\\/channel\\\/UCmpuANQVhLy2Md8nrenp2jA\"]}]}<\/script>\n<!-- \/ Yoast SEO plugin. -->","yoast_head_json":{"title":"Napoleon APOLLO BBQ-T\u00dcNN-SMOKER 22'' (3-in-1 smoker &amp; bbq &amp; grill) (must) - BBQ Entertainment","robots":{"index":"index","follow":"follow","max-snippet":"max-snippet:-1","max-image-preview":"max-image-preview:large","max-video-preview":"max-video-preview:-1"},"canonical":"https:\/\/bbqentertainment.com\/toode\/napoleon-apollo-22-as22k-5-uhes-soegrill-ja-aurusuitsuahi-must\/","og_locale":"en_US","og_type":"article","og_title":"Napoleon APOLLO BBQ-T\u00dcNN-SMOKER 22'' (3-in-1 smoker &amp; bbq &amp; grill) (must) - BBQ Entertainment","og_description":"Napoleon APOLLO BBQ-T\u00dcNN-SMOKER 22'' (3-in-1 smoker &amp; bbq &amp; grill) (must) Napoleon Apollo AS22K on 22\u201d (55 cm) s\u00f6ega t\u00f6\u00f6tav aurusuitsuahi (watersmoker), mis pakub viis verinevat kasutusv\u00f5imalust: vertikaalne suitsutamine (\u00fcks\/kahe sektsiooniga), otsene s\u00f6egrillimine, lahtine tuleaseme re\u017eiim ning p\u00f6\u00f6rdvardaga grillimine (varda komplekt m\u00fc\u00fcgil eraldi). 304 roostevabast terasest restid, 3 k\u00fcpsetustaset ja ACCU-PROBE\u2122 termomeeter tagavad t\u00e4pse kontrolli.","og_url":"https:\/\/bbqentertainment.com\/toode\/napoleon-apollo-22-as22k-5-uhes-soegrill-ja-aurusuitsuahi-must\/","og_site_name":"BBQ Entertainment","article_publisher":"https:\/\/www.facebook.com\/BBQ-Entertainment-N-Catering-2437913376443540","article_modified_time":"2026-04-13T19:10:52+00:00","og_image":[{"width":1200,"height":1200,"url":"https:\/\/bbqentertainment.com\/wp-content\/uploads\/2025\/12\/Napoleon-Apollo22K-soegrill.png","type":"image\/png"}],"twitter_card":"summary_large_image","twitter_misc":{"Est. reading time":"3 minutes"},"schema":{"@context":"https:\/\/schema.org","@graph":[{"@type":["WebPage","ItemPage"],"@id":"https:\/\/bbqentertainment.com\/toode\/napoleon-apollo-22-as22k-5-uhes-soegrill-ja-aurusuitsuahi-must\/","url":"https:\/\/bbqentertainment.com\/toode\/napoleon-apollo-22-as22k-5-uhes-soegrill-ja-aurusuitsuahi-must\/","name":"Napoleon APOLLO BBQ-T\u00dcNN-SMOKER 22'' (3-in-1 smoker &amp; bbq &amp; grill) (must) - BBQ Entertainment","isPartOf":{"@id":"https:\/\/bbqentertainment.com\/#website"},"primaryImageOfPage":{"@id":"https:\/\/bbqentertainment.com\/toode\/napoleon-apollo-22-as22k-5-uhes-soegrill-ja-aurusuitsuahi-must\/#primaryimage"},"image":{"@id":"https:\/\/bbqentertainment.com\/toode\/napoleon-apollo-22-as22k-5-uhes-soegrill-ja-aurusuitsuahi-must\/#primaryimage"},"thumbnailUrl":"https:\/\/bbqentertainment.com\/wp-content\/uploads\/2025\/12\/Napoleon-Apollo22K-soegrill.png","datePublished":"2025-12-15T14:50:05+00:00","dateModified":"2026-04-13T19:10:52+00:00","breadcrumb":{"@id":"https:\/\/bbqentertainment.com\/toode\/napoleon-apollo-22-as22k-5-uhes-soegrill-ja-aurusuitsuahi-must\/#breadcrumb"},"inLanguage":"en-US","potentialAction":[{"@type":"ReadAction","target":["https:\/\/bbqentertainment.com\/toode\/napoleon-apollo-22-as22k-5-uhes-soegrill-ja-aurusuitsuahi-must\/"]}]},{"@type":"ImageObject","inLanguage":"en-US","@id":"https:\/\/bbqentertainment.com\/toode\/napoleon-apollo-22-as22k-5-uhes-soegrill-ja-aurusuitsuahi-must\/#primaryimage","url":"https:\/\/bbqentertainment.com\/wp-content\/uploads\/2025\/12\/Napoleon-Apollo22K-soegrill.png","contentUrl":"https:\/\/bbqentertainment.com\/wp-content\/uploads\/2025\/12\/Napoleon-Apollo22K-soegrill.png","width":1200,"height":1200},{"@type":"BreadcrumbList","@id":"https:\/\/bbqentertainment.com\/toode\/napoleon-apollo-22-as22k-5-uhes-soegrill-ja-aurusuitsuahi-must\/#breadcrumb","itemListElement":[{"@type":"ListItem","position":1,"name":"AVALEHT","item":"https:\/\/bbqentertainment.com\/en\/"},{"@type":"ListItem","position":2,"name":"Tooted","item":"https:\/\/bbqentertainment.com\/tooted\/"},{"@type":"ListItem","position":3,"name":"Grillid ja ahjud","item":"https:\/\/bbqentertainment.com\/tootekategooria\/grillid-ja-ahjud\/"},{"@type":"ListItem","position":4,"name":"Napoleon s\u00f6egrillid","item":"https:\/\/bbqentertainment.com\/tootekategooria\/grillid-ja-ahjud\/napoleon-soegrillid\/"},{"@type":"ListItem","position":5,"name":"Napoleon APOLLO BBQ-T\u00dcNN-SMOKER 22&#8221; (3-in-1 smoker &amp; bbq &amp; grill) (must)"}]},{"@type":"WebSite","@id":"https:\/\/bbqentertainment.com\/#website","url":"https:\/\/bbqentertainment.com\/","name":"BBQ Entertainment","description":"BBQ is a great lifestyle, not just fun!","publisher":{"@id":"https:\/\/bbqentertainment.com\/#organization"},"potentialAction":[{"@type":"SearchAction","target":{"@type":"EntryPoint","urlTemplate":"https:\/\/bbqentertainment.com\/?s={search_term_string}"},"query-input":{"@type":"PropertyValueSpecification","valueRequired":true,"valueName":"search_term_string"}}],"inLanguage":"en-US"},{"@type":"Organization","@id":"https:\/\/bbqentertainment.com\/#organization","name":"BBQ Entertainment O\u00dc","url":"https:\/\/bbqentertainment.com\/","logo":{"@type":"ImageObject","inLanguage":"en-US","@id":"https:\/\/bbqentertainment.com\/#\/schema\/logo\/image\/","url":"https:\/\/bbqentertainment.com\/wp-content\/uploads\/2020\/04\/BBQ-Entertainment-N-Catering-Enn-Tobreluts-Logo.png","contentUrl":"https:\/\/bbqentertainment.com\/wp-content\/uploads\/2020\/04\/BBQ-Entertainment-N-Catering-Enn-Tobreluts-Logo.png","width":628,"height":266,"caption":"BBQ Entertainment O\u00dc"},"image":{"@id":"https:\/\/bbqentertainment.com\/#\/schema\/logo\/image\/"},"sameAs":["https:\/\/www.facebook.com\/BBQ-Entertainment-N-Catering-2437913376443540","https:\/\/www.instagram.com\/bbqentertainmentncatering\/","https:\/\/www.youtube.com\/channel\/UCmpuANQVhLy2Md8nrenp2jA"]}]}},"_links":{"self":[{"href":"https:\/\/bbqentertainment.com\/en\/wp-json\/wp\/v2\/product\/256813","targetHints":{"allow":["GET"]}}],"collection":[{"href":"https:\/\/bbqentertainment.com\/en\/wp-json\/wp\/v2\/product"}],"about":[{"href":"https:\/\/bbqentertainment.com\/en\/wp-json\/wp\/v2\/types\/product"}],"wp:featuredmedia":[{"embeddable":true,"href":"https:\/\/bbqentertainment.com\/en\/wp-json\/wp\/v2\/media\/256854"}],"wp:attachment":[{"href":"https:\/\/bbqentertainment.com\/en\/wp-json\/wp\/v2\/media?parent=256813"}],"wp:term":[{"taxonomy":"product_brand","embeddable":true,"href":"https:\/\/bbqentertainment.com\/en\/wp-json\/wp\/v2\/product_brand?post=256813"},{"taxonomy":"product_cat","embeddable":true,"href":"https:\/\/bbqentertainment.com\/en\/wp-json\/wp\/v2\/product_cat?post=256813"},{"taxonomy":"product_tag","embeddable":true,"href":"https:\/\/bbqentertainment.com\/en\/wp-json\/wp\/v2\/product_tag?post=256813"}],"curies":[{"name":"wp","href":"https:\/\/api.w.org\/{rel}","templated":true}]}}