{"id":256983,"date":"2025-12-29T18:19:20","date_gmt":"2025-12-29T16:19:20","guid":{"rendered":"https:\/\/bbqentertainment.com\/?post_type=product&#038;p=256983"},"modified":"2026-04-16T09:55:55","modified_gmt":"2026-04-16T06:55:55","slug":"napoleon-kolmekulgne-grillihari-pudeliavajaga","status":"publish","type":"product","link":"https:\/\/bbqentertainment.com\/en\/toode\/napoleon-kolmekulgne-grillihari-pudeliavajaga\/","title":{"rendered":"Napoleon kolmek\u00fclgne grillipuhatushari pudeliavajaga"},"content":{"rendered":"","protected":false},"excerpt":{"rendered":"<h3><strong>Napoleon kolmek\u00fclgne grillihari pudeliavajaga<\/strong><\/h3>\n<p data-start=\"0\" data-end=\"254\">Kolmek\u00fclgne messingharjastega grillihari on m\u00f5eldud igap\u00e4evaseks grillipuhastuseks, eriti portselanemailiga kaetud malmrestidele. Messingharjased puhastavad t\u00f5husalt, kuid on restipinnale \u00f5rnemad kui roostevaba teras, aidates v\u00e4hendada kriimustuste ohtu.<\/p>\n<p data-start=\"256\" data-end=\"518\">Kompaktne harjapea p\u00e4\u00e4seb h\u00e4sti restivarte vahele ja raskemini ligip\u00e4\u00e4setavatesse nurkadesse. Soojal (kuumal) restil kasutades tuleb kinnij\u00e4\u00e4nud toiduj\u00e4\u00e4gid kergemini lahti. K\u00e4epide on kuumakindel ja mugav hoida, mis teeb harja kasutamise kindla ja ettearvatava.<\/p>\n<p data-start=\"520\" data-end=\"635\">K\u00e4epidemesse integreeritud pudeliavaja toimib \u00fchtlasi riputuskonksuna, et hari oleks alati grilli juures k\u00e4ep\u00e4rast.<\/p>\n<p data-start=\"353\" data-end=\"574\" data-is-last-node=\"\" data-is-only-node=\"\">\n","protected":false},"featured_media":256984,"template":"","meta":{"inline_featured_image":false},"product_brand":[],"product_cat":[92,562,479],"product_tag":[],"class_list":{"0":"post-256983","1":"product","2":"type-product","3":"status-publish","4":"has-post-thumbnail","6":"product_cat-lisatarvikud","7":"product_cat-lisatarvikud-napoleon","8":"product_cat-grillitarvikud","10":"first","11":"instock","12":"taxable","13":"shipping-taxable","14":"purchasable","15":"product-type-simple"},"yoast_head":"<!-- This site is optimized with the Yoast SEO plugin v27.4 - https:\/\/yoast.com\/product\/yoast-seo-wordpress\/ -->\n<title>Napoleon kolmek\u00fclgne grillipuhatushari pudeliavajaga - BBQ Entertainment<\/title>\n<meta name=\"robots\" content=\"index, follow, max-snippet:-1, max-image-preview:large, max-video-preview:-1\" \/>\n<link rel=\"canonical\" href=\"https:\/\/bbqentertainment.com\/toode\/napoleon-kolmekulgne-grillihari-pudeliavajaga\/\" \/>\n<meta property=\"og:locale\" content=\"en_US\" \/>\n<meta property=\"og:type\" content=\"article\" \/>\n<meta property=\"og:title\" content=\"Napoleon kolmek\u00fclgne grillipuhatushari pudeliavajaga - BBQ Entertainment\" \/>\n<meta property=\"og:description\" content=\"Napoleon kolmek\u00fclgne grillihari pudeliavajaga Kolmek\u00fclgne messingharjastega grillihari on m\u00f5eldud igap\u00e4evaseks grillipuhastuseks, eriti portselanemailiga kaetud malmrestidele. Messingharjased puhastavad t\u00f5husalt, kuid on restipinnale \u00f5rnemad kui roostevaba teras, aidates v\u00e4hendada kriimustuste ohtu. Kompaktne harjapea p\u00e4\u00e4seb h\u00e4sti restivarte vahele ja raskemini ligip\u00e4\u00e4setavatesse nurkadesse. Soojal (kuumal) restil kasutades tuleb kinnij\u00e4\u00e4nud toiduj\u00e4\u00e4gid kergemini lahti. K\u00e4epide on kuumakindel ja mugav hoida, mis teeb harja kasutamise kindla ja ettearvatava. K\u00e4epidemesse integreeritud pudeliavaja toimib \u00fchtlasi riputuskonksuna, et hari oleks alati grilli juures k\u00e4ep\u00e4rast.\" \/>\n<meta property=\"og:url\" content=\"https:\/\/bbqentertainment.com\/toode\/napoleon-kolmekulgne-grillihari-pudeliavajaga\/\" \/>\n<meta property=\"og:site_name\" content=\"BBQ Entertainment\" \/>\n<meta property=\"article:publisher\" content=\"https:\/\/www.facebook.com\/BBQ-Entertainment-N-Catering-2437913376443540\" \/>\n<meta property=\"article:modified_time\" content=\"2026-04-16T06:55:55+00:00\" \/>\n<meta property=\"og:image\" content=\"https:\/\/bbqentertainment.com\/wp-content\/uploads\/2025\/12\/Napoleon-62012-Three-Sided-Grill-Brush-with-Bottle-Opener.jpg.webp\" \/>\n\t<meta property=\"og:image:width\" content=\"1920\" \/>\n\t<meta property=\"og:image:height\" content=\"1920\" \/>\n\t<meta property=\"og:image:type\" content=\"image\/webp\" \/>\n<meta name=\"twitter:card\" content=\"summary_large_image\" \/>\n<meta name=\"twitter:label1\" content=\"Est. reading time\" \/>\n\t<meta name=\"twitter:data1\" content=\"1 minute\" \/>\n<script type=\"application\/ld+json\" class=\"yoast-schema-graph\">{\"@context\":\"https:\\\/\\\/schema.org\",\"@graph\":[{\"@type\":[\"WebPage\",\"ItemPage\"],\"@id\":\"https:\\\/\\\/bbqentertainment.com\\\/toode\\\/napoleon-kolmekulgne-grillihari-pudeliavajaga\\\/\",\"url\":\"https:\\\/\\\/bbqentertainment.com\\\/toode\\\/napoleon-kolmekulgne-grillihari-pudeliavajaga\\\/\",\"name\":\"Napoleon kolmek\u00fclgne grillipuhatushari pudeliavajaga - BBQ Entertainment\",\"isPartOf\":{\"@id\":\"https:\\\/\\\/bbqentertainment.com\\\/#website\"},\"primaryImageOfPage\":{\"@id\":\"https:\\\/\\\/bbqentertainment.com\\\/toode\\\/napoleon-kolmekulgne-grillihari-pudeliavajaga\\\/#primaryimage\"},\"image\":{\"@id\":\"https:\\\/\\\/bbqentertainment.com\\\/toode\\\/napoleon-kolmekulgne-grillihari-pudeliavajaga\\\/#primaryimage\"},\"thumbnailUrl\":\"https:\\\/\\\/bbqentertainment.com\\\/wp-content\\\/uploads\\\/2025\\\/12\\\/Napoleon-62012-Three-Sided-Grill-Brush-with-Bottle-Opener.jpg.webp\",\"datePublished\":\"2025-12-29T16:19:20+00:00\",\"dateModified\":\"2026-04-16T06:55:55+00:00\",\"breadcrumb\":{\"@id\":\"https:\\\/\\\/bbqentertainment.com\\\/toode\\\/napoleon-kolmekulgne-grillihari-pudeliavajaga\\\/#breadcrumb\"},\"inLanguage\":\"en-US\",\"potentialAction\":[{\"@type\":\"ReadAction\",\"target\":[\"https:\\\/\\\/bbqentertainment.com\\\/toode\\\/napoleon-kolmekulgne-grillihari-pudeliavajaga\\\/\"]}]},{\"@type\":\"ImageObject\",\"inLanguage\":\"en-US\",\"@id\":\"https:\\\/\\\/bbqentertainment.com\\\/toode\\\/napoleon-kolmekulgne-grillihari-pudeliavajaga\\\/#primaryimage\",\"url\":\"https:\\\/\\\/bbqentertainment.com\\\/wp-content\\\/uploads\\\/2025\\\/12\\\/Napoleon-62012-Three-Sided-Grill-Brush-with-Bottle-Opener.jpg.webp\",\"contentUrl\":\"https:\\\/\\\/bbqentertainment.com\\\/wp-content\\\/uploads\\\/2025\\\/12\\\/Napoleon-62012-Three-Sided-Grill-Brush-with-Bottle-Opener.jpg.webp\",\"width\":1920,\"height\":1920},{\"@type\":\"BreadcrumbList\",\"@id\":\"https:\\\/\\\/bbqentertainment.com\\\/toode\\\/napoleon-kolmekulgne-grillihari-pudeliavajaga\\\/#breadcrumb\",\"itemListElement\":[{\"@type\":\"ListItem\",\"position\":1,\"name\":\"AVALEHT\",\"item\":\"https:\\\/\\\/bbqentertainment.com\\\/en\\\/\"},{\"@type\":\"ListItem\",\"position\":2,\"name\":\"Tooted\",\"item\":\"https:\\\/\\\/bbqentertainment.com\\\/tooted\\\/\"},{\"@type\":\"ListItem\",\"position\":3,\"name\":\"Lisatarvikud\",\"item\":\"https:\\\/\\\/bbqentertainment.com\\\/tootekategooria\\\/lisatarvikud\\\/\"},{\"@type\":\"ListItem\",\"position\":4,\"name\":\"Lisatarvikud Napoleon\",\"item\":\"https:\\\/\\\/bbqentertainment.com\\\/tootekategooria\\\/lisatarvikud\\\/lisatarvikud-napoleon\\\/\"},{\"@type\":\"ListItem\",\"position\":5,\"name\":\"Napoleon kolmek\u00fclgne grillipuhatushari pudeliavajaga\"}]},{\"@type\":\"WebSite\",\"@id\":\"https:\\\/\\\/bbqentertainment.com\\\/#website\",\"url\":\"https:\\\/\\\/bbqentertainment.com\\\/\",\"name\":\"BBQ Entertainment\",\"description\":\"BBQ is a great lifestyle, not just fun!\",\"publisher\":{\"@id\":\"https:\\\/\\\/bbqentertainment.com\\\/#organization\"},\"potentialAction\":[{\"@type\":\"SearchAction\",\"target\":{\"@type\":\"EntryPoint\",\"urlTemplate\":\"https:\\\/\\\/bbqentertainment.com\\\/?s={search_term_string}\"},\"query-input\":{\"@type\":\"PropertyValueSpecification\",\"valueRequired\":true,\"valueName\":\"search_term_string\"}}],\"inLanguage\":\"en-US\"},{\"@type\":\"Organization\",\"@id\":\"https:\\\/\\\/bbqentertainment.com\\\/#organization\",\"name\":\"BBQ Entertainment O\u00dc\",\"url\":\"https:\\\/\\\/bbqentertainment.com\\\/\",\"logo\":{\"@type\":\"ImageObject\",\"inLanguage\":\"en-US\",\"@id\":\"https:\\\/\\\/bbqentertainment.com\\\/#\\\/schema\\\/logo\\\/image\\\/\",\"url\":\"https:\\\/\\\/bbqentertainment.com\\\/wp-content\\\/uploads\\\/2020\\\/04\\\/BBQ-Entertainment-N-Catering-Enn-Tobreluts-Logo.png\",\"contentUrl\":\"https:\\\/\\\/bbqentertainment.com\\\/wp-content\\\/uploads\\\/2020\\\/04\\\/BBQ-Entertainment-N-Catering-Enn-Tobreluts-Logo.png\",\"width\":628,\"height\":266,\"caption\":\"BBQ Entertainment O\u00dc\"},\"image\":{\"@id\":\"https:\\\/\\\/bbqentertainment.com\\\/#\\\/schema\\\/logo\\\/image\\\/\"},\"sameAs\":[\"https:\\\/\\\/www.facebook.com\\\/BBQ-Entertainment-N-Catering-2437913376443540\",\"https:\\\/\\\/www.instagram.com\\\/bbqentertainmentncatering\\\/\",\"https:\\\/\\\/www.youtube.com\\\/channel\\\/UCmpuANQVhLy2Md8nrenp2jA\"]}]}<\/script>\n<!-- \/ Yoast SEO plugin. -->","yoast_head_json":{"title":"Napoleon kolmek\u00fclgne grillipuhatushari pudeliavajaga - BBQ Entertainment","robots":{"index":"index","follow":"follow","max-snippet":"max-snippet:-1","max-image-preview":"max-image-preview:large","max-video-preview":"max-video-preview:-1"},"canonical":"https:\/\/bbqentertainment.com\/toode\/napoleon-kolmekulgne-grillihari-pudeliavajaga\/","og_locale":"en_US","og_type":"article","og_title":"Napoleon kolmek\u00fclgne grillipuhatushari pudeliavajaga - BBQ Entertainment","og_description":"Napoleon kolmek\u00fclgne grillihari pudeliavajaga Kolmek\u00fclgne messingharjastega grillihari on m\u00f5eldud igap\u00e4evaseks grillipuhastuseks, eriti portselanemailiga kaetud malmrestidele. Messingharjased puhastavad t\u00f5husalt, kuid on restipinnale \u00f5rnemad kui roostevaba teras, aidates v\u00e4hendada kriimustuste ohtu. Kompaktne harjapea p\u00e4\u00e4seb h\u00e4sti restivarte vahele ja raskemini ligip\u00e4\u00e4setavatesse nurkadesse. Soojal (kuumal) restil kasutades tuleb kinnij\u00e4\u00e4nud toiduj\u00e4\u00e4gid kergemini lahti. K\u00e4epide on kuumakindel ja mugav hoida, mis teeb harja kasutamise kindla ja ettearvatava. K\u00e4epidemesse integreeritud pudeliavaja toimib \u00fchtlasi riputuskonksuna, et hari oleks alati grilli juures k\u00e4ep\u00e4rast.","og_url":"https:\/\/bbqentertainment.com\/toode\/napoleon-kolmekulgne-grillihari-pudeliavajaga\/","og_site_name":"BBQ Entertainment","article_publisher":"https:\/\/www.facebook.com\/BBQ-Entertainment-N-Catering-2437913376443540","article_modified_time":"2026-04-16T06:55:55+00:00","og_image":[{"width":1920,"height":1920,"url":"https:\/\/bbqentertainment.com\/wp-content\/uploads\/2025\/12\/Napoleon-62012-Three-Sided-Grill-Brush-with-Bottle-Opener.jpg.webp","type":"image\/webp"}],"twitter_card":"summary_large_image","twitter_misc":{"Est. reading time":"1 minute"},"schema":{"@context":"https:\/\/schema.org","@graph":[{"@type":["WebPage","ItemPage"],"@id":"https:\/\/bbqentertainment.com\/toode\/napoleon-kolmekulgne-grillihari-pudeliavajaga\/","url":"https:\/\/bbqentertainment.com\/toode\/napoleon-kolmekulgne-grillihari-pudeliavajaga\/","name":"Napoleon kolmek\u00fclgne grillipuhatushari pudeliavajaga - BBQ Entertainment","isPartOf":{"@id":"https:\/\/bbqentertainment.com\/#website"},"primaryImageOfPage":{"@id":"https:\/\/bbqentertainment.com\/toode\/napoleon-kolmekulgne-grillihari-pudeliavajaga\/#primaryimage"},"image":{"@id":"https:\/\/bbqentertainment.com\/toode\/napoleon-kolmekulgne-grillihari-pudeliavajaga\/#primaryimage"},"thumbnailUrl":"https:\/\/bbqentertainment.com\/wp-content\/uploads\/2025\/12\/Napoleon-62012-Three-Sided-Grill-Brush-with-Bottle-Opener.jpg.webp","datePublished":"2025-12-29T16:19:20+00:00","dateModified":"2026-04-16T06:55:55+00:00","breadcrumb":{"@id":"https:\/\/bbqentertainment.com\/toode\/napoleon-kolmekulgne-grillihari-pudeliavajaga\/#breadcrumb"},"inLanguage":"en-US","potentialAction":[{"@type":"ReadAction","target":["https:\/\/bbqentertainment.com\/toode\/napoleon-kolmekulgne-grillihari-pudeliavajaga\/"]}]},{"@type":"ImageObject","inLanguage":"en-US","@id":"https:\/\/bbqentertainment.com\/toode\/napoleon-kolmekulgne-grillihari-pudeliavajaga\/#primaryimage","url":"https:\/\/bbqentertainment.com\/wp-content\/uploads\/2025\/12\/Napoleon-62012-Three-Sided-Grill-Brush-with-Bottle-Opener.jpg.webp","contentUrl":"https:\/\/bbqentertainment.com\/wp-content\/uploads\/2025\/12\/Napoleon-62012-Three-Sided-Grill-Brush-with-Bottle-Opener.jpg.webp","width":1920,"height":1920},{"@type":"BreadcrumbList","@id":"https:\/\/bbqentertainment.com\/toode\/napoleon-kolmekulgne-grillihari-pudeliavajaga\/#breadcrumb","itemListElement":[{"@type":"ListItem","position":1,"name":"AVALEHT","item":"https:\/\/bbqentertainment.com\/en\/"},{"@type":"ListItem","position":2,"name":"Tooted","item":"https:\/\/bbqentertainment.com\/tooted\/"},{"@type":"ListItem","position":3,"name":"Lisatarvikud","item":"https:\/\/bbqentertainment.com\/tootekategooria\/lisatarvikud\/"},{"@type":"ListItem","position":4,"name":"Lisatarvikud Napoleon","item":"https:\/\/bbqentertainment.com\/tootekategooria\/lisatarvikud\/lisatarvikud-napoleon\/"},{"@type":"ListItem","position":5,"name":"Napoleon kolmek\u00fclgne grillipuhatushari pudeliavajaga"}]},{"@type":"WebSite","@id":"https:\/\/bbqentertainment.com\/#website","url":"https:\/\/bbqentertainment.com\/","name":"BBQ Entertainment","description":"BBQ is a great lifestyle, not just fun!","publisher":{"@id":"https:\/\/bbqentertainment.com\/#organization"},"potentialAction":[{"@type":"SearchAction","target":{"@type":"EntryPoint","urlTemplate":"https:\/\/bbqentertainment.com\/?s={search_term_string}"},"query-input":{"@type":"PropertyValueSpecification","valueRequired":true,"valueName":"search_term_string"}}],"inLanguage":"en-US"},{"@type":"Organization","@id":"https:\/\/bbqentertainment.com\/#organization","name":"BBQ Entertainment O\u00dc","url":"https:\/\/bbqentertainment.com\/","logo":{"@type":"ImageObject","inLanguage":"en-US","@id":"https:\/\/bbqentertainment.com\/#\/schema\/logo\/image\/","url":"https:\/\/bbqentertainment.com\/wp-content\/uploads\/2020\/04\/BBQ-Entertainment-N-Catering-Enn-Tobreluts-Logo.png","contentUrl":"https:\/\/bbqentertainment.com\/wp-content\/uploads\/2020\/04\/BBQ-Entertainment-N-Catering-Enn-Tobreluts-Logo.png","width":628,"height":266,"caption":"BBQ Entertainment O\u00dc"},"image":{"@id":"https:\/\/bbqentertainment.com\/#\/schema\/logo\/image\/"},"sameAs":["https:\/\/www.facebook.com\/BBQ-Entertainment-N-Catering-2437913376443540","https:\/\/www.instagram.com\/bbqentertainmentncatering\/","https:\/\/www.youtube.com\/channel\/UCmpuANQVhLy2Md8nrenp2jA"]}]}},"_links":{"self":[{"href":"https:\/\/bbqentertainment.com\/en\/wp-json\/wp\/v2\/product\/256983","targetHints":{"allow":["GET"]}}],"collection":[{"href":"https:\/\/bbqentertainment.com\/en\/wp-json\/wp\/v2\/product"}],"about":[{"href":"https:\/\/bbqentertainment.com\/en\/wp-json\/wp\/v2\/types\/product"}],"wp:featuredmedia":[{"embeddable":true,"href":"https:\/\/bbqentertainment.com\/en\/wp-json\/wp\/v2\/media\/256984"}],"wp:attachment":[{"href":"https:\/\/bbqentertainment.com\/en\/wp-json\/wp\/v2\/media?parent=256983"}],"wp:term":[{"taxonomy":"product_brand","embeddable":true,"href":"https:\/\/bbqentertainment.com\/en\/wp-json\/wp\/v2\/product_brand?post=256983"},{"taxonomy":"product_cat","embeddable":true,"href":"https:\/\/bbqentertainment.com\/en\/wp-json\/wp\/v2\/product_cat?post=256983"},{"taxonomy":"product_tag","embeddable":true,"href":"https:\/\/bbqentertainment.com\/en\/wp-json\/wp\/v2\/product_tag?post=256983"}],"curies":[{"name":"wp","href":"https:\/\/api.w.org\/{rel}","templated":true}]}}