{"id":256985,"date":"2025-12-29T18:24:49","date_gmt":"2025-12-29T16:24:49","guid":{"rendered":"https:\/\/bbqentertainment.com\/?post_type=product&#038;p=256985"},"modified":"2026-04-06T12:26:40","modified_gmt":"2026-04-06T09:26:40","slug":"napoleon-pro-3in1-kana-infusiooni-rostimisalus","status":"publish","type":"product","link":"https:\/\/bbqentertainment.com\/en\/toode\/napoleon-pro-3in1-kana-infusiooni-rostimisalus\/","title":{"rendered":"Napoleon Pro-sarja kana infusiooni r\u00f6stimisalus (kolm-\u00fches)"},"content":{"rendered":"","protected":false},"excerpt":{"rendered":"<h3><strong>Napoleon Pro-sarja kana infusiooni r\u00f6stimisalus (kolm-\u00fches)<\/strong><\/h3>\n<p data-start=\"0\" data-end=\"310\">Premium kana infusioonir\u00f6stijaga on terve kana r\u00f6stimine lihtne ja l\u00e4bim\u00f5eldud. Kolme-\u00fches lahendus koosneb tasap\u00f5hjalisest wok-kausist, k\u00fcpsetusplaadist ja infusioonikoonusest. Komplekt on valmistatud kvaliteetsest roostevabast terasest, mis on vastupidav ja lihtne puhastada ning sobib ka n\u00f5udepesumasinasse.<\/p>\n<p data-start=\"312\" data-end=\"855\">Wok-kaussi saab t\u00e4ita puljongi, \u00f5lle, veini v\u00f5i muude maits vedelikega. K\u00fcpsetusplaat asetub kausi peale ja infusioonikoonus plaadi keskele. Koonuse avad suunavad aurud kana sisse, et liha j\u00e4\u00e4ks seest mahlane ja maitseks \u00fchtlaselt. Kitsenev kuju aitab v\u00e4ltida vaakumit, nii et kana on p\u00e4rast k\u00fcpsemist lihtne koonuse pealt eemaldada.<\/p>\n<p data-start=\"312\" data-end=\"855\">K\u00fcpsetusplaadil saab samal ajal r\u00f6stida k\u00f6\u00f6givilju v\u00f5i kartulit, et kogu roog valmiks korraga. Wok-kaussi saab kasutada ka eraldi k\u00f6\u00f6giviljade ja teiste toitude grillimiseks v\u00f5i kiirete wokiroogade tegemiseks.<\/p>\n<p data-start=\"857\" data-end=\"952\">Integreeritud k\u00e4epidemed teevad komplekti liigutamise k\u00f6\u00f6gist grillini mugavaks ja turvaliseks.<\/p>\n","protected":false},"featured_media":256990,"template":"","meta":{"inline_featured_image":false},"product_brand":[],"product_cat":[92,562,479],"product_tag":[],"class_list":{"0":"post-256985","1":"product","2":"type-product","3":"status-publish","4":"has-post-thumbnail","6":"product_cat-lisatarvikud","7":"product_cat-lisatarvikud-napoleon","8":"product_cat-grillitarvikud","10":"first","11":"instock","12":"taxable","13":"shipping-taxable","14":"purchasable","15":"product-type-simple"},"yoast_head":"<!-- This site is optimized with the Yoast SEO plugin v27.4 - https:\/\/yoast.com\/product\/yoast-seo-wordpress\/ -->\n<title>Napoleon Pro-sarja kana infusiooni r\u00f6stimisalus (kolm-\u00fches) - BBQ Entertainment<\/title>\n<meta name=\"robots\" content=\"index, follow, max-snippet:-1, max-image-preview:large, max-video-preview:-1\" \/>\n<link rel=\"canonical\" href=\"https:\/\/bbqentertainment.com\/toode\/napoleon-pro-3in1-kana-infusiooni-rostimisalus\/\" \/>\n<meta property=\"og:locale\" content=\"en_US\" \/>\n<meta property=\"og:type\" content=\"article\" \/>\n<meta property=\"og:title\" content=\"Napoleon Pro-sarja kana infusiooni r\u00f6stimisalus (kolm-\u00fches) - BBQ Entertainment\" \/>\n<meta property=\"og:description\" content=\"Napoleon Pro-sarja kana infusiooni r\u00f6stimisalus (kolm-\u00fches)Premium kana infusioonir\u00f6stijaga on terve kana r\u00f6stimine lihtne ja l\u00e4bim\u00f5eldud. Kolme-\u00fches lahendus koosneb tasap\u00f5hjalisest wok-kausist, k\u00fcpsetusplaadist ja infusioonikoonusest. Komplekt on valmistatud kvaliteetsest roostevabast terasest, mis on vastupidav ja lihtne puhastada ning sobib ka n\u00f5udepesumasinasse.Wok-kaussi saab t\u00e4ita puljongi, \u00f5lle, veini v\u00f5i muude maits vedelikega. K\u00fcpsetusplaat asetub kausi peale ja infusioonikoonus plaadi keskele. Koonuse avad suunavad aurud kana sisse, et liha j\u00e4\u00e4ks seest mahlane ja maitseks \u00fchtlaselt. Kitsenev kuju aitab v\u00e4ltida vaakumit, nii et kana on p\u00e4rast k\u00fcpsemist lihtne koonuse pealt eemaldada.K\u00fcpsetusplaadil saab samal ajal r\u00f6stida k\u00f6\u00f6givilju v\u00f5i kartulit, et kogu roog valmiks korraga. Wok-kaussi saab kasutada ka eraldi k\u00f6\u00f6giviljade ja teiste toitude grillimiseks v\u00f5i kiirete wokiroogade tegemiseks.Integreeritud k\u00e4epidemed teevad komplekti liigutamise k\u00f6\u00f6gist grillini mugavaks ja turvaliseks.\" \/>\n<meta property=\"og:url\" content=\"https:\/\/bbqentertainment.com\/toode\/napoleon-pro-3in1-kana-infusiooni-rostimisalus\/\" \/>\n<meta property=\"og:site_name\" content=\"BBQ Entertainment\" \/>\n<meta property=\"article:publisher\" content=\"https:\/\/www.facebook.com\/BBQ-Entertainment-N-Catering-2437913376443540\" \/>\n<meta property=\"article:modified_time\" content=\"2026-04-06T09:26:40+00:00\" \/>\n<meta property=\"og:image\" content=\"https:\/\/bbqentertainment.com\/wp-content\/uploads\/2025\/12\/napoleon-56067-6418726.webp\" \/>\n\t<meta property=\"og:image:width\" content=\"1200\" \/>\n\t<meta property=\"og:image:height\" content=\"1200\" \/>\n\t<meta property=\"og:image:type\" content=\"image\/webp\" \/>\n<meta name=\"twitter:card\" content=\"summary_large_image\" \/>\n<meta name=\"twitter:label1\" content=\"Est. reading time\" \/>\n\t<meta name=\"twitter:data1\" content=\"1 minute\" \/>\n<script type=\"application\/ld+json\" class=\"yoast-schema-graph\">{\"@context\":\"https:\\\/\\\/schema.org\",\"@graph\":[{\"@type\":[\"WebPage\",\"ItemPage\"],\"@id\":\"https:\\\/\\\/bbqentertainment.com\\\/toode\\\/napoleon-pro-3in1-kana-infusiooni-rostimisalus\\\/\",\"url\":\"https:\\\/\\\/bbqentertainment.com\\\/toode\\\/napoleon-pro-3in1-kana-infusiooni-rostimisalus\\\/\",\"name\":\"Napoleon Pro-sarja kana infusiooni r\u00f6stimisalus (kolm-\u00fches) - BBQ Entertainment\",\"isPartOf\":{\"@id\":\"https:\\\/\\\/bbqentertainment.com\\\/#website\"},\"primaryImageOfPage\":{\"@id\":\"https:\\\/\\\/bbqentertainment.com\\\/toode\\\/napoleon-pro-3in1-kana-infusiooni-rostimisalus\\\/#primaryimage\"},\"image\":{\"@id\":\"https:\\\/\\\/bbqentertainment.com\\\/toode\\\/napoleon-pro-3in1-kana-infusiooni-rostimisalus\\\/#primaryimage\"},\"thumbnailUrl\":\"https:\\\/\\\/bbqentertainment.com\\\/wp-content\\\/uploads\\\/2025\\\/12\\\/napoleon-56067-6418726.webp\",\"datePublished\":\"2025-12-29T16:24:49+00:00\",\"dateModified\":\"2026-04-06T09:26:40+00:00\",\"breadcrumb\":{\"@id\":\"https:\\\/\\\/bbqentertainment.com\\\/toode\\\/napoleon-pro-3in1-kana-infusiooni-rostimisalus\\\/#breadcrumb\"},\"inLanguage\":\"en-US\",\"potentialAction\":[{\"@type\":\"ReadAction\",\"target\":[\"https:\\\/\\\/bbqentertainment.com\\\/toode\\\/napoleon-pro-3in1-kana-infusiooni-rostimisalus\\\/\"]}]},{\"@type\":\"ImageObject\",\"inLanguage\":\"en-US\",\"@id\":\"https:\\\/\\\/bbqentertainment.com\\\/toode\\\/napoleon-pro-3in1-kana-infusiooni-rostimisalus\\\/#primaryimage\",\"url\":\"https:\\\/\\\/bbqentertainment.com\\\/wp-content\\\/uploads\\\/2025\\\/12\\\/napoleon-56067-6418726.webp\",\"contentUrl\":\"https:\\\/\\\/bbqentertainment.com\\\/wp-content\\\/uploads\\\/2025\\\/12\\\/napoleon-56067-6418726.webp\",\"width\":1200,\"height\":1200},{\"@type\":\"BreadcrumbList\",\"@id\":\"https:\\\/\\\/bbqentertainment.com\\\/toode\\\/napoleon-pro-3in1-kana-infusiooni-rostimisalus\\\/#breadcrumb\",\"itemListElement\":[{\"@type\":\"ListItem\",\"position\":1,\"name\":\"AVALEHT\",\"item\":\"https:\\\/\\\/bbqentertainment.com\\\/en\\\/\"},{\"@type\":\"ListItem\",\"position\":2,\"name\":\"Tooted\",\"item\":\"https:\\\/\\\/bbqentertainment.com\\\/tooted\\\/\"},{\"@type\":\"ListItem\",\"position\":3,\"name\":\"Lisatarvikud\",\"item\":\"https:\\\/\\\/bbqentertainment.com\\\/tootekategooria\\\/lisatarvikud\\\/\"},{\"@type\":\"ListItem\",\"position\":4,\"name\":\"Lisatarvikud Napoleon\",\"item\":\"https:\\\/\\\/bbqentertainment.com\\\/tootekategooria\\\/lisatarvikud\\\/lisatarvikud-napoleon\\\/\"},{\"@type\":\"ListItem\",\"position\":5,\"name\":\"Napoleon Pro-sarja kana infusiooni r\u00f6stimisalus (kolm-\u00fches)\"}]},{\"@type\":\"WebSite\",\"@id\":\"https:\\\/\\\/bbqentertainment.com\\\/#website\",\"url\":\"https:\\\/\\\/bbqentertainment.com\\\/\",\"name\":\"BBQ Entertainment\",\"description\":\"BBQ is a great lifestyle, not just fun!\",\"publisher\":{\"@id\":\"https:\\\/\\\/bbqentertainment.com\\\/#organization\"},\"potentialAction\":[{\"@type\":\"SearchAction\",\"target\":{\"@type\":\"EntryPoint\",\"urlTemplate\":\"https:\\\/\\\/bbqentertainment.com\\\/?s={search_term_string}\"},\"query-input\":{\"@type\":\"PropertyValueSpecification\",\"valueRequired\":true,\"valueName\":\"search_term_string\"}}],\"inLanguage\":\"en-US\"},{\"@type\":\"Organization\",\"@id\":\"https:\\\/\\\/bbqentertainment.com\\\/#organization\",\"name\":\"BBQ Entertainment O\u00dc\",\"url\":\"https:\\\/\\\/bbqentertainment.com\\\/\",\"logo\":{\"@type\":\"ImageObject\",\"inLanguage\":\"en-US\",\"@id\":\"https:\\\/\\\/bbqentertainment.com\\\/#\\\/schema\\\/logo\\\/image\\\/\",\"url\":\"https:\\\/\\\/bbqentertainment.com\\\/wp-content\\\/uploads\\\/2020\\\/04\\\/BBQ-Entertainment-N-Catering-Enn-Tobreluts-Logo.png\",\"contentUrl\":\"https:\\\/\\\/bbqentertainment.com\\\/wp-content\\\/uploads\\\/2020\\\/04\\\/BBQ-Entertainment-N-Catering-Enn-Tobreluts-Logo.png\",\"width\":628,\"height\":266,\"caption\":\"BBQ Entertainment O\u00dc\"},\"image\":{\"@id\":\"https:\\\/\\\/bbqentertainment.com\\\/#\\\/schema\\\/logo\\\/image\\\/\"},\"sameAs\":[\"https:\\\/\\\/www.facebook.com\\\/BBQ-Entertainment-N-Catering-2437913376443540\",\"https:\\\/\\\/www.instagram.com\\\/bbqentertainmentncatering\\\/\",\"https:\\\/\\\/www.youtube.com\\\/channel\\\/UCmpuANQVhLy2Md8nrenp2jA\"]}]}<\/script>\n<!-- \/ Yoast SEO plugin. -->","yoast_head_json":{"title":"Napoleon Pro-sarja kana infusiooni r\u00f6stimisalus (kolm-\u00fches) - BBQ Entertainment","robots":{"index":"index","follow":"follow","max-snippet":"max-snippet:-1","max-image-preview":"max-image-preview:large","max-video-preview":"max-video-preview:-1"},"canonical":"https:\/\/bbqentertainment.com\/toode\/napoleon-pro-3in1-kana-infusiooni-rostimisalus\/","og_locale":"en_US","og_type":"article","og_title":"Napoleon Pro-sarja kana infusiooni r\u00f6stimisalus (kolm-\u00fches) - BBQ Entertainment","og_description":"Napoleon Pro-sarja kana infusiooni r\u00f6stimisalus (kolm-\u00fches)Premium kana infusioonir\u00f6stijaga on terve kana r\u00f6stimine lihtne ja l\u00e4bim\u00f5eldud. Kolme-\u00fches lahendus koosneb tasap\u00f5hjalisest wok-kausist, k\u00fcpsetusplaadist ja infusioonikoonusest. Komplekt on valmistatud kvaliteetsest roostevabast terasest, mis on vastupidav ja lihtne puhastada ning sobib ka n\u00f5udepesumasinasse.Wok-kaussi saab t\u00e4ita puljongi, \u00f5lle, veini v\u00f5i muude maits vedelikega. K\u00fcpsetusplaat asetub kausi peale ja infusioonikoonus plaadi keskele. Koonuse avad suunavad aurud kana sisse, et liha j\u00e4\u00e4ks seest mahlane ja maitseks \u00fchtlaselt. Kitsenev kuju aitab v\u00e4ltida vaakumit, nii et kana on p\u00e4rast k\u00fcpsemist lihtne koonuse pealt eemaldada.K\u00fcpsetusplaadil saab samal ajal r\u00f6stida k\u00f6\u00f6givilju v\u00f5i kartulit, et kogu roog valmiks korraga. Wok-kaussi saab kasutada ka eraldi k\u00f6\u00f6giviljade ja teiste toitude grillimiseks v\u00f5i kiirete wokiroogade tegemiseks.Integreeritud k\u00e4epidemed teevad komplekti liigutamise k\u00f6\u00f6gist grillini mugavaks ja turvaliseks.","og_url":"https:\/\/bbqentertainment.com\/toode\/napoleon-pro-3in1-kana-infusiooni-rostimisalus\/","og_site_name":"BBQ Entertainment","article_publisher":"https:\/\/www.facebook.com\/BBQ-Entertainment-N-Catering-2437913376443540","article_modified_time":"2026-04-06T09:26:40+00:00","og_image":[{"width":1200,"height":1200,"url":"https:\/\/bbqentertainment.com\/wp-content\/uploads\/2025\/12\/napoleon-56067-6418726.webp","type":"image\/webp"}],"twitter_card":"summary_large_image","twitter_misc":{"Est. reading time":"1 minute"},"schema":{"@context":"https:\/\/schema.org","@graph":[{"@type":["WebPage","ItemPage"],"@id":"https:\/\/bbqentertainment.com\/toode\/napoleon-pro-3in1-kana-infusiooni-rostimisalus\/","url":"https:\/\/bbqentertainment.com\/toode\/napoleon-pro-3in1-kana-infusiooni-rostimisalus\/","name":"Napoleon Pro-sarja kana infusiooni r\u00f6stimisalus (kolm-\u00fches) - BBQ Entertainment","isPartOf":{"@id":"https:\/\/bbqentertainment.com\/#website"},"primaryImageOfPage":{"@id":"https:\/\/bbqentertainment.com\/toode\/napoleon-pro-3in1-kana-infusiooni-rostimisalus\/#primaryimage"},"image":{"@id":"https:\/\/bbqentertainment.com\/toode\/napoleon-pro-3in1-kana-infusiooni-rostimisalus\/#primaryimage"},"thumbnailUrl":"https:\/\/bbqentertainment.com\/wp-content\/uploads\/2025\/12\/napoleon-56067-6418726.webp","datePublished":"2025-12-29T16:24:49+00:00","dateModified":"2026-04-06T09:26:40+00:00","breadcrumb":{"@id":"https:\/\/bbqentertainment.com\/toode\/napoleon-pro-3in1-kana-infusiooni-rostimisalus\/#breadcrumb"},"inLanguage":"en-US","potentialAction":[{"@type":"ReadAction","target":["https:\/\/bbqentertainment.com\/toode\/napoleon-pro-3in1-kana-infusiooni-rostimisalus\/"]}]},{"@type":"ImageObject","inLanguage":"en-US","@id":"https:\/\/bbqentertainment.com\/toode\/napoleon-pro-3in1-kana-infusiooni-rostimisalus\/#primaryimage","url":"https:\/\/bbqentertainment.com\/wp-content\/uploads\/2025\/12\/napoleon-56067-6418726.webp","contentUrl":"https:\/\/bbqentertainment.com\/wp-content\/uploads\/2025\/12\/napoleon-56067-6418726.webp","width":1200,"height":1200},{"@type":"BreadcrumbList","@id":"https:\/\/bbqentertainment.com\/toode\/napoleon-pro-3in1-kana-infusiooni-rostimisalus\/#breadcrumb","itemListElement":[{"@type":"ListItem","position":1,"name":"AVALEHT","item":"https:\/\/bbqentertainment.com\/en\/"},{"@type":"ListItem","position":2,"name":"Tooted","item":"https:\/\/bbqentertainment.com\/tooted\/"},{"@type":"ListItem","position":3,"name":"Lisatarvikud","item":"https:\/\/bbqentertainment.com\/tootekategooria\/lisatarvikud\/"},{"@type":"ListItem","position":4,"name":"Lisatarvikud Napoleon","item":"https:\/\/bbqentertainment.com\/tootekategooria\/lisatarvikud\/lisatarvikud-napoleon\/"},{"@type":"ListItem","position":5,"name":"Napoleon Pro-sarja kana infusiooni r\u00f6stimisalus (kolm-\u00fches)"}]},{"@type":"WebSite","@id":"https:\/\/bbqentertainment.com\/#website","url":"https:\/\/bbqentertainment.com\/","name":"BBQ Entertainment","description":"BBQ is a great lifestyle, not just fun!","publisher":{"@id":"https:\/\/bbqentertainment.com\/#organization"},"potentialAction":[{"@type":"SearchAction","target":{"@type":"EntryPoint","urlTemplate":"https:\/\/bbqentertainment.com\/?s={search_term_string}"},"query-input":{"@type":"PropertyValueSpecification","valueRequired":true,"valueName":"search_term_string"}}],"inLanguage":"en-US"},{"@type":"Organization","@id":"https:\/\/bbqentertainment.com\/#organization","name":"BBQ Entertainment O\u00dc","url":"https:\/\/bbqentertainment.com\/","logo":{"@type":"ImageObject","inLanguage":"en-US","@id":"https:\/\/bbqentertainment.com\/#\/schema\/logo\/image\/","url":"https:\/\/bbqentertainment.com\/wp-content\/uploads\/2020\/04\/BBQ-Entertainment-N-Catering-Enn-Tobreluts-Logo.png","contentUrl":"https:\/\/bbqentertainment.com\/wp-content\/uploads\/2020\/04\/BBQ-Entertainment-N-Catering-Enn-Tobreluts-Logo.png","width":628,"height":266,"caption":"BBQ Entertainment O\u00dc"},"image":{"@id":"https:\/\/bbqentertainment.com\/#\/schema\/logo\/image\/"},"sameAs":["https:\/\/www.facebook.com\/BBQ-Entertainment-N-Catering-2437913376443540","https:\/\/www.instagram.com\/bbqentertainmentncatering\/","https:\/\/www.youtube.com\/channel\/UCmpuANQVhLy2Md8nrenp2jA"]}]}},"_links":{"self":[{"href":"https:\/\/bbqentertainment.com\/en\/wp-json\/wp\/v2\/product\/256985","targetHints":{"allow":["GET"]}}],"collection":[{"href":"https:\/\/bbqentertainment.com\/en\/wp-json\/wp\/v2\/product"}],"about":[{"href":"https:\/\/bbqentertainment.com\/en\/wp-json\/wp\/v2\/types\/product"}],"wp:featuredmedia":[{"embeddable":true,"href":"https:\/\/bbqentertainment.com\/en\/wp-json\/wp\/v2\/media\/256990"}],"wp:attachment":[{"href":"https:\/\/bbqentertainment.com\/en\/wp-json\/wp\/v2\/media?parent=256985"}],"wp:term":[{"taxonomy":"product_brand","embeddable":true,"href":"https:\/\/bbqentertainment.com\/en\/wp-json\/wp\/v2\/product_brand?post=256985"},{"taxonomy":"product_cat","embeddable":true,"href":"https:\/\/bbqentertainment.com\/en\/wp-json\/wp\/v2\/product_cat?post=256985"},{"taxonomy":"product_tag","embeddable":true,"href":"https:\/\/bbqentertainment.com\/en\/wp-json\/wp\/v2\/product_tag?post=256985"}],"curies":[{"name":"wp","href":"https:\/\/api.w.org\/{rel}","templated":true}]}}