{"id":256991,"date":"2025-12-29T18:36:23","date_gmt":"2025-12-29T16:36:23","guid":{"rendered":"https:\/\/bbqentertainment.com\/?post_type=product&#038;p=256991"},"modified":"2026-04-06T12:26:39","modified_gmt":"2026-04-06T09:26:39","slug":"napoleon-executive-roostevabast-terasest-4-osaline-grillitarvikute-komplekt","status":"publish","type":"product","link":"https:\/\/bbqentertainment.com\/en\/toode\/napoleon-executive-roostevabast-terasest-4-osaline-grillitarvikute-komplekt\/","title":{"rendered":"Napoleon Executive President Edition 4-osaline grilltarvikute komplekt"},"content":{"rendered":"","protected":false},"excerpt":{"rendered":"<h3><strong>Napoleon Executive President Edition 4-osaline grilltarvikute komplekt (grilltangid, -labidas, silikoonpintsel ja kokanuga)<\/strong><\/h3>\n<p data-start=\"857\" data-end=\"952\">Napoleon Executive 4-osaline grillitarvikute komplekt on m\u00f5eldud kasutajale, kes eelistab kvaliteetseid ja vastupidavaid t\u00f6\u00f6riistu nii grillil kui ka k\u00f6\u00f6gis. Komplekt on valmistatud valatud roostevabast terasest ning mugavate ergonoomiliste k\u00e4epidemetega.<\/p>\n<p data-start=\"812\" data-end=\"833\"><strong data-start=\"812\" data-end=\"833\">Komplekt sisaldab<\/strong><\/p>\n<ul data-start=\"835\" data-end=\"998\">\n<li data-start=\"835\" data-end=\"862\">\n<p data-start=\"837\" data-end=\"862\">Kokanuga Saksa terasest sobides universaalseks k\u00f6\u00f6ginoaks nii liha, k\u00f6\u00f6giviljade kui ka muu tooraine l\u00f5ikamisel.<\/p>\n<\/li>\n<li data-start=\"863\" data-end=\"911\">\n<p data-start=\"865\" data-end=\"911\">Suur spaatel sobib steikide ja muude suuremate grillroogade keeramiseks; terav ots aitab toidu alla p\u00e4\u00e4seda ning sakiline serv v\u00f5imaldab vajadusel kohe l\u00f5igata.<\/p>\n<\/li>\n<li data-start=\"912\" data-end=\"963\">\n<p data-start=\"914\" data-end=\"963\">Lukustatavad roostevabast terasest grillitangid.<\/p>\n<\/li>\n<li data-start=\"964\" data-end=\"998\">\n<p data-start=\"966\" data-end=\"998\">Silikoonist glasuurimispintsel sobib h\u00e4sti marinaadide ja kastmete pealekandmiseks.<\/p>\n<\/li>\n<\/ul>\n","protected":false},"featured_media":256999,"template":"","meta":{"inline_featured_image":false},"product_brand":[],"product_cat":[92,562,479],"product_tag":[],"class_list":{"0":"post-256991","1":"product","2":"type-product","3":"status-publish","4":"has-post-thumbnail","6":"product_cat-lisatarvikud","7":"product_cat-lisatarvikud-napoleon","8":"product_cat-grillitarvikud","10":"first","11":"instock","12":"taxable","13":"shipping-taxable","14":"purchasable","15":"product-type-simple"},"yoast_head":"<!-- This site is optimized with the Yoast SEO plugin v27.4 - https:\/\/yoast.com\/product\/yoast-seo-wordpress\/ -->\n<title>Napoleon Executive President Edition 4-osaline grilltarvikute komplekt - BBQ Entertainment<\/title>\n<meta name=\"robots\" content=\"index, follow, max-snippet:-1, max-image-preview:large, max-video-preview:-1\" \/>\n<link rel=\"canonical\" href=\"https:\/\/bbqentertainment.com\/toode\/napoleon-executive-roostevabast-terasest-4-osaline-grillitarvikute-komplekt\/\" \/>\n<meta property=\"og:locale\" content=\"en_US\" \/>\n<meta property=\"og:type\" content=\"article\" \/>\n<meta property=\"og:title\" content=\"Napoleon Executive President Edition 4-osaline grilltarvikute komplekt - BBQ Entertainment\" \/>\n<meta property=\"og:description\" content=\"Napoleon Executive President Edition 4-osaline grilltarvikute komplekt (grilltangid, -labidas, silikoonpintsel ja kokanuga)Napoleon Executive 4-osaline grillitarvikute komplekt on m\u00f5eldud kasutajale, kes eelistab kvaliteetseid ja vastupidavaid t\u00f6\u00f6riistu nii grillil kui ka k\u00f6\u00f6gis. Komplekt on valmistatud valatud roostevabast terasest ning mugavate ergonoomiliste k\u00e4epidemetega.Komplekt sisaldabKokanuga Saksa terasest sobides universaalseks k\u00f6\u00f6ginoaks nii liha, k\u00f6\u00f6giviljade kui ka muu tooraine l\u00f5ikamisel.Suur spaatel sobib steikide ja muude suuremate grillroogade keeramiseks; terav ots aitab toidu alla p\u00e4\u00e4seda ning sakiline serv v\u00f5imaldab vajadusel kohe l\u00f5igata.Lukustatavad roostevabast terasest grillitangid.Silikoonist glasuurimispintsel sobib h\u00e4sti marinaadide ja kastmete pealekandmiseks.\" \/>\n<meta property=\"og:url\" content=\"https:\/\/bbqentertainment.com\/toode\/napoleon-executive-roostevabast-terasest-4-osaline-grillitarvikute-komplekt\/\" \/>\n<meta property=\"og:site_name\" content=\"BBQ Entertainment\" \/>\n<meta property=\"article:publisher\" content=\"https:\/\/www.facebook.com\/BBQ-Entertainment-N-Catering-2437913376443540\" \/>\n<meta property=\"article:modified_time\" content=\"2026-04-06T09:26:39+00:00\" \/>\n<meta property=\"og:image\" content=\"https:\/\/bbqentertainment.com\/wp-content\/uploads\/2025\/12\/s-l400-2.jpg\" \/>\n\t<meta property=\"og:image:width\" content=\"400\" \/>\n\t<meta property=\"og:image:height\" content=\"400\" \/>\n\t<meta property=\"og:image:type\" content=\"image\/jpeg\" \/>\n<meta name=\"twitter:card\" content=\"summary_large_image\" \/>\n<meta name=\"twitter:label1\" content=\"Est. reading time\" \/>\n\t<meta name=\"twitter:data1\" content=\"1 minute\" \/>\n<script type=\"application\/ld+json\" class=\"yoast-schema-graph\">{\"@context\":\"https:\\\/\\\/schema.org\",\"@graph\":[{\"@type\":[\"WebPage\",\"ItemPage\"],\"@id\":\"https:\\\/\\\/bbqentertainment.com\\\/toode\\\/napoleon-executive-roostevabast-terasest-4-osaline-grillitarvikute-komplekt\\\/\",\"url\":\"https:\\\/\\\/bbqentertainment.com\\\/toode\\\/napoleon-executive-roostevabast-terasest-4-osaline-grillitarvikute-komplekt\\\/\",\"name\":\"Napoleon Executive President Edition 4-osaline grilltarvikute komplekt - BBQ Entertainment\",\"isPartOf\":{\"@id\":\"https:\\\/\\\/bbqentertainment.com\\\/#website\"},\"primaryImageOfPage\":{\"@id\":\"https:\\\/\\\/bbqentertainment.com\\\/toode\\\/napoleon-executive-roostevabast-terasest-4-osaline-grillitarvikute-komplekt\\\/#primaryimage\"},\"image\":{\"@id\":\"https:\\\/\\\/bbqentertainment.com\\\/toode\\\/napoleon-executive-roostevabast-terasest-4-osaline-grillitarvikute-komplekt\\\/#primaryimage\"},\"thumbnailUrl\":\"https:\\\/\\\/bbqentertainment.com\\\/wp-content\\\/uploads\\\/2025\\\/12\\\/s-l400-2.jpg\",\"datePublished\":\"2025-12-29T16:36:23+00:00\",\"dateModified\":\"2026-04-06T09:26:39+00:00\",\"breadcrumb\":{\"@id\":\"https:\\\/\\\/bbqentertainment.com\\\/toode\\\/napoleon-executive-roostevabast-terasest-4-osaline-grillitarvikute-komplekt\\\/#breadcrumb\"},\"inLanguage\":\"en-US\",\"potentialAction\":[{\"@type\":\"ReadAction\",\"target\":[\"https:\\\/\\\/bbqentertainment.com\\\/toode\\\/napoleon-executive-roostevabast-terasest-4-osaline-grillitarvikute-komplekt\\\/\"]}]},{\"@type\":\"ImageObject\",\"inLanguage\":\"en-US\",\"@id\":\"https:\\\/\\\/bbqentertainment.com\\\/toode\\\/napoleon-executive-roostevabast-terasest-4-osaline-grillitarvikute-komplekt\\\/#primaryimage\",\"url\":\"https:\\\/\\\/bbqentertainment.com\\\/wp-content\\\/uploads\\\/2025\\\/12\\\/s-l400-2.jpg\",\"contentUrl\":\"https:\\\/\\\/bbqentertainment.com\\\/wp-content\\\/uploads\\\/2025\\\/12\\\/s-l400-2.jpg\",\"width\":400,\"height\":400},{\"@type\":\"BreadcrumbList\",\"@id\":\"https:\\\/\\\/bbqentertainment.com\\\/toode\\\/napoleon-executive-roostevabast-terasest-4-osaline-grillitarvikute-komplekt\\\/#breadcrumb\",\"itemListElement\":[{\"@type\":\"ListItem\",\"position\":1,\"name\":\"AVALEHT\",\"item\":\"https:\\\/\\\/bbqentertainment.com\\\/en\\\/\"},{\"@type\":\"ListItem\",\"position\":2,\"name\":\"Tooted\",\"item\":\"https:\\\/\\\/bbqentertainment.com\\\/tooted\\\/\"},{\"@type\":\"ListItem\",\"position\":3,\"name\":\"Lisatarvikud\",\"item\":\"https:\\\/\\\/bbqentertainment.com\\\/tootekategooria\\\/lisatarvikud\\\/\"},{\"@type\":\"ListItem\",\"position\":4,\"name\":\"Lisatarvikud Napoleon\",\"item\":\"https:\\\/\\\/bbqentertainment.com\\\/tootekategooria\\\/lisatarvikud\\\/lisatarvikud-napoleon\\\/\"},{\"@type\":\"ListItem\",\"position\":5,\"name\":\"Napoleon Executive President Edition 4-osaline grilltarvikute komplekt\"}]},{\"@type\":\"WebSite\",\"@id\":\"https:\\\/\\\/bbqentertainment.com\\\/#website\",\"url\":\"https:\\\/\\\/bbqentertainment.com\\\/\",\"name\":\"BBQ Entertainment\",\"description\":\"BBQ is a great lifestyle, not just fun!\",\"publisher\":{\"@id\":\"https:\\\/\\\/bbqentertainment.com\\\/#organization\"},\"potentialAction\":[{\"@type\":\"SearchAction\",\"target\":{\"@type\":\"EntryPoint\",\"urlTemplate\":\"https:\\\/\\\/bbqentertainment.com\\\/?s={search_term_string}\"},\"query-input\":{\"@type\":\"PropertyValueSpecification\",\"valueRequired\":true,\"valueName\":\"search_term_string\"}}],\"inLanguage\":\"en-US\"},{\"@type\":\"Organization\",\"@id\":\"https:\\\/\\\/bbqentertainment.com\\\/#organization\",\"name\":\"BBQ Entertainment O\u00dc\",\"url\":\"https:\\\/\\\/bbqentertainment.com\\\/\",\"logo\":{\"@type\":\"ImageObject\",\"inLanguage\":\"en-US\",\"@id\":\"https:\\\/\\\/bbqentertainment.com\\\/#\\\/schema\\\/logo\\\/image\\\/\",\"url\":\"https:\\\/\\\/bbqentertainment.com\\\/wp-content\\\/uploads\\\/2020\\\/04\\\/BBQ-Entertainment-N-Catering-Enn-Tobreluts-Logo.png\",\"contentUrl\":\"https:\\\/\\\/bbqentertainment.com\\\/wp-content\\\/uploads\\\/2020\\\/04\\\/BBQ-Entertainment-N-Catering-Enn-Tobreluts-Logo.png\",\"width\":628,\"height\":266,\"caption\":\"BBQ Entertainment O\u00dc\"},\"image\":{\"@id\":\"https:\\\/\\\/bbqentertainment.com\\\/#\\\/schema\\\/logo\\\/image\\\/\"},\"sameAs\":[\"https:\\\/\\\/www.facebook.com\\\/BBQ-Entertainment-N-Catering-2437913376443540\",\"https:\\\/\\\/www.instagram.com\\\/bbqentertainmentncatering\\\/\",\"https:\\\/\\\/www.youtube.com\\\/channel\\\/UCmpuANQVhLy2Md8nrenp2jA\"]}]}<\/script>\n<!-- \/ Yoast SEO plugin. -->","yoast_head_json":{"title":"Napoleon Executive President Edition 4-osaline grilltarvikute komplekt - BBQ Entertainment","robots":{"index":"index","follow":"follow","max-snippet":"max-snippet:-1","max-image-preview":"max-image-preview:large","max-video-preview":"max-video-preview:-1"},"canonical":"https:\/\/bbqentertainment.com\/toode\/napoleon-executive-roostevabast-terasest-4-osaline-grillitarvikute-komplekt\/","og_locale":"en_US","og_type":"article","og_title":"Napoleon Executive President Edition 4-osaline grilltarvikute komplekt - BBQ Entertainment","og_description":"Napoleon Executive President Edition 4-osaline grilltarvikute komplekt (grilltangid, -labidas, silikoonpintsel ja kokanuga)Napoleon Executive 4-osaline grillitarvikute komplekt on m\u00f5eldud kasutajale, kes eelistab kvaliteetseid ja vastupidavaid t\u00f6\u00f6riistu nii grillil kui ka k\u00f6\u00f6gis. Komplekt on valmistatud valatud roostevabast terasest ning mugavate ergonoomiliste k\u00e4epidemetega.Komplekt sisaldabKokanuga Saksa terasest sobides universaalseks k\u00f6\u00f6ginoaks nii liha, k\u00f6\u00f6giviljade kui ka muu tooraine l\u00f5ikamisel.Suur spaatel sobib steikide ja muude suuremate grillroogade keeramiseks; terav ots aitab toidu alla p\u00e4\u00e4seda ning sakiline serv v\u00f5imaldab vajadusel kohe l\u00f5igata.Lukustatavad roostevabast terasest grillitangid.Silikoonist glasuurimispintsel sobib h\u00e4sti marinaadide ja kastmete pealekandmiseks.","og_url":"https:\/\/bbqentertainment.com\/toode\/napoleon-executive-roostevabast-terasest-4-osaline-grillitarvikute-komplekt\/","og_site_name":"BBQ Entertainment","article_publisher":"https:\/\/www.facebook.com\/BBQ-Entertainment-N-Catering-2437913376443540","article_modified_time":"2026-04-06T09:26:39+00:00","og_image":[{"width":400,"height":400,"url":"https:\/\/bbqentertainment.com\/wp-content\/uploads\/2025\/12\/s-l400-2.jpg","type":"image\/jpeg"}],"twitter_card":"summary_large_image","twitter_misc":{"Est. reading time":"1 minute"},"schema":{"@context":"https:\/\/schema.org","@graph":[{"@type":["WebPage","ItemPage"],"@id":"https:\/\/bbqentertainment.com\/toode\/napoleon-executive-roostevabast-terasest-4-osaline-grillitarvikute-komplekt\/","url":"https:\/\/bbqentertainment.com\/toode\/napoleon-executive-roostevabast-terasest-4-osaline-grillitarvikute-komplekt\/","name":"Napoleon Executive President Edition 4-osaline grilltarvikute komplekt - BBQ Entertainment","isPartOf":{"@id":"https:\/\/bbqentertainment.com\/#website"},"primaryImageOfPage":{"@id":"https:\/\/bbqentertainment.com\/toode\/napoleon-executive-roostevabast-terasest-4-osaline-grillitarvikute-komplekt\/#primaryimage"},"image":{"@id":"https:\/\/bbqentertainment.com\/toode\/napoleon-executive-roostevabast-terasest-4-osaline-grillitarvikute-komplekt\/#primaryimage"},"thumbnailUrl":"https:\/\/bbqentertainment.com\/wp-content\/uploads\/2025\/12\/s-l400-2.jpg","datePublished":"2025-12-29T16:36:23+00:00","dateModified":"2026-04-06T09:26:39+00:00","breadcrumb":{"@id":"https:\/\/bbqentertainment.com\/toode\/napoleon-executive-roostevabast-terasest-4-osaline-grillitarvikute-komplekt\/#breadcrumb"},"inLanguage":"en-US","potentialAction":[{"@type":"ReadAction","target":["https:\/\/bbqentertainment.com\/toode\/napoleon-executive-roostevabast-terasest-4-osaline-grillitarvikute-komplekt\/"]}]},{"@type":"ImageObject","inLanguage":"en-US","@id":"https:\/\/bbqentertainment.com\/toode\/napoleon-executive-roostevabast-terasest-4-osaline-grillitarvikute-komplekt\/#primaryimage","url":"https:\/\/bbqentertainment.com\/wp-content\/uploads\/2025\/12\/s-l400-2.jpg","contentUrl":"https:\/\/bbqentertainment.com\/wp-content\/uploads\/2025\/12\/s-l400-2.jpg","width":400,"height":400},{"@type":"BreadcrumbList","@id":"https:\/\/bbqentertainment.com\/toode\/napoleon-executive-roostevabast-terasest-4-osaline-grillitarvikute-komplekt\/#breadcrumb","itemListElement":[{"@type":"ListItem","position":1,"name":"AVALEHT","item":"https:\/\/bbqentertainment.com\/en\/"},{"@type":"ListItem","position":2,"name":"Tooted","item":"https:\/\/bbqentertainment.com\/tooted\/"},{"@type":"ListItem","position":3,"name":"Lisatarvikud","item":"https:\/\/bbqentertainment.com\/tootekategooria\/lisatarvikud\/"},{"@type":"ListItem","position":4,"name":"Lisatarvikud Napoleon","item":"https:\/\/bbqentertainment.com\/tootekategooria\/lisatarvikud\/lisatarvikud-napoleon\/"},{"@type":"ListItem","position":5,"name":"Napoleon Executive President Edition 4-osaline grilltarvikute komplekt"}]},{"@type":"WebSite","@id":"https:\/\/bbqentertainment.com\/#website","url":"https:\/\/bbqentertainment.com\/","name":"BBQ Entertainment","description":"BBQ is a great lifestyle, not just fun!","publisher":{"@id":"https:\/\/bbqentertainment.com\/#organization"},"potentialAction":[{"@type":"SearchAction","target":{"@type":"EntryPoint","urlTemplate":"https:\/\/bbqentertainment.com\/?s={search_term_string}"},"query-input":{"@type":"PropertyValueSpecification","valueRequired":true,"valueName":"search_term_string"}}],"inLanguage":"en-US"},{"@type":"Organization","@id":"https:\/\/bbqentertainment.com\/#organization","name":"BBQ Entertainment O\u00dc","url":"https:\/\/bbqentertainment.com\/","logo":{"@type":"ImageObject","inLanguage":"en-US","@id":"https:\/\/bbqentertainment.com\/#\/schema\/logo\/image\/","url":"https:\/\/bbqentertainment.com\/wp-content\/uploads\/2020\/04\/BBQ-Entertainment-N-Catering-Enn-Tobreluts-Logo.png","contentUrl":"https:\/\/bbqentertainment.com\/wp-content\/uploads\/2020\/04\/BBQ-Entertainment-N-Catering-Enn-Tobreluts-Logo.png","width":628,"height":266,"caption":"BBQ Entertainment O\u00dc"},"image":{"@id":"https:\/\/bbqentertainment.com\/#\/schema\/logo\/image\/"},"sameAs":["https:\/\/www.facebook.com\/BBQ-Entertainment-N-Catering-2437913376443540","https:\/\/www.instagram.com\/bbqentertainmentncatering\/","https:\/\/www.youtube.com\/channel\/UCmpuANQVhLy2Md8nrenp2jA"]}]}},"_links":{"self":[{"href":"https:\/\/bbqentertainment.com\/en\/wp-json\/wp\/v2\/product\/256991","targetHints":{"allow":["GET"]}}],"collection":[{"href":"https:\/\/bbqentertainment.com\/en\/wp-json\/wp\/v2\/product"}],"about":[{"href":"https:\/\/bbqentertainment.com\/en\/wp-json\/wp\/v2\/types\/product"}],"wp:featuredmedia":[{"embeddable":true,"href":"https:\/\/bbqentertainment.com\/en\/wp-json\/wp\/v2\/media\/256999"}],"wp:attachment":[{"href":"https:\/\/bbqentertainment.com\/en\/wp-json\/wp\/v2\/media?parent=256991"}],"wp:term":[{"taxonomy":"product_brand","embeddable":true,"href":"https:\/\/bbqentertainment.com\/en\/wp-json\/wp\/v2\/product_brand?post=256991"},{"taxonomy":"product_cat","embeddable":true,"href":"https:\/\/bbqentertainment.com\/en\/wp-json\/wp\/v2\/product_cat?post=256991"},{"taxonomy":"product_tag","embeddable":true,"href":"https:\/\/bbqentertainment.com\/en\/wp-json\/wp\/v2\/product_tag?post=256991"}],"curies":[{"name":"wp","href":"https:\/\/api.w.org\/{rel}","templated":true}]}}