{"id":256995,"date":"2025-12-29T18:53:15","date_gmt":"2025-12-29T16:53:15","guid":{"rendered":"https:\/\/bbqentertainment.com\/?post_type=product&#038;p=256995"},"modified":"2026-04-06T12:26:52","modified_gmt":"2026-04-06T09:26:52","slug":"napoleon-3-osaline-spaatlikomplekt","status":"publish","type":"product","link":"https:\/\/bbqentertainment.com\/en\/toode\/napoleon-3-osaline-spaatlikomplekt\/","title":{"rendered":"Napoleon 3-osaline Plancha spaatlikomplekt"},"content":{"rendered":"","protected":false},"excerpt":{"rendered":"<h3><strong>Napoleon 3-osaline Plancha spaatlikomplekt<\/strong><\/h3>\n<p data-start=\"0\" data-end=\"301\">Napoleon 3-osaline spaatlikomplekt on m\u00f5eldud plancha tasapinnalisel plaadil ja restplaadil k\u00fcpsetamiseks. Komplektis olevad suured spaatlid ja kraabits teevad toidu p\u00f6\u00f6ramise, hakkimise ja plaadi puhastamise lihtsaks ja mugavaks.<\/p>\n<p data-start=\"702\" data-end=\"849\">Ergonoomilised k\u00e4epidemed teevad t\u00f6\u00f6riistade kasutamise mugavaks ka pikema k\u00fcpsetamise ajal ning roostevaba teras tagab komplektile pika kasutusea.<\/p>\n<p data-start=\"851\" data-end=\"863\"><strong data-start=\"851\" data-end=\"863\">Komplekt sisaldab<\/strong><\/p>\n<ul data-start=\"865\" data-end=\"1220\" data-is-last-node=\"\" data-is-only-node=\"\">\n<li data-start=\"957\" data-end=\"1032\">\n<p data-start=\"959\" data-end=\"1032\">T\u00e4isspaatli paindlik serv sobib riisi, k\u00f6\u00f6giviljade ja mereandide jaoks<\/p>\n<\/li>\n<li data-start=\"1033\" data-end=\"1097\">\n<p data-start=\"1035\" data-end=\"1097\">Perforeeritud spaatel burgerite ja kala mugavaks keeramiseks<\/p>\n<\/li>\n<li data-start=\"1098\" data-end=\"1169\">\n<p data-start=\"1100\" data-end=\"1169\">Kraabits\/hakkur toidu kiireks t\u00fckeldamiseks ja plaadi puhastamiseks<\/p>\n<\/li>\n<\/ul>\n","protected":false},"featured_media":256997,"template":"","meta":{"inline_featured_image":false},"product_brand":[],"product_cat":[92,562,479],"product_tag":[],"class_list":{"0":"post-256995","1":"product","2":"type-product","3":"status-publish","4":"has-post-thumbnail","6":"product_cat-lisatarvikud","7":"product_cat-lisatarvikud-napoleon","8":"product_cat-grillitarvikud","10":"first","11":"instock","12":"taxable","13":"shipping-taxable","14":"purchasable","15":"product-type-simple"},"yoast_head":"<!-- This site is optimized with the Yoast SEO plugin v27.4 - https:\/\/yoast.com\/product\/yoast-seo-wordpress\/ -->\n<title>Napoleon 3-osaline Plancha spaatlikomplekt - BBQ Entertainment<\/title>\n<meta name=\"robots\" content=\"index, follow, max-snippet:-1, max-image-preview:large, max-video-preview:-1\" \/>\n<link rel=\"canonical\" href=\"https:\/\/bbqentertainment.com\/toode\/napoleon-3-osaline-spaatlikomplekt\/\" \/>\n<meta property=\"og:locale\" content=\"en_US\" \/>\n<meta property=\"og:type\" content=\"article\" \/>\n<meta property=\"og:title\" content=\"Napoleon 3-osaline Plancha spaatlikomplekt - BBQ Entertainment\" \/>\n<meta property=\"og:description\" content=\"Napoleon 3-osaline Plancha spaatlikomplektNapoleon 3-osaline spaatlikomplekt on m\u00f5eldud plancha tasapinnalisel plaadil ja restplaadil k\u00fcpsetamiseks. Komplektis olevad suured spaatlid ja kraabits teevad toidu p\u00f6\u00f6ramise, hakkimise ja plaadi puhastamise lihtsaks ja mugavaks.Ergonoomilised k\u00e4epidemed teevad t\u00f6\u00f6riistade kasutamise mugavaks ka pikema k\u00fcpsetamise ajal ning roostevaba teras tagab komplektile pika kasutusea.Komplekt sisaldabT\u00e4isspaatli paindlik serv sobib riisi, k\u00f6\u00f6giviljade ja mereandide jaoksPerforeeritud spaatel burgerite ja kala mugavaks keeramiseksKraabits\/hakkur toidu kiireks t\u00fckeldamiseks ja plaadi puhastamiseks\" \/>\n<meta property=\"og:url\" content=\"https:\/\/bbqentertainment.com\/toode\/napoleon-3-osaline-spaatlikomplekt\/\" \/>\n<meta property=\"og:site_name\" content=\"BBQ Entertainment\" \/>\n<meta property=\"article:publisher\" content=\"https:\/\/www.facebook.com\/BBQ-Entertainment-N-Catering-2437913376443540\" \/>\n<meta property=\"article:modified_time\" content=\"2026-04-06T09:26:52+00:00\" \/>\n<meta property=\"og:image\" content=\"https:\/\/bbqentertainment.com\/wp-content\/uploads\/2025\/12\/set-ergaleion-plancha-napoleon-70081-img-1_1-1.jpg.webp\" \/>\n\t<meta property=\"og:image:width\" content=\"600\" \/>\n\t<meta property=\"og:image:height\" content=\"900\" \/>\n\t<meta property=\"og:image:type\" content=\"image\/webp\" \/>\n<meta name=\"twitter:card\" content=\"summary_large_image\" \/>\n<meta name=\"twitter:label1\" content=\"Est. reading time\" \/>\n\t<meta name=\"twitter:data1\" content=\"1 minute\" \/>\n<script type=\"application\/ld+json\" class=\"yoast-schema-graph\">{\"@context\":\"https:\\\/\\\/schema.org\",\"@graph\":[{\"@type\":[\"WebPage\",\"ItemPage\"],\"@id\":\"https:\\\/\\\/bbqentertainment.com\\\/toode\\\/napoleon-3-osaline-spaatlikomplekt\\\/\",\"url\":\"https:\\\/\\\/bbqentertainment.com\\\/toode\\\/napoleon-3-osaline-spaatlikomplekt\\\/\",\"name\":\"Napoleon 3-osaline Plancha spaatlikomplekt - BBQ Entertainment\",\"isPartOf\":{\"@id\":\"https:\\\/\\\/bbqentertainment.com\\\/#website\"},\"primaryImageOfPage\":{\"@id\":\"https:\\\/\\\/bbqentertainment.com\\\/toode\\\/napoleon-3-osaline-spaatlikomplekt\\\/#primaryimage\"},\"image\":{\"@id\":\"https:\\\/\\\/bbqentertainment.com\\\/toode\\\/napoleon-3-osaline-spaatlikomplekt\\\/#primaryimage\"},\"thumbnailUrl\":\"https:\\\/\\\/bbqentertainment.com\\\/wp-content\\\/uploads\\\/2025\\\/12\\\/set-ergaleion-plancha-napoleon-70081-img-1_1-1.jpg.webp\",\"datePublished\":\"2025-12-29T16:53:15+00:00\",\"dateModified\":\"2026-04-06T09:26:52+00:00\",\"breadcrumb\":{\"@id\":\"https:\\\/\\\/bbqentertainment.com\\\/toode\\\/napoleon-3-osaline-spaatlikomplekt\\\/#breadcrumb\"},\"inLanguage\":\"en-US\",\"potentialAction\":[{\"@type\":\"ReadAction\",\"target\":[\"https:\\\/\\\/bbqentertainment.com\\\/toode\\\/napoleon-3-osaline-spaatlikomplekt\\\/\"]}]},{\"@type\":\"ImageObject\",\"inLanguage\":\"en-US\",\"@id\":\"https:\\\/\\\/bbqentertainment.com\\\/toode\\\/napoleon-3-osaline-spaatlikomplekt\\\/#primaryimage\",\"url\":\"https:\\\/\\\/bbqentertainment.com\\\/wp-content\\\/uploads\\\/2025\\\/12\\\/set-ergaleion-plancha-napoleon-70081-img-1_1-1.jpg.webp\",\"contentUrl\":\"https:\\\/\\\/bbqentertainment.com\\\/wp-content\\\/uploads\\\/2025\\\/12\\\/set-ergaleion-plancha-napoleon-70081-img-1_1-1.jpg.webp\",\"width\":600,\"height\":900},{\"@type\":\"BreadcrumbList\",\"@id\":\"https:\\\/\\\/bbqentertainment.com\\\/toode\\\/napoleon-3-osaline-spaatlikomplekt\\\/#breadcrumb\",\"itemListElement\":[{\"@type\":\"ListItem\",\"position\":1,\"name\":\"AVALEHT\",\"item\":\"https:\\\/\\\/bbqentertainment.com\\\/en\\\/\"},{\"@type\":\"ListItem\",\"position\":2,\"name\":\"Tooted\",\"item\":\"https:\\\/\\\/bbqentertainment.com\\\/tooted\\\/\"},{\"@type\":\"ListItem\",\"position\":3,\"name\":\"Lisatarvikud\",\"item\":\"https:\\\/\\\/bbqentertainment.com\\\/tootekategooria\\\/lisatarvikud\\\/\"},{\"@type\":\"ListItem\",\"position\":4,\"name\":\"Lisatarvikud Napoleon\",\"item\":\"https:\\\/\\\/bbqentertainment.com\\\/tootekategooria\\\/lisatarvikud\\\/lisatarvikud-napoleon\\\/\"},{\"@type\":\"ListItem\",\"position\":5,\"name\":\"Napoleon 3-osaline Plancha spaatlikomplekt\"}]},{\"@type\":\"WebSite\",\"@id\":\"https:\\\/\\\/bbqentertainment.com\\\/#website\",\"url\":\"https:\\\/\\\/bbqentertainment.com\\\/\",\"name\":\"BBQ Entertainment\",\"description\":\"BBQ is a great lifestyle, not just fun!\",\"publisher\":{\"@id\":\"https:\\\/\\\/bbqentertainment.com\\\/#organization\"},\"potentialAction\":[{\"@type\":\"SearchAction\",\"target\":{\"@type\":\"EntryPoint\",\"urlTemplate\":\"https:\\\/\\\/bbqentertainment.com\\\/?s={search_term_string}\"},\"query-input\":{\"@type\":\"PropertyValueSpecification\",\"valueRequired\":true,\"valueName\":\"search_term_string\"}}],\"inLanguage\":\"en-US\"},{\"@type\":\"Organization\",\"@id\":\"https:\\\/\\\/bbqentertainment.com\\\/#organization\",\"name\":\"BBQ Entertainment O\u00dc\",\"url\":\"https:\\\/\\\/bbqentertainment.com\\\/\",\"logo\":{\"@type\":\"ImageObject\",\"inLanguage\":\"en-US\",\"@id\":\"https:\\\/\\\/bbqentertainment.com\\\/#\\\/schema\\\/logo\\\/image\\\/\",\"url\":\"https:\\\/\\\/bbqentertainment.com\\\/wp-content\\\/uploads\\\/2020\\\/04\\\/BBQ-Entertainment-N-Catering-Enn-Tobreluts-Logo.png\",\"contentUrl\":\"https:\\\/\\\/bbqentertainment.com\\\/wp-content\\\/uploads\\\/2020\\\/04\\\/BBQ-Entertainment-N-Catering-Enn-Tobreluts-Logo.png\",\"width\":628,\"height\":266,\"caption\":\"BBQ Entertainment O\u00dc\"},\"image\":{\"@id\":\"https:\\\/\\\/bbqentertainment.com\\\/#\\\/schema\\\/logo\\\/image\\\/\"},\"sameAs\":[\"https:\\\/\\\/www.facebook.com\\\/BBQ-Entertainment-N-Catering-2437913376443540\",\"https:\\\/\\\/www.instagram.com\\\/bbqentertainmentncatering\\\/\",\"https:\\\/\\\/www.youtube.com\\\/channel\\\/UCmpuANQVhLy2Md8nrenp2jA\"]}]}<\/script>\n<!-- \/ Yoast SEO plugin. -->","yoast_head_json":{"title":"Napoleon 3-osaline Plancha spaatlikomplekt - BBQ Entertainment","robots":{"index":"index","follow":"follow","max-snippet":"max-snippet:-1","max-image-preview":"max-image-preview:large","max-video-preview":"max-video-preview:-1"},"canonical":"https:\/\/bbqentertainment.com\/toode\/napoleon-3-osaline-spaatlikomplekt\/","og_locale":"en_US","og_type":"article","og_title":"Napoleon 3-osaline Plancha spaatlikomplekt - BBQ Entertainment","og_description":"Napoleon 3-osaline Plancha spaatlikomplektNapoleon 3-osaline spaatlikomplekt on m\u00f5eldud plancha tasapinnalisel plaadil ja restplaadil k\u00fcpsetamiseks. Komplektis olevad suured spaatlid ja kraabits teevad toidu p\u00f6\u00f6ramise, hakkimise ja plaadi puhastamise lihtsaks ja mugavaks.Ergonoomilised k\u00e4epidemed teevad t\u00f6\u00f6riistade kasutamise mugavaks ka pikema k\u00fcpsetamise ajal ning roostevaba teras tagab komplektile pika kasutusea.Komplekt sisaldabT\u00e4isspaatli paindlik serv sobib riisi, k\u00f6\u00f6giviljade ja mereandide jaoksPerforeeritud spaatel burgerite ja kala mugavaks keeramiseksKraabits\/hakkur toidu kiireks t\u00fckeldamiseks ja plaadi puhastamiseks","og_url":"https:\/\/bbqentertainment.com\/toode\/napoleon-3-osaline-spaatlikomplekt\/","og_site_name":"BBQ Entertainment","article_publisher":"https:\/\/www.facebook.com\/BBQ-Entertainment-N-Catering-2437913376443540","article_modified_time":"2026-04-06T09:26:52+00:00","og_image":[{"width":600,"height":900,"url":"https:\/\/bbqentertainment.com\/wp-content\/uploads\/2025\/12\/set-ergaleion-plancha-napoleon-70081-img-1_1-1.jpg.webp","type":"image\/webp"}],"twitter_card":"summary_large_image","twitter_misc":{"Est. reading time":"1 minute"},"schema":{"@context":"https:\/\/schema.org","@graph":[{"@type":["WebPage","ItemPage"],"@id":"https:\/\/bbqentertainment.com\/toode\/napoleon-3-osaline-spaatlikomplekt\/","url":"https:\/\/bbqentertainment.com\/toode\/napoleon-3-osaline-spaatlikomplekt\/","name":"Napoleon 3-osaline Plancha spaatlikomplekt - BBQ Entertainment","isPartOf":{"@id":"https:\/\/bbqentertainment.com\/#website"},"primaryImageOfPage":{"@id":"https:\/\/bbqentertainment.com\/toode\/napoleon-3-osaline-spaatlikomplekt\/#primaryimage"},"image":{"@id":"https:\/\/bbqentertainment.com\/toode\/napoleon-3-osaline-spaatlikomplekt\/#primaryimage"},"thumbnailUrl":"https:\/\/bbqentertainment.com\/wp-content\/uploads\/2025\/12\/set-ergaleion-plancha-napoleon-70081-img-1_1-1.jpg.webp","datePublished":"2025-12-29T16:53:15+00:00","dateModified":"2026-04-06T09:26:52+00:00","breadcrumb":{"@id":"https:\/\/bbqentertainment.com\/toode\/napoleon-3-osaline-spaatlikomplekt\/#breadcrumb"},"inLanguage":"en-US","potentialAction":[{"@type":"ReadAction","target":["https:\/\/bbqentertainment.com\/toode\/napoleon-3-osaline-spaatlikomplekt\/"]}]},{"@type":"ImageObject","inLanguage":"en-US","@id":"https:\/\/bbqentertainment.com\/toode\/napoleon-3-osaline-spaatlikomplekt\/#primaryimage","url":"https:\/\/bbqentertainment.com\/wp-content\/uploads\/2025\/12\/set-ergaleion-plancha-napoleon-70081-img-1_1-1.jpg.webp","contentUrl":"https:\/\/bbqentertainment.com\/wp-content\/uploads\/2025\/12\/set-ergaleion-plancha-napoleon-70081-img-1_1-1.jpg.webp","width":600,"height":900},{"@type":"BreadcrumbList","@id":"https:\/\/bbqentertainment.com\/toode\/napoleon-3-osaline-spaatlikomplekt\/#breadcrumb","itemListElement":[{"@type":"ListItem","position":1,"name":"AVALEHT","item":"https:\/\/bbqentertainment.com\/en\/"},{"@type":"ListItem","position":2,"name":"Tooted","item":"https:\/\/bbqentertainment.com\/tooted\/"},{"@type":"ListItem","position":3,"name":"Lisatarvikud","item":"https:\/\/bbqentertainment.com\/tootekategooria\/lisatarvikud\/"},{"@type":"ListItem","position":4,"name":"Lisatarvikud Napoleon","item":"https:\/\/bbqentertainment.com\/tootekategooria\/lisatarvikud\/lisatarvikud-napoleon\/"},{"@type":"ListItem","position":5,"name":"Napoleon 3-osaline Plancha spaatlikomplekt"}]},{"@type":"WebSite","@id":"https:\/\/bbqentertainment.com\/#website","url":"https:\/\/bbqentertainment.com\/","name":"BBQ Entertainment","description":"BBQ is a great lifestyle, not just fun!","publisher":{"@id":"https:\/\/bbqentertainment.com\/#organization"},"potentialAction":[{"@type":"SearchAction","target":{"@type":"EntryPoint","urlTemplate":"https:\/\/bbqentertainment.com\/?s={search_term_string}"},"query-input":{"@type":"PropertyValueSpecification","valueRequired":true,"valueName":"search_term_string"}}],"inLanguage":"en-US"},{"@type":"Organization","@id":"https:\/\/bbqentertainment.com\/#organization","name":"BBQ Entertainment O\u00dc","url":"https:\/\/bbqentertainment.com\/","logo":{"@type":"ImageObject","inLanguage":"en-US","@id":"https:\/\/bbqentertainment.com\/#\/schema\/logo\/image\/","url":"https:\/\/bbqentertainment.com\/wp-content\/uploads\/2020\/04\/BBQ-Entertainment-N-Catering-Enn-Tobreluts-Logo.png","contentUrl":"https:\/\/bbqentertainment.com\/wp-content\/uploads\/2020\/04\/BBQ-Entertainment-N-Catering-Enn-Tobreluts-Logo.png","width":628,"height":266,"caption":"BBQ Entertainment O\u00dc"},"image":{"@id":"https:\/\/bbqentertainment.com\/#\/schema\/logo\/image\/"},"sameAs":["https:\/\/www.facebook.com\/BBQ-Entertainment-N-Catering-2437913376443540","https:\/\/www.instagram.com\/bbqentertainmentncatering\/","https:\/\/www.youtube.com\/channel\/UCmpuANQVhLy2Md8nrenp2jA"]}]}},"_links":{"self":[{"href":"https:\/\/bbqentertainment.com\/en\/wp-json\/wp\/v2\/product\/256995","targetHints":{"allow":["GET"]}}],"collection":[{"href":"https:\/\/bbqentertainment.com\/en\/wp-json\/wp\/v2\/product"}],"about":[{"href":"https:\/\/bbqentertainment.com\/en\/wp-json\/wp\/v2\/types\/product"}],"wp:featuredmedia":[{"embeddable":true,"href":"https:\/\/bbqentertainment.com\/en\/wp-json\/wp\/v2\/media\/256997"}],"wp:attachment":[{"href":"https:\/\/bbqentertainment.com\/en\/wp-json\/wp\/v2\/media?parent=256995"}],"wp:term":[{"taxonomy":"product_brand","embeddable":true,"href":"https:\/\/bbqentertainment.com\/en\/wp-json\/wp\/v2\/product_brand?post=256995"},{"taxonomy":"product_cat","embeddable":true,"href":"https:\/\/bbqentertainment.com\/en\/wp-json\/wp\/v2\/product_cat?post=256995"},{"taxonomy":"product_tag","embeddable":true,"href":"https:\/\/bbqentertainment.com\/en\/wp-json\/wp\/v2\/product_tag?post=256995"}],"curies":[{"name":"wp","href":"https:\/\/api.w.org\/{rel}","templated":true}]}}