{"id":257001,"date":"2025-12-30T00:11:07","date_gmt":"2025-12-29T22:11:07","guid":{"rendered":"https:\/\/bbqentertainment.com\/?post_type=product&#038;p=257001"},"modified":"2026-04-16T13:56:22","modified_gmt":"2026-04-16T10:56:22","slug":"napoleon-premium-pro-pizzakivi","status":"publish","type":"product","link":"https:\/\/bbqentertainment.com\/en\/toode\/napoleon-premium-pro-pizzakivi\/","title":{"rendered":"Napoleon premium PRO keraamiline pizzakivi"},"content":{"rendered":"","protected":false},"excerpt":{"rendered":"<h3><strong>Napoleon premium PRO keraamiline pizzakivi<\/strong><\/h3>\n<p data-start=\"0\" data-end=\"319\">Napoleon Premium pitsakivi sobib kasutamiseks nii gaasi- ja s\u00f6egrillil kui ka tavalises ahjus. Poorset pinda kasutav kivi imeb taignast niiskust, nii et pitsap\u00f5hi, saiad ja pirukad j\u00e4\u00e4vad korraga kerged ja kr\u00f5bedad. Kivi jaotab kuumust \u00fchtlaselt, mis aitab v\u00e4ltida kohti, mis k\u00fcpsevad liiga kiiresti v\u00f5i j\u00e4\u00e4vad tooreks.<\/p>\n<p data-start=\"321\" data-end=\"574\">Naturaalne kivipind ei hoia endas l\u00f5hnu ega maitseid, seega ei kandu eelmise n\u00e4dala k\u00fc\u00fcslaugupitsa maitse j\u00e4rgmistele k\u00fcpsetistele.<\/p>\n<p data-start=\"857\" data-end=\"882\"><strong data-start=\"857\" data-end=\"882\">Kasutamine ja hooldus<\/strong><\/p>\n<p data-start=\"884\" data-end=\"1118\">Enne k\u00fcpsetamist soojenda pitsakivi grillil v\u00f5i ahjus eelkuumutusfaasis. T\u00f5sta pizza v\u00f5i muu k\u00fcpsetis kuumale kivile ja k\u00fcpseta vastavalt retseptile. Enne kivi eemaldamist lase sellel t\u00e4ielikult jahtuda, et v\u00e4ltida temperatuurishokki.<\/p>\n<p data-start=\"1120\" data-end=\"1440\" data-is-last-node=\"\" data-is-only-node=\"\">P\u00e4rast kasutamist pese pitsakivi k\u00e4sitsi sooja veega, ilma n\u00f5udepesuvahendita, ja vajadusel p\u00fchi \u00f5rnalt pehme harja v\u00f5i svammiga. V\u00e4ldi h\u00f5\u00f5rumist ja seebivett, et mitte rikkuda kivi loomulikku pinda. \u00d5li ei ole soovitatav kivile kanda. Aja jooksul tekib kivile kasutusj\u00e4lg, mis on normaalne ja parandab k\u00fcpsetustulemust. Samuti aja jooksul kivi muutub kasutuse k\u00e4igus tumedamaks ja v\u00e4hem nakkuvaks, sarnaselt malmpannile.<\/p>\n","protected":false},"featured_media":257005,"template":"","meta":{"inline_featured_image":false},"product_brand":[],"product_cat":[436,92,562,479],"product_tag":[],"class_list":{"0":"post-257001","1":"product","2":"type-product","3":"status-publish","4":"has-post-thumbnail","6":"product_cat-pizzaahjud-tarvikud","7":"product_cat-lisatarvikud","8":"product_cat-lisatarvikud-napoleon","9":"product_cat-grillitarvikud","11":"first","12":"instock","13":"taxable","14":"shipping-taxable","15":"purchasable","16":"product-type-simple"},"yoast_head":"<!-- This site is optimized with the Yoast SEO plugin v27.4 - https:\/\/yoast.com\/product\/yoast-seo-wordpress\/ -->\n<title>Napoleon premium PRO keraamiline pizzakivi - BBQ Entertainment<\/title>\n<meta name=\"robots\" content=\"index, follow, max-snippet:-1, max-image-preview:large, max-video-preview:-1\" \/>\n<link rel=\"canonical\" href=\"https:\/\/bbqentertainment.com\/toode\/napoleon-premium-pro-pizzakivi\/\" \/>\n<meta property=\"og:locale\" content=\"en_US\" \/>\n<meta property=\"og:type\" content=\"article\" \/>\n<meta property=\"og:title\" content=\"Napoleon premium PRO keraamiline pizzakivi - BBQ Entertainment\" \/>\n<meta property=\"og:description\" content=\"Napoleon premium PRO keraamiline pizzakiviNapoleon Premium pitsakivi sobib kasutamiseks nii gaasi- ja s\u00f6egrillil kui ka tavalises ahjus. Poorset pinda kasutav kivi imeb taignast niiskust, nii et pitsap\u00f5hi, saiad ja pirukad j\u00e4\u00e4vad korraga kerged ja kr\u00f5bedad. Kivi jaotab kuumust \u00fchtlaselt, mis aitab v\u00e4ltida kohti, mis k\u00fcpsevad liiga kiiresti v\u00f5i j\u00e4\u00e4vad tooreks.Naturaalne kivipind ei hoia endas l\u00f5hnu ega maitseid, seega ei kandu eelmise n\u00e4dala k\u00fc\u00fcslaugupitsa maitse j\u00e4rgmistele k\u00fcpsetistele.Kasutamine ja hooldusEnne k\u00fcpsetamist soojenda pitsakivi grillil v\u00f5i ahjus eelkuumutusfaasis. T\u00f5sta pizza v\u00f5i muu k\u00fcpsetis kuumale kivile ja k\u00fcpseta vastavalt retseptile. Enne kivi eemaldamist lase sellel t\u00e4ielikult jahtuda, et v\u00e4ltida temperatuurishokki.P\u00e4rast kasutamist pese pitsakivi k\u00e4sitsi sooja veega, ilma n\u00f5udepesuvahendita, ja vajadusel p\u00fchi \u00f5rnalt pehme harja v\u00f5i svammiga. V\u00e4ldi h\u00f5\u00f5rumist ja seebivett, et mitte rikkuda kivi loomulikku pinda. \u00d5li ei ole soovitatav kivile kanda. Aja jooksul tekib kivile kasutusj\u00e4lg, mis on normaalne ja parandab k\u00fcpsetustulemust. Samuti aja jooksul kivi muutub kasutuse k\u00e4igus tumedamaks ja v\u00e4hem nakkuvaks, sarnaselt malmpannile.\" \/>\n<meta property=\"og:url\" content=\"https:\/\/bbqentertainment.com\/toode\/napoleon-premium-pro-pizzakivi\/\" \/>\n<meta property=\"og:site_name\" content=\"BBQ Entertainment\" \/>\n<meta property=\"article:publisher\" content=\"https:\/\/www.facebook.com\/BBQ-Entertainment-N-Catering-2437913376443540\" \/>\n<meta property=\"article:modified_time\" content=\"2026-04-16T10:56:22+00:00\" \/>\n<meta property=\"og:image\" content=\"https:\/\/bbqentertainment.com\/wp-content\/uploads\/2025\/12\/70084.png\" \/>\n\t<meta property=\"og:image:width\" content=\"1600\" \/>\n\t<meta property=\"og:image:height\" content=\"1600\" \/>\n\t<meta property=\"og:image:type\" content=\"image\/png\" \/>\n<meta name=\"twitter:card\" content=\"summary_large_image\" \/>\n<meta name=\"twitter:label1\" content=\"Est. reading time\" \/>\n\t<meta name=\"twitter:data1\" content=\"1 minute\" \/>\n<script type=\"application\/ld+json\" class=\"yoast-schema-graph\">{\"@context\":\"https:\\\/\\\/schema.org\",\"@graph\":[{\"@type\":[\"WebPage\",\"ItemPage\"],\"@id\":\"https:\\\/\\\/bbqentertainment.com\\\/toode\\\/napoleon-premium-pro-pizzakivi\\\/\",\"url\":\"https:\\\/\\\/bbqentertainment.com\\\/toode\\\/napoleon-premium-pro-pizzakivi\\\/\",\"name\":\"Napoleon premium PRO keraamiline pizzakivi - BBQ Entertainment\",\"isPartOf\":{\"@id\":\"https:\\\/\\\/bbqentertainment.com\\\/#website\"},\"primaryImageOfPage\":{\"@id\":\"https:\\\/\\\/bbqentertainment.com\\\/toode\\\/napoleon-premium-pro-pizzakivi\\\/#primaryimage\"},\"image\":{\"@id\":\"https:\\\/\\\/bbqentertainment.com\\\/toode\\\/napoleon-premium-pro-pizzakivi\\\/#primaryimage\"},\"thumbnailUrl\":\"https:\\\/\\\/bbqentertainment.com\\\/wp-content\\\/uploads\\\/2025\\\/12\\\/70084.png\",\"datePublished\":\"2025-12-29T22:11:07+00:00\",\"dateModified\":\"2026-04-16T10:56:22+00:00\",\"breadcrumb\":{\"@id\":\"https:\\\/\\\/bbqentertainment.com\\\/toode\\\/napoleon-premium-pro-pizzakivi\\\/#breadcrumb\"},\"inLanguage\":\"en-US\",\"potentialAction\":[{\"@type\":\"ReadAction\",\"target\":[\"https:\\\/\\\/bbqentertainment.com\\\/toode\\\/napoleon-premium-pro-pizzakivi\\\/\"]}]},{\"@type\":\"ImageObject\",\"inLanguage\":\"en-US\",\"@id\":\"https:\\\/\\\/bbqentertainment.com\\\/toode\\\/napoleon-premium-pro-pizzakivi\\\/#primaryimage\",\"url\":\"https:\\\/\\\/bbqentertainment.com\\\/wp-content\\\/uploads\\\/2025\\\/12\\\/70084.png\",\"contentUrl\":\"https:\\\/\\\/bbqentertainment.com\\\/wp-content\\\/uploads\\\/2025\\\/12\\\/70084.png\",\"width\":1600,\"height\":1600},{\"@type\":\"BreadcrumbList\",\"@id\":\"https:\\\/\\\/bbqentertainment.com\\\/toode\\\/napoleon-premium-pro-pizzakivi\\\/#breadcrumb\",\"itemListElement\":[{\"@type\":\"ListItem\",\"position\":1,\"name\":\"AVALEHT\",\"item\":\"https:\\\/\\\/bbqentertainment.com\\\/en\\\/\"},{\"@type\":\"ListItem\",\"position\":2,\"name\":\"Tooted\",\"item\":\"https:\\\/\\\/bbqentertainment.com\\\/tooted\\\/\"},{\"@type\":\"ListItem\",\"position\":3,\"name\":\"Lisatarvikud\",\"item\":\"https:\\\/\\\/bbqentertainment.com\\\/tootekategooria\\\/lisatarvikud\\\/\"},{\"@type\":\"ListItem\",\"position\":4,\"name\":\"Lisatarvikud Napoleon\",\"item\":\"https:\\\/\\\/bbqentertainment.com\\\/tootekategooria\\\/lisatarvikud\\\/lisatarvikud-napoleon\\\/\"},{\"@type\":\"ListItem\",\"position\":5,\"name\":\"Napoleon premium PRO keraamiline pizzakivi\"}]},{\"@type\":\"WebSite\",\"@id\":\"https:\\\/\\\/bbqentertainment.com\\\/#website\",\"url\":\"https:\\\/\\\/bbqentertainment.com\\\/\",\"name\":\"BBQ Entertainment\",\"description\":\"BBQ is a great lifestyle, not just fun!\",\"publisher\":{\"@id\":\"https:\\\/\\\/bbqentertainment.com\\\/#organization\"},\"potentialAction\":[{\"@type\":\"SearchAction\",\"target\":{\"@type\":\"EntryPoint\",\"urlTemplate\":\"https:\\\/\\\/bbqentertainment.com\\\/?s={search_term_string}\"},\"query-input\":{\"@type\":\"PropertyValueSpecification\",\"valueRequired\":true,\"valueName\":\"search_term_string\"}}],\"inLanguage\":\"en-US\"},{\"@type\":\"Organization\",\"@id\":\"https:\\\/\\\/bbqentertainment.com\\\/#organization\",\"name\":\"BBQ Entertainment O\u00dc\",\"url\":\"https:\\\/\\\/bbqentertainment.com\\\/\",\"logo\":{\"@type\":\"ImageObject\",\"inLanguage\":\"en-US\",\"@id\":\"https:\\\/\\\/bbqentertainment.com\\\/#\\\/schema\\\/logo\\\/image\\\/\",\"url\":\"https:\\\/\\\/bbqentertainment.com\\\/wp-content\\\/uploads\\\/2020\\\/04\\\/BBQ-Entertainment-N-Catering-Enn-Tobreluts-Logo.png\",\"contentUrl\":\"https:\\\/\\\/bbqentertainment.com\\\/wp-content\\\/uploads\\\/2020\\\/04\\\/BBQ-Entertainment-N-Catering-Enn-Tobreluts-Logo.png\",\"width\":628,\"height\":266,\"caption\":\"BBQ Entertainment O\u00dc\"},\"image\":{\"@id\":\"https:\\\/\\\/bbqentertainment.com\\\/#\\\/schema\\\/logo\\\/image\\\/\"},\"sameAs\":[\"https:\\\/\\\/www.facebook.com\\\/BBQ-Entertainment-N-Catering-2437913376443540\",\"https:\\\/\\\/www.instagram.com\\\/bbqentertainmentncatering\\\/\",\"https:\\\/\\\/www.youtube.com\\\/channel\\\/UCmpuANQVhLy2Md8nrenp2jA\"]}]}<\/script>\n<!-- \/ Yoast SEO plugin. -->","yoast_head_json":{"title":"Napoleon premium PRO keraamiline pizzakivi - BBQ Entertainment","robots":{"index":"index","follow":"follow","max-snippet":"max-snippet:-1","max-image-preview":"max-image-preview:large","max-video-preview":"max-video-preview:-1"},"canonical":"https:\/\/bbqentertainment.com\/toode\/napoleon-premium-pro-pizzakivi\/","og_locale":"en_US","og_type":"article","og_title":"Napoleon premium PRO keraamiline pizzakivi - BBQ Entertainment","og_description":"Napoleon premium PRO keraamiline pizzakiviNapoleon Premium pitsakivi sobib kasutamiseks nii gaasi- ja s\u00f6egrillil kui ka tavalises ahjus. Poorset pinda kasutav kivi imeb taignast niiskust, nii et pitsap\u00f5hi, saiad ja pirukad j\u00e4\u00e4vad korraga kerged ja kr\u00f5bedad. Kivi jaotab kuumust \u00fchtlaselt, mis aitab v\u00e4ltida kohti, mis k\u00fcpsevad liiga kiiresti v\u00f5i j\u00e4\u00e4vad tooreks.Naturaalne kivipind ei hoia endas l\u00f5hnu ega maitseid, seega ei kandu eelmise n\u00e4dala k\u00fc\u00fcslaugupitsa maitse j\u00e4rgmistele k\u00fcpsetistele.Kasutamine ja hooldusEnne k\u00fcpsetamist soojenda pitsakivi grillil v\u00f5i ahjus eelkuumutusfaasis. T\u00f5sta pizza v\u00f5i muu k\u00fcpsetis kuumale kivile ja k\u00fcpseta vastavalt retseptile. Enne kivi eemaldamist lase sellel t\u00e4ielikult jahtuda, et v\u00e4ltida temperatuurishokki.P\u00e4rast kasutamist pese pitsakivi k\u00e4sitsi sooja veega, ilma n\u00f5udepesuvahendita, ja vajadusel p\u00fchi \u00f5rnalt pehme harja v\u00f5i svammiga. V\u00e4ldi h\u00f5\u00f5rumist ja seebivett, et mitte rikkuda kivi loomulikku pinda. \u00d5li ei ole soovitatav kivile kanda. Aja jooksul tekib kivile kasutusj\u00e4lg, mis on normaalne ja parandab k\u00fcpsetustulemust. Samuti aja jooksul kivi muutub kasutuse k\u00e4igus tumedamaks ja v\u00e4hem nakkuvaks, sarnaselt malmpannile.","og_url":"https:\/\/bbqentertainment.com\/toode\/napoleon-premium-pro-pizzakivi\/","og_site_name":"BBQ Entertainment","article_publisher":"https:\/\/www.facebook.com\/BBQ-Entertainment-N-Catering-2437913376443540","article_modified_time":"2026-04-16T10:56:22+00:00","og_image":[{"width":1600,"height":1600,"url":"https:\/\/bbqentertainment.com\/wp-content\/uploads\/2025\/12\/70084.png","type":"image\/png"}],"twitter_card":"summary_large_image","twitter_misc":{"Est. reading time":"1 minute"},"schema":{"@context":"https:\/\/schema.org","@graph":[{"@type":["WebPage","ItemPage"],"@id":"https:\/\/bbqentertainment.com\/toode\/napoleon-premium-pro-pizzakivi\/","url":"https:\/\/bbqentertainment.com\/toode\/napoleon-premium-pro-pizzakivi\/","name":"Napoleon premium PRO keraamiline pizzakivi - BBQ Entertainment","isPartOf":{"@id":"https:\/\/bbqentertainment.com\/#website"},"primaryImageOfPage":{"@id":"https:\/\/bbqentertainment.com\/toode\/napoleon-premium-pro-pizzakivi\/#primaryimage"},"image":{"@id":"https:\/\/bbqentertainment.com\/toode\/napoleon-premium-pro-pizzakivi\/#primaryimage"},"thumbnailUrl":"https:\/\/bbqentertainment.com\/wp-content\/uploads\/2025\/12\/70084.png","datePublished":"2025-12-29T22:11:07+00:00","dateModified":"2026-04-16T10:56:22+00:00","breadcrumb":{"@id":"https:\/\/bbqentertainment.com\/toode\/napoleon-premium-pro-pizzakivi\/#breadcrumb"},"inLanguage":"en-US","potentialAction":[{"@type":"ReadAction","target":["https:\/\/bbqentertainment.com\/toode\/napoleon-premium-pro-pizzakivi\/"]}]},{"@type":"ImageObject","inLanguage":"en-US","@id":"https:\/\/bbqentertainment.com\/toode\/napoleon-premium-pro-pizzakivi\/#primaryimage","url":"https:\/\/bbqentertainment.com\/wp-content\/uploads\/2025\/12\/70084.png","contentUrl":"https:\/\/bbqentertainment.com\/wp-content\/uploads\/2025\/12\/70084.png","width":1600,"height":1600},{"@type":"BreadcrumbList","@id":"https:\/\/bbqentertainment.com\/toode\/napoleon-premium-pro-pizzakivi\/#breadcrumb","itemListElement":[{"@type":"ListItem","position":1,"name":"AVALEHT","item":"https:\/\/bbqentertainment.com\/en\/"},{"@type":"ListItem","position":2,"name":"Tooted","item":"https:\/\/bbqentertainment.com\/tooted\/"},{"@type":"ListItem","position":3,"name":"Lisatarvikud","item":"https:\/\/bbqentertainment.com\/tootekategooria\/lisatarvikud\/"},{"@type":"ListItem","position":4,"name":"Lisatarvikud Napoleon","item":"https:\/\/bbqentertainment.com\/tootekategooria\/lisatarvikud\/lisatarvikud-napoleon\/"},{"@type":"ListItem","position":5,"name":"Napoleon premium PRO keraamiline pizzakivi"}]},{"@type":"WebSite","@id":"https:\/\/bbqentertainment.com\/#website","url":"https:\/\/bbqentertainment.com\/","name":"BBQ Entertainment","description":"BBQ is a great lifestyle, not just fun!","publisher":{"@id":"https:\/\/bbqentertainment.com\/#organization"},"potentialAction":[{"@type":"SearchAction","target":{"@type":"EntryPoint","urlTemplate":"https:\/\/bbqentertainment.com\/?s={search_term_string}"},"query-input":{"@type":"PropertyValueSpecification","valueRequired":true,"valueName":"search_term_string"}}],"inLanguage":"en-US"},{"@type":"Organization","@id":"https:\/\/bbqentertainment.com\/#organization","name":"BBQ Entertainment O\u00dc","url":"https:\/\/bbqentertainment.com\/","logo":{"@type":"ImageObject","inLanguage":"en-US","@id":"https:\/\/bbqentertainment.com\/#\/schema\/logo\/image\/","url":"https:\/\/bbqentertainment.com\/wp-content\/uploads\/2020\/04\/BBQ-Entertainment-N-Catering-Enn-Tobreluts-Logo.png","contentUrl":"https:\/\/bbqentertainment.com\/wp-content\/uploads\/2020\/04\/BBQ-Entertainment-N-Catering-Enn-Tobreluts-Logo.png","width":628,"height":266,"caption":"BBQ Entertainment O\u00dc"},"image":{"@id":"https:\/\/bbqentertainment.com\/#\/schema\/logo\/image\/"},"sameAs":["https:\/\/www.facebook.com\/BBQ-Entertainment-N-Catering-2437913376443540","https:\/\/www.instagram.com\/bbqentertainmentncatering\/","https:\/\/www.youtube.com\/channel\/UCmpuANQVhLy2Md8nrenp2jA"]}]}},"_links":{"self":[{"href":"https:\/\/bbqentertainment.com\/en\/wp-json\/wp\/v2\/product\/257001","targetHints":{"allow":["GET"]}}],"collection":[{"href":"https:\/\/bbqentertainment.com\/en\/wp-json\/wp\/v2\/product"}],"about":[{"href":"https:\/\/bbqentertainment.com\/en\/wp-json\/wp\/v2\/types\/product"}],"wp:featuredmedia":[{"embeddable":true,"href":"https:\/\/bbqentertainment.com\/en\/wp-json\/wp\/v2\/media\/257005"}],"wp:attachment":[{"href":"https:\/\/bbqentertainment.com\/en\/wp-json\/wp\/v2\/media?parent=257001"}],"wp:term":[{"taxonomy":"product_brand","embeddable":true,"href":"https:\/\/bbqentertainment.com\/en\/wp-json\/wp\/v2\/product_brand?post=257001"},{"taxonomy":"product_cat","embeddable":true,"href":"https:\/\/bbqentertainment.com\/en\/wp-json\/wp\/v2\/product_cat?post=257001"},{"taxonomy":"product_tag","embeddable":true,"href":"https:\/\/bbqentertainment.com\/en\/wp-json\/wp\/v2\/product_tag?post=257001"}],"curies":[{"name":"wp","href":"https:\/\/api.w.org\/{rel}","templated":true}]}}