{"id":257010,"date":"2025-12-30T00:33:08","date_gmt":"2025-12-29T22:33:08","guid":{"rendered":"https:\/\/bbqentertainment.com\/?post_type=product&#038;p=257010"},"modified":"2026-04-06T12:26:54","modified_gmt":"2026-04-06T09:26:54","slug":"napoleon-malmist-kahepoolne-grilliplaat-22-soegrillidele","status":"publish","type":"product","link":"https:\/\/bbqentertainment.com\/en\/toode\/napoleon-malmist-kahepoolne-grilliplaat-22-soegrillidele\/","title":{"rendered":"Napoleon malmist kahepoolne grilliplaat Pofessional 22&#8243; (57 cm) s\u00f6egrillidele"},"content":{"rendered":"","protected":false},"excerpt":{"rendered":"<h3><strong>Napoleon malmist kahepoolne grilliplaat Pofessional 22&#8243; (57 cm) s\u00f6egrillidele<\/strong><\/h3>\n<p data-start=\"0\" data-end=\"352\">Napoleoni kahepoolne portselanemailitud malmist grilliplaat muudab s\u00f6ekeraamilise grilli kiiresti hommikus\u00f6\u00f6gi- v\u00f5i t\u00e4navatoidupunktiks. Plaadi tasapinnalisel k\u00fcljel saad k\u00fcpsetada peekonit, mune, kartulit, sibulat ja k\u00f6\u00f6givilju, teisel poolel on v\u00f5imalik liha ja kala tugevalt pruunistada. Plaat asetub otse 22-tollise (55,9 cm) s\u00f6egrilli resti peale.<\/p>\n<p data-start=\"354\" data-end=\"572\">Malm hoiab ja jaotab kuumust \u00fchtlaselt, portselanemailitud pind on sile ja sobib h\u00e4sti k\u00f5rgel kuumusel praadimiseks. Suur k\u00fcpsetuspind j\u00e4tab piisavalt ruumi nii lisanditele (seened, sibul, paprikad) kui ka p\u00f5hitoidule.<\/p>\n<p data-start=\"903\" data-end=\"917\"><strong data-start=\"903\" data-end=\"917\">Kasutamine<\/strong><\/p>\n<p data-start=\"919\" data-end=\"1136\" data-is-last-node=\"\" data-is-only-node=\"\">Kuumuta plaat koos grilliga, enne kui toidu peale paned. P\u00e4rast kasutamist lase plaadil jahtuda ja puhasta seej\u00e4rel k\u00e4sitsi, kasutades sooja vett ja vajadusel pehmet harja. Grilliplaati ei ole soovitav pesta n\u00f5udepesumasinas.<\/p>\n","protected":false},"featured_media":257011,"template":"","meta":{"inline_featured_image":false},"product_brand":[],"product_cat":[92,562,479],"product_tag":[],"class_list":{"0":"post-257010","1":"product","2":"type-product","3":"status-publish","4":"has-post-thumbnail","6":"product_cat-lisatarvikud","7":"product_cat-lisatarvikud-napoleon","8":"product_cat-grillitarvikud","10":"first","11":"instock","12":"taxable","13":"shipping-taxable","14":"purchasable","15":"product-type-simple"},"yoast_head":"<!-- This site is optimized with the Yoast SEO plugin v27.4 - https:\/\/yoast.com\/product\/yoast-seo-wordpress\/ -->\n<title>Napoleon malmist kahepoolne grilliplaat Pofessional 22&quot; (57 cm) s\u00f6egrillidele - BBQ Entertainment<\/title>\n<meta name=\"robots\" content=\"index, follow, max-snippet:-1, max-image-preview:large, max-video-preview:-1\" \/>\n<link rel=\"canonical\" href=\"https:\/\/bbqentertainment.com\/toode\/napoleon-malmist-kahepoolne-grilliplaat-22-soegrillidele\/\" \/>\n<meta property=\"og:locale\" content=\"en_US\" \/>\n<meta property=\"og:type\" content=\"article\" \/>\n<meta property=\"og:title\" content=\"Napoleon malmist kahepoolne grilliplaat Pofessional 22&quot; (57 cm) s\u00f6egrillidele - BBQ Entertainment\" \/>\n<meta property=\"og:description\" content=\"Napoleon malmist kahepoolne grilliplaat Pofessional 22&quot; (57 cm) s\u00f6egrillidele Napoleoni kahepoolne portselanemailitud malmist grilliplaat muudab s\u00f6ekeraamilise grilli kiiresti hommikus\u00f6\u00f6gi- v\u00f5i t\u00e4navatoidupunktiks. Plaadi tasapinnalisel k\u00fcljel saad k\u00fcpsetada peekonit, mune, kartulit, sibulat ja k\u00f6\u00f6givilju, teisel poolel on v\u00f5imalik liha ja kala tugevalt pruunistada. Plaat asetub otse 22-tollise (55,9 cm) s\u00f6egrilli resti peale. Malm hoiab ja jaotab kuumust \u00fchtlaselt, portselanemailitud pind on sile ja sobib h\u00e4sti k\u00f5rgel kuumusel praadimiseks. Suur k\u00fcpsetuspind j\u00e4tab piisavalt ruumi nii lisanditele (seened, sibul, paprikad) kui ka p\u00f5hitoidule. Kasutamine Kuumuta plaat koos grilliga, enne kui toidu peale paned. P\u00e4rast kasutamist lase plaadil jahtuda ja puhasta seej\u00e4rel k\u00e4sitsi, kasutades sooja vett ja vajadusel pehmet harja. Grilliplaati ei ole soovitav pesta n\u00f5udepesumasinas.\" \/>\n<meta property=\"og:url\" content=\"https:\/\/bbqentertainment.com\/toode\/napoleon-malmist-kahepoolne-grilliplaat-22-soegrillidele\/\" \/>\n<meta property=\"og:site_name\" content=\"BBQ Entertainment\" \/>\n<meta property=\"article:publisher\" content=\"https:\/\/www.facebook.com\/BBQ-Entertainment-N-Catering-2437913376443540\" \/>\n<meta property=\"article:modified_time\" content=\"2026-04-06T09:26:54+00:00\" \/>\n<meta property=\"og:image\" content=\"https:\/\/bbqentertainment.com\/wp-content\/uploads\/2025\/12\/56080-1.jpg\" \/>\n\t<meta property=\"og:image:width\" content=\"1000\" \/>\n\t<meta property=\"og:image:height\" content=\"1000\" \/>\n\t<meta property=\"og:image:type\" content=\"image\/jpeg\" \/>\n<meta name=\"twitter:card\" content=\"summary_large_image\" \/>\n<meta name=\"twitter:label1\" content=\"Est. reading time\" \/>\n\t<meta name=\"twitter:data1\" content=\"1 minute\" \/>\n<script type=\"application\/ld+json\" class=\"yoast-schema-graph\">{\"@context\":\"https:\\\/\\\/schema.org\",\"@graph\":[{\"@type\":[\"WebPage\",\"ItemPage\"],\"@id\":\"https:\\\/\\\/bbqentertainment.com\\\/toode\\\/napoleon-malmist-kahepoolne-grilliplaat-22-soegrillidele\\\/\",\"url\":\"https:\\\/\\\/bbqentertainment.com\\\/toode\\\/napoleon-malmist-kahepoolne-grilliplaat-22-soegrillidele\\\/\",\"name\":\"Napoleon malmist kahepoolne grilliplaat Pofessional 22\\\" (57 cm) s\u00f6egrillidele - BBQ Entertainment\",\"isPartOf\":{\"@id\":\"https:\\\/\\\/bbqentertainment.com\\\/#website\"},\"primaryImageOfPage\":{\"@id\":\"https:\\\/\\\/bbqentertainment.com\\\/toode\\\/napoleon-malmist-kahepoolne-grilliplaat-22-soegrillidele\\\/#primaryimage\"},\"image\":{\"@id\":\"https:\\\/\\\/bbqentertainment.com\\\/toode\\\/napoleon-malmist-kahepoolne-grilliplaat-22-soegrillidele\\\/#primaryimage\"},\"thumbnailUrl\":\"https:\\\/\\\/bbqentertainment.com\\\/wp-content\\\/uploads\\\/2025\\\/12\\\/56080-1.jpg\",\"datePublished\":\"2025-12-29T22:33:08+00:00\",\"dateModified\":\"2026-04-06T09:26:54+00:00\",\"breadcrumb\":{\"@id\":\"https:\\\/\\\/bbqentertainment.com\\\/toode\\\/napoleon-malmist-kahepoolne-grilliplaat-22-soegrillidele\\\/#breadcrumb\"},\"inLanguage\":\"en-US\",\"potentialAction\":[{\"@type\":\"ReadAction\",\"target\":[\"https:\\\/\\\/bbqentertainment.com\\\/toode\\\/napoleon-malmist-kahepoolne-grilliplaat-22-soegrillidele\\\/\"]}]},{\"@type\":\"ImageObject\",\"inLanguage\":\"en-US\",\"@id\":\"https:\\\/\\\/bbqentertainment.com\\\/toode\\\/napoleon-malmist-kahepoolne-grilliplaat-22-soegrillidele\\\/#primaryimage\",\"url\":\"https:\\\/\\\/bbqentertainment.com\\\/wp-content\\\/uploads\\\/2025\\\/12\\\/56080-1.jpg\",\"contentUrl\":\"https:\\\/\\\/bbqentertainment.com\\\/wp-content\\\/uploads\\\/2025\\\/12\\\/56080-1.jpg\",\"width\":1000,\"height\":1000},{\"@type\":\"BreadcrumbList\",\"@id\":\"https:\\\/\\\/bbqentertainment.com\\\/toode\\\/napoleon-malmist-kahepoolne-grilliplaat-22-soegrillidele\\\/#breadcrumb\",\"itemListElement\":[{\"@type\":\"ListItem\",\"position\":1,\"name\":\"AVALEHT\",\"item\":\"https:\\\/\\\/bbqentertainment.com\\\/en\\\/\"},{\"@type\":\"ListItem\",\"position\":2,\"name\":\"Tooted\",\"item\":\"https:\\\/\\\/bbqentertainment.com\\\/tooted\\\/\"},{\"@type\":\"ListItem\",\"position\":3,\"name\":\"Lisatarvikud\",\"item\":\"https:\\\/\\\/bbqentertainment.com\\\/tootekategooria\\\/lisatarvikud\\\/\"},{\"@type\":\"ListItem\",\"position\":4,\"name\":\"Lisatarvikud Napoleon\",\"item\":\"https:\\\/\\\/bbqentertainment.com\\\/tootekategooria\\\/lisatarvikud\\\/lisatarvikud-napoleon\\\/\"},{\"@type\":\"ListItem\",\"position\":5,\"name\":\"Napoleon malmist kahepoolne grilliplaat Pofessional 22&#8243; (57 cm) s\u00f6egrillidele\"}]},{\"@type\":\"WebSite\",\"@id\":\"https:\\\/\\\/bbqentertainment.com\\\/#website\",\"url\":\"https:\\\/\\\/bbqentertainment.com\\\/\",\"name\":\"BBQ Entertainment\",\"description\":\"BBQ is a great lifestyle, not just fun!\",\"publisher\":{\"@id\":\"https:\\\/\\\/bbqentertainment.com\\\/#organization\"},\"potentialAction\":[{\"@type\":\"SearchAction\",\"target\":{\"@type\":\"EntryPoint\",\"urlTemplate\":\"https:\\\/\\\/bbqentertainment.com\\\/?s={search_term_string}\"},\"query-input\":{\"@type\":\"PropertyValueSpecification\",\"valueRequired\":true,\"valueName\":\"search_term_string\"}}],\"inLanguage\":\"en-US\"},{\"@type\":\"Organization\",\"@id\":\"https:\\\/\\\/bbqentertainment.com\\\/#organization\",\"name\":\"BBQ Entertainment O\u00dc\",\"url\":\"https:\\\/\\\/bbqentertainment.com\\\/\",\"logo\":{\"@type\":\"ImageObject\",\"inLanguage\":\"en-US\",\"@id\":\"https:\\\/\\\/bbqentertainment.com\\\/#\\\/schema\\\/logo\\\/image\\\/\",\"url\":\"https:\\\/\\\/bbqentertainment.com\\\/wp-content\\\/uploads\\\/2020\\\/04\\\/BBQ-Entertainment-N-Catering-Enn-Tobreluts-Logo.png\",\"contentUrl\":\"https:\\\/\\\/bbqentertainment.com\\\/wp-content\\\/uploads\\\/2020\\\/04\\\/BBQ-Entertainment-N-Catering-Enn-Tobreluts-Logo.png\",\"width\":628,\"height\":266,\"caption\":\"BBQ Entertainment O\u00dc\"},\"image\":{\"@id\":\"https:\\\/\\\/bbqentertainment.com\\\/#\\\/schema\\\/logo\\\/image\\\/\"},\"sameAs\":[\"https:\\\/\\\/www.facebook.com\\\/BBQ-Entertainment-N-Catering-2437913376443540\",\"https:\\\/\\\/www.instagram.com\\\/bbqentertainmentncatering\\\/\",\"https:\\\/\\\/www.youtube.com\\\/channel\\\/UCmpuANQVhLy2Md8nrenp2jA\"]}]}<\/script>\n<!-- \/ Yoast SEO plugin. -->","yoast_head_json":{"title":"Napoleon malmist kahepoolne grilliplaat Pofessional 22\" (57 cm) s\u00f6egrillidele - BBQ Entertainment","robots":{"index":"index","follow":"follow","max-snippet":"max-snippet:-1","max-image-preview":"max-image-preview:large","max-video-preview":"max-video-preview:-1"},"canonical":"https:\/\/bbqentertainment.com\/toode\/napoleon-malmist-kahepoolne-grilliplaat-22-soegrillidele\/","og_locale":"en_US","og_type":"article","og_title":"Napoleon malmist kahepoolne grilliplaat Pofessional 22\" (57 cm) s\u00f6egrillidele - BBQ Entertainment","og_description":"Napoleon malmist kahepoolne grilliplaat Pofessional 22\" (57 cm) s\u00f6egrillidele Napoleoni kahepoolne portselanemailitud malmist grilliplaat muudab s\u00f6ekeraamilise grilli kiiresti hommikus\u00f6\u00f6gi- v\u00f5i t\u00e4navatoidupunktiks. Plaadi tasapinnalisel k\u00fcljel saad k\u00fcpsetada peekonit, mune, kartulit, sibulat ja k\u00f6\u00f6givilju, teisel poolel on v\u00f5imalik liha ja kala tugevalt pruunistada. Plaat asetub otse 22-tollise (55,9 cm) s\u00f6egrilli resti peale. Malm hoiab ja jaotab kuumust \u00fchtlaselt, portselanemailitud pind on sile ja sobib h\u00e4sti k\u00f5rgel kuumusel praadimiseks. Suur k\u00fcpsetuspind j\u00e4tab piisavalt ruumi nii lisanditele (seened, sibul, paprikad) kui ka p\u00f5hitoidule. Kasutamine Kuumuta plaat koos grilliga, enne kui toidu peale paned. P\u00e4rast kasutamist lase plaadil jahtuda ja puhasta seej\u00e4rel k\u00e4sitsi, kasutades sooja vett ja vajadusel pehmet harja. Grilliplaati ei ole soovitav pesta n\u00f5udepesumasinas.","og_url":"https:\/\/bbqentertainment.com\/toode\/napoleon-malmist-kahepoolne-grilliplaat-22-soegrillidele\/","og_site_name":"BBQ Entertainment","article_publisher":"https:\/\/www.facebook.com\/BBQ-Entertainment-N-Catering-2437913376443540","article_modified_time":"2026-04-06T09:26:54+00:00","og_image":[{"width":1000,"height":1000,"url":"https:\/\/bbqentertainment.com\/wp-content\/uploads\/2025\/12\/56080-1.jpg","type":"image\/jpeg"}],"twitter_card":"summary_large_image","twitter_misc":{"Est. reading time":"1 minute"},"schema":{"@context":"https:\/\/schema.org","@graph":[{"@type":["WebPage","ItemPage"],"@id":"https:\/\/bbqentertainment.com\/toode\/napoleon-malmist-kahepoolne-grilliplaat-22-soegrillidele\/","url":"https:\/\/bbqentertainment.com\/toode\/napoleon-malmist-kahepoolne-grilliplaat-22-soegrillidele\/","name":"Napoleon malmist kahepoolne grilliplaat Pofessional 22\" (57 cm) s\u00f6egrillidele - BBQ Entertainment","isPartOf":{"@id":"https:\/\/bbqentertainment.com\/#website"},"primaryImageOfPage":{"@id":"https:\/\/bbqentertainment.com\/toode\/napoleon-malmist-kahepoolne-grilliplaat-22-soegrillidele\/#primaryimage"},"image":{"@id":"https:\/\/bbqentertainment.com\/toode\/napoleon-malmist-kahepoolne-grilliplaat-22-soegrillidele\/#primaryimage"},"thumbnailUrl":"https:\/\/bbqentertainment.com\/wp-content\/uploads\/2025\/12\/56080-1.jpg","datePublished":"2025-12-29T22:33:08+00:00","dateModified":"2026-04-06T09:26:54+00:00","breadcrumb":{"@id":"https:\/\/bbqentertainment.com\/toode\/napoleon-malmist-kahepoolne-grilliplaat-22-soegrillidele\/#breadcrumb"},"inLanguage":"en-US","potentialAction":[{"@type":"ReadAction","target":["https:\/\/bbqentertainment.com\/toode\/napoleon-malmist-kahepoolne-grilliplaat-22-soegrillidele\/"]}]},{"@type":"ImageObject","inLanguage":"en-US","@id":"https:\/\/bbqentertainment.com\/toode\/napoleon-malmist-kahepoolne-grilliplaat-22-soegrillidele\/#primaryimage","url":"https:\/\/bbqentertainment.com\/wp-content\/uploads\/2025\/12\/56080-1.jpg","contentUrl":"https:\/\/bbqentertainment.com\/wp-content\/uploads\/2025\/12\/56080-1.jpg","width":1000,"height":1000},{"@type":"BreadcrumbList","@id":"https:\/\/bbqentertainment.com\/toode\/napoleon-malmist-kahepoolne-grilliplaat-22-soegrillidele\/#breadcrumb","itemListElement":[{"@type":"ListItem","position":1,"name":"AVALEHT","item":"https:\/\/bbqentertainment.com\/en\/"},{"@type":"ListItem","position":2,"name":"Tooted","item":"https:\/\/bbqentertainment.com\/tooted\/"},{"@type":"ListItem","position":3,"name":"Lisatarvikud","item":"https:\/\/bbqentertainment.com\/tootekategooria\/lisatarvikud\/"},{"@type":"ListItem","position":4,"name":"Lisatarvikud Napoleon","item":"https:\/\/bbqentertainment.com\/tootekategooria\/lisatarvikud\/lisatarvikud-napoleon\/"},{"@type":"ListItem","position":5,"name":"Napoleon malmist kahepoolne grilliplaat Pofessional 22&#8243; (57 cm) s\u00f6egrillidele"}]},{"@type":"WebSite","@id":"https:\/\/bbqentertainment.com\/#website","url":"https:\/\/bbqentertainment.com\/","name":"BBQ Entertainment","description":"BBQ is a great lifestyle, not just fun!","publisher":{"@id":"https:\/\/bbqentertainment.com\/#organization"},"potentialAction":[{"@type":"SearchAction","target":{"@type":"EntryPoint","urlTemplate":"https:\/\/bbqentertainment.com\/?s={search_term_string}"},"query-input":{"@type":"PropertyValueSpecification","valueRequired":true,"valueName":"search_term_string"}}],"inLanguage":"en-US"},{"@type":"Organization","@id":"https:\/\/bbqentertainment.com\/#organization","name":"BBQ Entertainment O\u00dc","url":"https:\/\/bbqentertainment.com\/","logo":{"@type":"ImageObject","inLanguage":"en-US","@id":"https:\/\/bbqentertainment.com\/#\/schema\/logo\/image\/","url":"https:\/\/bbqentertainment.com\/wp-content\/uploads\/2020\/04\/BBQ-Entertainment-N-Catering-Enn-Tobreluts-Logo.png","contentUrl":"https:\/\/bbqentertainment.com\/wp-content\/uploads\/2020\/04\/BBQ-Entertainment-N-Catering-Enn-Tobreluts-Logo.png","width":628,"height":266,"caption":"BBQ Entertainment O\u00dc"},"image":{"@id":"https:\/\/bbqentertainment.com\/#\/schema\/logo\/image\/"},"sameAs":["https:\/\/www.facebook.com\/BBQ-Entertainment-N-Catering-2437913376443540","https:\/\/www.instagram.com\/bbqentertainmentncatering\/","https:\/\/www.youtube.com\/channel\/UCmpuANQVhLy2Md8nrenp2jA"]}]}},"_links":{"self":[{"href":"https:\/\/bbqentertainment.com\/en\/wp-json\/wp\/v2\/product\/257010","targetHints":{"allow":["GET"]}}],"collection":[{"href":"https:\/\/bbqentertainment.com\/en\/wp-json\/wp\/v2\/product"}],"about":[{"href":"https:\/\/bbqentertainment.com\/en\/wp-json\/wp\/v2\/types\/product"}],"wp:featuredmedia":[{"embeddable":true,"href":"https:\/\/bbqentertainment.com\/en\/wp-json\/wp\/v2\/media\/257011"}],"wp:attachment":[{"href":"https:\/\/bbqentertainment.com\/en\/wp-json\/wp\/v2\/media?parent=257010"}],"wp:term":[{"taxonomy":"product_brand","embeddable":true,"href":"https:\/\/bbqentertainment.com\/en\/wp-json\/wp\/v2\/product_brand?post=257010"},{"taxonomy":"product_cat","embeddable":true,"href":"https:\/\/bbqentertainment.com\/en\/wp-json\/wp\/v2\/product_cat?post=257010"},{"taxonomy":"product_tag","embeddable":true,"href":"https:\/\/bbqentertainment.com\/en\/wp-json\/wp\/v2\/product_tag?post=257010"}],"curies":[{"name":"wp","href":"https:\/\/api.w.org\/{rel}","templated":true}]}}