{"id":257015,"date":"2025-12-30T00:43:20","date_gmt":"2025-12-29T22:43:20","guid":{"rendered":"https:\/\/bbqentertainment.com\/?post_type=product&#038;p=257015"},"modified":"2026-04-16T13:56:22","modified_gmt":"2026-04-16T10:56:22","slug":"napoleon-suitsukarp-travelq-grillile","status":"publish","type":"product","link":"https:\/\/bbqentertainment.com\/en\/toode\/napoleon-suitsukarp-travelq-grillile\/","title":{"rendered":"Napoleon pikendatav suitsutoru puidulaastudele \/ TravelQ Smoker Tube"},"content":{"rendered":"","protected":false},"excerpt":{"rendered":"<h3><strong>Napoleon pikendatav suitsutoru puidulaastudele \/ TravelQ Smoker Tube<\/strong><\/h3>\n<p data-start=\"0\" data-end=\"226\">Napoleon suitsukarp muudab kaasaskantava TravelQ grilli lihtsasti suitsugrilliks. Koos sobivate suitsulaastudega annab see tugevama suitsumaitse otse grillil k\u00fcpsetades.<\/p>\n<p data-start=\"228\" data-end=\"407\">Roostevabast terasest korpus talub k\u00f5rget kuumust ja on vastupidav regulaarsele kasutusele. Suitsukarp asetatakse p\u00f5letite kohale v\u00f5i grillirestile, et suits saaks vabalt \u00fcmber toidu liikuda.<\/p>\n","protected":false},"featured_media":257016,"template":"","meta":{"inline_featured_image":false},"product_brand":[],"product_cat":[92,562,479],"product_tag":[],"class_list":{"0":"post-257015","1":"product","2":"type-product","3":"status-publish","4":"has-post-thumbnail","6":"product_cat-lisatarvikud","7":"product_cat-lisatarvikud-napoleon","8":"product_cat-grillitarvikud","10":"first","11":"instock","12":"taxable","13":"shipping-taxable","14":"purchasable","15":"product-type-simple"},"yoast_head":"<!-- This site is optimized with the Yoast SEO plugin v27.4 - https:\/\/yoast.com\/product\/yoast-seo-wordpress\/ -->\n<title>Napoleon pikendatav suitsutoru puidulaastudele \/ TravelQ Smoker Tube - BBQ Entertainment<\/title>\n<meta name=\"robots\" content=\"index, follow, max-snippet:-1, max-image-preview:large, max-video-preview:-1\" \/>\n<link rel=\"canonical\" href=\"https:\/\/bbqentertainment.com\/toode\/napoleon-suitsukarp-travelq-grillile\/\" \/>\n<meta property=\"og:locale\" content=\"en_US\" \/>\n<meta property=\"og:type\" content=\"article\" \/>\n<meta property=\"og:title\" content=\"Napoleon pikendatav suitsutoru puidulaastudele \/ TravelQ Smoker Tube - BBQ Entertainment\" \/>\n<meta property=\"og:description\" content=\"Napoleon pikendatav suitsutoru puidulaastudele \/ TravelQ Smoker TubeNapoleon suitsukarp muudab kaasaskantava TravelQ grilli lihtsasti suitsugrilliks. Koos sobivate suitsulaastudega annab see tugevama suitsumaitse otse grillil k\u00fcpsetades.Roostevabast terasest korpus talub k\u00f5rget kuumust ja on vastupidav regulaarsele kasutusele. Suitsukarp asetatakse p\u00f5letite kohale v\u00f5i grillirestile, et suits saaks vabalt \u00fcmber toidu liikuda.\" \/>\n<meta property=\"og:url\" content=\"https:\/\/bbqentertainment.com\/toode\/napoleon-suitsukarp-travelq-grillile\/\" \/>\n<meta property=\"og:site_name\" content=\"BBQ Entertainment\" \/>\n<meta property=\"article:publisher\" content=\"https:\/\/www.facebook.com\/BBQ-Entertainment-N-Catering-2437913376443540\" \/>\n<meta property=\"article:modified_time\" content=\"2026-04-16T10:56:22+00:00\" \/>\n<meta property=\"og:image\" content=\"https:\/\/bbqentertainment.com\/wp-content\/uploads\/2025\/12\/kouti-kapnismatos-napoleon-67075-800x800-homing-img2.jpg\" \/>\n\t<meta property=\"og:image:width\" content=\"800\" \/>\n\t<meta property=\"og:image:height\" content=\"800\" \/>\n\t<meta property=\"og:image:type\" content=\"image\/jpeg\" \/>\n<meta name=\"twitter:card\" content=\"summary_large_image\" \/>\n<meta name=\"twitter:label1\" content=\"Est. reading time\" \/>\n\t<meta name=\"twitter:data1\" content=\"1 minute\" \/>\n<script type=\"application\/ld+json\" class=\"yoast-schema-graph\">{\"@context\":\"https:\\\/\\\/schema.org\",\"@graph\":[{\"@type\":[\"WebPage\",\"ItemPage\"],\"@id\":\"https:\\\/\\\/bbqentertainment.com\\\/toode\\\/napoleon-suitsukarp-travelq-grillile\\\/\",\"url\":\"https:\\\/\\\/bbqentertainment.com\\\/toode\\\/napoleon-suitsukarp-travelq-grillile\\\/\",\"name\":\"Napoleon pikendatav suitsutoru puidulaastudele \\\/ TravelQ Smoker Tube - BBQ Entertainment\",\"isPartOf\":{\"@id\":\"https:\\\/\\\/bbqentertainment.com\\\/#website\"},\"primaryImageOfPage\":{\"@id\":\"https:\\\/\\\/bbqentertainment.com\\\/toode\\\/napoleon-suitsukarp-travelq-grillile\\\/#primaryimage\"},\"image\":{\"@id\":\"https:\\\/\\\/bbqentertainment.com\\\/toode\\\/napoleon-suitsukarp-travelq-grillile\\\/#primaryimage\"},\"thumbnailUrl\":\"https:\\\/\\\/bbqentertainment.com\\\/wp-content\\\/uploads\\\/2025\\\/12\\\/kouti-kapnismatos-napoleon-67075-800x800-homing-img2.jpg\",\"datePublished\":\"2025-12-29T22:43:20+00:00\",\"dateModified\":\"2026-04-16T10:56:22+00:00\",\"breadcrumb\":{\"@id\":\"https:\\\/\\\/bbqentertainment.com\\\/toode\\\/napoleon-suitsukarp-travelq-grillile\\\/#breadcrumb\"},\"inLanguage\":\"en-US\",\"potentialAction\":[{\"@type\":\"ReadAction\",\"target\":[\"https:\\\/\\\/bbqentertainment.com\\\/toode\\\/napoleon-suitsukarp-travelq-grillile\\\/\"]}]},{\"@type\":\"ImageObject\",\"inLanguage\":\"en-US\",\"@id\":\"https:\\\/\\\/bbqentertainment.com\\\/toode\\\/napoleon-suitsukarp-travelq-grillile\\\/#primaryimage\",\"url\":\"https:\\\/\\\/bbqentertainment.com\\\/wp-content\\\/uploads\\\/2025\\\/12\\\/kouti-kapnismatos-napoleon-67075-800x800-homing-img2.jpg\",\"contentUrl\":\"https:\\\/\\\/bbqentertainment.com\\\/wp-content\\\/uploads\\\/2025\\\/12\\\/kouti-kapnismatos-napoleon-67075-800x800-homing-img2.jpg\",\"width\":800,\"height\":800},{\"@type\":\"BreadcrumbList\",\"@id\":\"https:\\\/\\\/bbqentertainment.com\\\/toode\\\/napoleon-suitsukarp-travelq-grillile\\\/#breadcrumb\",\"itemListElement\":[{\"@type\":\"ListItem\",\"position\":1,\"name\":\"AVALEHT\",\"item\":\"https:\\\/\\\/bbqentertainment.com\\\/en\\\/\"},{\"@type\":\"ListItem\",\"position\":2,\"name\":\"Tooted\",\"item\":\"https:\\\/\\\/bbqentertainment.com\\\/tooted\\\/\"},{\"@type\":\"ListItem\",\"position\":3,\"name\":\"Lisatarvikud\",\"item\":\"https:\\\/\\\/bbqentertainment.com\\\/tootekategooria\\\/lisatarvikud\\\/\"},{\"@type\":\"ListItem\",\"position\":4,\"name\":\"Lisatarvikud Napoleon\",\"item\":\"https:\\\/\\\/bbqentertainment.com\\\/tootekategooria\\\/lisatarvikud\\\/lisatarvikud-napoleon\\\/\"},{\"@type\":\"ListItem\",\"position\":5,\"name\":\"Napoleon pikendatav suitsutoru puidulaastudele \\\/ TravelQ Smoker Tube\"}]},{\"@type\":\"WebSite\",\"@id\":\"https:\\\/\\\/bbqentertainment.com\\\/#website\",\"url\":\"https:\\\/\\\/bbqentertainment.com\\\/\",\"name\":\"BBQ Entertainment\",\"description\":\"BBQ is a great lifestyle, not just fun!\",\"publisher\":{\"@id\":\"https:\\\/\\\/bbqentertainment.com\\\/#organization\"},\"potentialAction\":[{\"@type\":\"SearchAction\",\"target\":{\"@type\":\"EntryPoint\",\"urlTemplate\":\"https:\\\/\\\/bbqentertainment.com\\\/?s={search_term_string}\"},\"query-input\":{\"@type\":\"PropertyValueSpecification\",\"valueRequired\":true,\"valueName\":\"search_term_string\"}}],\"inLanguage\":\"en-US\"},{\"@type\":\"Organization\",\"@id\":\"https:\\\/\\\/bbqentertainment.com\\\/#organization\",\"name\":\"BBQ Entertainment O\u00dc\",\"url\":\"https:\\\/\\\/bbqentertainment.com\\\/\",\"logo\":{\"@type\":\"ImageObject\",\"inLanguage\":\"en-US\",\"@id\":\"https:\\\/\\\/bbqentertainment.com\\\/#\\\/schema\\\/logo\\\/image\\\/\",\"url\":\"https:\\\/\\\/bbqentertainment.com\\\/wp-content\\\/uploads\\\/2020\\\/04\\\/BBQ-Entertainment-N-Catering-Enn-Tobreluts-Logo.png\",\"contentUrl\":\"https:\\\/\\\/bbqentertainment.com\\\/wp-content\\\/uploads\\\/2020\\\/04\\\/BBQ-Entertainment-N-Catering-Enn-Tobreluts-Logo.png\",\"width\":628,\"height\":266,\"caption\":\"BBQ Entertainment O\u00dc\"},\"image\":{\"@id\":\"https:\\\/\\\/bbqentertainment.com\\\/#\\\/schema\\\/logo\\\/image\\\/\"},\"sameAs\":[\"https:\\\/\\\/www.facebook.com\\\/BBQ-Entertainment-N-Catering-2437913376443540\",\"https:\\\/\\\/www.instagram.com\\\/bbqentertainmentncatering\\\/\",\"https:\\\/\\\/www.youtube.com\\\/channel\\\/UCmpuANQVhLy2Md8nrenp2jA\"]}]}<\/script>\n<!-- \/ Yoast SEO plugin. -->","yoast_head_json":{"title":"Napoleon pikendatav suitsutoru puidulaastudele \/ TravelQ Smoker Tube - BBQ Entertainment","robots":{"index":"index","follow":"follow","max-snippet":"max-snippet:-1","max-image-preview":"max-image-preview:large","max-video-preview":"max-video-preview:-1"},"canonical":"https:\/\/bbqentertainment.com\/toode\/napoleon-suitsukarp-travelq-grillile\/","og_locale":"en_US","og_type":"article","og_title":"Napoleon pikendatav suitsutoru puidulaastudele \/ TravelQ Smoker Tube - BBQ Entertainment","og_description":"Napoleon pikendatav suitsutoru puidulaastudele \/ TravelQ Smoker TubeNapoleon suitsukarp muudab kaasaskantava TravelQ grilli lihtsasti suitsugrilliks. Koos sobivate suitsulaastudega annab see tugevama suitsumaitse otse grillil k\u00fcpsetades.Roostevabast terasest korpus talub k\u00f5rget kuumust ja on vastupidav regulaarsele kasutusele. Suitsukarp asetatakse p\u00f5letite kohale v\u00f5i grillirestile, et suits saaks vabalt \u00fcmber toidu liikuda.","og_url":"https:\/\/bbqentertainment.com\/toode\/napoleon-suitsukarp-travelq-grillile\/","og_site_name":"BBQ Entertainment","article_publisher":"https:\/\/www.facebook.com\/BBQ-Entertainment-N-Catering-2437913376443540","article_modified_time":"2026-04-16T10:56:22+00:00","og_image":[{"width":800,"height":800,"url":"https:\/\/bbqentertainment.com\/wp-content\/uploads\/2025\/12\/kouti-kapnismatos-napoleon-67075-800x800-homing-img2.jpg","type":"image\/jpeg"}],"twitter_card":"summary_large_image","twitter_misc":{"Est. reading time":"1 minute"},"schema":{"@context":"https:\/\/schema.org","@graph":[{"@type":["WebPage","ItemPage"],"@id":"https:\/\/bbqentertainment.com\/toode\/napoleon-suitsukarp-travelq-grillile\/","url":"https:\/\/bbqentertainment.com\/toode\/napoleon-suitsukarp-travelq-grillile\/","name":"Napoleon pikendatav suitsutoru puidulaastudele \/ TravelQ Smoker Tube - BBQ Entertainment","isPartOf":{"@id":"https:\/\/bbqentertainment.com\/#website"},"primaryImageOfPage":{"@id":"https:\/\/bbqentertainment.com\/toode\/napoleon-suitsukarp-travelq-grillile\/#primaryimage"},"image":{"@id":"https:\/\/bbqentertainment.com\/toode\/napoleon-suitsukarp-travelq-grillile\/#primaryimage"},"thumbnailUrl":"https:\/\/bbqentertainment.com\/wp-content\/uploads\/2025\/12\/kouti-kapnismatos-napoleon-67075-800x800-homing-img2.jpg","datePublished":"2025-12-29T22:43:20+00:00","dateModified":"2026-04-16T10:56:22+00:00","breadcrumb":{"@id":"https:\/\/bbqentertainment.com\/toode\/napoleon-suitsukarp-travelq-grillile\/#breadcrumb"},"inLanguage":"en-US","potentialAction":[{"@type":"ReadAction","target":["https:\/\/bbqentertainment.com\/toode\/napoleon-suitsukarp-travelq-grillile\/"]}]},{"@type":"ImageObject","inLanguage":"en-US","@id":"https:\/\/bbqentertainment.com\/toode\/napoleon-suitsukarp-travelq-grillile\/#primaryimage","url":"https:\/\/bbqentertainment.com\/wp-content\/uploads\/2025\/12\/kouti-kapnismatos-napoleon-67075-800x800-homing-img2.jpg","contentUrl":"https:\/\/bbqentertainment.com\/wp-content\/uploads\/2025\/12\/kouti-kapnismatos-napoleon-67075-800x800-homing-img2.jpg","width":800,"height":800},{"@type":"BreadcrumbList","@id":"https:\/\/bbqentertainment.com\/toode\/napoleon-suitsukarp-travelq-grillile\/#breadcrumb","itemListElement":[{"@type":"ListItem","position":1,"name":"AVALEHT","item":"https:\/\/bbqentertainment.com\/en\/"},{"@type":"ListItem","position":2,"name":"Tooted","item":"https:\/\/bbqentertainment.com\/tooted\/"},{"@type":"ListItem","position":3,"name":"Lisatarvikud","item":"https:\/\/bbqentertainment.com\/tootekategooria\/lisatarvikud\/"},{"@type":"ListItem","position":4,"name":"Lisatarvikud Napoleon","item":"https:\/\/bbqentertainment.com\/tootekategooria\/lisatarvikud\/lisatarvikud-napoleon\/"},{"@type":"ListItem","position":5,"name":"Napoleon pikendatav suitsutoru puidulaastudele \/ TravelQ Smoker Tube"}]},{"@type":"WebSite","@id":"https:\/\/bbqentertainment.com\/#website","url":"https:\/\/bbqentertainment.com\/","name":"BBQ Entertainment","description":"BBQ is a great lifestyle, not just fun!","publisher":{"@id":"https:\/\/bbqentertainment.com\/#organization"},"potentialAction":[{"@type":"SearchAction","target":{"@type":"EntryPoint","urlTemplate":"https:\/\/bbqentertainment.com\/?s={search_term_string}"},"query-input":{"@type":"PropertyValueSpecification","valueRequired":true,"valueName":"search_term_string"}}],"inLanguage":"en-US"},{"@type":"Organization","@id":"https:\/\/bbqentertainment.com\/#organization","name":"BBQ Entertainment O\u00dc","url":"https:\/\/bbqentertainment.com\/","logo":{"@type":"ImageObject","inLanguage":"en-US","@id":"https:\/\/bbqentertainment.com\/#\/schema\/logo\/image\/","url":"https:\/\/bbqentertainment.com\/wp-content\/uploads\/2020\/04\/BBQ-Entertainment-N-Catering-Enn-Tobreluts-Logo.png","contentUrl":"https:\/\/bbqentertainment.com\/wp-content\/uploads\/2020\/04\/BBQ-Entertainment-N-Catering-Enn-Tobreluts-Logo.png","width":628,"height":266,"caption":"BBQ Entertainment O\u00dc"},"image":{"@id":"https:\/\/bbqentertainment.com\/#\/schema\/logo\/image\/"},"sameAs":["https:\/\/www.facebook.com\/BBQ-Entertainment-N-Catering-2437913376443540","https:\/\/www.instagram.com\/bbqentertainmentncatering\/","https:\/\/www.youtube.com\/channel\/UCmpuANQVhLy2Md8nrenp2jA"]}]}},"_links":{"self":[{"href":"https:\/\/bbqentertainment.com\/en\/wp-json\/wp\/v2\/product\/257015","targetHints":{"allow":["GET"]}}],"collection":[{"href":"https:\/\/bbqentertainment.com\/en\/wp-json\/wp\/v2\/product"}],"about":[{"href":"https:\/\/bbqentertainment.com\/en\/wp-json\/wp\/v2\/types\/product"}],"wp:featuredmedia":[{"embeddable":true,"href":"https:\/\/bbqentertainment.com\/en\/wp-json\/wp\/v2\/media\/257016"}],"wp:attachment":[{"href":"https:\/\/bbqentertainment.com\/en\/wp-json\/wp\/v2\/media?parent=257015"}],"wp:term":[{"taxonomy":"product_brand","embeddable":true,"href":"https:\/\/bbqentertainment.com\/en\/wp-json\/wp\/v2\/product_brand?post=257015"},{"taxonomy":"product_cat","embeddable":true,"href":"https:\/\/bbqentertainment.com\/en\/wp-json\/wp\/v2\/product_cat?post=257015"},{"taxonomy":"product_tag","embeddable":true,"href":"https:\/\/bbqentertainment.com\/en\/wp-json\/wp\/v2\/product_tag?post=257015"}],"curies":[{"name":"wp","href":"https:\/\/api.w.org\/{rel}","templated":true}]}}