{"id":257018,"date":"2025-12-30T00:56:34","date_gmt":"2025-12-29T22:56:34","guid":{"rendered":"https:\/\/bbqentertainment.com\/?post_type=product&#038;p=257018"},"modified":"2026-04-06T12:26:53","modified_gmt":"2026-04-06T09:26:53","slug":"napoleon-sadmetekindel-porandamatt","status":"publish","type":"product","link":"https:\/\/bbqentertainment.com\/en\/toode\/napoleon-sadmetekindel-porandamatt\/","title":{"rendered":"Napoleon s\u00e4dmetekindel p\u00f5randamatt 120 x 82 cm"},"content":{"rendered":"","protected":false},"excerpt":{"rendered":"<h3><strong>Napoleon s\u00e4dmetekindel p\u00f5randamatt 120 x 82 cm PRO &amp; Prestige\u00ae 500 seeria grillidele<\/strong><\/h3>\n<p data-start=\"0\" data-end=\"325\">Napoleon grillimatt kaitseb terrassi ja sise\u00f5ue pinda rasva, \u00f5li ja s\u00fcteplekkide eest ning sobib kasutamiseks gaasi- ja s\u00f6egrillide all. Tulekindel materjal aitab kaitsta pinda juhuslikult kukkuvate s\u00fctete ja s\u00e4demete eest s\u00f6egrilli kasutamisel.<\/p>\n<p data-start=\"327\" data-end=\"638\">Mati pind on libisemisvastase teemantmustriga ja neutraalses hallis toonis, mis sobitub erinevate v\u00e4liruumide kujundusega.<\/p>\n<p data-start=\"228\" data-end=\"407\">M\u00f5\u00f5tudelt on matt sobiv Prestige\u00ae \/ PRO 500 seeria ja v\u00e4iksemate grillide alla.<\/p>\n<p data-start=\"327\" data-end=\"638\"><strong>Puhastamine: <\/strong>v\u00e4iksemad plekid saab eemaldada paberr\u00e4tikuga, tugevama mustuse korral kasuta vett ja seepi.<\/p>\n<p data-start=\"640\" data-end=\"718\"><em>Oluline: ei ole soovitatav kasutada komposiitmaterjalist terrassilaudade peal.<\/em><\/p>\n<p data-start=\"720\" data-end=\"732\">\u00a0<\/p>\n","protected":false},"featured_media":257021,"template":"","meta":{"inline_featured_image":false},"product_brand":[],"product_cat":[92,562,479],"product_tag":[],"class_list":{"0":"post-257018","1":"product","2":"type-product","3":"status-publish","4":"has-post-thumbnail","6":"product_cat-lisatarvikud","7":"product_cat-lisatarvikud-napoleon","8":"product_cat-grillitarvikud","10":"first","11":"instock","12":"taxable","13":"shipping-taxable","14":"purchasable","15":"product-type-simple"},"yoast_head":"<!-- This site is optimized with the Yoast SEO plugin v27.4 - https:\/\/yoast.com\/product\/yoast-seo-wordpress\/ -->\n<title>Napoleon s\u00e4dmetekindel p\u00f5randamatt 120 x 82 cm - BBQ Entertainment<\/title>\n<meta name=\"robots\" content=\"index, follow, max-snippet:-1, max-image-preview:large, max-video-preview:-1\" \/>\n<link rel=\"canonical\" href=\"https:\/\/bbqentertainment.com\/toode\/napoleon-sadmetekindel-porandamatt\/\" \/>\n<meta property=\"og:locale\" content=\"en_US\" \/>\n<meta property=\"og:type\" content=\"article\" \/>\n<meta property=\"og:title\" content=\"Napoleon s\u00e4dmetekindel p\u00f5randamatt 120 x 82 cm - BBQ Entertainment\" \/>\n<meta property=\"og:description\" content=\"Napoleon s\u00e4dmetekindel p\u00f5randamatt 120 x 82 cm PRO &amp; Prestige\u00ae 500 seeria grillideleNapoleon grillimatt kaitseb terrassi ja sise\u00f5ue pinda rasva, \u00f5li ja s\u00fcteplekkide eest ning sobib kasutamiseks gaasi- ja s\u00f6egrillide all. Tulekindel materjal aitab kaitsta pinda juhuslikult kukkuvate s\u00fctete ja s\u00e4demete eest s\u00f6egrilli kasutamisel.Mati pind on libisemisvastase teemantmustriga ja neutraalses hallis toonis, mis sobitub erinevate v\u00e4liruumide kujundusega.M\u00f5\u00f5tudelt on matt sobiv Prestige\u00ae \/ PRO 500 seeria ja v\u00e4iksemate grillide alla.Puhastamine: v\u00e4iksemad plekid saab eemaldada paberr\u00e4tikuga, tugevama mustuse korral kasuta vett ja seepi.Oluline: ei ole soovitatav kasutada komposiitmaterjalist terrassilaudade peal.\u00a0\" \/>\n<meta property=\"og:url\" content=\"https:\/\/bbqentertainment.com\/toode\/napoleon-sadmetekindel-porandamatt\/\" \/>\n<meta property=\"og:site_name\" content=\"BBQ Entertainment\" \/>\n<meta property=\"article:publisher\" content=\"https:\/\/www.facebook.com\/BBQ-Entertainment-N-Catering-2437913376443540\" \/>\n<meta property=\"article:modified_time\" content=\"2026-04-06T09:26:53+00:00\" \/>\n<meta property=\"og:image\" content=\"https:\/\/bbqentertainment.com\/wp-content\/uploads\/2025\/12\/81Hj0cSZrAL.jpg_BO30255255255_UF900850_SR191010000C_QL100_.jpg\" \/>\n\t<meta property=\"og:image:width\" content=\"1910\" \/>\n\t<meta property=\"og:image:height\" content=\"1000\" \/>\n\t<meta property=\"og:image:type\" content=\"image\/jpeg\" \/>\n<meta name=\"twitter:card\" content=\"summary_large_image\" \/>\n<meta name=\"twitter:label1\" content=\"Est. reading time\" \/>\n\t<meta name=\"twitter:data1\" content=\"1 minute\" \/>\n<script type=\"application\/ld+json\" class=\"yoast-schema-graph\">{\"@context\":\"https:\\\/\\\/schema.org\",\"@graph\":[{\"@type\":[\"WebPage\",\"ItemPage\"],\"@id\":\"https:\\\/\\\/bbqentertainment.com\\\/toode\\\/napoleon-sadmetekindel-porandamatt\\\/\",\"url\":\"https:\\\/\\\/bbqentertainment.com\\\/toode\\\/napoleon-sadmetekindel-porandamatt\\\/\",\"name\":\"Napoleon s\u00e4dmetekindel p\u00f5randamatt 120 x 82 cm - BBQ Entertainment\",\"isPartOf\":{\"@id\":\"https:\\\/\\\/bbqentertainment.com\\\/#website\"},\"primaryImageOfPage\":{\"@id\":\"https:\\\/\\\/bbqentertainment.com\\\/toode\\\/napoleon-sadmetekindel-porandamatt\\\/#primaryimage\"},\"image\":{\"@id\":\"https:\\\/\\\/bbqentertainment.com\\\/toode\\\/napoleon-sadmetekindel-porandamatt\\\/#primaryimage\"},\"thumbnailUrl\":\"https:\\\/\\\/bbqentertainment.com\\\/wp-content\\\/uploads\\\/2025\\\/12\\\/81Hj0cSZrAL.jpg_BO30255255255_UF900850_SR191010000C_QL100_.jpg\",\"datePublished\":\"2025-12-29T22:56:34+00:00\",\"dateModified\":\"2026-04-06T09:26:53+00:00\",\"breadcrumb\":{\"@id\":\"https:\\\/\\\/bbqentertainment.com\\\/toode\\\/napoleon-sadmetekindel-porandamatt\\\/#breadcrumb\"},\"inLanguage\":\"en-US\",\"potentialAction\":[{\"@type\":\"ReadAction\",\"target\":[\"https:\\\/\\\/bbqentertainment.com\\\/toode\\\/napoleon-sadmetekindel-porandamatt\\\/\"]}]},{\"@type\":\"ImageObject\",\"inLanguage\":\"en-US\",\"@id\":\"https:\\\/\\\/bbqentertainment.com\\\/toode\\\/napoleon-sadmetekindel-porandamatt\\\/#primaryimage\",\"url\":\"https:\\\/\\\/bbqentertainment.com\\\/wp-content\\\/uploads\\\/2025\\\/12\\\/81Hj0cSZrAL.jpg_BO30255255255_UF900850_SR191010000C_QL100_.jpg\",\"contentUrl\":\"https:\\\/\\\/bbqentertainment.com\\\/wp-content\\\/uploads\\\/2025\\\/12\\\/81Hj0cSZrAL.jpg_BO30255255255_UF900850_SR191010000C_QL100_.jpg\",\"width\":1910,\"height\":1000},{\"@type\":\"BreadcrumbList\",\"@id\":\"https:\\\/\\\/bbqentertainment.com\\\/toode\\\/napoleon-sadmetekindel-porandamatt\\\/#breadcrumb\",\"itemListElement\":[{\"@type\":\"ListItem\",\"position\":1,\"name\":\"AVALEHT\",\"item\":\"https:\\\/\\\/bbqentertainment.com\\\/en\\\/\"},{\"@type\":\"ListItem\",\"position\":2,\"name\":\"Tooted\",\"item\":\"https:\\\/\\\/bbqentertainment.com\\\/tooted\\\/\"},{\"@type\":\"ListItem\",\"position\":3,\"name\":\"Lisatarvikud\",\"item\":\"https:\\\/\\\/bbqentertainment.com\\\/tootekategooria\\\/lisatarvikud\\\/\"},{\"@type\":\"ListItem\",\"position\":4,\"name\":\"Lisatarvikud Napoleon\",\"item\":\"https:\\\/\\\/bbqentertainment.com\\\/tootekategooria\\\/lisatarvikud\\\/lisatarvikud-napoleon\\\/\"},{\"@type\":\"ListItem\",\"position\":5,\"name\":\"Napoleon s\u00e4dmetekindel p\u00f5randamatt 120 x 82 cm\"}]},{\"@type\":\"WebSite\",\"@id\":\"https:\\\/\\\/bbqentertainment.com\\\/#website\",\"url\":\"https:\\\/\\\/bbqentertainment.com\\\/\",\"name\":\"BBQ Entertainment\",\"description\":\"BBQ is a great lifestyle, not just fun!\",\"publisher\":{\"@id\":\"https:\\\/\\\/bbqentertainment.com\\\/#organization\"},\"potentialAction\":[{\"@type\":\"SearchAction\",\"target\":{\"@type\":\"EntryPoint\",\"urlTemplate\":\"https:\\\/\\\/bbqentertainment.com\\\/?s={search_term_string}\"},\"query-input\":{\"@type\":\"PropertyValueSpecification\",\"valueRequired\":true,\"valueName\":\"search_term_string\"}}],\"inLanguage\":\"en-US\"},{\"@type\":\"Organization\",\"@id\":\"https:\\\/\\\/bbqentertainment.com\\\/#organization\",\"name\":\"BBQ Entertainment O\u00dc\",\"url\":\"https:\\\/\\\/bbqentertainment.com\\\/\",\"logo\":{\"@type\":\"ImageObject\",\"inLanguage\":\"en-US\",\"@id\":\"https:\\\/\\\/bbqentertainment.com\\\/#\\\/schema\\\/logo\\\/image\\\/\",\"url\":\"https:\\\/\\\/bbqentertainment.com\\\/wp-content\\\/uploads\\\/2020\\\/04\\\/BBQ-Entertainment-N-Catering-Enn-Tobreluts-Logo.png\",\"contentUrl\":\"https:\\\/\\\/bbqentertainment.com\\\/wp-content\\\/uploads\\\/2020\\\/04\\\/BBQ-Entertainment-N-Catering-Enn-Tobreluts-Logo.png\",\"width\":628,\"height\":266,\"caption\":\"BBQ Entertainment O\u00dc\"},\"image\":{\"@id\":\"https:\\\/\\\/bbqentertainment.com\\\/#\\\/schema\\\/logo\\\/image\\\/\"},\"sameAs\":[\"https:\\\/\\\/www.facebook.com\\\/BBQ-Entertainment-N-Catering-2437913376443540\",\"https:\\\/\\\/www.instagram.com\\\/bbqentertainmentncatering\\\/\",\"https:\\\/\\\/www.youtube.com\\\/channel\\\/UCmpuANQVhLy2Md8nrenp2jA\"]}]}<\/script>\n<!-- \/ Yoast SEO plugin. -->","yoast_head_json":{"title":"Napoleon s\u00e4dmetekindel p\u00f5randamatt 120 x 82 cm - BBQ Entertainment","robots":{"index":"index","follow":"follow","max-snippet":"max-snippet:-1","max-image-preview":"max-image-preview:large","max-video-preview":"max-video-preview:-1"},"canonical":"https:\/\/bbqentertainment.com\/toode\/napoleon-sadmetekindel-porandamatt\/","og_locale":"en_US","og_type":"article","og_title":"Napoleon s\u00e4dmetekindel p\u00f5randamatt 120 x 82 cm - BBQ Entertainment","og_description":"Napoleon s\u00e4dmetekindel p\u00f5randamatt 120 x 82 cm PRO &amp; Prestige\u00ae 500 seeria grillideleNapoleon grillimatt kaitseb terrassi ja sise\u00f5ue pinda rasva, \u00f5li ja s\u00fcteplekkide eest ning sobib kasutamiseks gaasi- ja s\u00f6egrillide all. Tulekindel materjal aitab kaitsta pinda juhuslikult kukkuvate s\u00fctete ja s\u00e4demete eest s\u00f6egrilli kasutamisel.Mati pind on libisemisvastase teemantmustriga ja neutraalses hallis toonis, mis sobitub erinevate v\u00e4liruumide kujundusega.M\u00f5\u00f5tudelt on matt sobiv Prestige\u00ae \/ PRO 500 seeria ja v\u00e4iksemate grillide alla.Puhastamine: v\u00e4iksemad plekid saab eemaldada paberr\u00e4tikuga, tugevama mustuse korral kasuta vett ja seepi.Oluline: ei ole soovitatav kasutada komposiitmaterjalist terrassilaudade peal.\u00a0","og_url":"https:\/\/bbqentertainment.com\/toode\/napoleon-sadmetekindel-porandamatt\/","og_site_name":"BBQ Entertainment","article_publisher":"https:\/\/www.facebook.com\/BBQ-Entertainment-N-Catering-2437913376443540","article_modified_time":"2026-04-06T09:26:53+00:00","og_image":[{"width":1910,"height":1000,"url":"https:\/\/bbqentertainment.com\/wp-content\/uploads\/2025\/12\/81Hj0cSZrAL.jpg_BO30255255255_UF900850_SR191010000C_QL100_.jpg","type":"image\/jpeg"}],"twitter_card":"summary_large_image","twitter_misc":{"Est. reading time":"1 minute"},"schema":{"@context":"https:\/\/schema.org","@graph":[{"@type":["WebPage","ItemPage"],"@id":"https:\/\/bbqentertainment.com\/toode\/napoleon-sadmetekindel-porandamatt\/","url":"https:\/\/bbqentertainment.com\/toode\/napoleon-sadmetekindel-porandamatt\/","name":"Napoleon s\u00e4dmetekindel p\u00f5randamatt 120 x 82 cm - BBQ Entertainment","isPartOf":{"@id":"https:\/\/bbqentertainment.com\/#website"},"primaryImageOfPage":{"@id":"https:\/\/bbqentertainment.com\/toode\/napoleon-sadmetekindel-porandamatt\/#primaryimage"},"image":{"@id":"https:\/\/bbqentertainment.com\/toode\/napoleon-sadmetekindel-porandamatt\/#primaryimage"},"thumbnailUrl":"https:\/\/bbqentertainment.com\/wp-content\/uploads\/2025\/12\/81Hj0cSZrAL.jpg_BO30255255255_UF900850_SR191010000C_QL100_.jpg","datePublished":"2025-12-29T22:56:34+00:00","dateModified":"2026-04-06T09:26:53+00:00","breadcrumb":{"@id":"https:\/\/bbqentertainment.com\/toode\/napoleon-sadmetekindel-porandamatt\/#breadcrumb"},"inLanguage":"en-US","potentialAction":[{"@type":"ReadAction","target":["https:\/\/bbqentertainment.com\/toode\/napoleon-sadmetekindel-porandamatt\/"]}]},{"@type":"ImageObject","inLanguage":"en-US","@id":"https:\/\/bbqentertainment.com\/toode\/napoleon-sadmetekindel-porandamatt\/#primaryimage","url":"https:\/\/bbqentertainment.com\/wp-content\/uploads\/2025\/12\/81Hj0cSZrAL.jpg_BO30255255255_UF900850_SR191010000C_QL100_.jpg","contentUrl":"https:\/\/bbqentertainment.com\/wp-content\/uploads\/2025\/12\/81Hj0cSZrAL.jpg_BO30255255255_UF900850_SR191010000C_QL100_.jpg","width":1910,"height":1000},{"@type":"BreadcrumbList","@id":"https:\/\/bbqentertainment.com\/toode\/napoleon-sadmetekindel-porandamatt\/#breadcrumb","itemListElement":[{"@type":"ListItem","position":1,"name":"AVALEHT","item":"https:\/\/bbqentertainment.com\/en\/"},{"@type":"ListItem","position":2,"name":"Tooted","item":"https:\/\/bbqentertainment.com\/tooted\/"},{"@type":"ListItem","position":3,"name":"Lisatarvikud","item":"https:\/\/bbqentertainment.com\/tootekategooria\/lisatarvikud\/"},{"@type":"ListItem","position":4,"name":"Lisatarvikud Napoleon","item":"https:\/\/bbqentertainment.com\/tootekategooria\/lisatarvikud\/lisatarvikud-napoleon\/"},{"@type":"ListItem","position":5,"name":"Napoleon s\u00e4dmetekindel p\u00f5randamatt 120 x 82 cm"}]},{"@type":"WebSite","@id":"https:\/\/bbqentertainment.com\/#website","url":"https:\/\/bbqentertainment.com\/","name":"BBQ Entertainment","description":"BBQ is a great lifestyle, not just fun!","publisher":{"@id":"https:\/\/bbqentertainment.com\/#organization"},"potentialAction":[{"@type":"SearchAction","target":{"@type":"EntryPoint","urlTemplate":"https:\/\/bbqentertainment.com\/?s={search_term_string}"},"query-input":{"@type":"PropertyValueSpecification","valueRequired":true,"valueName":"search_term_string"}}],"inLanguage":"en-US"},{"@type":"Organization","@id":"https:\/\/bbqentertainment.com\/#organization","name":"BBQ Entertainment O\u00dc","url":"https:\/\/bbqentertainment.com\/","logo":{"@type":"ImageObject","inLanguage":"en-US","@id":"https:\/\/bbqentertainment.com\/#\/schema\/logo\/image\/","url":"https:\/\/bbqentertainment.com\/wp-content\/uploads\/2020\/04\/BBQ-Entertainment-N-Catering-Enn-Tobreluts-Logo.png","contentUrl":"https:\/\/bbqentertainment.com\/wp-content\/uploads\/2020\/04\/BBQ-Entertainment-N-Catering-Enn-Tobreluts-Logo.png","width":628,"height":266,"caption":"BBQ Entertainment O\u00dc"},"image":{"@id":"https:\/\/bbqentertainment.com\/#\/schema\/logo\/image\/"},"sameAs":["https:\/\/www.facebook.com\/BBQ-Entertainment-N-Catering-2437913376443540","https:\/\/www.instagram.com\/bbqentertainmentncatering\/","https:\/\/www.youtube.com\/channel\/UCmpuANQVhLy2Md8nrenp2jA"]}]}},"_links":{"self":[{"href":"https:\/\/bbqentertainment.com\/en\/wp-json\/wp\/v2\/product\/257018","targetHints":{"allow":["GET"]}}],"collection":[{"href":"https:\/\/bbqentertainment.com\/en\/wp-json\/wp\/v2\/product"}],"about":[{"href":"https:\/\/bbqentertainment.com\/en\/wp-json\/wp\/v2\/types\/product"}],"wp:featuredmedia":[{"embeddable":true,"href":"https:\/\/bbqentertainment.com\/en\/wp-json\/wp\/v2\/media\/257021"}],"wp:attachment":[{"href":"https:\/\/bbqentertainment.com\/en\/wp-json\/wp\/v2\/media?parent=257018"}],"wp:term":[{"taxonomy":"product_brand","embeddable":true,"href":"https:\/\/bbqentertainment.com\/en\/wp-json\/wp\/v2\/product_brand?post=257018"},{"taxonomy":"product_cat","embeddable":true,"href":"https:\/\/bbqentertainment.com\/en\/wp-json\/wp\/v2\/product_cat?post=257018"},{"taxonomy":"product_tag","embeddable":true,"href":"https:\/\/bbqentertainment.com\/en\/wp-json\/wp\/v2\/product_tag?post=257018"}],"curies":[{"name":"wp","href":"https:\/\/api.w.org\/{rel}","templated":true}]}}