{"id":257023,"date":"2025-12-30T01:14:13","date_gmt":"2025-12-29T23:14:13","guid":{"rendered":"https:\/\/bbqentertainment.com\/?post_type=product&#038;p=257023"},"modified":"2026-04-06T12:26:54","modified_gmt":"2026-04-06T09:26:54","slug":"napoleon-roostevabast-terasest-plancha-restplaat-freestyle-ja-rogue-425-grillidele","status":"publish","type":"product","link":"https:\/\/bbqentertainment.com\/en\/toode\/napoleon-roostevabast-terasest-plancha-restplaat-freestyle-ja-rogue-425-grillidele\/","title":{"rendered":"Napoleon roostevabast terasest plancha-grilliplaat Freestyle ja Rogue 425 grillidele"},"content":{"rendered":"","protected":false},"excerpt":{"rendered":"<h3><strong>Napoleon roostevabast terasest plancha-grilliplaat Freestyle ja Rogue 425 grillidele<\/strong><\/h3>\n<p data-start=\"0\" data-end=\"283\">Roostevabast terasest plancha-grilliplaat v\u00f5imaldab gaasigrilli restide asemel kiiresti tasapinnaliseks k\u00fcpsetuspinnaks muuta.<\/p>\n<p data-start=\"0\" data-end=\"283\">Suurel pinnal (u 50 \u00d7 40 cm) saad k\u00fcpsetada steike, burgereid, hommikus\u00f6\u00f6ki, k\u00f6\u00f6givilju, wokiroogasid ja tapasid, ilma et tooraine resti vahelt l\u00e4bi kukuks.<\/p>\n<p data-start=\"285\" data-end=\"617\">Paks roostevaba teras jaotab kuumuse \u00fchtlaselt ning v\u00f5imaldab samal plaadil tekitada mitu erinevat kuumustsooni. \u00dchel alal saad k\u00f5rgel kuumusel pruunistada, teisel hoida toitu madalamal kuumusel soojas. Integreeritud rasvakanalid koguvad \u00fcleliigse rasva ja vedeliku, hoides grilli sisemuse puhtamana ja tehes puhastamise lihtsamaks.<\/p>\n<p data-start=\"619\" data-end=\"706\" data-is-last-node=\"\" data-is-only-node=\"\">Plancha-grilliplaat sobib kasutamiseks Napoleon Freestyle ja Rogue\u00ae 425 gaasigrillidel.<\/p>\n<p data-start=\"630\" data-end=\"752\">\u00a0<\/p>\n","protected":false},"featured_media":257024,"template":"","meta":{"inline_featured_image":false},"product_brand":[],"product_cat":[92,562,479],"product_tag":[],"class_list":{"0":"post-257023","1":"product","2":"type-product","3":"status-publish","4":"has-post-thumbnail","6":"product_cat-lisatarvikud","7":"product_cat-lisatarvikud-napoleon","8":"product_cat-grillitarvikud","10":"first","11":"instock","12":"taxable","13":"shipping-taxable","14":"purchasable","15":"product-type-simple"},"yoast_head":"<!-- This site is optimized with the Yoast SEO plugin v27.4 - https:\/\/yoast.com\/product\/yoast-seo-wordpress\/ -->\n<title>Napoleon roostevabast terasest plancha-grilliplaat Freestyle ja Rogue 425 grillidele - BBQ Entertainment<\/title>\n<meta name=\"robots\" content=\"index, follow, max-snippet:-1, max-image-preview:large, max-video-preview:-1\" \/>\n<link rel=\"canonical\" href=\"https:\/\/bbqentertainment.com\/toode\/napoleon-roostevabast-terasest-plancha-restplaat-freestyle-ja-rogue-425-grillidele\/\" \/>\n<meta property=\"og:locale\" content=\"en_US\" \/>\n<meta property=\"og:type\" content=\"article\" \/>\n<meta property=\"og:title\" content=\"Napoleon roostevabast terasest plancha-grilliplaat Freestyle ja Rogue 425 grillidele - BBQ Entertainment\" \/>\n<meta property=\"og:description\" content=\"Napoleon roostevabast terasest plancha-grilliplaat Freestyle ja Rogue 425 grillideleRoostevabast terasest plancha-grilliplaat v\u00f5imaldab gaasigrilli restide asemel kiiresti tasapinnaliseks k\u00fcpsetuspinnaks muuta.Suurel pinnal (u 50 \u00d7 40 cm) saad k\u00fcpsetada steike, burgereid, hommikus\u00f6\u00f6ki, k\u00f6\u00f6givilju, wokiroogasid ja tapasid, ilma et tooraine resti vahelt l\u00e4bi kukuks.Paks roostevaba teras jaotab kuumuse \u00fchtlaselt ning v\u00f5imaldab samal plaadil tekitada mitu erinevat kuumustsooni. \u00dchel alal saad k\u00f5rgel kuumusel pruunistada, teisel hoida toitu madalamal kuumusel soojas. Integreeritud rasvakanalid koguvad \u00fcleliigse rasva ja vedeliku, hoides grilli sisemuse puhtamana ja tehes puhastamise lihtsamaks.Plancha-grilliplaat sobib kasutamiseks Napoleon Freestyle ja Rogue\u00ae 425 gaasigrillidel.\u00a0\" \/>\n<meta property=\"og:url\" content=\"https:\/\/bbqentertainment.com\/toode\/napoleon-roostevabast-terasest-plancha-restplaat-freestyle-ja-rogue-425-grillidele\/\" \/>\n<meta property=\"og:site_name\" content=\"BBQ Entertainment\" \/>\n<meta property=\"article:publisher\" content=\"https:\/\/www.facebook.com\/BBQ-Entertainment-N-Catering-2437913376443540\" \/>\n<meta property=\"article:modified_time\" content=\"2026-04-06T09:26:54+00:00\" \/>\n<meta property=\"og:image\" content=\"https:\/\/bbqentertainment.com\/wp-content\/uploads\/2025\/12\/56093_Napoleon_Stainless_Steel_Griddle_Insert_Griddle_For_Rogue_Freestyle_Angled_784x784_918a3aa1-aa34-468f-af0f-97aa438b537a.jpg.webp\" \/>\n\t<meta property=\"og:image:width\" content=\"784\" \/>\n\t<meta property=\"og:image:height\" content=\"784\" \/>\n\t<meta property=\"og:image:type\" content=\"image\/webp\" \/>\n<meta name=\"twitter:card\" content=\"summary_large_image\" \/>\n<meta name=\"twitter:label1\" content=\"Est. reading time\" \/>\n\t<meta name=\"twitter:data1\" content=\"1 minute\" \/>\n<script type=\"application\/ld+json\" class=\"yoast-schema-graph\">{\"@context\":\"https:\\\/\\\/schema.org\",\"@graph\":[{\"@type\":[\"WebPage\",\"ItemPage\"],\"@id\":\"https:\\\/\\\/bbqentertainment.com\\\/toode\\\/napoleon-roostevabast-terasest-plancha-restplaat-freestyle-ja-rogue-425-grillidele\\\/\",\"url\":\"https:\\\/\\\/bbqentertainment.com\\\/toode\\\/napoleon-roostevabast-terasest-plancha-restplaat-freestyle-ja-rogue-425-grillidele\\\/\",\"name\":\"Napoleon roostevabast terasest plancha-grilliplaat Freestyle ja Rogue 425 grillidele - BBQ Entertainment\",\"isPartOf\":{\"@id\":\"https:\\\/\\\/bbqentertainment.com\\\/#website\"},\"primaryImageOfPage\":{\"@id\":\"https:\\\/\\\/bbqentertainment.com\\\/toode\\\/napoleon-roostevabast-terasest-plancha-restplaat-freestyle-ja-rogue-425-grillidele\\\/#primaryimage\"},\"image\":{\"@id\":\"https:\\\/\\\/bbqentertainment.com\\\/toode\\\/napoleon-roostevabast-terasest-plancha-restplaat-freestyle-ja-rogue-425-grillidele\\\/#primaryimage\"},\"thumbnailUrl\":\"https:\\\/\\\/bbqentertainment.com\\\/wp-content\\\/uploads\\\/2025\\\/12\\\/56093_Napoleon_Stainless_Steel_Griddle_Insert_Griddle_For_Rogue_Freestyle_Angled_784x784_918a3aa1-aa34-468f-af0f-97aa438b537a.jpg.webp\",\"datePublished\":\"2025-12-29T23:14:13+00:00\",\"dateModified\":\"2026-04-06T09:26:54+00:00\",\"breadcrumb\":{\"@id\":\"https:\\\/\\\/bbqentertainment.com\\\/toode\\\/napoleon-roostevabast-terasest-plancha-restplaat-freestyle-ja-rogue-425-grillidele\\\/#breadcrumb\"},\"inLanguage\":\"en-US\",\"potentialAction\":[{\"@type\":\"ReadAction\",\"target\":[\"https:\\\/\\\/bbqentertainment.com\\\/toode\\\/napoleon-roostevabast-terasest-plancha-restplaat-freestyle-ja-rogue-425-grillidele\\\/\"]}]},{\"@type\":\"ImageObject\",\"inLanguage\":\"en-US\",\"@id\":\"https:\\\/\\\/bbqentertainment.com\\\/toode\\\/napoleon-roostevabast-terasest-plancha-restplaat-freestyle-ja-rogue-425-grillidele\\\/#primaryimage\",\"url\":\"https:\\\/\\\/bbqentertainment.com\\\/wp-content\\\/uploads\\\/2025\\\/12\\\/56093_Napoleon_Stainless_Steel_Griddle_Insert_Griddle_For_Rogue_Freestyle_Angled_784x784_918a3aa1-aa34-468f-af0f-97aa438b537a.jpg.webp\",\"contentUrl\":\"https:\\\/\\\/bbqentertainment.com\\\/wp-content\\\/uploads\\\/2025\\\/12\\\/56093_Napoleon_Stainless_Steel_Griddle_Insert_Griddle_For_Rogue_Freestyle_Angled_784x784_918a3aa1-aa34-468f-af0f-97aa438b537a.jpg.webp\",\"width\":784,\"height\":784},{\"@type\":\"BreadcrumbList\",\"@id\":\"https:\\\/\\\/bbqentertainment.com\\\/toode\\\/napoleon-roostevabast-terasest-plancha-restplaat-freestyle-ja-rogue-425-grillidele\\\/#breadcrumb\",\"itemListElement\":[{\"@type\":\"ListItem\",\"position\":1,\"name\":\"AVALEHT\",\"item\":\"https:\\\/\\\/bbqentertainment.com\\\/en\\\/\"},{\"@type\":\"ListItem\",\"position\":2,\"name\":\"Tooted\",\"item\":\"https:\\\/\\\/bbqentertainment.com\\\/tooted\\\/\"},{\"@type\":\"ListItem\",\"position\":3,\"name\":\"Lisatarvikud\",\"item\":\"https:\\\/\\\/bbqentertainment.com\\\/tootekategooria\\\/lisatarvikud\\\/\"},{\"@type\":\"ListItem\",\"position\":4,\"name\":\"Lisatarvikud Napoleon\",\"item\":\"https:\\\/\\\/bbqentertainment.com\\\/tootekategooria\\\/lisatarvikud\\\/lisatarvikud-napoleon\\\/\"},{\"@type\":\"ListItem\",\"position\":5,\"name\":\"Napoleon roostevabast terasest plancha-grilliplaat Freestyle ja Rogue 425 grillidele\"}]},{\"@type\":\"WebSite\",\"@id\":\"https:\\\/\\\/bbqentertainment.com\\\/#website\",\"url\":\"https:\\\/\\\/bbqentertainment.com\\\/\",\"name\":\"BBQ Entertainment\",\"description\":\"BBQ is a great lifestyle, not just fun!\",\"publisher\":{\"@id\":\"https:\\\/\\\/bbqentertainment.com\\\/#organization\"},\"potentialAction\":[{\"@type\":\"SearchAction\",\"target\":{\"@type\":\"EntryPoint\",\"urlTemplate\":\"https:\\\/\\\/bbqentertainment.com\\\/?s={search_term_string}\"},\"query-input\":{\"@type\":\"PropertyValueSpecification\",\"valueRequired\":true,\"valueName\":\"search_term_string\"}}],\"inLanguage\":\"en-US\"},{\"@type\":\"Organization\",\"@id\":\"https:\\\/\\\/bbqentertainment.com\\\/#organization\",\"name\":\"BBQ Entertainment O\u00dc\",\"url\":\"https:\\\/\\\/bbqentertainment.com\\\/\",\"logo\":{\"@type\":\"ImageObject\",\"inLanguage\":\"en-US\",\"@id\":\"https:\\\/\\\/bbqentertainment.com\\\/#\\\/schema\\\/logo\\\/image\\\/\",\"url\":\"https:\\\/\\\/bbqentertainment.com\\\/wp-content\\\/uploads\\\/2020\\\/04\\\/BBQ-Entertainment-N-Catering-Enn-Tobreluts-Logo.png\",\"contentUrl\":\"https:\\\/\\\/bbqentertainment.com\\\/wp-content\\\/uploads\\\/2020\\\/04\\\/BBQ-Entertainment-N-Catering-Enn-Tobreluts-Logo.png\",\"width\":628,\"height\":266,\"caption\":\"BBQ Entertainment O\u00dc\"},\"image\":{\"@id\":\"https:\\\/\\\/bbqentertainment.com\\\/#\\\/schema\\\/logo\\\/image\\\/\"},\"sameAs\":[\"https:\\\/\\\/www.facebook.com\\\/BBQ-Entertainment-N-Catering-2437913376443540\",\"https:\\\/\\\/www.instagram.com\\\/bbqentertainmentncatering\\\/\",\"https:\\\/\\\/www.youtube.com\\\/channel\\\/UCmpuANQVhLy2Md8nrenp2jA\"]}]}<\/script>\n<!-- \/ Yoast SEO plugin. -->","yoast_head_json":{"title":"Napoleon roostevabast terasest plancha-grilliplaat Freestyle ja Rogue 425 grillidele - BBQ Entertainment","robots":{"index":"index","follow":"follow","max-snippet":"max-snippet:-1","max-image-preview":"max-image-preview:large","max-video-preview":"max-video-preview:-1"},"canonical":"https:\/\/bbqentertainment.com\/toode\/napoleon-roostevabast-terasest-plancha-restplaat-freestyle-ja-rogue-425-grillidele\/","og_locale":"en_US","og_type":"article","og_title":"Napoleon roostevabast terasest plancha-grilliplaat Freestyle ja Rogue 425 grillidele - BBQ Entertainment","og_description":"Napoleon roostevabast terasest plancha-grilliplaat Freestyle ja Rogue 425 grillideleRoostevabast terasest plancha-grilliplaat v\u00f5imaldab gaasigrilli restide asemel kiiresti tasapinnaliseks k\u00fcpsetuspinnaks muuta.Suurel pinnal (u 50 \u00d7 40 cm) saad k\u00fcpsetada steike, burgereid, hommikus\u00f6\u00f6ki, k\u00f6\u00f6givilju, wokiroogasid ja tapasid, ilma et tooraine resti vahelt l\u00e4bi kukuks.Paks roostevaba teras jaotab kuumuse \u00fchtlaselt ning v\u00f5imaldab samal plaadil tekitada mitu erinevat kuumustsooni. \u00dchel alal saad k\u00f5rgel kuumusel pruunistada, teisel hoida toitu madalamal kuumusel soojas. Integreeritud rasvakanalid koguvad \u00fcleliigse rasva ja vedeliku, hoides grilli sisemuse puhtamana ja tehes puhastamise lihtsamaks.Plancha-grilliplaat sobib kasutamiseks Napoleon Freestyle ja Rogue\u00ae 425 gaasigrillidel.\u00a0","og_url":"https:\/\/bbqentertainment.com\/toode\/napoleon-roostevabast-terasest-plancha-restplaat-freestyle-ja-rogue-425-grillidele\/","og_site_name":"BBQ Entertainment","article_publisher":"https:\/\/www.facebook.com\/BBQ-Entertainment-N-Catering-2437913376443540","article_modified_time":"2026-04-06T09:26:54+00:00","og_image":[{"width":784,"height":784,"url":"https:\/\/bbqentertainment.com\/wp-content\/uploads\/2025\/12\/56093_Napoleon_Stainless_Steel_Griddle_Insert_Griddle_For_Rogue_Freestyle_Angled_784x784_918a3aa1-aa34-468f-af0f-97aa438b537a.jpg.webp","type":"image\/webp"}],"twitter_card":"summary_large_image","twitter_misc":{"Est. reading time":"1 minute"},"schema":{"@context":"https:\/\/schema.org","@graph":[{"@type":["WebPage","ItemPage"],"@id":"https:\/\/bbqentertainment.com\/toode\/napoleon-roostevabast-terasest-plancha-restplaat-freestyle-ja-rogue-425-grillidele\/","url":"https:\/\/bbqentertainment.com\/toode\/napoleon-roostevabast-terasest-plancha-restplaat-freestyle-ja-rogue-425-grillidele\/","name":"Napoleon roostevabast terasest plancha-grilliplaat Freestyle ja Rogue 425 grillidele - BBQ Entertainment","isPartOf":{"@id":"https:\/\/bbqentertainment.com\/#website"},"primaryImageOfPage":{"@id":"https:\/\/bbqentertainment.com\/toode\/napoleon-roostevabast-terasest-plancha-restplaat-freestyle-ja-rogue-425-grillidele\/#primaryimage"},"image":{"@id":"https:\/\/bbqentertainment.com\/toode\/napoleon-roostevabast-terasest-plancha-restplaat-freestyle-ja-rogue-425-grillidele\/#primaryimage"},"thumbnailUrl":"https:\/\/bbqentertainment.com\/wp-content\/uploads\/2025\/12\/56093_Napoleon_Stainless_Steel_Griddle_Insert_Griddle_For_Rogue_Freestyle_Angled_784x784_918a3aa1-aa34-468f-af0f-97aa438b537a.jpg.webp","datePublished":"2025-12-29T23:14:13+00:00","dateModified":"2026-04-06T09:26:54+00:00","breadcrumb":{"@id":"https:\/\/bbqentertainment.com\/toode\/napoleon-roostevabast-terasest-plancha-restplaat-freestyle-ja-rogue-425-grillidele\/#breadcrumb"},"inLanguage":"en-US","potentialAction":[{"@type":"ReadAction","target":["https:\/\/bbqentertainment.com\/toode\/napoleon-roostevabast-terasest-plancha-restplaat-freestyle-ja-rogue-425-grillidele\/"]}]},{"@type":"ImageObject","inLanguage":"en-US","@id":"https:\/\/bbqentertainment.com\/toode\/napoleon-roostevabast-terasest-plancha-restplaat-freestyle-ja-rogue-425-grillidele\/#primaryimage","url":"https:\/\/bbqentertainment.com\/wp-content\/uploads\/2025\/12\/56093_Napoleon_Stainless_Steel_Griddle_Insert_Griddle_For_Rogue_Freestyle_Angled_784x784_918a3aa1-aa34-468f-af0f-97aa438b537a.jpg.webp","contentUrl":"https:\/\/bbqentertainment.com\/wp-content\/uploads\/2025\/12\/56093_Napoleon_Stainless_Steel_Griddle_Insert_Griddle_For_Rogue_Freestyle_Angled_784x784_918a3aa1-aa34-468f-af0f-97aa438b537a.jpg.webp","width":784,"height":784},{"@type":"BreadcrumbList","@id":"https:\/\/bbqentertainment.com\/toode\/napoleon-roostevabast-terasest-plancha-restplaat-freestyle-ja-rogue-425-grillidele\/#breadcrumb","itemListElement":[{"@type":"ListItem","position":1,"name":"AVALEHT","item":"https:\/\/bbqentertainment.com\/en\/"},{"@type":"ListItem","position":2,"name":"Tooted","item":"https:\/\/bbqentertainment.com\/tooted\/"},{"@type":"ListItem","position":3,"name":"Lisatarvikud","item":"https:\/\/bbqentertainment.com\/tootekategooria\/lisatarvikud\/"},{"@type":"ListItem","position":4,"name":"Lisatarvikud Napoleon","item":"https:\/\/bbqentertainment.com\/tootekategooria\/lisatarvikud\/lisatarvikud-napoleon\/"},{"@type":"ListItem","position":5,"name":"Napoleon roostevabast terasest plancha-grilliplaat Freestyle ja Rogue 425 grillidele"}]},{"@type":"WebSite","@id":"https:\/\/bbqentertainment.com\/#website","url":"https:\/\/bbqentertainment.com\/","name":"BBQ Entertainment","description":"BBQ is a great lifestyle, not just fun!","publisher":{"@id":"https:\/\/bbqentertainment.com\/#organization"},"potentialAction":[{"@type":"SearchAction","target":{"@type":"EntryPoint","urlTemplate":"https:\/\/bbqentertainment.com\/?s={search_term_string}"},"query-input":{"@type":"PropertyValueSpecification","valueRequired":true,"valueName":"search_term_string"}}],"inLanguage":"en-US"},{"@type":"Organization","@id":"https:\/\/bbqentertainment.com\/#organization","name":"BBQ Entertainment O\u00dc","url":"https:\/\/bbqentertainment.com\/","logo":{"@type":"ImageObject","inLanguage":"en-US","@id":"https:\/\/bbqentertainment.com\/#\/schema\/logo\/image\/","url":"https:\/\/bbqentertainment.com\/wp-content\/uploads\/2020\/04\/BBQ-Entertainment-N-Catering-Enn-Tobreluts-Logo.png","contentUrl":"https:\/\/bbqentertainment.com\/wp-content\/uploads\/2020\/04\/BBQ-Entertainment-N-Catering-Enn-Tobreluts-Logo.png","width":628,"height":266,"caption":"BBQ Entertainment O\u00dc"},"image":{"@id":"https:\/\/bbqentertainment.com\/#\/schema\/logo\/image\/"},"sameAs":["https:\/\/www.facebook.com\/BBQ-Entertainment-N-Catering-2437913376443540","https:\/\/www.instagram.com\/bbqentertainmentncatering\/","https:\/\/www.youtube.com\/channel\/UCmpuANQVhLy2Md8nrenp2jA"]}]}},"_links":{"self":[{"href":"https:\/\/bbqentertainment.com\/en\/wp-json\/wp\/v2\/product\/257023","targetHints":{"allow":["GET"]}}],"collection":[{"href":"https:\/\/bbqentertainment.com\/en\/wp-json\/wp\/v2\/product"}],"about":[{"href":"https:\/\/bbqentertainment.com\/en\/wp-json\/wp\/v2\/types\/product"}],"wp:featuredmedia":[{"embeddable":true,"href":"https:\/\/bbqentertainment.com\/en\/wp-json\/wp\/v2\/media\/257024"}],"wp:attachment":[{"href":"https:\/\/bbqentertainment.com\/en\/wp-json\/wp\/v2\/media?parent=257023"}],"wp:term":[{"taxonomy":"product_brand","embeddable":true,"href":"https:\/\/bbqentertainment.com\/en\/wp-json\/wp\/v2\/product_brand?post=257023"},{"taxonomy":"product_cat","embeddable":true,"href":"https:\/\/bbqentertainment.com\/en\/wp-json\/wp\/v2\/product_cat?post=257023"},{"taxonomy":"product_tag","embeddable":true,"href":"https:\/\/bbqentertainment.com\/en\/wp-json\/wp\/v2\/product_tag?post=257023"}],"curies":[{"name":"wp","href":"https:\/\/api.w.org\/{rel}","templated":true}]}}