{"id":257026,"date":"2025-12-30T01:31:53","date_gmt":"2025-12-29T23:31:53","guid":{"rendered":"https:\/\/bbqentertainment.com\/?post_type=product&#038;p=257026"},"modified":"2026-04-06T12:26:53","modified_gmt":"2026-04-06T09:26:53","slug":"napoleon-ilmastikukindel-grillikate-freestyle-sarja-24-plancha-gaasigrillile","status":"publish","type":"product","link":"https:\/\/bbqentertainment.com\/en\/toode\/napoleon-ilmastikukindel-grillikate-freestyle-sarja-24-plancha-gaasigrillile\/","title":{"rendered":"Napoleon ilmastikukindel grillikate Freestyle 24&#8243; Plancha\/Griddle gaasigrillile"},"content":{"rendered":"","protected":false},"excerpt":{"rendered":"<h3><strong>Napoleon ilmastikukindel grillikate Freestyle 24&#8243; Plancha\/Griddle gaasigrillile<\/strong><\/h3>\n<p data-start=\"0\" data-end=\"345\">Napoleon ilmastikukindel grillikate kaitseb grilli aastaringselt vihma, lume, UV-kiirguse ja mustuse eest. Kerge, kuid vastupidav veekindel kangas ei pragune aja jooksul ning sisseehitatud UV-inhibiitorid aitavad v\u00e4hendada pleekimist.<\/p>\n<p data-start=\"0\" data-end=\"345\">Kate on loodud spetsiaalselt Freestyle 24&#8243; Plancha (Griddle Cart) mudelitele.<\/p>\n<p data-start=\"347\" data-end=\"750\">Reguleeritavad rihmad k\u00fclgedel koos pannaldega hoiavad katet kindlalt paigal ka tuulisema ilmaga. Integreeritud \u00f5huavad tagavad \u00f5huringluse, mis aitab v\u00e4hendada niiskuse kogunemist ja hallituse teket. Eesmine takjapaelaga avanev paneel v\u00f5imaldab vajadusel kiiresti ligi p\u00e4\u00e4seda grilli kapiosale, ilma et peaks kogu katet eemaldama. Riputusaasad teevad grilli kasutamise ajaks katte hoiustamise lihtsaks.<\/p>\n<p data-start=\"752\" data-end=\"764\">\u00a0<\/p>\n","protected":false},"featured_media":257028,"template":"","meta":{"inline_featured_image":false},"product_brand":[],"product_cat":[92,562,479],"product_tag":[],"class_list":{"0":"post-257026","1":"product","2":"type-product","3":"status-publish","4":"has-post-thumbnail","6":"product_cat-lisatarvikud","7":"product_cat-lisatarvikud-napoleon","8":"product_cat-grillitarvikud","10":"first","11":"instock","12":"taxable","13":"shipping-taxable","14":"purchasable","15":"product-type-simple"},"yoast_head":"<!-- This site is optimized with the Yoast SEO plugin v27.4 - https:\/\/yoast.com\/product\/yoast-seo-wordpress\/ -->\n<title>Napoleon ilmastikukindel grillikate Freestyle 24&quot; Plancha\/Griddle gaasigrillile - BBQ Entertainment<\/title>\n<meta name=\"robots\" content=\"index, follow, max-snippet:-1, max-image-preview:large, max-video-preview:-1\" \/>\n<link rel=\"canonical\" href=\"https:\/\/bbqentertainment.com\/toode\/napoleon-ilmastikukindel-grillikate-freestyle-sarja-24-plancha-gaasigrillile\/\" \/>\n<meta property=\"og:locale\" content=\"en_US\" \/>\n<meta property=\"og:type\" content=\"article\" \/>\n<meta property=\"og:title\" content=\"Napoleon ilmastikukindel grillikate Freestyle 24&quot; Plancha\/Griddle gaasigrillile - BBQ Entertainment\" \/>\n<meta property=\"og:description\" content=\"Napoleon ilmastikukindel grillikate Freestyle 24&quot; Plancha\/Griddle gaasigrillileNapoleon ilmastikukindel grillikate kaitseb grilli aastaringselt vihma, lume, UV-kiirguse ja mustuse eest. Kerge, kuid vastupidav veekindel kangas ei pragune aja jooksul ning sisseehitatud UV-inhibiitorid aitavad v\u00e4hendada pleekimist.Kate on loodud spetsiaalselt Freestyle 24&quot; Plancha (Griddle Cart) mudelitele.Reguleeritavad rihmad k\u00fclgedel koos pannaldega hoiavad katet kindlalt paigal ka tuulisema ilmaga. Integreeritud \u00f5huavad tagavad \u00f5huringluse, mis aitab v\u00e4hendada niiskuse kogunemist ja hallituse teket. Eesmine takjapaelaga avanev paneel v\u00f5imaldab vajadusel kiiresti ligi p\u00e4\u00e4seda grilli kapiosale, ilma et peaks kogu katet eemaldama. Riputusaasad teevad grilli kasutamise ajaks katte hoiustamise lihtsaks.\u00a0\" \/>\n<meta property=\"og:url\" content=\"https:\/\/bbqentertainment.com\/toode\/napoleon-ilmastikukindel-grillikate-freestyle-sarja-24-plancha-gaasigrillile\/\" \/>\n<meta property=\"og:site_name\" content=\"BBQ Entertainment\" \/>\n<meta property=\"article:publisher\" content=\"https:\/\/www.facebook.com\/BBQ-Entertainment-N-Catering-2437913376443540\" \/>\n<meta property=\"article:modified_time\" content=\"2026-04-06T09:26:53+00:00\" \/>\n<meta property=\"og:image\" content=\"https:\/\/bbqentertainment.com\/wp-content\/uploads\/2025\/12\/Napoleon_61024_001.jpg\" \/>\n\t<meta property=\"og:image:width\" content=\"2000\" \/>\n\t<meta property=\"og:image:height\" content=\"2000\" \/>\n\t<meta property=\"og:image:type\" content=\"image\/jpeg\" \/>\n<meta name=\"twitter:card\" content=\"summary_large_image\" \/>\n<meta name=\"twitter:label1\" content=\"Est. reading time\" \/>\n\t<meta name=\"twitter:data1\" content=\"1 minute\" \/>\n<script type=\"application\/ld+json\" class=\"yoast-schema-graph\">{\"@context\":\"https:\\\/\\\/schema.org\",\"@graph\":[{\"@type\":[\"WebPage\",\"ItemPage\"],\"@id\":\"https:\\\/\\\/bbqentertainment.com\\\/toode\\\/napoleon-ilmastikukindel-grillikate-freestyle-sarja-24-plancha-gaasigrillile\\\/\",\"url\":\"https:\\\/\\\/bbqentertainment.com\\\/toode\\\/napoleon-ilmastikukindel-grillikate-freestyle-sarja-24-plancha-gaasigrillile\\\/\",\"name\":\"Napoleon ilmastikukindel grillikate Freestyle 24\\\" Plancha\\\/Griddle gaasigrillile - BBQ Entertainment\",\"isPartOf\":{\"@id\":\"https:\\\/\\\/bbqentertainment.com\\\/#website\"},\"primaryImageOfPage\":{\"@id\":\"https:\\\/\\\/bbqentertainment.com\\\/toode\\\/napoleon-ilmastikukindel-grillikate-freestyle-sarja-24-plancha-gaasigrillile\\\/#primaryimage\"},\"image\":{\"@id\":\"https:\\\/\\\/bbqentertainment.com\\\/toode\\\/napoleon-ilmastikukindel-grillikate-freestyle-sarja-24-plancha-gaasigrillile\\\/#primaryimage\"},\"thumbnailUrl\":\"https:\\\/\\\/bbqentertainment.com\\\/wp-content\\\/uploads\\\/2025\\\/12\\\/Napoleon_61024_001.jpg\",\"datePublished\":\"2025-12-29T23:31:53+00:00\",\"dateModified\":\"2026-04-06T09:26:53+00:00\",\"breadcrumb\":{\"@id\":\"https:\\\/\\\/bbqentertainment.com\\\/toode\\\/napoleon-ilmastikukindel-grillikate-freestyle-sarja-24-plancha-gaasigrillile\\\/#breadcrumb\"},\"inLanguage\":\"en-US\",\"potentialAction\":[{\"@type\":\"ReadAction\",\"target\":[\"https:\\\/\\\/bbqentertainment.com\\\/toode\\\/napoleon-ilmastikukindel-grillikate-freestyle-sarja-24-plancha-gaasigrillile\\\/\"]}]},{\"@type\":\"ImageObject\",\"inLanguage\":\"en-US\",\"@id\":\"https:\\\/\\\/bbqentertainment.com\\\/toode\\\/napoleon-ilmastikukindel-grillikate-freestyle-sarja-24-plancha-gaasigrillile\\\/#primaryimage\",\"url\":\"https:\\\/\\\/bbqentertainment.com\\\/wp-content\\\/uploads\\\/2025\\\/12\\\/Napoleon_61024_001.jpg\",\"contentUrl\":\"https:\\\/\\\/bbqentertainment.com\\\/wp-content\\\/uploads\\\/2025\\\/12\\\/Napoleon_61024_001.jpg\",\"width\":2000,\"height\":2000},{\"@type\":\"BreadcrumbList\",\"@id\":\"https:\\\/\\\/bbqentertainment.com\\\/toode\\\/napoleon-ilmastikukindel-grillikate-freestyle-sarja-24-plancha-gaasigrillile\\\/#breadcrumb\",\"itemListElement\":[{\"@type\":\"ListItem\",\"position\":1,\"name\":\"AVALEHT\",\"item\":\"https:\\\/\\\/bbqentertainment.com\\\/en\\\/\"},{\"@type\":\"ListItem\",\"position\":2,\"name\":\"Tooted\",\"item\":\"https:\\\/\\\/bbqentertainment.com\\\/tooted\\\/\"},{\"@type\":\"ListItem\",\"position\":3,\"name\":\"Lisatarvikud\",\"item\":\"https:\\\/\\\/bbqentertainment.com\\\/tootekategooria\\\/lisatarvikud\\\/\"},{\"@type\":\"ListItem\",\"position\":4,\"name\":\"Lisatarvikud Napoleon\",\"item\":\"https:\\\/\\\/bbqentertainment.com\\\/tootekategooria\\\/lisatarvikud\\\/lisatarvikud-napoleon\\\/\"},{\"@type\":\"ListItem\",\"position\":5,\"name\":\"Napoleon ilmastikukindel grillikate Freestyle 24&#8243; Plancha\\\/Griddle gaasigrillile\"}]},{\"@type\":\"WebSite\",\"@id\":\"https:\\\/\\\/bbqentertainment.com\\\/#website\",\"url\":\"https:\\\/\\\/bbqentertainment.com\\\/\",\"name\":\"BBQ Entertainment\",\"description\":\"BBQ is a great lifestyle, not just fun!\",\"publisher\":{\"@id\":\"https:\\\/\\\/bbqentertainment.com\\\/#organization\"},\"potentialAction\":[{\"@type\":\"SearchAction\",\"target\":{\"@type\":\"EntryPoint\",\"urlTemplate\":\"https:\\\/\\\/bbqentertainment.com\\\/?s={search_term_string}\"},\"query-input\":{\"@type\":\"PropertyValueSpecification\",\"valueRequired\":true,\"valueName\":\"search_term_string\"}}],\"inLanguage\":\"en-US\"},{\"@type\":\"Organization\",\"@id\":\"https:\\\/\\\/bbqentertainment.com\\\/#organization\",\"name\":\"BBQ Entertainment O\u00dc\",\"url\":\"https:\\\/\\\/bbqentertainment.com\\\/\",\"logo\":{\"@type\":\"ImageObject\",\"inLanguage\":\"en-US\",\"@id\":\"https:\\\/\\\/bbqentertainment.com\\\/#\\\/schema\\\/logo\\\/image\\\/\",\"url\":\"https:\\\/\\\/bbqentertainment.com\\\/wp-content\\\/uploads\\\/2020\\\/04\\\/BBQ-Entertainment-N-Catering-Enn-Tobreluts-Logo.png\",\"contentUrl\":\"https:\\\/\\\/bbqentertainment.com\\\/wp-content\\\/uploads\\\/2020\\\/04\\\/BBQ-Entertainment-N-Catering-Enn-Tobreluts-Logo.png\",\"width\":628,\"height\":266,\"caption\":\"BBQ Entertainment O\u00dc\"},\"image\":{\"@id\":\"https:\\\/\\\/bbqentertainment.com\\\/#\\\/schema\\\/logo\\\/image\\\/\"},\"sameAs\":[\"https:\\\/\\\/www.facebook.com\\\/BBQ-Entertainment-N-Catering-2437913376443540\",\"https:\\\/\\\/www.instagram.com\\\/bbqentertainmentncatering\\\/\",\"https:\\\/\\\/www.youtube.com\\\/channel\\\/UCmpuANQVhLy2Md8nrenp2jA\"]}]}<\/script>\n<!-- \/ Yoast SEO plugin. -->","yoast_head_json":{"title":"Napoleon ilmastikukindel grillikate Freestyle 24\" Plancha\/Griddle gaasigrillile - BBQ Entertainment","robots":{"index":"index","follow":"follow","max-snippet":"max-snippet:-1","max-image-preview":"max-image-preview:large","max-video-preview":"max-video-preview:-1"},"canonical":"https:\/\/bbqentertainment.com\/toode\/napoleon-ilmastikukindel-grillikate-freestyle-sarja-24-plancha-gaasigrillile\/","og_locale":"en_US","og_type":"article","og_title":"Napoleon ilmastikukindel grillikate Freestyle 24\" Plancha\/Griddle gaasigrillile - BBQ Entertainment","og_description":"Napoleon ilmastikukindel grillikate Freestyle 24\" Plancha\/Griddle gaasigrillileNapoleon ilmastikukindel grillikate kaitseb grilli aastaringselt vihma, lume, UV-kiirguse ja mustuse eest. Kerge, kuid vastupidav veekindel kangas ei pragune aja jooksul ning sisseehitatud UV-inhibiitorid aitavad v\u00e4hendada pleekimist.Kate on loodud spetsiaalselt Freestyle 24\" Plancha (Griddle Cart) mudelitele.Reguleeritavad rihmad k\u00fclgedel koos pannaldega hoiavad katet kindlalt paigal ka tuulisema ilmaga. Integreeritud \u00f5huavad tagavad \u00f5huringluse, mis aitab v\u00e4hendada niiskuse kogunemist ja hallituse teket. Eesmine takjapaelaga avanev paneel v\u00f5imaldab vajadusel kiiresti ligi p\u00e4\u00e4seda grilli kapiosale, ilma et peaks kogu katet eemaldama. Riputusaasad teevad grilli kasutamise ajaks katte hoiustamise lihtsaks.\u00a0","og_url":"https:\/\/bbqentertainment.com\/toode\/napoleon-ilmastikukindel-grillikate-freestyle-sarja-24-plancha-gaasigrillile\/","og_site_name":"BBQ Entertainment","article_publisher":"https:\/\/www.facebook.com\/BBQ-Entertainment-N-Catering-2437913376443540","article_modified_time":"2026-04-06T09:26:53+00:00","og_image":[{"width":2000,"height":2000,"url":"https:\/\/bbqentertainment.com\/wp-content\/uploads\/2025\/12\/Napoleon_61024_001.jpg","type":"image\/jpeg"}],"twitter_card":"summary_large_image","twitter_misc":{"Est. reading time":"1 minute"},"schema":{"@context":"https:\/\/schema.org","@graph":[{"@type":["WebPage","ItemPage"],"@id":"https:\/\/bbqentertainment.com\/toode\/napoleon-ilmastikukindel-grillikate-freestyle-sarja-24-plancha-gaasigrillile\/","url":"https:\/\/bbqentertainment.com\/toode\/napoleon-ilmastikukindel-grillikate-freestyle-sarja-24-plancha-gaasigrillile\/","name":"Napoleon ilmastikukindel grillikate Freestyle 24\" Plancha\/Griddle gaasigrillile - BBQ Entertainment","isPartOf":{"@id":"https:\/\/bbqentertainment.com\/#website"},"primaryImageOfPage":{"@id":"https:\/\/bbqentertainment.com\/toode\/napoleon-ilmastikukindel-grillikate-freestyle-sarja-24-plancha-gaasigrillile\/#primaryimage"},"image":{"@id":"https:\/\/bbqentertainment.com\/toode\/napoleon-ilmastikukindel-grillikate-freestyle-sarja-24-plancha-gaasigrillile\/#primaryimage"},"thumbnailUrl":"https:\/\/bbqentertainment.com\/wp-content\/uploads\/2025\/12\/Napoleon_61024_001.jpg","datePublished":"2025-12-29T23:31:53+00:00","dateModified":"2026-04-06T09:26:53+00:00","breadcrumb":{"@id":"https:\/\/bbqentertainment.com\/toode\/napoleon-ilmastikukindel-grillikate-freestyle-sarja-24-plancha-gaasigrillile\/#breadcrumb"},"inLanguage":"en-US","potentialAction":[{"@type":"ReadAction","target":["https:\/\/bbqentertainment.com\/toode\/napoleon-ilmastikukindel-grillikate-freestyle-sarja-24-plancha-gaasigrillile\/"]}]},{"@type":"ImageObject","inLanguage":"en-US","@id":"https:\/\/bbqentertainment.com\/toode\/napoleon-ilmastikukindel-grillikate-freestyle-sarja-24-plancha-gaasigrillile\/#primaryimage","url":"https:\/\/bbqentertainment.com\/wp-content\/uploads\/2025\/12\/Napoleon_61024_001.jpg","contentUrl":"https:\/\/bbqentertainment.com\/wp-content\/uploads\/2025\/12\/Napoleon_61024_001.jpg","width":2000,"height":2000},{"@type":"BreadcrumbList","@id":"https:\/\/bbqentertainment.com\/toode\/napoleon-ilmastikukindel-grillikate-freestyle-sarja-24-plancha-gaasigrillile\/#breadcrumb","itemListElement":[{"@type":"ListItem","position":1,"name":"AVALEHT","item":"https:\/\/bbqentertainment.com\/en\/"},{"@type":"ListItem","position":2,"name":"Tooted","item":"https:\/\/bbqentertainment.com\/tooted\/"},{"@type":"ListItem","position":3,"name":"Lisatarvikud","item":"https:\/\/bbqentertainment.com\/tootekategooria\/lisatarvikud\/"},{"@type":"ListItem","position":4,"name":"Lisatarvikud Napoleon","item":"https:\/\/bbqentertainment.com\/tootekategooria\/lisatarvikud\/lisatarvikud-napoleon\/"},{"@type":"ListItem","position":5,"name":"Napoleon ilmastikukindel grillikate Freestyle 24&#8243; Plancha\/Griddle gaasigrillile"}]},{"@type":"WebSite","@id":"https:\/\/bbqentertainment.com\/#website","url":"https:\/\/bbqentertainment.com\/","name":"BBQ Entertainment","description":"BBQ is a great lifestyle, not just fun!","publisher":{"@id":"https:\/\/bbqentertainment.com\/#organization"},"potentialAction":[{"@type":"SearchAction","target":{"@type":"EntryPoint","urlTemplate":"https:\/\/bbqentertainment.com\/?s={search_term_string}"},"query-input":{"@type":"PropertyValueSpecification","valueRequired":true,"valueName":"search_term_string"}}],"inLanguage":"en-US"},{"@type":"Organization","@id":"https:\/\/bbqentertainment.com\/#organization","name":"BBQ Entertainment O\u00dc","url":"https:\/\/bbqentertainment.com\/","logo":{"@type":"ImageObject","inLanguage":"en-US","@id":"https:\/\/bbqentertainment.com\/#\/schema\/logo\/image\/","url":"https:\/\/bbqentertainment.com\/wp-content\/uploads\/2020\/04\/BBQ-Entertainment-N-Catering-Enn-Tobreluts-Logo.png","contentUrl":"https:\/\/bbqentertainment.com\/wp-content\/uploads\/2020\/04\/BBQ-Entertainment-N-Catering-Enn-Tobreluts-Logo.png","width":628,"height":266,"caption":"BBQ Entertainment O\u00dc"},"image":{"@id":"https:\/\/bbqentertainment.com\/#\/schema\/logo\/image\/"},"sameAs":["https:\/\/www.facebook.com\/BBQ-Entertainment-N-Catering-2437913376443540","https:\/\/www.instagram.com\/bbqentertainmentncatering\/","https:\/\/www.youtube.com\/channel\/UCmpuANQVhLy2Md8nrenp2jA"]}]}},"_links":{"self":[{"href":"https:\/\/bbqentertainment.com\/en\/wp-json\/wp\/v2\/product\/257026","targetHints":{"allow":["GET"]}}],"collection":[{"href":"https:\/\/bbqentertainment.com\/en\/wp-json\/wp\/v2\/product"}],"about":[{"href":"https:\/\/bbqentertainment.com\/en\/wp-json\/wp\/v2\/types\/product"}],"wp:featuredmedia":[{"embeddable":true,"href":"https:\/\/bbqentertainment.com\/en\/wp-json\/wp\/v2\/media\/257028"}],"wp:attachment":[{"href":"https:\/\/bbqentertainment.com\/en\/wp-json\/wp\/v2\/media?parent=257026"}],"wp:term":[{"taxonomy":"product_brand","embeddable":true,"href":"https:\/\/bbqentertainment.com\/en\/wp-json\/wp\/v2\/product_brand?post=257026"},{"taxonomy":"product_cat","embeddable":true,"href":"https:\/\/bbqentertainment.com\/en\/wp-json\/wp\/v2\/product_cat?post=257026"},{"taxonomy":"product_tag","embeddable":true,"href":"https:\/\/bbqentertainment.com\/en\/wp-json\/wp\/v2\/product_tag?post=257026"}],"curies":[{"name":"wp","href":"https:\/\/api.w.org\/{rel}","templated":true}]}}