{"id":257142,"date":"2026-01-26T09:58:47","date_gmt":"2026-01-26T07:58:47","guid":{"rendered":"https:\/\/bbqentertainment.com\/?post_type=product&#038;p=257142"},"modified":"2026-03-13T12:20:09","modified_gmt":"2026-03-13T10:20:09","slug":"toidukile-loikuriga-karbis-44-cm-x-300-m-poluetuleen","status":"publish","type":"product","link":"https:\/\/bbqentertainment.com\/en\/toode\/toidukile-loikuriga-karbis-44-cm-x-300-m-poluetuleen\/","title":{"rendered":"TOIDUKILE l\u00f5ikuriga suures karbis 44 cm x 300 m (Pol\u00fcet\u00fcleen)"},"content":{"rendered":"","protected":false},"excerpt":{"rendered":"<h3><b>TOIDUKILE l\u00f5ikuriga suures karbis 44 cm x 300 m (Pol\u00fcet\u00fcleen)<\/b><\/h3>\n<ul>\n<li>Valmistatud polyethylene\u2019ist \u2013 ilma kahjulike lisanditeta.<\/li>\n<li>Meie pol\u00fcet\u00fcleen (PE) toidukile on ohutu, tugev ja puhtam alternatiiv PVC-kilele.<\/li>\n<li>Ei sisalda PVC-d ega ftalaate, ei anna toidule maitset ega l\u00f5hna. Sobib otsekontakti toiduga.<\/li>\n<li>Madalam keskkonnakoormus tootmisel. Taaskasutatav (LDPE, \u267b\ufe0f 4). Ei ole biolagunev, kuid on \u00fcks k\u00f5ige keskkonnas\u00f5bralikumaid plastkilesid.<\/li>\n<li>See kleepub ja venib h\u00e4sti, hoiab toidu v\u00e4rske ning sobib nii k\u00fclmikusse kui s\u00fcgavk\u00fclma.<\/li>\n<li>Sobib nii koju kui profikasutusse st restoranidele.<\/li>\n<li>Ideaalne liha, kala, k\u00f6\u00f6giviljade ja marinaadide jaoks<\/li>\n<\/ul>\n","protected":false},"featured_media":257144,"template":"","meta":{"inline_featured_image":false},"product_brand":[],"product_cat":[25],"product_tag":[],"class_list":{"0":"post-257142","1":"product","2":"type-product","3":"status-publish","4":"has-post-thumbnail","6":"product_cat-foolium-ja-toidukile","8":"first","9":"instock","10":"sale","11":"taxable","12":"shipping-taxable","13":"purchasable","14":"product-type-simple"},"yoast_head":"<!-- This site is optimized with the Yoast SEO plugin v27.4 - https:\/\/yoast.com\/product\/yoast-seo-wordpress\/ -->\n<title>TOIDUKILE l\u00f5ikuriga suures karbis 44 cm x 300 m (Pol\u00fcet\u00fcleen) - BBQ Entertainment<\/title>\n<meta name=\"robots\" content=\"index, follow, max-snippet:-1, max-image-preview:large, max-video-preview:-1\" \/>\n<link rel=\"canonical\" href=\"https:\/\/bbqentertainment.com\/toode\/toidukile-loikuriga-karbis-44-cm-x-300-m-poluetuleen\/\" \/>\n<meta property=\"og:locale\" content=\"en_US\" \/>\n<meta property=\"og:type\" content=\"article\" \/>\n<meta property=\"og:title\" content=\"TOIDUKILE l\u00f5ikuriga suures karbis 44 cm x 300 m (Pol\u00fcet\u00fcleen) - BBQ Entertainment\" \/>\n<meta property=\"og:description\" content=\"TOIDUKILE l\u00f5ikuriga suures karbis 44 cm x 300 m (Pol\u00fcet\u00fcleen)   Valmistatud polyethylene\u2019ist \u2013 ilma kahjulike lisanditeta.  Meie pol\u00fcet\u00fcleen (PE) toidukile on ohutu, tugev ja puhtam alternatiiv PVC-kilele.  Ei sisalda PVC-d ega ftalaate, ei anna toidule maitset ega l\u00f5hna. Sobib otsekontakti toiduga.  Madalam keskkonnakoormus tootmisel. Taaskasutatav (LDPE, \u267b\ufe0f 4). Ei ole biolagunev, kuid on \u00fcks k\u00f5ige keskkonnas\u00f5bralikumaid plastkilesid.  See kleepub ja venib h\u00e4sti, hoiab toidu v\u00e4rske ning sobib nii k\u00fclmikusse kui s\u00fcgavk\u00fclma.  Sobib nii koju kui profikasutusse st restoranidele.  Ideaalne liha, kala, k\u00f6\u00f6giviljade ja marinaadide jaoks\" \/>\n<meta property=\"og:url\" content=\"https:\/\/bbqentertainment.com\/toode\/toidukile-loikuriga-karbis-44-cm-x-300-m-poluetuleen\/\" \/>\n<meta property=\"og:site_name\" content=\"BBQ Entertainment\" \/>\n<meta property=\"article:publisher\" content=\"https:\/\/www.facebook.com\/BBQ-Entertainment-N-Catering-2437913376443540\" \/>\n<meta property=\"article:modified_time\" content=\"2026-03-13T10:20:09+00:00\" \/>\n<meta property=\"og:image\" content=\"https:\/\/bbqentertainment.com\/wp-content\/uploads\/2026\/01\/TOIDUKILE-loikuriga-karbis-44-cm-x-300-m-Poluetuleen-PE-EAN-4745010675294-.jpg\" \/>\n\t<meta property=\"og:image:width\" content=\"1200\" \/>\n\t<meta property=\"og:image:height\" content=\"1200\" \/>\n\t<meta property=\"og:image:type\" content=\"image\/jpeg\" \/>\n<meta name=\"twitter:card\" content=\"summary_large_image\" \/>\n<meta name=\"twitter:label1\" content=\"Est. reading time\" \/>\n\t<meta name=\"twitter:data1\" content=\"1 minute\" \/>\n<script type=\"application\/ld+json\" class=\"yoast-schema-graph\">{\"@context\":\"https:\\\/\\\/schema.org\",\"@graph\":[{\"@type\":[\"WebPage\",\"ItemPage\"],\"@id\":\"https:\\\/\\\/bbqentertainment.com\\\/toode\\\/toidukile-loikuriga-karbis-44-cm-x-300-m-poluetuleen\\\/\",\"url\":\"https:\\\/\\\/bbqentertainment.com\\\/toode\\\/toidukile-loikuriga-karbis-44-cm-x-300-m-poluetuleen\\\/\",\"name\":\"TOIDUKILE l\u00f5ikuriga suures karbis 44 cm x 300 m (Pol\u00fcet\u00fcleen) - BBQ Entertainment\",\"isPartOf\":{\"@id\":\"https:\\\/\\\/bbqentertainment.com\\\/#website\"},\"primaryImageOfPage\":{\"@id\":\"https:\\\/\\\/bbqentertainment.com\\\/toode\\\/toidukile-loikuriga-karbis-44-cm-x-300-m-poluetuleen\\\/#primaryimage\"},\"image\":{\"@id\":\"https:\\\/\\\/bbqentertainment.com\\\/toode\\\/toidukile-loikuriga-karbis-44-cm-x-300-m-poluetuleen\\\/#primaryimage\"},\"thumbnailUrl\":\"https:\\\/\\\/bbqentertainment.com\\\/wp-content\\\/uploads\\\/2026\\\/01\\\/TOIDUKILE-loikuriga-karbis-44-cm-x-300-m-Poluetuleen-PE-EAN-4745010675294-.jpg\",\"datePublished\":\"2026-01-26T07:58:47+00:00\",\"dateModified\":\"2026-03-13T10:20:09+00:00\",\"breadcrumb\":{\"@id\":\"https:\\\/\\\/bbqentertainment.com\\\/toode\\\/toidukile-loikuriga-karbis-44-cm-x-300-m-poluetuleen\\\/#breadcrumb\"},\"inLanguage\":\"en-US\",\"potentialAction\":[{\"@type\":\"ReadAction\",\"target\":[\"https:\\\/\\\/bbqentertainment.com\\\/toode\\\/toidukile-loikuriga-karbis-44-cm-x-300-m-poluetuleen\\\/\"]}]},{\"@type\":\"ImageObject\",\"inLanguage\":\"en-US\",\"@id\":\"https:\\\/\\\/bbqentertainment.com\\\/toode\\\/toidukile-loikuriga-karbis-44-cm-x-300-m-poluetuleen\\\/#primaryimage\",\"url\":\"https:\\\/\\\/bbqentertainment.com\\\/wp-content\\\/uploads\\\/2026\\\/01\\\/TOIDUKILE-loikuriga-karbis-44-cm-x-300-m-Poluetuleen-PE-EAN-4745010675294-.jpg\",\"contentUrl\":\"https:\\\/\\\/bbqentertainment.com\\\/wp-content\\\/uploads\\\/2026\\\/01\\\/TOIDUKILE-loikuriga-karbis-44-cm-x-300-m-Poluetuleen-PE-EAN-4745010675294-.jpg\",\"width\":1200,\"height\":1200},{\"@type\":\"BreadcrumbList\",\"@id\":\"https:\\\/\\\/bbqentertainment.com\\\/toode\\\/toidukile-loikuriga-karbis-44-cm-x-300-m-poluetuleen\\\/#breadcrumb\",\"itemListElement\":[{\"@type\":\"ListItem\",\"position\":1,\"name\":\"AVALEHT\",\"item\":\"https:\\\/\\\/bbqentertainment.com\\\/en\\\/\"},{\"@type\":\"ListItem\",\"position\":2,\"name\":\"Tooted\",\"item\":\"https:\\\/\\\/bbqentertainment.com\\\/tooted\\\/\"},{\"@type\":\"ListItem\",\"position\":3,\"name\":\"Lisatarvikud\",\"item\":\"https:\\\/\\\/bbqentertainment.com\\\/tootekategooria\\\/lisatarvikud\\\/\"},{\"@type\":\"ListItem\",\"position\":4,\"name\":\"Foolium, lihapaber, l\u00f5ikelaud\",\"item\":\"https:\\\/\\\/bbqentertainment.com\\\/tootekategooria\\\/lisatarvikud\\\/foolium-ja-toidukile\\\/\"},{\"@type\":\"ListItem\",\"position\":5,\"name\":\"TOIDUKILE l\u00f5ikuriga suures karbis 44 cm x 300 m (Pol\u00fcet\u00fcleen)\"}]},{\"@type\":\"WebSite\",\"@id\":\"https:\\\/\\\/bbqentertainment.com\\\/#website\",\"url\":\"https:\\\/\\\/bbqentertainment.com\\\/\",\"name\":\"BBQ Entertainment\",\"description\":\"BBQ is a great lifestyle, not just fun!\",\"publisher\":{\"@id\":\"https:\\\/\\\/bbqentertainment.com\\\/#organization\"},\"potentialAction\":[{\"@type\":\"SearchAction\",\"target\":{\"@type\":\"EntryPoint\",\"urlTemplate\":\"https:\\\/\\\/bbqentertainment.com\\\/?s={search_term_string}\"},\"query-input\":{\"@type\":\"PropertyValueSpecification\",\"valueRequired\":true,\"valueName\":\"search_term_string\"}}],\"inLanguage\":\"en-US\"},{\"@type\":\"Organization\",\"@id\":\"https:\\\/\\\/bbqentertainment.com\\\/#organization\",\"name\":\"BBQ Entertainment O\u00dc\",\"url\":\"https:\\\/\\\/bbqentertainment.com\\\/\",\"logo\":{\"@type\":\"ImageObject\",\"inLanguage\":\"en-US\",\"@id\":\"https:\\\/\\\/bbqentertainment.com\\\/#\\\/schema\\\/logo\\\/image\\\/\",\"url\":\"https:\\\/\\\/bbqentertainment.com\\\/wp-content\\\/uploads\\\/2020\\\/04\\\/BBQ-Entertainment-N-Catering-Enn-Tobreluts-Logo.png\",\"contentUrl\":\"https:\\\/\\\/bbqentertainment.com\\\/wp-content\\\/uploads\\\/2020\\\/04\\\/BBQ-Entertainment-N-Catering-Enn-Tobreluts-Logo.png\",\"width\":628,\"height\":266,\"caption\":\"BBQ Entertainment O\u00dc\"},\"image\":{\"@id\":\"https:\\\/\\\/bbqentertainment.com\\\/#\\\/schema\\\/logo\\\/image\\\/\"},\"sameAs\":[\"https:\\\/\\\/www.facebook.com\\\/BBQ-Entertainment-N-Catering-2437913376443540\",\"https:\\\/\\\/www.instagram.com\\\/bbqentertainmentncatering\\\/\",\"https:\\\/\\\/www.youtube.com\\\/channel\\\/UCmpuANQVhLy2Md8nrenp2jA\"]}]}<\/script>\n<!-- \/ Yoast SEO plugin. -->","yoast_head_json":{"title":"TOIDUKILE l\u00f5ikuriga suures karbis 44 cm x 300 m (Pol\u00fcet\u00fcleen) - BBQ Entertainment","robots":{"index":"index","follow":"follow","max-snippet":"max-snippet:-1","max-image-preview":"max-image-preview:large","max-video-preview":"max-video-preview:-1"},"canonical":"https:\/\/bbqentertainment.com\/toode\/toidukile-loikuriga-karbis-44-cm-x-300-m-poluetuleen\/","og_locale":"en_US","og_type":"article","og_title":"TOIDUKILE l\u00f5ikuriga suures karbis 44 cm x 300 m (Pol\u00fcet\u00fcleen) - BBQ Entertainment","og_description":"TOIDUKILE l\u00f5ikuriga suures karbis 44 cm x 300 m (Pol\u00fcet\u00fcleen)   Valmistatud polyethylene\u2019ist \u2013 ilma kahjulike lisanditeta.  Meie pol\u00fcet\u00fcleen (PE) toidukile on ohutu, tugev ja puhtam alternatiiv PVC-kilele.  Ei sisalda PVC-d ega ftalaate, ei anna toidule maitset ega l\u00f5hna. Sobib otsekontakti toiduga.  Madalam keskkonnakoormus tootmisel. Taaskasutatav (LDPE, \u267b\ufe0f 4). Ei ole biolagunev, kuid on \u00fcks k\u00f5ige keskkonnas\u00f5bralikumaid plastkilesid.  See kleepub ja venib h\u00e4sti, hoiab toidu v\u00e4rske ning sobib nii k\u00fclmikusse kui s\u00fcgavk\u00fclma.  Sobib nii koju kui profikasutusse st restoranidele.  Ideaalne liha, kala, k\u00f6\u00f6giviljade ja marinaadide jaoks","og_url":"https:\/\/bbqentertainment.com\/toode\/toidukile-loikuriga-karbis-44-cm-x-300-m-poluetuleen\/","og_site_name":"BBQ Entertainment","article_publisher":"https:\/\/www.facebook.com\/BBQ-Entertainment-N-Catering-2437913376443540","article_modified_time":"2026-03-13T10:20:09+00:00","og_image":[{"width":1200,"height":1200,"url":"https:\/\/bbqentertainment.com\/wp-content\/uploads\/2026\/01\/TOIDUKILE-loikuriga-karbis-44-cm-x-300-m-Poluetuleen-PE-EAN-4745010675294-.jpg","type":"image\/jpeg"}],"twitter_card":"summary_large_image","twitter_misc":{"Est. reading time":"1 minute"},"schema":{"@context":"https:\/\/schema.org","@graph":[{"@type":["WebPage","ItemPage"],"@id":"https:\/\/bbqentertainment.com\/toode\/toidukile-loikuriga-karbis-44-cm-x-300-m-poluetuleen\/","url":"https:\/\/bbqentertainment.com\/toode\/toidukile-loikuriga-karbis-44-cm-x-300-m-poluetuleen\/","name":"TOIDUKILE l\u00f5ikuriga suures karbis 44 cm x 300 m (Pol\u00fcet\u00fcleen) - BBQ Entertainment","isPartOf":{"@id":"https:\/\/bbqentertainment.com\/#website"},"primaryImageOfPage":{"@id":"https:\/\/bbqentertainment.com\/toode\/toidukile-loikuriga-karbis-44-cm-x-300-m-poluetuleen\/#primaryimage"},"image":{"@id":"https:\/\/bbqentertainment.com\/toode\/toidukile-loikuriga-karbis-44-cm-x-300-m-poluetuleen\/#primaryimage"},"thumbnailUrl":"https:\/\/bbqentertainment.com\/wp-content\/uploads\/2026\/01\/TOIDUKILE-loikuriga-karbis-44-cm-x-300-m-Poluetuleen-PE-EAN-4745010675294-.jpg","datePublished":"2026-01-26T07:58:47+00:00","dateModified":"2026-03-13T10:20:09+00:00","breadcrumb":{"@id":"https:\/\/bbqentertainment.com\/toode\/toidukile-loikuriga-karbis-44-cm-x-300-m-poluetuleen\/#breadcrumb"},"inLanguage":"en-US","potentialAction":[{"@type":"ReadAction","target":["https:\/\/bbqentertainment.com\/toode\/toidukile-loikuriga-karbis-44-cm-x-300-m-poluetuleen\/"]}]},{"@type":"ImageObject","inLanguage":"en-US","@id":"https:\/\/bbqentertainment.com\/toode\/toidukile-loikuriga-karbis-44-cm-x-300-m-poluetuleen\/#primaryimage","url":"https:\/\/bbqentertainment.com\/wp-content\/uploads\/2026\/01\/TOIDUKILE-loikuriga-karbis-44-cm-x-300-m-Poluetuleen-PE-EAN-4745010675294-.jpg","contentUrl":"https:\/\/bbqentertainment.com\/wp-content\/uploads\/2026\/01\/TOIDUKILE-loikuriga-karbis-44-cm-x-300-m-Poluetuleen-PE-EAN-4745010675294-.jpg","width":1200,"height":1200},{"@type":"BreadcrumbList","@id":"https:\/\/bbqentertainment.com\/toode\/toidukile-loikuriga-karbis-44-cm-x-300-m-poluetuleen\/#breadcrumb","itemListElement":[{"@type":"ListItem","position":1,"name":"AVALEHT","item":"https:\/\/bbqentertainment.com\/en\/"},{"@type":"ListItem","position":2,"name":"Tooted","item":"https:\/\/bbqentertainment.com\/tooted\/"},{"@type":"ListItem","position":3,"name":"Lisatarvikud","item":"https:\/\/bbqentertainment.com\/tootekategooria\/lisatarvikud\/"},{"@type":"ListItem","position":4,"name":"Foolium, lihapaber, l\u00f5ikelaud","item":"https:\/\/bbqentertainment.com\/tootekategooria\/lisatarvikud\/foolium-ja-toidukile\/"},{"@type":"ListItem","position":5,"name":"TOIDUKILE l\u00f5ikuriga suures karbis 44 cm x 300 m (Pol\u00fcet\u00fcleen)"}]},{"@type":"WebSite","@id":"https:\/\/bbqentertainment.com\/#website","url":"https:\/\/bbqentertainment.com\/","name":"BBQ Entertainment","description":"BBQ is a great lifestyle, not just fun!","publisher":{"@id":"https:\/\/bbqentertainment.com\/#organization"},"potentialAction":[{"@type":"SearchAction","target":{"@type":"EntryPoint","urlTemplate":"https:\/\/bbqentertainment.com\/?s={search_term_string}"},"query-input":{"@type":"PropertyValueSpecification","valueRequired":true,"valueName":"search_term_string"}}],"inLanguage":"en-US"},{"@type":"Organization","@id":"https:\/\/bbqentertainment.com\/#organization","name":"BBQ Entertainment O\u00dc","url":"https:\/\/bbqentertainment.com\/","logo":{"@type":"ImageObject","inLanguage":"en-US","@id":"https:\/\/bbqentertainment.com\/#\/schema\/logo\/image\/","url":"https:\/\/bbqentertainment.com\/wp-content\/uploads\/2020\/04\/BBQ-Entertainment-N-Catering-Enn-Tobreluts-Logo.png","contentUrl":"https:\/\/bbqentertainment.com\/wp-content\/uploads\/2020\/04\/BBQ-Entertainment-N-Catering-Enn-Tobreluts-Logo.png","width":628,"height":266,"caption":"BBQ Entertainment O\u00dc"},"image":{"@id":"https:\/\/bbqentertainment.com\/#\/schema\/logo\/image\/"},"sameAs":["https:\/\/www.facebook.com\/BBQ-Entertainment-N-Catering-2437913376443540","https:\/\/www.instagram.com\/bbqentertainmentncatering\/","https:\/\/www.youtube.com\/channel\/UCmpuANQVhLy2Md8nrenp2jA"]}]}},"_links":{"self":[{"href":"https:\/\/bbqentertainment.com\/en\/wp-json\/wp\/v2\/product\/257142","targetHints":{"allow":["GET"]}}],"collection":[{"href":"https:\/\/bbqentertainment.com\/en\/wp-json\/wp\/v2\/product"}],"about":[{"href":"https:\/\/bbqentertainment.com\/en\/wp-json\/wp\/v2\/types\/product"}],"wp:featuredmedia":[{"embeddable":true,"href":"https:\/\/bbqentertainment.com\/en\/wp-json\/wp\/v2\/media\/257144"}],"wp:attachment":[{"href":"https:\/\/bbqentertainment.com\/en\/wp-json\/wp\/v2\/media?parent=257142"}],"wp:term":[{"taxonomy":"product_brand","embeddable":true,"href":"https:\/\/bbqentertainment.com\/en\/wp-json\/wp\/v2\/product_brand?post=257142"},{"taxonomy":"product_cat","embeddable":true,"href":"https:\/\/bbqentertainment.com\/en\/wp-json\/wp\/v2\/product_cat?post=257142"},{"taxonomy":"product_tag","embeddable":true,"href":"https:\/\/bbqentertainment.com\/en\/wp-json\/wp\/v2\/product_tag?post=257142"}],"curies":[{"name":"wp","href":"https:\/\/api.w.org\/{rel}","templated":true}]}}