{"id":257180,"date":"2026-01-29T14:56:11","date_gmt":"2026-01-29T12:56:11","guid":{"rendered":"https:\/\/bbqentertainment.com\/?post_type=product&#038;p=257180"},"modified":"2026-03-25T22:08:11","modified_gmt":"2026-03-25T20:08:11","slug":"the-ultimate-buffalo-sauce-buffalo-kaste-250-g","status":"publish","type":"product","link":"https:\/\/bbqentertainment.com\/en\/toode\/the-ultimate-buffalo-sauce-buffalo-kaste-250-g\/","title":{"rendered":"The Ultimate BUFFALO Sauce \/ Buffalo kaste 250 g"},"content":{"rendered":"","protected":false},"excerpt":{"rendered":"<h3 class=\"p1\"><b>The Ultimate BUFFALO Sauce \/ Buffalo kaste 250 g<\/b><\/h3>\n<p>The Ultimate Sauce sari on v\u00e4lja t\u00f6\u00f6tatud BBQ Entertainment O\u00dc grillmeistri Enn Tobrelutsu poolt, et pakkuda klassikalise Buffalo stiiliga v\u00fcrtsikat kastet, mis toimib eriti h\u00e4sti kanaroogadega. Buffalo kaste on oran\u017eikas, selge ja l\u00e4ikiva tekstuuriga, tasakaalus v\u00fcrtsikuse ja happesusega.<\/p>\n<p>Kasutamine:<\/p>\n<ul>\n<li>klassikaliste Buffalo kanatiibade ja -kintsude glasuurimine<\/li>\n<li>kanaribade, kanaburgerite ja muude kanaroogade maitsestamine<\/li>\n<li>sealiha ja muude grillroogade glasuurimiseks, kui soovid v\u00fcrtsikamat tulemust<\/li>\n<li>dipikastmena juurviljapulkade, friikartuli ja lihasuupistete k\u00f5rval<\/li>\n<li>niisama kastmeks toidu k\u00f5rvale<\/li>\n<\/ul>\n<p><strong>Toitumisalane teave<\/strong> Toitumisalane teave 100 g kohta: energiasisaldus 183 kcal, rasvad 16,2 g, millest k\u00fcllastunud rasvhapped 1,0 g, s\u00fcsivesikud 7,0 g, millest suhkrud 3,7 g, valgud 0,9 g ja sool 3,1 g. S\u00e4ilitada toatemperatuuril, ilma otsese p\u00e4ikesevalguseta.<\/p>\n","protected":false},"featured_media":257175,"template":"","meta":{"inline_featured_image":false},"product_brand":[],"product_cat":[28,581,30],"product_tag":[],"class_list":{"0":"post-257180","1":"product","2":"type-product","3":"status-publish","4":"has-post-thumbnail","6":"product_cat-maitseandjad","7":"product_cat-bbq-kastmed","8":"product_cat-bbq-rub","10":"first","11":"instock","12":"taxable","13":"shipping-taxable","14":"purchasable","15":"product-type-simple"},"yoast_head":"<!-- This site is optimized with the Yoast SEO plugin v27.2 - https:\/\/yoast.com\/product\/yoast-seo-wordpress\/ -->\n<title>The Ultimate BUFFALO Sauce \/ Buffalo kaste 250 g - BBQ Entertainment<\/title>\n<meta name=\"robots\" content=\"index, follow, max-snippet:-1, max-image-preview:large, max-video-preview:-1\" \/>\n<link rel=\"canonical\" href=\"https:\/\/bbqentertainment.com\/toode\/the-ultimate-buffalo-sauce-buffalo-kaste-250-g\/\" \/>\n<meta property=\"og:locale\" content=\"en_US\" \/>\n<meta property=\"og:type\" content=\"article\" \/>\n<meta property=\"og:title\" content=\"The Ultimate BUFFALO Sauce \/ Buffalo kaste 250 g - BBQ Entertainment\" \/>\n<meta property=\"og:description\" content=\"The Ultimate BUFFALO Sauce \/ Buffalo kaste 250 g The Ultimate Sauce sari on v\u00e4lja t\u00f6\u00f6tatud BBQ Entertainment O\u00dc grillmeistri Enn Tobrelutsu poolt, et pakkuda klassikalise Buffalo stiiliga v\u00fcrtsikat kastet, mis toimib eriti h\u00e4sti kanaroogadega. Buffalo kaste on oran\u017eikas, selge ja l\u00e4ikiva tekstuuriga, tasakaalus v\u00fcrtsikuse ja happesusega.  Kasutamine:   klassikaliste Buffalo kanatiibade ja -kintsude glasuurimine  kanaribade, kanaburgerite ja muude kanaroogade maitsestamine  sealiha ja muude grillroogade glasuurimiseks, kui soovid v\u00fcrtsikamat tulemust  dipikastmena juurviljapulkade, friikartuli ja lihasuupistete k\u00f5rval  niisama kastmeks toidu k\u00f5rvale  Toitumisalane teave Toitumisalane teave 100 g kohta: energiasisaldus 183 kcal, rasvad 16,2 g, millest k\u00fcllastunud rasvhapped 1,0 g, s\u00fcsivesikud 7,0 g, millest suhkrud 3,7 g, valgud 0,9 g ja sool 3,1 g. S\u00e4ilitada toatemperatuuril, ilma otsese p\u00e4ikesevalguseta.\" \/>\n<meta property=\"og:url\" content=\"https:\/\/bbqentertainment.com\/toode\/the-ultimate-buffalo-sauce-buffalo-kaste-250-g\/\" \/>\n<meta property=\"og:site_name\" content=\"BBQ Entertainment\" \/>\n<meta property=\"article:publisher\" content=\"https:\/\/www.facebook.com\/BBQ-Entertainment-N-Catering-2437913376443540\" \/>\n<meta property=\"article:modified_time\" content=\"2026-03-25T20:08:11+00:00\" \/>\n<meta property=\"og:image\" content=\"https:\/\/bbqentertainment.com\/wp-content\/uploads\/2026\/01\/4745010675201-BBQ-Entertainment-The-Ultimate-BUFFALO-Sauce-Buffalo-kaste-250g-2.jpg\" \/>\n\t<meta property=\"og:image:width\" content=\"1200\" \/>\n\t<meta property=\"og:image:height\" content=\"1200\" \/>\n\t<meta property=\"og:image:type\" content=\"image\/jpeg\" \/>\n<meta name=\"twitter:card\" content=\"summary_large_image\" \/>\n<meta name=\"twitter:label1\" content=\"Est. reading time\" \/>\n\t<meta name=\"twitter:data1\" content=\"1 minute\" \/>\n<script type=\"application\/ld+json\" class=\"yoast-schema-graph\">{\"@context\":\"https:\/\/schema.org\",\"@graph\":[{\"@type\":[\"WebPage\",\"ItemPage\"],\"@id\":\"https:\/\/bbqentertainment.com\/toode\/the-ultimate-buffalo-sauce-buffalo-kaste-250-g\/\",\"url\":\"https:\/\/bbqentertainment.com\/toode\/the-ultimate-buffalo-sauce-buffalo-kaste-250-g\/\",\"name\":\"The Ultimate BUFFALO Sauce \/ Buffalo kaste 250 g - BBQ Entertainment\",\"isPartOf\":{\"@id\":\"https:\/\/bbqentertainment.com\/#website\"},\"primaryImageOfPage\":{\"@id\":\"https:\/\/bbqentertainment.com\/toode\/the-ultimate-buffalo-sauce-buffalo-kaste-250-g\/#primaryimage\"},\"image\":{\"@id\":\"https:\/\/bbqentertainment.com\/toode\/the-ultimate-buffalo-sauce-buffalo-kaste-250-g\/#primaryimage\"},\"thumbnailUrl\":\"https:\/\/bbqentertainment.com\/wp-content\/uploads\/2026\/01\/4745010675201-BBQ-Entertainment-The-Ultimate-BUFFALO-Sauce-Buffalo-kaste-250g-2.jpg\",\"datePublished\":\"2026-01-29T12:56:11+00:00\",\"dateModified\":\"2026-03-25T20:08:11+00:00\",\"breadcrumb\":{\"@id\":\"https:\/\/bbqentertainment.com\/toode\/the-ultimate-buffalo-sauce-buffalo-kaste-250-g\/#breadcrumb\"},\"inLanguage\":\"en-US\",\"potentialAction\":[{\"@type\":\"ReadAction\",\"target\":[\"https:\/\/bbqentertainment.com\/toode\/the-ultimate-buffalo-sauce-buffalo-kaste-250-g\/\"]}]},{\"@type\":\"ImageObject\",\"inLanguage\":\"en-US\",\"@id\":\"https:\/\/bbqentertainment.com\/toode\/the-ultimate-buffalo-sauce-buffalo-kaste-250-g\/#primaryimage\",\"url\":\"https:\/\/bbqentertainment.com\/wp-content\/uploads\/2026\/01\/4745010675201-BBQ-Entertainment-The-Ultimate-BUFFALO-Sauce-Buffalo-kaste-250g-2.jpg\",\"contentUrl\":\"https:\/\/bbqentertainment.com\/wp-content\/uploads\/2026\/01\/4745010675201-BBQ-Entertainment-The-Ultimate-BUFFALO-Sauce-Buffalo-kaste-250g-2.jpg\",\"width\":1200,\"height\":1200},{\"@type\":\"BreadcrumbList\",\"@id\":\"https:\/\/bbqentertainment.com\/toode\/the-ultimate-buffalo-sauce-buffalo-kaste-250-g\/#breadcrumb\",\"itemListElement\":[{\"@type\":\"ListItem\",\"position\":1,\"name\":\"AVALEHT\",\"item\":\"https:\/\/bbqentertainment.com\/en\/\"},{\"@type\":\"ListItem\",\"position\":2,\"name\":\"Tooted\",\"item\":\"https:\/\/bbqentertainment.com\/tooted\/\"},{\"@type\":\"ListItem\",\"position\":3,\"name\":\"Maitseandjad\",\"item\":\"https:\/\/bbqentertainment.com\/en\/tootekategooria\/maitseandjad\/\"},{\"@type\":\"ListItem\",\"position\":4,\"name\":\"BBQ RUB\",\"item\":\"https:\/\/bbqentertainment.com\/tootekategooria\/maitseandjad\/bbq-rub\/\"},{\"@type\":\"ListItem\",\"position\":5,\"name\":\"The Ultimate BUFFALO Sauce \/ Buffalo kaste 250 g\"}]},{\"@type\":\"WebSite\",\"@id\":\"https:\/\/bbqentertainment.com\/#website\",\"url\":\"https:\/\/bbqentertainment.com\/\",\"name\":\"BBQ Entertainment\",\"description\":\"BBQ is a great lifestyle, not just fun!\",\"publisher\":{\"@id\":\"https:\/\/bbqentertainment.com\/#organization\"},\"potentialAction\":[{\"@type\":\"SearchAction\",\"target\":{\"@type\":\"EntryPoint\",\"urlTemplate\":\"https:\/\/bbqentertainment.com\/?s={search_term_string}\"},\"query-input\":{\"@type\":\"PropertyValueSpecification\",\"valueRequired\":true,\"valueName\":\"search_term_string\"}}],\"inLanguage\":\"en-US\"},{\"@type\":\"Organization\",\"@id\":\"https:\/\/bbqentertainment.com\/#organization\",\"name\":\"BBQ Entertainment O\u00dc\",\"url\":\"https:\/\/bbqentertainment.com\/\",\"logo\":{\"@type\":\"ImageObject\",\"inLanguage\":\"en-US\",\"@id\":\"https:\/\/bbqentertainment.com\/#\/schema\/logo\/image\/\",\"url\":\"https:\/\/bbqentertainment.com\/wp-content\/uploads\/2020\/04\/BBQ-Entertainment-N-Catering-Enn-Tobreluts-Logo.png\",\"contentUrl\":\"https:\/\/bbqentertainment.com\/wp-content\/uploads\/2020\/04\/BBQ-Entertainment-N-Catering-Enn-Tobreluts-Logo.png\",\"width\":628,\"height\":266,\"caption\":\"BBQ Entertainment O\u00dc\"},\"image\":{\"@id\":\"https:\/\/bbqentertainment.com\/#\/schema\/logo\/image\/\"},\"sameAs\":[\"https:\/\/www.facebook.com\/BBQ-Entertainment-N-Catering-2437913376443540\",\"https:\/\/www.instagram.com\/bbqentertainmentncatering\/\",\"https:\/\/www.youtube.com\/channel\/UCmpuANQVhLy2Md8nrenp2jA\"]}]}<\/script>\n<!-- \/ Yoast SEO plugin. -->","yoast_head_json":{"title":"The Ultimate BUFFALO Sauce \/ Buffalo kaste 250 g - BBQ Entertainment","robots":{"index":"index","follow":"follow","max-snippet":"max-snippet:-1","max-image-preview":"max-image-preview:large","max-video-preview":"max-video-preview:-1"},"canonical":"https:\/\/bbqentertainment.com\/toode\/the-ultimate-buffalo-sauce-buffalo-kaste-250-g\/","og_locale":"en_US","og_type":"article","og_title":"The Ultimate BUFFALO Sauce \/ Buffalo kaste 250 g - BBQ Entertainment","og_description":"The Ultimate BUFFALO Sauce \/ Buffalo kaste 250 g The Ultimate Sauce sari on v\u00e4lja t\u00f6\u00f6tatud BBQ Entertainment O\u00dc grillmeistri Enn Tobrelutsu poolt, et pakkuda klassikalise Buffalo stiiliga v\u00fcrtsikat kastet, mis toimib eriti h\u00e4sti kanaroogadega. Buffalo kaste on oran\u017eikas, selge ja l\u00e4ikiva tekstuuriga, tasakaalus v\u00fcrtsikuse ja happesusega.  Kasutamine:   klassikaliste Buffalo kanatiibade ja -kintsude glasuurimine  kanaribade, kanaburgerite ja muude kanaroogade maitsestamine  sealiha ja muude grillroogade glasuurimiseks, kui soovid v\u00fcrtsikamat tulemust  dipikastmena juurviljapulkade, friikartuli ja lihasuupistete k\u00f5rval  niisama kastmeks toidu k\u00f5rvale  Toitumisalane teave Toitumisalane teave 100 g kohta: energiasisaldus 183 kcal, rasvad 16,2 g, millest k\u00fcllastunud rasvhapped 1,0 g, s\u00fcsivesikud 7,0 g, millest suhkrud 3,7 g, valgud 0,9 g ja sool 3,1 g. S\u00e4ilitada toatemperatuuril, ilma otsese p\u00e4ikesevalguseta.","og_url":"https:\/\/bbqentertainment.com\/toode\/the-ultimate-buffalo-sauce-buffalo-kaste-250-g\/","og_site_name":"BBQ Entertainment","article_publisher":"https:\/\/www.facebook.com\/BBQ-Entertainment-N-Catering-2437913376443540","article_modified_time":"2026-03-25T20:08:11+00:00","og_image":[{"width":1200,"height":1200,"url":"https:\/\/bbqentertainment.com\/wp-content\/uploads\/2026\/01\/4745010675201-BBQ-Entertainment-The-Ultimate-BUFFALO-Sauce-Buffalo-kaste-250g-2.jpg","type":"image\/jpeg"}],"twitter_card":"summary_large_image","twitter_misc":{"Est. reading time":"1 minute"},"schema":{"@context":"https:\/\/schema.org","@graph":[{"@type":["WebPage","ItemPage"],"@id":"https:\/\/bbqentertainment.com\/toode\/the-ultimate-buffalo-sauce-buffalo-kaste-250-g\/","url":"https:\/\/bbqentertainment.com\/toode\/the-ultimate-buffalo-sauce-buffalo-kaste-250-g\/","name":"The Ultimate BUFFALO Sauce \/ Buffalo kaste 250 g - BBQ Entertainment","isPartOf":{"@id":"https:\/\/bbqentertainment.com\/#website"},"primaryImageOfPage":{"@id":"https:\/\/bbqentertainment.com\/toode\/the-ultimate-buffalo-sauce-buffalo-kaste-250-g\/#primaryimage"},"image":{"@id":"https:\/\/bbqentertainment.com\/toode\/the-ultimate-buffalo-sauce-buffalo-kaste-250-g\/#primaryimage"},"thumbnailUrl":"https:\/\/bbqentertainment.com\/wp-content\/uploads\/2026\/01\/4745010675201-BBQ-Entertainment-The-Ultimate-BUFFALO-Sauce-Buffalo-kaste-250g-2.jpg","datePublished":"2026-01-29T12:56:11+00:00","dateModified":"2026-03-25T20:08:11+00:00","breadcrumb":{"@id":"https:\/\/bbqentertainment.com\/toode\/the-ultimate-buffalo-sauce-buffalo-kaste-250-g\/#breadcrumb"},"inLanguage":"en-US","potentialAction":[{"@type":"ReadAction","target":["https:\/\/bbqentertainment.com\/toode\/the-ultimate-buffalo-sauce-buffalo-kaste-250-g\/"]}]},{"@type":"ImageObject","inLanguage":"en-US","@id":"https:\/\/bbqentertainment.com\/toode\/the-ultimate-buffalo-sauce-buffalo-kaste-250-g\/#primaryimage","url":"https:\/\/bbqentertainment.com\/wp-content\/uploads\/2026\/01\/4745010675201-BBQ-Entertainment-The-Ultimate-BUFFALO-Sauce-Buffalo-kaste-250g-2.jpg","contentUrl":"https:\/\/bbqentertainment.com\/wp-content\/uploads\/2026\/01\/4745010675201-BBQ-Entertainment-The-Ultimate-BUFFALO-Sauce-Buffalo-kaste-250g-2.jpg","width":1200,"height":1200},{"@type":"BreadcrumbList","@id":"https:\/\/bbqentertainment.com\/toode\/the-ultimate-buffalo-sauce-buffalo-kaste-250-g\/#breadcrumb","itemListElement":[{"@type":"ListItem","position":1,"name":"AVALEHT","item":"https:\/\/bbqentertainment.com\/en\/"},{"@type":"ListItem","position":2,"name":"Tooted","item":"https:\/\/bbqentertainment.com\/tooted\/"},{"@type":"ListItem","position":3,"name":"Maitseandjad","item":"https:\/\/bbqentertainment.com\/en\/tootekategooria\/maitseandjad\/"},{"@type":"ListItem","position":4,"name":"BBQ RUB","item":"https:\/\/bbqentertainment.com\/tootekategooria\/maitseandjad\/bbq-rub\/"},{"@type":"ListItem","position":5,"name":"The Ultimate BUFFALO Sauce \/ Buffalo kaste 250 g"}]},{"@type":"WebSite","@id":"https:\/\/bbqentertainment.com\/#website","url":"https:\/\/bbqentertainment.com\/","name":"BBQ Entertainment","description":"BBQ is a great lifestyle, not just fun!","publisher":{"@id":"https:\/\/bbqentertainment.com\/#organization"},"potentialAction":[{"@type":"SearchAction","target":{"@type":"EntryPoint","urlTemplate":"https:\/\/bbqentertainment.com\/?s={search_term_string}"},"query-input":{"@type":"PropertyValueSpecification","valueRequired":true,"valueName":"search_term_string"}}],"inLanguage":"en-US"},{"@type":"Organization","@id":"https:\/\/bbqentertainment.com\/#organization","name":"BBQ Entertainment O\u00dc","url":"https:\/\/bbqentertainment.com\/","logo":{"@type":"ImageObject","inLanguage":"en-US","@id":"https:\/\/bbqentertainment.com\/#\/schema\/logo\/image\/","url":"https:\/\/bbqentertainment.com\/wp-content\/uploads\/2020\/04\/BBQ-Entertainment-N-Catering-Enn-Tobreluts-Logo.png","contentUrl":"https:\/\/bbqentertainment.com\/wp-content\/uploads\/2020\/04\/BBQ-Entertainment-N-Catering-Enn-Tobreluts-Logo.png","width":628,"height":266,"caption":"BBQ Entertainment O\u00dc"},"image":{"@id":"https:\/\/bbqentertainment.com\/#\/schema\/logo\/image\/"},"sameAs":["https:\/\/www.facebook.com\/BBQ-Entertainment-N-Catering-2437913376443540","https:\/\/www.instagram.com\/bbqentertainmentncatering\/","https:\/\/www.youtube.com\/channel\/UCmpuANQVhLy2Md8nrenp2jA"]}]}},"_links":{"self":[{"href":"https:\/\/bbqentertainment.com\/en\/wp-json\/wp\/v2\/product\/257180","targetHints":{"allow":["GET"]}}],"collection":[{"href":"https:\/\/bbqentertainment.com\/en\/wp-json\/wp\/v2\/product"}],"about":[{"href":"https:\/\/bbqentertainment.com\/en\/wp-json\/wp\/v2\/types\/product"}],"wp:featuredmedia":[{"embeddable":true,"href":"https:\/\/bbqentertainment.com\/en\/wp-json\/wp\/v2\/media\/257175"}],"wp:attachment":[{"href":"https:\/\/bbqentertainment.com\/en\/wp-json\/wp\/v2\/media?parent=257180"}],"wp:term":[{"taxonomy":"product_brand","embeddable":true,"href":"https:\/\/bbqentertainment.com\/en\/wp-json\/wp\/v2\/product_brand?post=257180"},{"taxonomy":"product_cat","embeddable":true,"href":"https:\/\/bbqentertainment.com\/en\/wp-json\/wp\/v2\/product_cat?post=257180"},{"taxonomy":"product_tag","embeddable":true,"href":"https:\/\/bbqentertainment.com\/en\/wp-json\/wp\/v2\/product_tag?post=257180"}],"curies":[{"name":"wp","href":"https:\/\/api.w.org\/{rel}","templated":true}]}}