{"id":257202,"date":"2026-02-02T16:25:16","date_gmt":"2026-02-02T14:25:16","guid":{"rendered":"https:\/\/bbqentertainment.com\/?post_type=product&#038;p=257202"},"modified":"2026-02-02T16:31:42","modified_gmt":"2026-02-02T14:31:42","slug":"yeti-termospudel-rambler-bottle-pudelikork","status":"publish","type":"product","link":"https:\/\/bbqentertainment.com\/en\/toode\/yeti-termospudel-rambler-bottle-pudelikork\/","title":{"rendered":"YETI termospudel Rambler Bottle pudelikork"},"content":{"rendered":"","protected":false},"excerpt":{"rendered":"<h3>YETI termospudel Rambler Bottle pudelikork<\/h3>\n<p>Avasta YETI Rambler\u00ae Chug Cap Black, mis lubab sul janu kiiresti kustutada. See innovaatiline kork sobib k\u00f5igile Rambler\u00ae veepudelitele, pakkudes mugavat ja kiiret v\u00f5imalust oma joogikoguse nautimiseks.<\/p>\n<p><strong>P\u00f5hiomadused:<\/strong><br \/>\n&#8211; 100% lekkekindel<br \/>\n&#8211; Lihtne kaasas kanda<br \/>\n&#8211; N\u00f5udepesumasinas pestav<\/p>\n<p>Kerge avada t\u00e4nu TripleHaul\u2122 k\u00e4epidemele, mis v\u00f5imaldab vedeliku kiiret valamist. Klassikaline tila tagab kiire lonksamise ning m\u00fcts on purunemiskindel, jagades YETI kvaliteeti k\u00f5igi teiste Rambler tarvikutega. Kuigi s\u00f5brad ei pea &#8216;chug&#8217; h\u00fc\u00fcdma, kui Chug Capi kaudu jood, lisab see kindlasti l\u00f5bu!<\/p>\n<p>NB: Ei soovitata kasutada gaseeritud jookide, toidu v\u00f5i keeva ja temperatuurilt \u00fcle 85\u00b0C vedelike hoiustamiseks.<\/p>\n<p>T\u00e4ienda oma joogikogemust selle kvaliteetse pudelikorgiga ja naudi iga lonksu.<\/p>\n","protected":false},"featured_media":257218,"template":"","meta":{"inline_featured_image":false},"product_brand":[],"product_cat":[574],"product_tag":[],"class_list":{"0":"post-257202","1":"product","2":"type-product","3":"status-publish","4":"has-post-thumbnail","6":"product_cat-yeti-kulmakastid-ja-joogipudelid","8":"first","9":"instock","10":"taxable","11":"shipping-taxable","12":"purchasable","13":"product-type-simple"},"yoast_head":"<!-- This site is optimized with the Yoast SEO plugin v27.4 - https:\/\/yoast.com\/product\/yoast-seo-wordpress\/ -->\n<title>YETI termospudel Rambler Bottle pudelikork - BBQ Entertainment<\/title>\n<meta name=\"robots\" content=\"index, follow, max-snippet:-1, max-image-preview:large, max-video-preview:-1\" \/>\n<link rel=\"canonical\" href=\"https:\/\/bbqentertainment.com\/toode\/yeti-termospudel-rambler-bottle-pudelikork\/\" \/>\n<meta property=\"og:locale\" content=\"en_US\" \/>\n<meta property=\"og:type\" content=\"article\" \/>\n<meta property=\"og:title\" content=\"YETI termospudel Rambler Bottle pudelikork - BBQ Entertainment\" \/>\n<meta property=\"og:description\" content=\"YETI termospudel Rambler Bottle pudelikork Avasta YETI Rambler\u00ae Chug Cap Black, mis lubab sul janu kiiresti kustutada. See innovaatiline kork sobib k\u00f5igile Rambler\u00ae veepudelitele, pakkudes mugavat ja kiiret v\u00f5imalust oma joogikoguse nautimiseks.  P\u00f5hiomadused: - 100% lekkekindel - Lihtne kaasas kanda - N\u00f5udepesumasinas pestav  Kerge avada t\u00e4nu TripleHaul\u2122 k\u00e4epidemele, mis v\u00f5imaldab vedeliku kiiret valamist. Klassikaline tila tagab kiire lonksamise ning m\u00fcts on purunemiskindel, jagades YETI kvaliteeti k\u00f5igi teiste Rambler tarvikutega. Kuigi s\u00f5brad ei pea &#039;chug&#039; h\u00fc\u00fcdma, kui Chug Capi kaudu jood, lisab see kindlasti l\u00f5bu!  NB: Ei soovitata kasutada gaseeritud jookide, toidu v\u00f5i keeva ja temperatuurilt \u00fcle 85\u00b0C vedelike hoiustamiseks.  T\u00e4ienda oma joogikogemust selle kvaliteetse pudelikorgiga ja naudi iga lonksu.\" \/>\n<meta property=\"og:url\" content=\"https:\/\/bbqentertainment.com\/toode\/yeti-termospudel-rambler-bottle-pudelikork\/\" \/>\n<meta property=\"og:site_name\" content=\"BBQ Entertainment\" \/>\n<meta property=\"article:publisher\" content=\"https:\/\/www.facebook.com\/BBQ-Entertainment-N-Catering-2437913376443540\" \/>\n<meta property=\"article:modified_time\" content=\"2026-02-02T14:31:42+00:00\" \/>\n<meta property=\"og:image\" content=\"https:\/\/bbqentertainment.com\/wp-content\/uploads\/2026\/02\/02_Drinkware-Accessories_Rambler-Bottle-Chug-Cap_Studio_PrimaryB_addfcbda-1374-4c19-9257-c139e144f328.jpg\" \/>\n\t<meta property=\"og:image:width\" content=\"1200\" \/>\n\t<meta property=\"og:image:height\" content=\"1200\" \/>\n\t<meta property=\"og:image:type\" content=\"image\/jpeg\" \/>\n<meta name=\"twitter:card\" content=\"summary_large_image\" \/>\n<meta name=\"twitter:label1\" content=\"Est. reading time\" \/>\n\t<meta name=\"twitter:data1\" content=\"1 minute\" \/>\n<script type=\"application\/ld+json\" class=\"yoast-schema-graph\">{\"@context\":\"https:\\\/\\\/schema.org\",\"@graph\":[{\"@type\":[\"WebPage\",\"ItemPage\"],\"@id\":\"https:\\\/\\\/bbqentertainment.com\\\/toode\\\/yeti-termospudel-rambler-bottle-pudelikork\\\/\",\"url\":\"https:\\\/\\\/bbqentertainment.com\\\/toode\\\/yeti-termospudel-rambler-bottle-pudelikork\\\/\",\"name\":\"YETI termospudel Rambler Bottle pudelikork - BBQ Entertainment\",\"isPartOf\":{\"@id\":\"https:\\\/\\\/bbqentertainment.com\\\/#website\"},\"primaryImageOfPage\":{\"@id\":\"https:\\\/\\\/bbqentertainment.com\\\/toode\\\/yeti-termospudel-rambler-bottle-pudelikork\\\/#primaryimage\"},\"image\":{\"@id\":\"https:\\\/\\\/bbqentertainment.com\\\/toode\\\/yeti-termospudel-rambler-bottle-pudelikork\\\/#primaryimage\"},\"thumbnailUrl\":\"https:\\\/\\\/bbqentertainment.com\\\/wp-content\\\/uploads\\\/2026\\\/02\\\/02_Drinkware-Accessories_Rambler-Bottle-Chug-Cap_Studio_PrimaryB_addfcbda-1374-4c19-9257-c139e144f328.jpg\",\"datePublished\":\"2026-02-02T14:25:16+00:00\",\"dateModified\":\"2026-02-02T14:31:42+00:00\",\"breadcrumb\":{\"@id\":\"https:\\\/\\\/bbqentertainment.com\\\/toode\\\/yeti-termospudel-rambler-bottle-pudelikork\\\/#breadcrumb\"},\"inLanguage\":\"en-US\",\"potentialAction\":[{\"@type\":\"ReadAction\",\"target\":[\"https:\\\/\\\/bbqentertainment.com\\\/toode\\\/yeti-termospudel-rambler-bottle-pudelikork\\\/\"]}]},{\"@type\":\"ImageObject\",\"inLanguage\":\"en-US\",\"@id\":\"https:\\\/\\\/bbqentertainment.com\\\/toode\\\/yeti-termospudel-rambler-bottle-pudelikork\\\/#primaryimage\",\"url\":\"https:\\\/\\\/bbqentertainment.com\\\/wp-content\\\/uploads\\\/2026\\\/02\\\/02_Drinkware-Accessories_Rambler-Bottle-Chug-Cap_Studio_PrimaryB_addfcbda-1374-4c19-9257-c139e144f328.jpg\",\"contentUrl\":\"https:\\\/\\\/bbqentertainment.com\\\/wp-content\\\/uploads\\\/2026\\\/02\\\/02_Drinkware-Accessories_Rambler-Bottle-Chug-Cap_Studio_PrimaryB_addfcbda-1374-4c19-9257-c139e144f328.jpg\",\"width\":1200,\"height\":1200},{\"@type\":\"BreadcrumbList\",\"@id\":\"https:\\\/\\\/bbqentertainment.com\\\/toode\\\/yeti-termospudel-rambler-bottle-pudelikork\\\/#breadcrumb\",\"itemListElement\":[{\"@type\":\"ListItem\",\"position\":1,\"name\":\"AVALEHT\",\"item\":\"https:\\\/\\\/bbqentertainment.com\\\/en\\\/\"},{\"@type\":\"ListItem\",\"position\":2,\"name\":\"Tooted\",\"item\":\"https:\\\/\\\/bbqentertainment.com\\\/tooted\\\/\"},{\"@type\":\"ListItem\",\"position\":3,\"name\":\"Muud tooted\",\"item\":\"https:\\\/\\\/bbqentertainment.com\\\/tootekategooria\\\/muud-tooted\\\/\"},{\"@type\":\"ListItem\",\"position\":4,\"name\":\"YETI k\u00fclmakastid ja joogipudelid\",\"item\":\"https:\\\/\\\/bbqentertainment.com\\\/tootekategooria\\\/muud-tooted\\\/yeti-kulmakastid-ja-joogipudelid\\\/\"},{\"@type\":\"ListItem\",\"position\":5,\"name\":\"YETI termospudel Rambler Bottle pudelikork\"}]},{\"@type\":\"WebSite\",\"@id\":\"https:\\\/\\\/bbqentertainment.com\\\/#website\",\"url\":\"https:\\\/\\\/bbqentertainment.com\\\/\",\"name\":\"BBQ Entertainment\",\"description\":\"BBQ is a great lifestyle, not just fun!\",\"publisher\":{\"@id\":\"https:\\\/\\\/bbqentertainment.com\\\/#organization\"},\"potentialAction\":[{\"@type\":\"SearchAction\",\"target\":{\"@type\":\"EntryPoint\",\"urlTemplate\":\"https:\\\/\\\/bbqentertainment.com\\\/?s={search_term_string}\"},\"query-input\":{\"@type\":\"PropertyValueSpecification\",\"valueRequired\":true,\"valueName\":\"search_term_string\"}}],\"inLanguage\":\"en-US\"},{\"@type\":\"Organization\",\"@id\":\"https:\\\/\\\/bbqentertainment.com\\\/#organization\",\"name\":\"BBQ Entertainment O\u00dc\",\"url\":\"https:\\\/\\\/bbqentertainment.com\\\/\",\"logo\":{\"@type\":\"ImageObject\",\"inLanguage\":\"en-US\",\"@id\":\"https:\\\/\\\/bbqentertainment.com\\\/#\\\/schema\\\/logo\\\/image\\\/\",\"url\":\"https:\\\/\\\/bbqentertainment.com\\\/wp-content\\\/uploads\\\/2020\\\/04\\\/BBQ-Entertainment-N-Catering-Enn-Tobreluts-Logo.png\",\"contentUrl\":\"https:\\\/\\\/bbqentertainment.com\\\/wp-content\\\/uploads\\\/2020\\\/04\\\/BBQ-Entertainment-N-Catering-Enn-Tobreluts-Logo.png\",\"width\":628,\"height\":266,\"caption\":\"BBQ Entertainment O\u00dc\"},\"image\":{\"@id\":\"https:\\\/\\\/bbqentertainment.com\\\/#\\\/schema\\\/logo\\\/image\\\/\"},\"sameAs\":[\"https:\\\/\\\/www.facebook.com\\\/BBQ-Entertainment-N-Catering-2437913376443540\",\"https:\\\/\\\/www.instagram.com\\\/bbqentertainmentncatering\\\/\",\"https:\\\/\\\/www.youtube.com\\\/channel\\\/UCmpuANQVhLy2Md8nrenp2jA\"]}]}<\/script>\n<!-- \/ Yoast SEO plugin. -->","yoast_head_json":{"title":"YETI termospudel Rambler Bottle pudelikork - BBQ Entertainment","robots":{"index":"index","follow":"follow","max-snippet":"max-snippet:-1","max-image-preview":"max-image-preview:large","max-video-preview":"max-video-preview:-1"},"canonical":"https:\/\/bbqentertainment.com\/toode\/yeti-termospudel-rambler-bottle-pudelikork\/","og_locale":"en_US","og_type":"article","og_title":"YETI termospudel Rambler Bottle pudelikork - BBQ Entertainment","og_description":"YETI termospudel Rambler Bottle pudelikork Avasta YETI Rambler\u00ae Chug Cap Black, mis lubab sul janu kiiresti kustutada. See innovaatiline kork sobib k\u00f5igile Rambler\u00ae veepudelitele, pakkudes mugavat ja kiiret v\u00f5imalust oma joogikoguse nautimiseks.  P\u00f5hiomadused: - 100% lekkekindel - Lihtne kaasas kanda - N\u00f5udepesumasinas pestav  Kerge avada t\u00e4nu TripleHaul\u2122 k\u00e4epidemele, mis v\u00f5imaldab vedeliku kiiret valamist. Klassikaline tila tagab kiire lonksamise ning m\u00fcts on purunemiskindel, jagades YETI kvaliteeti k\u00f5igi teiste Rambler tarvikutega. Kuigi s\u00f5brad ei pea 'chug' h\u00fc\u00fcdma, kui Chug Capi kaudu jood, lisab see kindlasti l\u00f5bu!  NB: Ei soovitata kasutada gaseeritud jookide, toidu v\u00f5i keeva ja temperatuurilt \u00fcle 85\u00b0C vedelike hoiustamiseks.  T\u00e4ienda oma joogikogemust selle kvaliteetse pudelikorgiga ja naudi iga lonksu.","og_url":"https:\/\/bbqentertainment.com\/toode\/yeti-termospudel-rambler-bottle-pudelikork\/","og_site_name":"BBQ Entertainment","article_publisher":"https:\/\/www.facebook.com\/BBQ-Entertainment-N-Catering-2437913376443540","article_modified_time":"2026-02-02T14:31:42+00:00","og_image":[{"width":1200,"height":1200,"url":"https:\/\/bbqentertainment.com\/wp-content\/uploads\/2026\/02\/02_Drinkware-Accessories_Rambler-Bottle-Chug-Cap_Studio_PrimaryB_addfcbda-1374-4c19-9257-c139e144f328.jpg","type":"image\/jpeg"}],"twitter_card":"summary_large_image","twitter_misc":{"Est. reading time":"1 minute"},"schema":{"@context":"https:\/\/schema.org","@graph":[{"@type":["WebPage","ItemPage"],"@id":"https:\/\/bbqentertainment.com\/toode\/yeti-termospudel-rambler-bottle-pudelikork\/","url":"https:\/\/bbqentertainment.com\/toode\/yeti-termospudel-rambler-bottle-pudelikork\/","name":"YETI termospudel Rambler Bottle pudelikork - BBQ Entertainment","isPartOf":{"@id":"https:\/\/bbqentertainment.com\/#website"},"primaryImageOfPage":{"@id":"https:\/\/bbqentertainment.com\/toode\/yeti-termospudel-rambler-bottle-pudelikork\/#primaryimage"},"image":{"@id":"https:\/\/bbqentertainment.com\/toode\/yeti-termospudel-rambler-bottle-pudelikork\/#primaryimage"},"thumbnailUrl":"https:\/\/bbqentertainment.com\/wp-content\/uploads\/2026\/02\/02_Drinkware-Accessories_Rambler-Bottle-Chug-Cap_Studio_PrimaryB_addfcbda-1374-4c19-9257-c139e144f328.jpg","datePublished":"2026-02-02T14:25:16+00:00","dateModified":"2026-02-02T14:31:42+00:00","breadcrumb":{"@id":"https:\/\/bbqentertainment.com\/toode\/yeti-termospudel-rambler-bottle-pudelikork\/#breadcrumb"},"inLanguage":"en-US","potentialAction":[{"@type":"ReadAction","target":["https:\/\/bbqentertainment.com\/toode\/yeti-termospudel-rambler-bottle-pudelikork\/"]}]},{"@type":"ImageObject","inLanguage":"en-US","@id":"https:\/\/bbqentertainment.com\/toode\/yeti-termospudel-rambler-bottle-pudelikork\/#primaryimage","url":"https:\/\/bbqentertainment.com\/wp-content\/uploads\/2026\/02\/02_Drinkware-Accessories_Rambler-Bottle-Chug-Cap_Studio_PrimaryB_addfcbda-1374-4c19-9257-c139e144f328.jpg","contentUrl":"https:\/\/bbqentertainment.com\/wp-content\/uploads\/2026\/02\/02_Drinkware-Accessories_Rambler-Bottle-Chug-Cap_Studio_PrimaryB_addfcbda-1374-4c19-9257-c139e144f328.jpg","width":1200,"height":1200},{"@type":"BreadcrumbList","@id":"https:\/\/bbqentertainment.com\/toode\/yeti-termospudel-rambler-bottle-pudelikork\/#breadcrumb","itemListElement":[{"@type":"ListItem","position":1,"name":"AVALEHT","item":"https:\/\/bbqentertainment.com\/en\/"},{"@type":"ListItem","position":2,"name":"Tooted","item":"https:\/\/bbqentertainment.com\/tooted\/"},{"@type":"ListItem","position":3,"name":"Muud tooted","item":"https:\/\/bbqentertainment.com\/tootekategooria\/muud-tooted\/"},{"@type":"ListItem","position":4,"name":"YETI k\u00fclmakastid ja joogipudelid","item":"https:\/\/bbqentertainment.com\/tootekategooria\/muud-tooted\/yeti-kulmakastid-ja-joogipudelid\/"},{"@type":"ListItem","position":5,"name":"YETI termospudel Rambler Bottle pudelikork"}]},{"@type":"WebSite","@id":"https:\/\/bbqentertainment.com\/#website","url":"https:\/\/bbqentertainment.com\/","name":"BBQ Entertainment","description":"BBQ is a great lifestyle, not just fun!","publisher":{"@id":"https:\/\/bbqentertainment.com\/#organization"},"potentialAction":[{"@type":"SearchAction","target":{"@type":"EntryPoint","urlTemplate":"https:\/\/bbqentertainment.com\/?s={search_term_string}"},"query-input":{"@type":"PropertyValueSpecification","valueRequired":true,"valueName":"search_term_string"}}],"inLanguage":"en-US"},{"@type":"Organization","@id":"https:\/\/bbqentertainment.com\/#organization","name":"BBQ Entertainment O\u00dc","url":"https:\/\/bbqentertainment.com\/","logo":{"@type":"ImageObject","inLanguage":"en-US","@id":"https:\/\/bbqentertainment.com\/#\/schema\/logo\/image\/","url":"https:\/\/bbqentertainment.com\/wp-content\/uploads\/2020\/04\/BBQ-Entertainment-N-Catering-Enn-Tobreluts-Logo.png","contentUrl":"https:\/\/bbqentertainment.com\/wp-content\/uploads\/2020\/04\/BBQ-Entertainment-N-Catering-Enn-Tobreluts-Logo.png","width":628,"height":266,"caption":"BBQ Entertainment O\u00dc"},"image":{"@id":"https:\/\/bbqentertainment.com\/#\/schema\/logo\/image\/"},"sameAs":["https:\/\/www.facebook.com\/BBQ-Entertainment-N-Catering-2437913376443540","https:\/\/www.instagram.com\/bbqentertainmentncatering\/","https:\/\/www.youtube.com\/channel\/UCmpuANQVhLy2Md8nrenp2jA"]}]}},"_links":{"self":[{"href":"https:\/\/bbqentertainment.com\/en\/wp-json\/wp\/v2\/product\/257202","targetHints":{"allow":["GET"]}}],"collection":[{"href":"https:\/\/bbqentertainment.com\/en\/wp-json\/wp\/v2\/product"}],"about":[{"href":"https:\/\/bbqentertainment.com\/en\/wp-json\/wp\/v2\/types\/product"}],"wp:featuredmedia":[{"embeddable":true,"href":"https:\/\/bbqentertainment.com\/en\/wp-json\/wp\/v2\/media\/257218"}],"wp:attachment":[{"href":"https:\/\/bbqentertainment.com\/en\/wp-json\/wp\/v2\/media?parent=257202"}],"wp:term":[{"taxonomy":"product_brand","embeddable":true,"href":"https:\/\/bbqentertainment.com\/en\/wp-json\/wp\/v2\/product_brand?post=257202"},{"taxonomy":"product_cat","embeddable":true,"href":"https:\/\/bbqentertainment.com\/en\/wp-json\/wp\/v2\/product_cat?post=257202"},{"taxonomy":"product_tag","embeddable":true,"href":"https:\/\/bbqentertainment.com\/en\/wp-json\/wp\/v2\/product_tag?post=257202"}],"curies":[{"name":"wp","href":"https:\/\/api.w.org\/{rel}","templated":true}]}}