{"id":257203,"date":"2026-02-02T16:25:17","date_gmt":"2026-02-02T14:25:17","guid":{"rendered":"https:\/\/bbqentertainment.com\/?post_type=product&#038;p=257203"},"modified":"2026-02-02T16:35:33","modified_gmt":"2026-02-02T14:35:33","slug":"yeti-rambler-stronghold-20-oz-labipaistev-varukaas","status":"publish","type":"product","link":"https:\/\/bbqentertainment.com\/en\/toode\/yeti-rambler-stronghold-20-oz-labipaistev-varukaas\/","title":{"rendered":"YETI Rambler Stronghold 20 oz l\u00e4bipaistev varukaas"},"content":{"rendered":"","protected":false},"excerpt":{"rendered":"<h3>YETI Rambler Stronghold 20 oz l\u00e4bipaistev varukaas<\/h3>\n<p>Avasta turvaline ja lekkevaba kasutuskogemus YETI Rambler 20 oz l\u00e4bipaistva varukaane abil. See valikulise korgiga kaas sobib ideaalselt sinu reisikruusile, tagades vintske haarde ja topelttihendi tehnoloogia abil suurep\u00e4rase lekke- ja pritsmekaitse. Lihtne puhastada, olles n\u00f5udepesumasinas pestav, ja kasutamiseks mugav &#8211; lihtsalt t\u00f5mba magnet avamiseks alla ja libista, ning sulgemiseks j\u00e4lle edasi. T\u00e4iuslik valik liikvel olles, et sinu joogid p\u00fcsiksid seal, kus peavad olema. Mitte kasutada gaseeritud jookide ega toidu hoidmiseks.<\/p>\n<p><strong>Toote omadused:<\/strong><br \/>\n&#8211; Lekkevaba<br \/>\n&#8211; N\u00f5udepesumasinas pestav<br \/>\n&#8211; Keeratav kate<\/p>\n","protected":false},"featured_media":257227,"template":"","meta":{"inline_featured_image":false},"product_brand":[],"product_cat":[574],"product_tag":[],"class_list":{"0":"post-257203","1":"product","2":"type-product","3":"status-publish","4":"has-post-thumbnail","6":"product_cat-yeti-kulmakastid-ja-joogipudelid","8":"first","9":"instock","10":"taxable","11":"shipping-taxable","12":"purchasable","13":"product-type-simple"},"yoast_head":"<!-- This site is optimized with the Yoast SEO plugin v27.4 - https:\/\/yoast.com\/product\/yoast-seo-wordpress\/ -->\n<title>YETI Rambler Stronghold 20 oz l\u00e4bipaistev varukaas - BBQ Entertainment<\/title>\n<meta name=\"robots\" content=\"index, follow, max-snippet:-1, max-image-preview:large, max-video-preview:-1\" \/>\n<link rel=\"canonical\" href=\"https:\/\/bbqentertainment.com\/toode\/yeti-rambler-stronghold-20-oz-labipaistev-varukaas\/\" \/>\n<meta property=\"og:locale\" content=\"en_US\" \/>\n<meta property=\"og:type\" content=\"article\" \/>\n<meta property=\"og:title\" content=\"YETI Rambler Stronghold 20 oz l\u00e4bipaistev varukaas - BBQ Entertainment\" \/>\n<meta property=\"og:description\" content=\"YETI Rambler Stronghold 20 oz l\u00e4bipaistev varukaas Avasta turvaline ja lekkevaba kasutuskogemus YETI Rambler 20 oz l\u00e4bipaistva varukaane abil. See valikulise korgiga kaas sobib ideaalselt sinu reisikruusile, tagades vintske haarde ja topelttihendi tehnoloogia abil suurep\u00e4rase lekke- ja pritsmekaitse. Lihtne puhastada, olles n\u00f5udepesumasinas pestav, ja kasutamiseks mugav - lihtsalt t\u00f5mba magnet avamiseks alla ja libista, ning sulgemiseks j\u00e4lle edasi. T\u00e4iuslik valik liikvel olles, et sinu joogid p\u00fcsiksid seal, kus peavad olema. Mitte kasutada gaseeritud jookide ega toidu hoidmiseks.  Toote omadused: - Lekkevaba - N\u00f5udepesumasinas pestav - Keeratav kate\" \/>\n<meta property=\"og:url\" content=\"https:\/\/bbqentertainment.com\/toode\/yeti-rambler-stronghold-20-oz-labipaistev-varukaas\/\" \/>\n<meta property=\"og:site_name\" content=\"BBQ Entertainment\" \/>\n<meta property=\"article:publisher\" content=\"https:\/\/www.facebook.com\/BBQ-Entertainment-N-Catering-2437913376443540\" \/>\n<meta property=\"article:modified_time\" content=\"2026-02-02T14:35:33+00:00\" \/>\n<meta property=\"og:image\" content=\"https:\/\/bbqentertainment.com\/wp-content\/uploads\/2026\/02\/05_Drinkware-Accessories_Rambler-Travel-Mug-Lid-20_Studio_3Quarter_f1070c9f-9265-4147-a72f-49f95ad4b387.jpg\" \/>\n\t<meta property=\"og:image:width\" content=\"1200\" \/>\n\t<meta property=\"og:image:height\" content=\"1200\" \/>\n\t<meta property=\"og:image:type\" content=\"image\/jpeg\" \/>\n<meta name=\"twitter:card\" content=\"summary_large_image\" \/>\n<meta name=\"twitter:label1\" content=\"Est. reading time\" \/>\n\t<meta name=\"twitter:data1\" content=\"1 minute\" \/>\n<script type=\"application\/ld+json\" class=\"yoast-schema-graph\">{\"@context\":\"https:\\\/\\\/schema.org\",\"@graph\":[{\"@type\":[\"WebPage\",\"ItemPage\"],\"@id\":\"https:\\\/\\\/bbqentertainment.com\\\/toode\\\/yeti-rambler-stronghold-20-oz-labipaistev-varukaas\\\/\",\"url\":\"https:\\\/\\\/bbqentertainment.com\\\/toode\\\/yeti-rambler-stronghold-20-oz-labipaistev-varukaas\\\/\",\"name\":\"YETI Rambler Stronghold 20 oz l\u00e4bipaistev varukaas - BBQ Entertainment\",\"isPartOf\":{\"@id\":\"https:\\\/\\\/bbqentertainment.com\\\/#website\"},\"primaryImageOfPage\":{\"@id\":\"https:\\\/\\\/bbqentertainment.com\\\/toode\\\/yeti-rambler-stronghold-20-oz-labipaistev-varukaas\\\/#primaryimage\"},\"image\":{\"@id\":\"https:\\\/\\\/bbqentertainment.com\\\/toode\\\/yeti-rambler-stronghold-20-oz-labipaistev-varukaas\\\/#primaryimage\"},\"thumbnailUrl\":\"https:\\\/\\\/bbqentertainment.com\\\/wp-content\\\/uploads\\\/2026\\\/02\\\/05_Drinkware-Accessories_Rambler-Travel-Mug-Lid-20_Studio_3Quarter_f1070c9f-9265-4147-a72f-49f95ad4b387.jpg\",\"datePublished\":\"2026-02-02T14:25:17+00:00\",\"dateModified\":\"2026-02-02T14:35:33+00:00\",\"breadcrumb\":{\"@id\":\"https:\\\/\\\/bbqentertainment.com\\\/toode\\\/yeti-rambler-stronghold-20-oz-labipaistev-varukaas\\\/#breadcrumb\"},\"inLanguage\":\"en-US\",\"potentialAction\":[{\"@type\":\"ReadAction\",\"target\":[\"https:\\\/\\\/bbqentertainment.com\\\/toode\\\/yeti-rambler-stronghold-20-oz-labipaistev-varukaas\\\/\"]}]},{\"@type\":\"ImageObject\",\"inLanguage\":\"en-US\",\"@id\":\"https:\\\/\\\/bbqentertainment.com\\\/toode\\\/yeti-rambler-stronghold-20-oz-labipaistev-varukaas\\\/#primaryimage\",\"url\":\"https:\\\/\\\/bbqentertainment.com\\\/wp-content\\\/uploads\\\/2026\\\/02\\\/05_Drinkware-Accessories_Rambler-Travel-Mug-Lid-20_Studio_3Quarter_f1070c9f-9265-4147-a72f-49f95ad4b387.jpg\",\"contentUrl\":\"https:\\\/\\\/bbqentertainment.com\\\/wp-content\\\/uploads\\\/2026\\\/02\\\/05_Drinkware-Accessories_Rambler-Travel-Mug-Lid-20_Studio_3Quarter_f1070c9f-9265-4147-a72f-49f95ad4b387.jpg\",\"width\":1200,\"height\":1200},{\"@type\":\"BreadcrumbList\",\"@id\":\"https:\\\/\\\/bbqentertainment.com\\\/toode\\\/yeti-rambler-stronghold-20-oz-labipaistev-varukaas\\\/#breadcrumb\",\"itemListElement\":[{\"@type\":\"ListItem\",\"position\":1,\"name\":\"AVALEHT\",\"item\":\"https:\\\/\\\/bbqentertainment.com\\\/en\\\/\"},{\"@type\":\"ListItem\",\"position\":2,\"name\":\"Tooted\",\"item\":\"https:\\\/\\\/bbqentertainment.com\\\/tooted\\\/\"},{\"@type\":\"ListItem\",\"position\":3,\"name\":\"Muud tooted\",\"item\":\"https:\\\/\\\/bbqentertainment.com\\\/tootekategooria\\\/muud-tooted\\\/\"},{\"@type\":\"ListItem\",\"position\":4,\"name\":\"YETI k\u00fclmakastid ja joogipudelid\",\"item\":\"https:\\\/\\\/bbqentertainment.com\\\/tootekategooria\\\/muud-tooted\\\/yeti-kulmakastid-ja-joogipudelid\\\/\"},{\"@type\":\"ListItem\",\"position\":5,\"name\":\"YETI Rambler Stronghold 20 oz l\u00e4bipaistev varukaas\"}]},{\"@type\":\"WebSite\",\"@id\":\"https:\\\/\\\/bbqentertainment.com\\\/#website\",\"url\":\"https:\\\/\\\/bbqentertainment.com\\\/\",\"name\":\"BBQ Entertainment\",\"description\":\"BBQ is a great lifestyle, not just fun!\",\"publisher\":{\"@id\":\"https:\\\/\\\/bbqentertainment.com\\\/#organization\"},\"potentialAction\":[{\"@type\":\"SearchAction\",\"target\":{\"@type\":\"EntryPoint\",\"urlTemplate\":\"https:\\\/\\\/bbqentertainment.com\\\/?s={search_term_string}\"},\"query-input\":{\"@type\":\"PropertyValueSpecification\",\"valueRequired\":true,\"valueName\":\"search_term_string\"}}],\"inLanguage\":\"en-US\"},{\"@type\":\"Organization\",\"@id\":\"https:\\\/\\\/bbqentertainment.com\\\/#organization\",\"name\":\"BBQ Entertainment O\u00dc\",\"url\":\"https:\\\/\\\/bbqentertainment.com\\\/\",\"logo\":{\"@type\":\"ImageObject\",\"inLanguage\":\"en-US\",\"@id\":\"https:\\\/\\\/bbqentertainment.com\\\/#\\\/schema\\\/logo\\\/image\\\/\",\"url\":\"https:\\\/\\\/bbqentertainment.com\\\/wp-content\\\/uploads\\\/2020\\\/04\\\/BBQ-Entertainment-N-Catering-Enn-Tobreluts-Logo.png\",\"contentUrl\":\"https:\\\/\\\/bbqentertainment.com\\\/wp-content\\\/uploads\\\/2020\\\/04\\\/BBQ-Entertainment-N-Catering-Enn-Tobreluts-Logo.png\",\"width\":628,\"height\":266,\"caption\":\"BBQ Entertainment O\u00dc\"},\"image\":{\"@id\":\"https:\\\/\\\/bbqentertainment.com\\\/#\\\/schema\\\/logo\\\/image\\\/\"},\"sameAs\":[\"https:\\\/\\\/www.facebook.com\\\/BBQ-Entertainment-N-Catering-2437913376443540\",\"https:\\\/\\\/www.instagram.com\\\/bbqentertainmentncatering\\\/\",\"https:\\\/\\\/www.youtube.com\\\/channel\\\/UCmpuANQVhLy2Md8nrenp2jA\"]}]}<\/script>\n<!-- \/ Yoast SEO plugin. -->","yoast_head_json":{"title":"YETI Rambler Stronghold 20 oz l\u00e4bipaistev varukaas - BBQ Entertainment","robots":{"index":"index","follow":"follow","max-snippet":"max-snippet:-1","max-image-preview":"max-image-preview:large","max-video-preview":"max-video-preview:-1"},"canonical":"https:\/\/bbqentertainment.com\/toode\/yeti-rambler-stronghold-20-oz-labipaistev-varukaas\/","og_locale":"en_US","og_type":"article","og_title":"YETI Rambler Stronghold 20 oz l\u00e4bipaistev varukaas - BBQ Entertainment","og_description":"YETI Rambler Stronghold 20 oz l\u00e4bipaistev varukaas Avasta turvaline ja lekkevaba kasutuskogemus YETI Rambler 20 oz l\u00e4bipaistva varukaane abil. See valikulise korgiga kaas sobib ideaalselt sinu reisikruusile, tagades vintske haarde ja topelttihendi tehnoloogia abil suurep\u00e4rase lekke- ja pritsmekaitse. Lihtne puhastada, olles n\u00f5udepesumasinas pestav, ja kasutamiseks mugav - lihtsalt t\u00f5mba magnet avamiseks alla ja libista, ning sulgemiseks j\u00e4lle edasi. T\u00e4iuslik valik liikvel olles, et sinu joogid p\u00fcsiksid seal, kus peavad olema. Mitte kasutada gaseeritud jookide ega toidu hoidmiseks.  Toote omadused: - Lekkevaba - N\u00f5udepesumasinas pestav - Keeratav kate","og_url":"https:\/\/bbqentertainment.com\/toode\/yeti-rambler-stronghold-20-oz-labipaistev-varukaas\/","og_site_name":"BBQ Entertainment","article_publisher":"https:\/\/www.facebook.com\/BBQ-Entertainment-N-Catering-2437913376443540","article_modified_time":"2026-02-02T14:35:33+00:00","og_image":[{"width":1200,"height":1200,"url":"https:\/\/bbqentertainment.com\/wp-content\/uploads\/2026\/02\/05_Drinkware-Accessories_Rambler-Travel-Mug-Lid-20_Studio_3Quarter_f1070c9f-9265-4147-a72f-49f95ad4b387.jpg","type":"image\/jpeg"}],"twitter_card":"summary_large_image","twitter_misc":{"Est. reading time":"1 minute"},"schema":{"@context":"https:\/\/schema.org","@graph":[{"@type":["WebPage","ItemPage"],"@id":"https:\/\/bbqentertainment.com\/toode\/yeti-rambler-stronghold-20-oz-labipaistev-varukaas\/","url":"https:\/\/bbqentertainment.com\/toode\/yeti-rambler-stronghold-20-oz-labipaistev-varukaas\/","name":"YETI Rambler Stronghold 20 oz l\u00e4bipaistev varukaas - BBQ Entertainment","isPartOf":{"@id":"https:\/\/bbqentertainment.com\/#website"},"primaryImageOfPage":{"@id":"https:\/\/bbqentertainment.com\/toode\/yeti-rambler-stronghold-20-oz-labipaistev-varukaas\/#primaryimage"},"image":{"@id":"https:\/\/bbqentertainment.com\/toode\/yeti-rambler-stronghold-20-oz-labipaistev-varukaas\/#primaryimage"},"thumbnailUrl":"https:\/\/bbqentertainment.com\/wp-content\/uploads\/2026\/02\/05_Drinkware-Accessories_Rambler-Travel-Mug-Lid-20_Studio_3Quarter_f1070c9f-9265-4147-a72f-49f95ad4b387.jpg","datePublished":"2026-02-02T14:25:17+00:00","dateModified":"2026-02-02T14:35:33+00:00","breadcrumb":{"@id":"https:\/\/bbqentertainment.com\/toode\/yeti-rambler-stronghold-20-oz-labipaistev-varukaas\/#breadcrumb"},"inLanguage":"en-US","potentialAction":[{"@type":"ReadAction","target":["https:\/\/bbqentertainment.com\/toode\/yeti-rambler-stronghold-20-oz-labipaistev-varukaas\/"]}]},{"@type":"ImageObject","inLanguage":"en-US","@id":"https:\/\/bbqentertainment.com\/toode\/yeti-rambler-stronghold-20-oz-labipaistev-varukaas\/#primaryimage","url":"https:\/\/bbqentertainment.com\/wp-content\/uploads\/2026\/02\/05_Drinkware-Accessories_Rambler-Travel-Mug-Lid-20_Studio_3Quarter_f1070c9f-9265-4147-a72f-49f95ad4b387.jpg","contentUrl":"https:\/\/bbqentertainment.com\/wp-content\/uploads\/2026\/02\/05_Drinkware-Accessories_Rambler-Travel-Mug-Lid-20_Studio_3Quarter_f1070c9f-9265-4147-a72f-49f95ad4b387.jpg","width":1200,"height":1200},{"@type":"BreadcrumbList","@id":"https:\/\/bbqentertainment.com\/toode\/yeti-rambler-stronghold-20-oz-labipaistev-varukaas\/#breadcrumb","itemListElement":[{"@type":"ListItem","position":1,"name":"AVALEHT","item":"https:\/\/bbqentertainment.com\/en\/"},{"@type":"ListItem","position":2,"name":"Tooted","item":"https:\/\/bbqentertainment.com\/tooted\/"},{"@type":"ListItem","position":3,"name":"Muud tooted","item":"https:\/\/bbqentertainment.com\/tootekategooria\/muud-tooted\/"},{"@type":"ListItem","position":4,"name":"YETI k\u00fclmakastid ja joogipudelid","item":"https:\/\/bbqentertainment.com\/tootekategooria\/muud-tooted\/yeti-kulmakastid-ja-joogipudelid\/"},{"@type":"ListItem","position":5,"name":"YETI Rambler Stronghold 20 oz l\u00e4bipaistev varukaas"}]},{"@type":"WebSite","@id":"https:\/\/bbqentertainment.com\/#website","url":"https:\/\/bbqentertainment.com\/","name":"BBQ Entertainment","description":"BBQ is a great lifestyle, not just fun!","publisher":{"@id":"https:\/\/bbqentertainment.com\/#organization"},"potentialAction":[{"@type":"SearchAction","target":{"@type":"EntryPoint","urlTemplate":"https:\/\/bbqentertainment.com\/?s={search_term_string}"},"query-input":{"@type":"PropertyValueSpecification","valueRequired":true,"valueName":"search_term_string"}}],"inLanguage":"en-US"},{"@type":"Organization","@id":"https:\/\/bbqentertainment.com\/#organization","name":"BBQ Entertainment O\u00dc","url":"https:\/\/bbqentertainment.com\/","logo":{"@type":"ImageObject","inLanguage":"en-US","@id":"https:\/\/bbqentertainment.com\/#\/schema\/logo\/image\/","url":"https:\/\/bbqentertainment.com\/wp-content\/uploads\/2020\/04\/BBQ-Entertainment-N-Catering-Enn-Tobreluts-Logo.png","contentUrl":"https:\/\/bbqentertainment.com\/wp-content\/uploads\/2020\/04\/BBQ-Entertainment-N-Catering-Enn-Tobreluts-Logo.png","width":628,"height":266,"caption":"BBQ Entertainment O\u00dc"},"image":{"@id":"https:\/\/bbqentertainment.com\/#\/schema\/logo\/image\/"},"sameAs":["https:\/\/www.facebook.com\/BBQ-Entertainment-N-Catering-2437913376443540","https:\/\/www.instagram.com\/bbqentertainmentncatering\/","https:\/\/www.youtube.com\/channel\/UCmpuANQVhLy2Md8nrenp2jA"]}]}},"_links":{"self":[{"href":"https:\/\/bbqentertainment.com\/en\/wp-json\/wp\/v2\/product\/257203","targetHints":{"allow":["GET"]}}],"collection":[{"href":"https:\/\/bbqentertainment.com\/en\/wp-json\/wp\/v2\/product"}],"about":[{"href":"https:\/\/bbqentertainment.com\/en\/wp-json\/wp\/v2\/types\/product"}],"wp:featuredmedia":[{"embeddable":true,"href":"https:\/\/bbqentertainment.com\/en\/wp-json\/wp\/v2\/media\/257227"}],"wp:attachment":[{"href":"https:\/\/bbqentertainment.com\/en\/wp-json\/wp\/v2\/media?parent=257203"}],"wp:term":[{"taxonomy":"product_brand","embeddable":true,"href":"https:\/\/bbqentertainment.com\/en\/wp-json\/wp\/v2\/product_brand?post=257203"},{"taxonomy":"product_cat","embeddable":true,"href":"https:\/\/bbqentertainment.com\/en\/wp-json\/wp\/v2\/product_cat?post=257203"},{"taxonomy":"product_tag","embeddable":true,"href":"https:\/\/bbqentertainment.com\/en\/wp-json\/wp\/v2\/product_tag?post=257203"}],"curies":[{"name":"wp","href":"https:\/\/api.w.org\/{rel}","templated":true}]}}