{"id":257204,"date":"2026-02-02T16:25:18","date_gmt":"2026-02-02T14:25:18","guid":{"rendered":"https:\/\/bbqentertainment.com\/?post_type=product&#038;p=257204"},"modified":"2026-02-02T16:39:48","modified_gmt":"2026-02-02T14:39:48","slug":"yeti-termospudel-rambler-bottle-korrekork-v3","status":"publish","type":"product","link":"https:\/\/bbqentertainment.com\/en\/toode\/yeti-termospudel-rambler-bottle-korrekork-v3\/","title":{"rendered":"YETI termospudel Rambler Bottle k\u00f5rrekork V3"},"content":{"rendered":"","protected":false},"excerpt":{"rendered":"<h3>YETI termospudel Rambler Bottle k\u00f5rrekork V3<\/h3>\n<p>Tutvustame YETI Rambler\u00ae Bottle k\u00f5rrekorki, mis on loodud mugavaks igap\u00e4evaseks kasutamiseks. Lihtsalt ava kork, v\u00f5ta lonks ja sulgeg see kindlalt, et olla alati liikvel. See lekkekindel kork on varustatud TripleHaul\u2122 k\u00e4epidemega, mis muudab selle kandmise imelihtsaks ja sobib laiale k\u00f5rrele, et saaksid iga lonksuga rohkem juua. K\u00f5rrekork sobib k\u00f5igile YETI\u00ae Rambler\u00ae pudelitele, pakkudes veetarbimisele funktsionaalset ja mugavat lahendust.<\/p>\n<p>Oluline: K\u00f5rrekork ei sobi kuumade v\u00f5i gaseeritud jookide jaoks ning pole m\u00f5eldud toidu hoidmiseks. M\u00f5\u00f5tke ja l\u00f5igake k\u00f5rs vastavalt pudeli suurusele: 12 oz &#8211; 11,7 cm, 18 oz &#8211; 16,8 cm, 26 oz &#8211; 18,4 cm, 36 oz &#8211; 20 cm. Palun j\u00e4rgige turva- ja hooldusjuhiseid parema kasutuskogemuse saavutamiseks.<\/p>\n","protected":false},"featured_media":257234,"template":"","meta":{"inline_featured_image":false},"product_brand":[],"product_cat":[574],"product_tag":[],"class_list":{"0":"post-257204","1":"product","2":"type-product","3":"status-publish","4":"has-post-thumbnail","6":"product_cat-yeti-kulmakastid-ja-joogipudelid","8":"first","9":"instock","10":"taxable","11":"shipping-taxable","12":"purchasable","13":"product-type-simple"},"yoast_head":"<!-- This site is optimized with the Yoast SEO plugin v27.4 - https:\/\/yoast.com\/product\/yoast-seo-wordpress\/ -->\n<title>YETI termospudel Rambler Bottle k\u00f5rrekork V3 - BBQ Entertainment<\/title>\n<meta name=\"robots\" content=\"index, follow, max-snippet:-1, max-image-preview:large, max-video-preview:-1\" \/>\n<link rel=\"canonical\" href=\"https:\/\/bbqentertainment.com\/toode\/yeti-termospudel-rambler-bottle-korrekork-v3\/\" \/>\n<meta property=\"og:locale\" content=\"en_US\" \/>\n<meta property=\"og:type\" content=\"article\" \/>\n<meta property=\"og:title\" content=\"YETI termospudel Rambler Bottle k\u00f5rrekork V3 - BBQ Entertainment\" \/>\n<meta property=\"og:description\" content=\"YETI termospudel Rambler Bottle k\u00f5rrekork V3 Tutvustame YETI Rambler\u00ae Bottle k\u00f5rrekorki, mis on loodud mugavaks igap\u00e4evaseks kasutamiseks. Lihtsalt ava kork, v\u00f5ta lonks ja sulgeg see kindlalt, et olla alati liikvel. See lekkekindel kork on varustatud TripleHaul\u2122 k\u00e4epidemega, mis muudab selle kandmise imelihtsaks ja sobib laiale k\u00f5rrele, et saaksid iga lonksuga rohkem juua. K\u00f5rrekork sobib k\u00f5igile YETI\u00ae Rambler\u00ae pudelitele, pakkudes veetarbimisele funktsionaalset ja mugavat lahendust.  Oluline: K\u00f5rrekork ei sobi kuumade v\u00f5i gaseeritud jookide jaoks ning pole m\u00f5eldud toidu hoidmiseks. M\u00f5\u00f5tke ja l\u00f5igake k\u00f5rs vastavalt pudeli suurusele: 12 oz - 11,7 cm, 18 oz - 16,8 cm, 26 oz - 18,4 cm, 36 oz - 20 cm. Palun j\u00e4rgige turva- ja hooldusjuhiseid parema kasutuskogemuse saavutamiseks.\" \/>\n<meta property=\"og:url\" content=\"https:\/\/bbqentertainment.com\/toode\/yeti-termospudel-rambler-bottle-korrekork-v3\/\" \/>\n<meta property=\"og:site_name\" content=\"BBQ Entertainment\" \/>\n<meta property=\"article:publisher\" content=\"https:\/\/www.facebook.com\/BBQ-Entertainment-N-Catering-2437913376443540\" \/>\n<meta property=\"article:modified_time\" content=\"2026-02-02T14:39:48+00:00\" \/>\n<meta property=\"og:image\" content=\"https:\/\/bbqentertainment.com\/wp-content\/uploads\/2026\/02\/06_Drinkware-Accessories_Rambler-Bottle-Straw-Cap_Studio_SideUp_f21d99d6-f3ce-482d-a1a1-90c1cf64b3f3.jpg\" \/>\n\t<meta property=\"og:image:width\" content=\"1200\" \/>\n\t<meta property=\"og:image:height\" content=\"1200\" \/>\n\t<meta property=\"og:image:type\" content=\"image\/jpeg\" \/>\n<meta name=\"twitter:card\" content=\"summary_large_image\" \/>\n<script type=\"application\/ld+json\" class=\"yoast-schema-graph\">{\"@context\":\"https:\\\/\\\/schema.org\",\"@graph\":[{\"@type\":[\"WebPage\",\"ItemPage\"],\"@id\":\"https:\\\/\\\/bbqentertainment.com\\\/toode\\\/yeti-termospudel-rambler-bottle-korrekork-v3\\\/\",\"url\":\"https:\\\/\\\/bbqentertainment.com\\\/toode\\\/yeti-termospudel-rambler-bottle-korrekork-v3\\\/\",\"name\":\"YETI termospudel Rambler Bottle k\u00f5rrekork V3 - BBQ Entertainment\",\"isPartOf\":{\"@id\":\"https:\\\/\\\/bbqentertainment.com\\\/#website\"},\"primaryImageOfPage\":{\"@id\":\"https:\\\/\\\/bbqentertainment.com\\\/toode\\\/yeti-termospudel-rambler-bottle-korrekork-v3\\\/#primaryimage\"},\"image\":{\"@id\":\"https:\\\/\\\/bbqentertainment.com\\\/toode\\\/yeti-termospudel-rambler-bottle-korrekork-v3\\\/#primaryimage\"},\"thumbnailUrl\":\"https:\\\/\\\/bbqentertainment.com\\\/wp-content\\\/uploads\\\/2026\\\/02\\\/06_Drinkware-Accessories_Rambler-Bottle-Straw-Cap_Studio_SideUp_f21d99d6-f3ce-482d-a1a1-90c1cf64b3f3.jpg\",\"datePublished\":\"2026-02-02T14:25:18+00:00\",\"dateModified\":\"2026-02-02T14:39:48+00:00\",\"breadcrumb\":{\"@id\":\"https:\\\/\\\/bbqentertainment.com\\\/toode\\\/yeti-termospudel-rambler-bottle-korrekork-v3\\\/#breadcrumb\"},\"inLanguage\":\"en-US\",\"potentialAction\":[{\"@type\":\"ReadAction\",\"target\":[\"https:\\\/\\\/bbqentertainment.com\\\/toode\\\/yeti-termospudel-rambler-bottle-korrekork-v3\\\/\"]}]},{\"@type\":\"ImageObject\",\"inLanguage\":\"en-US\",\"@id\":\"https:\\\/\\\/bbqentertainment.com\\\/toode\\\/yeti-termospudel-rambler-bottle-korrekork-v3\\\/#primaryimage\",\"url\":\"https:\\\/\\\/bbqentertainment.com\\\/wp-content\\\/uploads\\\/2026\\\/02\\\/06_Drinkware-Accessories_Rambler-Bottle-Straw-Cap_Studio_SideUp_f21d99d6-f3ce-482d-a1a1-90c1cf64b3f3.jpg\",\"contentUrl\":\"https:\\\/\\\/bbqentertainment.com\\\/wp-content\\\/uploads\\\/2026\\\/02\\\/06_Drinkware-Accessories_Rambler-Bottle-Straw-Cap_Studio_SideUp_f21d99d6-f3ce-482d-a1a1-90c1cf64b3f3.jpg\",\"width\":1200,\"height\":1200},{\"@type\":\"BreadcrumbList\",\"@id\":\"https:\\\/\\\/bbqentertainment.com\\\/toode\\\/yeti-termospudel-rambler-bottle-korrekork-v3\\\/#breadcrumb\",\"itemListElement\":[{\"@type\":\"ListItem\",\"position\":1,\"name\":\"AVALEHT\",\"item\":\"https:\\\/\\\/bbqentertainment.com\\\/en\\\/\"},{\"@type\":\"ListItem\",\"position\":2,\"name\":\"Tooted\",\"item\":\"https:\\\/\\\/bbqentertainment.com\\\/tooted\\\/\"},{\"@type\":\"ListItem\",\"position\":3,\"name\":\"Muud tooted\",\"item\":\"https:\\\/\\\/bbqentertainment.com\\\/tootekategooria\\\/muud-tooted\\\/\"},{\"@type\":\"ListItem\",\"position\":4,\"name\":\"YETI k\u00fclmakastid ja joogipudelid\",\"item\":\"https:\\\/\\\/bbqentertainment.com\\\/tootekategooria\\\/muud-tooted\\\/yeti-kulmakastid-ja-joogipudelid\\\/\"},{\"@type\":\"ListItem\",\"position\":5,\"name\":\"YETI termospudel Rambler Bottle k\u00f5rrekork V3\"}]},{\"@type\":\"WebSite\",\"@id\":\"https:\\\/\\\/bbqentertainment.com\\\/#website\",\"url\":\"https:\\\/\\\/bbqentertainment.com\\\/\",\"name\":\"BBQ Entertainment\",\"description\":\"BBQ is a great lifestyle, not just fun!\",\"publisher\":{\"@id\":\"https:\\\/\\\/bbqentertainment.com\\\/#organization\"},\"potentialAction\":[{\"@type\":\"SearchAction\",\"target\":{\"@type\":\"EntryPoint\",\"urlTemplate\":\"https:\\\/\\\/bbqentertainment.com\\\/?s={search_term_string}\"},\"query-input\":{\"@type\":\"PropertyValueSpecification\",\"valueRequired\":true,\"valueName\":\"search_term_string\"}}],\"inLanguage\":\"en-US\"},{\"@type\":\"Organization\",\"@id\":\"https:\\\/\\\/bbqentertainment.com\\\/#organization\",\"name\":\"BBQ Entertainment O\u00dc\",\"url\":\"https:\\\/\\\/bbqentertainment.com\\\/\",\"logo\":{\"@type\":\"ImageObject\",\"inLanguage\":\"en-US\",\"@id\":\"https:\\\/\\\/bbqentertainment.com\\\/#\\\/schema\\\/logo\\\/image\\\/\",\"url\":\"https:\\\/\\\/bbqentertainment.com\\\/wp-content\\\/uploads\\\/2020\\\/04\\\/BBQ-Entertainment-N-Catering-Enn-Tobreluts-Logo.png\",\"contentUrl\":\"https:\\\/\\\/bbqentertainment.com\\\/wp-content\\\/uploads\\\/2020\\\/04\\\/BBQ-Entertainment-N-Catering-Enn-Tobreluts-Logo.png\",\"width\":628,\"height\":266,\"caption\":\"BBQ Entertainment O\u00dc\"},\"image\":{\"@id\":\"https:\\\/\\\/bbqentertainment.com\\\/#\\\/schema\\\/logo\\\/image\\\/\"},\"sameAs\":[\"https:\\\/\\\/www.facebook.com\\\/BBQ-Entertainment-N-Catering-2437913376443540\",\"https:\\\/\\\/www.instagram.com\\\/bbqentertainmentncatering\\\/\",\"https:\\\/\\\/www.youtube.com\\\/channel\\\/UCmpuANQVhLy2Md8nrenp2jA\"]}]}<\/script>\n<!-- \/ Yoast SEO plugin. -->","yoast_head_json":{"title":"YETI termospudel Rambler Bottle k\u00f5rrekork V3 - BBQ Entertainment","robots":{"index":"index","follow":"follow","max-snippet":"max-snippet:-1","max-image-preview":"max-image-preview:large","max-video-preview":"max-video-preview:-1"},"canonical":"https:\/\/bbqentertainment.com\/toode\/yeti-termospudel-rambler-bottle-korrekork-v3\/","og_locale":"en_US","og_type":"article","og_title":"YETI termospudel Rambler Bottle k\u00f5rrekork V3 - BBQ Entertainment","og_description":"YETI termospudel Rambler Bottle k\u00f5rrekork V3 Tutvustame YETI Rambler\u00ae Bottle k\u00f5rrekorki, mis on loodud mugavaks igap\u00e4evaseks kasutamiseks. Lihtsalt ava kork, v\u00f5ta lonks ja sulgeg see kindlalt, et olla alati liikvel. See lekkekindel kork on varustatud TripleHaul\u2122 k\u00e4epidemega, mis muudab selle kandmise imelihtsaks ja sobib laiale k\u00f5rrele, et saaksid iga lonksuga rohkem juua. K\u00f5rrekork sobib k\u00f5igile YETI\u00ae Rambler\u00ae pudelitele, pakkudes veetarbimisele funktsionaalset ja mugavat lahendust.  Oluline: K\u00f5rrekork ei sobi kuumade v\u00f5i gaseeritud jookide jaoks ning pole m\u00f5eldud toidu hoidmiseks. M\u00f5\u00f5tke ja l\u00f5igake k\u00f5rs vastavalt pudeli suurusele: 12 oz - 11,7 cm, 18 oz - 16,8 cm, 26 oz - 18,4 cm, 36 oz - 20 cm. Palun j\u00e4rgige turva- ja hooldusjuhiseid parema kasutuskogemuse saavutamiseks.","og_url":"https:\/\/bbqentertainment.com\/toode\/yeti-termospudel-rambler-bottle-korrekork-v3\/","og_site_name":"BBQ Entertainment","article_publisher":"https:\/\/www.facebook.com\/BBQ-Entertainment-N-Catering-2437913376443540","article_modified_time":"2026-02-02T14:39:48+00:00","og_image":[{"width":1200,"height":1200,"url":"https:\/\/bbqentertainment.com\/wp-content\/uploads\/2026\/02\/06_Drinkware-Accessories_Rambler-Bottle-Straw-Cap_Studio_SideUp_f21d99d6-f3ce-482d-a1a1-90c1cf64b3f3.jpg","type":"image\/jpeg"}],"twitter_card":"summary_large_image","schema":{"@context":"https:\/\/schema.org","@graph":[{"@type":["WebPage","ItemPage"],"@id":"https:\/\/bbqentertainment.com\/toode\/yeti-termospudel-rambler-bottle-korrekork-v3\/","url":"https:\/\/bbqentertainment.com\/toode\/yeti-termospudel-rambler-bottle-korrekork-v3\/","name":"YETI termospudel Rambler Bottle k\u00f5rrekork V3 - BBQ Entertainment","isPartOf":{"@id":"https:\/\/bbqentertainment.com\/#website"},"primaryImageOfPage":{"@id":"https:\/\/bbqentertainment.com\/toode\/yeti-termospudel-rambler-bottle-korrekork-v3\/#primaryimage"},"image":{"@id":"https:\/\/bbqentertainment.com\/toode\/yeti-termospudel-rambler-bottle-korrekork-v3\/#primaryimage"},"thumbnailUrl":"https:\/\/bbqentertainment.com\/wp-content\/uploads\/2026\/02\/06_Drinkware-Accessories_Rambler-Bottle-Straw-Cap_Studio_SideUp_f21d99d6-f3ce-482d-a1a1-90c1cf64b3f3.jpg","datePublished":"2026-02-02T14:25:18+00:00","dateModified":"2026-02-02T14:39:48+00:00","breadcrumb":{"@id":"https:\/\/bbqentertainment.com\/toode\/yeti-termospudel-rambler-bottle-korrekork-v3\/#breadcrumb"},"inLanguage":"en-US","potentialAction":[{"@type":"ReadAction","target":["https:\/\/bbqentertainment.com\/toode\/yeti-termospudel-rambler-bottle-korrekork-v3\/"]}]},{"@type":"ImageObject","inLanguage":"en-US","@id":"https:\/\/bbqentertainment.com\/toode\/yeti-termospudel-rambler-bottle-korrekork-v3\/#primaryimage","url":"https:\/\/bbqentertainment.com\/wp-content\/uploads\/2026\/02\/06_Drinkware-Accessories_Rambler-Bottle-Straw-Cap_Studio_SideUp_f21d99d6-f3ce-482d-a1a1-90c1cf64b3f3.jpg","contentUrl":"https:\/\/bbqentertainment.com\/wp-content\/uploads\/2026\/02\/06_Drinkware-Accessories_Rambler-Bottle-Straw-Cap_Studio_SideUp_f21d99d6-f3ce-482d-a1a1-90c1cf64b3f3.jpg","width":1200,"height":1200},{"@type":"BreadcrumbList","@id":"https:\/\/bbqentertainment.com\/toode\/yeti-termospudel-rambler-bottle-korrekork-v3\/#breadcrumb","itemListElement":[{"@type":"ListItem","position":1,"name":"AVALEHT","item":"https:\/\/bbqentertainment.com\/en\/"},{"@type":"ListItem","position":2,"name":"Tooted","item":"https:\/\/bbqentertainment.com\/tooted\/"},{"@type":"ListItem","position":3,"name":"Muud tooted","item":"https:\/\/bbqentertainment.com\/tootekategooria\/muud-tooted\/"},{"@type":"ListItem","position":4,"name":"YETI k\u00fclmakastid ja joogipudelid","item":"https:\/\/bbqentertainment.com\/tootekategooria\/muud-tooted\/yeti-kulmakastid-ja-joogipudelid\/"},{"@type":"ListItem","position":5,"name":"YETI termospudel Rambler Bottle k\u00f5rrekork V3"}]},{"@type":"WebSite","@id":"https:\/\/bbqentertainment.com\/#website","url":"https:\/\/bbqentertainment.com\/","name":"BBQ Entertainment","description":"BBQ is a great lifestyle, not just fun!","publisher":{"@id":"https:\/\/bbqentertainment.com\/#organization"},"potentialAction":[{"@type":"SearchAction","target":{"@type":"EntryPoint","urlTemplate":"https:\/\/bbqentertainment.com\/?s={search_term_string}"},"query-input":{"@type":"PropertyValueSpecification","valueRequired":true,"valueName":"search_term_string"}}],"inLanguage":"en-US"},{"@type":"Organization","@id":"https:\/\/bbqentertainment.com\/#organization","name":"BBQ Entertainment O\u00dc","url":"https:\/\/bbqentertainment.com\/","logo":{"@type":"ImageObject","inLanguage":"en-US","@id":"https:\/\/bbqentertainment.com\/#\/schema\/logo\/image\/","url":"https:\/\/bbqentertainment.com\/wp-content\/uploads\/2020\/04\/BBQ-Entertainment-N-Catering-Enn-Tobreluts-Logo.png","contentUrl":"https:\/\/bbqentertainment.com\/wp-content\/uploads\/2020\/04\/BBQ-Entertainment-N-Catering-Enn-Tobreluts-Logo.png","width":628,"height":266,"caption":"BBQ Entertainment O\u00dc"},"image":{"@id":"https:\/\/bbqentertainment.com\/#\/schema\/logo\/image\/"},"sameAs":["https:\/\/www.facebook.com\/BBQ-Entertainment-N-Catering-2437913376443540","https:\/\/www.instagram.com\/bbqentertainmentncatering\/","https:\/\/www.youtube.com\/channel\/UCmpuANQVhLy2Md8nrenp2jA"]}]}},"_links":{"self":[{"href":"https:\/\/bbqentertainment.com\/en\/wp-json\/wp\/v2\/product\/257204","targetHints":{"allow":["GET"]}}],"collection":[{"href":"https:\/\/bbqentertainment.com\/en\/wp-json\/wp\/v2\/product"}],"about":[{"href":"https:\/\/bbqentertainment.com\/en\/wp-json\/wp\/v2\/types\/product"}],"wp:featuredmedia":[{"embeddable":true,"href":"https:\/\/bbqentertainment.com\/en\/wp-json\/wp\/v2\/media\/257234"}],"wp:attachment":[{"href":"https:\/\/bbqentertainment.com\/en\/wp-json\/wp\/v2\/media?parent=257204"}],"wp:term":[{"taxonomy":"product_brand","embeddable":true,"href":"https:\/\/bbqentertainment.com\/en\/wp-json\/wp\/v2\/product_brand?post=257204"},{"taxonomy":"product_cat","embeddable":true,"href":"https:\/\/bbqentertainment.com\/en\/wp-json\/wp\/v2\/product_cat?post=257204"},{"taxonomy":"product_tag","embeddable":true,"href":"https:\/\/bbqentertainment.com\/en\/wp-json\/wp\/v2\/product_tag?post=257204"}],"curies":[{"name":"wp","href":"https:\/\/api.w.org\/{rel}","templated":true}]}}