{"id":257205,"date":"2026-02-02T16:25:19","date_gmt":"2026-02-02T14:25:19","guid":{"rendered":"https:\/\/bbqentertainment.com\/?post_type=product&#038;p=257205"},"modified":"2026-02-02T16:47:58","modified_gmt":"2026-02-02T14:47:58","slug":"yeti-magslider-kaanega-virnastatav-termos-joogitops-16-oz-473-ml","status":"publish","type":"product","link":"https:\/\/bbqentertainment.com\/en\/toode\/yeti-magslider-kaanega-virnastatav-termos-joogitops-16-oz-473-ml\/","title":{"rendered":"YETI MagSlider\u2122 kaanega virnastatav termos-joogitops 16 oz \/ 473 ml"},"content":{"rendered":"","protected":false},"excerpt":{"rendered":"<h3>YETI MagSlider\u2122 kaanega virnastatav termos-joogitops 16 oz \/ 473 ml<\/h3>\n<p>YETI Rambler\u00ae 16 oz (473 ml) virnastatav joogitops sobib suurep\u00e4raselt igap\u00e4evaseks kasutamiseks nii kodus kui ka matkadel. Funktsionaalne MagSlider\u2122 kaas kaitseb pritsmete eest ja on tassitopsis\u00f5bralik, muutes selle ideaalseks kaaslaseks autosse, paati v\u00f5i telkimisplatsile. Topeltseintega vaakumisolatsioon hoiab teie joogid kuumana v\u00f5i k\u00fclmana kuni viimase tilgani. Valmistatud tippkvaliteediga roostevabast terasest, termojoogitops on roostekindel ja purunemiskindel, samas on see n\u00f5udepesumasinas pestav, et s\u00e4\u00e4sta teie v\u00e4\u00e4rtuslikku aega.<\/p>\n","protected":false},"featured_media":257238,"template":"","meta":{"inline_featured_image":false},"product_brand":[],"product_cat":[574],"product_tag":[],"class_list":{"0":"post-257205","1":"product","2":"type-product","3":"status-publish","4":"has-post-thumbnail","6":"product_cat-yeti-kulmakastid-ja-joogipudelid","8":"first","9":"instock","10":"taxable","11":"shipping-taxable","12":"purchasable","13":"product-type-simple"},"yoast_head":"<!-- This site is optimized with the Yoast SEO plugin v27.4 - https:\/\/yoast.com\/product\/yoast-seo-wordpress\/ -->\n<title>YETI MagSlider\u2122 kaanega virnastatav termos-joogitops 16 oz \/ 473 ml - BBQ Entertainment<\/title>\n<meta name=\"robots\" content=\"index, follow, max-snippet:-1, max-image-preview:large, max-video-preview:-1\" \/>\n<link rel=\"canonical\" href=\"https:\/\/bbqentertainment.com\/toode\/yeti-magslider-kaanega-virnastatav-termos-joogitops-16-oz-473-ml\/\" \/>\n<meta property=\"og:locale\" content=\"en_US\" \/>\n<meta property=\"og:type\" content=\"article\" \/>\n<meta property=\"og:title\" content=\"YETI MagSlider\u2122 kaanega virnastatav termos-joogitops 16 oz \/ 473 ml - BBQ Entertainment\" \/>\n<meta property=\"og:description\" content=\"YETI MagSlider\u2122 kaanega virnastatav termos-joogitops 16 oz \/ 473 ml YETI Rambler\u00ae 16 oz (473 ml) virnastatav joogitops sobib suurep\u00e4raselt igap\u00e4evaseks kasutamiseks nii kodus kui ka matkadel. Funktsionaalne MagSlider\u2122 kaas kaitseb pritsmete eest ja on tassitopsis\u00f5bralik, muutes selle ideaalseks kaaslaseks autosse, paati v\u00f5i telkimisplatsile. Topeltseintega vaakumisolatsioon hoiab teie joogid kuumana v\u00f5i k\u00fclmana kuni viimase tilgani. Valmistatud tippkvaliteediga roostevabast terasest, termojoogitops on roostekindel ja purunemiskindel, samas on see n\u00f5udepesumasinas pestav, et s\u00e4\u00e4sta teie v\u00e4\u00e4rtuslikku aega.\" \/>\n<meta property=\"og:url\" content=\"https:\/\/bbqentertainment.com\/toode\/yeti-magslider-kaanega-virnastatav-termos-joogitops-16-oz-473-ml\/\" \/>\n<meta property=\"og:site_name\" content=\"BBQ Entertainment\" \/>\n<meta property=\"article:publisher\" content=\"https:\/\/www.facebook.com\/BBQ-Entertainment-N-Catering-2437913376443540\" \/>\n<meta property=\"article:modified_time\" content=\"2026-02-02T14:47:58+00:00\" \/>\n<meta property=\"og:image\" content=\"https:\/\/bbqentertainment.com\/wp-content\/uploads\/2026\/02\/02_W-230157_dayley_site_studio_drin_6_52874e0a-d884-478d-9a01-2242de85fa86.jpg\" \/>\n\t<meta property=\"og:image:width\" content=\"1200\" \/>\n\t<meta property=\"og:image:height\" content=\"1200\" \/>\n\t<meta property=\"og:image:type\" content=\"image\/jpeg\" \/>\n<meta name=\"twitter:card\" content=\"summary_large_image\" \/>\n<script type=\"application\/ld+json\" class=\"yoast-schema-graph\">{\"@context\":\"https:\\\/\\\/schema.org\",\"@graph\":[{\"@type\":[\"WebPage\",\"ItemPage\"],\"@id\":\"https:\\\/\\\/bbqentertainment.com\\\/toode\\\/yeti-magslider-kaanega-virnastatav-termos-joogitops-16-oz-473-ml\\\/\",\"url\":\"https:\\\/\\\/bbqentertainment.com\\\/toode\\\/yeti-magslider-kaanega-virnastatav-termos-joogitops-16-oz-473-ml\\\/\",\"name\":\"YETI MagSlider\u2122 kaanega virnastatav termos-joogitops 16 oz \\\/ 473 ml - BBQ Entertainment\",\"isPartOf\":{\"@id\":\"https:\\\/\\\/bbqentertainment.com\\\/#website\"},\"primaryImageOfPage\":{\"@id\":\"https:\\\/\\\/bbqentertainment.com\\\/toode\\\/yeti-magslider-kaanega-virnastatav-termos-joogitops-16-oz-473-ml\\\/#primaryimage\"},\"image\":{\"@id\":\"https:\\\/\\\/bbqentertainment.com\\\/toode\\\/yeti-magslider-kaanega-virnastatav-termos-joogitops-16-oz-473-ml\\\/#primaryimage\"},\"thumbnailUrl\":\"https:\\\/\\\/bbqentertainment.com\\\/wp-content\\\/uploads\\\/2026\\\/02\\\/02_W-230157_dayley_site_studio_drin_6_52874e0a-d884-478d-9a01-2242de85fa86.jpg\",\"datePublished\":\"2026-02-02T14:25:19+00:00\",\"dateModified\":\"2026-02-02T14:47:58+00:00\",\"breadcrumb\":{\"@id\":\"https:\\\/\\\/bbqentertainment.com\\\/toode\\\/yeti-magslider-kaanega-virnastatav-termos-joogitops-16-oz-473-ml\\\/#breadcrumb\"},\"inLanguage\":\"en-US\",\"potentialAction\":[{\"@type\":\"ReadAction\",\"target\":[\"https:\\\/\\\/bbqentertainment.com\\\/toode\\\/yeti-magslider-kaanega-virnastatav-termos-joogitops-16-oz-473-ml\\\/\"]}]},{\"@type\":\"ImageObject\",\"inLanguage\":\"en-US\",\"@id\":\"https:\\\/\\\/bbqentertainment.com\\\/toode\\\/yeti-magslider-kaanega-virnastatav-termos-joogitops-16-oz-473-ml\\\/#primaryimage\",\"url\":\"https:\\\/\\\/bbqentertainment.com\\\/wp-content\\\/uploads\\\/2026\\\/02\\\/02_W-230157_dayley_site_studio_drin_6_52874e0a-d884-478d-9a01-2242de85fa86.jpg\",\"contentUrl\":\"https:\\\/\\\/bbqentertainment.com\\\/wp-content\\\/uploads\\\/2026\\\/02\\\/02_W-230157_dayley_site_studio_drin_6_52874e0a-d884-478d-9a01-2242de85fa86.jpg\",\"width\":1200,\"height\":1200},{\"@type\":\"BreadcrumbList\",\"@id\":\"https:\\\/\\\/bbqentertainment.com\\\/toode\\\/yeti-magslider-kaanega-virnastatav-termos-joogitops-16-oz-473-ml\\\/#breadcrumb\",\"itemListElement\":[{\"@type\":\"ListItem\",\"position\":1,\"name\":\"AVALEHT\",\"item\":\"https:\\\/\\\/bbqentertainment.com\\\/en\\\/\"},{\"@type\":\"ListItem\",\"position\":2,\"name\":\"Tooted\",\"item\":\"https:\\\/\\\/bbqentertainment.com\\\/tooted\\\/\"},{\"@type\":\"ListItem\",\"position\":3,\"name\":\"Muud tooted\",\"item\":\"https:\\\/\\\/bbqentertainment.com\\\/tootekategooria\\\/muud-tooted\\\/\"},{\"@type\":\"ListItem\",\"position\":4,\"name\":\"YETI k\u00fclmakastid ja joogipudelid\",\"item\":\"https:\\\/\\\/bbqentertainment.com\\\/tootekategooria\\\/muud-tooted\\\/yeti-kulmakastid-ja-joogipudelid\\\/\"},{\"@type\":\"ListItem\",\"position\":5,\"name\":\"YETI MagSlider\u2122 kaanega virnastatav termos-joogitops 16 oz \\\/ 473 ml\"}]},{\"@type\":\"WebSite\",\"@id\":\"https:\\\/\\\/bbqentertainment.com\\\/#website\",\"url\":\"https:\\\/\\\/bbqentertainment.com\\\/\",\"name\":\"BBQ Entertainment\",\"description\":\"BBQ is a great lifestyle, not just fun!\",\"publisher\":{\"@id\":\"https:\\\/\\\/bbqentertainment.com\\\/#organization\"},\"potentialAction\":[{\"@type\":\"SearchAction\",\"target\":{\"@type\":\"EntryPoint\",\"urlTemplate\":\"https:\\\/\\\/bbqentertainment.com\\\/?s={search_term_string}\"},\"query-input\":{\"@type\":\"PropertyValueSpecification\",\"valueRequired\":true,\"valueName\":\"search_term_string\"}}],\"inLanguage\":\"en-US\"},{\"@type\":\"Organization\",\"@id\":\"https:\\\/\\\/bbqentertainment.com\\\/#organization\",\"name\":\"BBQ Entertainment O\u00dc\",\"url\":\"https:\\\/\\\/bbqentertainment.com\\\/\",\"logo\":{\"@type\":\"ImageObject\",\"inLanguage\":\"en-US\",\"@id\":\"https:\\\/\\\/bbqentertainment.com\\\/#\\\/schema\\\/logo\\\/image\\\/\",\"url\":\"https:\\\/\\\/bbqentertainment.com\\\/wp-content\\\/uploads\\\/2020\\\/04\\\/BBQ-Entertainment-N-Catering-Enn-Tobreluts-Logo.png\",\"contentUrl\":\"https:\\\/\\\/bbqentertainment.com\\\/wp-content\\\/uploads\\\/2020\\\/04\\\/BBQ-Entertainment-N-Catering-Enn-Tobreluts-Logo.png\",\"width\":628,\"height\":266,\"caption\":\"BBQ Entertainment O\u00dc\"},\"image\":{\"@id\":\"https:\\\/\\\/bbqentertainment.com\\\/#\\\/schema\\\/logo\\\/image\\\/\"},\"sameAs\":[\"https:\\\/\\\/www.facebook.com\\\/BBQ-Entertainment-N-Catering-2437913376443540\",\"https:\\\/\\\/www.instagram.com\\\/bbqentertainmentncatering\\\/\",\"https:\\\/\\\/www.youtube.com\\\/channel\\\/UCmpuANQVhLy2Md8nrenp2jA\"]}]}<\/script>\n<!-- \/ Yoast SEO plugin. -->","yoast_head_json":{"title":"YETI MagSlider\u2122 kaanega virnastatav termos-joogitops 16 oz \/ 473 ml - BBQ Entertainment","robots":{"index":"index","follow":"follow","max-snippet":"max-snippet:-1","max-image-preview":"max-image-preview:large","max-video-preview":"max-video-preview:-1"},"canonical":"https:\/\/bbqentertainment.com\/toode\/yeti-magslider-kaanega-virnastatav-termos-joogitops-16-oz-473-ml\/","og_locale":"en_US","og_type":"article","og_title":"YETI MagSlider\u2122 kaanega virnastatav termos-joogitops 16 oz \/ 473 ml - BBQ Entertainment","og_description":"YETI MagSlider\u2122 kaanega virnastatav termos-joogitops 16 oz \/ 473 ml YETI Rambler\u00ae 16 oz (473 ml) virnastatav joogitops sobib suurep\u00e4raselt igap\u00e4evaseks kasutamiseks nii kodus kui ka matkadel. Funktsionaalne MagSlider\u2122 kaas kaitseb pritsmete eest ja on tassitopsis\u00f5bralik, muutes selle ideaalseks kaaslaseks autosse, paati v\u00f5i telkimisplatsile. Topeltseintega vaakumisolatsioon hoiab teie joogid kuumana v\u00f5i k\u00fclmana kuni viimase tilgani. Valmistatud tippkvaliteediga roostevabast terasest, termojoogitops on roostekindel ja purunemiskindel, samas on see n\u00f5udepesumasinas pestav, et s\u00e4\u00e4sta teie v\u00e4\u00e4rtuslikku aega.","og_url":"https:\/\/bbqentertainment.com\/toode\/yeti-magslider-kaanega-virnastatav-termos-joogitops-16-oz-473-ml\/","og_site_name":"BBQ Entertainment","article_publisher":"https:\/\/www.facebook.com\/BBQ-Entertainment-N-Catering-2437913376443540","article_modified_time":"2026-02-02T14:47:58+00:00","og_image":[{"width":1200,"height":1200,"url":"https:\/\/bbqentertainment.com\/wp-content\/uploads\/2026\/02\/02_W-230157_dayley_site_studio_drin_6_52874e0a-d884-478d-9a01-2242de85fa86.jpg","type":"image\/jpeg"}],"twitter_card":"summary_large_image","schema":{"@context":"https:\/\/schema.org","@graph":[{"@type":["WebPage","ItemPage"],"@id":"https:\/\/bbqentertainment.com\/toode\/yeti-magslider-kaanega-virnastatav-termos-joogitops-16-oz-473-ml\/","url":"https:\/\/bbqentertainment.com\/toode\/yeti-magslider-kaanega-virnastatav-termos-joogitops-16-oz-473-ml\/","name":"YETI MagSlider\u2122 kaanega virnastatav termos-joogitops 16 oz \/ 473 ml - BBQ Entertainment","isPartOf":{"@id":"https:\/\/bbqentertainment.com\/#website"},"primaryImageOfPage":{"@id":"https:\/\/bbqentertainment.com\/toode\/yeti-magslider-kaanega-virnastatav-termos-joogitops-16-oz-473-ml\/#primaryimage"},"image":{"@id":"https:\/\/bbqentertainment.com\/toode\/yeti-magslider-kaanega-virnastatav-termos-joogitops-16-oz-473-ml\/#primaryimage"},"thumbnailUrl":"https:\/\/bbqentertainment.com\/wp-content\/uploads\/2026\/02\/02_W-230157_dayley_site_studio_drin_6_52874e0a-d884-478d-9a01-2242de85fa86.jpg","datePublished":"2026-02-02T14:25:19+00:00","dateModified":"2026-02-02T14:47:58+00:00","breadcrumb":{"@id":"https:\/\/bbqentertainment.com\/toode\/yeti-magslider-kaanega-virnastatav-termos-joogitops-16-oz-473-ml\/#breadcrumb"},"inLanguage":"en-US","potentialAction":[{"@type":"ReadAction","target":["https:\/\/bbqentertainment.com\/toode\/yeti-magslider-kaanega-virnastatav-termos-joogitops-16-oz-473-ml\/"]}]},{"@type":"ImageObject","inLanguage":"en-US","@id":"https:\/\/bbqentertainment.com\/toode\/yeti-magslider-kaanega-virnastatav-termos-joogitops-16-oz-473-ml\/#primaryimage","url":"https:\/\/bbqentertainment.com\/wp-content\/uploads\/2026\/02\/02_W-230157_dayley_site_studio_drin_6_52874e0a-d884-478d-9a01-2242de85fa86.jpg","contentUrl":"https:\/\/bbqentertainment.com\/wp-content\/uploads\/2026\/02\/02_W-230157_dayley_site_studio_drin_6_52874e0a-d884-478d-9a01-2242de85fa86.jpg","width":1200,"height":1200},{"@type":"BreadcrumbList","@id":"https:\/\/bbqentertainment.com\/toode\/yeti-magslider-kaanega-virnastatav-termos-joogitops-16-oz-473-ml\/#breadcrumb","itemListElement":[{"@type":"ListItem","position":1,"name":"AVALEHT","item":"https:\/\/bbqentertainment.com\/en\/"},{"@type":"ListItem","position":2,"name":"Tooted","item":"https:\/\/bbqentertainment.com\/tooted\/"},{"@type":"ListItem","position":3,"name":"Muud tooted","item":"https:\/\/bbqentertainment.com\/tootekategooria\/muud-tooted\/"},{"@type":"ListItem","position":4,"name":"YETI k\u00fclmakastid ja joogipudelid","item":"https:\/\/bbqentertainment.com\/tootekategooria\/muud-tooted\/yeti-kulmakastid-ja-joogipudelid\/"},{"@type":"ListItem","position":5,"name":"YETI MagSlider\u2122 kaanega virnastatav termos-joogitops 16 oz \/ 473 ml"}]},{"@type":"WebSite","@id":"https:\/\/bbqentertainment.com\/#website","url":"https:\/\/bbqentertainment.com\/","name":"BBQ Entertainment","description":"BBQ is a great lifestyle, not just fun!","publisher":{"@id":"https:\/\/bbqentertainment.com\/#organization"},"potentialAction":[{"@type":"SearchAction","target":{"@type":"EntryPoint","urlTemplate":"https:\/\/bbqentertainment.com\/?s={search_term_string}"},"query-input":{"@type":"PropertyValueSpecification","valueRequired":true,"valueName":"search_term_string"}}],"inLanguage":"en-US"},{"@type":"Organization","@id":"https:\/\/bbqentertainment.com\/#organization","name":"BBQ Entertainment O\u00dc","url":"https:\/\/bbqentertainment.com\/","logo":{"@type":"ImageObject","inLanguage":"en-US","@id":"https:\/\/bbqentertainment.com\/#\/schema\/logo\/image\/","url":"https:\/\/bbqentertainment.com\/wp-content\/uploads\/2020\/04\/BBQ-Entertainment-N-Catering-Enn-Tobreluts-Logo.png","contentUrl":"https:\/\/bbqentertainment.com\/wp-content\/uploads\/2020\/04\/BBQ-Entertainment-N-Catering-Enn-Tobreluts-Logo.png","width":628,"height":266,"caption":"BBQ Entertainment O\u00dc"},"image":{"@id":"https:\/\/bbqentertainment.com\/#\/schema\/logo\/image\/"},"sameAs":["https:\/\/www.facebook.com\/BBQ-Entertainment-N-Catering-2437913376443540","https:\/\/www.instagram.com\/bbqentertainmentncatering\/","https:\/\/www.youtube.com\/channel\/UCmpuANQVhLy2Md8nrenp2jA"]}]}},"_links":{"self":[{"href":"https:\/\/bbqentertainment.com\/en\/wp-json\/wp\/v2\/product\/257205","targetHints":{"allow":["GET"]}}],"collection":[{"href":"https:\/\/bbqentertainment.com\/en\/wp-json\/wp\/v2\/product"}],"about":[{"href":"https:\/\/bbqentertainment.com\/en\/wp-json\/wp\/v2\/types\/product"}],"wp:featuredmedia":[{"embeddable":true,"href":"https:\/\/bbqentertainment.com\/en\/wp-json\/wp\/v2\/media\/257238"}],"wp:attachment":[{"href":"https:\/\/bbqentertainment.com\/en\/wp-json\/wp\/v2\/media?parent=257205"}],"wp:term":[{"taxonomy":"product_brand","embeddable":true,"href":"https:\/\/bbqentertainment.com\/en\/wp-json\/wp\/v2\/product_brand?post=257205"},{"taxonomy":"product_cat","embeddable":true,"href":"https:\/\/bbqentertainment.com\/en\/wp-json\/wp\/v2\/product_cat?post=257205"},{"taxonomy":"product_tag","embeddable":true,"href":"https:\/\/bbqentertainment.com\/en\/wp-json\/wp\/v2\/product_tag?post=257205"}],"curies":[{"name":"wp","href":"https:\/\/api.w.org\/{rel}","templated":true}]}}