{"id":257206,"date":"2026-02-02T16:25:20","date_gmt":"2026-02-02T14:25:20","guid":{"rendered":"https:\/\/bbqentertainment.com\/?post_type=product&#038;p=257206"},"modified":"2026-02-02T16:54:52","modified_gmt":"2026-02-02T14:54:52","slug":"yeti-rambler-joogipudel-18-oz-532-ml-roosa-rambler-chug-bottle-pink","status":"publish","type":"product","link":"https:\/\/bbqentertainment.com\/en\/toode\/yeti-rambler-joogipudel-18-oz-532-ml-roosa-rambler-chug-bottle-pink\/","title":{"rendered":"YETI Rambler joogipudel 18 Oz \/ 532 ml Roosa \/ Rambler Chug Bottle Pink"},"content":{"rendered":"","protected":false},"excerpt":{"rendered":"<h3>YETI Rambler joogipudel 18 Oz \/ 532 ml Roosa \/ Rambler Chug Bottle Pink<\/h3>\n<p>Tutvuge uskumatu YETI Rambler 18 oz (532 ml) joogipudeliga, mis on ideaalne kaaslane nii hommikustele matkadele, kajakis\u00f5itudele kui igap\u00e4evastele t\u00f6\u00f6les\u00f5itudele.<\/p>\n<p>Mis teeb selle pudeli nii eriliseks?<\/p>\n<p>Topeltseinaga vaakumisolatsioon tagab, et teie joogid p\u00fcsivad k\u00fclmad v\u00f5i kuumad kuni viimase tilgani.<\/p>\n<p>Lisaks sellele sobib see enamikesse topsihoidjatesse ning on 100% lekkekindel, mis t\u00e4hendab, et v\u00f5ite selle muretult igale poole kaasa v\u00f5tta. Vastupidav veekindel materjal ja lihtsalt pestav n\u00f5udepesumasinas muudavad selle pudeli hooldamise lihtsaks. Lisage isikup\u00e4ra oma pudelile ja olge valmis seiklusteks!<\/p>\n","protected":false},"featured_media":257247,"template":"","meta":{"inline_featured_image":false},"product_brand":[],"product_cat":[574],"product_tag":[],"class_list":{"0":"post-257206","1":"product","2":"type-product","3":"status-publish","4":"has-post-thumbnail","6":"product_cat-yeti-kulmakastid-ja-joogipudelid","8":"first","9":"instock","10":"taxable","11":"shipping-taxable","12":"purchasable","13":"product-type-simple"},"yoast_head":"<!-- This site is optimized with the Yoast SEO plugin v27.4 - https:\/\/yoast.com\/product\/yoast-seo-wordpress\/ -->\n<title>YETI Rambler joogipudel 18 Oz \/ 532 ml Roosa \/ Rambler Chug Bottle Pink - BBQ Entertainment<\/title>\n<meta name=\"robots\" content=\"index, follow, max-snippet:-1, max-image-preview:large, max-video-preview:-1\" \/>\n<link rel=\"canonical\" href=\"https:\/\/bbqentertainment.com\/toode\/yeti-rambler-joogipudel-18-oz-532-ml-roosa-rambler-chug-bottle-pink\/\" \/>\n<meta property=\"og:locale\" content=\"en_US\" \/>\n<meta property=\"og:type\" content=\"article\" \/>\n<meta property=\"og:title\" content=\"YETI Rambler joogipudel 18 Oz \/ 532 ml Roosa \/ Rambler Chug Bottle Pink - BBQ Entertainment\" \/>\n<meta property=\"og:description\" content=\"YETI Rambler joogipudel 18 Oz \/ 532 ml Roosa \/ Rambler Chug Bottle Pink Tutvuge uskumatu YETI Rambler 18 oz (532 ml) joogipudeliga, mis on ideaalne kaaslane nii hommikustele matkadele, kajakis\u00f5itudele kui igap\u00e4evastele t\u00f6\u00f6les\u00f5itudele.  Mis teeb selle pudeli nii eriliseks?  Topeltseinaga vaakumisolatsioon tagab, et teie joogid p\u00fcsivad k\u00fclmad v\u00f5i kuumad kuni viimase tilgani.  Lisaks sellele sobib see enamikesse topsihoidjatesse ning on 100% lekkekindel, mis t\u00e4hendab, et v\u00f5ite selle muretult igale poole kaasa v\u00f5tta. Vastupidav veekindel materjal ja lihtsalt pestav n\u00f5udepesumasinas muudavad selle pudeli hooldamise lihtsaks. Lisage isikup\u00e4ra oma pudelile ja olge valmis seiklusteks!\" \/>\n<meta property=\"og:url\" content=\"https:\/\/bbqentertainment.com\/toode\/yeti-rambler-joogipudel-18-oz-532-ml-roosa-rambler-chug-bottle-pink\/\" \/>\n<meta property=\"og:site_name\" content=\"BBQ Entertainment\" \/>\n<meta property=\"article:publisher\" content=\"https:\/\/www.facebook.com\/BBQ-Entertainment-N-Catering-2437913376443540\" \/>\n<meta property=\"article:modified_time\" content=\"2026-02-02T14:54:52+00:00\" \/>\n<meta property=\"og:image\" content=\"https:\/\/bbqentertainment.com\/wp-content\/uploads\/2026\/02\/site_studio_drinkware_Rambler_18oz_Tropical_Pink_Bottle_Front_4094_Primary_B_2400x2400_efa59ff1-292d-47c2-9e7a-6a025a1e04fd.webp\" \/>\n\t<meta property=\"og:image:width\" content=\"1346\" \/>\n\t<meta property=\"og:image:height\" content=\"1346\" \/>\n\t<meta property=\"og:image:type\" content=\"image\/webp\" \/>\n<meta name=\"twitter:card\" content=\"summary_large_image\" \/>\n<script type=\"application\/ld+json\" class=\"yoast-schema-graph\">{\"@context\":\"https:\\\/\\\/schema.org\",\"@graph\":[{\"@type\":[\"WebPage\",\"ItemPage\"],\"@id\":\"https:\\\/\\\/bbqentertainment.com\\\/toode\\\/yeti-rambler-joogipudel-18-oz-532-ml-roosa-rambler-chug-bottle-pink\\\/\",\"url\":\"https:\\\/\\\/bbqentertainment.com\\\/toode\\\/yeti-rambler-joogipudel-18-oz-532-ml-roosa-rambler-chug-bottle-pink\\\/\",\"name\":\"YETI Rambler joogipudel 18 Oz \\\/ 532 ml Roosa \\\/ Rambler Chug Bottle Pink - BBQ Entertainment\",\"isPartOf\":{\"@id\":\"https:\\\/\\\/bbqentertainment.com\\\/#website\"},\"primaryImageOfPage\":{\"@id\":\"https:\\\/\\\/bbqentertainment.com\\\/toode\\\/yeti-rambler-joogipudel-18-oz-532-ml-roosa-rambler-chug-bottle-pink\\\/#primaryimage\"},\"image\":{\"@id\":\"https:\\\/\\\/bbqentertainment.com\\\/toode\\\/yeti-rambler-joogipudel-18-oz-532-ml-roosa-rambler-chug-bottle-pink\\\/#primaryimage\"},\"thumbnailUrl\":\"https:\\\/\\\/bbqentertainment.com\\\/wp-content\\\/uploads\\\/2026\\\/02\\\/site_studio_drinkware_Rambler_18oz_Tropical_Pink_Bottle_Front_4094_Primary_B_2400x2400_efa59ff1-292d-47c2-9e7a-6a025a1e04fd.webp\",\"datePublished\":\"2026-02-02T14:25:20+00:00\",\"dateModified\":\"2026-02-02T14:54:52+00:00\",\"breadcrumb\":{\"@id\":\"https:\\\/\\\/bbqentertainment.com\\\/toode\\\/yeti-rambler-joogipudel-18-oz-532-ml-roosa-rambler-chug-bottle-pink\\\/#breadcrumb\"},\"inLanguage\":\"en-US\",\"potentialAction\":[{\"@type\":\"ReadAction\",\"target\":[\"https:\\\/\\\/bbqentertainment.com\\\/toode\\\/yeti-rambler-joogipudel-18-oz-532-ml-roosa-rambler-chug-bottle-pink\\\/\"]}]},{\"@type\":\"ImageObject\",\"inLanguage\":\"en-US\",\"@id\":\"https:\\\/\\\/bbqentertainment.com\\\/toode\\\/yeti-rambler-joogipudel-18-oz-532-ml-roosa-rambler-chug-bottle-pink\\\/#primaryimage\",\"url\":\"https:\\\/\\\/bbqentertainment.com\\\/wp-content\\\/uploads\\\/2026\\\/02\\\/site_studio_drinkware_Rambler_18oz_Tropical_Pink_Bottle_Front_4094_Primary_B_2400x2400_efa59ff1-292d-47c2-9e7a-6a025a1e04fd.webp\",\"contentUrl\":\"https:\\\/\\\/bbqentertainment.com\\\/wp-content\\\/uploads\\\/2026\\\/02\\\/site_studio_drinkware_Rambler_18oz_Tropical_Pink_Bottle_Front_4094_Primary_B_2400x2400_efa59ff1-292d-47c2-9e7a-6a025a1e04fd.webp\",\"width\":1346,\"height\":1346},{\"@type\":\"BreadcrumbList\",\"@id\":\"https:\\\/\\\/bbqentertainment.com\\\/toode\\\/yeti-rambler-joogipudel-18-oz-532-ml-roosa-rambler-chug-bottle-pink\\\/#breadcrumb\",\"itemListElement\":[{\"@type\":\"ListItem\",\"position\":1,\"name\":\"AVALEHT\",\"item\":\"https:\\\/\\\/bbqentertainment.com\\\/en\\\/\"},{\"@type\":\"ListItem\",\"position\":2,\"name\":\"Tooted\",\"item\":\"https:\\\/\\\/bbqentertainment.com\\\/tooted\\\/\"},{\"@type\":\"ListItem\",\"position\":3,\"name\":\"Muud tooted\",\"item\":\"https:\\\/\\\/bbqentertainment.com\\\/tootekategooria\\\/muud-tooted\\\/\"},{\"@type\":\"ListItem\",\"position\":4,\"name\":\"YETI k\u00fclmakastid ja joogipudelid\",\"item\":\"https:\\\/\\\/bbqentertainment.com\\\/tootekategooria\\\/muud-tooted\\\/yeti-kulmakastid-ja-joogipudelid\\\/\"},{\"@type\":\"ListItem\",\"position\":5,\"name\":\"YETI Rambler joogipudel 18 Oz \\\/ 532 ml Roosa \\\/ Rambler Chug Bottle Pink\"}]},{\"@type\":\"WebSite\",\"@id\":\"https:\\\/\\\/bbqentertainment.com\\\/#website\",\"url\":\"https:\\\/\\\/bbqentertainment.com\\\/\",\"name\":\"BBQ Entertainment\",\"description\":\"BBQ is a great lifestyle, not just fun!\",\"publisher\":{\"@id\":\"https:\\\/\\\/bbqentertainment.com\\\/#organization\"},\"potentialAction\":[{\"@type\":\"SearchAction\",\"target\":{\"@type\":\"EntryPoint\",\"urlTemplate\":\"https:\\\/\\\/bbqentertainment.com\\\/?s={search_term_string}\"},\"query-input\":{\"@type\":\"PropertyValueSpecification\",\"valueRequired\":true,\"valueName\":\"search_term_string\"}}],\"inLanguage\":\"en-US\"},{\"@type\":\"Organization\",\"@id\":\"https:\\\/\\\/bbqentertainment.com\\\/#organization\",\"name\":\"BBQ Entertainment O\u00dc\",\"url\":\"https:\\\/\\\/bbqentertainment.com\\\/\",\"logo\":{\"@type\":\"ImageObject\",\"inLanguage\":\"en-US\",\"@id\":\"https:\\\/\\\/bbqentertainment.com\\\/#\\\/schema\\\/logo\\\/image\\\/\",\"url\":\"https:\\\/\\\/bbqentertainment.com\\\/wp-content\\\/uploads\\\/2020\\\/04\\\/BBQ-Entertainment-N-Catering-Enn-Tobreluts-Logo.png\",\"contentUrl\":\"https:\\\/\\\/bbqentertainment.com\\\/wp-content\\\/uploads\\\/2020\\\/04\\\/BBQ-Entertainment-N-Catering-Enn-Tobreluts-Logo.png\",\"width\":628,\"height\":266,\"caption\":\"BBQ Entertainment O\u00dc\"},\"image\":{\"@id\":\"https:\\\/\\\/bbqentertainment.com\\\/#\\\/schema\\\/logo\\\/image\\\/\"},\"sameAs\":[\"https:\\\/\\\/www.facebook.com\\\/BBQ-Entertainment-N-Catering-2437913376443540\",\"https:\\\/\\\/www.instagram.com\\\/bbqentertainmentncatering\\\/\",\"https:\\\/\\\/www.youtube.com\\\/channel\\\/UCmpuANQVhLy2Md8nrenp2jA\"]}]}<\/script>\n<!-- \/ Yoast SEO plugin. -->","yoast_head_json":{"title":"YETI Rambler joogipudel 18 Oz \/ 532 ml Roosa \/ Rambler Chug Bottle Pink - BBQ Entertainment","robots":{"index":"index","follow":"follow","max-snippet":"max-snippet:-1","max-image-preview":"max-image-preview:large","max-video-preview":"max-video-preview:-1"},"canonical":"https:\/\/bbqentertainment.com\/toode\/yeti-rambler-joogipudel-18-oz-532-ml-roosa-rambler-chug-bottle-pink\/","og_locale":"en_US","og_type":"article","og_title":"YETI Rambler joogipudel 18 Oz \/ 532 ml Roosa \/ Rambler Chug Bottle Pink - BBQ Entertainment","og_description":"YETI Rambler joogipudel 18 Oz \/ 532 ml Roosa \/ Rambler Chug Bottle Pink Tutvuge uskumatu YETI Rambler 18 oz (532 ml) joogipudeliga, mis on ideaalne kaaslane nii hommikustele matkadele, kajakis\u00f5itudele kui igap\u00e4evastele t\u00f6\u00f6les\u00f5itudele.  Mis teeb selle pudeli nii eriliseks?  Topeltseinaga vaakumisolatsioon tagab, et teie joogid p\u00fcsivad k\u00fclmad v\u00f5i kuumad kuni viimase tilgani.  Lisaks sellele sobib see enamikesse topsihoidjatesse ning on 100% lekkekindel, mis t\u00e4hendab, et v\u00f5ite selle muretult igale poole kaasa v\u00f5tta. Vastupidav veekindel materjal ja lihtsalt pestav n\u00f5udepesumasinas muudavad selle pudeli hooldamise lihtsaks. Lisage isikup\u00e4ra oma pudelile ja olge valmis seiklusteks!","og_url":"https:\/\/bbqentertainment.com\/toode\/yeti-rambler-joogipudel-18-oz-532-ml-roosa-rambler-chug-bottle-pink\/","og_site_name":"BBQ Entertainment","article_publisher":"https:\/\/www.facebook.com\/BBQ-Entertainment-N-Catering-2437913376443540","article_modified_time":"2026-02-02T14:54:52+00:00","og_image":[{"width":1346,"height":1346,"url":"https:\/\/bbqentertainment.com\/wp-content\/uploads\/2026\/02\/site_studio_drinkware_Rambler_18oz_Tropical_Pink_Bottle_Front_4094_Primary_B_2400x2400_efa59ff1-292d-47c2-9e7a-6a025a1e04fd.webp","type":"image\/webp"}],"twitter_card":"summary_large_image","schema":{"@context":"https:\/\/schema.org","@graph":[{"@type":["WebPage","ItemPage"],"@id":"https:\/\/bbqentertainment.com\/toode\/yeti-rambler-joogipudel-18-oz-532-ml-roosa-rambler-chug-bottle-pink\/","url":"https:\/\/bbqentertainment.com\/toode\/yeti-rambler-joogipudel-18-oz-532-ml-roosa-rambler-chug-bottle-pink\/","name":"YETI Rambler joogipudel 18 Oz \/ 532 ml Roosa \/ Rambler Chug Bottle Pink - BBQ Entertainment","isPartOf":{"@id":"https:\/\/bbqentertainment.com\/#website"},"primaryImageOfPage":{"@id":"https:\/\/bbqentertainment.com\/toode\/yeti-rambler-joogipudel-18-oz-532-ml-roosa-rambler-chug-bottle-pink\/#primaryimage"},"image":{"@id":"https:\/\/bbqentertainment.com\/toode\/yeti-rambler-joogipudel-18-oz-532-ml-roosa-rambler-chug-bottle-pink\/#primaryimage"},"thumbnailUrl":"https:\/\/bbqentertainment.com\/wp-content\/uploads\/2026\/02\/site_studio_drinkware_Rambler_18oz_Tropical_Pink_Bottle_Front_4094_Primary_B_2400x2400_efa59ff1-292d-47c2-9e7a-6a025a1e04fd.webp","datePublished":"2026-02-02T14:25:20+00:00","dateModified":"2026-02-02T14:54:52+00:00","breadcrumb":{"@id":"https:\/\/bbqentertainment.com\/toode\/yeti-rambler-joogipudel-18-oz-532-ml-roosa-rambler-chug-bottle-pink\/#breadcrumb"},"inLanguage":"en-US","potentialAction":[{"@type":"ReadAction","target":["https:\/\/bbqentertainment.com\/toode\/yeti-rambler-joogipudel-18-oz-532-ml-roosa-rambler-chug-bottle-pink\/"]}]},{"@type":"ImageObject","inLanguage":"en-US","@id":"https:\/\/bbqentertainment.com\/toode\/yeti-rambler-joogipudel-18-oz-532-ml-roosa-rambler-chug-bottle-pink\/#primaryimage","url":"https:\/\/bbqentertainment.com\/wp-content\/uploads\/2026\/02\/site_studio_drinkware_Rambler_18oz_Tropical_Pink_Bottle_Front_4094_Primary_B_2400x2400_efa59ff1-292d-47c2-9e7a-6a025a1e04fd.webp","contentUrl":"https:\/\/bbqentertainment.com\/wp-content\/uploads\/2026\/02\/site_studio_drinkware_Rambler_18oz_Tropical_Pink_Bottle_Front_4094_Primary_B_2400x2400_efa59ff1-292d-47c2-9e7a-6a025a1e04fd.webp","width":1346,"height":1346},{"@type":"BreadcrumbList","@id":"https:\/\/bbqentertainment.com\/toode\/yeti-rambler-joogipudel-18-oz-532-ml-roosa-rambler-chug-bottle-pink\/#breadcrumb","itemListElement":[{"@type":"ListItem","position":1,"name":"AVALEHT","item":"https:\/\/bbqentertainment.com\/en\/"},{"@type":"ListItem","position":2,"name":"Tooted","item":"https:\/\/bbqentertainment.com\/tooted\/"},{"@type":"ListItem","position":3,"name":"Muud tooted","item":"https:\/\/bbqentertainment.com\/tootekategooria\/muud-tooted\/"},{"@type":"ListItem","position":4,"name":"YETI k\u00fclmakastid ja joogipudelid","item":"https:\/\/bbqentertainment.com\/tootekategooria\/muud-tooted\/yeti-kulmakastid-ja-joogipudelid\/"},{"@type":"ListItem","position":5,"name":"YETI Rambler joogipudel 18 Oz \/ 532 ml Roosa \/ Rambler Chug Bottle Pink"}]},{"@type":"WebSite","@id":"https:\/\/bbqentertainment.com\/#website","url":"https:\/\/bbqentertainment.com\/","name":"BBQ Entertainment","description":"BBQ is a great lifestyle, not just fun!","publisher":{"@id":"https:\/\/bbqentertainment.com\/#organization"},"potentialAction":[{"@type":"SearchAction","target":{"@type":"EntryPoint","urlTemplate":"https:\/\/bbqentertainment.com\/?s={search_term_string}"},"query-input":{"@type":"PropertyValueSpecification","valueRequired":true,"valueName":"search_term_string"}}],"inLanguage":"en-US"},{"@type":"Organization","@id":"https:\/\/bbqentertainment.com\/#organization","name":"BBQ Entertainment O\u00dc","url":"https:\/\/bbqentertainment.com\/","logo":{"@type":"ImageObject","inLanguage":"en-US","@id":"https:\/\/bbqentertainment.com\/#\/schema\/logo\/image\/","url":"https:\/\/bbqentertainment.com\/wp-content\/uploads\/2020\/04\/BBQ-Entertainment-N-Catering-Enn-Tobreluts-Logo.png","contentUrl":"https:\/\/bbqentertainment.com\/wp-content\/uploads\/2020\/04\/BBQ-Entertainment-N-Catering-Enn-Tobreluts-Logo.png","width":628,"height":266,"caption":"BBQ Entertainment O\u00dc"},"image":{"@id":"https:\/\/bbqentertainment.com\/#\/schema\/logo\/image\/"},"sameAs":["https:\/\/www.facebook.com\/BBQ-Entertainment-N-Catering-2437913376443540","https:\/\/www.instagram.com\/bbqentertainmentncatering\/","https:\/\/www.youtube.com\/channel\/UCmpuANQVhLy2Md8nrenp2jA"]}]}},"_links":{"self":[{"href":"https:\/\/bbqentertainment.com\/en\/wp-json\/wp\/v2\/product\/257206","targetHints":{"allow":["GET"]}}],"collection":[{"href":"https:\/\/bbqentertainment.com\/en\/wp-json\/wp\/v2\/product"}],"about":[{"href":"https:\/\/bbqentertainment.com\/en\/wp-json\/wp\/v2\/types\/product"}],"wp:featuredmedia":[{"embeddable":true,"href":"https:\/\/bbqentertainment.com\/en\/wp-json\/wp\/v2\/media\/257247"}],"wp:attachment":[{"href":"https:\/\/bbqentertainment.com\/en\/wp-json\/wp\/v2\/media?parent=257206"}],"wp:term":[{"taxonomy":"product_brand","embeddable":true,"href":"https:\/\/bbqentertainment.com\/en\/wp-json\/wp\/v2\/product_brand?post=257206"},{"taxonomy":"product_cat","embeddable":true,"href":"https:\/\/bbqentertainment.com\/en\/wp-json\/wp\/v2\/product_cat?post=257206"},{"taxonomy":"product_tag","embeddable":true,"href":"https:\/\/bbqentertainment.com\/en\/wp-json\/wp\/v2\/product_tag?post=257206"}],"curies":[{"name":"wp","href":"https:\/\/api.w.org\/{rel}","templated":true}]}}