{"id":257208,"date":"2026-02-02T16:25:22","date_gmt":"2026-02-02T14:25:22","guid":{"rendered":"https:\/\/bbqentertainment.com\/?post_type=product&#038;p=257208"},"modified":"2026-02-02T17:07:19","modified_gmt":"2026-02-02T15:07:19","slug":"yeti-termos-joogitops-kaanega-ja-sangaga-rambler-mug-20-oz-591-ml-key-lime-kollakas-laimiroheline","status":"publish","type":"product","link":"https:\/\/bbqentertainment.com\/en\/toode\/yeti-termos-joogitops-kaanega-ja-sangaga-rambler-mug-20-oz-591-ml-key-lime-kollakas-laimiroheline\/","title":{"rendered":"YETI termos-joogitops kaanega ja sangaga Rambler Mug 20 Oz \/ 591 ml Key Lime \/ Kollakas laimiroheline"},"content":{"rendered":"","protected":false},"excerpt":{"rendered":"<h3>YETI termos-joogitops kaanega ja sangaga Rambler Mug 20 Oz \/ 591 ml Key Lime \/ Kollakas laimiroheline<\/h3>\n<p>Kogege liikuva eluviisiga sobivat jookide kaaslast YETI Rambler\u00ae 20 oz (591 ml) termos-joogitopsi kujul. Tugevalt sulguv Stronghold\u2122 kaas, mis on varustatud topelt-slaider magnettehnoloogiaga, hoiab teie lemmikjoogid kindlalt topsis, olgu teel, telkimisel v\u00f5i autohoidikus. Roostevabast terasest konstruktsioon pakub vastupidavust l\u00e4bistustele ja roostele, samas kui topeltseinaga vaakumisolatsioon tagab, et k\u00fclmad joogid p\u00fcsivad k\u00fclmad ja kuumad joogid kuumad, kuni viimane tilk on nauditud.<\/p>\n<p>Naudi mugavat k\u00e4epidemega disaini, mis sobib peaaegu igasse topsihoidikusse, ning toote masinpestavus teeb sellest laitmatu kaaslase igas eluolukorras.<\/p>\n","protected":false},"featured_media":257248,"template":"","meta":{"inline_featured_image":false},"product_brand":[],"product_cat":[574],"product_tag":[],"class_list":{"0":"post-257208","1":"product","2":"type-product","3":"status-publish","4":"has-post-thumbnail","6":"product_cat-yeti-kulmakastid-ja-joogipudelid","8":"first","9":"instock","10":"taxable","11":"shipping-taxable","12":"purchasable","13":"product-type-simple"},"yoast_head":"<!-- This site is optimized with the Yoast SEO plugin v27.4 - https:\/\/yoast.com\/product\/yoast-seo-wordpress\/ -->\n<title>YETI termos-joogitops kaanega ja sangaga Rambler Mug 20 Oz \/ 591 ml Key Lime \/ Kollakas laimiroheline - BBQ Entertainment<\/title>\n<meta name=\"robots\" content=\"index, follow, max-snippet:-1, max-image-preview:large, max-video-preview:-1\" \/>\n<link rel=\"canonical\" href=\"https:\/\/bbqentertainment.com\/toode\/yeti-termos-joogitops-kaanega-ja-sangaga-rambler-mug-20-oz-591-ml-key-lime-kollakas-laimiroheline\/\" \/>\n<meta property=\"og:locale\" content=\"en_US\" \/>\n<meta property=\"og:type\" content=\"article\" \/>\n<meta property=\"og:title\" content=\"YETI termos-joogitops kaanega ja sangaga Rambler Mug 20 Oz \/ 591 ml Key Lime \/ Kollakas laimiroheline - BBQ Entertainment\" \/>\n<meta property=\"og:description\" content=\"YETI termos-joogitops kaanega ja sangaga Rambler Mug 20 Oz \/ 591 ml Key Lime \/ Kollakas laimiroheline Kogege liikuva eluviisiga sobivat jookide kaaslast YETI Rambler\u00ae 20 oz (591 ml) termos-joogitopsi kujul. Tugevalt sulguv Stronghold\u2122 kaas, mis on varustatud topelt-slaider magnettehnoloogiaga, hoiab teie lemmikjoogid kindlalt topsis, olgu teel, telkimisel v\u00f5i autohoidikus. Roostevabast terasest konstruktsioon pakub vastupidavust l\u00e4bistustele ja roostele, samas kui topeltseinaga vaakumisolatsioon tagab, et k\u00fclmad joogid p\u00fcsivad k\u00fclmad ja kuumad joogid kuumad, kuni viimane tilk on nauditud.  Naudi mugavat k\u00e4epidemega disaini, mis sobib peaaegu igasse topsihoidikusse, ning toote masinpestavus teeb sellest laitmatu kaaslase igas eluolukorras.\" \/>\n<meta property=\"og:url\" content=\"https:\/\/bbqentertainment.com\/toode\/yeti-termos-joogitops-kaanega-ja-sangaga-rambler-mug-20-oz-591-ml-key-lime-kollakas-laimiroheline\/\" \/>\n<meta property=\"og:site_name\" content=\"BBQ Entertainment\" \/>\n<meta property=\"article:publisher\" content=\"https:\/\/www.facebook.com\/BBQ-Entertainment-N-Catering-2437913376443540\" \/>\n<meta property=\"article:modified_time\" content=\"2026-02-02T15:07:19+00:00\" \/>\n<meta property=\"og:image\" content=\"https:\/\/bbqentertainment.com\/wp-content\/uploads\/2026\/02\/02_site_studio_drinkware_Rambler_20oz_Travel_Mug_Key_Lime_5069_Primary_B_2400x2400_d0cf33be-9058-417e-ad93-0d8d91902515.jpg\" \/>\n\t<meta property=\"og:image:width\" content=\"1200\" \/>\n\t<meta property=\"og:image:height\" content=\"1200\" \/>\n\t<meta property=\"og:image:type\" content=\"image\/jpeg\" \/>\n<meta name=\"twitter:card\" content=\"summary_large_image\" \/>\n<script type=\"application\/ld+json\" class=\"yoast-schema-graph\">{\"@context\":\"https:\\\/\\\/schema.org\",\"@graph\":[{\"@type\":[\"WebPage\",\"ItemPage\"],\"@id\":\"https:\\\/\\\/bbqentertainment.com\\\/toode\\\/yeti-termos-joogitops-kaanega-ja-sangaga-rambler-mug-20-oz-591-ml-key-lime-kollakas-laimiroheline\\\/\",\"url\":\"https:\\\/\\\/bbqentertainment.com\\\/toode\\\/yeti-termos-joogitops-kaanega-ja-sangaga-rambler-mug-20-oz-591-ml-key-lime-kollakas-laimiroheline\\\/\",\"name\":\"YETI termos-joogitops kaanega ja sangaga Rambler Mug 20 Oz \\\/ 591 ml Key Lime \\\/ Kollakas laimiroheline - BBQ Entertainment\",\"isPartOf\":{\"@id\":\"https:\\\/\\\/bbqentertainment.com\\\/#website\"},\"primaryImageOfPage\":{\"@id\":\"https:\\\/\\\/bbqentertainment.com\\\/toode\\\/yeti-termos-joogitops-kaanega-ja-sangaga-rambler-mug-20-oz-591-ml-key-lime-kollakas-laimiroheline\\\/#primaryimage\"},\"image\":{\"@id\":\"https:\\\/\\\/bbqentertainment.com\\\/toode\\\/yeti-termos-joogitops-kaanega-ja-sangaga-rambler-mug-20-oz-591-ml-key-lime-kollakas-laimiroheline\\\/#primaryimage\"},\"thumbnailUrl\":\"https:\\\/\\\/bbqentertainment.com\\\/wp-content\\\/uploads\\\/2026\\\/02\\\/02_site_studio_drinkware_Rambler_20oz_Travel_Mug_Key_Lime_5069_Primary_B_2400x2400_d0cf33be-9058-417e-ad93-0d8d91902515.jpg\",\"datePublished\":\"2026-02-02T14:25:22+00:00\",\"dateModified\":\"2026-02-02T15:07:19+00:00\",\"breadcrumb\":{\"@id\":\"https:\\\/\\\/bbqentertainment.com\\\/toode\\\/yeti-termos-joogitops-kaanega-ja-sangaga-rambler-mug-20-oz-591-ml-key-lime-kollakas-laimiroheline\\\/#breadcrumb\"},\"inLanguage\":\"en-US\",\"potentialAction\":[{\"@type\":\"ReadAction\",\"target\":[\"https:\\\/\\\/bbqentertainment.com\\\/toode\\\/yeti-termos-joogitops-kaanega-ja-sangaga-rambler-mug-20-oz-591-ml-key-lime-kollakas-laimiroheline\\\/\"]}]},{\"@type\":\"ImageObject\",\"inLanguage\":\"en-US\",\"@id\":\"https:\\\/\\\/bbqentertainment.com\\\/toode\\\/yeti-termos-joogitops-kaanega-ja-sangaga-rambler-mug-20-oz-591-ml-key-lime-kollakas-laimiroheline\\\/#primaryimage\",\"url\":\"https:\\\/\\\/bbqentertainment.com\\\/wp-content\\\/uploads\\\/2026\\\/02\\\/02_site_studio_drinkware_Rambler_20oz_Travel_Mug_Key_Lime_5069_Primary_B_2400x2400_d0cf33be-9058-417e-ad93-0d8d91902515.jpg\",\"contentUrl\":\"https:\\\/\\\/bbqentertainment.com\\\/wp-content\\\/uploads\\\/2026\\\/02\\\/02_site_studio_drinkware_Rambler_20oz_Travel_Mug_Key_Lime_5069_Primary_B_2400x2400_d0cf33be-9058-417e-ad93-0d8d91902515.jpg\",\"width\":1200,\"height\":1200},{\"@type\":\"BreadcrumbList\",\"@id\":\"https:\\\/\\\/bbqentertainment.com\\\/toode\\\/yeti-termos-joogitops-kaanega-ja-sangaga-rambler-mug-20-oz-591-ml-key-lime-kollakas-laimiroheline\\\/#breadcrumb\",\"itemListElement\":[{\"@type\":\"ListItem\",\"position\":1,\"name\":\"AVALEHT\",\"item\":\"https:\\\/\\\/bbqentertainment.com\\\/en\\\/\"},{\"@type\":\"ListItem\",\"position\":2,\"name\":\"Tooted\",\"item\":\"https:\\\/\\\/bbqentertainment.com\\\/tooted\\\/\"},{\"@type\":\"ListItem\",\"position\":3,\"name\":\"Muud tooted\",\"item\":\"https:\\\/\\\/bbqentertainment.com\\\/tootekategooria\\\/muud-tooted\\\/\"},{\"@type\":\"ListItem\",\"position\":4,\"name\":\"YETI k\u00fclmakastid ja joogipudelid\",\"item\":\"https:\\\/\\\/bbqentertainment.com\\\/tootekategooria\\\/muud-tooted\\\/yeti-kulmakastid-ja-joogipudelid\\\/\"},{\"@type\":\"ListItem\",\"position\":5,\"name\":\"YETI termos-joogitops kaanega ja sangaga Rambler Mug 20 Oz \\\/ 591 ml Key Lime \\\/ Kollakas laimiroheline\"}]},{\"@type\":\"WebSite\",\"@id\":\"https:\\\/\\\/bbqentertainment.com\\\/#website\",\"url\":\"https:\\\/\\\/bbqentertainment.com\\\/\",\"name\":\"BBQ Entertainment\",\"description\":\"BBQ is a great lifestyle, not just fun!\",\"publisher\":{\"@id\":\"https:\\\/\\\/bbqentertainment.com\\\/#organization\"},\"potentialAction\":[{\"@type\":\"SearchAction\",\"target\":{\"@type\":\"EntryPoint\",\"urlTemplate\":\"https:\\\/\\\/bbqentertainment.com\\\/?s={search_term_string}\"},\"query-input\":{\"@type\":\"PropertyValueSpecification\",\"valueRequired\":true,\"valueName\":\"search_term_string\"}}],\"inLanguage\":\"en-US\"},{\"@type\":\"Organization\",\"@id\":\"https:\\\/\\\/bbqentertainment.com\\\/#organization\",\"name\":\"BBQ Entertainment O\u00dc\",\"url\":\"https:\\\/\\\/bbqentertainment.com\\\/\",\"logo\":{\"@type\":\"ImageObject\",\"inLanguage\":\"en-US\",\"@id\":\"https:\\\/\\\/bbqentertainment.com\\\/#\\\/schema\\\/logo\\\/image\\\/\",\"url\":\"https:\\\/\\\/bbqentertainment.com\\\/wp-content\\\/uploads\\\/2020\\\/04\\\/BBQ-Entertainment-N-Catering-Enn-Tobreluts-Logo.png\",\"contentUrl\":\"https:\\\/\\\/bbqentertainment.com\\\/wp-content\\\/uploads\\\/2020\\\/04\\\/BBQ-Entertainment-N-Catering-Enn-Tobreluts-Logo.png\",\"width\":628,\"height\":266,\"caption\":\"BBQ Entertainment O\u00dc\"},\"image\":{\"@id\":\"https:\\\/\\\/bbqentertainment.com\\\/#\\\/schema\\\/logo\\\/image\\\/\"},\"sameAs\":[\"https:\\\/\\\/www.facebook.com\\\/BBQ-Entertainment-N-Catering-2437913376443540\",\"https:\\\/\\\/www.instagram.com\\\/bbqentertainmentncatering\\\/\",\"https:\\\/\\\/www.youtube.com\\\/channel\\\/UCmpuANQVhLy2Md8nrenp2jA\"]}]}<\/script>\n<!-- \/ Yoast SEO plugin. -->","yoast_head_json":{"title":"YETI termos-joogitops kaanega ja sangaga Rambler Mug 20 Oz \/ 591 ml Key Lime \/ Kollakas laimiroheline - BBQ Entertainment","robots":{"index":"index","follow":"follow","max-snippet":"max-snippet:-1","max-image-preview":"max-image-preview:large","max-video-preview":"max-video-preview:-1"},"canonical":"https:\/\/bbqentertainment.com\/toode\/yeti-termos-joogitops-kaanega-ja-sangaga-rambler-mug-20-oz-591-ml-key-lime-kollakas-laimiroheline\/","og_locale":"en_US","og_type":"article","og_title":"YETI termos-joogitops kaanega ja sangaga Rambler Mug 20 Oz \/ 591 ml Key Lime \/ Kollakas laimiroheline - BBQ Entertainment","og_description":"YETI termos-joogitops kaanega ja sangaga Rambler Mug 20 Oz \/ 591 ml Key Lime \/ Kollakas laimiroheline Kogege liikuva eluviisiga sobivat jookide kaaslast YETI Rambler\u00ae 20 oz (591 ml) termos-joogitopsi kujul. Tugevalt sulguv Stronghold\u2122 kaas, mis on varustatud topelt-slaider magnettehnoloogiaga, hoiab teie lemmikjoogid kindlalt topsis, olgu teel, telkimisel v\u00f5i autohoidikus. Roostevabast terasest konstruktsioon pakub vastupidavust l\u00e4bistustele ja roostele, samas kui topeltseinaga vaakumisolatsioon tagab, et k\u00fclmad joogid p\u00fcsivad k\u00fclmad ja kuumad joogid kuumad, kuni viimane tilk on nauditud.  Naudi mugavat k\u00e4epidemega disaini, mis sobib peaaegu igasse topsihoidikusse, ning toote masinpestavus teeb sellest laitmatu kaaslase igas eluolukorras.","og_url":"https:\/\/bbqentertainment.com\/toode\/yeti-termos-joogitops-kaanega-ja-sangaga-rambler-mug-20-oz-591-ml-key-lime-kollakas-laimiroheline\/","og_site_name":"BBQ Entertainment","article_publisher":"https:\/\/www.facebook.com\/BBQ-Entertainment-N-Catering-2437913376443540","article_modified_time":"2026-02-02T15:07:19+00:00","og_image":[{"width":1200,"height":1200,"url":"https:\/\/bbqentertainment.com\/wp-content\/uploads\/2026\/02\/02_site_studio_drinkware_Rambler_20oz_Travel_Mug_Key_Lime_5069_Primary_B_2400x2400_d0cf33be-9058-417e-ad93-0d8d91902515.jpg","type":"image\/jpeg"}],"twitter_card":"summary_large_image","schema":{"@context":"https:\/\/schema.org","@graph":[{"@type":["WebPage","ItemPage"],"@id":"https:\/\/bbqentertainment.com\/toode\/yeti-termos-joogitops-kaanega-ja-sangaga-rambler-mug-20-oz-591-ml-key-lime-kollakas-laimiroheline\/","url":"https:\/\/bbqentertainment.com\/toode\/yeti-termos-joogitops-kaanega-ja-sangaga-rambler-mug-20-oz-591-ml-key-lime-kollakas-laimiroheline\/","name":"YETI termos-joogitops kaanega ja sangaga Rambler Mug 20 Oz \/ 591 ml Key Lime \/ Kollakas laimiroheline - BBQ Entertainment","isPartOf":{"@id":"https:\/\/bbqentertainment.com\/#website"},"primaryImageOfPage":{"@id":"https:\/\/bbqentertainment.com\/toode\/yeti-termos-joogitops-kaanega-ja-sangaga-rambler-mug-20-oz-591-ml-key-lime-kollakas-laimiroheline\/#primaryimage"},"image":{"@id":"https:\/\/bbqentertainment.com\/toode\/yeti-termos-joogitops-kaanega-ja-sangaga-rambler-mug-20-oz-591-ml-key-lime-kollakas-laimiroheline\/#primaryimage"},"thumbnailUrl":"https:\/\/bbqentertainment.com\/wp-content\/uploads\/2026\/02\/02_site_studio_drinkware_Rambler_20oz_Travel_Mug_Key_Lime_5069_Primary_B_2400x2400_d0cf33be-9058-417e-ad93-0d8d91902515.jpg","datePublished":"2026-02-02T14:25:22+00:00","dateModified":"2026-02-02T15:07:19+00:00","breadcrumb":{"@id":"https:\/\/bbqentertainment.com\/toode\/yeti-termos-joogitops-kaanega-ja-sangaga-rambler-mug-20-oz-591-ml-key-lime-kollakas-laimiroheline\/#breadcrumb"},"inLanguage":"en-US","potentialAction":[{"@type":"ReadAction","target":["https:\/\/bbqentertainment.com\/toode\/yeti-termos-joogitops-kaanega-ja-sangaga-rambler-mug-20-oz-591-ml-key-lime-kollakas-laimiroheline\/"]}]},{"@type":"ImageObject","inLanguage":"en-US","@id":"https:\/\/bbqentertainment.com\/toode\/yeti-termos-joogitops-kaanega-ja-sangaga-rambler-mug-20-oz-591-ml-key-lime-kollakas-laimiroheline\/#primaryimage","url":"https:\/\/bbqentertainment.com\/wp-content\/uploads\/2026\/02\/02_site_studio_drinkware_Rambler_20oz_Travel_Mug_Key_Lime_5069_Primary_B_2400x2400_d0cf33be-9058-417e-ad93-0d8d91902515.jpg","contentUrl":"https:\/\/bbqentertainment.com\/wp-content\/uploads\/2026\/02\/02_site_studio_drinkware_Rambler_20oz_Travel_Mug_Key_Lime_5069_Primary_B_2400x2400_d0cf33be-9058-417e-ad93-0d8d91902515.jpg","width":1200,"height":1200},{"@type":"BreadcrumbList","@id":"https:\/\/bbqentertainment.com\/toode\/yeti-termos-joogitops-kaanega-ja-sangaga-rambler-mug-20-oz-591-ml-key-lime-kollakas-laimiroheline\/#breadcrumb","itemListElement":[{"@type":"ListItem","position":1,"name":"AVALEHT","item":"https:\/\/bbqentertainment.com\/en\/"},{"@type":"ListItem","position":2,"name":"Tooted","item":"https:\/\/bbqentertainment.com\/tooted\/"},{"@type":"ListItem","position":3,"name":"Muud tooted","item":"https:\/\/bbqentertainment.com\/tootekategooria\/muud-tooted\/"},{"@type":"ListItem","position":4,"name":"YETI k\u00fclmakastid ja joogipudelid","item":"https:\/\/bbqentertainment.com\/tootekategooria\/muud-tooted\/yeti-kulmakastid-ja-joogipudelid\/"},{"@type":"ListItem","position":5,"name":"YETI termos-joogitops kaanega ja sangaga Rambler Mug 20 Oz \/ 591 ml Key Lime \/ Kollakas laimiroheline"}]},{"@type":"WebSite","@id":"https:\/\/bbqentertainment.com\/#website","url":"https:\/\/bbqentertainment.com\/","name":"BBQ Entertainment","description":"BBQ is a great lifestyle, not just fun!","publisher":{"@id":"https:\/\/bbqentertainment.com\/#organization"},"potentialAction":[{"@type":"SearchAction","target":{"@type":"EntryPoint","urlTemplate":"https:\/\/bbqentertainment.com\/?s={search_term_string}"},"query-input":{"@type":"PropertyValueSpecification","valueRequired":true,"valueName":"search_term_string"}}],"inLanguage":"en-US"},{"@type":"Organization","@id":"https:\/\/bbqentertainment.com\/#organization","name":"BBQ Entertainment O\u00dc","url":"https:\/\/bbqentertainment.com\/","logo":{"@type":"ImageObject","inLanguage":"en-US","@id":"https:\/\/bbqentertainment.com\/#\/schema\/logo\/image\/","url":"https:\/\/bbqentertainment.com\/wp-content\/uploads\/2020\/04\/BBQ-Entertainment-N-Catering-Enn-Tobreluts-Logo.png","contentUrl":"https:\/\/bbqentertainment.com\/wp-content\/uploads\/2020\/04\/BBQ-Entertainment-N-Catering-Enn-Tobreluts-Logo.png","width":628,"height":266,"caption":"BBQ Entertainment O\u00dc"},"image":{"@id":"https:\/\/bbqentertainment.com\/#\/schema\/logo\/image\/"},"sameAs":["https:\/\/www.facebook.com\/BBQ-Entertainment-N-Catering-2437913376443540","https:\/\/www.instagram.com\/bbqentertainmentncatering\/","https:\/\/www.youtube.com\/channel\/UCmpuANQVhLy2Md8nrenp2jA"]}]}},"_links":{"self":[{"href":"https:\/\/bbqentertainment.com\/en\/wp-json\/wp\/v2\/product\/257208","targetHints":{"allow":["GET"]}}],"collection":[{"href":"https:\/\/bbqentertainment.com\/en\/wp-json\/wp\/v2\/product"}],"about":[{"href":"https:\/\/bbqentertainment.com\/en\/wp-json\/wp\/v2\/types\/product"}],"wp:featuredmedia":[{"embeddable":true,"href":"https:\/\/bbqentertainment.com\/en\/wp-json\/wp\/v2\/media\/257248"}],"wp:attachment":[{"href":"https:\/\/bbqentertainment.com\/en\/wp-json\/wp\/v2\/media?parent=257208"}],"wp:term":[{"taxonomy":"product_brand","embeddable":true,"href":"https:\/\/bbqentertainment.com\/en\/wp-json\/wp\/v2\/product_brand?post=257208"},{"taxonomy":"product_cat","embeddable":true,"href":"https:\/\/bbqentertainment.com\/en\/wp-json\/wp\/v2\/product_cat?post=257208"},{"taxonomy":"product_tag","embeddable":true,"href":"https:\/\/bbqentertainment.com\/en\/wp-json\/wp\/v2\/product_tag?post=257208"}],"curies":[{"name":"wp","href":"https:\/\/api.w.org\/{rel}","templated":true}]}}