{"id":257210,"date":"2026-02-02T16:25:23","date_gmt":"2026-02-02T14:25:23","guid":{"rendered":"https:\/\/bbqentertainment.com\/?post_type=product&#038;p=257210"},"modified":"2026-02-02T17:11:48","modified_gmt":"2026-02-02T15:11:48","slug":"yeti-termospudel-rambler-bottle-18-oz-532-ml-seafoam-neoon-heleroheline","status":"publish","type":"product","link":"https:\/\/bbqentertainment.com\/en\/toode\/yeti-termospudel-rambler-bottle-18-oz-532-ml-seafoam-neoon-heleroheline\/","title":{"rendered":"YETI termospudel Rambler Bottle 18 Oz \/ 532 ml Seafoam \/ neoon heleroheline"},"content":{"rendered":"","protected":false},"excerpt":{"rendered":"<h3>YETI termospudel Rambler Bottle 18 Oz \/ 532 ml Seafoam \/ neoon heleroheline<\/h3>\n<p>YETI Rambler 18 oz (532 ml) termospudel Seafoam toonis pakub kiiret ja lihtsat lahendust vedelikuvajaduse katmiseks igal seiklusel. Olgu need hommikused matkaretked, kajakis\u00f5idud v\u00f5i igap\u00e4evased s\u00f5idud, see praktiline pudel hoiab teie joogid soovitud temperatuuril t\u00e4nu kahekordsele vaakumisolatsioonile. Chug Cap tagab mugava joomise liikvel olles ja pudel mahub enamike autode topsihoidjatesse. Pudeli purunemiskindel ja n\u00f5udepesumasinakindel suue muudab puhastamise lihtsaks. Erinevalt teistest pudelitest on YETI 100% lekkevaba konstruktsiooniga, mis annab kindlustunde, et sooritus on alati tippklassist. Lisaks on disain pritsmekindel ja BPA-vaba, pakkudes puhtust ja ohutust.<\/p>\n","protected":false},"featured_media":257256,"template":"","meta":{"inline_featured_image":false},"product_brand":[],"product_cat":[574],"product_tag":[],"class_list":{"0":"post-257210","1":"product","2":"type-product","3":"status-publish","4":"has-post-thumbnail","6":"product_cat-yeti-kulmakastid-ja-joogipudelid","8":"first","9":"instock","10":"taxable","11":"shipping-taxable","12":"purchasable","13":"product-type-simple"},"yoast_head":"<!-- This site is optimized with the Yoast SEO plugin v27.4 - https:\/\/yoast.com\/product\/yoast-seo-wordpress\/ -->\n<title>YETI termospudel Rambler Bottle 18 Oz \/ 532 ml Seafoam \/ neoon heleroheline - BBQ Entertainment<\/title>\n<meta name=\"robots\" content=\"index, follow, max-snippet:-1, max-image-preview:large, max-video-preview:-1\" \/>\n<link rel=\"canonical\" href=\"https:\/\/bbqentertainment.com\/toode\/yeti-termospudel-rambler-bottle-18-oz-532-ml-seafoam-neoon-heleroheline\/\" \/>\n<meta property=\"og:locale\" content=\"en_US\" \/>\n<meta property=\"og:type\" content=\"article\" \/>\n<meta property=\"og:title\" content=\"YETI termospudel Rambler Bottle 18 Oz \/ 532 ml Seafoam \/ neoon heleroheline - BBQ Entertainment\" \/>\n<meta property=\"og:description\" content=\"YETI termospudel Rambler Bottle 18 Oz \/ 532 ml Seafoam \/ neoon heleroheline YETI Rambler 18 oz (532 ml) termospudel Seafoam toonis pakub kiiret ja lihtsat lahendust vedelikuvajaduse katmiseks igal seiklusel. Olgu need hommikused matkaretked, kajakis\u00f5idud v\u00f5i igap\u00e4evased s\u00f5idud, see praktiline pudel hoiab teie joogid soovitud temperatuuril t\u00e4nu kahekordsele vaakumisolatsioonile. Chug Cap tagab mugava joomise liikvel olles ja pudel mahub enamike autode topsihoidjatesse. Pudeli purunemiskindel ja n\u00f5udepesumasinakindel suue muudab puhastamise lihtsaks. Erinevalt teistest pudelitest on YETI 100% lekkevaba konstruktsiooniga, mis annab kindlustunde, et sooritus on alati tippklassist. Lisaks on disain pritsmekindel ja BPA-vaba, pakkudes puhtust ja ohutust.\" \/>\n<meta property=\"og:url\" content=\"https:\/\/bbqentertainment.com\/toode\/yeti-termospudel-rambler-bottle-18-oz-532-ml-seafoam-neoon-heleroheline\/\" \/>\n<meta property=\"og:site_name\" content=\"BBQ Entertainment\" \/>\n<meta property=\"article:publisher\" content=\"https:\/\/www.facebook.com\/BBQ-Entertainment-N-Catering-2437913376443540\" \/>\n<meta property=\"article:modified_time\" content=\"2026-02-02T15:11:48+00:00\" \/>\n<meta property=\"og:image\" content=\"https:\/\/bbqentertainment.com\/wp-content\/uploads\/2026\/02\/02_Drinkware_BottleChug_18oz_Seafoam_Studio_PrimaryB_8f543ac1-bf14-4b5d-8ce6-9a7a5bbc54d5.jpg\" \/>\n\t<meta property=\"og:image:width\" content=\"1200\" \/>\n\t<meta property=\"og:image:height\" content=\"1200\" \/>\n\t<meta property=\"og:image:type\" content=\"image\/jpeg\" \/>\n<meta name=\"twitter:card\" content=\"summary_large_image\" \/>\n<meta name=\"twitter:label1\" content=\"Est. reading time\" \/>\n\t<meta name=\"twitter:data1\" content=\"1 minute\" \/>\n<script type=\"application\/ld+json\" class=\"yoast-schema-graph\">{\"@context\":\"https:\\\/\\\/schema.org\",\"@graph\":[{\"@type\":[\"WebPage\",\"ItemPage\"],\"@id\":\"https:\\\/\\\/bbqentertainment.com\\\/toode\\\/yeti-termospudel-rambler-bottle-18-oz-532-ml-seafoam-neoon-heleroheline\\\/\",\"url\":\"https:\\\/\\\/bbqentertainment.com\\\/toode\\\/yeti-termospudel-rambler-bottle-18-oz-532-ml-seafoam-neoon-heleroheline\\\/\",\"name\":\"YETI termospudel Rambler Bottle 18 Oz \\\/ 532 ml Seafoam \\\/ neoon heleroheline - BBQ Entertainment\",\"isPartOf\":{\"@id\":\"https:\\\/\\\/bbqentertainment.com\\\/#website\"},\"primaryImageOfPage\":{\"@id\":\"https:\\\/\\\/bbqentertainment.com\\\/toode\\\/yeti-termospudel-rambler-bottle-18-oz-532-ml-seafoam-neoon-heleroheline\\\/#primaryimage\"},\"image\":{\"@id\":\"https:\\\/\\\/bbqentertainment.com\\\/toode\\\/yeti-termospudel-rambler-bottle-18-oz-532-ml-seafoam-neoon-heleroheline\\\/#primaryimage\"},\"thumbnailUrl\":\"https:\\\/\\\/bbqentertainment.com\\\/wp-content\\\/uploads\\\/2026\\\/02\\\/02_Drinkware_BottleChug_18oz_Seafoam_Studio_PrimaryB_8f543ac1-bf14-4b5d-8ce6-9a7a5bbc54d5.jpg\",\"datePublished\":\"2026-02-02T14:25:23+00:00\",\"dateModified\":\"2026-02-02T15:11:48+00:00\",\"breadcrumb\":{\"@id\":\"https:\\\/\\\/bbqentertainment.com\\\/toode\\\/yeti-termospudel-rambler-bottle-18-oz-532-ml-seafoam-neoon-heleroheline\\\/#breadcrumb\"},\"inLanguage\":\"en-US\",\"potentialAction\":[{\"@type\":\"ReadAction\",\"target\":[\"https:\\\/\\\/bbqentertainment.com\\\/toode\\\/yeti-termospudel-rambler-bottle-18-oz-532-ml-seafoam-neoon-heleroheline\\\/\"]}]},{\"@type\":\"ImageObject\",\"inLanguage\":\"en-US\",\"@id\":\"https:\\\/\\\/bbqentertainment.com\\\/toode\\\/yeti-termospudel-rambler-bottle-18-oz-532-ml-seafoam-neoon-heleroheline\\\/#primaryimage\",\"url\":\"https:\\\/\\\/bbqentertainment.com\\\/wp-content\\\/uploads\\\/2026\\\/02\\\/02_Drinkware_BottleChug_18oz_Seafoam_Studio_PrimaryB_8f543ac1-bf14-4b5d-8ce6-9a7a5bbc54d5.jpg\",\"contentUrl\":\"https:\\\/\\\/bbqentertainment.com\\\/wp-content\\\/uploads\\\/2026\\\/02\\\/02_Drinkware_BottleChug_18oz_Seafoam_Studio_PrimaryB_8f543ac1-bf14-4b5d-8ce6-9a7a5bbc54d5.jpg\",\"width\":1200,\"height\":1200},{\"@type\":\"BreadcrumbList\",\"@id\":\"https:\\\/\\\/bbqentertainment.com\\\/toode\\\/yeti-termospudel-rambler-bottle-18-oz-532-ml-seafoam-neoon-heleroheline\\\/#breadcrumb\",\"itemListElement\":[{\"@type\":\"ListItem\",\"position\":1,\"name\":\"AVALEHT\",\"item\":\"https:\\\/\\\/bbqentertainment.com\\\/en\\\/\"},{\"@type\":\"ListItem\",\"position\":2,\"name\":\"Tooted\",\"item\":\"https:\\\/\\\/bbqentertainment.com\\\/tooted\\\/\"},{\"@type\":\"ListItem\",\"position\":3,\"name\":\"Muud tooted\",\"item\":\"https:\\\/\\\/bbqentertainment.com\\\/tootekategooria\\\/muud-tooted\\\/\"},{\"@type\":\"ListItem\",\"position\":4,\"name\":\"YETI k\u00fclmakastid ja joogipudelid\",\"item\":\"https:\\\/\\\/bbqentertainment.com\\\/tootekategooria\\\/muud-tooted\\\/yeti-kulmakastid-ja-joogipudelid\\\/\"},{\"@type\":\"ListItem\",\"position\":5,\"name\":\"YETI termospudel Rambler Bottle 18 Oz \\\/ 532 ml Seafoam \\\/ neoon heleroheline\"}]},{\"@type\":\"WebSite\",\"@id\":\"https:\\\/\\\/bbqentertainment.com\\\/#website\",\"url\":\"https:\\\/\\\/bbqentertainment.com\\\/\",\"name\":\"BBQ Entertainment\",\"description\":\"BBQ is a great lifestyle, not just fun!\",\"publisher\":{\"@id\":\"https:\\\/\\\/bbqentertainment.com\\\/#organization\"},\"potentialAction\":[{\"@type\":\"SearchAction\",\"target\":{\"@type\":\"EntryPoint\",\"urlTemplate\":\"https:\\\/\\\/bbqentertainment.com\\\/?s={search_term_string}\"},\"query-input\":{\"@type\":\"PropertyValueSpecification\",\"valueRequired\":true,\"valueName\":\"search_term_string\"}}],\"inLanguage\":\"en-US\"},{\"@type\":\"Organization\",\"@id\":\"https:\\\/\\\/bbqentertainment.com\\\/#organization\",\"name\":\"BBQ Entertainment O\u00dc\",\"url\":\"https:\\\/\\\/bbqentertainment.com\\\/\",\"logo\":{\"@type\":\"ImageObject\",\"inLanguage\":\"en-US\",\"@id\":\"https:\\\/\\\/bbqentertainment.com\\\/#\\\/schema\\\/logo\\\/image\\\/\",\"url\":\"https:\\\/\\\/bbqentertainment.com\\\/wp-content\\\/uploads\\\/2020\\\/04\\\/BBQ-Entertainment-N-Catering-Enn-Tobreluts-Logo.png\",\"contentUrl\":\"https:\\\/\\\/bbqentertainment.com\\\/wp-content\\\/uploads\\\/2020\\\/04\\\/BBQ-Entertainment-N-Catering-Enn-Tobreluts-Logo.png\",\"width\":628,\"height\":266,\"caption\":\"BBQ Entertainment O\u00dc\"},\"image\":{\"@id\":\"https:\\\/\\\/bbqentertainment.com\\\/#\\\/schema\\\/logo\\\/image\\\/\"},\"sameAs\":[\"https:\\\/\\\/www.facebook.com\\\/BBQ-Entertainment-N-Catering-2437913376443540\",\"https:\\\/\\\/www.instagram.com\\\/bbqentertainmentncatering\\\/\",\"https:\\\/\\\/www.youtube.com\\\/channel\\\/UCmpuANQVhLy2Md8nrenp2jA\"]}]}<\/script>\n<!-- \/ Yoast SEO plugin. -->","yoast_head_json":{"title":"YETI termospudel Rambler Bottle 18 Oz \/ 532 ml Seafoam \/ neoon heleroheline - BBQ Entertainment","robots":{"index":"index","follow":"follow","max-snippet":"max-snippet:-1","max-image-preview":"max-image-preview:large","max-video-preview":"max-video-preview:-1"},"canonical":"https:\/\/bbqentertainment.com\/toode\/yeti-termospudel-rambler-bottle-18-oz-532-ml-seafoam-neoon-heleroheline\/","og_locale":"en_US","og_type":"article","og_title":"YETI termospudel Rambler Bottle 18 Oz \/ 532 ml Seafoam \/ neoon heleroheline - BBQ Entertainment","og_description":"YETI termospudel Rambler Bottle 18 Oz \/ 532 ml Seafoam \/ neoon heleroheline YETI Rambler 18 oz (532 ml) termospudel Seafoam toonis pakub kiiret ja lihtsat lahendust vedelikuvajaduse katmiseks igal seiklusel. Olgu need hommikused matkaretked, kajakis\u00f5idud v\u00f5i igap\u00e4evased s\u00f5idud, see praktiline pudel hoiab teie joogid soovitud temperatuuril t\u00e4nu kahekordsele vaakumisolatsioonile. Chug Cap tagab mugava joomise liikvel olles ja pudel mahub enamike autode topsihoidjatesse. Pudeli purunemiskindel ja n\u00f5udepesumasinakindel suue muudab puhastamise lihtsaks. Erinevalt teistest pudelitest on YETI 100% lekkevaba konstruktsiooniga, mis annab kindlustunde, et sooritus on alati tippklassist. Lisaks on disain pritsmekindel ja BPA-vaba, pakkudes puhtust ja ohutust.","og_url":"https:\/\/bbqentertainment.com\/toode\/yeti-termospudel-rambler-bottle-18-oz-532-ml-seafoam-neoon-heleroheline\/","og_site_name":"BBQ Entertainment","article_publisher":"https:\/\/www.facebook.com\/BBQ-Entertainment-N-Catering-2437913376443540","article_modified_time":"2026-02-02T15:11:48+00:00","og_image":[{"width":1200,"height":1200,"url":"https:\/\/bbqentertainment.com\/wp-content\/uploads\/2026\/02\/02_Drinkware_BottleChug_18oz_Seafoam_Studio_PrimaryB_8f543ac1-bf14-4b5d-8ce6-9a7a5bbc54d5.jpg","type":"image\/jpeg"}],"twitter_card":"summary_large_image","twitter_misc":{"Est. reading time":"1 minute"},"schema":{"@context":"https:\/\/schema.org","@graph":[{"@type":["WebPage","ItemPage"],"@id":"https:\/\/bbqentertainment.com\/toode\/yeti-termospudel-rambler-bottle-18-oz-532-ml-seafoam-neoon-heleroheline\/","url":"https:\/\/bbqentertainment.com\/toode\/yeti-termospudel-rambler-bottle-18-oz-532-ml-seafoam-neoon-heleroheline\/","name":"YETI termospudel Rambler Bottle 18 Oz \/ 532 ml Seafoam \/ neoon heleroheline - BBQ Entertainment","isPartOf":{"@id":"https:\/\/bbqentertainment.com\/#website"},"primaryImageOfPage":{"@id":"https:\/\/bbqentertainment.com\/toode\/yeti-termospudel-rambler-bottle-18-oz-532-ml-seafoam-neoon-heleroheline\/#primaryimage"},"image":{"@id":"https:\/\/bbqentertainment.com\/toode\/yeti-termospudel-rambler-bottle-18-oz-532-ml-seafoam-neoon-heleroheline\/#primaryimage"},"thumbnailUrl":"https:\/\/bbqentertainment.com\/wp-content\/uploads\/2026\/02\/02_Drinkware_BottleChug_18oz_Seafoam_Studio_PrimaryB_8f543ac1-bf14-4b5d-8ce6-9a7a5bbc54d5.jpg","datePublished":"2026-02-02T14:25:23+00:00","dateModified":"2026-02-02T15:11:48+00:00","breadcrumb":{"@id":"https:\/\/bbqentertainment.com\/toode\/yeti-termospudel-rambler-bottle-18-oz-532-ml-seafoam-neoon-heleroheline\/#breadcrumb"},"inLanguage":"en-US","potentialAction":[{"@type":"ReadAction","target":["https:\/\/bbqentertainment.com\/toode\/yeti-termospudel-rambler-bottle-18-oz-532-ml-seafoam-neoon-heleroheline\/"]}]},{"@type":"ImageObject","inLanguage":"en-US","@id":"https:\/\/bbqentertainment.com\/toode\/yeti-termospudel-rambler-bottle-18-oz-532-ml-seafoam-neoon-heleroheline\/#primaryimage","url":"https:\/\/bbqentertainment.com\/wp-content\/uploads\/2026\/02\/02_Drinkware_BottleChug_18oz_Seafoam_Studio_PrimaryB_8f543ac1-bf14-4b5d-8ce6-9a7a5bbc54d5.jpg","contentUrl":"https:\/\/bbqentertainment.com\/wp-content\/uploads\/2026\/02\/02_Drinkware_BottleChug_18oz_Seafoam_Studio_PrimaryB_8f543ac1-bf14-4b5d-8ce6-9a7a5bbc54d5.jpg","width":1200,"height":1200},{"@type":"BreadcrumbList","@id":"https:\/\/bbqentertainment.com\/toode\/yeti-termospudel-rambler-bottle-18-oz-532-ml-seafoam-neoon-heleroheline\/#breadcrumb","itemListElement":[{"@type":"ListItem","position":1,"name":"AVALEHT","item":"https:\/\/bbqentertainment.com\/en\/"},{"@type":"ListItem","position":2,"name":"Tooted","item":"https:\/\/bbqentertainment.com\/tooted\/"},{"@type":"ListItem","position":3,"name":"Muud tooted","item":"https:\/\/bbqentertainment.com\/tootekategooria\/muud-tooted\/"},{"@type":"ListItem","position":4,"name":"YETI k\u00fclmakastid ja joogipudelid","item":"https:\/\/bbqentertainment.com\/tootekategooria\/muud-tooted\/yeti-kulmakastid-ja-joogipudelid\/"},{"@type":"ListItem","position":5,"name":"YETI termospudel Rambler Bottle 18 Oz \/ 532 ml Seafoam \/ neoon heleroheline"}]},{"@type":"WebSite","@id":"https:\/\/bbqentertainment.com\/#website","url":"https:\/\/bbqentertainment.com\/","name":"BBQ Entertainment","description":"BBQ is a great lifestyle, not just fun!","publisher":{"@id":"https:\/\/bbqentertainment.com\/#organization"},"potentialAction":[{"@type":"SearchAction","target":{"@type":"EntryPoint","urlTemplate":"https:\/\/bbqentertainment.com\/?s={search_term_string}"},"query-input":{"@type":"PropertyValueSpecification","valueRequired":true,"valueName":"search_term_string"}}],"inLanguage":"en-US"},{"@type":"Organization","@id":"https:\/\/bbqentertainment.com\/#organization","name":"BBQ Entertainment O\u00dc","url":"https:\/\/bbqentertainment.com\/","logo":{"@type":"ImageObject","inLanguage":"en-US","@id":"https:\/\/bbqentertainment.com\/#\/schema\/logo\/image\/","url":"https:\/\/bbqentertainment.com\/wp-content\/uploads\/2020\/04\/BBQ-Entertainment-N-Catering-Enn-Tobreluts-Logo.png","contentUrl":"https:\/\/bbqentertainment.com\/wp-content\/uploads\/2020\/04\/BBQ-Entertainment-N-Catering-Enn-Tobreluts-Logo.png","width":628,"height":266,"caption":"BBQ Entertainment O\u00dc"},"image":{"@id":"https:\/\/bbqentertainment.com\/#\/schema\/logo\/image\/"},"sameAs":["https:\/\/www.facebook.com\/BBQ-Entertainment-N-Catering-2437913376443540","https:\/\/www.instagram.com\/bbqentertainmentncatering\/","https:\/\/www.youtube.com\/channel\/UCmpuANQVhLy2Md8nrenp2jA"]}]}},"_links":{"self":[{"href":"https:\/\/bbqentertainment.com\/en\/wp-json\/wp\/v2\/product\/257210","targetHints":{"allow":["GET"]}}],"collection":[{"href":"https:\/\/bbqentertainment.com\/en\/wp-json\/wp\/v2\/product"}],"about":[{"href":"https:\/\/bbqentertainment.com\/en\/wp-json\/wp\/v2\/types\/product"}],"wp:featuredmedia":[{"embeddable":true,"href":"https:\/\/bbqentertainment.com\/en\/wp-json\/wp\/v2\/media\/257256"}],"wp:attachment":[{"href":"https:\/\/bbqentertainment.com\/en\/wp-json\/wp\/v2\/media?parent=257210"}],"wp:term":[{"taxonomy":"product_brand","embeddable":true,"href":"https:\/\/bbqentertainment.com\/en\/wp-json\/wp\/v2\/product_brand?post=257210"},{"taxonomy":"product_cat","embeddable":true,"href":"https:\/\/bbqentertainment.com\/en\/wp-json\/wp\/v2\/product_cat?post=257210"},{"taxonomy":"product_tag","embeddable":true,"href":"https:\/\/bbqentertainment.com\/en\/wp-json\/wp\/v2\/product_tag?post=257210"}],"curies":[{"name":"wp","href":"https:\/\/api.w.org\/{rel}","templated":true}]}}