{"id":257211,"date":"2026-02-02T16:25:24","date_gmt":"2026-02-02T14:25:24","guid":{"rendered":"https:\/\/bbqentertainment.com\/?post_type=product&#038;p=257211"},"modified":"2026-02-02T17:15:46","modified_gmt":"2026-02-02T15:15:46","slug":"yeti-vaike-taskupudel-7-oz-207-ml-forest-green-roheline","status":"publish","type":"product","link":"https:\/\/bbqentertainment.com\/en\/toode\/yeti-vaike-taskupudel-7-oz-207-ml-forest-green-roheline\/","title":{"rendered":"YETI v\u00e4ike taskupudel 7 Oz \/ 207 ml Forest Green \/ Roheline"},"content":{"rendered":"","protected":false},"excerpt":{"rendered":"<h3>YETI v\u00e4ike taskupudel 7 Oz \/ 207 ml Forest Green \/ Roheline<\/h3>\n<p>Avasta oma sisemine seikleja YETI taskupudeliga, mille mahutavus on 207 ml. See v\u00e4ike, kuid vastupidav pudel on valmistatud 18\/8 k\u00f6\u00f6gikvaliteediga roostevabast terasest, mis on vastupidav roostele ja kriimustustele. Taskupudeli Black Forest Green v\u00e4rv lisab elegantset varjundit, mis j\u00e4\u00e4b ajale kindlaks.<\/p>\n<p>Naudi oma lemmikjooke t\u00e4iuslikult lekkevaba kujundusega ning t\u00e4nu kaasas olevale lehtrile saab selle kergesti t\u00e4ita. Spetsiaalselt k\u00fclmade jookide hoidmiseks m\u00f5eldud taskupudel pakub mugavust nii matkadel kui ka igap\u00e4evastes seiklustes. Lihtsa hoolduse tagamiseks on see n\u00f5udepesumasinakindel.<\/p>\n<p>Alati valmis &#8211; hoia oma lemmikjook l\u00e4hedal, olgu teel v\u00f5i looduses. YETI taskupudel on teie ideaalne kaaslane igas olukorras.<\/p>\n","protected":false},"featured_media":257263,"template":"","meta":{"inline_featured_image":false},"product_brand":[],"product_cat":[574],"product_tag":[],"class_list":{"0":"post-257211","1":"product","2":"type-product","3":"status-publish","4":"has-post-thumbnail","6":"product_cat-yeti-kulmakastid-ja-joogipudelid","8":"first","9":"instock","10":"taxable","11":"shipping-taxable","12":"purchasable","13":"product-type-simple"},"yoast_head":"<!-- This site is optimized with the Yoast SEO plugin v27.4 - https:\/\/yoast.com\/product\/yoast-seo-wordpress\/ -->\n<title>YETI v\u00e4ike taskupudel 7 Oz \/ 207 ml Forest Green \/ Roheline - BBQ Entertainment<\/title>\n<meta name=\"robots\" content=\"index, follow, max-snippet:-1, max-image-preview:large, max-video-preview:-1\" \/>\n<link rel=\"canonical\" href=\"https:\/\/bbqentertainment.com\/toode\/yeti-vaike-taskupudel-7-oz-207-ml-forest-green-roheline\/\" \/>\n<meta property=\"og:locale\" content=\"en_US\" \/>\n<meta property=\"og:type\" content=\"article\" \/>\n<meta property=\"og:title\" content=\"YETI v\u00e4ike taskupudel 7 Oz \/ 207 ml Forest Green \/ Roheline - BBQ Entertainment\" \/>\n<meta property=\"og:description\" content=\"YETI v\u00e4ike taskupudel 7 Oz \/ 207 ml Forest Green \/ Roheline Avasta oma sisemine seikleja YETI taskupudeliga, mille mahutavus on 207 ml. See v\u00e4ike, kuid vastupidav pudel on valmistatud 18\/8 k\u00f6\u00f6gikvaliteediga roostevabast terasest, mis on vastupidav roostele ja kriimustustele. Taskupudeli Black Forest Green v\u00e4rv lisab elegantset varjundit, mis j\u00e4\u00e4b ajale kindlaks.  Naudi oma lemmikjooke t\u00e4iuslikult lekkevaba kujundusega ning t\u00e4nu kaasas olevale lehtrile saab selle kergesti t\u00e4ita. Spetsiaalselt k\u00fclmade jookide hoidmiseks m\u00f5eldud taskupudel pakub mugavust nii matkadel kui ka igap\u00e4evastes seiklustes. Lihtsa hoolduse tagamiseks on see n\u00f5udepesumasinakindel.  Alati valmis - hoia oma lemmikjook l\u00e4hedal, olgu teel v\u00f5i looduses. YETI taskupudel on teie ideaalne kaaslane igas olukorras.\" \/>\n<meta property=\"og:url\" content=\"https:\/\/bbqentertainment.com\/toode\/yeti-vaike-taskupudel-7-oz-207-ml-forest-green-roheline\/\" \/>\n<meta property=\"og:site_name\" content=\"BBQ Entertainment\" \/>\n<meta property=\"article:publisher\" content=\"https:\/\/www.facebook.com\/BBQ-Entertainment-N-Catering-2437913376443540\" \/>\n<meta property=\"article:modified_time\" content=\"2026-02-02T15:15:46+00:00\" \/>\n<meta property=\"og:image\" content=\"https:\/\/bbqentertainment.com\/wp-content\/uploads\/2026\/02\/02_Site_studio_drinkware_Rambler_Flask_Black_Forest_Green_Front_9694_B_Primary_2400x2400_a7366984-1818-444a-a774-328198966ab6.jpg\" \/>\n\t<meta property=\"og:image:width\" content=\"1200\" \/>\n\t<meta property=\"og:image:height\" content=\"1200\" \/>\n\t<meta property=\"og:image:type\" content=\"image\/jpeg\" \/>\n<meta name=\"twitter:card\" content=\"summary_large_image\" \/>\n<script type=\"application\/ld+json\" class=\"yoast-schema-graph\">{\"@context\":\"https:\\\/\\\/schema.org\",\"@graph\":[{\"@type\":[\"WebPage\",\"ItemPage\"],\"@id\":\"https:\\\/\\\/bbqentertainment.com\\\/toode\\\/yeti-vaike-taskupudel-7-oz-207-ml-forest-green-roheline\\\/\",\"url\":\"https:\\\/\\\/bbqentertainment.com\\\/toode\\\/yeti-vaike-taskupudel-7-oz-207-ml-forest-green-roheline\\\/\",\"name\":\"YETI v\u00e4ike taskupudel 7 Oz \\\/ 207 ml Forest Green \\\/ Roheline - BBQ Entertainment\",\"isPartOf\":{\"@id\":\"https:\\\/\\\/bbqentertainment.com\\\/#website\"},\"primaryImageOfPage\":{\"@id\":\"https:\\\/\\\/bbqentertainment.com\\\/toode\\\/yeti-vaike-taskupudel-7-oz-207-ml-forest-green-roheline\\\/#primaryimage\"},\"image\":{\"@id\":\"https:\\\/\\\/bbqentertainment.com\\\/toode\\\/yeti-vaike-taskupudel-7-oz-207-ml-forest-green-roheline\\\/#primaryimage\"},\"thumbnailUrl\":\"https:\\\/\\\/bbqentertainment.com\\\/wp-content\\\/uploads\\\/2026\\\/02\\\/02_Site_studio_drinkware_Rambler_Flask_Black_Forest_Green_Front_9694_B_Primary_2400x2400_a7366984-1818-444a-a774-328198966ab6.jpg\",\"datePublished\":\"2026-02-02T14:25:24+00:00\",\"dateModified\":\"2026-02-02T15:15:46+00:00\",\"breadcrumb\":{\"@id\":\"https:\\\/\\\/bbqentertainment.com\\\/toode\\\/yeti-vaike-taskupudel-7-oz-207-ml-forest-green-roheline\\\/#breadcrumb\"},\"inLanguage\":\"en-US\",\"potentialAction\":[{\"@type\":\"ReadAction\",\"target\":[\"https:\\\/\\\/bbqentertainment.com\\\/toode\\\/yeti-vaike-taskupudel-7-oz-207-ml-forest-green-roheline\\\/\"]}]},{\"@type\":\"ImageObject\",\"inLanguage\":\"en-US\",\"@id\":\"https:\\\/\\\/bbqentertainment.com\\\/toode\\\/yeti-vaike-taskupudel-7-oz-207-ml-forest-green-roheline\\\/#primaryimage\",\"url\":\"https:\\\/\\\/bbqentertainment.com\\\/wp-content\\\/uploads\\\/2026\\\/02\\\/02_Site_studio_drinkware_Rambler_Flask_Black_Forest_Green_Front_9694_B_Primary_2400x2400_a7366984-1818-444a-a774-328198966ab6.jpg\",\"contentUrl\":\"https:\\\/\\\/bbqentertainment.com\\\/wp-content\\\/uploads\\\/2026\\\/02\\\/02_Site_studio_drinkware_Rambler_Flask_Black_Forest_Green_Front_9694_B_Primary_2400x2400_a7366984-1818-444a-a774-328198966ab6.jpg\",\"width\":1200,\"height\":1200},{\"@type\":\"BreadcrumbList\",\"@id\":\"https:\\\/\\\/bbqentertainment.com\\\/toode\\\/yeti-vaike-taskupudel-7-oz-207-ml-forest-green-roheline\\\/#breadcrumb\",\"itemListElement\":[{\"@type\":\"ListItem\",\"position\":1,\"name\":\"AVALEHT\",\"item\":\"https:\\\/\\\/bbqentertainment.com\\\/en\\\/\"},{\"@type\":\"ListItem\",\"position\":2,\"name\":\"Tooted\",\"item\":\"https:\\\/\\\/bbqentertainment.com\\\/tooted\\\/\"},{\"@type\":\"ListItem\",\"position\":3,\"name\":\"Muud tooted\",\"item\":\"https:\\\/\\\/bbqentertainment.com\\\/tootekategooria\\\/muud-tooted\\\/\"},{\"@type\":\"ListItem\",\"position\":4,\"name\":\"YETI k\u00fclmakastid ja joogipudelid\",\"item\":\"https:\\\/\\\/bbqentertainment.com\\\/tootekategooria\\\/muud-tooted\\\/yeti-kulmakastid-ja-joogipudelid\\\/\"},{\"@type\":\"ListItem\",\"position\":5,\"name\":\"YETI v\u00e4ike taskupudel 7 Oz \\\/ 207 ml Forest Green \\\/ Roheline\"}]},{\"@type\":\"WebSite\",\"@id\":\"https:\\\/\\\/bbqentertainment.com\\\/#website\",\"url\":\"https:\\\/\\\/bbqentertainment.com\\\/\",\"name\":\"BBQ Entertainment\",\"description\":\"BBQ is a great lifestyle, not just fun!\",\"publisher\":{\"@id\":\"https:\\\/\\\/bbqentertainment.com\\\/#organization\"},\"potentialAction\":[{\"@type\":\"SearchAction\",\"target\":{\"@type\":\"EntryPoint\",\"urlTemplate\":\"https:\\\/\\\/bbqentertainment.com\\\/?s={search_term_string}\"},\"query-input\":{\"@type\":\"PropertyValueSpecification\",\"valueRequired\":true,\"valueName\":\"search_term_string\"}}],\"inLanguage\":\"en-US\"},{\"@type\":\"Organization\",\"@id\":\"https:\\\/\\\/bbqentertainment.com\\\/#organization\",\"name\":\"BBQ Entertainment O\u00dc\",\"url\":\"https:\\\/\\\/bbqentertainment.com\\\/\",\"logo\":{\"@type\":\"ImageObject\",\"inLanguage\":\"en-US\",\"@id\":\"https:\\\/\\\/bbqentertainment.com\\\/#\\\/schema\\\/logo\\\/image\\\/\",\"url\":\"https:\\\/\\\/bbqentertainment.com\\\/wp-content\\\/uploads\\\/2020\\\/04\\\/BBQ-Entertainment-N-Catering-Enn-Tobreluts-Logo.png\",\"contentUrl\":\"https:\\\/\\\/bbqentertainment.com\\\/wp-content\\\/uploads\\\/2020\\\/04\\\/BBQ-Entertainment-N-Catering-Enn-Tobreluts-Logo.png\",\"width\":628,\"height\":266,\"caption\":\"BBQ Entertainment O\u00dc\"},\"image\":{\"@id\":\"https:\\\/\\\/bbqentertainment.com\\\/#\\\/schema\\\/logo\\\/image\\\/\"},\"sameAs\":[\"https:\\\/\\\/www.facebook.com\\\/BBQ-Entertainment-N-Catering-2437913376443540\",\"https:\\\/\\\/www.instagram.com\\\/bbqentertainmentncatering\\\/\",\"https:\\\/\\\/www.youtube.com\\\/channel\\\/UCmpuANQVhLy2Md8nrenp2jA\"]}]}<\/script>\n<!-- \/ Yoast SEO plugin. -->","yoast_head_json":{"title":"YETI v\u00e4ike taskupudel 7 Oz \/ 207 ml Forest Green \/ Roheline - BBQ Entertainment","robots":{"index":"index","follow":"follow","max-snippet":"max-snippet:-1","max-image-preview":"max-image-preview:large","max-video-preview":"max-video-preview:-1"},"canonical":"https:\/\/bbqentertainment.com\/toode\/yeti-vaike-taskupudel-7-oz-207-ml-forest-green-roheline\/","og_locale":"en_US","og_type":"article","og_title":"YETI v\u00e4ike taskupudel 7 Oz \/ 207 ml Forest Green \/ Roheline - BBQ Entertainment","og_description":"YETI v\u00e4ike taskupudel 7 Oz \/ 207 ml Forest Green \/ Roheline Avasta oma sisemine seikleja YETI taskupudeliga, mille mahutavus on 207 ml. See v\u00e4ike, kuid vastupidav pudel on valmistatud 18\/8 k\u00f6\u00f6gikvaliteediga roostevabast terasest, mis on vastupidav roostele ja kriimustustele. Taskupudeli Black Forest Green v\u00e4rv lisab elegantset varjundit, mis j\u00e4\u00e4b ajale kindlaks.  Naudi oma lemmikjooke t\u00e4iuslikult lekkevaba kujundusega ning t\u00e4nu kaasas olevale lehtrile saab selle kergesti t\u00e4ita. Spetsiaalselt k\u00fclmade jookide hoidmiseks m\u00f5eldud taskupudel pakub mugavust nii matkadel kui ka igap\u00e4evastes seiklustes. Lihtsa hoolduse tagamiseks on see n\u00f5udepesumasinakindel.  Alati valmis - hoia oma lemmikjook l\u00e4hedal, olgu teel v\u00f5i looduses. YETI taskupudel on teie ideaalne kaaslane igas olukorras.","og_url":"https:\/\/bbqentertainment.com\/toode\/yeti-vaike-taskupudel-7-oz-207-ml-forest-green-roheline\/","og_site_name":"BBQ Entertainment","article_publisher":"https:\/\/www.facebook.com\/BBQ-Entertainment-N-Catering-2437913376443540","article_modified_time":"2026-02-02T15:15:46+00:00","og_image":[{"width":1200,"height":1200,"url":"https:\/\/bbqentertainment.com\/wp-content\/uploads\/2026\/02\/02_Site_studio_drinkware_Rambler_Flask_Black_Forest_Green_Front_9694_B_Primary_2400x2400_a7366984-1818-444a-a774-328198966ab6.jpg","type":"image\/jpeg"}],"twitter_card":"summary_large_image","schema":{"@context":"https:\/\/schema.org","@graph":[{"@type":["WebPage","ItemPage"],"@id":"https:\/\/bbqentertainment.com\/toode\/yeti-vaike-taskupudel-7-oz-207-ml-forest-green-roheline\/","url":"https:\/\/bbqentertainment.com\/toode\/yeti-vaike-taskupudel-7-oz-207-ml-forest-green-roheline\/","name":"YETI v\u00e4ike taskupudel 7 Oz \/ 207 ml Forest Green \/ Roheline - BBQ Entertainment","isPartOf":{"@id":"https:\/\/bbqentertainment.com\/#website"},"primaryImageOfPage":{"@id":"https:\/\/bbqentertainment.com\/toode\/yeti-vaike-taskupudel-7-oz-207-ml-forest-green-roheline\/#primaryimage"},"image":{"@id":"https:\/\/bbqentertainment.com\/toode\/yeti-vaike-taskupudel-7-oz-207-ml-forest-green-roheline\/#primaryimage"},"thumbnailUrl":"https:\/\/bbqentertainment.com\/wp-content\/uploads\/2026\/02\/02_Site_studio_drinkware_Rambler_Flask_Black_Forest_Green_Front_9694_B_Primary_2400x2400_a7366984-1818-444a-a774-328198966ab6.jpg","datePublished":"2026-02-02T14:25:24+00:00","dateModified":"2026-02-02T15:15:46+00:00","breadcrumb":{"@id":"https:\/\/bbqentertainment.com\/toode\/yeti-vaike-taskupudel-7-oz-207-ml-forest-green-roheline\/#breadcrumb"},"inLanguage":"en-US","potentialAction":[{"@type":"ReadAction","target":["https:\/\/bbqentertainment.com\/toode\/yeti-vaike-taskupudel-7-oz-207-ml-forest-green-roheline\/"]}]},{"@type":"ImageObject","inLanguage":"en-US","@id":"https:\/\/bbqentertainment.com\/toode\/yeti-vaike-taskupudel-7-oz-207-ml-forest-green-roheline\/#primaryimage","url":"https:\/\/bbqentertainment.com\/wp-content\/uploads\/2026\/02\/02_Site_studio_drinkware_Rambler_Flask_Black_Forest_Green_Front_9694_B_Primary_2400x2400_a7366984-1818-444a-a774-328198966ab6.jpg","contentUrl":"https:\/\/bbqentertainment.com\/wp-content\/uploads\/2026\/02\/02_Site_studio_drinkware_Rambler_Flask_Black_Forest_Green_Front_9694_B_Primary_2400x2400_a7366984-1818-444a-a774-328198966ab6.jpg","width":1200,"height":1200},{"@type":"BreadcrumbList","@id":"https:\/\/bbqentertainment.com\/toode\/yeti-vaike-taskupudel-7-oz-207-ml-forest-green-roheline\/#breadcrumb","itemListElement":[{"@type":"ListItem","position":1,"name":"AVALEHT","item":"https:\/\/bbqentertainment.com\/en\/"},{"@type":"ListItem","position":2,"name":"Tooted","item":"https:\/\/bbqentertainment.com\/tooted\/"},{"@type":"ListItem","position":3,"name":"Muud tooted","item":"https:\/\/bbqentertainment.com\/tootekategooria\/muud-tooted\/"},{"@type":"ListItem","position":4,"name":"YETI k\u00fclmakastid ja joogipudelid","item":"https:\/\/bbqentertainment.com\/tootekategooria\/muud-tooted\/yeti-kulmakastid-ja-joogipudelid\/"},{"@type":"ListItem","position":5,"name":"YETI v\u00e4ike taskupudel 7 Oz \/ 207 ml Forest Green \/ Roheline"}]},{"@type":"WebSite","@id":"https:\/\/bbqentertainment.com\/#website","url":"https:\/\/bbqentertainment.com\/","name":"BBQ Entertainment","description":"BBQ is a great lifestyle, not just fun!","publisher":{"@id":"https:\/\/bbqentertainment.com\/#organization"},"potentialAction":[{"@type":"SearchAction","target":{"@type":"EntryPoint","urlTemplate":"https:\/\/bbqentertainment.com\/?s={search_term_string}"},"query-input":{"@type":"PropertyValueSpecification","valueRequired":true,"valueName":"search_term_string"}}],"inLanguage":"en-US"},{"@type":"Organization","@id":"https:\/\/bbqentertainment.com\/#organization","name":"BBQ Entertainment O\u00dc","url":"https:\/\/bbqentertainment.com\/","logo":{"@type":"ImageObject","inLanguage":"en-US","@id":"https:\/\/bbqentertainment.com\/#\/schema\/logo\/image\/","url":"https:\/\/bbqentertainment.com\/wp-content\/uploads\/2020\/04\/BBQ-Entertainment-N-Catering-Enn-Tobreluts-Logo.png","contentUrl":"https:\/\/bbqentertainment.com\/wp-content\/uploads\/2020\/04\/BBQ-Entertainment-N-Catering-Enn-Tobreluts-Logo.png","width":628,"height":266,"caption":"BBQ Entertainment O\u00dc"},"image":{"@id":"https:\/\/bbqentertainment.com\/#\/schema\/logo\/image\/"},"sameAs":["https:\/\/www.facebook.com\/BBQ-Entertainment-N-Catering-2437913376443540","https:\/\/www.instagram.com\/bbqentertainmentncatering\/","https:\/\/www.youtube.com\/channel\/UCmpuANQVhLy2Md8nrenp2jA"]}]}},"_links":{"self":[{"href":"https:\/\/bbqentertainment.com\/en\/wp-json\/wp\/v2\/product\/257211","targetHints":{"allow":["GET"]}}],"collection":[{"href":"https:\/\/bbqentertainment.com\/en\/wp-json\/wp\/v2\/product"}],"about":[{"href":"https:\/\/bbqentertainment.com\/en\/wp-json\/wp\/v2\/types\/product"}],"wp:featuredmedia":[{"embeddable":true,"href":"https:\/\/bbqentertainment.com\/en\/wp-json\/wp\/v2\/media\/257263"}],"wp:attachment":[{"href":"https:\/\/bbqentertainment.com\/en\/wp-json\/wp\/v2\/media?parent=257211"}],"wp:term":[{"taxonomy":"product_brand","embeddable":true,"href":"https:\/\/bbqentertainment.com\/en\/wp-json\/wp\/v2\/product_brand?post=257211"},{"taxonomy":"product_cat","embeddable":true,"href":"https:\/\/bbqentertainment.com\/en\/wp-json\/wp\/v2\/product_cat?post=257211"},{"taxonomy":"product_tag","embeddable":true,"href":"https:\/\/bbqentertainment.com\/en\/wp-json\/wp\/v2\/product_tag?post=257211"}],"curies":[{"name":"wp","href":"https:\/\/api.w.org\/{rel}","templated":true}]}}