{"id":257212,"date":"2026-02-02T16:25:25","date_gmt":"2026-02-02T14:25:25","guid":{"rendered":"https:\/\/bbqentertainment.com\/?post_type=product&#038;p=257212"},"modified":"2026-02-02T17:20:42","modified_gmt":"2026-02-02T15:20:42","slug":"yeti-termos-joogitops-kaanega-ja-sangaga-rambler-mug-20-oz-591-ml-firefly-yellow-kollane","status":"publish","type":"product","link":"https:\/\/bbqentertainment.com\/en\/toode\/yeti-termos-joogitops-kaanega-ja-sangaga-rambler-mug-20-oz-591-ml-firefly-yellow-kollane\/","title":{"rendered":"YETI termos-joogitops kaanega ja sangaga Rambler Mug 20 Oz \/ 591 ml Firefly Yellow \/ Kollane"},"content":{"rendered":"","protected":false},"excerpt":{"rendered":"<h3>YETI termos-joogitops kaanega ja sangaga Rambler Mug 20 Oz \/ 591 ml Firefly Yellow \/ Kollane<\/h3>\n<p>YETI Rambler\u00ae 20 oz (591 ml) termos-joogitops on kohustuslik kaaslane igale hommikukohvi nautijale. S\u00e4ravas Firefly kollases toonis, mahutab see termos 591 ml sinu lemmikjooki, hoides selle temperatuuri t\u00e4iuslikuna kogu teekonna v\u00e4ltel. Koos kaubam\u00e4rgi Stronghold\u2122 lekkekindla kaanega, mis on varustatud kahepoolse magnetklapp-tehnoloogiaga, sobib mugavalt nii parema- kui vasakuk\u00e4elistele.<\/p>\n<p>Valmistatud vastupidavast 18\/8 roostevabast terasest, tagab vastupidavuse punktsioonide ja roostetamise vastu. Topeltseinaga vaakumisolatsioon hoiab k\u00fclmad joogid ja kuumad joogid kuumana kuni viimase tilgani. T\u00e4nu n\u00f5udepesumasinas pestavale disainile, ei lisa see kruus t\u00e4iendavat t\u00f6\u00f6d. Lisaks sobib enamikesse topsihoidjatesse, tehes sellest praktilise valiku igasse autosse.<\/p>\n<p>Tagatud viieaastase garantiiga, on see YETI Rambler\u00ae toode BPA-vaba, pakkudes nii meelerahu kui ka mugavust igap\u00e4evaseks kasutamiseks.<\/p>\n","protected":false},"featured_media":257274,"template":"","meta":{"inline_featured_image":false},"product_brand":[],"product_cat":[574],"product_tag":[],"class_list":{"0":"post-257212","1":"product","2":"type-product","3":"status-publish","4":"has-post-thumbnail","6":"product_cat-yeti-kulmakastid-ja-joogipudelid","8":"first","9":"instock","10":"taxable","11":"shipping-taxable","12":"purchasable","13":"product-type-simple"},"yoast_head":"<!-- This site is optimized with the Yoast SEO plugin v27.4 - https:\/\/yoast.com\/product\/yoast-seo-wordpress\/ -->\n<title>YETI termos-joogitops kaanega ja sangaga Rambler Mug 20 Oz \/ 591 ml Firefly Yellow \/ Kollane - BBQ Entertainment<\/title>\n<meta name=\"robots\" content=\"index, follow, max-snippet:-1, max-image-preview:large, max-video-preview:-1\" \/>\n<link rel=\"canonical\" href=\"https:\/\/bbqentertainment.com\/toode\/yeti-termos-joogitops-kaanega-ja-sangaga-rambler-mug-20-oz-591-ml-firefly-yellow-kollane\/\" \/>\n<meta property=\"og:locale\" content=\"en_US\" \/>\n<meta property=\"og:type\" content=\"article\" \/>\n<meta property=\"og:title\" content=\"YETI termos-joogitops kaanega ja sangaga Rambler Mug 20 Oz \/ 591 ml Firefly Yellow \/ Kollane - BBQ Entertainment\" \/>\n<meta property=\"og:description\" content=\"YETI termos-joogitops kaanega ja sangaga Rambler Mug 20 Oz \/ 591 ml Firefly Yellow \/ Kollane YETI Rambler\u00ae 20 oz (591 ml) termos-joogitops on kohustuslik kaaslane igale hommikukohvi nautijale. S\u00e4ravas Firefly kollases toonis, mahutab see termos 591 ml sinu lemmikjooki, hoides selle temperatuuri t\u00e4iuslikuna kogu teekonna v\u00e4ltel. Koos kaubam\u00e4rgi Stronghold\u2122 lekkekindla kaanega, mis on varustatud kahepoolse magnetklapp-tehnoloogiaga, sobib mugavalt nii parema- kui vasakuk\u00e4elistele.  Valmistatud vastupidavast 18\/8 roostevabast terasest, tagab vastupidavuse punktsioonide ja roostetamise vastu. Topeltseinaga vaakumisolatsioon hoiab k\u00fclmad joogid ja kuumad joogid kuumana kuni viimase tilgani. T\u00e4nu n\u00f5udepesumasinas pestavale disainile, ei lisa see kruus t\u00e4iendavat t\u00f6\u00f6d. Lisaks sobib enamikesse topsihoidjatesse, tehes sellest praktilise valiku igasse autosse.  Tagatud viieaastase garantiiga, on see YETI Rambler\u00ae toode BPA-vaba, pakkudes nii meelerahu kui ka mugavust igap\u00e4evaseks kasutamiseks.\" \/>\n<meta property=\"og:url\" content=\"https:\/\/bbqentertainment.com\/toode\/yeti-termos-joogitops-kaanega-ja-sangaga-rambler-mug-20-oz-591-ml-firefly-yellow-kollane\/\" \/>\n<meta property=\"og:site_name\" content=\"BBQ Entertainment\" \/>\n<meta property=\"article:publisher\" content=\"https:\/\/www.facebook.com\/BBQ-Entertainment-N-Catering-2437913376443540\" \/>\n<meta property=\"article:modified_time\" content=\"2026-02-02T15:20:42+00:00\" \/>\n<meta property=\"og:image\" content=\"https:\/\/bbqentertainment.com\/wp-content\/uploads\/2026\/02\/02_site_studio_drinkware_Rambler_20oz_Travel_Mug_Firefly_Yellow_5069_Primary_B_2400x2400_fb3261dc-c40d-407d-8206-2fa33ee24f20.jpg\" \/>\n\t<meta property=\"og:image:width\" content=\"1200\" \/>\n\t<meta property=\"og:image:height\" content=\"1200\" \/>\n\t<meta property=\"og:image:type\" content=\"image\/jpeg\" \/>\n<meta name=\"twitter:card\" content=\"summary_large_image\" \/>\n<meta name=\"twitter:label1\" content=\"Est. reading time\" \/>\n\t<meta name=\"twitter:data1\" content=\"1 minute\" \/>\n<script type=\"application\/ld+json\" class=\"yoast-schema-graph\">{\"@context\":\"https:\\\/\\\/schema.org\",\"@graph\":[{\"@type\":[\"WebPage\",\"ItemPage\"],\"@id\":\"https:\\\/\\\/bbqentertainment.com\\\/toode\\\/yeti-termos-joogitops-kaanega-ja-sangaga-rambler-mug-20-oz-591-ml-firefly-yellow-kollane\\\/\",\"url\":\"https:\\\/\\\/bbqentertainment.com\\\/toode\\\/yeti-termos-joogitops-kaanega-ja-sangaga-rambler-mug-20-oz-591-ml-firefly-yellow-kollane\\\/\",\"name\":\"YETI termos-joogitops kaanega ja sangaga Rambler Mug 20 Oz \\\/ 591 ml Firefly Yellow \\\/ Kollane - BBQ Entertainment\",\"isPartOf\":{\"@id\":\"https:\\\/\\\/bbqentertainment.com\\\/#website\"},\"primaryImageOfPage\":{\"@id\":\"https:\\\/\\\/bbqentertainment.com\\\/toode\\\/yeti-termos-joogitops-kaanega-ja-sangaga-rambler-mug-20-oz-591-ml-firefly-yellow-kollane\\\/#primaryimage\"},\"image\":{\"@id\":\"https:\\\/\\\/bbqentertainment.com\\\/toode\\\/yeti-termos-joogitops-kaanega-ja-sangaga-rambler-mug-20-oz-591-ml-firefly-yellow-kollane\\\/#primaryimage\"},\"thumbnailUrl\":\"https:\\\/\\\/bbqentertainment.com\\\/wp-content\\\/uploads\\\/2026\\\/02\\\/02_site_studio_drinkware_Rambler_20oz_Travel_Mug_Firefly_Yellow_5069_Primary_B_2400x2400_fb3261dc-c40d-407d-8206-2fa33ee24f20.jpg\",\"datePublished\":\"2026-02-02T14:25:25+00:00\",\"dateModified\":\"2026-02-02T15:20:42+00:00\",\"breadcrumb\":{\"@id\":\"https:\\\/\\\/bbqentertainment.com\\\/toode\\\/yeti-termos-joogitops-kaanega-ja-sangaga-rambler-mug-20-oz-591-ml-firefly-yellow-kollane\\\/#breadcrumb\"},\"inLanguage\":\"en-US\",\"potentialAction\":[{\"@type\":\"ReadAction\",\"target\":[\"https:\\\/\\\/bbqentertainment.com\\\/toode\\\/yeti-termos-joogitops-kaanega-ja-sangaga-rambler-mug-20-oz-591-ml-firefly-yellow-kollane\\\/\"]}]},{\"@type\":\"ImageObject\",\"inLanguage\":\"en-US\",\"@id\":\"https:\\\/\\\/bbqentertainment.com\\\/toode\\\/yeti-termos-joogitops-kaanega-ja-sangaga-rambler-mug-20-oz-591-ml-firefly-yellow-kollane\\\/#primaryimage\",\"url\":\"https:\\\/\\\/bbqentertainment.com\\\/wp-content\\\/uploads\\\/2026\\\/02\\\/02_site_studio_drinkware_Rambler_20oz_Travel_Mug_Firefly_Yellow_5069_Primary_B_2400x2400_fb3261dc-c40d-407d-8206-2fa33ee24f20.jpg\",\"contentUrl\":\"https:\\\/\\\/bbqentertainment.com\\\/wp-content\\\/uploads\\\/2026\\\/02\\\/02_site_studio_drinkware_Rambler_20oz_Travel_Mug_Firefly_Yellow_5069_Primary_B_2400x2400_fb3261dc-c40d-407d-8206-2fa33ee24f20.jpg\",\"width\":1200,\"height\":1200},{\"@type\":\"BreadcrumbList\",\"@id\":\"https:\\\/\\\/bbqentertainment.com\\\/toode\\\/yeti-termos-joogitops-kaanega-ja-sangaga-rambler-mug-20-oz-591-ml-firefly-yellow-kollane\\\/#breadcrumb\",\"itemListElement\":[{\"@type\":\"ListItem\",\"position\":1,\"name\":\"AVALEHT\",\"item\":\"https:\\\/\\\/bbqentertainment.com\\\/en\\\/\"},{\"@type\":\"ListItem\",\"position\":2,\"name\":\"Tooted\",\"item\":\"https:\\\/\\\/bbqentertainment.com\\\/tooted\\\/\"},{\"@type\":\"ListItem\",\"position\":3,\"name\":\"Muud tooted\",\"item\":\"https:\\\/\\\/bbqentertainment.com\\\/tootekategooria\\\/muud-tooted\\\/\"},{\"@type\":\"ListItem\",\"position\":4,\"name\":\"YETI k\u00fclmakastid ja joogipudelid\",\"item\":\"https:\\\/\\\/bbqentertainment.com\\\/tootekategooria\\\/muud-tooted\\\/yeti-kulmakastid-ja-joogipudelid\\\/\"},{\"@type\":\"ListItem\",\"position\":5,\"name\":\"YETI termos-joogitops kaanega ja sangaga Rambler Mug 20 Oz \\\/ 591 ml Firefly Yellow \\\/ Kollane\"}]},{\"@type\":\"WebSite\",\"@id\":\"https:\\\/\\\/bbqentertainment.com\\\/#website\",\"url\":\"https:\\\/\\\/bbqentertainment.com\\\/\",\"name\":\"BBQ Entertainment\",\"description\":\"BBQ is a great lifestyle, not just fun!\",\"publisher\":{\"@id\":\"https:\\\/\\\/bbqentertainment.com\\\/#organization\"},\"potentialAction\":[{\"@type\":\"SearchAction\",\"target\":{\"@type\":\"EntryPoint\",\"urlTemplate\":\"https:\\\/\\\/bbqentertainment.com\\\/?s={search_term_string}\"},\"query-input\":{\"@type\":\"PropertyValueSpecification\",\"valueRequired\":true,\"valueName\":\"search_term_string\"}}],\"inLanguage\":\"en-US\"},{\"@type\":\"Organization\",\"@id\":\"https:\\\/\\\/bbqentertainment.com\\\/#organization\",\"name\":\"BBQ Entertainment O\u00dc\",\"url\":\"https:\\\/\\\/bbqentertainment.com\\\/\",\"logo\":{\"@type\":\"ImageObject\",\"inLanguage\":\"en-US\",\"@id\":\"https:\\\/\\\/bbqentertainment.com\\\/#\\\/schema\\\/logo\\\/image\\\/\",\"url\":\"https:\\\/\\\/bbqentertainment.com\\\/wp-content\\\/uploads\\\/2020\\\/04\\\/BBQ-Entertainment-N-Catering-Enn-Tobreluts-Logo.png\",\"contentUrl\":\"https:\\\/\\\/bbqentertainment.com\\\/wp-content\\\/uploads\\\/2020\\\/04\\\/BBQ-Entertainment-N-Catering-Enn-Tobreluts-Logo.png\",\"width\":628,\"height\":266,\"caption\":\"BBQ Entertainment O\u00dc\"},\"image\":{\"@id\":\"https:\\\/\\\/bbqentertainment.com\\\/#\\\/schema\\\/logo\\\/image\\\/\"},\"sameAs\":[\"https:\\\/\\\/www.facebook.com\\\/BBQ-Entertainment-N-Catering-2437913376443540\",\"https:\\\/\\\/www.instagram.com\\\/bbqentertainmentncatering\\\/\",\"https:\\\/\\\/www.youtube.com\\\/channel\\\/UCmpuANQVhLy2Md8nrenp2jA\"]}]}<\/script>\n<!-- \/ Yoast SEO plugin. -->","yoast_head_json":{"title":"YETI termos-joogitops kaanega ja sangaga Rambler Mug 20 Oz \/ 591 ml Firefly Yellow \/ Kollane - BBQ Entertainment","robots":{"index":"index","follow":"follow","max-snippet":"max-snippet:-1","max-image-preview":"max-image-preview:large","max-video-preview":"max-video-preview:-1"},"canonical":"https:\/\/bbqentertainment.com\/toode\/yeti-termos-joogitops-kaanega-ja-sangaga-rambler-mug-20-oz-591-ml-firefly-yellow-kollane\/","og_locale":"en_US","og_type":"article","og_title":"YETI termos-joogitops kaanega ja sangaga Rambler Mug 20 Oz \/ 591 ml Firefly Yellow \/ Kollane - BBQ Entertainment","og_description":"YETI termos-joogitops kaanega ja sangaga Rambler Mug 20 Oz \/ 591 ml Firefly Yellow \/ Kollane YETI Rambler\u00ae 20 oz (591 ml) termos-joogitops on kohustuslik kaaslane igale hommikukohvi nautijale. S\u00e4ravas Firefly kollases toonis, mahutab see termos 591 ml sinu lemmikjooki, hoides selle temperatuuri t\u00e4iuslikuna kogu teekonna v\u00e4ltel. Koos kaubam\u00e4rgi Stronghold\u2122 lekkekindla kaanega, mis on varustatud kahepoolse magnetklapp-tehnoloogiaga, sobib mugavalt nii parema- kui vasakuk\u00e4elistele.  Valmistatud vastupidavast 18\/8 roostevabast terasest, tagab vastupidavuse punktsioonide ja roostetamise vastu. Topeltseinaga vaakumisolatsioon hoiab k\u00fclmad joogid ja kuumad joogid kuumana kuni viimase tilgani. T\u00e4nu n\u00f5udepesumasinas pestavale disainile, ei lisa see kruus t\u00e4iendavat t\u00f6\u00f6d. Lisaks sobib enamikesse topsihoidjatesse, tehes sellest praktilise valiku igasse autosse.  Tagatud viieaastase garantiiga, on see YETI Rambler\u00ae toode BPA-vaba, pakkudes nii meelerahu kui ka mugavust igap\u00e4evaseks kasutamiseks.","og_url":"https:\/\/bbqentertainment.com\/toode\/yeti-termos-joogitops-kaanega-ja-sangaga-rambler-mug-20-oz-591-ml-firefly-yellow-kollane\/","og_site_name":"BBQ Entertainment","article_publisher":"https:\/\/www.facebook.com\/BBQ-Entertainment-N-Catering-2437913376443540","article_modified_time":"2026-02-02T15:20:42+00:00","og_image":[{"width":1200,"height":1200,"url":"https:\/\/bbqentertainment.com\/wp-content\/uploads\/2026\/02\/02_site_studio_drinkware_Rambler_20oz_Travel_Mug_Firefly_Yellow_5069_Primary_B_2400x2400_fb3261dc-c40d-407d-8206-2fa33ee24f20.jpg","type":"image\/jpeg"}],"twitter_card":"summary_large_image","twitter_misc":{"Est. reading time":"1 minute"},"schema":{"@context":"https:\/\/schema.org","@graph":[{"@type":["WebPage","ItemPage"],"@id":"https:\/\/bbqentertainment.com\/toode\/yeti-termos-joogitops-kaanega-ja-sangaga-rambler-mug-20-oz-591-ml-firefly-yellow-kollane\/","url":"https:\/\/bbqentertainment.com\/toode\/yeti-termos-joogitops-kaanega-ja-sangaga-rambler-mug-20-oz-591-ml-firefly-yellow-kollane\/","name":"YETI termos-joogitops kaanega ja sangaga Rambler Mug 20 Oz \/ 591 ml Firefly Yellow \/ Kollane - BBQ Entertainment","isPartOf":{"@id":"https:\/\/bbqentertainment.com\/#website"},"primaryImageOfPage":{"@id":"https:\/\/bbqentertainment.com\/toode\/yeti-termos-joogitops-kaanega-ja-sangaga-rambler-mug-20-oz-591-ml-firefly-yellow-kollane\/#primaryimage"},"image":{"@id":"https:\/\/bbqentertainment.com\/toode\/yeti-termos-joogitops-kaanega-ja-sangaga-rambler-mug-20-oz-591-ml-firefly-yellow-kollane\/#primaryimage"},"thumbnailUrl":"https:\/\/bbqentertainment.com\/wp-content\/uploads\/2026\/02\/02_site_studio_drinkware_Rambler_20oz_Travel_Mug_Firefly_Yellow_5069_Primary_B_2400x2400_fb3261dc-c40d-407d-8206-2fa33ee24f20.jpg","datePublished":"2026-02-02T14:25:25+00:00","dateModified":"2026-02-02T15:20:42+00:00","breadcrumb":{"@id":"https:\/\/bbqentertainment.com\/toode\/yeti-termos-joogitops-kaanega-ja-sangaga-rambler-mug-20-oz-591-ml-firefly-yellow-kollane\/#breadcrumb"},"inLanguage":"en-US","potentialAction":[{"@type":"ReadAction","target":["https:\/\/bbqentertainment.com\/toode\/yeti-termos-joogitops-kaanega-ja-sangaga-rambler-mug-20-oz-591-ml-firefly-yellow-kollane\/"]}]},{"@type":"ImageObject","inLanguage":"en-US","@id":"https:\/\/bbqentertainment.com\/toode\/yeti-termos-joogitops-kaanega-ja-sangaga-rambler-mug-20-oz-591-ml-firefly-yellow-kollane\/#primaryimage","url":"https:\/\/bbqentertainment.com\/wp-content\/uploads\/2026\/02\/02_site_studio_drinkware_Rambler_20oz_Travel_Mug_Firefly_Yellow_5069_Primary_B_2400x2400_fb3261dc-c40d-407d-8206-2fa33ee24f20.jpg","contentUrl":"https:\/\/bbqentertainment.com\/wp-content\/uploads\/2026\/02\/02_site_studio_drinkware_Rambler_20oz_Travel_Mug_Firefly_Yellow_5069_Primary_B_2400x2400_fb3261dc-c40d-407d-8206-2fa33ee24f20.jpg","width":1200,"height":1200},{"@type":"BreadcrumbList","@id":"https:\/\/bbqentertainment.com\/toode\/yeti-termos-joogitops-kaanega-ja-sangaga-rambler-mug-20-oz-591-ml-firefly-yellow-kollane\/#breadcrumb","itemListElement":[{"@type":"ListItem","position":1,"name":"AVALEHT","item":"https:\/\/bbqentertainment.com\/en\/"},{"@type":"ListItem","position":2,"name":"Tooted","item":"https:\/\/bbqentertainment.com\/tooted\/"},{"@type":"ListItem","position":3,"name":"Muud tooted","item":"https:\/\/bbqentertainment.com\/tootekategooria\/muud-tooted\/"},{"@type":"ListItem","position":4,"name":"YETI k\u00fclmakastid ja joogipudelid","item":"https:\/\/bbqentertainment.com\/tootekategooria\/muud-tooted\/yeti-kulmakastid-ja-joogipudelid\/"},{"@type":"ListItem","position":5,"name":"YETI termos-joogitops kaanega ja sangaga Rambler Mug 20 Oz \/ 591 ml Firefly Yellow \/ Kollane"}]},{"@type":"WebSite","@id":"https:\/\/bbqentertainment.com\/#website","url":"https:\/\/bbqentertainment.com\/","name":"BBQ Entertainment","description":"BBQ is a great lifestyle, not just fun!","publisher":{"@id":"https:\/\/bbqentertainment.com\/#organization"},"potentialAction":[{"@type":"SearchAction","target":{"@type":"EntryPoint","urlTemplate":"https:\/\/bbqentertainment.com\/?s={search_term_string}"},"query-input":{"@type":"PropertyValueSpecification","valueRequired":true,"valueName":"search_term_string"}}],"inLanguage":"en-US"},{"@type":"Organization","@id":"https:\/\/bbqentertainment.com\/#organization","name":"BBQ Entertainment O\u00dc","url":"https:\/\/bbqentertainment.com\/","logo":{"@type":"ImageObject","inLanguage":"en-US","@id":"https:\/\/bbqentertainment.com\/#\/schema\/logo\/image\/","url":"https:\/\/bbqentertainment.com\/wp-content\/uploads\/2020\/04\/BBQ-Entertainment-N-Catering-Enn-Tobreluts-Logo.png","contentUrl":"https:\/\/bbqentertainment.com\/wp-content\/uploads\/2020\/04\/BBQ-Entertainment-N-Catering-Enn-Tobreluts-Logo.png","width":628,"height":266,"caption":"BBQ Entertainment O\u00dc"},"image":{"@id":"https:\/\/bbqentertainment.com\/#\/schema\/logo\/image\/"},"sameAs":["https:\/\/www.facebook.com\/BBQ-Entertainment-N-Catering-2437913376443540","https:\/\/www.instagram.com\/bbqentertainmentncatering\/","https:\/\/www.youtube.com\/channel\/UCmpuANQVhLy2Md8nrenp2jA"]}]}},"_links":{"self":[{"href":"https:\/\/bbqentertainment.com\/en\/wp-json\/wp\/v2\/product\/257212","targetHints":{"allow":["GET"]}}],"collection":[{"href":"https:\/\/bbqentertainment.com\/en\/wp-json\/wp\/v2\/product"}],"about":[{"href":"https:\/\/bbqentertainment.com\/en\/wp-json\/wp\/v2\/types\/product"}],"wp:featuredmedia":[{"embeddable":true,"href":"https:\/\/bbqentertainment.com\/en\/wp-json\/wp\/v2\/media\/257274"}],"wp:attachment":[{"href":"https:\/\/bbqentertainment.com\/en\/wp-json\/wp\/v2\/media?parent=257212"}],"wp:term":[{"taxonomy":"product_brand","embeddable":true,"href":"https:\/\/bbqentertainment.com\/en\/wp-json\/wp\/v2\/product_brand?post=257212"},{"taxonomy":"product_cat","embeddable":true,"href":"https:\/\/bbqentertainment.com\/en\/wp-json\/wp\/v2\/product_cat?post=257212"},{"taxonomy":"product_tag","embeddable":true,"href":"https:\/\/bbqentertainment.com\/en\/wp-json\/wp\/v2\/product_tag?post=257212"}],"curies":[{"name":"wp","href":"https:\/\/api.w.org\/{rel}","templated":true}]}}