{"id":257213,"date":"2026-02-02T16:25:26","date_gmt":"2026-02-02T14:25:26","guid":{"rendered":"https:\/\/bbqentertainment.com\/?post_type=product&#038;p=257213"},"modified":"2026-02-02T17:24:45","modified_gmt":"2026-02-02T15:24:45","slug":"yeti-termos-joogitops-kaanega-ja-sangaga-rambler-mug-25-oz-739-ml-ultramarine-violet-lilla","status":"publish","type":"product","link":"https:\/\/bbqentertainment.com\/en\/toode\/yeti-termos-joogitops-kaanega-ja-sangaga-rambler-mug-25-oz-739-ml-ultramarine-violet-lilla\/","title":{"rendered":"YETI termos-joogitops kaanega ja sangaga Rambler Mug 25 Oz \/ 739 ml Ultramarine Violet \/ Lilla"},"content":{"rendered":"","protected":false},"excerpt":{"rendered":"<h3>YETI termos-joogitops kaanega ja sangaga Rambler Mug 25 Oz \/ 739 ml Ultramarine Violet \/ Lilla<\/h3>\n<p>Astuge uude tasemesse oma igap\u00e4evaste joogielamustega YETI Rambler\u00ae 25 oz (739 ml) Straw Mug&#8217;iga, mille v\u00e4rvivalikus on kirgas Ultramarine Violet. See praktilise sangaga mugav tops on teie igap\u00e4evaseks kaaslaseks, olenemata sellest, kas l\u00e4bite j\u00e4rjekordset matkaseiklust v\u00f5i vajate lihtsalt v\u00e4rskendust t\u00f6\u00f6p\u00e4eval.<\/p>\n<p>Valmistatud vastupidavast, k\u00f6\u00f6gikvaliteediga 18\/8 roostevabast terasest, mis on vastupidav nii l\u00e4bivoolule kui ka roostele. K\u00fclmade jookide jaoks v\u00e4ltimatuks osutub kahekihiline vaakumisolatsioon, mis hoiab teie joogid jahedana isegi k\u00f5ige kuumematel p\u00e4evadel.<\/p>\n<p>Mugav ja korduvalt kasutatav kaanega k\u00f5rs muudab selle joogitopsi suurep\u00e4raseks valikuks smuutide v\u00f5i j\u00e4\u00e4kohvi serveerimiseks kogu p\u00e4evaks. Kasutajas\u00f5bralikud m\u00f5\u00f5tmed sobivad standardsete auto topsihoidjatega, pakkudes v\u00f5imalust nautida oma lemmikjooke liikvel olles.<\/p>\n<p>Lisaks on YETI Rambler\u00ae n\u00f5udepesumasinas pestav, et muuta teie igap\u00e4evane hooldus lihtsaks ja muretuks. Avasta uue taseme vastupidavust ja mugavust, mis kestab aastak\u00fcmneid \u2014 ja \u00e4rge unustage oma persoonaalset tekstilisandit meie einete haldajal lisavaid teenuseid kasutades. T\u00e4iuslik valik k\u00f5igile seiklushimulistele ja stiiliteadlikele!<\/p>\n","protected":false},"featured_media":257277,"template":"","meta":{"inline_featured_image":false},"product_brand":[],"product_cat":[574],"product_tag":[],"class_list":{"0":"post-257213","1":"product","2":"type-product","3":"status-publish","4":"has-post-thumbnail","6":"product_cat-yeti-kulmakastid-ja-joogipudelid","8":"first","9":"instock","10":"taxable","11":"shipping-taxable","12":"purchasable","13":"product-type-simple"},"yoast_head":"<!-- This site is optimized with the Yoast SEO plugin v27.4 - https:\/\/yoast.com\/product\/yoast-seo-wordpress\/ -->\n<title>YETI termos-joogitops kaanega ja sangaga Rambler Mug 25 Oz \/ 739 ml Ultramarine Violet \/ Lilla - BBQ Entertainment<\/title>\n<meta name=\"robots\" content=\"index, follow, max-snippet:-1, max-image-preview:large, max-video-preview:-1\" \/>\n<link rel=\"canonical\" href=\"https:\/\/bbqentertainment.com\/toode\/yeti-termos-joogitops-kaanega-ja-sangaga-rambler-mug-25-oz-739-ml-ultramarine-violet-lilla\/\" \/>\n<meta property=\"og:locale\" content=\"en_US\" \/>\n<meta property=\"og:type\" content=\"article\" \/>\n<meta property=\"og:title\" content=\"YETI termos-joogitops kaanega ja sangaga Rambler Mug 25 Oz \/ 739 ml Ultramarine Violet \/ Lilla - BBQ Entertainment\" \/>\n<meta property=\"og:description\" content=\"YETI termos-joogitops kaanega ja sangaga Rambler Mug 25 Oz \/ 739 ml Ultramarine Violet \/ Lilla Astuge uude tasemesse oma igap\u00e4evaste joogielamustega YETI Rambler\u00ae 25 oz (739 ml) Straw Mug&#039;iga, mille v\u00e4rvivalikus on kirgas Ultramarine Violet. See praktilise sangaga mugav tops on teie igap\u00e4evaseks kaaslaseks, olenemata sellest, kas l\u00e4bite j\u00e4rjekordset matkaseiklust v\u00f5i vajate lihtsalt v\u00e4rskendust t\u00f6\u00f6p\u00e4eval.  Valmistatud vastupidavast, k\u00f6\u00f6gikvaliteediga 18\/8 roostevabast terasest, mis on vastupidav nii l\u00e4bivoolule kui ka roostele. K\u00fclmade jookide jaoks v\u00e4ltimatuks osutub kahekihiline vaakumisolatsioon, mis hoiab teie joogid jahedana isegi k\u00f5ige kuumematel p\u00e4evadel.  Mugav ja korduvalt kasutatav kaanega k\u00f5rs muudab selle joogitopsi suurep\u00e4raseks valikuks smuutide v\u00f5i j\u00e4\u00e4kohvi serveerimiseks kogu p\u00e4evaks. Kasutajas\u00f5bralikud m\u00f5\u00f5tmed sobivad standardsete auto topsihoidjatega, pakkudes v\u00f5imalust nautida oma lemmikjooke liikvel olles.  Lisaks on YETI Rambler\u00ae n\u00f5udepesumasinas pestav, et muuta teie igap\u00e4evane hooldus lihtsaks ja muretuks. Avasta uue taseme vastupidavust ja mugavust, mis kestab aastak\u00fcmneid \u2014 ja \u00e4rge unustage oma persoonaalset tekstilisandit meie einete haldajal lisavaid teenuseid kasutades. T\u00e4iuslik valik k\u00f5igile seiklushimulistele ja stiiliteadlikele!\" \/>\n<meta property=\"og:url\" content=\"https:\/\/bbqentertainment.com\/toode\/yeti-termos-joogitops-kaanega-ja-sangaga-rambler-mug-25-oz-739-ml-ultramarine-violet-lilla\/\" \/>\n<meta property=\"og:site_name\" content=\"BBQ Entertainment\" \/>\n<meta property=\"article:publisher\" content=\"https:\/\/www.facebook.com\/BBQ-Entertainment-N-Catering-2437913376443540\" \/>\n<meta property=\"article:modified_time\" content=\"2026-02-02T15:24:45+00:00\" \/>\n<meta property=\"og:image\" content=\"https:\/\/bbqentertainment.com\/wp-content\/uploads\/2026\/02\/02_site_studio_drinkware_Rambler_25oz_Straw_Mug_Ultramarine_Violet_Front_0175_Primary_B_2400x2400_4e2ad888-deee-4f92-b9fd-ecf411d7a803.jpg\" \/>\n\t<meta property=\"og:image:width\" content=\"1200\" \/>\n\t<meta property=\"og:image:height\" content=\"1200\" \/>\n\t<meta property=\"og:image:type\" content=\"image\/jpeg\" \/>\n<meta name=\"twitter:card\" content=\"summary_large_image\" \/>\n<meta name=\"twitter:label1\" content=\"Est. reading time\" \/>\n\t<meta name=\"twitter:data1\" content=\"1 minute\" \/>\n<script type=\"application\/ld+json\" class=\"yoast-schema-graph\">{\"@context\":\"https:\\\/\\\/schema.org\",\"@graph\":[{\"@type\":[\"WebPage\",\"ItemPage\"],\"@id\":\"https:\\\/\\\/bbqentertainment.com\\\/toode\\\/yeti-termos-joogitops-kaanega-ja-sangaga-rambler-mug-25-oz-739-ml-ultramarine-violet-lilla\\\/\",\"url\":\"https:\\\/\\\/bbqentertainment.com\\\/toode\\\/yeti-termos-joogitops-kaanega-ja-sangaga-rambler-mug-25-oz-739-ml-ultramarine-violet-lilla\\\/\",\"name\":\"YETI termos-joogitops kaanega ja sangaga Rambler Mug 25 Oz \\\/ 739 ml Ultramarine Violet \\\/ Lilla - BBQ Entertainment\",\"isPartOf\":{\"@id\":\"https:\\\/\\\/bbqentertainment.com\\\/#website\"},\"primaryImageOfPage\":{\"@id\":\"https:\\\/\\\/bbqentertainment.com\\\/toode\\\/yeti-termos-joogitops-kaanega-ja-sangaga-rambler-mug-25-oz-739-ml-ultramarine-violet-lilla\\\/#primaryimage\"},\"image\":{\"@id\":\"https:\\\/\\\/bbqentertainment.com\\\/toode\\\/yeti-termos-joogitops-kaanega-ja-sangaga-rambler-mug-25-oz-739-ml-ultramarine-violet-lilla\\\/#primaryimage\"},\"thumbnailUrl\":\"https:\\\/\\\/bbqentertainment.com\\\/wp-content\\\/uploads\\\/2026\\\/02\\\/02_site_studio_drinkware_Rambler_25oz_Straw_Mug_Ultramarine_Violet_Front_0175_Primary_B_2400x2400_4e2ad888-deee-4f92-b9fd-ecf411d7a803.jpg\",\"datePublished\":\"2026-02-02T14:25:26+00:00\",\"dateModified\":\"2026-02-02T15:24:45+00:00\",\"breadcrumb\":{\"@id\":\"https:\\\/\\\/bbqentertainment.com\\\/toode\\\/yeti-termos-joogitops-kaanega-ja-sangaga-rambler-mug-25-oz-739-ml-ultramarine-violet-lilla\\\/#breadcrumb\"},\"inLanguage\":\"en-US\",\"potentialAction\":[{\"@type\":\"ReadAction\",\"target\":[\"https:\\\/\\\/bbqentertainment.com\\\/toode\\\/yeti-termos-joogitops-kaanega-ja-sangaga-rambler-mug-25-oz-739-ml-ultramarine-violet-lilla\\\/\"]}]},{\"@type\":\"ImageObject\",\"inLanguage\":\"en-US\",\"@id\":\"https:\\\/\\\/bbqentertainment.com\\\/toode\\\/yeti-termos-joogitops-kaanega-ja-sangaga-rambler-mug-25-oz-739-ml-ultramarine-violet-lilla\\\/#primaryimage\",\"url\":\"https:\\\/\\\/bbqentertainment.com\\\/wp-content\\\/uploads\\\/2026\\\/02\\\/02_site_studio_drinkware_Rambler_25oz_Straw_Mug_Ultramarine_Violet_Front_0175_Primary_B_2400x2400_4e2ad888-deee-4f92-b9fd-ecf411d7a803.jpg\",\"contentUrl\":\"https:\\\/\\\/bbqentertainment.com\\\/wp-content\\\/uploads\\\/2026\\\/02\\\/02_site_studio_drinkware_Rambler_25oz_Straw_Mug_Ultramarine_Violet_Front_0175_Primary_B_2400x2400_4e2ad888-deee-4f92-b9fd-ecf411d7a803.jpg\",\"width\":1200,\"height\":1200},{\"@type\":\"BreadcrumbList\",\"@id\":\"https:\\\/\\\/bbqentertainment.com\\\/toode\\\/yeti-termos-joogitops-kaanega-ja-sangaga-rambler-mug-25-oz-739-ml-ultramarine-violet-lilla\\\/#breadcrumb\",\"itemListElement\":[{\"@type\":\"ListItem\",\"position\":1,\"name\":\"AVALEHT\",\"item\":\"https:\\\/\\\/bbqentertainment.com\\\/en\\\/\"},{\"@type\":\"ListItem\",\"position\":2,\"name\":\"Tooted\",\"item\":\"https:\\\/\\\/bbqentertainment.com\\\/tooted\\\/\"},{\"@type\":\"ListItem\",\"position\":3,\"name\":\"Muud tooted\",\"item\":\"https:\\\/\\\/bbqentertainment.com\\\/tootekategooria\\\/muud-tooted\\\/\"},{\"@type\":\"ListItem\",\"position\":4,\"name\":\"YETI k\u00fclmakastid ja joogipudelid\",\"item\":\"https:\\\/\\\/bbqentertainment.com\\\/tootekategooria\\\/muud-tooted\\\/yeti-kulmakastid-ja-joogipudelid\\\/\"},{\"@type\":\"ListItem\",\"position\":5,\"name\":\"YETI termos-joogitops kaanega ja sangaga Rambler Mug 25 Oz \\\/ 739 ml Ultramarine Violet \\\/ Lilla\"}]},{\"@type\":\"WebSite\",\"@id\":\"https:\\\/\\\/bbqentertainment.com\\\/#website\",\"url\":\"https:\\\/\\\/bbqentertainment.com\\\/\",\"name\":\"BBQ Entertainment\",\"description\":\"BBQ is a great lifestyle, not just fun!\",\"publisher\":{\"@id\":\"https:\\\/\\\/bbqentertainment.com\\\/#organization\"},\"potentialAction\":[{\"@type\":\"SearchAction\",\"target\":{\"@type\":\"EntryPoint\",\"urlTemplate\":\"https:\\\/\\\/bbqentertainment.com\\\/?s={search_term_string}\"},\"query-input\":{\"@type\":\"PropertyValueSpecification\",\"valueRequired\":true,\"valueName\":\"search_term_string\"}}],\"inLanguage\":\"en-US\"},{\"@type\":\"Organization\",\"@id\":\"https:\\\/\\\/bbqentertainment.com\\\/#organization\",\"name\":\"BBQ Entertainment O\u00dc\",\"url\":\"https:\\\/\\\/bbqentertainment.com\\\/\",\"logo\":{\"@type\":\"ImageObject\",\"inLanguage\":\"en-US\",\"@id\":\"https:\\\/\\\/bbqentertainment.com\\\/#\\\/schema\\\/logo\\\/image\\\/\",\"url\":\"https:\\\/\\\/bbqentertainment.com\\\/wp-content\\\/uploads\\\/2020\\\/04\\\/BBQ-Entertainment-N-Catering-Enn-Tobreluts-Logo.png\",\"contentUrl\":\"https:\\\/\\\/bbqentertainment.com\\\/wp-content\\\/uploads\\\/2020\\\/04\\\/BBQ-Entertainment-N-Catering-Enn-Tobreluts-Logo.png\",\"width\":628,\"height\":266,\"caption\":\"BBQ Entertainment O\u00dc\"},\"image\":{\"@id\":\"https:\\\/\\\/bbqentertainment.com\\\/#\\\/schema\\\/logo\\\/image\\\/\"},\"sameAs\":[\"https:\\\/\\\/www.facebook.com\\\/BBQ-Entertainment-N-Catering-2437913376443540\",\"https:\\\/\\\/www.instagram.com\\\/bbqentertainmentncatering\\\/\",\"https:\\\/\\\/www.youtube.com\\\/channel\\\/UCmpuANQVhLy2Md8nrenp2jA\"]}]}<\/script>\n<!-- \/ Yoast SEO plugin. -->","yoast_head_json":{"title":"YETI termos-joogitops kaanega ja sangaga Rambler Mug 25 Oz \/ 739 ml Ultramarine Violet \/ Lilla - BBQ Entertainment","robots":{"index":"index","follow":"follow","max-snippet":"max-snippet:-1","max-image-preview":"max-image-preview:large","max-video-preview":"max-video-preview:-1"},"canonical":"https:\/\/bbqentertainment.com\/toode\/yeti-termos-joogitops-kaanega-ja-sangaga-rambler-mug-25-oz-739-ml-ultramarine-violet-lilla\/","og_locale":"en_US","og_type":"article","og_title":"YETI termos-joogitops kaanega ja sangaga Rambler Mug 25 Oz \/ 739 ml Ultramarine Violet \/ Lilla - BBQ Entertainment","og_description":"YETI termos-joogitops kaanega ja sangaga Rambler Mug 25 Oz \/ 739 ml Ultramarine Violet \/ Lilla Astuge uude tasemesse oma igap\u00e4evaste joogielamustega YETI Rambler\u00ae 25 oz (739 ml) Straw Mug'iga, mille v\u00e4rvivalikus on kirgas Ultramarine Violet. See praktilise sangaga mugav tops on teie igap\u00e4evaseks kaaslaseks, olenemata sellest, kas l\u00e4bite j\u00e4rjekordset matkaseiklust v\u00f5i vajate lihtsalt v\u00e4rskendust t\u00f6\u00f6p\u00e4eval.  Valmistatud vastupidavast, k\u00f6\u00f6gikvaliteediga 18\/8 roostevabast terasest, mis on vastupidav nii l\u00e4bivoolule kui ka roostele. K\u00fclmade jookide jaoks v\u00e4ltimatuks osutub kahekihiline vaakumisolatsioon, mis hoiab teie joogid jahedana isegi k\u00f5ige kuumematel p\u00e4evadel.  Mugav ja korduvalt kasutatav kaanega k\u00f5rs muudab selle joogitopsi suurep\u00e4raseks valikuks smuutide v\u00f5i j\u00e4\u00e4kohvi serveerimiseks kogu p\u00e4evaks. Kasutajas\u00f5bralikud m\u00f5\u00f5tmed sobivad standardsete auto topsihoidjatega, pakkudes v\u00f5imalust nautida oma lemmikjooke liikvel olles.  Lisaks on YETI Rambler\u00ae n\u00f5udepesumasinas pestav, et muuta teie igap\u00e4evane hooldus lihtsaks ja muretuks. Avasta uue taseme vastupidavust ja mugavust, mis kestab aastak\u00fcmneid \u2014 ja \u00e4rge unustage oma persoonaalset tekstilisandit meie einete haldajal lisavaid teenuseid kasutades. T\u00e4iuslik valik k\u00f5igile seiklushimulistele ja stiiliteadlikele!","og_url":"https:\/\/bbqentertainment.com\/toode\/yeti-termos-joogitops-kaanega-ja-sangaga-rambler-mug-25-oz-739-ml-ultramarine-violet-lilla\/","og_site_name":"BBQ Entertainment","article_publisher":"https:\/\/www.facebook.com\/BBQ-Entertainment-N-Catering-2437913376443540","article_modified_time":"2026-02-02T15:24:45+00:00","og_image":[{"width":1200,"height":1200,"url":"https:\/\/bbqentertainment.com\/wp-content\/uploads\/2026\/02\/02_site_studio_drinkware_Rambler_25oz_Straw_Mug_Ultramarine_Violet_Front_0175_Primary_B_2400x2400_4e2ad888-deee-4f92-b9fd-ecf411d7a803.jpg","type":"image\/jpeg"}],"twitter_card":"summary_large_image","twitter_misc":{"Est. reading time":"1 minute"},"schema":{"@context":"https:\/\/schema.org","@graph":[{"@type":["WebPage","ItemPage"],"@id":"https:\/\/bbqentertainment.com\/toode\/yeti-termos-joogitops-kaanega-ja-sangaga-rambler-mug-25-oz-739-ml-ultramarine-violet-lilla\/","url":"https:\/\/bbqentertainment.com\/toode\/yeti-termos-joogitops-kaanega-ja-sangaga-rambler-mug-25-oz-739-ml-ultramarine-violet-lilla\/","name":"YETI termos-joogitops kaanega ja sangaga Rambler Mug 25 Oz \/ 739 ml Ultramarine Violet \/ Lilla - BBQ Entertainment","isPartOf":{"@id":"https:\/\/bbqentertainment.com\/#website"},"primaryImageOfPage":{"@id":"https:\/\/bbqentertainment.com\/toode\/yeti-termos-joogitops-kaanega-ja-sangaga-rambler-mug-25-oz-739-ml-ultramarine-violet-lilla\/#primaryimage"},"image":{"@id":"https:\/\/bbqentertainment.com\/toode\/yeti-termos-joogitops-kaanega-ja-sangaga-rambler-mug-25-oz-739-ml-ultramarine-violet-lilla\/#primaryimage"},"thumbnailUrl":"https:\/\/bbqentertainment.com\/wp-content\/uploads\/2026\/02\/02_site_studio_drinkware_Rambler_25oz_Straw_Mug_Ultramarine_Violet_Front_0175_Primary_B_2400x2400_4e2ad888-deee-4f92-b9fd-ecf411d7a803.jpg","datePublished":"2026-02-02T14:25:26+00:00","dateModified":"2026-02-02T15:24:45+00:00","breadcrumb":{"@id":"https:\/\/bbqentertainment.com\/toode\/yeti-termos-joogitops-kaanega-ja-sangaga-rambler-mug-25-oz-739-ml-ultramarine-violet-lilla\/#breadcrumb"},"inLanguage":"en-US","potentialAction":[{"@type":"ReadAction","target":["https:\/\/bbqentertainment.com\/toode\/yeti-termos-joogitops-kaanega-ja-sangaga-rambler-mug-25-oz-739-ml-ultramarine-violet-lilla\/"]}]},{"@type":"ImageObject","inLanguage":"en-US","@id":"https:\/\/bbqentertainment.com\/toode\/yeti-termos-joogitops-kaanega-ja-sangaga-rambler-mug-25-oz-739-ml-ultramarine-violet-lilla\/#primaryimage","url":"https:\/\/bbqentertainment.com\/wp-content\/uploads\/2026\/02\/02_site_studio_drinkware_Rambler_25oz_Straw_Mug_Ultramarine_Violet_Front_0175_Primary_B_2400x2400_4e2ad888-deee-4f92-b9fd-ecf411d7a803.jpg","contentUrl":"https:\/\/bbqentertainment.com\/wp-content\/uploads\/2026\/02\/02_site_studio_drinkware_Rambler_25oz_Straw_Mug_Ultramarine_Violet_Front_0175_Primary_B_2400x2400_4e2ad888-deee-4f92-b9fd-ecf411d7a803.jpg","width":1200,"height":1200},{"@type":"BreadcrumbList","@id":"https:\/\/bbqentertainment.com\/toode\/yeti-termos-joogitops-kaanega-ja-sangaga-rambler-mug-25-oz-739-ml-ultramarine-violet-lilla\/#breadcrumb","itemListElement":[{"@type":"ListItem","position":1,"name":"AVALEHT","item":"https:\/\/bbqentertainment.com\/en\/"},{"@type":"ListItem","position":2,"name":"Tooted","item":"https:\/\/bbqentertainment.com\/tooted\/"},{"@type":"ListItem","position":3,"name":"Muud tooted","item":"https:\/\/bbqentertainment.com\/tootekategooria\/muud-tooted\/"},{"@type":"ListItem","position":4,"name":"YETI k\u00fclmakastid ja joogipudelid","item":"https:\/\/bbqentertainment.com\/tootekategooria\/muud-tooted\/yeti-kulmakastid-ja-joogipudelid\/"},{"@type":"ListItem","position":5,"name":"YETI termos-joogitops kaanega ja sangaga Rambler Mug 25 Oz \/ 739 ml Ultramarine Violet \/ Lilla"}]},{"@type":"WebSite","@id":"https:\/\/bbqentertainment.com\/#website","url":"https:\/\/bbqentertainment.com\/","name":"BBQ Entertainment","description":"BBQ is a great lifestyle, not just fun!","publisher":{"@id":"https:\/\/bbqentertainment.com\/#organization"},"potentialAction":[{"@type":"SearchAction","target":{"@type":"EntryPoint","urlTemplate":"https:\/\/bbqentertainment.com\/?s={search_term_string}"},"query-input":{"@type":"PropertyValueSpecification","valueRequired":true,"valueName":"search_term_string"}}],"inLanguage":"en-US"},{"@type":"Organization","@id":"https:\/\/bbqentertainment.com\/#organization","name":"BBQ Entertainment O\u00dc","url":"https:\/\/bbqentertainment.com\/","logo":{"@type":"ImageObject","inLanguage":"en-US","@id":"https:\/\/bbqentertainment.com\/#\/schema\/logo\/image\/","url":"https:\/\/bbqentertainment.com\/wp-content\/uploads\/2020\/04\/BBQ-Entertainment-N-Catering-Enn-Tobreluts-Logo.png","contentUrl":"https:\/\/bbqentertainment.com\/wp-content\/uploads\/2020\/04\/BBQ-Entertainment-N-Catering-Enn-Tobreluts-Logo.png","width":628,"height":266,"caption":"BBQ Entertainment O\u00dc"},"image":{"@id":"https:\/\/bbqentertainment.com\/#\/schema\/logo\/image\/"},"sameAs":["https:\/\/www.facebook.com\/BBQ-Entertainment-N-Catering-2437913376443540","https:\/\/www.instagram.com\/bbqentertainmentncatering\/","https:\/\/www.youtube.com\/channel\/UCmpuANQVhLy2Md8nrenp2jA"]}]}},"_links":{"self":[{"href":"https:\/\/bbqentertainment.com\/en\/wp-json\/wp\/v2\/product\/257213","targetHints":{"allow":["GET"]}}],"collection":[{"href":"https:\/\/bbqentertainment.com\/en\/wp-json\/wp\/v2\/product"}],"about":[{"href":"https:\/\/bbqentertainment.com\/en\/wp-json\/wp\/v2\/types\/product"}],"wp:featuredmedia":[{"embeddable":true,"href":"https:\/\/bbqentertainment.com\/en\/wp-json\/wp\/v2\/media\/257277"}],"wp:attachment":[{"href":"https:\/\/bbqentertainment.com\/en\/wp-json\/wp\/v2\/media?parent=257213"}],"wp:term":[{"taxonomy":"product_brand","embeddable":true,"href":"https:\/\/bbqentertainment.com\/en\/wp-json\/wp\/v2\/product_brand?post=257213"},{"taxonomy":"product_cat","embeddable":true,"href":"https:\/\/bbqentertainment.com\/en\/wp-json\/wp\/v2\/product_cat?post=257213"},{"taxonomy":"product_tag","embeddable":true,"href":"https:\/\/bbqentertainment.com\/en\/wp-json\/wp\/v2\/product_tag?post=257213"}],"curies":[{"name":"wp","href":"https:\/\/api.w.org\/{rel}","templated":true}]}}