{"id":257214,"date":"2026-02-02T16:25:27","date_gmt":"2026-02-02T14:25:27","guid":{"rendered":"https:\/\/bbqentertainment.com\/?post_type=product&#038;p=257214"},"modified":"2026-02-02T17:28:15","modified_gmt":"2026-02-02T15:28:15","slug":"yeti-termos-joogitops-kaanega-ja-sangaga-rambler-mug-25-oz-739-ml-papaya-papaiakollane","status":"publish","type":"product","link":"https:\/\/bbqentertainment.com\/en\/toode\/yeti-termos-joogitops-kaanega-ja-sangaga-rambler-mug-25-oz-739-ml-papaya-papaiakollane\/","title":{"rendered":"YETI termos-joogitops kaanega ja sangaga Rambler Mug 25 Oz \/ 739 ml Papaya \/ Papaiakollane"},"content":{"rendered":"","protected":false},"excerpt":{"rendered":"<h3>YETI termos-joogitops kaanega ja sangaga Rambler Mug 25 Oz \/ 739 ml Papaya \/ Papaiakollane<\/h3>\n<p>YETI Rambler\u00ae 25 oz (739 ml) termos-joogitops on teie ideaalne kaaslane seiklusteks! Papaiakollases v\u00e4rvitoonis joogitops on loodud selleks, et hoida joogid k\u00fclmana kogu p\u00e4eva. Mugavalt auto topsihoidjasse sobiv ning laia k\u00f5rrega varustatud tops on suurep\u00e4rane valik smuutide ja j\u00e4\u00e4kohvi nautimiseks.<\/p>\n<p>Funktsioonid:<\/p>\n<p>&#8211; Korduvkasutatav k\u00f5rs \u2013 Oma lemmikjookide saamiseks keskkonnas\u00f5bralik viis.<br \/>\n&#8211; Topeltseinaga vaakumisolatsioon \u2013 Joogid p\u00fcsivad k\u00fclmad ka k\u00f5ige kuumematel p\u00e4evadel.<br \/>\n&#8211; Roostevabast terasest \u2013 T\u00e4ielik vastupidavus, l\u00f6\u00f6gi- ja roostekindlus.<br \/>\n&#8211; N\u00f5udepesumasinas pestav \u2013 Lihtne hooldus, et saaksite keskenduda oma j\u00e4rgmistele seiklustele.<\/p>\n<p>Lisa see termos-joogitops oma varustusse ja avasta uued v\u00f5imalused, kuidas hoida end v\u00e4rskena k\u00f5ikjal, kuhu satud!<\/p>\n","protected":false},"featured_media":257286,"template":"","meta":{"inline_featured_image":false},"product_brand":[],"product_cat":[574],"product_tag":[],"class_list":{"0":"post-257214","1":"product","2":"type-product","3":"status-publish","4":"has-post-thumbnail","6":"product_cat-yeti-kulmakastid-ja-joogipudelid","8":"first","9":"instock","10":"taxable","11":"shipping-taxable","12":"purchasable","13":"product-type-simple"},"yoast_head":"<!-- This site is optimized with the Yoast SEO plugin v27.4 - https:\/\/yoast.com\/product\/yoast-seo-wordpress\/ -->\n<title>YETI termos-joogitops kaanega ja sangaga Rambler Mug 25 Oz \/ 739 ml Papaya \/ Papaiakollane - BBQ Entertainment<\/title>\n<meta name=\"robots\" content=\"index, follow, max-snippet:-1, max-image-preview:large, max-video-preview:-1\" \/>\n<link rel=\"canonical\" href=\"https:\/\/bbqentertainment.com\/toode\/yeti-termos-joogitops-kaanega-ja-sangaga-rambler-mug-25-oz-739-ml-papaya-papaiakollane\/\" \/>\n<meta property=\"og:locale\" content=\"en_US\" \/>\n<meta property=\"og:type\" content=\"article\" \/>\n<meta property=\"og:title\" content=\"YETI termos-joogitops kaanega ja sangaga Rambler Mug 25 Oz \/ 739 ml Papaya \/ Papaiakollane - BBQ Entertainment\" \/>\n<meta property=\"og:description\" content=\"YETI termos-joogitops kaanega ja sangaga Rambler Mug 25 Oz \/ 739 ml Papaya \/ Papaiakollane YETI Rambler\u00ae 25 oz (739 ml) termos-joogitops on teie ideaalne kaaslane seiklusteks! Papaiakollases v\u00e4rvitoonis joogitops on loodud selleks, et hoida joogid k\u00fclmana kogu p\u00e4eva. Mugavalt auto topsihoidjasse sobiv ning laia k\u00f5rrega varustatud tops on suurep\u00e4rane valik smuutide ja j\u00e4\u00e4kohvi nautimiseks.  Funktsioonid:  - Korduvkasutatav k\u00f5rs \u2013 Oma lemmikjookide saamiseks keskkonnas\u00f5bralik viis. - Topeltseinaga vaakumisolatsioon \u2013 Joogid p\u00fcsivad k\u00fclmad ka k\u00f5ige kuumematel p\u00e4evadel. - Roostevabast terasest \u2013 T\u00e4ielik vastupidavus, l\u00f6\u00f6gi- ja roostekindlus. - N\u00f5udepesumasinas pestav \u2013 Lihtne hooldus, et saaksite keskenduda oma j\u00e4rgmistele seiklustele.  Lisa see termos-joogitops oma varustusse ja avasta uued v\u00f5imalused, kuidas hoida end v\u00e4rskena k\u00f5ikjal, kuhu satud!\" \/>\n<meta property=\"og:url\" content=\"https:\/\/bbqentertainment.com\/toode\/yeti-termos-joogitops-kaanega-ja-sangaga-rambler-mug-25-oz-739-ml-papaya-papaiakollane\/\" \/>\n<meta property=\"og:site_name\" content=\"BBQ Entertainment\" \/>\n<meta property=\"article:publisher\" content=\"https:\/\/www.facebook.com\/BBQ-Entertainment-N-Catering-2437913376443540\" \/>\n<meta property=\"article:modified_time\" content=\"2026-02-02T15:28:15+00:00\" \/>\n<meta property=\"og:image\" content=\"https:\/\/bbqentertainment.com\/wp-content\/uploads\/2026\/02\/02_site_studio_drinkware_Rambler_25oz_Straw_Mug_Papaya_Front_0175_Primary_B_2400x2400_7bfae2b4-ddac-4b27-b91d-442e97216513.jpg\" \/>\n\t<meta property=\"og:image:width\" content=\"1200\" \/>\n\t<meta property=\"og:image:height\" content=\"1200\" \/>\n\t<meta property=\"og:image:type\" content=\"image\/jpeg\" \/>\n<meta name=\"twitter:card\" content=\"summary_large_image\" \/>\n<script type=\"application\/ld+json\" class=\"yoast-schema-graph\">{\"@context\":\"https:\\\/\\\/schema.org\",\"@graph\":[{\"@type\":[\"WebPage\",\"ItemPage\"],\"@id\":\"https:\\\/\\\/bbqentertainment.com\\\/toode\\\/yeti-termos-joogitops-kaanega-ja-sangaga-rambler-mug-25-oz-739-ml-papaya-papaiakollane\\\/\",\"url\":\"https:\\\/\\\/bbqentertainment.com\\\/toode\\\/yeti-termos-joogitops-kaanega-ja-sangaga-rambler-mug-25-oz-739-ml-papaya-papaiakollane\\\/\",\"name\":\"YETI termos-joogitops kaanega ja sangaga Rambler Mug 25 Oz \\\/ 739 ml Papaya \\\/ Papaiakollane - BBQ Entertainment\",\"isPartOf\":{\"@id\":\"https:\\\/\\\/bbqentertainment.com\\\/#website\"},\"primaryImageOfPage\":{\"@id\":\"https:\\\/\\\/bbqentertainment.com\\\/toode\\\/yeti-termos-joogitops-kaanega-ja-sangaga-rambler-mug-25-oz-739-ml-papaya-papaiakollane\\\/#primaryimage\"},\"image\":{\"@id\":\"https:\\\/\\\/bbqentertainment.com\\\/toode\\\/yeti-termos-joogitops-kaanega-ja-sangaga-rambler-mug-25-oz-739-ml-papaya-papaiakollane\\\/#primaryimage\"},\"thumbnailUrl\":\"https:\\\/\\\/bbqentertainment.com\\\/wp-content\\\/uploads\\\/2026\\\/02\\\/02_site_studio_drinkware_Rambler_25oz_Straw_Mug_Papaya_Front_0175_Primary_B_2400x2400_7bfae2b4-ddac-4b27-b91d-442e97216513.jpg\",\"datePublished\":\"2026-02-02T14:25:27+00:00\",\"dateModified\":\"2026-02-02T15:28:15+00:00\",\"breadcrumb\":{\"@id\":\"https:\\\/\\\/bbqentertainment.com\\\/toode\\\/yeti-termos-joogitops-kaanega-ja-sangaga-rambler-mug-25-oz-739-ml-papaya-papaiakollane\\\/#breadcrumb\"},\"inLanguage\":\"en-US\",\"potentialAction\":[{\"@type\":\"ReadAction\",\"target\":[\"https:\\\/\\\/bbqentertainment.com\\\/toode\\\/yeti-termos-joogitops-kaanega-ja-sangaga-rambler-mug-25-oz-739-ml-papaya-papaiakollane\\\/\"]}]},{\"@type\":\"ImageObject\",\"inLanguage\":\"en-US\",\"@id\":\"https:\\\/\\\/bbqentertainment.com\\\/toode\\\/yeti-termos-joogitops-kaanega-ja-sangaga-rambler-mug-25-oz-739-ml-papaya-papaiakollane\\\/#primaryimage\",\"url\":\"https:\\\/\\\/bbqentertainment.com\\\/wp-content\\\/uploads\\\/2026\\\/02\\\/02_site_studio_drinkware_Rambler_25oz_Straw_Mug_Papaya_Front_0175_Primary_B_2400x2400_7bfae2b4-ddac-4b27-b91d-442e97216513.jpg\",\"contentUrl\":\"https:\\\/\\\/bbqentertainment.com\\\/wp-content\\\/uploads\\\/2026\\\/02\\\/02_site_studio_drinkware_Rambler_25oz_Straw_Mug_Papaya_Front_0175_Primary_B_2400x2400_7bfae2b4-ddac-4b27-b91d-442e97216513.jpg\",\"width\":1200,\"height\":1200},{\"@type\":\"BreadcrumbList\",\"@id\":\"https:\\\/\\\/bbqentertainment.com\\\/toode\\\/yeti-termos-joogitops-kaanega-ja-sangaga-rambler-mug-25-oz-739-ml-papaya-papaiakollane\\\/#breadcrumb\",\"itemListElement\":[{\"@type\":\"ListItem\",\"position\":1,\"name\":\"AVALEHT\",\"item\":\"https:\\\/\\\/bbqentertainment.com\\\/en\\\/\"},{\"@type\":\"ListItem\",\"position\":2,\"name\":\"Tooted\",\"item\":\"https:\\\/\\\/bbqentertainment.com\\\/tooted\\\/\"},{\"@type\":\"ListItem\",\"position\":3,\"name\":\"Muud tooted\",\"item\":\"https:\\\/\\\/bbqentertainment.com\\\/tootekategooria\\\/muud-tooted\\\/\"},{\"@type\":\"ListItem\",\"position\":4,\"name\":\"YETI k\u00fclmakastid ja joogipudelid\",\"item\":\"https:\\\/\\\/bbqentertainment.com\\\/tootekategooria\\\/muud-tooted\\\/yeti-kulmakastid-ja-joogipudelid\\\/\"},{\"@type\":\"ListItem\",\"position\":5,\"name\":\"YETI termos-joogitops kaanega ja sangaga Rambler Mug 25 Oz \\\/ 739 ml Papaya \\\/ Papaiakollane\"}]},{\"@type\":\"WebSite\",\"@id\":\"https:\\\/\\\/bbqentertainment.com\\\/#website\",\"url\":\"https:\\\/\\\/bbqentertainment.com\\\/\",\"name\":\"BBQ Entertainment\",\"description\":\"BBQ is a great lifestyle, not just fun!\",\"publisher\":{\"@id\":\"https:\\\/\\\/bbqentertainment.com\\\/#organization\"},\"potentialAction\":[{\"@type\":\"SearchAction\",\"target\":{\"@type\":\"EntryPoint\",\"urlTemplate\":\"https:\\\/\\\/bbqentertainment.com\\\/?s={search_term_string}\"},\"query-input\":{\"@type\":\"PropertyValueSpecification\",\"valueRequired\":true,\"valueName\":\"search_term_string\"}}],\"inLanguage\":\"en-US\"},{\"@type\":\"Organization\",\"@id\":\"https:\\\/\\\/bbqentertainment.com\\\/#organization\",\"name\":\"BBQ Entertainment O\u00dc\",\"url\":\"https:\\\/\\\/bbqentertainment.com\\\/\",\"logo\":{\"@type\":\"ImageObject\",\"inLanguage\":\"en-US\",\"@id\":\"https:\\\/\\\/bbqentertainment.com\\\/#\\\/schema\\\/logo\\\/image\\\/\",\"url\":\"https:\\\/\\\/bbqentertainment.com\\\/wp-content\\\/uploads\\\/2020\\\/04\\\/BBQ-Entertainment-N-Catering-Enn-Tobreluts-Logo.png\",\"contentUrl\":\"https:\\\/\\\/bbqentertainment.com\\\/wp-content\\\/uploads\\\/2020\\\/04\\\/BBQ-Entertainment-N-Catering-Enn-Tobreluts-Logo.png\",\"width\":628,\"height\":266,\"caption\":\"BBQ Entertainment O\u00dc\"},\"image\":{\"@id\":\"https:\\\/\\\/bbqentertainment.com\\\/#\\\/schema\\\/logo\\\/image\\\/\"},\"sameAs\":[\"https:\\\/\\\/www.facebook.com\\\/BBQ-Entertainment-N-Catering-2437913376443540\",\"https:\\\/\\\/www.instagram.com\\\/bbqentertainmentncatering\\\/\",\"https:\\\/\\\/www.youtube.com\\\/channel\\\/UCmpuANQVhLy2Md8nrenp2jA\"]}]}<\/script>\n<!-- \/ Yoast SEO plugin. -->","yoast_head_json":{"title":"YETI termos-joogitops kaanega ja sangaga Rambler Mug 25 Oz \/ 739 ml Papaya \/ Papaiakollane - BBQ Entertainment","robots":{"index":"index","follow":"follow","max-snippet":"max-snippet:-1","max-image-preview":"max-image-preview:large","max-video-preview":"max-video-preview:-1"},"canonical":"https:\/\/bbqentertainment.com\/toode\/yeti-termos-joogitops-kaanega-ja-sangaga-rambler-mug-25-oz-739-ml-papaya-papaiakollane\/","og_locale":"en_US","og_type":"article","og_title":"YETI termos-joogitops kaanega ja sangaga Rambler Mug 25 Oz \/ 739 ml Papaya \/ Papaiakollane - BBQ Entertainment","og_description":"YETI termos-joogitops kaanega ja sangaga Rambler Mug 25 Oz \/ 739 ml Papaya \/ Papaiakollane YETI Rambler\u00ae 25 oz (739 ml) termos-joogitops on teie ideaalne kaaslane seiklusteks! Papaiakollases v\u00e4rvitoonis joogitops on loodud selleks, et hoida joogid k\u00fclmana kogu p\u00e4eva. Mugavalt auto topsihoidjasse sobiv ning laia k\u00f5rrega varustatud tops on suurep\u00e4rane valik smuutide ja j\u00e4\u00e4kohvi nautimiseks.  Funktsioonid:  - Korduvkasutatav k\u00f5rs \u2013 Oma lemmikjookide saamiseks keskkonnas\u00f5bralik viis. - Topeltseinaga vaakumisolatsioon \u2013 Joogid p\u00fcsivad k\u00fclmad ka k\u00f5ige kuumematel p\u00e4evadel. - Roostevabast terasest \u2013 T\u00e4ielik vastupidavus, l\u00f6\u00f6gi- ja roostekindlus. - N\u00f5udepesumasinas pestav \u2013 Lihtne hooldus, et saaksite keskenduda oma j\u00e4rgmistele seiklustele.  Lisa see termos-joogitops oma varustusse ja avasta uued v\u00f5imalused, kuidas hoida end v\u00e4rskena k\u00f5ikjal, kuhu satud!","og_url":"https:\/\/bbqentertainment.com\/toode\/yeti-termos-joogitops-kaanega-ja-sangaga-rambler-mug-25-oz-739-ml-papaya-papaiakollane\/","og_site_name":"BBQ Entertainment","article_publisher":"https:\/\/www.facebook.com\/BBQ-Entertainment-N-Catering-2437913376443540","article_modified_time":"2026-02-02T15:28:15+00:00","og_image":[{"width":1200,"height":1200,"url":"https:\/\/bbqentertainment.com\/wp-content\/uploads\/2026\/02\/02_site_studio_drinkware_Rambler_25oz_Straw_Mug_Papaya_Front_0175_Primary_B_2400x2400_7bfae2b4-ddac-4b27-b91d-442e97216513.jpg","type":"image\/jpeg"}],"twitter_card":"summary_large_image","schema":{"@context":"https:\/\/schema.org","@graph":[{"@type":["WebPage","ItemPage"],"@id":"https:\/\/bbqentertainment.com\/toode\/yeti-termos-joogitops-kaanega-ja-sangaga-rambler-mug-25-oz-739-ml-papaya-papaiakollane\/","url":"https:\/\/bbqentertainment.com\/toode\/yeti-termos-joogitops-kaanega-ja-sangaga-rambler-mug-25-oz-739-ml-papaya-papaiakollane\/","name":"YETI termos-joogitops kaanega ja sangaga Rambler Mug 25 Oz \/ 739 ml Papaya \/ Papaiakollane - BBQ Entertainment","isPartOf":{"@id":"https:\/\/bbqentertainment.com\/#website"},"primaryImageOfPage":{"@id":"https:\/\/bbqentertainment.com\/toode\/yeti-termos-joogitops-kaanega-ja-sangaga-rambler-mug-25-oz-739-ml-papaya-papaiakollane\/#primaryimage"},"image":{"@id":"https:\/\/bbqentertainment.com\/toode\/yeti-termos-joogitops-kaanega-ja-sangaga-rambler-mug-25-oz-739-ml-papaya-papaiakollane\/#primaryimage"},"thumbnailUrl":"https:\/\/bbqentertainment.com\/wp-content\/uploads\/2026\/02\/02_site_studio_drinkware_Rambler_25oz_Straw_Mug_Papaya_Front_0175_Primary_B_2400x2400_7bfae2b4-ddac-4b27-b91d-442e97216513.jpg","datePublished":"2026-02-02T14:25:27+00:00","dateModified":"2026-02-02T15:28:15+00:00","breadcrumb":{"@id":"https:\/\/bbqentertainment.com\/toode\/yeti-termos-joogitops-kaanega-ja-sangaga-rambler-mug-25-oz-739-ml-papaya-papaiakollane\/#breadcrumb"},"inLanguage":"en-US","potentialAction":[{"@type":"ReadAction","target":["https:\/\/bbqentertainment.com\/toode\/yeti-termos-joogitops-kaanega-ja-sangaga-rambler-mug-25-oz-739-ml-papaya-papaiakollane\/"]}]},{"@type":"ImageObject","inLanguage":"en-US","@id":"https:\/\/bbqentertainment.com\/toode\/yeti-termos-joogitops-kaanega-ja-sangaga-rambler-mug-25-oz-739-ml-papaya-papaiakollane\/#primaryimage","url":"https:\/\/bbqentertainment.com\/wp-content\/uploads\/2026\/02\/02_site_studio_drinkware_Rambler_25oz_Straw_Mug_Papaya_Front_0175_Primary_B_2400x2400_7bfae2b4-ddac-4b27-b91d-442e97216513.jpg","contentUrl":"https:\/\/bbqentertainment.com\/wp-content\/uploads\/2026\/02\/02_site_studio_drinkware_Rambler_25oz_Straw_Mug_Papaya_Front_0175_Primary_B_2400x2400_7bfae2b4-ddac-4b27-b91d-442e97216513.jpg","width":1200,"height":1200},{"@type":"BreadcrumbList","@id":"https:\/\/bbqentertainment.com\/toode\/yeti-termos-joogitops-kaanega-ja-sangaga-rambler-mug-25-oz-739-ml-papaya-papaiakollane\/#breadcrumb","itemListElement":[{"@type":"ListItem","position":1,"name":"AVALEHT","item":"https:\/\/bbqentertainment.com\/en\/"},{"@type":"ListItem","position":2,"name":"Tooted","item":"https:\/\/bbqentertainment.com\/tooted\/"},{"@type":"ListItem","position":3,"name":"Muud tooted","item":"https:\/\/bbqentertainment.com\/tootekategooria\/muud-tooted\/"},{"@type":"ListItem","position":4,"name":"YETI k\u00fclmakastid ja joogipudelid","item":"https:\/\/bbqentertainment.com\/tootekategooria\/muud-tooted\/yeti-kulmakastid-ja-joogipudelid\/"},{"@type":"ListItem","position":5,"name":"YETI termos-joogitops kaanega ja sangaga Rambler Mug 25 Oz \/ 739 ml Papaya \/ Papaiakollane"}]},{"@type":"WebSite","@id":"https:\/\/bbqentertainment.com\/#website","url":"https:\/\/bbqentertainment.com\/","name":"BBQ Entertainment","description":"BBQ is a great lifestyle, not just fun!","publisher":{"@id":"https:\/\/bbqentertainment.com\/#organization"},"potentialAction":[{"@type":"SearchAction","target":{"@type":"EntryPoint","urlTemplate":"https:\/\/bbqentertainment.com\/?s={search_term_string}"},"query-input":{"@type":"PropertyValueSpecification","valueRequired":true,"valueName":"search_term_string"}}],"inLanguage":"en-US"},{"@type":"Organization","@id":"https:\/\/bbqentertainment.com\/#organization","name":"BBQ Entertainment O\u00dc","url":"https:\/\/bbqentertainment.com\/","logo":{"@type":"ImageObject","inLanguage":"en-US","@id":"https:\/\/bbqentertainment.com\/#\/schema\/logo\/image\/","url":"https:\/\/bbqentertainment.com\/wp-content\/uploads\/2020\/04\/BBQ-Entertainment-N-Catering-Enn-Tobreluts-Logo.png","contentUrl":"https:\/\/bbqentertainment.com\/wp-content\/uploads\/2020\/04\/BBQ-Entertainment-N-Catering-Enn-Tobreluts-Logo.png","width":628,"height":266,"caption":"BBQ Entertainment O\u00dc"},"image":{"@id":"https:\/\/bbqentertainment.com\/#\/schema\/logo\/image\/"},"sameAs":["https:\/\/www.facebook.com\/BBQ-Entertainment-N-Catering-2437913376443540","https:\/\/www.instagram.com\/bbqentertainmentncatering\/","https:\/\/www.youtube.com\/channel\/UCmpuANQVhLy2Md8nrenp2jA"]}]}},"_links":{"self":[{"href":"https:\/\/bbqentertainment.com\/en\/wp-json\/wp\/v2\/product\/257214","targetHints":{"allow":["GET"]}}],"collection":[{"href":"https:\/\/bbqentertainment.com\/en\/wp-json\/wp\/v2\/product"}],"about":[{"href":"https:\/\/bbqentertainment.com\/en\/wp-json\/wp\/v2\/types\/product"}],"wp:featuredmedia":[{"embeddable":true,"href":"https:\/\/bbqentertainment.com\/en\/wp-json\/wp\/v2\/media\/257286"}],"wp:attachment":[{"href":"https:\/\/bbqentertainment.com\/en\/wp-json\/wp\/v2\/media?parent=257214"}],"wp:term":[{"taxonomy":"product_brand","embeddable":true,"href":"https:\/\/bbqentertainment.com\/en\/wp-json\/wp\/v2\/product_brand?post=257214"},{"taxonomy":"product_cat","embeddable":true,"href":"https:\/\/bbqentertainment.com\/en\/wp-json\/wp\/v2\/product_cat?post=257214"},{"taxonomy":"product_tag","embeddable":true,"href":"https:\/\/bbqentertainment.com\/en\/wp-json\/wp\/v2\/product_tag?post=257214"}],"curies":[{"name":"wp","href":"https:\/\/api.w.org\/{rel}","templated":true}]}}