{"id":257215,"date":"2026-02-02T16:25:28","date_gmt":"2026-02-02T14:25:28","guid":{"rendered":"https:\/\/bbqentertainment.com\/?post_type=product&#038;p=257215"},"modified":"2026-02-02T17:32:52","modified_gmt":"2026-02-02T15:32:52","slug":"yeti-termospudel-rambler-bottle-commuter-lekkekindel-pudelikork","status":"publish","type":"product","link":"https:\/\/bbqentertainment.com\/en\/toode\/yeti-termospudel-rambler-bottle-commuter-lekkekindel-pudelikork\/","title":{"rendered":"YETI termospudel Rambler Bottle Commuter lekkekindel pudelikork"},"content":{"rendered":"","protected":false},"excerpt":{"rendered":"<h3>YETI termospudel Rambler Bottle Commuter lekkekindel pudelikork<\/h3>\n<p>Tutvustame YETI Rambler Bottle Commuter Cap &#8211; ideaalne kaaslane teie aktiivsele elustiilile. See 100% lekkekindel kork tagab, et teie lemmikjook s\u00e4ilitaks oma kuumuse v\u00f5i jaheduse igal sammul. T\u00e4nu oma lihtsale poolkeeratavale avamismehhanismile pakub see 360\u00ba joomiselamust, v\u00f5imaldades nautida igast nurgast. Sobib igas suuruses Rambler pudelitele, pakkudes universaalset mitmek\u00fclgsust. Mugav n\u00f5udepesumasinas pestav disain teeb selle puhastamise lihtsaks. Oluline on m\u00e4rkida, et kork ei ole m\u00f5eldud gaseeritud jookide ega toidu s\u00e4ilitamiseks. Avasta usaldusv\u00e4\u00e4rne ja stiilne lahendus oma igap\u00e4evasteks seiklusteks YETI Commuter Cap&#8217;iga!<\/p>\n","protected":false},"featured_media":257291,"template":"","meta":{"inline_featured_image":false},"product_brand":[],"product_cat":[574],"product_tag":[],"class_list":{"0":"post-257215","1":"product","2":"type-product","3":"status-publish","4":"has-post-thumbnail","6":"product_cat-yeti-kulmakastid-ja-joogipudelid","8":"first","9":"instock","10":"taxable","11":"shipping-taxable","12":"purchasable","13":"product-type-simple"},"yoast_head":"<!-- This site is optimized with the Yoast SEO plugin v27.4 - https:\/\/yoast.com\/product\/yoast-seo-wordpress\/ -->\n<title>YETI termospudel Rambler Bottle Commuter lekkekindel pudelikork - BBQ Entertainment<\/title>\n<meta name=\"robots\" content=\"index, follow, max-snippet:-1, max-image-preview:large, max-video-preview:-1\" \/>\n<link rel=\"canonical\" href=\"https:\/\/bbqentertainment.com\/toode\/yeti-termospudel-rambler-bottle-commuter-lekkekindel-pudelikork\/\" \/>\n<meta property=\"og:locale\" content=\"en_US\" \/>\n<meta property=\"og:type\" content=\"article\" \/>\n<meta property=\"og:title\" content=\"YETI termospudel Rambler Bottle Commuter lekkekindel pudelikork - BBQ Entertainment\" \/>\n<meta property=\"og:description\" content=\"YETI termospudel Rambler Bottle Commuter lekkekindel pudelikork Tutvustame YETI Rambler Bottle Commuter Cap - ideaalne kaaslane teie aktiivsele elustiilile. See 100% lekkekindel kork tagab, et teie lemmikjook s\u00e4ilitaks oma kuumuse v\u00f5i jaheduse igal sammul. T\u00e4nu oma lihtsale poolkeeratavale avamismehhanismile pakub see 360\u00ba joomiselamust, v\u00f5imaldades nautida igast nurgast. Sobib igas suuruses Rambler pudelitele, pakkudes universaalset mitmek\u00fclgsust. Mugav n\u00f5udepesumasinas pestav disain teeb selle puhastamise lihtsaks. Oluline on m\u00e4rkida, et kork ei ole m\u00f5eldud gaseeritud jookide ega toidu s\u00e4ilitamiseks. Avasta usaldusv\u00e4\u00e4rne ja stiilne lahendus oma igap\u00e4evasteks seiklusteks YETI Commuter Cap&#039;iga!\" \/>\n<meta property=\"og:url\" content=\"https:\/\/bbqentertainment.com\/toode\/yeti-termospudel-rambler-bottle-commuter-lekkekindel-pudelikork\/\" \/>\n<meta property=\"og:site_name\" content=\"BBQ Entertainment\" \/>\n<meta property=\"article:publisher\" content=\"https:\/\/www.facebook.com\/BBQ-Entertainment-N-Catering-2437913376443540\" \/>\n<meta property=\"article:modified_time\" content=\"2026-02-02T15:32:52+00:00\" \/>\n<meta property=\"og:image\" content=\"https:\/\/bbqentertainment.com\/wp-content\/uploads\/2026\/02\/03_190346-May-Cap-Studio-Photography-Dealers-Hot-Shot-Cap-Top-Down-Angle-Off-Bottle-2400x2400_704db253-6d8a-45e7-a4ca-ca65466d2f49.jpg\" \/>\n\t<meta property=\"og:image:width\" content=\"1200\" \/>\n\t<meta property=\"og:image:height\" content=\"1200\" \/>\n\t<meta property=\"og:image:type\" content=\"image\/jpeg\" \/>\n<meta name=\"twitter:card\" content=\"summary_large_image\" \/>\n<script type=\"application\/ld+json\" class=\"yoast-schema-graph\">{\"@context\":\"https:\\\/\\\/schema.org\",\"@graph\":[{\"@type\":[\"WebPage\",\"ItemPage\"],\"@id\":\"https:\\\/\\\/bbqentertainment.com\\\/toode\\\/yeti-termospudel-rambler-bottle-commuter-lekkekindel-pudelikork\\\/\",\"url\":\"https:\\\/\\\/bbqentertainment.com\\\/toode\\\/yeti-termospudel-rambler-bottle-commuter-lekkekindel-pudelikork\\\/\",\"name\":\"YETI termospudel Rambler Bottle Commuter lekkekindel pudelikork - BBQ Entertainment\",\"isPartOf\":{\"@id\":\"https:\\\/\\\/bbqentertainment.com\\\/#website\"},\"primaryImageOfPage\":{\"@id\":\"https:\\\/\\\/bbqentertainment.com\\\/toode\\\/yeti-termospudel-rambler-bottle-commuter-lekkekindel-pudelikork\\\/#primaryimage\"},\"image\":{\"@id\":\"https:\\\/\\\/bbqentertainment.com\\\/toode\\\/yeti-termospudel-rambler-bottle-commuter-lekkekindel-pudelikork\\\/#primaryimage\"},\"thumbnailUrl\":\"https:\\\/\\\/bbqentertainment.com\\\/wp-content\\\/uploads\\\/2026\\\/02\\\/03_190346-May-Cap-Studio-Photography-Dealers-Hot-Shot-Cap-Top-Down-Angle-Off-Bottle-2400x2400_704db253-6d8a-45e7-a4ca-ca65466d2f49.jpg\",\"datePublished\":\"2026-02-02T14:25:28+00:00\",\"dateModified\":\"2026-02-02T15:32:52+00:00\",\"breadcrumb\":{\"@id\":\"https:\\\/\\\/bbqentertainment.com\\\/toode\\\/yeti-termospudel-rambler-bottle-commuter-lekkekindel-pudelikork\\\/#breadcrumb\"},\"inLanguage\":\"en-US\",\"potentialAction\":[{\"@type\":\"ReadAction\",\"target\":[\"https:\\\/\\\/bbqentertainment.com\\\/toode\\\/yeti-termospudel-rambler-bottle-commuter-lekkekindel-pudelikork\\\/\"]}]},{\"@type\":\"ImageObject\",\"inLanguage\":\"en-US\",\"@id\":\"https:\\\/\\\/bbqentertainment.com\\\/toode\\\/yeti-termospudel-rambler-bottle-commuter-lekkekindel-pudelikork\\\/#primaryimage\",\"url\":\"https:\\\/\\\/bbqentertainment.com\\\/wp-content\\\/uploads\\\/2026\\\/02\\\/03_190346-May-Cap-Studio-Photography-Dealers-Hot-Shot-Cap-Top-Down-Angle-Off-Bottle-2400x2400_704db253-6d8a-45e7-a4ca-ca65466d2f49.jpg\",\"contentUrl\":\"https:\\\/\\\/bbqentertainment.com\\\/wp-content\\\/uploads\\\/2026\\\/02\\\/03_190346-May-Cap-Studio-Photography-Dealers-Hot-Shot-Cap-Top-Down-Angle-Off-Bottle-2400x2400_704db253-6d8a-45e7-a4ca-ca65466d2f49.jpg\",\"width\":1200,\"height\":1200},{\"@type\":\"BreadcrumbList\",\"@id\":\"https:\\\/\\\/bbqentertainment.com\\\/toode\\\/yeti-termospudel-rambler-bottle-commuter-lekkekindel-pudelikork\\\/#breadcrumb\",\"itemListElement\":[{\"@type\":\"ListItem\",\"position\":1,\"name\":\"AVALEHT\",\"item\":\"https:\\\/\\\/bbqentertainment.com\\\/en\\\/\"},{\"@type\":\"ListItem\",\"position\":2,\"name\":\"Tooted\",\"item\":\"https:\\\/\\\/bbqentertainment.com\\\/tooted\\\/\"},{\"@type\":\"ListItem\",\"position\":3,\"name\":\"Muud tooted\",\"item\":\"https:\\\/\\\/bbqentertainment.com\\\/tootekategooria\\\/muud-tooted\\\/\"},{\"@type\":\"ListItem\",\"position\":4,\"name\":\"YETI k\u00fclmakastid ja joogipudelid\",\"item\":\"https:\\\/\\\/bbqentertainment.com\\\/tootekategooria\\\/muud-tooted\\\/yeti-kulmakastid-ja-joogipudelid\\\/\"},{\"@type\":\"ListItem\",\"position\":5,\"name\":\"YETI termospudel Rambler Bottle Commuter lekkekindel pudelikork\"}]},{\"@type\":\"WebSite\",\"@id\":\"https:\\\/\\\/bbqentertainment.com\\\/#website\",\"url\":\"https:\\\/\\\/bbqentertainment.com\\\/\",\"name\":\"BBQ Entertainment\",\"description\":\"BBQ is a great lifestyle, not just fun!\",\"publisher\":{\"@id\":\"https:\\\/\\\/bbqentertainment.com\\\/#organization\"},\"potentialAction\":[{\"@type\":\"SearchAction\",\"target\":{\"@type\":\"EntryPoint\",\"urlTemplate\":\"https:\\\/\\\/bbqentertainment.com\\\/?s={search_term_string}\"},\"query-input\":{\"@type\":\"PropertyValueSpecification\",\"valueRequired\":true,\"valueName\":\"search_term_string\"}}],\"inLanguage\":\"en-US\"},{\"@type\":\"Organization\",\"@id\":\"https:\\\/\\\/bbqentertainment.com\\\/#organization\",\"name\":\"BBQ Entertainment O\u00dc\",\"url\":\"https:\\\/\\\/bbqentertainment.com\\\/\",\"logo\":{\"@type\":\"ImageObject\",\"inLanguage\":\"en-US\",\"@id\":\"https:\\\/\\\/bbqentertainment.com\\\/#\\\/schema\\\/logo\\\/image\\\/\",\"url\":\"https:\\\/\\\/bbqentertainment.com\\\/wp-content\\\/uploads\\\/2020\\\/04\\\/BBQ-Entertainment-N-Catering-Enn-Tobreluts-Logo.png\",\"contentUrl\":\"https:\\\/\\\/bbqentertainment.com\\\/wp-content\\\/uploads\\\/2020\\\/04\\\/BBQ-Entertainment-N-Catering-Enn-Tobreluts-Logo.png\",\"width\":628,\"height\":266,\"caption\":\"BBQ Entertainment O\u00dc\"},\"image\":{\"@id\":\"https:\\\/\\\/bbqentertainment.com\\\/#\\\/schema\\\/logo\\\/image\\\/\"},\"sameAs\":[\"https:\\\/\\\/www.facebook.com\\\/BBQ-Entertainment-N-Catering-2437913376443540\",\"https:\\\/\\\/www.instagram.com\\\/bbqentertainmentncatering\\\/\",\"https:\\\/\\\/www.youtube.com\\\/channel\\\/UCmpuANQVhLy2Md8nrenp2jA\"]}]}<\/script>\n<!-- \/ Yoast SEO plugin. -->","yoast_head_json":{"title":"YETI termospudel Rambler Bottle Commuter lekkekindel pudelikork - BBQ Entertainment","robots":{"index":"index","follow":"follow","max-snippet":"max-snippet:-1","max-image-preview":"max-image-preview:large","max-video-preview":"max-video-preview:-1"},"canonical":"https:\/\/bbqentertainment.com\/toode\/yeti-termospudel-rambler-bottle-commuter-lekkekindel-pudelikork\/","og_locale":"en_US","og_type":"article","og_title":"YETI termospudel Rambler Bottle Commuter lekkekindel pudelikork - BBQ Entertainment","og_description":"YETI termospudel Rambler Bottle Commuter lekkekindel pudelikork Tutvustame YETI Rambler Bottle Commuter Cap - ideaalne kaaslane teie aktiivsele elustiilile. See 100% lekkekindel kork tagab, et teie lemmikjook s\u00e4ilitaks oma kuumuse v\u00f5i jaheduse igal sammul. T\u00e4nu oma lihtsale poolkeeratavale avamismehhanismile pakub see 360\u00ba joomiselamust, v\u00f5imaldades nautida igast nurgast. Sobib igas suuruses Rambler pudelitele, pakkudes universaalset mitmek\u00fclgsust. Mugav n\u00f5udepesumasinas pestav disain teeb selle puhastamise lihtsaks. Oluline on m\u00e4rkida, et kork ei ole m\u00f5eldud gaseeritud jookide ega toidu s\u00e4ilitamiseks. Avasta usaldusv\u00e4\u00e4rne ja stiilne lahendus oma igap\u00e4evasteks seiklusteks YETI Commuter Cap'iga!","og_url":"https:\/\/bbqentertainment.com\/toode\/yeti-termospudel-rambler-bottle-commuter-lekkekindel-pudelikork\/","og_site_name":"BBQ Entertainment","article_publisher":"https:\/\/www.facebook.com\/BBQ-Entertainment-N-Catering-2437913376443540","article_modified_time":"2026-02-02T15:32:52+00:00","og_image":[{"width":1200,"height":1200,"url":"https:\/\/bbqentertainment.com\/wp-content\/uploads\/2026\/02\/03_190346-May-Cap-Studio-Photography-Dealers-Hot-Shot-Cap-Top-Down-Angle-Off-Bottle-2400x2400_704db253-6d8a-45e7-a4ca-ca65466d2f49.jpg","type":"image\/jpeg"}],"twitter_card":"summary_large_image","schema":{"@context":"https:\/\/schema.org","@graph":[{"@type":["WebPage","ItemPage"],"@id":"https:\/\/bbqentertainment.com\/toode\/yeti-termospudel-rambler-bottle-commuter-lekkekindel-pudelikork\/","url":"https:\/\/bbqentertainment.com\/toode\/yeti-termospudel-rambler-bottle-commuter-lekkekindel-pudelikork\/","name":"YETI termospudel Rambler Bottle Commuter lekkekindel pudelikork - BBQ Entertainment","isPartOf":{"@id":"https:\/\/bbqentertainment.com\/#website"},"primaryImageOfPage":{"@id":"https:\/\/bbqentertainment.com\/toode\/yeti-termospudel-rambler-bottle-commuter-lekkekindel-pudelikork\/#primaryimage"},"image":{"@id":"https:\/\/bbqentertainment.com\/toode\/yeti-termospudel-rambler-bottle-commuter-lekkekindel-pudelikork\/#primaryimage"},"thumbnailUrl":"https:\/\/bbqentertainment.com\/wp-content\/uploads\/2026\/02\/03_190346-May-Cap-Studio-Photography-Dealers-Hot-Shot-Cap-Top-Down-Angle-Off-Bottle-2400x2400_704db253-6d8a-45e7-a4ca-ca65466d2f49.jpg","datePublished":"2026-02-02T14:25:28+00:00","dateModified":"2026-02-02T15:32:52+00:00","breadcrumb":{"@id":"https:\/\/bbqentertainment.com\/toode\/yeti-termospudel-rambler-bottle-commuter-lekkekindel-pudelikork\/#breadcrumb"},"inLanguage":"en-US","potentialAction":[{"@type":"ReadAction","target":["https:\/\/bbqentertainment.com\/toode\/yeti-termospudel-rambler-bottle-commuter-lekkekindel-pudelikork\/"]}]},{"@type":"ImageObject","inLanguage":"en-US","@id":"https:\/\/bbqentertainment.com\/toode\/yeti-termospudel-rambler-bottle-commuter-lekkekindel-pudelikork\/#primaryimage","url":"https:\/\/bbqentertainment.com\/wp-content\/uploads\/2026\/02\/03_190346-May-Cap-Studio-Photography-Dealers-Hot-Shot-Cap-Top-Down-Angle-Off-Bottle-2400x2400_704db253-6d8a-45e7-a4ca-ca65466d2f49.jpg","contentUrl":"https:\/\/bbqentertainment.com\/wp-content\/uploads\/2026\/02\/03_190346-May-Cap-Studio-Photography-Dealers-Hot-Shot-Cap-Top-Down-Angle-Off-Bottle-2400x2400_704db253-6d8a-45e7-a4ca-ca65466d2f49.jpg","width":1200,"height":1200},{"@type":"BreadcrumbList","@id":"https:\/\/bbqentertainment.com\/toode\/yeti-termospudel-rambler-bottle-commuter-lekkekindel-pudelikork\/#breadcrumb","itemListElement":[{"@type":"ListItem","position":1,"name":"AVALEHT","item":"https:\/\/bbqentertainment.com\/en\/"},{"@type":"ListItem","position":2,"name":"Tooted","item":"https:\/\/bbqentertainment.com\/tooted\/"},{"@type":"ListItem","position":3,"name":"Muud tooted","item":"https:\/\/bbqentertainment.com\/tootekategooria\/muud-tooted\/"},{"@type":"ListItem","position":4,"name":"YETI k\u00fclmakastid ja joogipudelid","item":"https:\/\/bbqentertainment.com\/tootekategooria\/muud-tooted\/yeti-kulmakastid-ja-joogipudelid\/"},{"@type":"ListItem","position":5,"name":"YETI termospudel Rambler Bottle Commuter lekkekindel pudelikork"}]},{"@type":"WebSite","@id":"https:\/\/bbqentertainment.com\/#website","url":"https:\/\/bbqentertainment.com\/","name":"BBQ Entertainment","description":"BBQ is a great lifestyle, not just fun!","publisher":{"@id":"https:\/\/bbqentertainment.com\/#organization"},"potentialAction":[{"@type":"SearchAction","target":{"@type":"EntryPoint","urlTemplate":"https:\/\/bbqentertainment.com\/?s={search_term_string}"},"query-input":{"@type":"PropertyValueSpecification","valueRequired":true,"valueName":"search_term_string"}}],"inLanguage":"en-US"},{"@type":"Organization","@id":"https:\/\/bbqentertainment.com\/#organization","name":"BBQ Entertainment O\u00dc","url":"https:\/\/bbqentertainment.com\/","logo":{"@type":"ImageObject","inLanguage":"en-US","@id":"https:\/\/bbqentertainment.com\/#\/schema\/logo\/image\/","url":"https:\/\/bbqentertainment.com\/wp-content\/uploads\/2020\/04\/BBQ-Entertainment-N-Catering-Enn-Tobreluts-Logo.png","contentUrl":"https:\/\/bbqentertainment.com\/wp-content\/uploads\/2020\/04\/BBQ-Entertainment-N-Catering-Enn-Tobreluts-Logo.png","width":628,"height":266,"caption":"BBQ Entertainment O\u00dc"},"image":{"@id":"https:\/\/bbqentertainment.com\/#\/schema\/logo\/image\/"},"sameAs":["https:\/\/www.facebook.com\/BBQ-Entertainment-N-Catering-2437913376443540","https:\/\/www.instagram.com\/bbqentertainmentncatering\/","https:\/\/www.youtube.com\/channel\/UCmpuANQVhLy2Md8nrenp2jA"]}]}},"_links":{"self":[{"href":"https:\/\/bbqentertainment.com\/en\/wp-json\/wp\/v2\/product\/257215","targetHints":{"allow":["GET"]}}],"collection":[{"href":"https:\/\/bbqentertainment.com\/en\/wp-json\/wp\/v2\/product"}],"about":[{"href":"https:\/\/bbqentertainment.com\/en\/wp-json\/wp\/v2\/types\/product"}],"wp:featuredmedia":[{"embeddable":true,"href":"https:\/\/bbqentertainment.com\/en\/wp-json\/wp\/v2\/media\/257291"}],"wp:attachment":[{"href":"https:\/\/bbqentertainment.com\/en\/wp-json\/wp\/v2\/media?parent=257215"}],"wp:term":[{"taxonomy":"product_brand","embeddable":true,"href":"https:\/\/bbqentertainment.com\/en\/wp-json\/wp\/v2\/product_brand?post=257215"},{"taxonomy":"product_cat","embeddable":true,"href":"https:\/\/bbqentertainment.com\/en\/wp-json\/wp\/v2\/product_cat?post=257215"},{"taxonomy":"product_tag","embeddable":true,"href":"https:\/\/bbqentertainment.com\/en\/wp-json\/wp\/v2\/product_tag?post=257215"}],"curies":[{"name":"wp","href":"https:\/\/api.w.org\/{rel}","templated":true}]}}