{"id":257216,"date":"2026-02-02T16:25:29","date_gmt":"2026-02-02T14:25:29","guid":{"rendered":"https:\/\/bbqentertainment.com\/?post_type=product&#038;p=257216"},"modified":"2026-02-02T17:35:50","modified_gmt":"2026-02-02T15:35:50","slug":"yeti-termos-joogitops-kaanega-ja-sangaga-rambler-mug-20-oz-591-ml-charcoal-tumehall","status":"publish","type":"product","link":"https:\/\/bbqentertainment.com\/en\/toode\/yeti-termos-joogitops-kaanega-ja-sangaga-rambler-mug-20-oz-591-ml-charcoal-tumehall\/","title":{"rendered":"YETI termos-joogitops kaanega ja sangaga Rambler Mug 20 Oz \/ 591 ml Charcoal \/ Tumehall"},"content":{"rendered":"","protected":false},"excerpt":{"rendered":"<h3>YETI termos-joogitops kaanega ja sangaga Rambler Mug 20 Oz \/ 591 ml Charcoal \/ Tumehall<\/h3>\n<p>Nautige oma lemmikjooke igal pool YETI Rambler\u00ae 20 oz (591 ml) Travel Mugiga! See stiilne ja vastupidav joogitops on valmistatud k\u00f6\u00f6gikvaliteediga 18\/8 roostevabast terasest, mis muudab selle torkekindlaks ja roostevabaks. Topelthatiseinaga vaakumisolatsioon hoiab teie joogid k\u00fclmana kuumadel p\u00e4evadel ja soojana, kui ilm muutub jahedamaks.<\/p>\n<p>Unikaalne Stronghold\u2122 kaas, mis lukustub kindlalt ka siis, kui kasutate seda vasaku v\u00f5i parema k\u00e4ega, pakub turvatunnet igal sammul. Lisaks on termostops tilkumise kindel ja n\u00f5udepesumasinas pestav, muutes hoolduse imelihtsaks.<\/p>\n<p>T\u00e4iuslik mahutavus 591 ml ja lihtsasti haaratava k\u00e4epidemega YETI termostops sobitub enamikesse autojoogitaskutesse. Valmistuge avastama maailma, hoides oma kuumad kohvid v\u00f5i k\u00fclmad joogid kaasas, muretsemata lekete p\u00e4rast. T\u00e4iuslik valik seiklejaile, kes hindavad mugavust ja vastupidavust.<\/p>\n","protected":false},"featured_media":257294,"template":"","meta":{"inline_featured_image":false},"product_brand":[],"product_cat":[574],"product_tag":[],"class_list":{"0":"post-257216","1":"product","2":"type-product","3":"status-publish","4":"has-post-thumbnail","6":"product_cat-yeti-kulmakastid-ja-joogipudelid","8":"first","9":"instock","10":"taxable","11":"shipping-taxable","12":"purchasable","13":"product-type-simple"},"yoast_head":"<!-- This site is optimized with the Yoast SEO plugin v27.4 - https:\/\/yoast.com\/product\/yoast-seo-wordpress\/ -->\n<title>YETI termos-joogitops kaanega ja sangaga Rambler Mug 20 Oz \/ 591 ml Charcoal \/ Tumehall - BBQ Entertainment<\/title>\n<meta name=\"robots\" content=\"index, follow, max-snippet:-1, max-image-preview:large, max-video-preview:-1\" \/>\n<link rel=\"canonical\" href=\"https:\/\/bbqentertainment.com\/toode\/yeti-termos-joogitops-kaanega-ja-sangaga-rambler-mug-20-oz-591-ml-charcoal-tumehall\/\" \/>\n<meta property=\"og:locale\" content=\"en_US\" \/>\n<meta property=\"og:type\" content=\"article\" \/>\n<meta property=\"og:title\" content=\"YETI termos-joogitops kaanega ja sangaga Rambler Mug 20 Oz \/ 591 ml Charcoal \/ Tumehall - BBQ Entertainment\" \/>\n<meta property=\"og:description\" content=\"YETI termos-joogitops kaanega ja sangaga Rambler Mug 20 Oz \/ 591 ml Charcoal \/ Tumehall Nautige oma lemmikjooke igal pool YETI Rambler\u00ae 20 oz (591 ml) Travel Mugiga! See stiilne ja vastupidav joogitops on valmistatud k\u00f6\u00f6gikvaliteediga 18\/8 roostevabast terasest, mis muudab selle torkekindlaks ja roostevabaks. Topelthatiseinaga vaakumisolatsioon hoiab teie joogid k\u00fclmana kuumadel p\u00e4evadel ja soojana, kui ilm muutub jahedamaks.  Unikaalne Stronghold\u2122 kaas, mis lukustub kindlalt ka siis, kui kasutate seda vasaku v\u00f5i parema k\u00e4ega, pakub turvatunnet igal sammul. Lisaks on termostops tilkumise kindel ja n\u00f5udepesumasinas pestav, muutes hoolduse imelihtsaks.  T\u00e4iuslik mahutavus 591 ml ja lihtsasti haaratava k\u00e4epidemega YETI termostops sobitub enamikesse autojoogitaskutesse. Valmistuge avastama maailma, hoides oma kuumad kohvid v\u00f5i k\u00fclmad joogid kaasas, muretsemata lekete p\u00e4rast. T\u00e4iuslik valik seiklejaile, kes hindavad mugavust ja vastupidavust.\" \/>\n<meta property=\"og:url\" content=\"https:\/\/bbqentertainment.com\/toode\/yeti-termos-joogitops-kaanega-ja-sangaga-rambler-mug-20-oz-591-ml-charcoal-tumehall\/\" \/>\n<meta property=\"og:site_name\" content=\"BBQ Entertainment\" \/>\n<meta property=\"article:publisher\" content=\"https:\/\/www.facebook.com\/BBQ-Entertainment-N-Catering-2437913376443540\" \/>\n<meta property=\"article:modified_time\" content=\"2026-02-02T15:35:50+00:00\" \/>\n<meta property=\"og:image\" content=\"https:\/\/bbqentertainment.com\/wp-content\/uploads\/2026\/02\/02_site_studio_Drinkware_Rambler_20oz_Travel_Mug_Charcoal_Front_5069_Primary_B_2400x2400_6fc28a3a-79fd-40c1-bcab-a8429bcf8bfe.jpg\" \/>\n\t<meta property=\"og:image:width\" content=\"1200\" \/>\n\t<meta property=\"og:image:height\" content=\"1200\" \/>\n\t<meta property=\"og:image:type\" content=\"image\/jpeg\" \/>\n<meta name=\"twitter:card\" content=\"summary_large_image\" \/>\n<script type=\"application\/ld+json\" class=\"yoast-schema-graph\">{\"@context\":\"https:\\\/\\\/schema.org\",\"@graph\":[{\"@type\":[\"WebPage\",\"ItemPage\"],\"@id\":\"https:\\\/\\\/bbqentertainment.com\\\/toode\\\/yeti-termos-joogitops-kaanega-ja-sangaga-rambler-mug-20-oz-591-ml-charcoal-tumehall\\\/\",\"url\":\"https:\\\/\\\/bbqentertainment.com\\\/toode\\\/yeti-termos-joogitops-kaanega-ja-sangaga-rambler-mug-20-oz-591-ml-charcoal-tumehall\\\/\",\"name\":\"YETI termos-joogitops kaanega ja sangaga Rambler Mug 20 Oz \\\/ 591 ml Charcoal \\\/ Tumehall - BBQ Entertainment\",\"isPartOf\":{\"@id\":\"https:\\\/\\\/bbqentertainment.com\\\/#website\"},\"primaryImageOfPage\":{\"@id\":\"https:\\\/\\\/bbqentertainment.com\\\/toode\\\/yeti-termos-joogitops-kaanega-ja-sangaga-rambler-mug-20-oz-591-ml-charcoal-tumehall\\\/#primaryimage\"},\"image\":{\"@id\":\"https:\\\/\\\/bbqentertainment.com\\\/toode\\\/yeti-termos-joogitops-kaanega-ja-sangaga-rambler-mug-20-oz-591-ml-charcoal-tumehall\\\/#primaryimage\"},\"thumbnailUrl\":\"https:\\\/\\\/bbqentertainment.com\\\/wp-content\\\/uploads\\\/2026\\\/02\\\/02_site_studio_Drinkware_Rambler_20oz_Travel_Mug_Charcoal_Front_5069_Primary_B_2400x2400_6fc28a3a-79fd-40c1-bcab-a8429bcf8bfe.jpg\",\"datePublished\":\"2026-02-02T14:25:29+00:00\",\"dateModified\":\"2026-02-02T15:35:50+00:00\",\"breadcrumb\":{\"@id\":\"https:\\\/\\\/bbqentertainment.com\\\/toode\\\/yeti-termos-joogitops-kaanega-ja-sangaga-rambler-mug-20-oz-591-ml-charcoal-tumehall\\\/#breadcrumb\"},\"inLanguage\":\"en-US\",\"potentialAction\":[{\"@type\":\"ReadAction\",\"target\":[\"https:\\\/\\\/bbqentertainment.com\\\/toode\\\/yeti-termos-joogitops-kaanega-ja-sangaga-rambler-mug-20-oz-591-ml-charcoal-tumehall\\\/\"]}]},{\"@type\":\"ImageObject\",\"inLanguage\":\"en-US\",\"@id\":\"https:\\\/\\\/bbqentertainment.com\\\/toode\\\/yeti-termos-joogitops-kaanega-ja-sangaga-rambler-mug-20-oz-591-ml-charcoal-tumehall\\\/#primaryimage\",\"url\":\"https:\\\/\\\/bbqentertainment.com\\\/wp-content\\\/uploads\\\/2026\\\/02\\\/02_site_studio_Drinkware_Rambler_20oz_Travel_Mug_Charcoal_Front_5069_Primary_B_2400x2400_6fc28a3a-79fd-40c1-bcab-a8429bcf8bfe.jpg\",\"contentUrl\":\"https:\\\/\\\/bbqentertainment.com\\\/wp-content\\\/uploads\\\/2026\\\/02\\\/02_site_studio_Drinkware_Rambler_20oz_Travel_Mug_Charcoal_Front_5069_Primary_B_2400x2400_6fc28a3a-79fd-40c1-bcab-a8429bcf8bfe.jpg\",\"width\":1200,\"height\":1200},{\"@type\":\"BreadcrumbList\",\"@id\":\"https:\\\/\\\/bbqentertainment.com\\\/toode\\\/yeti-termos-joogitops-kaanega-ja-sangaga-rambler-mug-20-oz-591-ml-charcoal-tumehall\\\/#breadcrumb\",\"itemListElement\":[{\"@type\":\"ListItem\",\"position\":1,\"name\":\"AVALEHT\",\"item\":\"https:\\\/\\\/bbqentertainment.com\\\/en\\\/\"},{\"@type\":\"ListItem\",\"position\":2,\"name\":\"Tooted\",\"item\":\"https:\\\/\\\/bbqentertainment.com\\\/tooted\\\/\"},{\"@type\":\"ListItem\",\"position\":3,\"name\":\"Muud tooted\",\"item\":\"https:\\\/\\\/bbqentertainment.com\\\/tootekategooria\\\/muud-tooted\\\/\"},{\"@type\":\"ListItem\",\"position\":4,\"name\":\"YETI k\u00fclmakastid ja joogipudelid\",\"item\":\"https:\\\/\\\/bbqentertainment.com\\\/tootekategooria\\\/muud-tooted\\\/yeti-kulmakastid-ja-joogipudelid\\\/\"},{\"@type\":\"ListItem\",\"position\":5,\"name\":\"YETI termos-joogitops kaanega ja sangaga Rambler Mug 20 Oz \\\/ 591 ml Charcoal \\\/ Tumehall\"}]},{\"@type\":\"WebSite\",\"@id\":\"https:\\\/\\\/bbqentertainment.com\\\/#website\",\"url\":\"https:\\\/\\\/bbqentertainment.com\\\/\",\"name\":\"BBQ Entertainment\",\"description\":\"BBQ is a great lifestyle, not just fun!\",\"publisher\":{\"@id\":\"https:\\\/\\\/bbqentertainment.com\\\/#organization\"},\"potentialAction\":[{\"@type\":\"SearchAction\",\"target\":{\"@type\":\"EntryPoint\",\"urlTemplate\":\"https:\\\/\\\/bbqentertainment.com\\\/?s={search_term_string}\"},\"query-input\":{\"@type\":\"PropertyValueSpecification\",\"valueRequired\":true,\"valueName\":\"search_term_string\"}}],\"inLanguage\":\"en-US\"},{\"@type\":\"Organization\",\"@id\":\"https:\\\/\\\/bbqentertainment.com\\\/#organization\",\"name\":\"BBQ Entertainment O\u00dc\",\"url\":\"https:\\\/\\\/bbqentertainment.com\\\/\",\"logo\":{\"@type\":\"ImageObject\",\"inLanguage\":\"en-US\",\"@id\":\"https:\\\/\\\/bbqentertainment.com\\\/#\\\/schema\\\/logo\\\/image\\\/\",\"url\":\"https:\\\/\\\/bbqentertainment.com\\\/wp-content\\\/uploads\\\/2020\\\/04\\\/BBQ-Entertainment-N-Catering-Enn-Tobreluts-Logo.png\",\"contentUrl\":\"https:\\\/\\\/bbqentertainment.com\\\/wp-content\\\/uploads\\\/2020\\\/04\\\/BBQ-Entertainment-N-Catering-Enn-Tobreluts-Logo.png\",\"width\":628,\"height\":266,\"caption\":\"BBQ Entertainment O\u00dc\"},\"image\":{\"@id\":\"https:\\\/\\\/bbqentertainment.com\\\/#\\\/schema\\\/logo\\\/image\\\/\"},\"sameAs\":[\"https:\\\/\\\/www.facebook.com\\\/BBQ-Entertainment-N-Catering-2437913376443540\",\"https:\\\/\\\/www.instagram.com\\\/bbqentertainmentncatering\\\/\",\"https:\\\/\\\/www.youtube.com\\\/channel\\\/UCmpuANQVhLy2Md8nrenp2jA\"]}]}<\/script>\n<!-- \/ Yoast SEO plugin. -->","yoast_head_json":{"title":"YETI termos-joogitops kaanega ja sangaga Rambler Mug 20 Oz \/ 591 ml Charcoal \/ Tumehall - BBQ Entertainment","robots":{"index":"index","follow":"follow","max-snippet":"max-snippet:-1","max-image-preview":"max-image-preview:large","max-video-preview":"max-video-preview:-1"},"canonical":"https:\/\/bbqentertainment.com\/toode\/yeti-termos-joogitops-kaanega-ja-sangaga-rambler-mug-20-oz-591-ml-charcoal-tumehall\/","og_locale":"en_US","og_type":"article","og_title":"YETI termos-joogitops kaanega ja sangaga Rambler Mug 20 Oz \/ 591 ml Charcoal \/ Tumehall - BBQ Entertainment","og_description":"YETI termos-joogitops kaanega ja sangaga Rambler Mug 20 Oz \/ 591 ml Charcoal \/ Tumehall Nautige oma lemmikjooke igal pool YETI Rambler\u00ae 20 oz (591 ml) Travel Mugiga! See stiilne ja vastupidav joogitops on valmistatud k\u00f6\u00f6gikvaliteediga 18\/8 roostevabast terasest, mis muudab selle torkekindlaks ja roostevabaks. Topelthatiseinaga vaakumisolatsioon hoiab teie joogid k\u00fclmana kuumadel p\u00e4evadel ja soojana, kui ilm muutub jahedamaks.  Unikaalne Stronghold\u2122 kaas, mis lukustub kindlalt ka siis, kui kasutate seda vasaku v\u00f5i parema k\u00e4ega, pakub turvatunnet igal sammul. Lisaks on termostops tilkumise kindel ja n\u00f5udepesumasinas pestav, muutes hoolduse imelihtsaks.  T\u00e4iuslik mahutavus 591 ml ja lihtsasti haaratava k\u00e4epidemega YETI termostops sobitub enamikesse autojoogitaskutesse. Valmistuge avastama maailma, hoides oma kuumad kohvid v\u00f5i k\u00fclmad joogid kaasas, muretsemata lekete p\u00e4rast. T\u00e4iuslik valik seiklejaile, kes hindavad mugavust ja vastupidavust.","og_url":"https:\/\/bbqentertainment.com\/toode\/yeti-termos-joogitops-kaanega-ja-sangaga-rambler-mug-20-oz-591-ml-charcoal-tumehall\/","og_site_name":"BBQ Entertainment","article_publisher":"https:\/\/www.facebook.com\/BBQ-Entertainment-N-Catering-2437913376443540","article_modified_time":"2026-02-02T15:35:50+00:00","og_image":[{"width":1200,"height":1200,"url":"https:\/\/bbqentertainment.com\/wp-content\/uploads\/2026\/02\/02_site_studio_Drinkware_Rambler_20oz_Travel_Mug_Charcoal_Front_5069_Primary_B_2400x2400_6fc28a3a-79fd-40c1-bcab-a8429bcf8bfe.jpg","type":"image\/jpeg"}],"twitter_card":"summary_large_image","schema":{"@context":"https:\/\/schema.org","@graph":[{"@type":["WebPage","ItemPage"],"@id":"https:\/\/bbqentertainment.com\/toode\/yeti-termos-joogitops-kaanega-ja-sangaga-rambler-mug-20-oz-591-ml-charcoal-tumehall\/","url":"https:\/\/bbqentertainment.com\/toode\/yeti-termos-joogitops-kaanega-ja-sangaga-rambler-mug-20-oz-591-ml-charcoal-tumehall\/","name":"YETI termos-joogitops kaanega ja sangaga Rambler Mug 20 Oz \/ 591 ml Charcoal \/ Tumehall - BBQ Entertainment","isPartOf":{"@id":"https:\/\/bbqentertainment.com\/#website"},"primaryImageOfPage":{"@id":"https:\/\/bbqentertainment.com\/toode\/yeti-termos-joogitops-kaanega-ja-sangaga-rambler-mug-20-oz-591-ml-charcoal-tumehall\/#primaryimage"},"image":{"@id":"https:\/\/bbqentertainment.com\/toode\/yeti-termos-joogitops-kaanega-ja-sangaga-rambler-mug-20-oz-591-ml-charcoal-tumehall\/#primaryimage"},"thumbnailUrl":"https:\/\/bbqentertainment.com\/wp-content\/uploads\/2026\/02\/02_site_studio_Drinkware_Rambler_20oz_Travel_Mug_Charcoal_Front_5069_Primary_B_2400x2400_6fc28a3a-79fd-40c1-bcab-a8429bcf8bfe.jpg","datePublished":"2026-02-02T14:25:29+00:00","dateModified":"2026-02-02T15:35:50+00:00","breadcrumb":{"@id":"https:\/\/bbqentertainment.com\/toode\/yeti-termos-joogitops-kaanega-ja-sangaga-rambler-mug-20-oz-591-ml-charcoal-tumehall\/#breadcrumb"},"inLanguage":"en-US","potentialAction":[{"@type":"ReadAction","target":["https:\/\/bbqentertainment.com\/toode\/yeti-termos-joogitops-kaanega-ja-sangaga-rambler-mug-20-oz-591-ml-charcoal-tumehall\/"]}]},{"@type":"ImageObject","inLanguage":"en-US","@id":"https:\/\/bbqentertainment.com\/toode\/yeti-termos-joogitops-kaanega-ja-sangaga-rambler-mug-20-oz-591-ml-charcoal-tumehall\/#primaryimage","url":"https:\/\/bbqentertainment.com\/wp-content\/uploads\/2026\/02\/02_site_studio_Drinkware_Rambler_20oz_Travel_Mug_Charcoal_Front_5069_Primary_B_2400x2400_6fc28a3a-79fd-40c1-bcab-a8429bcf8bfe.jpg","contentUrl":"https:\/\/bbqentertainment.com\/wp-content\/uploads\/2026\/02\/02_site_studio_Drinkware_Rambler_20oz_Travel_Mug_Charcoal_Front_5069_Primary_B_2400x2400_6fc28a3a-79fd-40c1-bcab-a8429bcf8bfe.jpg","width":1200,"height":1200},{"@type":"BreadcrumbList","@id":"https:\/\/bbqentertainment.com\/toode\/yeti-termos-joogitops-kaanega-ja-sangaga-rambler-mug-20-oz-591-ml-charcoal-tumehall\/#breadcrumb","itemListElement":[{"@type":"ListItem","position":1,"name":"AVALEHT","item":"https:\/\/bbqentertainment.com\/en\/"},{"@type":"ListItem","position":2,"name":"Tooted","item":"https:\/\/bbqentertainment.com\/tooted\/"},{"@type":"ListItem","position":3,"name":"Muud tooted","item":"https:\/\/bbqentertainment.com\/tootekategooria\/muud-tooted\/"},{"@type":"ListItem","position":4,"name":"YETI k\u00fclmakastid ja joogipudelid","item":"https:\/\/bbqentertainment.com\/tootekategooria\/muud-tooted\/yeti-kulmakastid-ja-joogipudelid\/"},{"@type":"ListItem","position":5,"name":"YETI termos-joogitops kaanega ja sangaga Rambler Mug 20 Oz \/ 591 ml Charcoal \/ Tumehall"}]},{"@type":"WebSite","@id":"https:\/\/bbqentertainment.com\/#website","url":"https:\/\/bbqentertainment.com\/","name":"BBQ Entertainment","description":"BBQ is a great lifestyle, not just fun!","publisher":{"@id":"https:\/\/bbqentertainment.com\/#organization"},"potentialAction":[{"@type":"SearchAction","target":{"@type":"EntryPoint","urlTemplate":"https:\/\/bbqentertainment.com\/?s={search_term_string}"},"query-input":{"@type":"PropertyValueSpecification","valueRequired":true,"valueName":"search_term_string"}}],"inLanguage":"en-US"},{"@type":"Organization","@id":"https:\/\/bbqentertainment.com\/#organization","name":"BBQ Entertainment O\u00dc","url":"https:\/\/bbqentertainment.com\/","logo":{"@type":"ImageObject","inLanguage":"en-US","@id":"https:\/\/bbqentertainment.com\/#\/schema\/logo\/image\/","url":"https:\/\/bbqentertainment.com\/wp-content\/uploads\/2020\/04\/BBQ-Entertainment-N-Catering-Enn-Tobreluts-Logo.png","contentUrl":"https:\/\/bbqentertainment.com\/wp-content\/uploads\/2020\/04\/BBQ-Entertainment-N-Catering-Enn-Tobreluts-Logo.png","width":628,"height":266,"caption":"BBQ Entertainment O\u00dc"},"image":{"@id":"https:\/\/bbqentertainment.com\/#\/schema\/logo\/image\/"},"sameAs":["https:\/\/www.facebook.com\/BBQ-Entertainment-N-Catering-2437913376443540","https:\/\/www.instagram.com\/bbqentertainmentncatering\/","https:\/\/www.youtube.com\/channel\/UCmpuANQVhLy2Md8nrenp2jA"]}]}},"_links":{"self":[{"href":"https:\/\/bbqentertainment.com\/en\/wp-json\/wp\/v2\/product\/257216","targetHints":{"allow":["GET"]}}],"collection":[{"href":"https:\/\/bbqentertainment.com\/en\/wp-json\/wp\/v2\/product"}],"about":[{"href":"https:\/\/bbqentertainment.com\/en\/wp-json\/wp\/v2\/types\/product"}],"wp:featuredmedia":[{"embeddable":true,"href":"https:\/\/bbqentertainment.com\/en\/wp-json\/wp\/v2\/media\/257294"}],"wp:attachment":[{"href":"https:\/\/bbqentertainment.com\/en\/wp-json\/wp\/v2\/media?parent=257216"}],"wp:term":[{"taxonomy":"product_brand","embeddable":true,"href":"https:\/\/bbqentertainment.com\/en\/wp-json\/wp\/v2\/product_brand?post=257216"},{"taxonomy":"product_cat","embeddable":true,"href":"https:\/\/bbqentertainment.com\/en\/wp-json\/wp\/v2\/product_cat?post=257216"},{"taxonomy":"product_tag","embeddable":true,"href":"https:\/\/bbqentertainment.com\/en\/wp-json\/wp\/v2\/product_tag?post=257216"}],"curies":[{"name":"wp","href":"https:\/\/api.w.org\/{rel}","templated":true}]}}