{"id":257392,"date":"2026-02-26T18:22:31","date_gmt":"2026-02-26T16:22:31","guid":{"rendered":"https:\/\/bbqentertainment.com\/?post_type=product&#038;p=257392"},"modified":"2026-03-02T14:50:12","modified_gmt":"2026-03-02T12:50:12","slug":"jealous-devil-boom-uliage-suutepomm-8tk","status":"publish","type":"product","link":"https:\/\/bbqentertainment.com\/en\/toode\/jealous-devil-boom-uliage-suutepomm-8tk\/","title":{"rendered":"Jealous Devil BOOM! \u00dcli\u00e4ge s\u00fc\u00fctepomm (8tk)"},"content":{"rendered":"","protected":false},"excerpt":{"rendered":"<h3>Jealous Devil BOOM! \u00dcli\u00e4ge s\u00fc\u00fctepomm (8tk)<\/h3>\n<p>Jealous Devil BOOM! on grills\u00f6e ja briketi s\u00fc\u00fctamiseks m\u00f5eldud s\u00fc\u00fctepalad, mille on valmistatud 100% kookoskiust. Need annavad tugeva ja stabiilse leegi, millega saad s\u00fc\u00fcdata ka suurema koguse s\u00f6e ilma s\u00fc\u00fctevedelikku kasutamata. S\u00fc\u00fctepalad ei anna k\u00f5rvalmaitset ning sobivad kasutamiseks nii grillis, kaminas kui ka l\u00f5kke s\u00fc\u00fctamisel.<br \/>\n\u00dcks s\u00fc\u00fctekeha p\u00f5leb \u00fcle 10 minuti ja saavutab k\u00f5rge temperatuuri, mis aitab s\u00f6el kiiremini s\u00fcttida. S\u00fc\u00fctepalad on praktiliselt suitsu- ja l\u00f5hnavabad ning toimivad ka niisketes tingimustes.<\/p>\n<p><strong>Omadused<\/strong><br \/>\n\u2022 Pakis 8 s\u00fc\u00fctekeha<br \/>\n\u2022 Valmistatud kookoskiust<br \/>\n\u2022 P\u00f5lemisaeg \u00fcle 10 minuti<br \/>\n\u2022 Tugev ja stabiilne leek<br \/>\n\u2022 Ei anna toidule k\u00f5rvalmaitset<br \/>\n\u2022 Madala suitsu ja l\u00f5hnaga<br \/>\n\u2022 Sobib grills\u00f6e, briketi, kamina ja l\u00f5kke s\u00fc\u00fctamiseks&#8221;<\/p>\n","protected":false},"featured_media":257405,"template":"","meta":{"inline_featured_image":false},"product_brand":[],"product_cat":[104],"product_tag":[],"class_list":{"0":"post-257392","1":"product","2":"type-product","3":"status-publish","4":"has-post-thumbnail","6":"product_cat-sute-suutamiseks","8":"first","9":"instock","10":"taxable","11":"shipping-taxable","12":"purchasable","13":"product-type-simple"},"yoast_head":"<!-- This site is optimized with the Yoast SEO plugin v27.4 - https:\/\/yoast.com\/product\/yoast-seo-wordpress\/ -->\n<title>Jealous Devil BOOM! \u00dcli\u00e4ge s\u00fc\u00fctepomm (8tk) - BBQ Entertainment<\/title>\n<meta name=\"robots\" content=\"index, follow, max-snippet:-1, max-image-preview:large, max-video-preview:-1\" \/>\n<link rel=\"canonical\" href=\"https:\/\/bbqentertainment.com\/toode\/jealous-devil-boom-uliage-suutepomm-8tk\/\" \/>\n<meta property=\"og:locale\" content=\"en_US\" \/>\n<meta property=\"og:type\" content=\"article\" \/>\n<meta property=\"og:title\" content=\"Jealous Devil BOOM! \u00dcli\u00e4ge s\u00fc\u00fctepomm (8tk) - BBQ Entertainment\" \/>\n<meta property=\"og:description\" content=\"Jealous Devil BOOM! \u00dcli\u00e4ge s\u00fc\u00fctepomm (8tk) Jealous Devil BOOM! on grills\u00f6e ja briketi s\u00fc\u00fctamiseks m\u00f5eldud s\u00fc\u00fctepalad, mille on valmistatud 100% kookoskiust. Need annavad tugeva ja stabiilse leegi, millega saad s\u00fc\u00fcdata ka suurema koguse s\u00f6e ilma s\u00fc\u00fctevedelikku kasutamata. S\u00fc\u00fctepalad ei anna k\u00f5rvalmaitset ning sobivad kasutamiseks nii grillis, kaminas kui ka l\u00f5kke s\u00fc\u00fctamisel. \u00dcks s\u00fc\u00fctekeha p\u00f5leb \u00fcle 10 minuti ja saavutab k\u00f5rge temperatuuri, mis aitab s\u00f6el kiiremini s\u00fcttida. S\u00fc\u00fctepalad on praktiliselt suitsu- ja l\u00f5hnavabad ning toimivad ka niisketes tingimustes.  Omadused \u2022 Pakis 8 s\u00fc\u00fctekeha \u2022 Valmistatud kookoskiust \u2022 P\u00f5lemisaeg \u00fcle 10 minuti \u2022 Tugev ja stabiilne leek \u2022 Ei anna toidule k\u00f5rvalmaitset \u2022 Madala suitsu ja l\u00f5hnaga \u2022 Sobib grills\u00f6e, briketi, kamina ja l\u00f5kke s\u00fc\u00fctamiseks&quot;\" \/>\n<meta property=\"og:url\" content=\"https:\/\/bbqentertainment.com\/toode\/jealous-devil-boom-uliage-suutepomm-8tk\/\" \/>\n<meta property=\"og:site_name\" content=\"BBQ Entertainment\" \/>\n<meta property=\"article:publisher\" content=\"https:\/\/www.facebook.com\/BBQ-Entertainment-N-Catering-2437913376443540\" \/>\n<meta property=\"article:modified_time\" content=\"2026-03-02T12:50:12+00:00\" \/>\n<meta property=\"og:image\" content=\"https:\/\/bbqentertainment.com\/wp-content\/uploads\/2026\/02\/Jealous-Devil-BOOM-Suutepomm-8tk.jpg\" \/>\n\t<meta property=\"og:image:width\" content=\"1512\" \/>\n\t<meta property=\"og:image:height\" content=\"1512\" \/>\n\t<meta property=\"og:image:type\" content=\"image\/jpeg\" \/>\n<meta name=\"twitter:card\" content=\"summary_large_image\" \/>\n<meta name=\"twitter:label1\" content=\"Est. reading time\" \/>\n\t<meta name=\"twitter:data1\" content=\"1 minute\" \/>\n<script type=\"application\/ld+json\" class=\"yoast-schema-graph\">{\"@context\":\"https:\\\/\\\/schema.org\",\"@graph\":[{\"@type\":[\"WebPage\",\"ItemPage\"],\"@id\":\"https:\\\/\\\/bbqentertainment.com\\\/toode\\\/jealous-devil-boom-uliage-suutepomm-8tk\\\/\",\"url\":\"https:\\\/\\\/bbqentertainment.com\\\/toode\\\/jealous-devil-boom-uliage-suutepomm-8tk\\\/\",\"name\":\"Jealous Devil BOOM! \u00dcli\u00e4ge s\u00fc\u00fctepomm (8tk) - BBQ Entertainment\",\"isPartOf\":{\"@id\":\"https:\\\/\\\/bbqentertainment.com\\\/#website\"},\"primaryImageOfPage\":{\"@id\":\"https:\\\/\\\/bbqentertainment.com\\\/toode\\\/jealous-devil-boom-uliage-suutepomm-8tk\\\/#primaryimage\"},\"image\":{\"@id\":\"https:\\\/\\\/bbqentertainment.com\\\/toode\\\/jealous-devil-boom-uliage-suutepomm-8tk\\\/#primaryimage\"},\"thumbnailUrl\":\"https:\\\/\\\/bbqentertainment.com\\\/wp-content\\\/uploads\\\/2026\\\/02\\\/Jealous-Devil-BOOM-Suutepomm-8tk.jpg\",\"datePublished\":\"2026-02-26T16:22:31+00:00\",\"dateModified\":\"2026-03-02T12:50:12+00:00\",\"breadcrumb\":{\"@id\":\"https:\\\/\\\/bbqentertainment.com\\\/toode\\\/jealous-devil-boom-uliage-suutepomm-8tk\\\/#breadcrumb\"},\"inLanguage\":\"en-US\",\"potentialAction\":[{\"@type\":\"ReadAction\",\"target\":[\"https:\\\/\\\/bbqentertainment.com\\\/toode\\\/jealous-devil-boom-uliage-suutepomm-8tk\\\/\"]}]},{\"@type\":\"ImageObject\",\"inLanguage\":\"en-US\",\"@id\":\"https:\\\/\\\/bbqentertainment.com\\\/toode\\\/jealous-devil-boom-uliage-suutepomm-8tk\\\/#primaryimage\",\"url\":\"https:\\\/\\\/bbqentertainment.com\\\/wp-content\\\/uploads\\\/2026\\\/02\\\/Jealous-Devil-BOOM-Suutepomm-8tk.jpg\",\"contentUrl\":\"https:\\\/\\\/bbqentertainment.com\\\/wp-content\\\/uploads\\\/2026\\\/02\\\/Jealous-Devil-BOOM-Suutepomm-8tk.jpg\",\"width\":1512,\"height\":1512},{\"@type\":\"BreadcrumbList\",\"@id\":\"https:\\\/\\\/bbqentertainment.com\\\/toode\\\/jealous-devil-boom-uliage-suutepomm-8tk\\\/#breadcrumb\",\"itemListElement\":[{\"@type\":\"ListItem\",\"position\":1,\"name\":\"AVALEHT\",\"item\":\"https:\\\/\\\/bbqentertainment.com\\\/en\\\/\"},{\"@type\":\"ListItem\",\"position\":2,\"name\":\"Tooted\",\"item\":\"https:\\\/\\\/bbqentertainment.com\\\/tooted\\\/\"},{\"@type\":\"ListItem\",\"position\":3,\"name\":\"K\u00fcte\",\"item\":\"https:\\\/\\\/bbqentertainment.com\\\/tootekategooria\\\/grillsusi\\\/\"},{\"@type\":\"ListItem\",\"position\":4,\"name\":\"S\u00fcte s\u00fc\u00fctamiseks\",\"item\":\"https:\\\/\\\/bbqentertainment.com\\\/tootekategooria\\\/grillsusi\\\/sute-suutamiseks\\\/\"},{\"@type\":\"ListItem\",\"position\":5,\"name\":\"Jealous Devil BOOM! \u00dcli\u00e4ge s\u00fc\u00fctepomm (8tk)\"}]},{\"@type\":\"WebSite\",\"@id\":\"https:\\\/\\\/bbqentertainment.com\\\/#website\",\"url\":\"https:\\\/\\\/bbqentertainment.com\\\/\",\"name\":\"BBQ Entertainment\",\"description\":\"BBQ is a great lifestyle, not just fun!\",\"publisher\":{\"@id\":\"https:\\\/\\\/bbqentertainment.com\\\/#organization\"},\"potentialAction\":[{\"@type\":\"SearchAction\",\"target\":{\"@type\":\"EntryPoint\",\"urlTemplate\":\"https:\\\/\\\/bbqentertainment.com\\\/?s={search_term_string}\"},\"query-input\":{\"@type\":\"PropertyValueSpecification\",\"valueRequired\":true,\"valueName\":\"search_term_string\"}}],\"inLanguage\":\"en-US\"},{\"@type\":\"Organization\",\"@id\":\"https:\\\/\\\/bbqentertainment.com\\\/#organization\",\"name\":\"BBQ Entertainment O\u00dc\",\"url\":\"https:\\\/\\\/bbqentertainment.com\\\/\",\"logo\":{\"@type\":\"ImageObject\",\"inLanguage\":\"en-US\",\"@id\":\"https:\\\/\\\/bbqentertainment.com\\\/#\\\/schema\\\/logo\\\/image\\\/\",\"url\":\"https:\\\/\\\/bbqentertainment.com\\\/wp-content\\\/uploads\\\/2020\\\/04\\\/BBQ-Entertainment-N-Catering-Enn-Tobreluts-Logo.png\",\"contentUrl\":\"https:\\\/\\\/bbqentertainment.com\\\/wp-content\\\/uploads\\\/2020\\\/04\\\/BBQ-Entertainment-N-Catering-Enn-Tobreluts-Logo.png\",\"width\":628,\"height\":266,\"caption\":\"BBQ Entertainment O\u00dc\"},\"image\":{\"@id\":\"https:\\\/\\\/bbqentertainment.com\\\/#\\\/schema\\\/logo\\\/image\\\/\"},\"sameAs\":[\"https:\\\/\\\/www.facebook.com\\\/BBQ-Entertainment-N-Catering-2437913376443540\",\"https:\\\/\\\/www.instagram.com\\\/bbqentertainmentncatering\\\/\",\"https:\\\/\\\/www.youtube.com\\\/channel\\\/UCmpuANQVhLy2Md8nrenp2jA\"]}]}<\/script>\n<!-- \/ Yoast SEO plugin. -->","yoast_head_json":{"title":"Jealous Devil BOOM! \u00dcli\u00e4ge s\u00fc\u00fctepomm (8tk) - BBQ Entertainment","robots":{"index":"index","follow":"follow","max-snippet":"max-snippet:-1","max-image-preview":"max-image-preview:large","max-video-preview":"max-video-preview:-1"},"canonical":"https:\/\/bbqentertainment.com\/toode\/jealous-devil-boom-uliage-suutepomm-8tk\/","og_locale":"en_US","og_type":"article","og_title":"Jealous Devil BOOM! \u00dcli\u00e4ge s\u00fc\u00fctepomm (8tk) - BBQ Entertainment","og_description":"Jealous Devil BOOM! \u00dcli\u00e4ge s\u00fc\u00fctepomm (8tk) Jealous Devil BOOM! on grills\u00f6e ja briketi s\u00fc\u00fctamiseks m\u00f5eldud s\u00fc\u00fctepalad, mille on valmistatud 100% kookoskiust. Need annavad tugeva ja stabiilse leegi, millega saad s\u00fc\u00fcdata ka suurema koguse s\u00f6e ilma s\u00fc\u00fctevedelikku kasutamata. S\u00fc\u00fctepalad ei anna k\u00f5rvalmaitset ning sobivad kasutamiseks nii grillis, kaminas kui ka l\u00f5kke s\u00fc\u00fctamisel. \u00dcks s\u00fc\u00fctekeha p\u00f5leb \u00fcle 10 minuti ja saavutab k\u00f5rge temperatuuri, mis aitab s\u00f6el kiiremini s\u00fcttida. S\u00fc\u00fctepalad on praktiliselt suitsu- ja l\u00f5hnavabad ning toimivad ka niisketes tingimustes.  Omadused \u2022 Pakis 8 s\u00fc\u00fctekeha \u2022 Valmistatud kookoskiust \u2022 P\u00f5lemisaeg \u00fcle 10 minuti \u2022 Tugev ja stabiilne leek \u2022 Ei anna toidule k\u00f5rvalmaitset \u2022 Madala suitsu ja l\u00f5hnaga \u2022 Sobib grills\u00f6e, briketi, kamina ja l\u00f5kke s\u00fc\u00fctamiseks\"","og_url":"https:\/\/bbqentertainment.com\/toode\/jealous-devil-boom-uliage-suutepomm-8tk\/","og_site_name":"BBQ Entertainment","article_publisher":"https:\/\/www.facebook.com\/BBQ-Entertainment-N-Catering-2437913376443540","article_modified_time":"2026-03-02T12:50:12+00:00","og_image":[{"width":1512,"height":1512,"url":"https:\/\/bbqentertainment.com\/wp-content\/uploads\/2026\/02\/Jealous-Devil-BOOM-Suutepomm-8tk.jpg","type":"image\/jpeg"}],"twitter_card":"summary_large_image","twitter_misc":{"Est. reading time":"1 minute"},"schema":{"@context":"https:\/\/schema.org","@graph":[{"@type":["WebPage","ItemPage"],"@id":"https:\/\/bbqentertainment.com\/toode\/jealous-devil-boom-uliage-suutepomm-8tk\/","url":"https:\/\/bbqentertainment.com\/toode\/jealous-devil-boom-uliage-suutepomm-8tk\/","name":"Jealous Devil BOOM! \u00dcli\u00e4ge s\u00fc\u00fctepomm (8tk) - BBQ Entertainment","isPartOf":{"@id":"https:\/\/bbqentertainment.com\/#website"},"primaryImageOfPage":{"@id":"https:\/\/bbqentertainment.com\/toode\/jealous-devil-boom-uliage-suutepomm-8tk\/#primaryimage"},"image":{"@id":"https:\/\/bbqentertainment.com\/toode\/jealous-devil-boom-uliage-suutepomm-8tk\/#primaryimage"},"thumbnailUrl":"https:\/\/bbqentertainment.com\/wp-content\/uploads\/2026\/02\/Jealous-Devil-BOOM-Suutepomm-8tk.jpg","datePublished":"2026-02-26T16:22:31+00:00","dateModified":"2026-03-02T12:50:12+00:00","breadcrumb":{"@id":"https:\/\/bbqentertainment.com\/toode\/jealous-devil-boom-uliage-suutepomm-8tk\/#breadcrumb"},"inLanguage":"en-US","potentialAction":[{"@type":"ReadAction","target":["https:\/\/bbqentertainment.com\/toode\/jealous-devil-boom-uliage-suutepomm-8tk\/"]}]},{"@type":"ImageObject","inLanguage":"en-US","@id":"https:\/\/bbqentertainment.com\/toode\/jealous-devil-boom-uliage-suutepomm-8tk\/#primaryimage","url":"https:\/\/bbqentertainment.com\/wp-content\/uploads\/2026\/02\/Jealous-Devil-BOOM-Suutepomm-8tk.jpg","contentUrl":"https:\/\/bbqentertainment.com\/wp-content\/uploads\/2026\/02\/Jealous-Devil-BOOM-Suutepomm-8tk.jpg","width":1512,"height":1512},{"@type":"BreadcrumbList","@id":"https:\/\/bbqentertainment.com\/toode\/jealous-devil-boom-uliage-suutepomm-8tk\/#breadcrumb","itemListElement":[{"@type":"ListItem","position":1,"name":"AVALEHT","item":"https:\/\/bbqentertainment.com\/en\/"},{"@type":"ListItem","position":2,"name":"Tooted","item":"https:\/\/bbqentertainment.com\/tooted\/"},{"@type":"ListItem","position":3,"name":"K\u00fcte","item":"https:\/\/bbqentertainment.com\/tootekategooria\/grillsusi\/"},{"@type":"ListItem","position":4,"name":"S\u00fcte s\u00fc\u00fctamiseks","item":"https:\/\/bbqentertainment.com\/tootekategooria\/grillsusi\/sute-suutamiseks\/"},{"@type":"ListItem","position":5,"name":"Jealous Devil BOOM! \u00dcli\u00e4ge s\u00fc\u00fctepomm (8tk)"}]},{"@type":"WebSite","@id":"https:\/\/bbqentertainment.com\/#website","url":"https:\/\/bbqentertainment.com\/","name":"BBQ Entertainment","description":"BBQ is a great lifestyle, not just fun!","publisher":{"@id":"https:\/\/bbqentertainment.com\/#organization"},"potentialAction":[{"@type":"SearchAction","target":{"@type":"EntryPoint","urlTemplate":"https:\/\/bbqentertainment.com\/?s={search_term_string}"},"query-input":{"@type":"PropertyValueSpecification","valueRequired":true,"valueName":"search_term_string"}}],"inLanguage":"en-US"},{"@type":"Organization","@id":"https:\/\/bbqentertainment.com\/#organization","name":"BBQ Entertainment O\u00dc","url":"https:\/\/bbqentertainment.com\/","logo":{"@type":"ImageObject","inLanguage":"en-US","@id":"https:\/\/bbqentertainment.com\/#\/schema\/logo\/image\/","url":"https:\/\/bbqentertainment.com\/wp-content\/uploads\/2020\/04\/BBQ-Entertainment-N-Catering-Enn-Tobreluts-Logo.png","contentUrl":"https:\/\/bbqentertainment.com\/wp-content\/uploads\/2020\/04\/BBQ-Entertainment-N-Catering-Enn-Tobreluts-Logo.png","width":628,"height":266,"caption":"BBQ Entertainment O\u00dc"},"image":{"@id":"https:\/\/bbqentertainment.com\/#\/schema\/logo\/image\/"},"sameAs":["https:\/\/www.facebook.com\/BBQ-Entertainment-N-Catering-2437913376443540","https:\/\/www.instagram.com\/bbqentertainmentncatering\/","https:\/\/www.youtube.com\/channel\/UCmpuANQVhLy2Md8nrenp2jA"]}]}},"_links":{"self":[{"href":"https:\/\/bbqentertainment.com\/en\/wp-json\/wp\/v2\/product\/257392","targetHints":{"allow":["GET"]}}],"collection":[{"href":"https:\/\/bbqentertainment.com\/en\/wp-json\/wp\/v2\/product"}],"about":[{"href":"https:\/\/bbqentertainment.com\/en\/wp-json\/wp\/v2\/types\/product"}],"wp:featuredmedia":[{"embeddable":true,"href":"https:\/\/bbqentertainment.com\/en\/wp-json\/wp\/v2\/media\/257405"}],"wp:attachment":[{"href":"https:\/\/bbqentertainment.com\/en\/wp-json\/wp\/v2\/media?parent=257392"}],"wp:term":[{"taxonomy":"product_brand","embeddable":true,"href":"https:\/\/bbqentertainment.com\/en\/wp-json\/wp\/v2\/product_brand?post=257392"},{"taxonomy":"product_cat","embeddable":true,"href":"https:\/\/bbqentertainment.com\/en\/wp-json\/wp\/v2\/product_cat?post=257392"},{"taxonomy":"product_tag","embeddable":true,"href":"https:\/\/bbqentertainment.com\/en\/wp-json\/wp\/v2\/product_tag?post=257392"}],"curies":[{"name":"wp","href":"https:\/\/api.w.org\/{rel}","templated":true}]}}