{"id":257393,"date":"2026-02-26T18:22:32","date_gmt":"2026-02-26T16:22:32","guid":{"rendered":"https:\/\/bbqentertainment.com\/?post_type=product&#038;p=257393"},"modified":"2026-03-02T14:50:12","modified_gmt":"2026-03-02T12:50:12","slug":"bbq-kaste-lootn-booty-apple-cherry","status":"publish","type":"product","link":"https:\/\/bbqentertainment.com\/en\/toode\/bbq-kaste-lootn-booty-apple-cherry\/","title":{"rendered":"BBQ kaste Loot\u2019n Booty Apple Cherry"},"content":{"rendered":"","protected":false},"excerpt":{"rendered":"<h3>BBQ kaste Loot\u2019n Booty Apple Cherry<\/h3>\n<p>Loot\u2019n Booty kastmed on loodud USA BBQ-v\u00f5istluste kogemuse p\u00f5hjal. Br\u00e4ndi looja Sterling \u201eSmitty\u201c Ball on tuntud eelk\u00f5ige oma rubide poolest, kuid v\u00f5istlusgrillimine viis ta edasi ka kastmete arendamiseni. See BBQ kaste \u00fchendab \u00f5una ja kirsi, andes tulemuseks selgelt puuviljase ja magusapoolse maitse.<\/p>\n<p><strong>Kasutamine<\/strong><br \/>\n\u2022 sealiha ja ribide glasuurimiseks grillil v\u00f5i suitsuahjus<br \/>\n\u2022 kana ja kanatiibade katmiseks k\u00fcpsetamise l\u00f5pus<br \/>\n\u2022 burgerite ja grillitud liha k\u00f5rvale kastmena<br \/>\n\u2022 marinaadi osana magusama maitse saavutamiseks<\/p>\n<p><strong>Koostisosad<\/strong><br \/>\nSuhkur, tomatip\u00fcree (vesi, tomatipasta), \u00e4\u00e4dikas, \u00f5unamahla kontsentraat, sool, Worcestershire\u2019i kaste (destilleeritud \u00e4\u00e4dikas, melass, maisisiirup, vesi, sool, karamelliv\u00e4rv, k\u00fc\u00fcslaugupulber, suhkur, v\u00fcrtsid, selleriseemned, tamarindi ekstrakt, looduslik maitse), looduslik suitsumaitse, kirsimahla kontsentraat, sinepijahu, v\u00fcrtsid (sh t\u0161illipipar), sibul, looduslikud maitseained.<br \/>\nToitumisalane teave 100 g kohta<br \/>\nEnergiasisaldus 950 kcal \/ 227 kJ, rasvad 0,2 g, millest k\u00fcllastunud rasvhapped 0 g, s\u00fcsivesikud 57 g, millest suhkrud 55 g, valgud 0,7 g, sool 1,5 g.&#8221;<\/p>\n","protected":false},"featured_media":257404,"template":"","meta":{"inline_featured_image":false},"product_brand":[],"product_cat":[28],"product_tag":[],"class_list":{"0":"post-257393","1":"product","2":"type-product","3":"status-publish","4":"has-post-thumbnail","6":"product_cat-maitseandjad","8":"first","9":"instock","10":"taxable","11":"shipping-taxable","12":"purchasable","13":"product-type-simple"},"yoast_head":"<!-- This site is optimized with the Yoast SEO plugin v27.4 - https:\/\/yoast.com\/product\/yoast-seo-wordpress\/ -->\n<title>BBQ kaste Loot\u2019n Booty Apple Cherry - BBQ Entertainment<\/title>\n<meta name=\"robots\" content=\"index, follow, max-snippet:-1, max-image-preview:large, max-video-preview:-1\" \/>\n<link rel=\"canonical\" href=\"https:\/\/bbqentertainment.com\/toode\/bbq-kaste-lootn-booty-apple-cherry\/\" \/>\n<meta property=\"og:locale\" content=\"en_US\" \/>\n<meta property=\"og:type\" content=\"article\" \/>\n<meta property=\"og:title\" content=\"BBQ kaste Loot\u2019n Booty Apple Cherry - BBQ Entertainment\" \/>\n<meta property=\"og:description\" content=\"BBQ kaste Loot\u2019n Booty Apple Cherry Loot\u2019n Booty kastmed on loodud USA BBQ-v\u00f5istluste kogemuse p\u00f5hjal. Br\u00e4ndi looja Sterling \u201eSmitty\u201c Ball on tuntud eelk\u00f5ige oma rubide poolest, kuid v\u00f5istlusgrillimine viis ta edasi ka kastmete arendamiseni. See BBQ kaste \u00fchendab \u00f5una ja kirsi, andes tulemuseks selgelt puuviljase ja magusapoolse maitse.  Kasutamine \u2022 sealiha ja ribide glasuurimiseks grillil v\u00f5i suitsuahjus \u2022 kana ja kanatiibade katmiseks k\u00fcpsetamise l\u00f5pus \u2022 burgerite ja grillitud liha k\u00f5rvale kastmena \u2022 marinaadi osana magusama maitse saavutamiseks  Koostisosad Suhkur, tomatip\u00fcree (vesi, tomatipasta), \u00e4\u00e4dikas, \u00f5unamahla kontsentraat, sool, Worcestershire\u2019i kaste (destilleeritud \u00e4\u00e4dikas, melass, maisisiirup, vesi, sool, karamelliv\u00e4rv, k\u00fc\u00fcslaugupulber, suhkur, v\u00fcrtsid, selleriseemned, tamarindi ekstrakt, looduslik maitse), looduslik suitsumaitse, kirsimahla kontsentraat, sinepijahu, v\u00fcrtsid (sh t\u0161illipipar), sibul, looduslikud maitseained. Toitumisalane teave 100 g kohta Energiasisaldus 950 kcal \/ 227 kJ, rasvad 0,2 g, millest k\u00fcllastunud rasvhapped 0 g, s\u00fcsivesikud 57 g, millest suhkrud 55 g, valgud 0,7 g, sool 1,5 g.&quot;\" \/>\n<meta property=\"og:url\" content=\"https:\/\/bbqentertainment.com\/toode\/bbq-kaste-lootn-booty-apple-cherry\/\" \/>\n<meta property=\"og:site_name\" content=\"BBQ Entertainment\" \/>\n<meta property=\"article:publisher\" content=\"https:\/\/www.facebook.com\/BBQ-Entertainment-N-Catering-2437913376443540\" \/>\n<meta property=\"article:modified_time\" content=\"2026-03-02T12:50:12+00:00\" \/>\n<meta property=\"og:image\" content=\"https:\/\/bbqentertainment.com\/wp-content\/uploads\/2026\/02\/BBQ-kaste-Lootn-Booty-Apple-Cherry.jpg\" \/>\n\t<meta property=\"og:image:width\" content=\"1512\" \/>\n\t<meta property=\"og:image:height\" content=\"1512\" \/>\n\t<meta property=\"og:image:type\" content=\"image\/jpeg\" \/>\n<meta name=\"twitter:card\" content=\"summary_large_image\" \/>\n<script type=\"application\/ld+json\" class=\"yoast-schema-graph\">{\"@context\":\"https:\\\/\\\/schema.org\",\"@graph\":[{\"@type\":[\"WebPage\",\"ItemPage\"],\"@id\":\"https:\\\/\\\/bbqentertainment.com\\\/toode\\\/bbq-kaste-lootn-booty-apple-cherry\\\/\",\"url\":\"https:\\\/\\\/bbqentertainment.com\\\/toode\\\/bbq-kaste-lootn-booty-apple-cherry\\\/\",\"name\":\"BBQ kaste Loot\u2019n Booty Apple Cherry - BBQ Entertainment\",\"isPartOf\":{\"@id\":\"https:\\\/\\\/bbqentertainment.com\\\/#website\"},\"primaryImageOfPage\":{\"@id\":\"https:\\\/\\\/bbqentertainment.com\\\/toode\\\/bbq-kaste-lootn-booty-apple-cherry\\\/#primaryimage\"},\"image\":{\"@id\":\"https:\\\/\\\/bbqentertainment.com\\\/toode\\\/bbq-kaste-lootn-booty-apple-cherry\\\/#primaryimage\"},\"thumbnailUrl\":\"https:\\\/\\\/bbqentertainment.com\\\/wp-content\\\/uploads\\\/2026\\\/02\\\/BBQ-kaste-Lootn-Booty-Apple-Cherry.jpg\",\"datePublished\":\"2026-02-26T16:22:32+00:00\",\"dateModified\":\"2026-03-02T12:50:12+00:00\",\"breadcrumb\":{\"@id\":\"https:\\\/\\\/bbqentertainment.com\\\/toode\\\/bbq-kaste-lootn-booty-apple-cherry\\\/#breadcrumb\"},\"inLanguage\":\"en-US\",\"potentialAction\":[{\"@type\":\"ReadAction\",\"target\":[\"https:\\\/\\\/bbqentertainment.com\\\/toode\\\/bbq-kaste-lootn-booty-apple-cherry\\\/\"]}]},{\"@type\":\"ImageObject\",\"inLanguage\":\"en-US\",\"@id\":\"https:\\\/\\\/bbqentertainment.com\\\/toode\\\/bbq-kaste-lootn-booty-apple-cherry\\\/#primaryimage\",\"url\":\"https:\\\/\\\/bbqentertainment.com\\\/wp-content\\\/uploads\\\/2026\\\/02\\\/BBQ-kaste-Lootn-Booty-Apple-Cherry.jpg\",\"contentUrl\":\"https:\\\/\\\/bbqentertainment.com\\\/wp-content\\\/uploads\\\/2026\\\/02\\\/BBQ-kaste-Lootn-Booty-Apple-Cherry.jpg\",\"width\":1512,\"height\":1512},{\"@type\":\"BreadcrumbList\",\"@id\":\"https:\\\/\\\/bbqentertainment.com\\\/toode\\\/bbq-kaste-lootn-booty-apple-cherry\\\/#breadcrumb\",\"itemListElement\":[{\"@type\":\"ListItem\",\"position\":1,\"name\":\"AVALEHT\",\"item\":\"https:\\\/\\\/bbqentertainment.com\\\/en\\\/\"},{\"@type\":\"ListItem\",\"position\":2,\"name\":\"Tooted\",\"item\":\"https:\\\/\\\/bbqentertainment.com\\\/tooted\\\/\"},{\"@type\":\"ListItem\",\"position\":3,\"name\":\"Maitseandjad\",\"item\":\"https:\\\/\\\/bbqentertainment.com\\\/en\\\/tootekategooria\\\/maitseandjad\\\/\"},{\"@type\":\"ListItem\",\"position\":4,\"name\":\"BBQ kaste Loot\u2019n Booty Apple Cherry\"}]},{\"@type\":\"WebSite\",\"@id\":\"https:\\\/\\\/bbqentertainment.com\\\/#website\",\"url\":\"https:\\\/\\\/bbqentertainment.com\\\/\",\"name\":\"BBQ Entertainment\",\"description\":\"BBQ is a great lifestyle, not just fun!\",\"publisher\":{\"@id\":\"https:\\\/\\\/bbqentertainment.com\\\/#organization\"},\"potentialAction\":[{\"@type\":\"SearchAction\",\"target\":{\"@type\":\"EntryPoint\",\"urlTemplate\":\"https:\\\/\\\/bbqentertainment.com\\\/?s={search_term_string}\"},\"query-input\":{\"@type\":\"PropertyValueSpecification\",\"valueRequired\":true,\"valueName\":\"search_term_string\"}}],\"inLanguage\":\"en-US\"},{\"@type\":\"Organization\",\"@id\":\"https:\\\/\\\/bbqentertainment.com\\\/#organization\",\"name\":\"BBQ Entertainment O\u00dc\",\"url\":\"https:\\\/\\\/bbqentertainment.com\\\/\",\"logo\":{\"@type\":\"ImageObject\",\"inLanguage\":\"en-US\",\"@id\":\"https:\\\/\\\/bbqentertainment.com\\\/#\\\/schema\\\/logo\\\/image\\\/\",\"url\":\"https:\\\/\\\/bbqentertainment.com\\\/wp-content\\\/uploads\\\/2020\\\/04\\\/BBQ-Entertainment-N-Catering-Enn-Tobreluts-Logo.png\",\"contentUrl\":\"https:\\\/\\\/bbqentertainment.com\\\/wp-content\\\/uploads\\\/2020\\\/04\\\/BBQ-Entertainment-N-Catering-Enn-Tobreluts-Logo.png\",\"width\":628,\"height\":266,\"caption\":\"BBQ Entertainment O\u00dc\"},\"image\":{\"@id\":\"https:\\\/\\\/bbqentertainment.com\\\/#\\\/schema\\\/logo\\\/image\\\/\"},\"sameAs\":[\"https:\\\/\\\/www.facebook.com\\\/BBQ-Entertainment-N-Catering-2437913376443540\",\"https:\\\/\\\/www.instagram.com\\\/bbqentertainmentncatering\\\/\",\"https:\\\/\\\/www.youtube.com\\\/channel\\\/UCmpuANQVhLy2Md8nrenp2jA\"]}]}<\/script>\n<!-- \/ Yoast SEO plugin. -->","yoast_head_json":{"title":"BBQ kaste Loot\u2019n Booty Apple Cherry - BBQ Entertainment","robots":{"index":"index","follow":"follow","max-snippet":"max-snippet:-1","max-image-preview":"max-image-preview:large","max-video-preview":"max-video-preview:-1"},"canonical":"https:\/\/bbqentertainment.com\/toode\/bbq-kaste-lootn-booty-apple-cherry\/","og_locale":"en_US","og_type":"article","og_title":"BBQ kaste Loot\u2019n Booty Apple Cherry - BBQ Entertainment","og_description":"BBQ kaste Loot\u2019n Booty Apple Cherry Loot\u2019n Booty kastmed on loodud USA BBQ-v\u00f5istluste kogemuse p\u00f5hjal. Br\u00e4ndi looja Sterling \u201eSmitty\u201c Ball on tuntud eelk\u00f5ige oma rubide poolest, kuid v\u00f5istlusgrillimine viis ta edasi ka kastmete arendamiseni. See BBQ kaste \u00fchendab \u00f5una ja kirsi, andes tulemuseks selgelt puuviljase ja magusapoolse maitse.  Kasutamine \u2022 sealiha ja ribide glasuurimiseks grillil v\u00f5i suitsuahjus \u2022 kana ja kanatiibade katmiseks k\u00fcpsetamise l\u00f5pus \u2022 burgerite ja grillitud liha k\u00f5rvale kastmena \u2022 marinaadi osana magusama maitse saavutamiseks  Koostisosad Suhkur, tomatip\u00fcree (vesi, tomatipasta), \u00e4\u00e4dikas, \u00f5unamahla kontsentraat, sool, Worcestershire\u2019i kaste (destilleeritud \u00e4\u00e4dikas, melass, maisisiirup, vesi, sool, karamelliv\u00e4rv, k\u00fc\u00fcslaugupulber, suhkur, v\u00fcrtsid, selleriseemned, tamarindi ekstrakt, looduslik maitse), looduslik suitsumaitse, kirsimahla kontsentraat, sinepijahu, v\u00fcrtsid (sh t\u0161illipipar), sibul, looduslikud maitseained. Toitumisalane teave 100 g kohta Energiasisaldus 950 kcal \/ 227 kJ, rasvad 0,2 g, millest k\u00fcllastunud rasvhapped 0 g, s\u00fcsivesikud 57 g, millest suhkrud 55 g, valgud 0,7 g, sool 1,5 g.\"","og_url":"https:\/\/bbqentertainment.com\/toode\/bbq-kaste-lootn-booty-apple-cherry\/","og_site_name":"BBQ Entertainment","article_publisher":"https:\/\/www.facebook.com\/BBQ-Entertainment-N-Catering-2437913376443540","article_modified_time":"2026-03-02T12:50:12+00:00","og_image":[{"width":1512,"height":1512,"url":"https:\/\/bbqentertainment.com\/wp-content\/uploads\/2026\/02\/BBQ-kaste-Lootn-Booty-Apple-Cherry.jpg","type":"image\/jpeg"}],"twitter_card":"summary_large_image","schema":{"@context":"https:\/\/schema.org","@graph":[{"@type":["WebPage","ItemPage"],"@id":"https:\/\/bbqentertainment.com\/toode\/bbq-kaste-lootn-booty-apple-cherry\/","url":"https:\/\/bbqentertainment.com\/toode\/bbq-kaste-lootn-booty-apple-cherry\/","name":"BBQ kaste Loot\u2019n Booty Apple Cherry - BBQ Entertainment","isPartOf":{"@id":"https:\/\/bbqentertainment.com\/#website"},"primaryImageOfPage":{"@id":"https:\/\/bbqentertainment.com\/toode\/bbq-kaste-lootn-booty-apple-cherry\/#primaryimage"},"image":{"@id":"https:\/\/bbqentertainment.com\/toode\/bbq-kaste-lootn-booty-apple-cherry\/#primaryimage"},"thumbnailUrl":"https:\/\/bbqentertainment.com\/wp-content\/uploads\/2026\/02\/BBQ-kaste-Lootn-Booty-Apple-Cherry.jpg","datePublished":"2026-02-26T16:22:32+00:00","dateModified":"2026-03-02T12:50:12+00:00","breadcrumb":{"@id":"https:\/\/bbqentertainment.com\/toode\/bbq-kaste-lootn-booty-apple-cherry\/#breadcrumb"},"inLanguage":"en-US","potentialAction":[{"@type":"ReadAction","target":["https:\/\/bbqentertainment.com\/toode\/bbq-kaste-lootn-booty-apple-cherry\/"]}]},{"@type":"ImageObject","inLanguage":"en-US","@id":"https:\/\/bbqentertainment.com\/toode\/bbq-kaste-lootn-booty-apple-cherry\/#primaryimage","url":"https:\/\/bbqentertainment.com\/wp-content\/uploads\/2026\/02\/BBQ-kaste-Lootn-Booty-Apple-Cherry.jpg","contentUrl":"https:\/\/bbqentertainment.com\/wp-content\/uploads\/2026\/02\/BBQ-kaste-Lootn-Booty-Apple-Cherry.jpg","width":1512,"height":1512},{"@type":"BreadcrumbList","@id":"https:\/\/bbqentertainment.com\/toode\/bbq-kaste-lootn-booty-apple-cherry\/#breadcrumb","itemListElement":[{"@type":"ListItem","position":1,"name":"AVALEHT","item":"https:\/\/bbqentertainment.com\/en\/"},{"@type":"ListItem","position":2,"name":"Tooted","item":"https:\/\/bbqentertainment.com\/tooted\/"},{"@type":"ListItem","position":3,"name":"Maitseandjad","item":"https:\/\/bbqentertainment.com\/en\/tootekategooria\/maitseandjad\/"},{"@type":"ListItem","position":4,"name":"BBQ kaste Loot\u2019n Booty Apple Cherry"}]},{"@type":"WebSite","@id":"https:\/\/bbqentertainment.com\/#website","url":"https:\/\/bbqentertainment.com\/","name":"BBQ Entertainment","description":"BBQ is a great lifestyle, not just fun!","publisher":{"@id":"https:\/\/bbqentertainment.com\/#organization"},"potentialAction":[{"@type":"SearchAction","target":{"@type":"EntryPoint","urlTemplate":"https:\/\/bbqentertainment.com\/?s={search_term_string}"},"query-input":{"@type":"PropertyValueSpecification","valueRequired":true,"valueName":"search_term_string"}}],"inLanguage":"en-US"},{"@type":"Organization","@id":"https:\/\/bbqentertainment.com\/#organization","name":"BBQ Entertainment O\u00dc","url":"https:\/\/bbqentertainment.com\/","logo":{"@type":"ImageObject","inLanguage":"en-US","@id":"https:\/\/bbqentertainment.com\/#\/schema\/logo\/image\/","url":"https:\/\/bbqentertainment.com\/wp-content\/uploads\/2020\/04\/BBQ-Entertainment-N-Catering-Enn-Tobreluts-Logo.png","contentUrl":"https:\/\/bbqentertainment.com\/wp-content\/uploads\/2020\/04\/BBQ-Entertainment-N-Catering-Enn-Tobreluts-Logo.png","width":628,"height":266,"caption":"BBQ Entertainment O\u00dc"},"image":{"@id":"https:\/\/bbqentertainment.com\/#\/schema\/logo\/image\/"},"sameAs":["https:\/\/www.facebook.com\/BBQ-Entertainment-N-Catering-2437913376443540","https:\/\/www.instagram.com\/bbqentertainmentncatering\/","https:\/\/www.youtube.com\/channel\/UCmpuANQVhLy2Md8nrenp2jA"]}]}},"_links":{"self":[{"href":"https:\/\/bbqentertainment.com\/en\/wp-json\/wp\/v2\/product\/257393","targetHints":{"allow":["GET"]}}],"collection":[{"href":"https:\/\/bbqentertainment.com\/en\/wp-json\/wp\/v2\/product"}],"about":[{"href":"https:\/\/bbqentertainment.com\/en\/wp-json\/wp\/v2\/types\/product"}],"wp:featuredmedia":[{"embeddable":true,"href":"https:\/\/bbqentertainment.com\/en\/wp-json\/wp\/v2\/media\/257404"}],"wp:attachment":[{"href":"https:\/\/bbqentertainment.com\/en\/wp-json\/wp\/v2\/media?parent=257393"}],"wp:term":[{"taxonomy":"product_brand","embeddable":true,"href":"https:\/\/bbqentertainment.com\/en\/wp-json\/wp\/v2\/product_brand?post=257393"},{"taxonomy":"product_cat","embeddable":true,"href":"https:\/\/bbqentertainment.com\/en\/wp-json\/wp\/v2\/product_cat?post=257393"},{"taxonomy":"product_tag","embeddable":true,"href":"https:\/\/bbqentertainment.com\/en\/wp-json\/wp\/v2\/product_tag?post=257393"}],"curies":[{"name":"wp","href":"https:\/\/api.w.org\/{rel}","templated":true}]}}