{"id":257394,"date":"2026-02-26T18:22:33","date_gmt":"2026-02-26T16:22:33","guid":{"rendered":"https:\/\/bbqentertainment.com\/?post_type=product&#038;p=257394"},"modified":"2026-04-16T12:56:18","modified_gmt":"2026-04-16T09:56:18","slug":"maitseainesegu-barbecoa-holy-grail","status":"publish","type":"product","link":"https:\/\/bbqentertainment.com\/en\/toode\/maitseainesegu-barbecoa-holy-grail\/","title":{"rendered":"Maitseainesegu Barbecoa Holy Grail"},"content":{"rendered":"","protected":false},"excerpt":{"rendered":"<h3>Maitseainesegu Barbecoa Holy Grail<\/h3>\n<p>Barbecoa on Belgia BBQ v\u00f5istlusmeeskond, kes on korduvalt tulnud oma riigi meistriks ja osaleb regulaarselt ka Euroopa tipptasemel v\u00f5istlustel. Meeskonna eestvedaja Tom Bertels on loonud ka oma maitseainesegud ning Holy Grail on neist tuntumaid. Seda segu kasutavad nad eelk\u00f5ige brisketi maitsestamiseks, kus on oluline s\u00e4ilitada liha loomulik maitse ja anda sellele selge, kuid tasakaalus maitsestus.<\/p>\n<p>Holy Grail on soolase ja piprase iseloomuga maitseainesegu, mis sobib eriti h\u00e4sti veiseliha jaoks. Samas toimib see h\u00e4sti ka sealihaga, n\u00e4iteks klassikalise ahjuprae v\u00f5i grillitud lihat\u00fckkide puhul.<\/p>\n<p><strong>Kasutamine<\/strong><br \/>\n\u2022 veiseliha, eriti brisketi maitsestamiseks enne suitsutamist v\u00f5i grillimist<br \/>\n\u2022 veisesteikide ja suuremate lihat\u00fckkide kuivmarinaadina<br \/>\n\u2022 seaprae ja sealihat\u00fckkide maitsestamiseks<br \/>\n\u2022 sobib ka hakkliha ja burgerite maitsestamiseks<br \/>\n<strong>Koostisosad:\u00a0 <\/strong>K\u00fc\u00fcslauk, seller, sool, pipar, sibul, soja, naatriumglutamaat.<br \/>\nAllergeenid:\u00a0 Sisaldab sellerit ja soja<\/p>\n","protected":false},"featured_media":257398,"template":"","meta":{"inline_featured_image":false},"product_brand":[],"product_cat":[28],"product_tag":[],"class_list":{"0":"post-257394","1":"product","2":"type-product","3":"status-publish","4":"has-post-thumbnail","6":"product_cat-maitseandjad","8":"first","9":"instock","10":"taxable","11":"shipping-taxable","12":"purchasable","13":"product-type-simple"},"yoast_head":"<!-- This site is optimized with the Yoast SEO plugin v27.4 - https:\/\/yoast.com\/product\/yoast-seo-wordpress\/ -->\n<title>Maitseainesegu Barbecoa Holy Grail - BBQ Entertainment<\/title>\n<meta name=\"robots\" content=\"index, follow, max-snippet:-1, max-image-preview:large, max-video-preview:-1\" \/>\n<link rel=\"canonical\" href=\"https:\/\/bbqentertainment.com\/toode\/maitseainesegu-barbecoa-holy-grail\/\" \/>\n<meta property=\"og:locale\" content=\"en_US\" \/>\n<meta property=\"og:type\" content=\"article\" \/>\n<meta property=\"og:title\" content=\"Maitseainesegu Barbecoa Holy Grail - BBQ Entertainment\" \/>\n<meta property=\"og:description\" content=\"Maitseainesegu Barbecoa Holy Grail Barbecoa on Belgia BBQ v\u00f5istlusmeeskond, kes on korduvalt tulnud oma riigi meistriks ja osaleb regulaarselt ka Euroopa tipptasemel v\u00f5istlustel. Meeskonna eestvedaja Tom Bertels on loonud ka oma maitseainesegud ning Holy Grail on neist tuntumaid. Seda segu kasutavad nad eelk\u00f5ige brisketi maitsestamiseks, kus on oluline s\u00e4ilitada liha loomulik maitse ja anda sellele selge, kuid tasakaalus maitsestus.  Holy Grail on soolase ja piprase iseloomuga maitseainesegu, mis sobib eriti h\u00e4sti veiseliha jaoks. Samas toimib see h\u00e4sti ka sealihaga, n\u00e4iteks klassikalise ahjuprae v\u00f5i grillitud lihat\u00fckkide puhul.  Kasutamine \u2022 veiseliha, eriti brisketi maitsestamiseks enne suitsutamist v\u00f5i grillimist \u2022 veisesteikide ja suuremate lihat\u00fckkide kuivmarinaadina \u2022 seaprae ja sealihat\u00fckkide maitsestamiseks \u2022 sobib ka hakkliha ja burgerite maitsestamiseks Koostisosad:\u00a0 K\u00fc\u00fcslauk, seller, sool, pipar, sibul, soja, naatriumglutamaat. Allergeenid:\u00a0 Sisaldab sellerit ja soja\" \/>\n<meta property=\"og:url\" content=\"https:\/\/bbqentertainment.com\/toode\/maitseainesegu-barbecoa-holy-grail\/\" \/>\n<meta property=\"og:site_name\" content=\"BBQ Entertainment\" \/>\n<meta property=\"article:publisher\" content=\"https:\/\/www.facebook.com\/BBQ-Entertainment-N-Catering-2437913376443540\" \/>\n<meta property=\"article:modified_time\" content=\"2026-04-16T09:56:18+00:00\" \/>\n<meta property=\"og:image\" content=\"https:\/\/bbqentertainment.com\/wp-content\/uploads\/2026\/02\/Maitseainesegu-Barbecoa-Holy-Grail.webp\" \/>\n\t<meta property=\"og:image:width\" content=\"800\" \/>\n\t<meta property=\"og:image:height\" content=\"797\" \/>\n\t<meta property=\"og:image:type\" content=\"image\/webp\" \/>\n<meta name=\"twitter:card\" content=\"summary_large_image\" \/>\n<meta name=\"twitter:label1\" content=\"Est. reading time\" \/>\n\t<meta name=\"twitter:data1\" content=\"1 minute\" \/>\n<script type=\"application\/ld+json\" class=\"yoast-schema-graph\">{\"@context\":\"https:\\\/\\\/schema.org\",\"@graph\":[{\"@type\":[\"WebPage\",\"ItemPage\"],\"@id\":\"https:\\\/\\\/bbqentertainment.com\\\/toode\\\/maitseainesegu-barbecoa-holy-grail\\\/\",\"url\":\"https:\\\/\\\/bbqentertainment.com\\\/toode\\\/maitseainesegu-barbecoa-holy-grail\\\/\",\"name\":\"Maitseainesegu Barbecoa Holy Grail - BBQ Entertainment\",\"isPartOf\":{\"@id\":\"https:\\\/\\\/bbqentertainment.com\\\/#website\"},\"primaryImageOfPage\":{\"@id\":\"https:\\\/\\\/bbqentertainment.com\\\/toode\\\/maitseainesegu-barbecoa-holy-grail\\\/#primaryimage\"},\"image\":{\"@id\":\"https:\\\/\\\/bbqentertainment.com\\\/toode\\\/maitseainesegu-barbecoa-holy-grail\\\/#primaryimage\"},\"thumbnailUrl\":\"https:\\\/\\\/bbqentertainment.com\\\/wp-content\\\/uploads\\\/2026\\\/02\\\/Maitseainesegu-Barbecoa-Holy-Grail.webp\",\"datePublished\":\"2026-02-26T16:22:33+00:00\",\"dateModified\":\"2026-04-16T09:56:18+00:00\",\"breadcrumb\":{\"@id\":\"https:\\\/\\\/bbqentertainment.com\\\/toode\\\/maitseainesegu-barbecoa-holy-grail\\\/#breadcrumb\"},\"inLanguage\":\"en-US\",\"potentialAction\":[{\"@type\":\"ReadAction\",\"target\":[\"https:\\\/\\\/bbqentertainment.com\\\/toode\\\/maitseainesegu-barbecoa-holy-grail\\\/\"]}]},{\"@type\":\"ImageObject\",\"inLanguage\":\"en-US\",\"@id\":\"https:\\\/\\\/bbqentertainment.com\\\/toode\\\/maitseainesegu-barbecoa-holy-grail\\\/#primaryimage\",\"url\":\"https:\\\/\\\/bbqentertainment.com\\\/wp-content\\\/uploads\\\/2026\\\/02\\\/Maitseainesegu-Barbecoa-Holy-Grail.webp\",\"contentUrl\":\"https:\\\/\\\/bbqentertainment.com\\\/wp-content\\\/uploads\\\/2026\\\/02\\\/Maitseainesegu-Barbecoa-Holy-Grail.webp\",\"width\":800,\"height\":797},{\"@type\":\"BreadcrumbList\",\"@id\":\"https:\\\/\\\/bbqentertainment.com\\\/toode\\\/maitseainesegu-barbecoa-holy-grail\\\/#breadcrumb\",\"itemListElement\":[{\"@type\":\"ListItem\",\"position\":1,\"name\":\"AVALEHT\",\"item\":\"https:\\\/\\\/bbqentertainment.com\\\/en\\\/\"},{\"@type\":\"ListItem\",\"position\":2,\"name\":\"Tooted\",\"item\":\"https:\\\/\\\/bbqentertainment.com\\\/tooted\\\/\"},{\"@type\":\"ListItem\",\"position\":3,\"name\":\"Maitseandjad\",\"item\":\"https:\\\/\\\/bbqentertainment.com\\\/en\\\/tootekategooria\\\/maitseandjad\\\/\"},{\"@type\":\"ListItem\",\"position\":4,\"name\":\"Maitseainesegu Barbecoa Holy Grail\"}]},{\"@type\":\"WebSite\",\"@id\":\"https:\\\/\\\/bbqentertainment.com\\\/#website\",\"url\":\"https:\\\/\\\/bbqentertainment.com\\\/\",\"name\":\"BBQ Entertainment\",\"description\":\"BBQ is a great lifestyle, not just fun!\",\"publisher\":{\"@id\":\"https:\\\/\\\/bbqentertainment.com\\\/#organization\"},\"potentialAction\":[{\"@type\":\"SearchAction\",\"target\":{\"@type\":\"EntryPoint\",\"urlTemplate\":\"https:\\\/\\\/bbqentertainment.com\\\/?s={search_term_string}\"},\"query-input\":{\"@type\":\"PropertyValueSpecification\",\"valueRequired\":true,\"valueName\":\"search_term_string\"}}],\"inLanguage\":\"en-US\"},{\"@type\":\"Organization\",\"@id\":\"https:\\\/\\\/bbqentertainment.com\\\/#organization\",\"name\":\"BBQ Entertainment O\u00dc\",\"url\":\"https:\\\/\\\/bbqentertainment.com\\\/\",\"logo\":{\"@type\":\"ImageObject\",\"inLanguage\":\"en-US\",\"@id\":\"https:\\\/\\\/bbqentertainment.com\\\/#\\\/schema\\\/logo\\\/image\\\/\",\"url\":\"https:\\\/\\\/bbqentertainment.com\\\/wp-content\\\/uploads\\\/2020\\\/04\\\/BBQ-Entertainment-N-Catering-Enn-Tobreluts-Logo.png\",\"contentUrl\":\"https:\\\/\\\/bbqentertainment.com\\\/wp-content\\\/uploads\\\/2020\\\/04\\\/BBQ-Entertainment-N-Catering-Enn-Tobreluts-Logo.png\",\"width\":628,\"height\":266,\"caption\":\"BBQ Entertainment O\u00dc\"},\"image\":{\"@id\":\"https:\\\/\\\/bbqentertainment.com\\\/#\\\/schema\\\/logo\\\/image\\\/\"},\"sameAs\":[\"https:\\\/\\\/www.facebook.com\\\/BBQ-Entertainment-N-Catering-2437913376443540\",\"https:\\\/\\\/www.instagram.com\\\/bbqentertainmentncatering\\\/\",\"https:\\\/\\\/www.youtube.com\\\/channel\\\/UCmpuANQVhLy2Md8nrenp2jA\"]}]}<\/script>\n<!-- \/ Yoast SEO plugin. -->","yoast_head_json":{"title":"Maitseainesegu Barbecoa Holy Grail - BBQ Entertainment","robots":{"index":"index","follow":"follow","max-snippet":"max-snippet:-1","max-image-preview":"max-image-preview:large","max-video-preview":"max-video-preview:-1"},"canonical":"https:\/\/bbqentertainment.com\/toode\/maitseainesegu-barbecoa-holy-grail\/","og_locale":"en_US","og_type":"article","og_title":"Maitseainesegu Barbecoa Holy Grail - BBQ Entertainment","og_description":"Maitseainesegu Barbecoa Holy Grail Barbecoa on Belgia BBQ v\u00f5istlusmeeskond, kes on korduvalt tulnud oma riigi meistriks ja osaleb regulaarselt ka Euroopa tipptasemel v\u00f5istlustel. Meeskonna eestvedaja Tom Bertels on loonud ka oma maitseainesegud ning Holy Grail on neist tuntumaid. Seda segu kasutavad nad eelk\u00f5ige brisketi maitsestamiseks, kus on oluline s\u00e4ilitada liha loomulik maitse ja anda sellele selge, kuid tasakaalus maitsestus.  Holy Grail on soolase ja piprase iseloomuga maitseainesegu, mis sobib eriti h\u00e4sti veiseliha jaoks. Samas toimib see h\u00e4sti ka sealihaga, n\u00e4iteks klassikalise ahjuprae v\u00f5i grillitud lihat\u00fckkide puhul.  Kasutamine \u2022 veiseliha, eriti brisketi maitsestamiseks enne suitsutamist v\u00f5i grillimist \u2022 veisesteikide ja suuremate lihat\u00fckkide kuivmarinaadina \u2022 seaprae ja sealihat\u00fckkide maitsestamiseks \u2022 sobib ka hakkliha ja burgerite maitsestamiseks Koostisosad:\u00a0 K\u00fc\u00fcslauk, seller, sool, pipar, sibul, soja, naatriumglutamaat. Allergeenid:\u00a0 Sisaldab sellerit ja soja","og_url":"https:\/\/bbqentertainment.com\/toode\/maitseainesegu-barbecoa-holy-grail\/","og_site_name":"BBQ Entertainment","article_publisher":"https:\/\/www.facebook.com\/BBQ-Entertainment-N-Catering-2437913376443540","article_modified_time":"2026-04-16T09:56:18+00:00","og_image":[{"width":800,"height":797,"url":"https:\/\/bbqentertainment.com\/wp-content\/uploads\/2026\/02\/Maitseainesegu-Barbecoa-Holy-Grail.webp","type":"image\/webp"}],"twitter_card":"summary_large_image","twitter_misc":{"Est. reading time":"1 minute"},"schema":{"@context":"https:\/\/schema.org","@graph":[{"@type":["WebPage","ItemPage"],"@id":"https:\/\/bbqentertainment.com\/toode\/maitseainesegu-barbecoa-holy-grail\/","url":"https:\/\/bbqentertainment.com\/toode\/maitseainesegu-barbecoa-holy-grail\/","name":"Maitseainesegu Barbecoa Holy Grail - BBQ Entertainment","isPartOf":{"@id":"https:\/\/bbqentertainment.com\/#website"},"primaryImageOfPage":{"@id":"https:\/\/bbqentertainment.com\/toode\/maitseainesegu-barbecoa-holy-grail\/#primaryimage"},"image":{"@id":"https:\/\/bbqentertainment.com\/toode\/maitseainesegu-barbecoa-holy-grail\/#primaryimage"},"thumbnailUrl":"https:\/\/bbqentertainment.com\/wp-content\/uploads\/2026\/02\/Maitseainesegu-Barbecoa-Holy-Grail.webp","datePublished":"2026-02-26T16:22:33+00:00","dateModified":"2026-04-16T09:56:18+00:00","breadcrumb":{"@id":"https:\/\/bbqentertainment.com\/toode\/maitseainesegu-barbecoa-holy-grail\/#breadcrumb"},"inLanguage":"en-US","potentialAction":[{"@type":"ReadAction","target":["https:\/\/bbqentertainment.com\/toode\/maitseainesegu-barbecoa-holy-grail\/"]}]},{"@type":"ImageObject","inLanguage":"en-US","@id":"https:\/\/bbqentertainment.com\/toode\/maitseainesegu-barbecoa-holy-grail\/#primaryimage","url":"https:\/\/bbqentertainment.com\/wp-content\/uploads\/2026\/02\/Maitseainesegu-Barbecoa-Holy-Grail.webp","contentUrl":"https:\/\/bbqentertainment.com\/wp-content\/uploads\/2026\/02\/Maitseainesegu-Barbecoa-Holy-Grail.webp","width":800,"height":797},{"@type":"BreadcrumbList","@id":"https:\/\/bbqentertainment.com\/toode\/maitseainesegu-barbecoa-holy-grail\/#breadcrumb","itemListElement":[{"@type":"ListItem","position":1,"name":"AVALEHT","item":"https:\/\/bbqentertainment.com\/en\/"},{"@type":"ListItem","position":2,"name":"Tooted","item":"https:\/\/bbqentertainment.com\/tooted\/"},{"@type":"ListItem","position":3,"name":"Maitseandjad","item":"https:\/\/bbqentertainment.com\/en\/tootekategooria\/maitseandjad\/"},{"@type":"ListItem","position":4,"name":"Maitseainesegu Barbecoa Holy Grail"}]},{"@type":"WebSite","@id":"https:\/\/bbqentertainment.com\/#website","url":"https:\/\/bbqentertainment.com\/","name":"BBQ Entertainment","description":"BBQ is a great lifestyle, not just fun!","publisher":{"@id":"https:\/\/bbqentertainment.com\/#organization"},"potentialAction":[{"@type":"SearchAction","target":{"@type":"EntryPoint","urlTemplate":"https:\/\/bbqentertainment.com\/?s={search_term_string}"},"query-input":{"@type":"PropertyValueSpecification","valueRequired":true,"valueName":"search_term_string"}}],"inLanguage":"en-US"},{"@type":"Organization","@id":"https:\/\/bbqentertainment.com\/#organization","name":"BBQ Entertainment O\u00dc","url":"https:\/\/bbqentertainment.com\/","logo":{"@type":"ImageObject","inLanguage":"en-US","@id":"https:\/\/bbqentertainment.com\/#\/schema\/logo\/image\/","url":"https:\/\/bbqentertainment.com\/wp-content\/uploads\/2020\/04\/BBQ-Entertainment-N-Catering-Enn-Tobreluts-Logo.png","contentUrl":"https:\/\/bbqentertainment.com\/wp-content\/uploads\/2020\/04\/BBQ-Entertainment-N-Catering-Enn-Tobreluts-Logo.png","width":628,"height":266,"caption":"BBQ Entertainment O\u00dc"},"image":{"@id":"https:\/\/bbqentertainment.com\/#\/schema\/logo\/image\/"},"sameAs":["https:\/\/www.facebook.com\/BBQ-Entertainment-N-Catering-2437913376443540","https:\/\/www.instagram.com\/bbqentertainmentncatering\/","https:\/\/www.youtube.com\/channel\/UCmpuANQVhLy2Md8nrenp2jA"]}]}},"_links":{"self":[{"href":"https:\/\/bbqentertainment.com\/en\/wp-json\/wp\/v2\/product\/257394","targetHints":{"allow":["GET"]}}],"collection":[{"href":"https:\/\/bbqentertainment.com\/en\/wp-json\/wp\/v2\/product"}],"about":[{"href":"https:\/\/bbqentertainment.com\/en\/wp-json\/wp\/v2\/types\/product"}],"wp:featuredmedia":[{"embeddable":true,"href":"https:\/\/bbqentertainment.com\/en\/wp-json\/wp\/v2\/media\/257398"}],"wp:attachment":[{"href":"https:\/\/bbqentertainment.com\/en\/wp-json\/wp\/v2\/media?parent=257394"}],"wp:term":[{"taxonomy":"product_brand","embeddable":true,"href":"https:\/\/bbqentertainment.com\/en\/wp-json\/wp\/v2\/product_brand?post=257394"},{"taxonomy":"product_cat","embeddable":true,"href":"https:\/\/bbqentertainment.com\/en\/wp-json\/wp\/v2\/product_cat?post=257394"},{"taxonomy":"product_tag","embeddable":true,"href":"https:\/\/bbqentertainment.com\/en\/wp-json\/wp\/v2\/product_tag?post=257394"}],"curies":[{"name":"wp","href":"https:\/\/api.w.org\/{rel}","templated":true}]}}