{"id":257477,"date":"2026-02-26T19:03:06","date_gmt":"2026-02-26T17:03:06","guid":{"rendered":"https:\/\/bbqentertainment.com\/?post_type=product&#038;p=257477"},"modified":"2026-02-26T19:53:06","modified_gmt":"2026-02-26T17:53:06","slug":"gmg-rackt-griddle-moodulrest-ledge-ja-peak-pelletgrillidele","status":"publish","type":"product","link":"https:\/\/bbqentertainment.com\/en\/toode\/gmg-rackt-griddle-moodulrest-ledge-ja-peak-pelletgrillidele\/","title":{"rendered":"GMG RACKT \u2013 GRIDDLE moodulrest Ledge ja Peak pelletgrillidele"},"content":{"rendered":"<p><img loading=\"lazy\" decoding=\"async\" class=\"alignleft size-full wp-image-11174\" src=\"https:\/\/grilliguru.ee\/wp-content\/uploads\/2024\/05\/GMG-rackt-lisarest-pelletgrill.png\" alt=\"\" width=\"300\" height=\"300\" \/>Lisarest GMG grillidele. Patendeeritud RACKT\u2122 moodul\u00fchenduse abil saate h\u00f5lpsasti sisemisi riiuleid paigutada nii nagu teile k\u00f5ige mugavam tundub. Samas s\u00e4ilitate maksimaalse k\u00fcpsetuspinna. Konfiguratsioonide asetamiseks vajate RACKT\u2122 taustaplaati, mille sisse antud rest k\u00e4ib.<\/p>\n<p>Vastupidav roostevabast terasest disain, mis on n\u00f5udepesumasinas pestav ja kergesti puhastatav.<\/p>\n<p>Sobib: nii LEDGE kui ka PEAK Prime 2.0 RACKT\u2122 taustaplaatidele<\/p>\n<p>&nbsp;<\/p>\n","protected":false},"excerpt":{"rendered":"<p>GMG uue RACKT\u2122 s\u00fcsteemi moodulrest grilli konfiguratsiooni muutmiseks, s\u00e4\u00e4stes samal ajal grillis ruumi muude toodete jaoks.<\/p>\n","protected":false},"featured_media":257535,"template":"","meta":{"inline_featured_image":false},"product_brand":[],"product_cat":[707,92],"product_tag":[],"class_list":{"0":"post-257477","1":"product","2":"type-product","3":"status-publish","4":"has-post-thumbnail","6":"product_cat-gmg","7":"product_cat-lisatarvikud","9":"first","10":"instock","11":"taxable","12":"shipping-taxable","13":"purchasable","14":"product-type-simple"},"yoast_head":"<!-- This site is optimized with the Yoast SEO plugin v27.2 - https:\/\/yoast.com\/product\/yoast-seo-wordpress\/ -->\n<title>GMG RACKT \u2013 GRIDDLE moodulrest Ledge ja Peak pelletgrillidele - BBQ Entertainment<\/title>\n<meta name=\"robots\" content=\"index, follow, max-snippet:-1, max-image-preview:large, max-video-preview:-1\" \/>\n<link rel=\"canonical\" href=\"https:\/\/bbqentertainment.com\/toode\/gmg-rackt-griddle-moodulrest-ledge-ja-peak-pelletgrillidele\/\" \/>\n<meta property=\"og:locale\" content=\"en_US\" \/>\n<meta property=\"og:type\" content=\"article\" \/>\n<meta property=\"og:title\" content=\"GMG RACKT \u2013 GRIDDLE moodulrest Ledge ja Peak pelletgrillidele - BBQ Entertainment\" \/>\n<meta property=\"og:description\" content=\"GMG uue RACKT\u2122 s\u00fcsteemi moodulrest grilli konfiguratsiooni muutmiseks, s\u00e4\u00e4stes samal ajal grillis ruumi muude toodete jaoks.\" \/>\n<meta property=\"og:url\" content=\"https:\/\/bbqentertainment.com\/toode\/gmg-rackt-griddle-moodulrest-ledge-ja-peak-pelletgrillidele\/\" \/>\n<meta property=\"og:site_name\" content=\"BBQ Entertainment\" \/>\n<meta property=\"article:publisher\" content=\"https:\/\/www.facebook.com\/BBQ-Entertainment-N-Catering-2437913376443540\" \/>\n<meta property=\"article:modified_time\" content=\"2026-02-26T17:53:06+00:00\" \/>\n<meta property=\"og:image\" content=\"https:\/\/bbqentertainment.com\/wp-content\/uploads\/2026\/02\/GMG-rackt-rest-pelletgrill.png\" \/>\n\t<meta property=\"og:image:width\" content=\"300\" \/>\n\t<meta property=\"og:image:height\" content=\"300\" \/>\n\t<meta property=\"og:image:type\" content=\"image\/png\" \/>\n<meta name=\"twitter:card\" content=\"summary_large_image\" \/>\n<script type=\"application\/ld+json\" class=\"yoast-schema-graph\">{\"@context\":\"https:\/\/schema.org\",\"@graph\":[{\"@type\":[\"WebPage\",\"ItemPage\"],\"@id\":\"https:\/\/bbqentertainment.com\/toode\/gmg-rackt-griddle-moodulrest-ledge-ja-peak-pelletgrillidele\/\",\"url\":\"https:\/\/bbqentertainment.com\/toode\/gmg-rackt-griddle-moodulrest-ledge-ja-peak-pelletgrillidele\/\",\"name\":\"GMG RACKT \u2013 GRIDDLE moodulrest Ledge ja Peak pelletgrillidele - BBQ Entertainment\",\"isPartOf\":{\"@id\":\"https:\/\/bbqentertainment.com\/#website\"},\"primaryImageOfPage\":{\"@id\":\"https:\/\/bbqentertainment.com\/toode\/gmg-rackt-griddle-moodulrest-ledge-ja-peak-pelletgrillidele\/#primaryimage\"},\"image\":{\"@id\":\"https:\/\/bbqentertainment.com\/toode\/gmg-rackt-griddle-moodulrest-ledge-ja-peak-pelletgrillidele\/#primaryimage\"},\"thumbnailUrl\":\"https:\/\/bbqentertainment.com\/wp-content\/uploads\/2026\/02\/GMG-rackt-rest-pelletgrill.png\",\"datePublished\":\"2026-02-26T17:03:06+00:00\",\"dateModified\":\"2026-02-26T17:53:06+00:00\",\"breadcrumb\":{\"@id\":\"https:\/\/bbqentertainment.com\/toode\/gmg-rackt-griddle-moodulrest-ledge-ja-peak-pelletgrillidele\/#breadcrumb\"},\"inLanguage\":\"en-US\",\"potentialAction\":[{\"@type\":\"ReadAction\",\"target\":[\"https:\/\/bbqentertainment.com\/toode\/gmg-rackt-griddle-moodulrest-ledge-ja-peak-pelletgrillidele\/\"]}]},{\"@type\":\"ImageObject\",\"inLanguage\":\"en-US\",\"@id\":\"https:\/\/bbqentertainment.com\/toode\/gmg-rackt-griddle-moodulrest-ledge-ja-peak-pelletgrillidele\/#primaryimage\",\"url\":\"https:\/\/bbqentertainment.com\/wp-content\/uploads\/2026\/02\/GMG-rackt-rest-pelletgrill.png\",\"contentUrl\":\"https:\/\/bbqentertainment.com\/wp-content\/uploads\/2026\/02\/GMG-rackt-rest-pelletgrill.png\",\"width\":300,\"height\":300},{\"@type\":\"BreadcrumbList\",\"@id\":\"https:\/\/bbqentertainment.com\/toode\/gmg-rackt-griddle-moodulrest-ledge-ja-peak-pelletgrillidele\/#breadcrumb\",\"itemListElement\":[{\"@type\":\"ListItem\",\"position\":1,\"name\":\"AVALEHT\",\"item\":\"https:\/\/bbqentertainment.com\/en\/\"},{\"@type\":\"ListItem\",\"position\":2,\"name\":\"Tooted\",\"item\":\"https:\/\/bbqentertainment.com\/tooted\/\"},{\"@type\":\"ListItem\",\"position\":3,\"name\":\"Grillid ja ahjud\",\"item\":\"https:\/\/bbqentertainment.com\/tootekategooria\/grillid-ja-ahjud\/\"},{\"@type\":\"ListItem\",\"position\":4,\"name\":\"GMG\",\"item\":\"https:\/\/bbqentertainment.com\/tootekategooria\/grillid-ja-ahjud\/gmg\/\"},{\"@type\":\"ListItem\",\"position\":5,\"name\":\"GMG RACKT \u2013 GRIDDLE moodulrest Ledge ja Peak pelletgrillidele\"}]},{\"@type\":\"WebSite\",\"@id\":\"https:\/\/bbqentertainment.com\/#website\",\"url\":\"https:\/\/bbqentertainment.com\/\",\"name\":\"BBQ Entertainment\",\"description\":\"BBQ is a great lifestyle, not just fun!\",\"publisher\":{\"@id\":\"https:\/\/bbqentertainment.com\/#organization\"},\"potentialAction\":[{\"@type\":\"SearchAction\",\"target\":{\"@type\":\"EntryPoint\",\"urlTemplate\":\"https:\/\/bbqentertainment.com\/?s={search_term_string}\"},\"query-input\":{\"@type\":\"PropertyValueSpecification\",\"valueRequired\":true,\"valueName\":\"search_term_string\"}}],\"inLanguage\":\"en-US\"},{\"@type\":\"Organization\",\"@id\":\"https:\/\/bbqentertainment.com\/#organization\",\"name\":\"BBQ Entertainment O\u00dc\",\"url\":\"https:\/\/bbqentertainment.com\/\",\"logo\":{\"@type\":\"ImageObject\",\"inLanguage\":\"en-US\",\"@id\":\"https:\/\/bbqentertainment.com\/#\/schema\/logo\/image\/\",\"url\":\"https:\/\/bbqentertainment.com\/wp-content\/uploads\/2020\/04\/BBQ-Entertainment-N-Catering-Enn-Tobreluts-Logo.png\",\"contentUrl\":\"https:\/\/bbqentertainment.com\/wp-content\/uploads\/2020\/04\/BBQ-Entertainment-N-Catering-Enn-Tobreluts-Logo.png\",\"width\":628,\"height\":266,\"caption\":\"BBQ Entertainment O\u00dc\"},\"image\":{\"@id\":\"https:\/\/bbqentertainment.com\/#\/schema\/logo\/image\/\"},\"sameAs\":[\"https:\/\/www.facebook.com\/BBQ-Entertainment-N-Catering-2437913376443540\",\"https:\/\/www.instagram.com\/bbqentertainmentncatering\/\",\"https:\/\/www.youtube.com\/channel\/UCmpuANQVhLy2Md8nrenp2jA\"]}]}<\/script>\n<!-- \/ Yoast SEO plugin. -->","yoast_head_json":{"title":"GMG RACKT \u2013 GRIDDLE moodulrest Ledge ja Peak pelletgrillidele - BBQ Entertainment","robots":{"index":"index","follow":"follow","max-snippet":"max-snippet:-1","max-image-preview":"max-image-preview:large","max-video-preview":"max-video-preview:-1"},"canonical":"https:\/\/bbqentertainment.com\/toode\/gmg-rackt-griddle-moodulrest-ledge-ja-peak-pelletgrillidele\/","og_locale":"en_US","og_type":"article","og_title":"GMG RACKT \u2013 GRIDDLE moodulrest Ledge ja Peak pelletgrillidele - BBQ Entertainment","og_description":"GMG uue RACKT\u2122 s\u00fcsteemi moodulrest grilli konfiguratsiooni muutmiseks, s\u00e4\u00e4stes samal ajal grillis ruumi muude toodete jaoks.","og_url":"https:\/\/bbqentertainment.com\/toode\/gmg-rackt-griddle-moodulrest-ledge-ja-peak-pelletgrillidele\/","og_site_name":"BBQ Entertainment","article_publisher":"https:\/\/www.facebook.com\/BBQ-Entertainment-N-Catering-2437913376443540","article_modified_time":"2026-02-26T17:53:06+00:00","og_image":[{"width":300,"height":300,"url":"https:\/\/bbqentertainment.com\/wp-content\/uploads\/2026\/02\/GMG-rackt-rest-pelletgrill.png","type":"image\/png"}],"twitter_card":"summary_large_image","schema":{"@context":"https:\/\/schema.org","@graph":[{"@type":["WebPage","ItemPage"],"@id":"https:\/\/bbqentertainment.com\/toode\/gmg-rackt-griddle-moodulrest-ledge-ja-peak-pelletgrillidele\/","url":"https:\/\/bbqentertainment.com\/toode\/gmg-rackt-griddle-moodulrest-ledge-ja-peak-pelletgrillidele\/","name":"GMG RACKT \u2013 GRIDDLE moodulrest Ledge ja Peak pelletgrillidele - BBQ Entertainment","isPartOf":{"@id":"https:\/\/bbqentertainment.com\/#website"},"primaryImageOfPage":{"@id":"https:\/\/bbqentertainment.com\/toode\/gmg-rackt-griddle-moodulrest-ledge-ja-peak-pelletgrillidele\/#primaryimage"},"image":{"@id":"https:\/\/bbqentertainment.com\/toode\/gmg-rackt-griddle-moodulrest-ledge-ja-peak-pelletgrillidele\/#primaryimage"},"thumbnailUrl":"https:\/\/bbqentertainment.com\/wp-content\/uploads\/2026\/02\/GMG-rackt-rest-pelletgrill.png","datePublished":"2026-02-26T17:03:06+00:00","dateModified":"2026-02-26T17:53:06+00:00","breadcrumb":{"@id":"https:\/\/bbqentertainment.com\/toode\/gmg-rackt-griddle-moodulrest-ledge-ja-peak-pelletgrillidele\/#breadcrumb"},"inLanguage":"en-US","potentialAction":[{"@type":"ReadAction","target":["https:\/\/bbqentertainment.com\/toode\/gmg-rackt-griddle-moodulrest-ledge-ja-peak-pelletgrillidele\/"]}]},{"@type":"ImageObject","inLanguage":"en-US","@id":"https:\/\/bbqentertainment.com\/toode\/gmg-rackt-griddle-moodulrest-ledge-ja-peak-pelletgrillidele\/#primaryimage","url":"https:\/\/bbqentertainment.com\/wp-content\/uploads\/2026\/02\/GMG-rackt-rest-pelletgrill.png","contentUrl":"https:\/\/bbqentertainment.com\/wp-content\/uploads\/2026\/02\/GMG-rackt-rest-pelletgrill.png","width":300,"height":300},{"@type":"BreadcrumbList","@id":"https:\/\/bbqentertainment.com\/toode\/gmg-rackt-griddle-moodulrest-ledge-ja-peak-pelletgrillidele\/#breadcrumb","itemListElement":[{"@type":"ListItem","position":1,"name":"AVALEHT","item":"https:\/\/bbqentertainment.com\/en\/"},{"@type":"ListItem","position":2,"name":"Tooted","item":"https:\/\/bbqentertainment.com\/tooted\/"},{"@type":"ListItem","position":3,"name":"Grillid ja ahjud","item":"https:\/\/bbqentertainment.com\/tootekategooria\/grillid-ja-ahjud\/"},{"@type":"ListItem","position":4,"name":"GMG","item":"https:\/\/bbqentertainment.com\/tootekategooria\/grillid-ja-ahjud\/gmg\/"},{"@type":"ListItem","position":5,"name":"GMG RACKT \u2013 GRIDDLE moodulrest Ledge ja Peak pelletgrillidele"}]},{"@type":"WebSite","@id":"https:\/\/bbqentertainment.com\/#website","url":"https:\/\/bbqentertainment.com\/","name":"BBQ Entertainment","description":"BBQ is a great lifestyle, not just fun!","publisher":{"@id":"https:\/\/bbqentertainment.com\/#organization"},"potentialAction":[{"@type":"SearchAction","target":{"@type":"EntryPoint","urlTemplate":"https:\/\/bbqentertainment.com\/?s={search_term_string}"},"query-input":{"@type":"PropertyValueSpecification","valueRequired":true,"valueName":"search_term_string"}}],"inLanguage":"en-US"},{"@type":"Organization","@id":"https:\/\/bbqentertainment.com\/#organization","name":"BBQ Entertainment O\u00dc","url":"https:\/\/bbqentertainment.com\/","logo":{"@type":"ImageObject","inLanguage":"en-US","@id":"https:\/\/bbqentertainment.com\/#\/schema\/logo\/image\/","url":"https:\/\/bbqentertainment.com\/wp-content\/uploads\/2020\/04\/BBQ-Entertainment-N-Catering-Enn-Tobreluts-Logo.png","contentUrl":"https:\/\/bbqentertainment.com\/wp-content\/uploads\/2020\/04\/BBQ-Entertainment-N-Catering-Enn-Tobreluts-Logo.png","width":628,"height":266,"caption":"BBQ Entertainment O\u00dc"},"image":{"@id":"https:\/\/bbqentertainment.com\/#\/schema\/logo\/image\/"},"sameAs":["https:\/\/www.facebook.com\/BBQ-Entertainment-N-Catering-2437913376443540","https:\/\/www.instagram.com\/bbqentertainmentncatering\/","https:\/\/www.youtube.com\/channel\/UCmpuANQVhLy2Md8nrenp2jA"]}]}},"_links":{"self":[{"href":"https:\/\/bbqentertainment.com\/en\/wp-json\/wp\/v2\/product\/257477","targetHints":{"allow":["GET"]}}],"collection":[{"href":"https:\/\/bbqentertainment.com\/en\/wp-json\/wp\/v2\/product"}],"about":[{"href":"https:\/\/bbqentertainment.com\/en\/wp-json\/wp\/v2\/types\/product"}],"wp:featuredmedia":[{"embeddable":true,"href":"https:\/\/bbqentertainment.com\/en\/wp-json\/wp\/v2\/media\/257535"}],"wp:attachment":[{"href":"https:\/\/bbqentertainment.com\/en\/wp-json\/wp\/v2\/media?parent=257477"}],"wp:term":[{"taxonomy":"product_brand","embeddable":true,"href":"https:\/\/bbqentertainment.com\/en\/wp-json\/wp\/v2\/product_brand?post=257477"},{"taxonomy":"product_cat","embeddable":true,"href":"https:\/\/bbqentertainment.com\/en\/wp-json\/wp\/v2\/product_cat?post=257477"},{"taxonomy":"product_tag","embeddable":true,"href":"https:\/\/bbqentertainment.com\/en\/wp-json\/wp\/v2\/product_tag?post=257477"}],"curies":[{"name":"wp","href":"https:\/\/api.w.org\/{rel}","templated":true}]}}