{"id":257478,"date":"2026-02-26T19:03:06","date_gmt":"2026-02-26T17:03:06","guid":{"rendered":"https:\/\/bbqentertainment.com\/?post_type=product&#038;p=257478"},"modified":"2026-03-02T14:50:12","modified_gmt":"2026-03-02T12:50:12","slug":"gmg-rackt-griddle-pan-moodulpann-ledge-ja-peak-pelletgrillidele","status":"publish","type":"product","link":"https:\/\/bbqentertainment.com\/en\/toode\/gmg-rackt-griddle-pan-moodulpann-ledge-ja-peak-pelletgrillidele\/","title":{"rendered":"GMG RACKT \u2013 GRIDDLE PAN moodulpann Ledge ja Peak pelletgrillidele"},"content":{"rendered":"<p><img loading=\"lazy\" decoding=\"async\" class=\"alignleft size-full wp-image-11167\" src=\"https:\/\/grilliguru.ee\/wp-content\/uploads\/2024\/05\/gmg-rackt-pannimoodul.png\" alt=\"\" width=\"300\" height=\"300\" \/>Roostevaba muudulpann. Patendeeritud RACKT\u2122 \u00fchenduse abil saate kohandada sisemiste riiulite konfiguratsioone. Neid saab h\u00f5lpsasti asetada teile sobivasse kohta, kasutades selleks RACKT\u2122-taustaplaati. Lisab grillile k\u00fcpsetuspinda.<\/p>\n<p>Vastupidav roostevabast terasest disain, mis on n\u00f5udepesumasinas pestav ja kergesti puhastatav.<\/p>\n<p>Sobib nii LEDGE kui ka PEAK Prime 2.0 RACKT\u2122 taustalauaga.<\/p>\n<p>Taustalauda m\u00fc\u00fcakse eraldi.<\/p>\n<p>&nbsp;<\/p>\n","protected":false},"excerpt":{"rendered":"<p>GMG uue RACKT\u2122 s\u00fcsteemi moodul grilli konfiguratsiooni muutmiseks. Sobib k\u00f5ikv\u00f5imalike restist tavaolukorras l\u00e4bikukkuvate toodete valmistamiseks, s\u00e4\u00e4stes samal ajal grillis ruumi muude toodete jaoks.<\/p>\n","protected":false},"featured_media":257530,"template":"","meta":{"inline_featured_image":false},"product_brand":[],"product_cat":[707,92],"product_tag":[],"class_list":{"0":"post-257478","1":"product","2":"type-product","3":"status-publish","4":"has-post-thumbnail","6":"product_cat-gmg","7":"product_cat-lisatarvikud","9":"first","10":"instock","11":"taxable","12":"shipping-taxable","13":"purchasable","14":"product-type-simple"},"yoast_head":"<!-- This site is optimized with the Yoast SEO plugin v27.2 - https:\/\/yoast.com\/product\/yoast-seo-wordpress\/ -->\n<title>GMG RACKT \u2013 GRIDDLE PAN moodulpann Ledge ja Peak pelletgrillidele - BBQ Entertainment<\/title>\n<meta name=\"robots\" content=\"index, follow, max-snippet:-1, max-image-preview:large, max-video-preview:-1\" \/>\n<link rel=\"canonical\" href=\"https:\/\/bbqentertainment.com\/toode\/gmg-rackt-griddle-pan-moodulpann-ledge-ja-peak-pelletgrillidele\/\" \/>\n<meta property=\"og:locale\" content=\"en_US\" \/>\n<meta property=\"og:type\" content=\"article\" \/>\n<meta property=\"og:title\" content=\"GMG RACKT \u2013 GRIDDLE PAN moodulpann Ledge ja Peak pelletgrillidele - BBQ Entertainment\" \/>\n<meta property=\"og:description\" content=\"GMG uue RACKT\u2122 s\u00fcsteemi moodul grilli konfiguratsiooni muutmiseks. Sobib k\u00f5ikv\u00f5imalike restist tavaolukorras l\u00e4bikukkuvate toodete valmistamiseks, s\u00e4\u00e4stes samal ajal grillis ruumi muude toodete jaoks.\" \/>\n<meta property=\"og:url\" content=\"https:\/\/bbqentertainment.com\/toode\/gmg-rackt-griddle-pan-moodulpann-ledge-ja-peak-pelletgrillidele\/\" \/>\n<meta property=\"og:site_name\" content=\"BBQ Entertainment\" \/>\n<meta property=\"article:publisher\" content=\"https:\/\/www.facebook.com\/BBQ-Entertainment-N-Catering-2437913376443540\" \/>\n<meta property=\"article:modified_time\" content=\"2026-03-02T12:50:12+00:00\" \/>\n<meta property=\"og:image\" content=\"https:\/\/bbqentertainment.com\/wp-content\/uploads\/2020\/03\/Enn-Tobreluts-FOTO-Andres-Tali-1.jpg\" \/>\n\t<meta property=\"og:image:width\" content=\"1200\" \/>\n\t<meta property=\"og:image:height\" content=\"800\" \/>\n\t<meta property=\"og:image:type\" content=\"image\/jpeg\" \/>\n<meta name=\"twitter:card\" content=\"summary_large_image\" \/>\n<script type=\"application\/ld+json\" class=\"yoast-schema-graph\">{\"@context\":\"https:\/\/schema.org\",\"@graph\":[{\"@type\":[\"WebPage\",\"ItemPage\"],\"@id\":\"https:\/\/bbqentertainment.com\/toode\/gmg-rackt-griddle-pan-moodulpann-ledge-ja-peak-pelletgrillidele\/\",\"url\":\"https:\/\/bbqentertainment.com\/toode\/gmg-rackt-griddle-pan-moodulpann-ledge-ja-peak-pelletgrillidele\/\",\"name\":\"GMG RACKT \u2013 GRIDDLE PAN moodulpann Ledge ja Peak pelletgrillidele - BBQ Entertainment\",\"isPartOf\":{\"@id\":\"https:\/\/bbqentertainment.com\/#website\"},\"primaryImageOfPage\":{\"@id\":\"https:\/\/bbqentertainment.com\/toode\/gmg-rackt-griddle-pan-moodulpann-ledge-ja-peak-pelletgrillidele\/#primaryimage\"},\"image\":{\"@id\":\"https:\/\/bbqentertainment.com\/toode\/gmg-rackt-griddle-pan-moodulpann-ledge-ja-peak-pelletgrillidele\/#primaryimage\"},\"thumbnailUrl\":\"https:\/\/bbqentertainment.com\/wp-content\/uploads\/2026\/02\/GMG-rackt-pann-moodul-pelletgrill.png\",\"datePublished\":\"2026-02-26T17:03:06+00:00\",\"dateModified\":\"2026-03-02T12:50:12+00:00\",\"breadcrumb\":{\"@id\":\"https:\/\/bbqentertainment.com\/toode\/gmg-rackt-griddle-pan-moodulpann-ledge-ja-peak-pelletgrillidele\/#breadcrumb\"},\"inLanguage\":\"en-US\",\"potentialAction\":[{\"@type\":\"ReadAction\",\"target\":[\"https:\/\/bbqentertainment.com\/toode\/gmg-rackt-griddle-pan-moodulpann-ledge-ja-peak-pelletgrillidele\/\"]}]},{\"@type\":\"ImageObject\",\"inLanguage\":\"en-US\",\"@id\":\"https:\/\/bbqentertainment.com\/toode\/gmg-rackt-griddle-pan-moodulpann-ledge-ja-peak-pelletgrillidele\/#primaryimage\",\"url\":\"https:\/\/bbqentertainment.com\/wp-content\/uploads\/2026\/02\/GMG-rackt-pann-moodul-pelletgrill.png\",\"contentUrl\":\"https:\/\/bbqentertainment.com\/wp-content\/uploads\/2026\/02\/GMG-rackt-pann-moodul-pelletgrill.png\",\"width\":300,\"height\":300},{\"@type\":\"BreadcrumbList\",\"@id\":\"https:\/\/bbqentertainment.com\/toode\/gmg-rackt-griddle-pan-moodulpann-ledge-ja-peak-pelletgrillidele\/#breadcrumb\",\"itemListElement\":[{\"@type\":\"ListItem\",\"position\":1,\"name\":\"AVALEHT\",\"item\":\"https:\/\/bbqentertainment.com\/en\/\"},{\"@type\":\"ListItem\",\"position\":2,\"name\":\"Tooted\",\"item\":\"https:\/\/bbqentertainment.com\/tooted\/\"},{\"@type\":\"ListItem\",\"position\":3,\"name\":\"Grillid ja ahjud\",\"item\":\"https:\/\/bbqentertainment.com\/tootekategooria\/grillid-ja-ahjud\/\"},{\"@type\":\"ListItem\",\"position\":4,\"name\":\"GMG\",\"item\":\"https:\/\/bbqentertainment.com\/tootekategooria\/grillid-ja-ahjud\/gmg\/\"},{\"@type\":\"ListItem\",\"position\":5,\"name\":\"GMG RACKT \u2013 GRIDDLE PAN moodulpann Ledge ja Peak pelletgrillidele\"}]},{\"@type\":\"WebSite\",\"@id\":\"https:\/\/bbqentertainment.com\/#website\",\"url\":\"https:\/\/bbqentertainment.com\/\",\"name\":\"BBQ Entertainment\",\"description\":\"BBQ is a great lifestyle, not just fun!\",\"publisher\":{\"@id\":\"https:\/\/bbqentertainment.com\/#organization\"},\"potentialAction\":[{\"@type\":\"SearchAction\",\"target\":{\"@type\":\"EntryPoint\",\"urlTemplate\":\"https:\/\/bbqentertainment.com\/?s={search_term_string}\"},\"query-input\":{\"@type\":\"PropertyValueSpecification\",\"valueRequired\":true,\"valueName\":\"search_term_string\"}}],\"inLanguage\":\"en-US\"},{\"@type\":\"Organization\",\"@id\":\"https:\/\/bbqentertainment.com\/#organization\",\"name\":\"BBQ Entertainment O\u00dc\",\"url\":\"https:\/\/bbqentertainment.com\/\",\"logo\":{\"@type\":\"ImageObject\",\"inLanguage\":\"en-US\",\"@id\":\"https:\/\/bbqentertainment.com\/#\/schema\/logo\/image\/\",\"url\":\"https:\/\/bbqentertainment.com\/wp-content\/uploads\/2020\/04\/BBQ-Entertainment-N-Catering-Enn-Tobreluts-Logo.png\",\"contentUrl\":\"https:\/\/bbqentertainment.com\/wp-content\/uploads\/2020\/04\/BBQ-Entertainment-N-Catering-Enn-Tobreluts-Logo.png\",\"width\":628,\"height\":266,\"caption\":\"BBQ Entertainment O\u00dc\"},\"image\":{\"@id\":\"https:\/\/bbqentertainment.com\/#\/schema\/logo\/image\/\"},\"sameAs\":[\"https:\/\/www.facebook.com\/BBQ-Entertainment-N-Catering-2437913376443540\",\"https:\/\/www.instagram.com\/bbqentertainmentncatering\/\",\"https:\/\/www.youtube.com\/channel\/UCmpuANQVhLy2Md8nrenp2jA\"]}]}<\/script>\n<!-- \/ Yoast SEO plugin. -->","yoast_head_json":{"title":"GMG RACKT \u2013 GRIDDLE PAN moodulpann Ledge ja Peak pelletgrillidele - BBQ Entertainment","robots":{"index":"index","follow":"follow","max-snippet":"max-snippet:-1","max-image-preview":"max-image-preview:large","max-video-preview":"max-video-preview:-1"},"canonical":"https:\/\/bbqentertainment.com\/toode\/gmg-rackt-griddle-pan-moodulpann-ledge-ja-peak-pelletgrillidele\/","og_locale":"en_US","og_type":"article","og_title":"GMG RACKT \u2013 GRIDDLE PAN moodulpann Ledge ja Peak pelletgrillidele - BBQ Entertainment","og_description":"GMG uue RACKT\u2122 s\u00fcsteemi moodul grilli konfiguratsiooni muutmiseks. Sobib k\u00f5ikv\u00f5imalike restist tavaolukorras l\u00e4bikukkuvate toodete valmistamiseks, s\u00e4\u00e4stes samal ajal grillis ruumi muude toodete jaoks.","og_url":"https:\/\/bbqentertainment.com\/toode\/gmg-rackt-griddle-pan-moodulpann-ledge-ja-peak-pelletgrillidele\/","og_site_name":"BBQ Entertainment","article_publisher":"https:\/\/www.facebook.com\/BBQ-Entertainment-N-Catering-2437913376443540","article_modified_time":"2026-03-02T12:50:12+00:00","og_image":[{"width":1200,"height":800,"url":"https:\/\/bbqentertainment.com\/wp-content\/uploads\/2020\/03\/Enn-Tobreluts-FOTO-Andres-Tali-1.jpg","type":"image\/jpeg"}],"twitter_card":"summary_large_image","schema":{"@context":"https:\/\/schema.org","@graph":[{"@type":["WebPage","ItemPage"],"@id":"https:\/\/bbqentertainment.com\/toode\/gmg-rackt-griddle-pan-moodulpann-ledge-ja-peak-pelletgrillidele\/","url":"https:\/\/bbqentertainment.com\/toode\/gmg-rackt-griddle-pan-moodulpann-ledge-ja-peak-pelletgrillidele\/","name":"GMG RACKT \u2013 GRIDDLE PAN moodulpann Ledge ja Peak pelletgrillidele - BBQ Entertainment","isPartOf":{"@id":"https:\/\/bbqentertainment.com\/#website"},"primaryImageOfPage":{"@id":"https:\/\/bbqentertainment.com\/toode\/gmg-rackt-griddle-pan-moodulpann-ledge-ja-peak-pelletgrillidele\/#primaryimage"},"image":{"@id":"https:\/\/bbqentertainment.com\/toode\/gmg-rackt-griddle-pan-moodulpann-ledge-ja-peak-pelletgrillidele\/#primaryimage"},"thumbnailUrl":"https:\/\/bbqentertainment.com\/wp-content\/uploads\/2026\/02\/GMG-rackt-pann-moodul-pelletgrill.png","datePublished":"2026-02-26T17:03:06+00:00","dateModified":"2026-03-02T12:50:12+00:00","breadcrumb":{"@id":"https:\/\/bbqentertainment.com\/toode\/gmg-rackt-griddle-pan-moodulpann-ledge-ja-peak-pelletgrillidele\/#breadcrumb"},"inLanguage":"en-US","potentialAction":[{"@type":"ReadAction","target":["https:\/\/bbqentertainment.com\/toode\/gmg-rackt-griddle-pan-moodulpann-ledge-ja-peak-pelletgrillidele\/"]}]},{"@type":"ImageObject","inLanguage":"en-US","@id":"https:\/\/bbqentertainment.com\/toode\/gmg-rackt-griddle-pan-moodulpann-ledge-ja-peak-pelletgrillidele\/#primaryimage","url":"https:\/\/bbqentertainment.com\/wp-content\/uploads\/2026\/02\/GMG-rackt-pann-moodul-pelletgrill.png","contentUrl":"https:\/\/bbqentertainment.com\/wp-content\/uploads\/2026\/02\/GMG-rackt-pann-moodul-pelletgrill.png","width":300,"height":300},{"@type":"BreadcrumbList","@id":"https:\/\/bbqentertainment.com\/toode\/gmg-rackt-griddle-pan-moodulpann-ledge-ja-peak-pelletgrillidele\/#breadcrumb","itemListElement":[{"@type":"ListItem","position":1,"name":"AVALEHT","item":"https:\/\/bbqentertainment.com\/en\/"},{"@type":"ListItem","position":2,"name":"Tooted","item":"https:\/\/bbqentertainment.com\/tooted\/"},{"@type":"ListItem","position":3,"name":"Grillid ja ahjud","item":"https:\/\/bbqentertainment.com\/tootekategooria\/grillid-ja-ahjud\/"},{"@type":"ListItem","position":4,"name":"GMG","item":"https:\/\/bbqentertainment.com\/tootekategooria\/grillid-ja-ahjud\/gmg\/"},{"@type":"ListItem","position":5,"name":"GMG RACKT \u2013 GRIDDLE PAN moodulpann Ledge ja Peak pelletgrillidele"}]},{"@type":"WebSite","@id":"https:\/\/bbqentertainment.com\/#website","url":"https:\/\/bbqentertainment.com\/","name":"BBQ Entertainment","description":"BBQ is a great lifestyle, not just fun!","publisher":{"@id":"https:\/\/bbqentertainment.com\/#organization"},"potentialAction":[{"@type":"SearchAction","target":{"@type":"EntryPoint","urlTemplate":"https:\/\/bbqentertainment.com\/?s={search_term_string}"},"query-input":{"@type":"PropertyValueSpecification","valueRequired":true,"valueName":"search_term_string"}}],"inLanguage":"en-US"},{"@type":"Organization","@id":"https:\/\/bbqentertainment.com\/#organization","name":"BBQ Entertainment O\u00dc","url":"https:\/\/bbqentertainment.com\/","logo":{"@type":"ImageObject","inLanguage":"en-US","@id":"https:\/\/bbqentertainment.com\/#\/schema\/logo\/image\/","url":"https:\/\/bbqentertainment.com\/wp-content\/uploads\/2020\/04\/BBQ-Entertainment-N-Catering-Enn-Tobreluts-Logo.png","contentUrl":"https:\/\/bbqentertainment.com\/wp-content\/uploads\/2020\/04\/BBQ-Entertainment-N-Catering-Enn-Tobreluts-Logo.png","width":628,"height":266,"caption":"BBQ Entertainment O\u00dc"},"image":{"@id":"https:\/\/bbqentertainment.com\/#\/schema\/logo\/image\/"},"sameAs":["https:\/\/www.facebook.com\/BBQ-Entertainment-N-Catering-2437913376443540","https:\/\/www.instagram.com\/bbqentertainmentncatering\/","https:\/\/www.youtube.com\/channel\/UCmpuANQVhLy2Md8nrenp2jA"]}]}},"_links":{"self":[{"href":"https:\/\/bbqentertainment.com\/en\/wp-json\/wp\/v2\/product\/257478","targetHints":{"allow":["GET"]}}],"collection":[{"href":"https:\/\/bbqentertainment.com\/en\/wp-json\/wp\/v2\/product"}],"about":[{"href":"https:\/\/bbqentertainment.com\/en\/wp-json\/wp\/v2\/types\/product"}],"wp:featuredmedia":[{"embeddable":true,"href":"https:\/\/bbqentertainment.com\/en\/wp-json\/wp\/v2\/media\/257530"}],"wp:attachment":[{"href":"https:\/\/bbqentertainment.com\/en\/wp-json\/wp\/v2\/media?parent=257478"}],"wp:term":[{"taxonomy":"product_brand","embeddable":true,"href":"https:\/\/bbqentertainment.com\/en\/wp-json\/wp\/v2\/product_brand?post=257478"},{"taxonomy":"product_cat","embeddable":true,"href":"https:\/\/bbqentertainment.com\/en\/wp-json\/wp\/v2\/product_cat?post=257478"},{"taxonomy":"product_tag","embeddable":true,"href":"https:\/\/bbqentertainment.com\/en\/wp-json\/wp\/v2\/product_tag?post=257478"}],"curies":[{"name":"wp","href":"https:\/\/api.w.org\/{rel}","templated":true}]}}