{"id":257482,"date":"2026-02-26T19:03:06","date_gmt":"2026-02-26T17:03:06","guid":{"rendered":"https:\/\/bbqentertainment.com\/?post_type=product&#038;p=257482"},"modified":"2026-03-02T14:50:12","modified_gmt":"2026-03-02T12:50:12","slug":"gmg-ledge-prime2-0-wifi-automaatjuhitav-kahe-voolupingega-pelletgrill","status":"publish","type":"product","link":"https:\/\/bbqentertainment.com\/en\/toode\/gmg-ledge-prime2-0-wifi-automaatjuhitav-kahe-voolupingega-pelletgrill\/","title":{"rendered":"GMG LEDGE Prime\u21222.0 WiFi, automaatjuhitav, kahe voolupingega pelletgrill."},"content":{"rendered":"<p><img loading=\"lazy\" decoding=\"async\" class=\"alignleft size-full wp-image-10720\" src=\"https:\/\/grilliguru.ee\/wp-content\/uploads\/2019\/11\/GMG-Ledge2.0-prime-pelletigrill.png\" alt=\"\" width=\"300\" height=\"300\" \/>GMG LEDGE PRIME\u21222.0 l\u00e4bi WiFi\u00a0 juhitav, kahte voolupinget kasutav (220V ja12V) unikaalne pelletgrill. Saad \u00fchendada kas otse vooluv\u00f5rku, vajadusel ka auto sigaris\u00fc\u00fctajasse v\u00f5i akupanka.<\/p>\n<p>Grilli on integreeritud l\u00e4bi wifi v\u00f5rgu juhitav digitaaldisplei grilli funtsioonide juhtimiseks. Paari minutiga on grill k\u00fcpsetusvalmis. Lisatud on Sense-Mate temperatuuriandur, mis j\u00e4lgib ka \u00fcmbritsevat temperatuuri &#8211; kui ilm on k\u00fclmem aktiveerub vastav andur ja seab grilli automaatselt turbore\u017eiimi, t\u00e4nu millele kuumeneb grill kiiremini. K\u00f5rge k\u00fcpsetuskamber v\u00f5imaldab nii kana, kalkunit, kui ribisid p\u00fcsti k\u00fcpsetada. Pellet annab alati kerge suitsumaitse, samas grillimise kiirus ei j\u00e4\u00e4 suurt alla gaasigillile. Unikaalne ventilaatoris\u00fcsteem tekitab k\u00fcttekoldesse \u00fcler\u00f5hu, t\u00e4nu millele on v\u00e4listatud pelletite tagasip\u00f5lemine l\u00e4bi spiraalajami. Suur roostevaba, kaheosaline grillpind, v\u00f5imaldab grillida erinevaid toudugruppe \u00fchekorraga. Kaasasoleva sondiga saad j\u00e4lgida jooksvalt grillitava toote sisetemperatuuri.\u00a0 Toekas, kummiratastega\u00a0 alusraam v\u00f5imaldab ahju lihtsalt liigutada.<\/p>\n<p>\u00dclilihtne hooldus &#8211; kogu allatilkuv rasv korjatakse kalduoleva alusplaadiga kokku ja juhitakse grilli k\u00fcljes rippuvasse rasvakogumise topsi. P\u00f5letitele rasva tilkumine on v\u00e4listatud. V\u00e4hem rasvap\u00f5lemist t\u00e4hendab aga tervislikumat toitu.<\/p>\n<p>&#8211; Valtud temperatuuri automaatne j\u00e4lgimine ja hoidmine. Vahemik 65-260C<br \/>\n&#8211; T\u00f6\u00f6kindel tiguajam pelletite automaatseks etteandmiseks.<br \/>\n&#8211; Voolupinge 12V, mis v\u00f5imaldab grilli toita akupanga, v\u00f5i v\u00e4iksema p\u00e4iksepaneeliga.<br \/>\n&#8211; Saab \u00fchendada otse ka tavapistikusse 220V<br \/>\n&#8211; Voolutarve: esimene kolm minutit 100W, \u00fclej\u00e4\u00e4nud grillimise ajal 16,6W<br \/>\n&#8211; Selge ja arusaadav juhtpult, millelt n\u00e4eb grilli hetketemperetuuri ja nupule vajutades liha sisetemperatuuri.<br \/>\n&#8211; Komplektis sisetemperatuuri j\u00e4lgimiseks kaks sondi<br \/>\n&#8211; USB port<br \/>\n&#8211; RACKT\u2122 kohaldatav riiulite s\u00fcsteem, mis v\u00f5imaldab \u00fclemisi lisariiuleid lisada ja \u00e4ra v\u00f5tta vastavalt vajadusele. Saadaval riiulrest, ribialus, v\u00f5i roostevaba r\u00f6stialus (lisavarustus)<br \/>\n&#8211; Keskelt pooleks k\u00e4iv rest<br \/>\n&#8211; Konksudega k\u00fcljelaud tarvikute paigutamiseks\/riputamiseks<br \/>\n&#8211; Spetsiaalne v\u00e4lisklapiga kanal k\u00fcttekolde puhastamiseks tuhaimiriga nii, et grillist ei pea \u00fchtegi plaati v\u00e4lja v\u00f5tma.<br \/>\n&#8211; Pelletianuma tagak\u00fcljel luuk pelletite v\u00e4ljalaskmiseks<br \/>\n&#8211; Aken pelletianumal pelletite nivoo j\u00e4lgimiseks<br \/>\n&#8211; Aken kaanes toidu valmimise visuaalseks vaatluseks<br \/>\n&#8211; K\u00fcpsetuskambri valgustus \u00f5isel ajal grillimiseks<br \/>\n&#8211; P\u00f6\u00f6rdvarda paigaldamise valmidus, vardas\u00fcsteemi m\u00fc\u00fcakse lisavarustusena<br \/>\n&#8211; K\u00fcpsetuspind\u00a0 2955cm\u00b2<br \/>\n&#8211; Grilli k\u00fcttekolde siseosa vabak\u00f5rgus 34cm<br \/>\n-Grilli k\u00f5rgus 134cm, laius 134cm, s\u00fcgavus 86cm<br \/>\n&#8211; Kaal 80kg<br \/>\n&#8211; Pelletipunker mahutab 9kg pelletit<br \/>\n&#8211; Grillil on 3-aastane garantii<\/p>\n<p><iframe loading=\"lazy\" title=\"YouTube video player\" src=\"https:\/\/www.youtube.com\/embed\/Vlw35sNk08U?si=b-cn4GcArDeK2Y9o\" width=\"560\" height=\"315\" frameborder=\"0\" allowfullscreen=\"allowfullscreen\"><\/iframe><\/p>\n","protected":false},"excerpt":{"rendered":"<p>GMG LEDGE Prime 2.0 WiFi &#8211; \u00e4piga juhitav erinevate voolupingete ja muudetava riiulis\u00fcsteemiga unikaalne pelletgrill t\u00f5elistele gurmaanidele.<\/p>\n","protected":false},"featured_media":257515,"template":"","meta":{"inline_featured_image":false},"product_brand":[],"product_cat":[707],"product_tag":[674,711],"class_list":{"0":"post-257482","1":"product","2":"type-product","3":"status-publish","4":"has-post-thumbnail","6":"product_cat-gmg","7":"product_tag-grillid","8":"product_tag-pelletgrillid","9":"product_shipping_class-kuller-28-100kg","11":"first","12":"instock","13":"taxable","14":"shipping-taxable","15":"purchasable","16":"product-type-simple"},"yoast_head":"<!-- This site is optimized with the Yoast SEO plugin v27.2 - https:\/\/yoast.com\/product\/yoast-seo-wordpress\/ -->\n<title>GMG LEDGE Prime\u21222.0 WiFi, automaatjuhitav, kahe voolupingega pelletgrill. - BBQ Entertainment<\/title>\n<meta name=\"robots\" content=\"index, follow, max-snippet:-1, max-image-preview:large, max-video-preview:-1\" \/>\n<link rel=\"canonical\" href=\"https:\/\/bbqentertainment.com\/toode\/gmg-ledge-prime2-0-wifi-automaatjuhitav-kahe-voolupingega-pelletgrill\/\" \/>\n<meta property=\"og:locale\" content=\"en_US\" \/>\n<meta property=\"og:type\" content=\"article\" \/>\n<meta property=\"og:title\" content=\"GMG LEDGE Prime\u21222.0 WiFi, automaatjuhitav, kahe voolupingega pelletgrill. - BBQ Entertainment\" \/>\n<meta property=\"og:description\" content=\"GMG LEDGE Prime 2.0 WiFi - \u00e4piga juhitav erinevate voolupingete ja muudetava riiulis\u00fcsteemiga unikaalne pelletgrill t\u00f5elistele gurmaanidele.\" \/>\n<meta property=\"og:url\" content=\"https:\/\/bbqentertainment.com\/toode\/gmg-ledge-prime2-0-wifi-automaatjuhitav-kahe-voolupingega-pelletgrill\/\" \/>\n<meta property=\"og:site_name\" content=\"BBQ Entertainment\" \/>\n<meta property=\"article:publisher\" content=\"https:\/\/www.facebook.com\/BBQ-Entertainment-N-Catering-2437913376443540\" \/>\n<meta property=\"article:modified_time\" content=\"2026-03-02T12:50:12+00:00\" \/>\n<meta property=\"og:image\" content=\"https:\/\/bbqentertainment.com\/wp-content\/uploads\/2020\/03\/Enn-Tobreluts-FOTO-Andres-Tali-1.jpg\" \/>\n\t<meta property=\"og:image:width\" content=\"1200\" \/>\n\t<meta property=\"og:image:height\" content=\"800\" \/>\n\t<meta property=\"og:image:type\" content=\"image\/jpeg\" \/>\n<meta name=\"twitter:card\" content=\"summary_large_image\" \/>\n<meta name=\"twitter:label1\" content=\"Est. reading time\" \/>\n\t<meta name=\"twitter:data1\" content=\"2 minutes\" \/>\n<script type=\"application\/ld+json\" class=\"yoast-schema-graph\">{\"@context\":\"https:\/\/schema.org\",\"@graph\":[{\"@type\":[\"WebPage\",\"ItemPage\"],\"@id\":\"https:\/\/bbqentertainment.com\/toode\/gmg-ledge-prime2-0-wifi-automaatjuhitav-kahe-voolupingega-pelletgrill\/\",\"url\":\"https:\/\/bbqentertainment.com\/toode\/gmg-ledge-prime2-0-wifi-automaatjuhitav-kahe-voolupingega-pelletgrill\/\",\"name\":\"GMG LEDGE Prime\u21222.0 WiFi, automaatjuhitav, kahe voolupingega pelletgrill. - BBQ Entertainment\",\"isPartOf\":{\"@id\":\"https:\/\/bbqentertainment.com\/#website\"},\"primaryImageOfPage\":{\"@id\":\"https:\/\/bbqentertainment.com\/toode\/gmg-ledge-prime2-0-wifi-automaatjuhitav-kahe-voolupingega-pelletgrill\/#primaryimage\"},\"image\":{\"@id\":\"https:\/\/bbqentertainment.com\/toode\/gmg-ledge-prime2-0-wifi-automaatjuhitav-kahe-voolupingega-pelletgrill\/#primaryimage\"},\"thumbnailUrl\":\"https:\/\/bbqentertainment.com\/wp-content\/uploads\/2026\/02\/GMG-Ledge-prime2.0-pelletigrill.png\",\"datePublished\":\"2026-02-26T17:03:06+00:00\",\"dateModified\":\"2026-03-02T12:50:12+00:00\",\"breadcrumb\":{\"@id\":\"https:\/\/bbqentertainment.com\/toode\/gmg-ledge-prime2-0-wifi-automaatjuhitav-kahe-voolupingega-pelletgrill\/#breadcrumb\"},\"inLanguage\":\"en-US\",\"potentialAction\":[{\"@type\":\"ReadAction\",\"target\":[\"https:\/\/bbqentertainment.com\/toode\/gmg-ledge-prime2-0-wifi-automaatjuhitav-kahe-voolupingega-pelletgrill\/\"]}]},{\"@type\":\"ImageObject\",\"inLanguage\":\"en-US\",\"@id\":\"https:\/\/bbqentertainment.com\/toode\/gmg-ledge-prime2-0-wifi-automaatjuhitav-kahe-voolupingega-pelletgrill\/#primaryimage\",\"url\":\"https:\/\/bbqentertainment.com\/wp-content\/uploads\/2026\/02\/GMG-Ledge-prime2.0-pelletigrill.png\",\"contentUrl\":\"https:\/\/bbqentertainment.com\/wp-content\/uploads\/2026\/02\/GMG-Ledge-prime2.0-pelletigrill.png\",\"width\":300,\"height\":300},{\"@type\":\"BreadcrumbList\",\"@id\":\"https:\/\/bbqentertainment.com\/toode\/gmg-ledge-prime2-0-wifi-automaatjuhitav-kahe-voolupingega-pelletgrill\/#breadcrumb\",\"itemListElement\":[{\"@type\":\"ListItem\",\"position\":1,\"name\":\"AVALEHT\",\"item\":\"https:\/\/bbqentertainment.com\/en\/\"},{\"@type\":\"ListItem\",\"position\":2,\"name\":\"Tooted\",\"item\":\"https:\/\/bbqentertainment.com\/tooted\/\"},{\"@type\":\"ListItem\",\"position\":3,\"name\":\"Grillid ja ahjud\",\"item\":\"https:\/\/bbqentertainment.com\/tootekategooria\/grillid-ja-ahjud\/\"},{\"@type\":\"ListItem\",\"position\":4,\"name\":\"GMG\",\"item\":\"https:\/\/bbqentertainment.com\/tootekategooria\/grillid-ja-ahjud\/gmg\/\"},{\"@type\":\"ListItem\",\"position\":5,\"name\":\"GMG LEDGE Prime\u21222.0 WiFi, automaatjuhitav, kahe voolupingega pelletgrill.\"}]},{\"@type\":\"WebSite\",\"@id\":\"https:\/\/bbqentertainment.com\/#website\",\"url\":\"https:\/\/bbqentertainment.com\/\",\"name\":\"BBQ Entertainment\",\"description\":\"BBQ is a great lifestyle, not just fun!\",\"publisher\":{\"@id\":\"https:\/\/bbqentertainment.com\/#organization\"},\"potentialAction\":[{\"@type\":\"SearchAction\",\"target\":{\"@type\":\"EntryPoint\",\"urlTemplate\":\"https:\/\/bbqentertainment.com\/?s={search_term_string}\"},\"query-input\":{\"@type\":\"PropertyValueSpecification\",\"valueRequired\":true,\"valueName\":\"search_term_string\"}}],\"inLanguage\":\"en-US\"},{\"@type\":\"Organization\",\"@id\":\"https:\/\/bbqentertainment.com\/#organization\",\"name\":\"BBQ Entertainment O\u00dc\",\"url\":\"https:\/\/bbqentertainment.com\/\",\"logo\":{\"@type\":\"ImageObject\",\"inLanguage\":\"en-US\",\"@id\":\"https:\/\/bbqentertainment.com\/#\/schema\/logo\/image\/\",\"url\":\"https:\/\/bbqentertainment.com\/wp-content\/uploads\/2020\/04\/BBQ-Entertainment-N-Catering-Enn-Tobreluts-Logo.png\",\"contentUrl\":\"https:\/\/bbqentertainment.com\/wp-content\/uploads\/2020\/04\/BBQ-Entertainment-N-Catering-Enn-Tobreluts-Logo.png\",\"width\":628,\"height\":266,\"caption\":\"BBQ Entertainment O\u00dc\"},\"image\":{\"@id\":\"https:\/\/bbqentertainment.com\/#\/schema\/logo\/image\/\"},\"sameAs\":[\"https:\/\/www.facebook.com\/BBQ-Entertainment-N-Catering-2437913376443540\",\"https:\/\/www.instagram.com\/bbqentertainmentncatering\/\",\"https:\/\/www.youtube.com\/channel\/UCmpuANQVhLy2Md8nrenp2jA\"]}]}<\/script>\n<!-- \/ Yoast SEO plugin. -->","yoast_head_json":{"title":"GMG LEDGE Prime\u21222.0 WiFi, automaatjuhitav, kahe voolupingega pelletgrill. - BBQ Entertainment","robots":{"index":"index","follow":"follow","max-snippet":"max-snippet:-1","max-image-preview":"max-image-preview:large","max-video-preview":"max-video-preview:-1"},"canonical":"https:\/\/bbqentertainment.com\/toode\/gmg-ledge-prime2-0-wifi-automaatjuhitav-kahe-voolupingega-pelletgrill\/","og_locale":"en_US","og_type":"article","og_title":"GMG LEDGE Prime\u21222.0 WiFi, automaatjuhitav, kahe voolupingega pelletgrill. - BBQ Entertainment","og_description":"GMG LEDGE Prime 2.0 WiFi - \u00e4piga juhitav erinevate voolupingete ja muudetava riiulis\u00fcsteemiga unikaalne pelletgrill t\u00f5elistele gurmaanidele.","og_url":"https:\/\/bbqentertainment.com\/toode\/gmg-ledge-prime2-0-wifi-automaatjuhitav-kahe-voolupingega-pelletgrill\/","og_site_name":"BBQ Entertainment","article_publisher":"https:\/\/www.facebook.com\/BBQ-Entertainment-N-Catering-2437913376443540","article_modified_time":"2026-03-02T12:50:12+00:00","og_image":[{"width":1200,"height":800,"url":"https:\/\/bbqentertainment.com\/wp-content\/uploads\/2020\/03\/Enn-Tobreluts-FOTO-Andres-Tali-1.jpg","type":"image\/jpeg"}],"twitter_card":"summary_large_image","twitter_misc":{"Est. reading time":"2 minutes"},"schema":{"@context":"https:\/\/schema.org","@graph":[{"@type":["WebPage","ItemPage"],"@id":"https:\/\/bbqentertainment.com\/toode\/gmg-ledge-prime2-0-wifi-automaatjuhitav-kahe-voolupingega-pelletgrill\/","url":"https:\/\/bbqentertainment.com\/toode\/gmg-ledge-prime2-0-wifi-automaatjuhitav-kahe-voolupingega-pelletgrill\/","name":"GMG LEDGE Prime\u21222.0 WiFi, automaatjuhitav, kahe voolupingega pelletgrill. - BBQ Entertainment","isPartOf":{"@id":"https:\/\/bbqentertainment.com\/#website"},"primaryImageOfPage":{"@id":"https:\/\/bbqentertainment.com\/toode\/gmg-ledge-prime2-0-wifi-automaatjuhitav-kahe-voolupingega-pelletgrill\/#primaryimage"},"image":{"@id":"https:\/\/bbqentertainment.com\/toode\/gmg-ledge-prime2-0-wifi-automaatjuhitav-kahe-voolupingega-pelletgrill\/#primaryimage"},"thumbnailUrl":"https:\/\/bbqentertainment.com\/wp-content\/uploads\/2026\/02\/GMG-Ledge-prime2.0-pelletigrill.png","datePublished":"2026-02-26T17:03:06+00:00","dateModified":"2026-03-02T12:50:12+00:00","breadcrumb":{"@id":"https:\/\/bbqentertainment.com\/toode\/gmg-ledge-prime2-0-wifi-automaatjuhitav-kahe-voolupingega-pelletgrill\/#breadcrumb"},"inLanguage":"en-US","potentialAction":[{"@type":"ReadAction","target":["https:\/\/bbqentertainment.com\/toode\/gmg-ledge-prime2-0-wifi-automaatjuhitav-kahe-voolupingega-pelletgrill\/"]}]},{"@type":"ImageObject","inLanguage":"en-US","@id":"https:\/\/bbqentertainment.com\/toode\/gmg-ledge-prime2-0-wifi-automaatjuhitav-kahe-voolupingega-pelletgrill\/#primaryimage","url":"https:\/\/bbqentertainment.com\/wp-content\/uploads\/2026\/02\/GMG-Ledge-prime2.0-pelletigrill.png","contentUrl":"https:\/\/bbqentertainment.com\/wp-content\/uploads\/2026\/02\/GMG-Ledge-prime2.0-pelletigrill.png","width":300,"height":300},{"@type":"BreadcrumbList","@id":"https:\/\/bbqentertainment.com\/toode\/gmg-ledge-prime2-0-wifi-automaatjuhitav-kahe-voolupingega-pelletgrill\/#breadcrumb","itemListElement":[{"@type":"ListItem","position":1,"name":"AVALEHT","item":"https:\/\/bbqentertainment.com\/en\/"},{"@type":"ListItem","position":2,"name":"Tooted","item":"https:\/\/bbqentertainment.com\/tooted\/"},{"@type":"ListItem","position":3,"name":"Grillid ja ahjud","item":"https:\/\/bbqentertainment.com\/tootekategooria\/grillid-ja-ahjud\/"},{"@type":"ListItem","position":4,"name":"GMG","item":"https:\/\/bbqentertainment.com\/tootekategooria\/grillid-ja-ahjud\/gmg\/"},{"@type":"ListItem","position":5,"name":"GMG LEDGE Prime\u21222.0 WiFi, automaatjuhitav, kahe voolupingega pelletgrill."}]},{"@type":"WebSite","@id":"https:\/\/bbqentertainment.com\/#website","url":"https:\/\/bbqentertainment.com\/","name":"BBQ Entertainment","description":"BBQ is a great lifestyle, not just fun!","publisher":{"@id":"https:\/\/bbqentertainment.com\/#organization"},"potentialAction":[{"@type":"SearchAction","target":{"@type":"EntryPoint","urlTemplate":"https:\/\/bbqentertainment.com\/?s={search_term_string}"},"query-input":{"@type":"PropertyValueSpecification","valueRequired":true,"valueName":"search_term_string"}}],"inLanguage":"en-US"},{"@type":"Organization","@id":"https:\/\/bbqentertainment.com\/#organization","name":"BBQ Entertainment O\u00dc","url":"https:\/\/bbqentertainment.com\/","logo":{"@type":"ImageObject","inLanguage":"en-US","@id":"https:\/\/bbqentertainment.com\/#\/schema\/logo\/image\/","url":"https:\/\/bbqentertainment.com\/wp-content\/uploads\/2020\/04\/BBQ-Entertainment-N-Catering-Enn-Tobreluts-Logo.png","contentUrl":"https:\/\/bbqentertainment.com\/wp-content\/uploads\/2020\/04\/BBQ-Entertainment-N-Catering-Enn-Tobreluts-Logo.png","width":628,"height":266,"caption":"BBQ Entertainment O\u00dc"},"image":{"@id":"https:\/\/bbqentertainment.com\/#\/schema\/logo\/image\/"},"sameAs":["https:\/\/www.facebook.com\/BBQ-Entertainment-N-Catering-2437913376443540","https:\/\/www.instagram.com\/bbqentertainmentncatering\/","https:\/\/www.youtube.com\/channel\/UCmpuANQVhLy2Md8nrenp2jA"]}]}},"_links":{"self":[{"href":"https:\/\/bbqentertainment.com\/en\/wp-json\/wp\/v2\/product\/257482","targetHints":{"allow":["GET"]}}],"collection":[{"href":"https:\/\/bbqentertainment.com\/en\/wp-json\/wp\/v2\/product"}],"about":[{"href":"https:\/\/bbqentertainment.com\/en\/wp-json\/wp\/v2\/types\/product"}],"wp:featuredmedia":[{"embeddable":true,"href":"https:\/\/bbqentertainment.com\/en\/wp-json\/wp\/v2\/media\/257515"}],"wp:attachment":[{"href":"https:\/\/bbqentertainment.com\/en\/wp-json\/wp\/v2\/media?parent=257482"}],"wp:term":[{"taxonomy":"product_brand","embeddable":true,"href":"https:\/\/bbqentertainment.com\/en\/wp-json\/wp\/v2\/product_brand?post=257482"},{"taxonomy":"product_cat","embeddable":true,"href":"https:\/\/bbqentertainment.com\/en\/wp-json\/wp\/v2\/product_cat?post=257482"},{"taxonomy":"product_tag","embeddable":true,"href":"https:\/\/bbqentertainment.com\/en\/wp-json\/wp\/v2\/product_tag?post=257482"}],"curies":[{"name":"wp","href":"https:\/\/api.w.org\/{rel}","templated":true}]}}