{"id":257485,"date":"2026-02-26T19:03:07","date_gmt":"2026-02-26T17:03:07","guid":{"rendered":"https:\/\/bbqentertainment.com\/?post_type=product&#038;p=257485"},"modified":"2026-03-02T14:50:12","modified_gmt":"2026-03-02T12:50:12","slug":"gmg-trek-prime-2-0-wifi-kompaktne-kaasaskantav-12-220v-pelletgrill","status":"publish","type":"product","link":"https:\/\/bbqentertainment.com\/en\/toode\/gmg-trek-prime-2-0-wifi-kompaktne-kaasaskantav-12-220v-pelletgrill\/","title":{"rendered":"GMG TREK PRIME 2.0 WiFi kompaktne kaasaskantav 12\/220V pelletgrill"},"content":{"rendered":"<p><img loading=\"lazy\" decoding=\"async\" class=\"alignleft size-full wp-image-10684\" src=\"https:\/\/grilliguru.ee\/wp-content\/uploads\/2019\/11\/gmg-prime2.0-trek-pelletgrill.png\" alt=\"\" width=\"300\" height=\"300\" \/>GMG v\u00e4ikseim mudel. V\u00f5imaldab ka h\u00f5lpsat kaasav\u00f5ttu loodusesse, kus voolu v\u00f5ib v\u00f5tta n\u00e4iteks auto sigaris\u00fc\u00fctajast. Grilli on integreeritud l\u00e4bi wifi v\u00f5rgu juhitav digitaaldisplei grilli funtsioonide juhtimiseks. Paari minutiga on grill k\u00fcpsetusvalmis. Lisatud on Sense-Mate temperatuuriandur, mis j\u00e4lgib ka \u00fcmbritsevat temperatuuri &#8211; kui ilm on k\u00fclmem aktiveerub vastav andur ja seab grilli automaatselt turbore\u017eiimi, t\u00e4nu millele kuumeneb grill kiiremini. Pellet annab alati kerge suitsumaitse, samas grillimise kiirus ei j\u00e4\u00e4 suurt alla gaasigillile. Unikaalne ventilaatoris\u00fcsteem tekitab k\u00fcttekoldesse \u00fcler\u00f5hu, t\u00e4nu millele on v\u00e4listatud pelletite tagasip\u00f5lemine l\u00e4bi spiraalajami. Suur roostevaba, kaheosaline grillpind, v\u00f5imaldab grillida erinevaid toudugruppe \u00fchekorraga. Kaasasoleva sondiga saad j\u00e4lgida jooksvalt grillitava toote sisetemperatuuri.<\/p>\n<p>\u00dclilihtne hooldus &#8211; kogu allatilkuv rasv korjatakse kalduoleva alusplaadiga kokku ja juhitakse grilli k\u00fcljes rippuvasse rasvakogumise topsi. P\u00f5letitele rasva tilkumine on v\u00e4listatud. V\u00e4hem rasvap\u00f5lemist t\u00e4hendab aga tervislikumat toitu.<\/p>\n<p>&#8211; Valtud temperatuuri automaatne j\u00e4lgimine ja hoidmine. Vahemik 65-287C<br \/>\n&#8211; T\u00f6\u00f6kindel tiguajam pelletite automaatseks etteandmiseks.<br \/>\n&#8211; Voolupinge 12V, mis v\u00f5imaldab grilli toita akupanga, v\u00f5i v\u00e4iksema p\u00e4iksepaneeliga.<br \/>\n&#8211; Sigaris\u00fc\u00fctaja otsiku valmidus<br \/>\n&#8211; Saab \u00fchendada ka tavalisse vooluv\u00f5rku 220V, kaasas voolujuhe<br \/>\n&#8211; Voolutarve 100W<br \/>\n&#8211; Selge ja arusaadav juhtpult, millelt n\u00e4eb grilli hetketemperetuuri ja nupule vajutades liha sisetemperatuuri.<br \/>\n&#8211; Komplektis sisetemperatuuri j\u00e4lgimiseks sond<br \/>\n&#8211; USB port<br \/>\n&#8211; Keskelt pooleks k\u00e4iv, k\u00f5rgemailitud rest<br \/>\n&#8211; Toekad alusjalad<br \/>\n&#8211; Klappsiibriga korsten<br \/>\n&#8211; Mahutab korraga n\u00e4iteks 3kg \u0161a\u0161l\u00f5kki<br \/>\n&#8211; K\u00fcpsetuspind\u00a0 1400cm\u00b2<br \/>\n&#8211; Venturi Syle p\u00f6\u00f6rd\u00f5huga p\u00f5lemiskamber<br \/>\n&#8211; Grilli k\u00fcttekolde siseosa vabak\u00f5rgus 20cm<br \/>\n&#8211; Grilli k\u00f5rgus 61cm, laius 82cm, s\u00fcgavus 41cm<br \/>\n&#8211; Kaal 29kg<br \/>\n&#8211; Pelletipunker mahutab 4,5kg pelletit<\/p>\n<p>Grillil on 3-aastane garantii<\/p>\n<p><span style=\"color: #ff0000;\"><iframe loading=\"lazy\" title=\"YouTube video player\" src=\"https:\/\/www.youtube.com\/embed\/mzrCrP7O9D0?si=oOygU_2epoO4W9H2\" width=\"560\" height=\"315\" frameborder=\"0\" allowfullscreen=\"allowfullscreen\"><\/iframe><\/span><br \/>\n<iframe loading=\"lazy\" title=\"GMG Prime App Control\" width=\"1020\" height=\"574\" src=\"https:\/\/www.youtube.com\/embed\/5mHL55vRVK4?feature=oembed\" frameborder=\"0\" allow=\"accelerometer; autoplay; clipboard-write; encrypted-media; gyroscope; picture-in-picture; web-share\" referrerpolicy=\"strict-origin-when-cross-origin\" allowfullscreen><\/iframe><\/p>\n","protected":false},"excerpt":{"rendered":"<p>GMG TREK PRIME 2.0 l\u00e4bi WiFi\u00a0 juhitav pelletgrill. \u00dcli\u00f6konoomne, 12\/220V elektrit kasutav pelletgrill. K\u00f5ige kompaktsem mudel. V\u00f5imaldab grilli kaasa v\u00f5tta ja kasutada kus iganes. Saab \u00fchendada nii vooluv\u00f5rku kui auto sigaris\u00fc\u00fctajasse.<\/p>\n","protected":false},"featured_media":257519,"template":"","meta":{"inline_featured_image":false},"product_brand":[],"product_cat":[707],"product_tag":[674,711],"class_list":{"0":"post-257485","1":"product","2":"type-product","3":"status-publish","4":"has-post-thumbnail","6":"product_cat-gmg","7":"product_tag-grillid","8":"product_tag-pelletgrillid","10":"first","11":"instock","12":"taxable","13":"shipping-taxable","14":"purchasable","15":"product-type-simple"},"yoast_head":"<!-- This site is optimized with the Yoast SEO plugin v27.2 - https:\/\/yoast.com\/product\/yoast-seo-wordpress\/ -->\n<title>GMG TREK PRIME 2.0 WiFi kompaktne kaasaskantav 12\/220V pelletgrill - BBQ Entertainment<\/title>\n<meta name=\"robots\" content=\"index, follow, max-snippet:-1, max-image-preview:large, max-video-preview:-1\" \/>\n<link rel=\"canonical\" href=\"https:\/\/bbqentertainment.com\/toode\/gmg-trek-prime-2-0-wifi-kompaktne-kaasaskantav-12-220v-pelletgrill\/\" \/>\n<meta property=\"og:locale\" content=\"en_US\" \/>\n<meta property=\"og:type\" content=\"article\" \/>\n<meta property=\"og:title\" content=\"GMG TREK PRIME 2.0 WiFi kompaktne kaasaskantav 12\/220V pelletgrill - BBQ Entertainment\" \/>\n<meta property=\"og:description\" content=\"GMG TREK PRIME 2.0 l\u00e4bi WiFi\u00a0 juhitav pelletgrill. \u00dcli\u00f6konoomne, 12\/220V elektrit kasutav pelletgrill. K\u00f5ige kompaktsem mudel. V\u00f5imaldab grilli kaasa v\u00f5tta ja kasutada kus iganes. Saab \u00fchendada nii vooluv\u00f5rku kui auto sigaris\u00fc\u00fctajasse.\" \/>\n<meta property=\"og:url\" content=\"https:\/\/bbqentertainment.com\/toode\/gmg-trek-prime-2-0-wifi-kompaktne-kaasaskantav-12-220v-pelletgrill\/\" \/>\n<meta property=\"og:site_name\" content=\"BBQ Entertainment\" \/>\n<meta property=\"article:publisher\" content=\"https:\/\/www.facebook.com\/BBQ-Entertainment-N-Catering-2437913376443540\" \/>\n<meta property=\"article:modified_time\" content=\"2026-03-02T12:50:12+00:00\" \/>\n<meta property=\"og:image\" content=\"https:\/\/bbqentertainment.com\/wp-content\/uploads\/2020\/03\/Enn-Tobreluts-FOTO-Andres-Tali-1.jpg\" \/>\n\t<meta property=\"og:image:width\" content=\"1200\" \/>\n\t<meta property=\"og:image:height\" content=\"800\" \/>\n\t<meta property=\"og:image:type\" content=\"image\/jpeg\" \/>\n<meta name=\"twitter:card\" content=\"summary_large_image\" \/>\n<meta name=\"twitter:label1\" content=\"Est. reading time\" \/>\n\t<meta name=\"twitter:data1\" content=\"2 minutes\" \/>\n<script type=\"application\/ld+json\" class=\"yoast-schema-graph\">{\"@context\":\"https:\/\/schema.org\",\"@graph\":[{\"@type\":[\"WebPage\",\"ItemPage\"],\"@id\":\"https:\/\/bbqentertainment.com\/toode\/gmg-trek-prime-2-0-wifi-kompaktne-kaasaskantav-12-220v-pelletgrill\/\",\"url\":\"https:\/\/bbqentertainment.com\/toode\/gmg-trek-prime-2-0-wifi-kompaktne-kaasaskantav-12-220v-pelletgrill\/\",\"name\":\"GMG TREK PRIME 2.0 WiFi kompaktne kaasaskantav 12\/220V pelletgrill - BBQ Entertainment\",\"isPartOf\":{\"@id\":\"https:\/\/bbqentertainment.com\/#website\"},\"primaryImageOfPage\":{\"@id\":\"https:\/\/bbqentertainment.com\/toode\/gmg-trek-prime-2-0-wifi-kompaktne-kaasaskantav-12-220v-pelletgrill\/#primaryimage\"},\"image\":{\"@id\":\"https:\/\/bbqentertainment.com\/toode\/gmg-trek-prime-2-0-wifi-kompaktne-kaasaskantav-12-220v-pelletgrill\/#primaryimage\"},\"thumbnailUrl\":\"https:\/\/bbqentertainment.com\/wp-content\/uploads\/2026\/02\/GMG-TREK2.0-PRIME-pelletgrill.png\",\"datePublished\":\"2026-02-26T17:03:07+00:00\",\"dateModified\":\"2026-03-02T12:50:12+00:00\",\"breadcrumb\":{\"@id\":\"https:\/\/bbqentertainment.com\/toode\/gmg-trek-prime-2-0-wifi-kompaktne-kaasaskantav-12-220v-pelletgrill\/#breadcrumb\"},\"inLanguage\":\"en-US\",\"potentialAction\":[{\"@type\":\"ReadAction\",\"target\":[\"https:\/\/bbqentertainment.com\/toode\/gmg-trek-prime-2-0-wifi-kompaktne-kaasaskantav-12-220v-pelletgrill\/\"]}]},{\"@type\":\"ImageObject\",\"inLanguage\":\"en-US\",\"@id\":\"https:\/\/bbqentertainment.com\/toode\/gmg-trek-prime-2-0-wifi-kompaktne-kaasaskantav-12-220v-pelletgrill\/#primaryimage\",\"url\":\"https:\/\/bbqentertainment.com\/wp-content\/uploads\/2026\/02\/GMG-TREK2.0-PRIME-pelletgrill.png\",\"contentUrl\":\"https:\/\/bbqentertainment.com\/wp-content\/uploads\/2026\/02\/GMG-TREK2.0-PRIME-pelletgrill.png\",\"width\":300,\"height\":300},{\"@type\":\"BreadcrumbList\",\"@id\":\"https:\/\/bbqentertainment.com\/toode\/gmg-trek-prime-2-0-wifi-kompaktne-kaasaskantav-12-220v-pelletgrill\/#breadcrumb\",\"itemListElement\":[{\"@type\":\"ListItem\",\"position\":1,\"name\":\"AVALEHT\",\"item\":\"https:\/\/bbqentertainment.com\/en\/\"},{\"@type\":\"ListItem\",\"position\":2,\"name\":\"Tooted\",\"item\":\"https:\/\/bbqentertainment.com\/tooted\/\"},{\"@type\":\"ListItem\",\"position\":3,\"name\":\"Grillid ja ahjud\",\"item\":\"https:\/\/bbqentertainment.com\/tootekategooria\/grillid-ja-ahjud\/\"},{\"@type\":\"ListItem\",\"position\":4,\"name\":\"GMG\",\"item\":\"https:\/\/bbqentertainment.com\/tootekategooria\/grillid-ja-ahjud\/gmg\/\"},{\"@type\":\"ListItem\",\"position\":5,\"name\":\"GMG TREK PRIME 2.0 WiFi kompaktne kaasaskantav 12\/220V pelletgrill\"}]},{\"@type\":\"WebSite\",\"@id\":\"https:\/\/bbqentertainment.com\/#website\",\"url\":\"https:\/\/bbqentertainment.com\/\",\"name\":\"BBQ Entertainment\",\"description\":\"BBQ is a great lifestyle, not just fun!\",\"publisher\":{\"@id\":\"https:\/\/bbqentertainment.com\/#organization\"},\"potentialAction\":[{\"@type\":\"SearchAction\",\"target\":{\"@type\":\"EntryPoint\",\"urlTemplate\":\"https:\/\/bbqentertainment.com\/?s={search_term_string}\"},\"query-input\":{\"@type\":\"PropertyValueSpecification\",\"valueRequired\":true,\"valueName\":\"search_term_string\"}}],\"inLanguage\":\"en-US\"},{\"@type\":\"Organization\",\"@id\":\"https:\/\/bbqentertainment.com\/#organization\",\"name\":\"BBQ Entertainment O\u00dc\",\"url\":\"https:\/\/bbqentertainment.com\/\",\"logo\":{\"@type\":\"ImageObject\",\"inLanguage\":\"en-US\",\"@id\":\"https:\/\/bbqentertainment.com\/#\/schema\/logo\/image\/\",\"url\":\"https:\/\/bbqentertainment.com\/wp-content\/uploads\/2020\/04\/BBQ-Entertainment-N-Catering-Enn-Tobreluts-Logo.png\",\"contentUrl\":\"https:\/\/bbqentertainment.com\/wp-content\/uploads\/2020\/04\/BBQ-Entertainment-N-Catering-Enn-Tobreluts-Logo.png\",\"width\":628,\"height\":266,\"caption\":\"BBQ Entertainment O\u00dc\"},\"image\":{\"@id\":\"https:\/\/bbqentertainment.com\/#\/schema\/logo\/image\/\"},\"sameAs\":[\"https:\/\/www.facebook.com\/BBQ-Entertainment-N-Catering-2437913376443540\",\"https:\/\/www.instagram.com\/bbqentertainmentncatering\/\",\"https:\/\/www.youtube.com\/channel\/UCmpuANQVhLy2Md8nrenp2jA\"]}]}<\/script>\n<!-- \/ Yoast SEO plugin. -->","yoast_head_json":{"title":"GMG TREK PRIME 2.0 WiFi kompaktne kaasaskantav 12\/220V pelletgrill - BBQ Entertainment","robots":{"index":"index","follow":"follow","max-snippet":"max-snippet:-1","max-image-preview":"max-image-preview:large","max-video-preview":"max-video-preview:-1"},"canonical":"https:\/\/bbqentertainment.com\/toode\/gmg-trek-prime-2-0-wifi-kompaktne-kaasaskantav-12-220v-pelletgrill\/","og_locale":"en_US","og_type":"article","og_title":"GMG TREK PRIME 2.0 WiFi kompaktne kaasaskantav 12\/220V pelletgrill - BBQ Entertainment","og_description":"GMG TREK PRIME 2.0 l\u00e4bi WiFi\u00a0 juhitav pelletgrill. \u00dcli\u00f6konoomne, 12\/220V elektrit kasutav pelletgrill. K\u00f5ige kompaktsem mudel. V\u00f5imaldab grilli kaasa v\u00f5tta ja kasutada kus iganes. Saab \u00fchendada nii vooluv\u00f5rku kui auto sigaris\u00fc\u00fctajasse.","og_url":"https:\/\/bbqentertainment.com\/toode\/gmg-trek-prime-2-0-wifi-kompaktne-kaasaskantav-12-220v-pelletgrill\/","og_site_name":"BBQ Entertainment","article_publisher":"https:\/\/www.facebook.com\/BBQ-Entertainment-N-Catering-2437913376443540","article_modified_time":"2026-03-02T12:50:12+00:00","og_image":[{"width":1200,"height":800,"url":"https:\/\/bbqentertainment.com\/wp-content\/uploads\/2020\/03\/Enn-Tobreluts-FOTO-Andres-Tali-1.jpg","type":"image\/jpeg"}],"twitter_card":"summary_large_image","twitter_misc":{"Est. reading time":"2 minutes"},"schema":{"@context":"https:\/\/schema.org","@graph":[{"@type":["WebPage","ItemPage"],"@id":"https:\/\/bbqentertainment.com\/toode\/gmg-trek-prime-2-0-wifi-kompaktne-kaasaskantav-12-220v-pelletgrill\/","url":"https:\/\/bbqentertainment.com\/toode\/gmg-trek-prime-2-0-wifi-kompaktne-kaasaskantav-12-220v-pelletgrill\/","name":"GMG TREK PRIME 2.0 WiFi kompaktne kaasaskantav 12\/220V pelletgrill - BBQ Entertainment","isPartOf":{"@id":"https:\/\/bbqentertainment.com\/#website"},"primaryImageOfPage":{"@id":"https:\/\/bbqentertainment.com\/toode\/gmg-trek-prime-2-0-wifi-kompaktne-kaasaskantav-12-220v-pelletgrill\/#primaryimage"},"image":{"@id":"https:\/\/bbqentertainment.com\/toode\/gmg-trek-prime-2-0-wifi-kompaktne-kaasaskantav-12-220v-pelletgrill\/#primaryimage"},"thumbnailUrl":"https:\/\/bbqentertainment.com\/wp-content\/uploads\/2026\/02\/GMG-TREK2.0-PRIME-pelletgrill.png","datePublished":"2026-02-26T17:03:07+00:00","dateModified":"2026-03-02T12:50:12+00:00","breadcrumb":{"@id":"https:\/\/bbqentertainment.com\/toode\/gmg-trek-prime-2-0-wifi-kompaktne-kaasaskantav-12-220v-pelletgrill\/#breadcrumb"},"inLanguage":"en-US","potentialAction":[{"@type":"ReadAction","target":["https:\/\/bbqentertainment.com\/toode\/gmg-trek-prime-2-0-wifi-kompaktne-kaasaskantav-12-220v-pelletgrill\/"]}]},{"@type":"ImageObject","inLanguage":"en-US","@id":"https:\/\/bbqentertainment.com\/toode\/gmg-trek-prime-2-0-wifi-kompaktne-kaasaskantav-12-220v-pelletgrill\/#primaryimage","url":"https:\/\/bbqentertainment.com\/wp-content\/uploads\/2026\/02\/GMG-TREK2.0-PRIME-pelletgrill.png","contentUrl":"https:\/\/bbqentertainment.com\/wp-content\/uploads\/2026\/02\/GMG-TREK2.0-PRIME-pelletgrill.png","width":300,"height":300},{"@type":"BreadcrumbList","@id":"https:\/\/bbqentertainment.com\/toode\/gmg-trek-prime-2-0-wifi-kompaktne-kaasaskantav-12-220v-pelletgrill\/#breadcrumb","itemListElement":[{"@type":"ListItem","position":1,"name":"AVALEHT","item":"https:\/\/bbqentertainment.com\/en\/"},{"@type":"ListItem","position":2,"name":"Tooted","item":"https:\/\/bbqentertainment.com\/tooted\/"},{"@type":"ListItem","position":3,"name":"Grillid ja ahjud","item":"https:\/\/bbqentertainment.com\/tootekategooria\/grillid-ja-ahjud\/"},{"@type":"ListItem","position":4,"name":"GMG","item":"https:\/\/bbqentertainment.com\/tootekategooria\/grillid-ja-ahjud\/gmg\/"},{"@type":"ListItem","position":5,"name":"GMG TREK PRIME 2.0 WiFi kompaktne kaasaskantav 12\/220V pelletgrill"}]},{"@type":"WebSite","@id":"https:\/\/bbqentertainment.com\/#website","url":"https:\/\/bbqentertainment.com\/","name":"BBQ Entertainment","description":"BBQ is a great lifestyle, not just fun!","publisher":{"@id":"https:\/\/bbqentertainment.com\/#organization"},"potentialAction":[{"@type":"SearchAction","target":{"@type":"EntryPoint","urlTemplate":"https:\/\/bbqentertainment.com\/?s={search_term_string}"},"query-input":{"@type":"PropertyValueSpecification","valueRequired":true,"valueName":"search_term_string"}}],"inLanguage":"en-US"},{"@type":"Organization","@id":"https:\/\/bbqentertainment.com\/#organization","name":"BBQ Entertainment O\u00dc","url":"https:\/\/bbqentertainment.com\/","logo":{"@type":"ImageObject","inLanguage":"en-US","@id":"https:\/\/bbqentertainment.com\/#\/schema\/logo\/image\/","url":"https:\/\/bbqentertainment.com\/wp-content\/uploads\/2020\/04\/BBQ-Entertainment-N-Catering-Enn-Tobreluts-Logo.png","contentUrl":"https:\/\/bbqentertainment.com\/wp-content\/uploads\/2020\/04\/BBQ-Entertainment-N-Catering-Enn-Tobreluts-Logo.png","width":628,"height":266,"caption":"BBQ Entertainment O\u00dc"},"image":{"@id":"https:\/\/bbqentertainment.com\/#\/schema\/logo\/image\/"},"sameAs":["https:\/\/www.facebook.com\/BBQ-Entertainment-N-Catering-2437913376443540","https:\/\/www.instagram.com\/bbqentertainmentncatering\/","https:\/\/www.youtube.com\/channel\/UCmpuANQVhLy2Md8nrenp2jA"]}]}},"_links":{"self":[{"href":"https:\/\/bbqentertainment.com\/en\/wp-json\/wp\/v2\/product\/257485","targetHints":{"allow":["GET"]}}],"collection":[{"href":"https:\/\/bbqentertainment.com\/en\/wp-json\/wp\/v2\/product"}],"about":[{"href":"https:\/\/bbqentertainment.com\/en\/wp-json\/wp\/v2\/types\/product"}],"wp:featuredmedia":[{"embeddable":true,"href":"https:\/\/bbqentertainment.com\/en\/wp-json\/wp\/v2\/media\/257519"}],"wp:attachment":[{"href":"https:\/\/bbqentertainment.com\/en\/wp-json\/wp\/v2\/media?parent=257485"}],"wp:term":[{"taxonomy":"product_brand","embeddable":true,"href":"https:\/\/bbqentertainment.com\/en\/wp-json\/wp\/v2\/product_brand?post=257485"},{"taxonomy":"product_cat","embeddable":true,"href":"https:\/\/bbqentertainment.com\/en\/wp-json\/wp\/v2\/product_cat?post=257485"},{"taxonomy":"product_tag","embeddable":true,"href":"https:\/\/bbqentertainment.com\/en\/wp-json\/wp\/v2\/product_tag?post=257485"}],"curies":[{"name":"wp","href":"https:\/\/api.w.org\/{rel}","templated":true}]}}