{"id":257486,"date":"2026-02-26T19:03:07","date_gmt":"2026-02-26T17:03:07","guid":{"rendered":"https:\/\/bbqentertainment.com\/?post_type=product&#038;p=257486"},"modified":"2026-03-02T14:50:12","modified_gmt":"2026-03-02T12:50:12","slug":"gmg-pelletgrilli-pitsaahju-moodul","status":"publish","type":"product","link":"https:\/\/bbqentertainment.com\/en\/toode\/gmg-pelletgrilli-pitsaahju-moodul\/","title":{"rendered":"GMG pelletgrilli pitsaahju moodul"},"content":{"rendered":"<p><img loading=\"lazy\" decoding=\"async\" class=\"size-medium wp-image-1447 alignleft\" src=\"https:\/\/grilliguru.ee\/pood\/wp-content\/uploads\/2019\/11\/gmg-pitsaahi-integreeritav-su\u0308steem-300x300.jpg\" alt=\"\" width=\"300\" height=\"300\" \/>Muutke oma GMG pelletigrill puuk\u00fcttega gurmee-pitsaahjuks.<\/p>\n<p>Ahju integreerimiseks grilli v\u00f5ta eelnevalt grillist v\u00e4lja k\u00fcpsetusrest ja p\u00f5letikate. Aseta ahi otse pelletip\u00f5leti peale, kust soojus suunatakse otse \u00fcles pitsakivi \u00fcmbritsevasse terasest, kahekordse seinaga k\u00fcpsetuskambrisse. See protsess t\u00f5stab teie pelletigrilli sisetemperatuuri t\u00f5elise puuk\u00fcttega pitsaahi temperatuurini. See loob temperatuuri kuni 420\u00b0C, v\u00f5imaldades teil k\u00fcpsetada restorani kvaliteediga pitsasid 2\u20134 minutiga. See on kasulik ka leiva k\u00fcpsetamiseks temperatuuril 200\u00b0C-300\u00b0C v\u00f5i gurmeesteigi &#8220;ehmatamiseks&#8221;.<\/p>\n<p>Ideaalselt sobiv GMG PRIME 2.0\u00a0 ja LEDGE 2.0 mudelitega.<br \/>\n<iframe loading=\"lazy\" title=\"Artisan Style Pepperoni Pizza\" width=\"1020\" height=\"574\" src=\"https:\/\/www.youtube.com\/embed\/mi0aCyq2VzY?feature=oembed\" frameborder=\"0\" allow=\"accelerometer; autoplay; clipboard-write; encrypted-media; gyroscope; picture-in-picture; web-share\" referrerpolicy=\"strict-origin-when-cross-origin\" allowfullscreen><\/iframe><\/p>\n","protected":false},"excerpt":{"rendered":"<p>Lihtne ja t\u00f5hus viis oma GMG pelletigrilli puuk\u00fcttega gurmee-pitsaahjuks muutmiseks.<\/p>\n","protected":false},"featured_media":257522,"template":"","meta":{"inline_featured_image":false},"product_brand":[],"product_cat":[707,92],"product_tag":[],"class_list":{"0":"post-257486","1":"product","2":"type-product","3":"status-publish","4":"has-post-thumbnail","6":"product_cat-gmg","7":"product_cat-lisatarvikud","9":"first","10":"instock","11":"taxable","12":"shipping-taxable","13":"purchasable","14":"product-type-simple"},"yoast_head":"<!-- This site is optimized with the Yoast SEO plugin v27.2 - https:\/\/yoast.com\/product\/yoast-seo-wordpress\/ -->\n<title>GMG pelletgrilli pitsaahju moodul - BBQ Entertainment<\/title>\n<meta name=\"robots\" content=\"index, follow, max-snippet:-1, max-image-preview:large, max-video-preview:-1\" \/>\n<link rel=\"canonical\" href=\"https:\/\/bbqentertainment.com\/toode\/gmg-pelletgrilli-pitsaahju-moodul\/\" \/>\n<meta property=\"og:locale\" content=\"en_US\" \/>\n<meta property=\"og:type\" content=\"article\" \/>\n<meta property=\"og:title\" content=\"GMG pelletgrilli pitsaahju moodul - BBQ Entertainment\" \/>\n<meta property=\"og:description\" content=\"Lihtne ja t\u00f5hus viis oma GMG pelletigrilli puuk\u00fcttega gurmee-pitsaahjuks muutmiseks.\" \/>\n<meta property=\"og:url\" content=\"https:\/\/bbqentertainment.com\/toode\/gmg-pelletgrilli-pitsaahju-moodul\/\" \/>\n<meta property=\"og:site_name\" content=\"BBQ Entertainment\" \/>\n<meta property=\"article:publisher\" content=\"https:\/\/www.facebook.com\/BBQ-Entertainment-N-Catering-2437913376443540\" \/>\n<meta property=\"article:modified_time\" content=\"2026-03-02T12:50:12+00:00\" \/>\n<meta property=\"og:image\" content=\"https:\/\/bbqentertainment.com\/wp-content\/uploads\/2020\/03\/Enn-Tobreluts-FOTO-Andres-Tali-1.jpg\" \/>\n\t<meta property=\"og:image:width\" content=\"1200\" \/>\n\t<meta property=\"og:image:height\" content=\"800\" \/>\n\t<meta property=\"og:image:type\" content=\"image\/jpeg\" \/>\n<meta name=\"twitter:card\" content=\"summary_large_image\" \/>\n<script type=\"application\/ld+json\" class=\"yoast-schema-graph\">{\"@context\":\"https:\/\/schema.org\",\"@graph\":[{\"@type\":[\"WebPage\",\"ItemPage\"],\"@id\":\"https:\/\/bbqentertainment.com\/toode\/gmg-pelletgrilli-pitsaahju-moodul\/\",\"url\":\"https:\/\/bbqentertainment.com\/toode\/gmg-pelletgrilli-pitsaahju-moodul\/\",\"name\":\"GMG pelletgrilli pitsaahju moodul - BBQ Entertainment\",\"isPartOf\":{\"@id\":\"https:\/\/bbqentertainment.com\/#website\"},\"primaryImageOfPage\":{\"@id\":\"https:\/\/bbqentertainment.com\/toode\/gmg-pelletgrilli-pitsaahju-moodul\/#primaryimage\"},\"image\":{\"@id\":\"https:\/\/bbqentertainment.com\/toode\/gmg-pelletgrilli-pitsaahju-moodul\/#primaryimage\"},\"thumbnailUrl\":\"https:\/\/bbqentertainment.com\/wp-content\/uploads\/2026\/02\/GMG-pitsaahi-integreeritav.jpg\",\"datePublished\":\"2026-02-26T17:03:07+00:00\",\"dateModified\":\"2026-03-02T12:50:12+00:00\",\"breadcrumb\":{\"@id\":\"https:\/\/bbqentertainment.com\/toode\/gmg-pelletgrilli-pitsaahju-moodul\/#breadcrumb\"},\"inLanguage\":\"en-US\",\"potentialAction\":[{\"@type\":\"ReadAction\",\"target\":[\"https:\/\/bbqentertainment.com\/toode\/gmg-pelletgrilli-pitsaahju-moodul\/\"]}]},{\"@type\":\"ImageObject\",\"inLanguage\":\"en-US\",\"@id\":\"https:\/\/bbqentertainment.com\/toode\/gmg-pelletgrilli-pitsaahju-moodul\/#primaryimage\",\"url\":\"https:\/\/bbqentertainment.com\/wp-content\/uploads\/2026\/02\/GMG-pitsaahi-integreeritav.jpg\",\"contentUrl\":\"https:\/\/bbqentertainment.com\/wp-content\/uploads\/2026\/02\/GMG-pitsaahi-integreeritav.jpg\",\"width\":420,\"height\":420},{\"@type\":\"BreadcrumbList\",\"@id\":\"https:\/\/bbqentertainment.com\/toode\/gmg-pelletgrilli-pitsaahju-moodul\/#breadcrumb\",\"itemListElement\":[{\"@type\":\"ListItem\",\"position\":1,\"name\":\"AVALEHT\",\"item\":\"https:\/\/bbqentertainment.com\/en\/\"},{\"@type\":\"ListItem\",\"position\":2,\"name\":\"Tooted\",\"item\":\"https:\/\/bbqentertainment.com\/tooted\/\"},{\"@type\":\"ListItem\",\"position\":3,\"name\":\"Grillid ja ahjud\",\"item\":\"https:\/\/bbqentertainment.com\/tootekategooria\/grillid-ja-ahjud\/\"},{\"@type\":\"ListItem\",\"position\":4,\"name\":\"GMG\",\"item\":\"https:\/\/bbqentertainment.com\/tootekategooria\/grillid-ja-ahjud\/gmg\/\"},{\"@type\":\"ListItem\",\"position\":5,\"name\":\"GMG pelletgrilli pitsaahju moodul\"}]},{\"@type\":\"WebSite\",\"@id\":\"https:\/\/bbqentertainment.com\/#website\",\"url\":\"https:\/\/bbqentertainment.com\/\",\"name\":\"BBQ Entertainment\",\"description\":\"BBQ is a great lifestyle, not just fun!\",\"publisher\":{\"@id\":\"https:\/\/bbqentertainment.com\/#organization\"},\"potentialAction\":[{\"@type\":\"SearchAction\",\"target\":{\"@type\":\"EntryPoint\",\"urlTemplate\":\"https:\/\/bbqentertainment.com\/?s={search_term_string}\"},\"query-input\":{\"@type\":\"PropertyValueSpecification\",\"valueRequired\":true,\"valueName\":\"search_term_string\"}}],\"inLanguage\":\"en-US\"},{\"@type\":\"Organization\",\"@id\":\"https:\/\/bbqentertainment.com\/#organization\",\"name\":\"BBQ Entertainment O\u00dc\",\"url\":\"https:\/\/bbqentertainment.com\/\",\"logo\":{\"@type\":\"ImageObject\",\"inLanguage\":\"en-US\",\"@id\":\"https:\/\/bbqentertainment.com\/#\/schema\/logo\/image\/\",\"url\":\"https:\/\/bbqentertainment.com\/wp-content\/uploads\/2020\/04\/BBQ-Entertainment-N-Catering-Enn-Tobreluts-Logo.png\",\"contentUrl\":\"https:\/\/bbqentertainment.com\/wp-content\/uploads\/2020\/04\/BBQ-Entertainment-N-Catering-Enn-Tobreluts-Logo.png\",\"width\":628,\"height\":266,\"caption\":\"BBQ Entertainment O\u00dc\"},\"image\":{\"@id\":\"https:\/\/bbqentertainment.com\/#\/schema\/logo\/image\/\"},\"sameAs\":[\"https:\/\/www.facebook.com\/BBQ-Entertainment-N-Catering-2437913376443540\",\"https:\/\/www.instagram.com\/bbqentertainmentncatering\/\",\"https:\/\/www.youtube.com\/channel\/UCmpuANQVhLy2Md8nrenp2jA\"]}]}<\/script>\n<!-- \/ Yoast SEO plugin. -->","yoast_head_json":{"title":"GMG pelletgrilli pitsaahju moodul - BBQ Entertainment","robots":{"index":"index","follow":"follow","max-snippet":"max-snippet:-1","max-image-preview":"max-image-preview:large","max-video-preview":"max-video-preview:-1"},"canonical":"https:\/\/bbqentertainment.com\/toode\/gmg-pelletgrilli-pitsaahju-moodul\/","og_locale":"en_US","og_type":"article","og_title":"GMG pelletgrilli pitsaahju moodul - BBQ Entertainment","og_description":"Lihtne ja t\u00f5hus viis oma GMG pelletigrilli puuk\u00fcttega gurmee-pitsaahjuks muutmiseks.","og_url":"https:\/\/bbqentertainment.com\/toode\/gmg-pelletgrilli-pitsaahju-moodul\/","og_site_name":"BBQ Entertainment","article_publisher":"https:\/\/www.facebook.com\/BBQ-Entertainment-N-Catering-2437913376443540","article_modified_time":"2026-03-02T12:50:12+00:00","og_image":[{"width":1200,"height":800,"url":"https:\/\/bbqentertainment.com\/wp-content\/uploads\/2020\/03\/Enn-Tobreluts-FOTO-Andres-Tali-1.jpg","type":"image\/jpeg"}],"twitter_card":"summary_large_image","schema":{"@context":"https:\/\/schema.org","@graph":[{"@type":["WebPage","ItemPage"],"@id":"https:\/\/bbqentertainment.com\/toode\/gmg-pelletgrilli-pitsaahju-moodul\/","url":"https:\/\/bbqentertainment.com\/toode\/gmg-pelletgrilli-pitsaahju-moodul\/","name":"GMG pelletgrilli pitsaahju moodul - BBQ Entertainment","isPartOf":{"@id":"https:\/\/bbqentertainment.com\/#website"},"primaryImageOfPage":{"@id":"https:\/\/bbqentertainment.com\/toode\/gmg-pelletgrilli-pitsaahju-moodul\/#primaryimage"},"image":{"@id":"https:\/\/bbqentertainment.com\/toode\/gmg-pelletgrilli-pitsaahju-moodul\/#primaryimage"},"thumbnailUrl":"https:\/\/bbqentertainment.com\/wp-content\/uploads\/2026\/02\/GMG-pitsaahi-integreeritav.jpg","datePublished":"2026-02-26T17:03:07+00:00","dateModified":"2026-03-02T12:50:12+00:00","breadcrumb":{"@id":"https:\/\/bbqentertainment.com\/toode\/gmg-pelletgrilli-pitsaahju-moodul\/#breadcrumb"},"inLanguage":"en-US","potentialAction":[{"@type":"ReadAction","target":["https:\/\/bbqentertainment.com\/toode\/gmg-pelletgrilli-pitsaahju-moodul\/"]}]},{"@type":"ImageObject","inLanguage":"en-US","@id":"https:\/\/bbqentertainment.com\/toode\/gmg-pelletgrilli-pitsaahju-moodul\/#primaryimage","url":"https:\/\/bbqentertainment.com\/wp-content\/uploads\/2026\/02\/GMG-pitsaahi-integreeritav.jpg","contentUrl":"https:\/\/bbqentertainment.com\/wp-content\/uploads\/2026\/02\/GMG-pitsaahi-integreeritav.jpg","width":420,"height":420},{"@type":"BreadcrumbList","@id":"https:\/\/bbqentertainment.com\/toode\/gmg-pelletgrilli-pitsaahju-moodul\/#breadcrumb","itemListElement":[{"@type":"ListItem","position":1,"name":"AVALEHT","item":"https:\/\/bbqentertainment.com\/en\/"},{"@type":"ListItem","position":2,"name":"Tooted","item":"https:\/\/bbqentertainment.com\/tooted\/"},{"@type":"ListItem","position":3,"name":"Grillid ja ahjud","item":"https:\/\/bbqentertainment.com\/tootekategooria\/grillid-ja-ahjud\/"},{"@type":"ListItem","position":4,"name":"GMG","item":"https:\/\/bbqentertainment.com\/tootekategooria\/grillid-ja-ahjud\/gmg\/"},{"@type":"ListItem","position":5,"name":"GMG pelletgrilli pitsaahju moodul"}]},{"@type":"WebSite","@id":"https:\/\/bbqentertainment.com\/#website","url":"https:\/\/bbqentertainment.com\/","name":"BBQ Entertainment","description":"BBQ is a great lifestyle, not just fun!","publisher":{"@id":"https:\/\/bbqentertainment.com\/#organization"},"potentialAction":[{"@type":"SearchAction","target":{"@type":"EntryPoint","urlTemplate":"https:\/\/bbqentertainment.com\/?s={search_term_string}"},"query-input":{"@type":"PropertyValueSpecification","valueRequired":true,"valueName":"search_term_string"}}],"inLanguage":"en-US"},{"@type":"Organization","@id":"https:\/\/bbqentertainment.com\/#organization","name":"BBQ Entertainment O\u00dc","url":"https:\/\/bbqentertainment.com\/","logo":{"@type":"ImageObject","inLanguage":"en-US","@id":"https:\/\/bbqentertainment.com\/#\/schema\/logo\/image\/","url":"https:\/\/bbqentertainment.com\/wp-content\/uploads\/2020\/04\/BBQ-Entertainment-N-Catering-Enn-Tobreluts-Logo.png","contentUrl":"https:\/\/bbqentertainment.com\/wp-content\/uploads\/2020\/04\/BBQ-Entertainment-N-Catering-Enn-Tobreluts-Logo.png","width":628,"height":266,"caption":"BBQ Entertainment O\u00dc"},"image":{"@id":"https:\/\/bbqentertainment.com\/#\/schema\/logo\/image\/"},"sameAs":["https:\/\/www.facebook.com\/BBQ-Entertainment-N-Catering-2437913376443540","https:\/\/www.instagram.com\/bbqentertainmentncatering\/","https:\/\/www.youtube.com\/channel\/UCmpuANQVhLy2Md8nrenp2jA"]}]}},"_links":{"self":[{"href":"https:\/\/bbqentertainment.com\/en\/wp-json\/wp\/v2\/product\/257486","targetHints":{"allow":["GET"]}}],"collection":[{"href":"https:\/\/bbqentertainment.com\/en\/wp-json\/wp\/v2\/product"}],"about":[{"href":"https:\/\/bbqentertainment.com\/en\/wp-json\/wp\/v2\/types\/product"}],"wp:featuredmedia":[{"embeddable":true,"href":"https:\/\/bbqentertainment.com\/en\/wp-json\/wp\/v2\/media\/257522"}],"wp:attachment":[{"href":"https:\/\/bbqentertainment.com\/en\/wp-json\/wp\/v2\/media?parent=257486"}],"wp:term":[{"taxonomy":"product_brand","embeddable":true,"href":"https:\/\/bbqentertainment.com\/en\/wp-json\/wp\/v2\/product_brand?post=257486"},{"taxonomy":"product_cat","embeddable":true,"href":"https:\/\/bbqentertainment.com\/en\/wp-json\/wp\/v2\/product_cat?post=257486"},{"taxonomy":"product_tag","embeddable":true,"href":"https:\/\/bbqentertainment.com\/en\/wp-json\/wp\/v2\/product_tag?post=257486"}],"curies":[{"name":"wp","href":"https:\/\/api.w.org\/{rel}","templated":true}]}}