{"id":257491,"date":"2026-02-26T19:03:11","date_gmt":"2026-02-26T17:03:11","guid":{"rendered":"https:\/\/bbqentertainment.com\/?post_type=product&#038;p=257491"},"modified":"2026-03-02T14:50:12","modified_gmt":"2026-03-02T12:50:12","slug":"gmg-poordvarda-komplekt-peak-pelletgrillile","status":"publish","type":"product","link":"https:\/\/bbqentertainment.com\/en\/toode\/gmg-poordvarda-komplekt-peak-pelletgrillile\/","title":{"rendered":"GMG p\u00f6\u00f6rdvarda komplekt PEAK pelletgrillile"},"content":{"rendered":"<p><img loading=\"lazy\" decoding=\"async\" class=\"alignleft size-medium wp-image-11193\" src=\"https:\/\/grilliguru.ee\/wp-content\/uploads\/2024\/05\/GMG-poordvarras-peak-300x300.png\" alt=\"\" width=\"300\" height=\"300\" \/>Muutke oma GMG PEAK Prime 2.0 pelletigrill t\u00f5eliseks r\u00f6stimasinaks.. R\u00f6sti ja suitsuta aeglaselt terveid kanu, sea abat\u00fckke, seljat\u00fckke, kebabi ja palju muud. P\u00f6\u00f6rdvardaga tehtud toit saab alati mahlasem, kuna rasv p\u00f6\u00f6rlemisel ei tilgu kohe \u00e4ra.<\/p>\n<p>V\u00e4list kliimat h\u00e4stitaluv 220V mootor on suletud roostevabast terasest korpusesse.<\/p>\n<p>P\u00f6\u00f6rdvardaga saate r\u00f6stida kuni 10kg lihakamakat.<\/p>\n<p>* Loodud sobima GMG PEAK Prime 2.0 mudeliga<\/p>\n","protected":false},"excerpt":{"rendered":"<p>GMG Peak Prime 2.0 pelletgrilli p\u00f6\u00f6rdvarda komplekt.<\/p>\n","protected":false},"featured_media":257543,"template":"","meta":{"inline_featured_image":false},"product_brand":[],"product_cat":[707,92],"product_tag":[],"class_list":{"0":"post-257491","1":"product","2":"type-product","3":"status-publish","4":"has-post-thumbnail","6":"product_cat-gmg","7":"product_cat-lisatarvikud","8":"product_shipping_class-kuller-alla-28kg","10":"first","11":"instock","12":"taxable","13":"shipping-taxable","14":"purchasable","15":"product-type-simple"},"yoast_head":"<!-- This site is optimized with the Yoast SEO plugin v27.2 - https:\/\/yoast.com\/product\/yoast-seo-wordpress\/ -->\n<title>GMG p\u00f6\u00f6rdvarda komplekt PEAK pelletgrillile - BBQ Entertainment<\/title>\n<meta name=\"robots\" content=\"index, follow, max-snippet:-1, max-image-preview:large, max-video-preview:-1\" \/>\n<link rel=\"canonical\" href=\"https:\/\/bbqentertainment.com\/toode\/gmg-poordvarda-komplekt-peak-pelletgrillile\/\" \/>\n<meta property=\"og:locale\" content=\"en_US\" \/>\n<meta property=\"og:type\" content=\"article\" \/>\n<meta property=\"og:title\" content=\"GMG p\u00f6\u00f6rdvarda komplekt PEAK pelletgrillile - BBQ Entertainment\" \/>\n<meta property=\"og:description\" content=\"GMG Peak Prime 2.0 pelletgrilli p\u00f6\u00f6rdvarda komplekt.\" \/>\n<meta property=\"og:url\" content=\"https:\/\/bbqentertainment.com\/toode\/gmg-poordvarda-komplekt-peak-pelletgrillile\/\" \/>\n<meta property=\"og:site_name\" content=\"BBQ Entertainment\" \/>\n<meta property=\"article:publisher\" content=\"https:\/\/www.facebook.com\/BBQ-Entertainment-N-Catering-2437913376443540\" \/>\n<meta property=\"article:modified_time\" content=\"2026-03-02T12:50:12+00:00\" \/>\n<meta property=\"og:image\" content=\"https:\/\/bbqentertainment.com\/wp-content\/uploads\/2020\/03\/Enn-Tobreluts-FOTO-Andres-Tali-1.jpg\" \/>\n\t<meta property=\"og:image:width\" content=\"1200\" \/>\n\t<meta property=\"og:image:height\" content=\"800\" \/>\n\t<meta property=\"og:image:type\" content=\"image\/jpeg\" \/>\n<meta name=\"twitter:card\" content=\"summary_large_image\" \/>\n<script type=\"application\/ld+json\" class=\"yoast-schema-graph\">{\"@context\":\"https:\/\/schema.org\",\"@graph\":[{\"@type\":[\"WebPage\",\"ItemPage\"],\"@id\":\"https:\/\/bbqentertainment.com\/toode\/gmg-poordvarda-komplekt-peak-pelletgrillile\/\",\"url\":\"https:\/\/bbqentertainment.com\/toode\/gmg-poordvarda-komplekt-peak-pelletgrillile\/\",\"name\":\"GMG p\u00f6\u00f6rdvarda komplekt PEAK pelletgrillile - BBQ Entertainment\",\"isPartOf\":{\"@id\":\"https:\/\/bbqentertainment.com\/#website\"},\"primaryImageOfPage\":{\"@id\":\"https:\/\/bbqentertainment.com\/toode\/gmg-poordvarda-komplekt-peak-pelletgrillile\/#primaryimage\"},\"image\":{\"@id\":\"https:\/\/bbqentertainment.com\/toode\/gmg-poordvarda-komplekt-peak-pelletgrillile\/#primaryimage\"},\"thumbnailUrl\":\"https:\/\/bbqentertainment.com\/wp-content\/uploads\/2026\/02\/GMG-peak-ledge-poordvarras.png\",\"datePublished\":\"2026-02-26T17:03:11+00:00\",\"dateModified\":\"2026-03-02T12:50:12+00:00\",\"breadcrumb\":{\"@id\":\"https:\/\/bbqentertainment.com\/toode\/gmg-poordvarda-komplekt-peak-pelletgrillile\/#breadcrumb\"},\"inLanguage\":\"en-US\",\"potentialAction\":[{\"@type\":\"ReadAction\",\"target\":[\"https:\/\/bbqentertainment.com\/toode\/gmg-poordvarda-komplekt-peak-pelletgrillile\/\"]}]},{\"@type\":\"ImageObject\",\"inLanguage\":\"en-US\",\"@id\":\"https:\/\/bbqentertainment.com\/toode\/gmg-poordvarda-komplekt-peak-pelletgrillile\/#primaryimage\",\"url\":\"https:\/\/bbqentertainment.com\/wp-content\/uploads\/2026\/02\/GMG-peak-ledge-poordvarras.png\",\"contentUrl\":\"https:\/\/bbqentertainment.com\/wp-content\/uploads\/2026\/02\/GMG-peak-ledge-poordvarras.png\",\"width\":413,\"height\":413},{\"@type\":\"BreadcrumbList\",\"@id\":\"https:\/\/bbqentertainment.com\/toode\/gmg-poordvarda-komplekt-peak-pelletgrillile\/#breadcrumb\",\"itemListElement\":[{\"@type\":\"ListItem\",\"position\":1,\"name\":\"AVALEHT\",\"item\":\"https:\/\/bbqentertainment.com\/en\/\"},{\"@type\":\"ListItem\",\"position\":2,\"name\":\"Tooted\",\"item\":\"https:\/\/bbqentertainment.com\/tooted\/\"},{\"@type\":\"ListItem\",\"position\":3,\"name\":\"Grillid ja ahjud\",\"item\":\"https:\/\/bbqentertainment.com\/tootekategooria\/grillid-ja-ahjud\/\"},{\"@type\":\"ListItem\",\"position\":4,\"name\":\"GMG\",\"item\":\"https:\/\/bbqentertainment.com\/tootekategooria\/grillid-ja-ahjud\/gmg\/\"},{\"@type\":\"ListItem\",\"position\":5,\"name\":\"GMG p\u00f6\u00f6rdvarda komplekt PEAK pelletgrillile\"}]},{\"@type\":\"WebSite\",\"@id\":\"https:\/\/bbqentertainment.com\/#website\",\"url\":\"https:\/\/bbqentertainment.com\/\",\"name\":\"BBQ Entertainment\",\"description\":\"BBQ is a great lifestyle, not just fun!\",\"publisher\":{\"@id\":\"https:\/\/bbqentertainment.com\/#organization\"},\"potentialAction\":[{\"@type\":\"SearchAction\",\"target\":{\"@type\":\"EntryPoint\",\"urlTemplate\":\"https:\/\/bbqentertainment.com\/?s={search_term_string}\"},\"query-input\":{\"@type\":\"PropertyValueSpecification\",\"valueRequired\":true,\"valueName\":\"search_term_string\"}}],\"inLanguage\":\"en-US\"},{\"@type\":\"Organization\",\"@id\":\"https:\/\/bbqentertainment.com\/#organization\",\"name\":\"BBQ Entertainment O\u00dc\",\"url\":\"https:\/\/bbqentertainment.com\/\",\"logo\":{\"@type\":\"ImageObject\",\"inLanguage\":\"en-US\",\"@id\":\"https:\/\/bbqentertainment.com\/#\/schema\/logo\/image\/\",\"url\":\"https:\/\/bbqentertainment.com\/wp-content\/uploads\/2020\/04\/BBQ-Entertainment-N-Catering-Enn-Tobreluts-Logo.png\",\"contentUrl\":\"https:\/\/bbqentertainment.com\/wp-content\/uploads\/2020\/04\/BBQ-Entertainment-N-Catering-Enn-Tobreluts-Logo.png\",\"width\":628,\"height\":266,\"caption\":\"BBQ Entertainment O\u00dc\"},\"image\":{\"@id\":\"https:\/\/bbqentertainment.com\/#\/schema\/logo\/image\/\"},\"sameAs\":[\"https:\/\/www.facebook.com\/BBQ-Entertainment-N-Catering-2437913376443540\",\"https:\/\/www.instagram.com\/bbqentertainmentncatering\/\",\"https:\/\/www.youtube.com\/channel\/UCmpuANQVhLy2Md8nrenp2jA\"]}]}<\/script>\n<!-- \/ Yoast SEO plugin. -->","yoast_head_json":{"title":"GMG p\u00f6\u00f6rdvarda komplekt PEAK pelletgrillile - BBQ Entertainment","robots":{"index":"index","follow":"follow","max-snippet":"max-snippet:-1","max-image-preview":"max-image-preview:large","max-video-preview":"max-video-preview:-1"},"canonical":"https:\/\/bbqentertainment.com\/toode\/gmg-poordvarda-komplekt-peak-pelletgrillile\/","og_locale":"en_US","og_type":"article","og_title":"GMG p\u00f6\u00f6rdvarda komplekt PEAK pelletgrillile - BBQ Entertainment","og_description":"GMG Peak Prime 2.0 pelletgrilli p\u00f6\u00f6rdvarda komplekt.","og_url":"https:\/\/bbqentertainment.com\/toode\/gmg-poordvarda-komplekt-peak-pelletgrillile\/","og_site_name":"BBQ Entertainment","article_publisher":"https:\/\/www.facebook.com\/BBQ-Entertainment-N-Catering-2437913376443540","article_modified_time":"2026-03-02T12:50:12+00:00","og_image":[{"width":1200,"height":800,"url":"https:\/\/bbqentertainment.com\/wp-content\/uploads\/2020\/03\/Enn-Tobreluts-FOTO-Andres-Tali-1.jpg","type":"image\/jpeg"}],"twitter_card":"summary_large_image","schema":{"@context":"https:\/\/schema.org","@graph":[{"@type":["WebPage","ItemPage"],"@id":"https:\/\/bbqentertainment.com\/toode\/gmg-poordvarda-komplekt-peak-pelletgrillile\/","url":"https:\/\/bbqentertainment.com\/toode\/gmg-poordvarda-komplekt-peak-pelletgrillile\/","name":"GMG p\u00f6\u00f6rdvarda komplekt PEAK pelletgrillile - BBQ Entertainment","isPartOf":{"@id":"https:\/\/bbqentertainment.com\/#website"},"primaryImageOfPage":{"@id":"https:\/\/bbqentertainment.com\/toode\/gmg-poordvarda-komplekt-peak-pelletgrillile\/#primaryimage"},"image":{"@id":"https:\/\/bbqentertainment.com\/toode\/gmg-poordvarda-komplekt-peak-pelletgrillile\/#primaryimage"},"thumbnailUrl":"https:\/\/bbqentertainment.com\/wp-content\/uploads\/2026\/02\/GMG-peak-ledge-poordvarras.png","datePublished":"2026-02-26T17:03:11+00:00","dateModified":"2026-03-02T12:50:12+00:00","breadcrumb":{"@id":"https:\/\/bbqentertainment.com\/toode\/gmg-poordvarda-komplekt-peak-pelletgrillile\/#breadcrumb"},"inLanguage":"en-US","potentialAction":[{"@type":"ReadAction","target":["https:\/\/bbqentertainment.com\/toode\/gmg-poordvarda-komplekt-peak-pelletgrillile\/"]}]},{"@type":"ImageObject","inLanguage":"en-US","@id":"https:\/\/bbqentertainment.com\/toode\/gmg-poordvarda-komplekt-peak-pelletgrillile\/#primaryimage","url":"https:\/\/bbqentertainment.com\/wp-content\/uploads\/2026\/02\/GMG-peak-ledge-poordvarras.png","contentUrl":"https:\/\/bbqentertainment.com\/wp-content\/uploads\/2026\/02\/GMG-peak-ledge-poordvarras.png","width":413,"height":413},{"@type":"BreadcrumbList","@id":"https:\/\/bbqentertainment.com\/toode\/gmg-poordvarda-komplekt-peak-pelletgrillile\/#breadcrumb","itemListElement":[{"@type":"ListItem","position":1,"name":"AVALEHT","item":"https:\/\/bbqentertainment.com\/en\/"},{"@type":"ListItem","position":2,"name":"Tooted","item":"https:\/\/bbqentertainment.com\/tooted\/"},{"@type":"ListItem","position":3,"name":"Grillid ja ahjud","item":"https:\/\/bbqentertainment.com\/tootekategooria\/grillid-ja-ahjud\/"},{"@type":"ListItem","position":4,"name":"GMG","item":"https:\/\/bbqentertainment.com\/tootekategooria\/grillid-ja-ahjud\/gmg\/"},{"@type":"ListItem","position":5,"name":"GMG p\u00f6\u00f6rdvarda komplekt PEAK pelletgrillile"}]},{"@type":"WebSite","@id":"https:\/\/bbqentertainment.com\/#website","url":"https:\/\/bbqentertainment.com\/","name":"BBQ Entertainment","description":"BBQ is a great lifestyle, not just fun!","publisher":{"@id":"https:\/\/bbqentertainment.com\/#organization"},"potentialAction":[{"@type":"SearchAction","target":{"@type":"EntryPoint","urlTemplate":"https:\/\/bbqentertainment.com\/?s={search_term_string}"},"query-input":{"@type":"PropertyValueSpecification","valueRequired":true,"valueName":"search_term_string"}}],"inLanguage":"en-US"},{"@type":"Organization","@id":"https:\/\/bbqentertainment.com\/#organization","name":"BBQ Entertainment O\u00dc","url":"https:\/\/bbqentertainment.com\/","logo":{"@type":"ImageObject","inLanguage":"en-US","@id":"https:\/\/bbqentertainment.com\/#\/schema\/logo\/image\/","url":"https:\/\/bbqentertainment.com\/wp-content\/uploads\/2020\/04\/BBQ-Entertainment-N-Catering-Enn-Tobreluts-Logo.png","contentUrl":"https:\/\/bbqentertainment.com\/wp-content\/uploads\/2020\/04\/BBQ-Entertainment-N-Catering-Enn-Tobreluts-Logo.png","width":628,"height":266,"caption":"BBQ Entertainment O\u00dc"},"image":{"@id":"https:\/\/bbqentertainment.com\/#\/schema\/logo\/image\/"},"sameAs":["https:\/\/www.facebook.com\/BBQ-Entertainment-N-Catering-2437913376443540","https:\/\/www.instagram.com\/bbqentertainmentncatering\/","https:\/\/www.youtube.com\/channel\/UCmpuANQVhLy2Md8nrenp2jA"]}]}},"_links":{"self":[{"href":"https:\/\/bbqentertainment.com\/en\/wp-json\/wp\/v2\/product\/257491","targetHints":{"allow":["GET"]}}],"collection":[{"href":"https:\/\/bbqentertainment.com\/en\/wp-json\/wp\/v2\/product"}],"about":[{"href":"https:\/\/bbqentertainment.com\/en\/wp-json\/wp\/v2\/types\/product"}],"wp:featuredmedia":[{"embeddable":true,"href":"https:\/\/bbqentertainment.com\/en\/wp-json\/wp\/v2\/media\/257543"}],"wp:attachment":[{"href":"https:\/\/bbqentertainment.com\/en\/wp-json\/wp\/v2\/media?parent=257491"}],"wp:term":[{"taxonomy":"product_brand","embeddable":true,"href":"https:\/\/bbqentertainment.com\/en\/wp-json\/wp\/v2\/product_brand?post=257491"},{"taxonomy":"product_cat","embeddable":true,"href":"https:\/\/bbqentertainment.com\/en\/wp-json\/wp\/v2\/product_cat?post=257491"},{"taxonomy":"product_tag","embeddable":true,"href":"https:\/\/bbqentertainment.com\/en\/wp-json\/wp\/v2\/product_tag?post=257491"}],"curies":[{"name":"wp","href":"https:\/\/api.w.org\/{rel}","templated":true}]}}