{"id":257494,"date":"2026-02-26T19:03:18","date_gmt":"2026-02-26T17:03:18","guid":{"rendered":"https:\/\/bbqentertainment.com\/?post_type=product&#038;p=257494"},"modified":"2026-03-02T14:50:12","modified_gmt":"2026-03-02T12:50:12","slug":"gmg-rackt-moodulsusteemi-tagalaud-ledge-prime-2-0-grillile","status":"publish","type":"product","link":"https:\/\/bbqentertainment.com\/en\/toode\/gmg-rackt-moodulsusteemi-tagalaud-ledge-prime-2-0-grillile\/","title":{"rendered":"GMG RACKT\u2122 mooduls\u00fcsteemi tagalaud LEDGE Prime 2.0 grillile"},"content":{"rendered":"<p><img loading=\"lazy\" decoding=\"async\" class=\"alignleft size-full wp-image-11179\" src=\"https:\/\/grilliguru.ee\/wp-content\/uploads\/2024\/05\/GMG-Rackt-tagalaud-pelletgrill.png\" alt=\"\" width=\"300\" height=\"300\" \/>Backboard on RACKT\u2122 s\u00fcsteemi alus, mis v\u00f5imaldab teil oma grilli sisemisi riiuleid kohandada. Patenteeritud disain v\u00f5imaldab h\u00f5lpsasti \u00fcmber paigutada tarvikuid l\u00f5putute riiulikonfiguratsioonidena nii, et need sobiksid teie kokkamisharjumustega. Samas suureneb mooduleid kasutades oluliselt ka grillipind.<\/p>\n<p>Vastupidav terasest tagalaud, mis kinnitub konksudega teie grilli tagak\u00fcljel asuvate eelpuuritud avade k\u00fclge.<\/p>\n<p>Sobib: ainult GMG Ledge Prime 2.0<\/p>\n<p>K\u00f5ik mooduli k\u00fclge kinnituvaid s\u00fcsteemi riiuleid m\u00fc\u00fcakse eraldi.<\/p>\n","protected":false},"excerpt":{"rendered":"<p>RACKT\u2122 s\u00fcsteemi p\u00f5himoodul LEDGE Prime 2.0 grillidele, mille k\u00fclge kinnituvad teised sama s\u00fcsteemi riiulid.<\/p>\n","protected":false},"featured_media":257537,"template":"","meta":{"inline_featured_image":false},"product_brand":[],"product_cat":[707,92],"product_tag":[],"class_list":{"0":"post-257494","1":"product","2":"type-product","3":"status-publish","4":"has-post-thumbnail","6":"product_cat-gmg","7":"product_cat-lisatarvikud","9":"first","10":"instock","11":"taxable","12":"shipping-taxable","13":"purchasable","14":"product-type-simple"},"yoast_head":"<!-- This site is optimized with the Yoast SEO plugin v27.2 - https:\/\/yoast.com\/product\/yoast-seo-wordpress\/ -->\n<title>GMG RACKT\u2122 mooduls\u00fcsteemi tagalaud LEDGE Prime 2.0 grillile - BBQ Entertainment<\/title>\n<meta name=\"robots\" content=\"index, follow, max-snippet:-1, max-image-preview:large, max-video-preview:-1\" \/>\n<link rel=\"canonical\" href=\"https:\/\/bbqentertainment.com\/toode\/gmg-rackt-moodulsusteemi-tagalaud-ledge-prime-2-0-grillile\/\" \/>\n<meta property=\"og:locale\" content=\"en_US\" \/>\n<meta property=\"og:type\" content=\"article\" \/>\n<meta property=\"og:title\" content=\"GMG RACKT\u2122 mooduls\u00fcsteemi tagalaud LEDGE Prime 2.0 grillile - BBQ Entertainment\" \/>\n<meta property=\"og:description\" content=\"RACKT\u2122 s\u00fcsteemi p\u00f5himoodul LEDGE Prime 2.0 grillidele, mille k\u00fclge kinnituvad teised sama s\u00fcsteemi riiulid.\" \/>\n<meta property=\"og:url\" content=\"https:\/\/bbqentertainment.com\/toode\/gmg-rackt-moodulsusteemi-tagalaud-ledge-prime-2-0-grillile\/\" \/>\n<meta property=\"og:site_name\" content=\"BBQ Entertainment\" \/>\n<meta property=\"article:publisher\" content=\"https:\/\/www.facebook.com\/BBQ-Entertainment-N-Catering-2437913376443540\" \/>\n<meta property=\"article:modified_time\" content=\"2026-03-02T12:50:12+00:00\" \/>\n<meta property=\"og:image\" content=\"https:\/\/bbqentertainment.com\/wp-content\/uploads\/2020\/03\/Enn-Tobreluts-FOTO-Andres-Tali-1.jpg\" \/>\n\t<meta property=\"og:image:width\" content=\"1200\" \/>\n\t<meta property=\"og:image:height\" content=\"800\" \/>\n\t<meta property=\"og:image:type\" content=\"image\/jpeg\" \/>\n<meta name=\"twitter:card\" content=\"summary_large_image\" \/>\n<script type=\"application\/ld+json\" class=\"yoast-schema-graph\">{\"@context\":\"https:\/\/schema.org\",\"@graph\":[{\"@type\":[\"WebPage\",\"ItemPage\"],\"@id\":\"https:\/\/bbqentertainment.com\/toode\/gmg-rackt-moodulsusteemi-tagalaud-ledge-prime-2-0-grillile\/\",\"url\":\"https:\/\/bbqentertainment.com\/toode\/gmg-rackt-moodulsusteemi-tagalaud-ledge-prime-2-0-grillile\/\",\"name\":\"GMG RACKT\u2122 mooduls\u00fcsteemi tagalaud LEDGE Prime 2.0 grillile - BBQ Entertainment\",\"isPartOf\":{\"@id\":\"https:\/\/bbqentertainment.com\/#website\"},\"primaryImageOfPage\":{\"@id\":\"https:\/\/bbqentertainment.com\/toode\/gmg-rackt-moodulsusteemi-tagalaud-ledge-prime-2-0-grillile\/#primaryimage\"},\"image\":{\"@id\":\"https:\/\/bbqentertainment.com\/toode\/gmg-rackt-moodulsusteemi-tagalaud-ledge-prime-2-0-grillile\/#primaryimage\"},\"thumbnailUrl\":\"https:\/\/bbqentertainment.com\/wp-content\/uploads\/2026\/02\/GMG-Ledge2.0-rackt-tagalaud.png\",\"datePublished\":\"2026-02-26T17:03:18+00:00\",\"dateModified\":\"2026-03-02T12:50:12+00:00\",\"breadcrumb\":{\"@id\":\"https:\/\/bbqentertainment.com\/toode\/gmg-rackt-moodulsusteemi-tagalaud-ledge-prime-2-0-grillile\/#breadcrumb\"},\"inLanguage\":\"en-US\",\"potentialAction\":[{\"@type\":\"ReadAction\",\"target\":[\"https:\/\/bbqentertainment.com\/toode\/gmg-rackt-moodulsusteemi-tagalaud-ledge-prime-2-0-grillile\/\"]}]},{\"@type\":\"ImageObject\",\"inLanguage\":\"en-US\",\"@id\":\"https:\/\/bbqentertainment.com\/toode\/gmg-rackt-moodulsusteemi-tagalaud-ledge-prime-2-0-grillile\/#primaryimage\",\"url\":\"https:\/\/bbqentertainment.com\/wp-content\/uploads\/2026\/02\/GMG-Ledge2.0-rackt-tagalaud.png\",\"contentUrl\":\"https:\/\/bbqentertainment.com\/wp-content\/uploads\/2026\/02\/GMG-Ledge2.0-rackt-tagalaud.png\",\"width\":300,\"height\":300},{\"@type\":\"BreadcrumbList\",\"@id\":\"https:\/\/bbqentertainment.com\/toode\/gmg-rackt-moodulsusteemi-tagalaud-ledge-prime-2-0-grillile\/#breadcrumb\",\"itemListElement\":[{\"@type\":\"ListItem\",\"position\":1,\"name\":\"AVALEHT\",\"item\":\"https:\/\/bbqentertainment.com\/en\/\"},{\"@type\":\"ListItem\",\"position\":2,\"name\":\"Tooted\",\"item\":\"https:\/\/bbqentertainment.com\/tooted\/\"},{\"@type\":\"ListItem\",\"position\":3,\"name\":\"Grillid ja ahjud\",\"item\":\"https:\/\/bbqentertainment.com\/tootekategooria\/grillid-ja-ahjud\/\"},{\"@type\":\"ListItem\",\"position\":4,\"name\":\"GMG\",\"item\":\"https:\/\/bbqentertainment.com\/tootekategooria\/grillid-ja-ahjud\/gmg\/\"},{\"@type\":\"ListItem\",\"position\":5,\"name\":\"GMG RACKT\u2122 mooduls\u00fcsteemi tagalaud LEDGE Prime 2.0 grillile\"}]},{\"@type\":\"WebSite\",\"@id\":\"https:\/\/bbqentertainment.com\/#website\",\"url\":\"https:\/\/bbqentertainment.com\/\",\"name\":\"BBQ Entertainment\",\"description\":\"BBQ is a great lifestyle, not just fun!\",\"publisher\":{\"@id\":\"https:\/\/bbqentertainment.com\/#organization\"},\"potentialAction\":[{\"@type\":\"SearchAction\",\"target\":{\"@type\":\"EntryPoint\",\"urlTemplate\":\"https:\/\/bbqentertainment.com\/?s={search_term_string}\"},\"query-input\":{\"@type\":\"PropertyValueSpecification\",\"valueRequired\":true,\"valueName\":\"search_term_string\"}}],\"inLanguage\":\"en-US\"},{\"@type\":\"Organization\",\"@id\":\"https:\/\/bbqentertainment.com\/#organization\",\"name\":\"BBQ Entertainment O\u00dc\",\"url\":\"https:\/\/bbqentertainment.com\/\",\"logo\":{\"@type\":\"ImageObject\",\"inLanguage\":\"en-US\",\"@id\":\"https:\/\/bbqentertainment.com\/#\/schema\/logo\/image\/\",\"url\":\"https:\/\/bbqentertainment.com\/wp-content\/uploads\/2020\/04\/BBQ-Entertainment-N-Catering-Enn-Tobreluts-Logo.png\",\"contentUrl\":\"https:\/\/bbqentertainment.com\/wp-content\/uploads\/2020\/04\/BBQ-Entertainment-N-Catering-Enn-Tobreluts-Logo.png\",\"width\":628,\"height\":266,\"caption\":\"BBQ Entertainment O\u00dc\"},\"image\":{\"@id\":\"https:\/\/bbqentertainment.com\/#\/schema\/logo\/image\/\"},\"sameAs\":[\"https:\/\/www.facebook.com\/BBQ-Entertainment-N-Catering-2437913376443540\",\"https:\/\/www.instagram.com\/bbqentertainmentncatering\/\",\"https:\/\/www.youtube.com\/channel\/UCmpuANQVhLy2Md8nrenp2jA\"]}]}<\/script>\n<!-- \/ Yoast SEO plugin. -->","yoast_head_json":{"title":"GMG RACKT\u2122 mooduls\u00fcsteemi tagalaud LEDGE Prime 2.0 grillile - BBQ Entertainment","robots":{"index":"index","follow":"follow","max-snippet":"max-snippet:-1","max-image-preview":"max-image-preview:large","max-video-preview":"max-video-preview:-1"},"canonical":"https:\/\/bbqentertainment.com\/toode\/gmg-rackt-moodulsusteemi-tagalaud-ledge-prime-2-0-grillile\/","og_locale":"en_US","og_type":"article","og_title":"GMG RACKT\u2122 mooduls\u00fcsteemi tagalaud LEDGE Prime 2.0 grillile - BBQ Entertainment","og_description":"RACKT\u2122 s\u00fcsteemi p\u00f5himoodul LEDGE Prime 2.0 grillidele, mille k\u00fclge kinnituvad teised sama s\u00fcsteemi riiulid.","og_url":"https:\/\/bbqentertainment.com\/toode\/gmg-rackt-moodulsusteemi-tagalaud-ledge-prime-2-0-grillile\/","og_site_name":"BBQ Entertainment","article_publisher":"https:\/\/www.facebook.com\/BBQ-Entertainment-N-Catering-2437913376443540","article_modified_time":"2026-03-02T12:50:12+00:00","og_image":[{"width":1200,"height":800,"url":"https:\/\/bbqentertainment.com\/wp-content\/uploads\/2020\/03\/Enn-Tobreluts-FOTO-Andres-Tali-1.jpg","type":"image\/jpeg"}],"twitter_card":"summary_large_image","schema":{"@context":"https:\/\/schema.org","@graph":[{"@type":["WebPage","ItemPage"],"@id":"https:\/\/bbqentertainment.com\/toode\/gmg-rackt-moodulsusteemi-tagalaud-ledge-prime-2-0-grillile\/","url":"https:\/\/bbqentertainment.com\/toode\/gmg-rackt-moodulsusteemi-tagalaud-ledge-prime-2-0-grillile\/","name":"GMG RACKT\u2122 mooduls\u00fcsteemi tagalaud LEDGE Prime 2.0 grillile - BBQ Entertainment","isPartOf":{"@id":"https:\/\/bbqentertainment.com\/#website"},"primaryImageOfPage":{"@id":"https:\/\/bbqentertainment.com\/toode\/gmg-rackt-moodulsusteemi-tagalaud-ledge-prime-2-0-grillile\/#primaryimage"},"image":{"@id":"https:\/\/bbqentertainment.com\/toode\/gmg-rackt-moodulsusteemi-tagalaud-ledge-prime-2-0-grillile\/#primaryimage"},"thumbnailUrl":"https:\/\/bbqentertainment.com\/wp-content\/uploads\/2026\/02\/GMG-Ledge2.0-rackt-tagalaud.png","datePublished":"2026-02-26T17:03:18+00:00","dateModified":"2026-03-02T12:50:12+00:00","breadcrumb":{"@id":"https:\/\/bbqentertainment.com\/toode\/gmg-rackt-moodulsusteemi-tagalaud-ledge-prime-2-0-grillile\/#breadcrumb"},"inLanguage":"en-US","potentialAction":[{"@type":"ReadAction","target":["https:\/\/bbqentertainment.com\/toode\/gmg-rackt-moodulsusteemi-tagalaud-ledge-prime-2-0-grillile\/"]}]},{"@type":"ImageObject","inLanguage":"en-US","@id":"https:\/\/bbqentertainment.com\/toode\/gmg-rackt-moodulsusteemi-tagalaud-ledge-prime-2-0-grillile\/#primaryimage","url":"https:\/\/bbqentertainment.com\/wp-content\/uploads\/2026\/02\/GMG-Ledge2.0-rackt-tagalaud.png","contentUrl":"https:\/\/bbqentertainment.com\/wp-content\/uploads\/2026\/02\/GMG-Ledge2.0-rackt-tagalaud.png","width":300,"height":300},{"@type":"BreadcrumbList","@id":"https:\/\/bbqentertainment.com\/toode\/gmg-rackt-moodulsusteemi-tagalaud-ledge-prime-2-0-grillile\/#breadcrumb","itemListElement":[{"@type":"ListItem","position":1,"name":"AVALEHT","item":"https:\/\/bbqentertainment.com\/en\/"},{"@type":"ListItem","position":2,"name":"Tooted","item":"https:\/\/bbqentertainment.com\/tooted\/"},{"@type":"ListItem","position":3,"name":"Grillid ja ahjud","item":"https:\/\/bbqentertainment.com\/tootekategooria\/grillid-ja-ahjud\/"},{"@type":"ListItem","position":4,"name":"GMG","item":"https:\/\/bbqentertainment.com\/tootekategooria\/grillid-ja-ahjud\/gmg\/"},{"@type":"ListItem","position":5,"name":"GMG RACKT\u2122 mooduls\u00fcsteemi tagalaud LEDGE Prime 2.0 grillile"}]},{"@type":"WebSite","@id":"https:\/\/bbqentertainment.com\/#website","url":"https:\/\/bbqentertainment.com\/","name":"BBQ Entertainment","description":"BBQ is a great lifestyle, not just fun!","publisher":{"@id":"https:\/\/bbqentertainment.com\/#organization"},"potentialAction":[{"@type":"SearchAction","target":{"@type":"EntryPoint","urlTemplate":"https:\/\/bbqentertainment.com\/?s={search_term_string}"},"query-input":{"@type":"PropertyValueSpecification","valueRequired":true,"valueName":"search_term_string"}}],"inLanguage":"en-US"},{"@type":"Organization","@id":"https:\/\/bbqentertainment.com\/#organization","name":"BBQ Entertainment O\u00dc","url":"https:\/\/bbqentertainment.com\/","logo":{"@type":"ImageObject","inLanguage":"en-US","@id":"https:\/\/bbqentertainment.com\/#\/schema\/logo\/image\/","url":"https:\/\/bbqentertainment.com\/wp-content\/uploads\/2020\/04\/BBQ-Entertainment-N-Catering-Enn-Tobreluts-Logo.png","contentUrl":"https:\/\/bbqentertainment.com\/wp-content\/uploads\/2020\/04\/BBQ-Entertainment-N-Catering-Enn-Tobreluts-Logo.png","width":628,"height":266,"caption":"BBQ Entertainment O\u00dc"},"image":{"@id":"https:\/\/bbqentertainment.com\/#\/schema\/logo\/image\/"},"sameAs":["https:\/\/www.facebook.com\/BBQ-Entertainment-N-Catering-2437913376443540","https:\/\/www.instagram.com\/bbqentertainmentncatering\/","https:\/\/www.youtube.com\/channel\/UCmpuANQVhLy2Md8nrenp2jA"]}]}},"_links":{"self":[{"href":"https:\/\/bbqentertainment.com\/en\/wp-json\/wp\/v2\/product\/257494","targetHints":{"allow":["GET"]}}],"collection":[{"href":"https:\/\/bbqentertainment.com\/en\/wp-json\/wp\/v2\/product"}],"about":[{"href":"https:\/\/bbqentertainment.com\/en\/wp-json\/wp\/v2\/types\/product"}],"wp:featuredmedia":[{"embeddable":true,"href":"https:\/\/bbqentertainment.com\/en\/wp-json\/wp\/v2\/media\/257537"}],"wp:attachment":[{"href":"https:\/\/bbqentertainment.com\/en\/wp-json\/wp\/v2\/media?parent=257494"}],"wp:term":[{"taxonomy":"product_brand","embeddable":true,"href":"https:\/\/bbqentertainment.com\/en\/wp-json\/wp\/v2\/product_brand?post=257494"},{"taxonomy":"product_cat","embeddable":true,"href":"https:\/\/bbqentertainment.com\/en\/wp-json\/wp\/v2\/product_cat?post=257494"},{"taxonomy":"product_tag","embeddable":true,"href":"https:\/\/bbqentertainment.com\/en\/wp-json\/wp\/v2\/product_tag?post=257494"}],"curies":[{"name":"wp","href":"https:\/\/api.w.org\/{rel}","templated":true}]}}