{"id":257495,"date":"2026-02-26T19:03:25","date_gmt":"2026-02-26T17:03:25","guid":{"rendered":"https:\/\/bbqentertainment.com\/?post_type=product&#038;p=257495"},"modified":"2026-03-07T21:12:56","modified_gmt":"2026-03-07T19:12:56","slug":"gmg-ledge-prime2-0-wifi-automaatjuhitav-12-220v-pelletgrill-sideburnpliidimooduliga","status":"publish","type":"product","link":"https:\/\/bbqentertainment.com\/en\/toode\/gmg-ledge-prime2-0-wifi-automaatjuhitav-12-220v-pelletgrill-sideburnpliidimooduliga\/","title":{"rendered":"GMG LEDGE Prime\u21222.0 WiFi, automaatjuhitav 12\/220V pelletgrill \/ SideBURN\u2122pliidimooduliga"},"content":{"rendered":"<p><img loading=\"lazy\" decoding=\"async\" class=\"alignleft size-full wp-image-11387\" src=\"https:\/\/grilliguru.ee\/wp-content\/uploads\/2024\/08\/GMG-Ledge-sideburner-pelletgrill.png\" alt=\"\" width=\"300\" height=\"300\" \/>GMG LEDGE PRIME\u21222.0 l\u00e4bi WiFi\u00a0 juhitav, kahte voolupinget kasutav (220V ja12V) unikaalne pelletgrill. Saad \u00fchendada kas otse vooluv\u00f5rku, vajadusel ka auto sigaris\u00fc\u00fctajasse v\u00f5i akupanka.<\/p>\n<p>Grilli on integreeritud l\u00e4bi wifi v\u00f5rgu juhitav digitaaldisplei grilli funtsioonide juhtimiseks. Paari minutiga on grill k\u00fcpsetusvalmis. Lisatud on Sense-Mate temperatuuriandur, mis j\u00e4lgib ka \u00fcmbritsevat temperatuuri \u2013 kui ilm on k\u00fclmem aktiveerub vastav andur ja seab grilli automaatselt turbore\u017eiimi, t\u00e4nu millele kuumeneb grill kiiremini. K\u00f5rge k\u00fcpsetuskamber v\u00f5imaldab nii kana, kalkunit, kui ribisid p\u00fcsti k\u00fcpsetada. Pellet annab alati kerge suitsumaitse, samas grillimise kiirus ei j\u00e4\u00e4 suurt alla gaasigillile. Unikaalne ventilaatoris\u00fcsteem tekitab k\u00fcttekoldesse \u00fcler\u00f5hu, t\u00e4nu millele on v\u00e4listatud pelletite tagasip\u00f5lemine l\u00e4bi spiraalajami. Suur roostevaba, kaheosaline grillpind, v\u00f5imaldab grillida erinevaid toudugruppe \u00fchekorraga. Kaasasoleva sondiga saad j\u00e4lgida jooksvalt grillitava toote sisetemperatuuri.\u00a0 Toekas, kummiratastega\u00a0 alusraam v\u00f5imaldab ahju lihtsalt liigutada.<\/p>\n<p>\u00dclilihtne hooldus \u2013 kogu allatilkuv rasv korjatakse kalduoleva alusplaadiga kokku ja juhitakse grilli k\u00fcljes rippuvasse rasvakogumise topsi. P\u00f5letitele rasva tilkumine on v\u00e4listatud. V\u00e4hem rasvap\u00f5lemist t\u00e4hendab aga tervislikumat toitu.<\/p>\n<p>\u2013 Valtud temperatuuri automaatne j\u00e4lgimine ja hoidmine. Vahemik 65-260C<br \/>\n\u2013 T\u00f6\u00f6kindel tiguajam pelletite automaatseks etteandmiseks.<br \/>\n\u2013 Voolupinge 12V, mis v\u00f5imaldab grilli toita akupanga, v\u00f5i v\u00e4iksema p\u00e4iksepaneeliga.<br \/>\n\u2013 Saab \u00fchendada otse ka tavapistikusse 220V<br \/>\n\u2013 Voolutarve: esimene kolm minutit 100W, \u00fclej\u00e4\u00e4nud grillimise ajal 16,6W<br \/>\n\u2013 Selge ja arusaadav juhtpult, millelt n\u00e4eb grilli hetketemperetuuri ja nupule vajutades liha sisetemperatuuri.<br \/>\n\u2013 Komplektis sisetemperatuuri j\u00e4lgimiseks kaks sondi<br \/>\n\u2013 USB port<br \/>\n\u2013 RACKT\u2122 kohaldatav riiulite s\u00fcsteem, mis v\u00f5imaldab \u00fclemisi lisariiuleid lisada ja \u00e4ra v\u00f5tta vastavalt vajadusele. Saadaval riiulrest, ribialus, v\u00f5i roostevaba r\u00f6stialus (lisavarustus)<br \/>\n\u2013 Keskelt pooleks k\u00e4iv rest<br \/>\n\u2013 Konksudega k\u00fcljelaud tarvikute paigutamiseks\/riputamiseks<br \/>\n\u2013 Spetsiaalne v\u00e4lisklapiga kanal k\u00fcttekolde puhastamiseks tuhaimiriga nii, et grillist ei pea \u00fchtegi plaati v\u00e4lja v\u00f5tma.<br \/>\n\u2013 Pelletianuma tagak\u00fcljel luuk pelletite v\u00e4ljalaskmiseks<br \/>\n\u2013 Aken pelletianumal pelletite nivoo j\u00e4lgimiseks<br \/>\n\u2013 Aken kaanes toidu valmimise visuaalseks vaatluseks<br \/>\n\u2013 K\u00fcpsetuskambri valgustus \u00f5isel ajal grillimiseks<br \/>\n\u2013 P\u00f6\u00f6rdvarda paigaldamise valmidus, vardas\u00fcsteemi m\u00fc\u00fcakse lisavarustusena<br \/>\n\u2013 K\u00fcpsetuspind\u00a0 2955cm\u00b2<br \/>\n\u2013 Grilli k\u00fcttekolde siseosa vabak\u00f5rgus 34cm<br \/>\n-Grilli k\u00f5rgus 134cm, laius 134cm, s\u00fcgavus 86cm<br \/>\n\u2013 Kaal 80kg<br \/>\n\u2013 Pelletipunker mahutab 9kg pelletit<br \/>\n\u2013 Grillil on 3-aastane garantii<\/p>\n<p>GMG SideBURN\u2122 k\u00f5rge kuumusega k\u00fcpsetusalaga k\u00fcljepliit laiendab oluliselt teie kulinaarseid v\u00f5imalusi.<br \/>\nLisades selle uuendusliku lisapliidi traditsioonilisele pelletigrillile saab pakkuda intensiivset kuumust t\u00e4iuslikuks praadimiseks. Elektriline infrapunatehnoloogia vahemikus 300 W kuni 2300 W, Peenh\u00e4\u00e4lestusnuppudega GMG SideBURN\u2122 tagab iga kord t\u00e4pse toiduvalmistamise.<\/p>\n<p>Funktsioonid<br \/>\nT\u00e4iendab teie GMG pelletigrilli erakordse r\u00f6stimisv\u00f5imekusega<br \/>\nKasutab suure v\u00f5imsusega elektrilist infrapunatehnoloogiat, mille intensiivsus on reguleeritav<br \/>\nTagab kiire kuumutamise maksimaalse kiirgussoojuse ja kiiruse k\u00fcpsetamisel<br \/>\nSobib h\u00f5lpsaks integreerimiseks sujuvalt k\u00f5igi GMG Ledge &amp; Peak PRIME\/PRIME\u2122 2.0 mudelitega<br \/>\nValmistatud vastupidavatest ja ohututest materjalidest (s\u00fcsinikkiust ja kvartsist k\u00fcttespiraalidega)<br \/>\nT\u00e4iendava ohutuse tagamiseks varustatud kaitsva kuumakindla v\u00f5rguga<br \/>\n<iframe loading=\"lazy\" title=\"Introducing GMG&#039;s Prime 2.0\" width=\"1020\" height=\"574\" src=\"https:\/\/www.youtube.com\/embed\/Vlw35sNk08U?feature=oembed\" frameborder=\"0\" allow=\"accelerometer; autoplay; clipboard-write; encrypted-media; gyroscope; picture-in-picture; web-share\" referrerpolicy=\"strict-origin-when-cross-origin\" allowfullscreen><\/iframe><\/p>\n","protected":false},"excerpt":{"rendered":"<p>GMG LEDGE Prime\u21222.0 WiFi, automaatjuhitav 12\/220V pelletgrill millele on lisatud GMG SideBURN\u2122pliidimoodul. \u00c4piga juhitav, erinevate voolupingete ja muudetava riiulis\u00fcsteemiga unikaalne pelletgrill k\u00fcljelauas asuva infrapunapliidiga t\u00f5elistele gurmaanidele.<\/p>\n","protected":false},"featured_media":257549,"template":"","meta":{"inline_featured_image":false},"product_brand":[],"product_cat":[707],"product_tag":[],"class_list":{"0":"post-257495","1":"product","2":"type-product","3":"status-publish","4":"has-post-thumbnail","6":"product_cat-gmg","8":"first","9":"instock","10":"taxable","11":"shipping-taxable","12":"purchasable","13":"product-type-simple"},"yoast_head":"<!-- This site is optimized with the Yoast SEO plugin v27.2 - https:\/\/yoast.com\/product\/yoast-seo-wordpress\/ -->\n<title>GMG LEDGE Prime\u21222.0 WiFi, automaatjuhitav 12\/220V pelletgrill \/ SideBURN\u2122pliidimooduliga - BBQ Entertainment<\/title>\n<meta name=\"robots\" content=\"index, follow, max-snippet:-1, max-image-preview:large, max-video-preview:-1\" \/>\n<link rel=\"canonical\" href=\"https:\/\/bbqentertainment.com\/toode\/gmg-ledge-prime2-0-wifi-automaatjuhitav-12-220v-pelletgrill-sideburnpliidimooduliga\/\" \/>\n<meta property=\"og:locale\" content=\"en_US\" \/>\n<meta property=\"og:type\" content=\"article\" \/>\n<meta property=\"og:title\" content=\"GMG LEDGE Prime\u21222.0 WiFi, automaatjuhitav 12\/220V pelletgrill \/ SideBURN\u2122pliidimooduliga - BBQ Entertainment\" \/>\n<meta property=\"og:description\" content=\"GMG LEDGE Prime\u21222.0 WiFi, automaatjuhitav 12\/220V pelletgrill millele on lisatud GMG SideBURN\u2122pliidimoodul. \u00c4piga juhitav, erinevate voolupingete ja muudetava riiulis\u00fcsteemiga unikaalne pelletgrill k\u00fcljelauas asuva infrapunapliidiga t\u00f5elistele gurmaanidele.\" \/>\n<meta property=\"og:url\" content=\"https:\/\/bbqentertainment.com\/toode\/gmg-ledge-prime2-0-wifi-automaatjuhitav-12-220v-pelletgrill-sideburnpliidimooduliga\/\" \/>\n<meta property=\"og:site_name\" content=\"BBQ Entertainment\" \/>\n<meta property=\"article:publisher\" content=\"https:\/\/www.facebook.com\/BBQ-Entertainment-N-Catering-2437913376443540\" \/>\n<meta property=\"article:modified_time\" content=\"2026-03-07T19:12:56+00:00\" \/>\n<meta property=\"og:image\" content=\"https:\/\/bbqentertainment.com\/wp-content\/uploads\/2026\/02\/GMG-sideburner-pelletgrill.png\" \/>\n\t<meta property=\"og:image:width\" content=\"300\" \/>\n\t<meta property=\"og:image:height\" content=\"300\" \/>\n\t<meta property=\"og:image:type\" content=\"image\/png\" \/>\n<meta name=\"twitter:card\" content=\"summary_large_image\" \/>\n<meta name=\"twitter:label1\" content=\"Est. reading time\" \/>\n\t<meta name=\"twitter:data1\" content=\"3 minutes\" \/>\n<script type=\"application\/ld+json\" class=\"yoast-schema-graph\">{\"@context\":\"https:\/\/schema.org\",\"@graph\":[{\"@type\":[\"WebPage\",\"ItemPage\"],\"@id\":\"https:\/\/bbqentertainment.com\/toode\/gmg-ledge-prime2-0-wifi-automaatjuhitav-12-220v-pelletgrill-sideburnpliidimooduliga\/\",\"url\":\"https:\/\/bbqentertainment.com\/toode\/gmg-ledge-prime2-0-wifi-automaatjuhitav-12-220v-pelletgrill-sideburnpliidimooduliga\/\",\"name\":\"GMG LEDGE Prime\u21222.0 WiFi, automaatjuhitav 12\/220V pelletgrill \/ SideBURN\u2122pliidimooduliga - BBQ Entertainment\",\"isPartOf\":{\"@id\":\"https:\/\/bbqentertainment.com\/#website\"},\"primaryImageOfPage\":{\"@id\":\"https:\/\/bbqentertainment.com\/toode\/gmg-ledge-prime2-0-wifi-automaatjuhitav-12-220v-pelletgrill-sideburnpliidimooduliga\/#primaryimage\"},\"image\":{\"@id\":\"https:\/\/bbqentertainment.com\/toode\/gmg-ledge-prime2-0-wifi-automaatjuhitav-12-220v-pelletgrill-sideburnpliidimooduliga\/#primaryimage\"},\"thumbnailUrl\":\"https:\/\/bbqentertainment.com\/wp-content\/uploads\/2026\/02\/GMG-sideburner-pelletgrill.png\",\"datePublished\":\"2026-02-26T17:03:25+00:00\",\"dateModified\":\"2026-03-07T19:12:56+00:00\",\"breadcrumb\":{\"@id\":\"https:\/\/bbqentertainment.com\/toode\/gmg-ledge-prime2-0-wifi-automaatjuhitav-12-220v-pelletgrill-sideburnpliidimooduliga\/#breadcrumb\"},\"inLanguage\":\"en-US\",\"potentialAction\":[{\"@type\":\"ReadAction\",\"target\":[\"https:\/\/bbqentertainment.com\/toode\/gmg-ledge-prime2-0-wifi-automaatjuhitav-12-220v-pelletgrill-sideburnpliidimooduliga\/\"]}]},{\"@type\":\"ImageObject\",\"inLanguage\":\"en-US\",\"@id\":\"https:\/\/bbqentertainment.com\/toode\/gmg-ledge-prime2-0-wifi-automaatjuhitav-12-220v-pelletgrill-sideburnpliidimooduliga\/#primaryimage\",\"url\":\"https:\/\/bbqentertainment.com\/wp-content\/uploads\/2026\/02\/GMG-sideburner-pelletgrill.png\",\"contentUrl\":\"https:\/\/bbqentertainment.com\/wp-content\/uploads\/2026\/02\/GMG-sideburner-pelletgrill.png\",\"width\":300,\"height\":300},{\"@type\":\"BreadcrumbList\",\"@id\":\"https:\/\/bbqentertainment.com\/toode\/gmg-ledge-prime2-0-wifi-automaatjuhitav-12-220v-pelletgrill-sideburnpliidimooduliga\/#breadcrumb\",\"itemListElement\":[{\"@type\":\"ListItem\",\"position\":1,\"name\":\"AVALEHT\",\"item\":\"https:\/\/bbqentertainment.com\/en\/\"},{\"@type\":\"ListItem\",\"position\":2,\"name\":\"Tooted\",\"item\":\"https:\/\/bbqentertainment.com\/tooted\/\"},{\"@type\":\"ListItem\",\"position\":3,\"name\":\"Grillid ja ahjud\",\"item\":\"https:\/\/bbqentertainment.com\/tootekategooria\/grillid-ja-ahjud\/\"},{\"@type\":\"ListItem\",\"position\":4,\"name\":\"GMG\",\"item\":\"https:\/\/bbqentertainment.com\/tootekategooria\/grillid-ja-ahjud\/gmg\/\"},{\"@type\":\"ListItem\",\"position\":5,\"name\":\"GMG LEDGE Prime\u21222.0 WiFi, automaatjuhitav 12\/220V pelletgrill \/ SideBURN\u2122pliidimooduliga\"}]},{\"@type\":\"WebSite\",\"@id\":\"https:\/\/bbqentertainment.com\/#website\",\"url\":\"https:\/\/bbqentertainment.com\/\",\"name\":\"BBQ Entertainment\",\"description\":\"BBQ is a great lifestyle, not just fun!\",\"publisher\":{\"@id\":\"https:\/\/bbqentertainment.com\/#organization\"},\"potentialAction\":[{\"@type\":\"SearchAction\",\"target\":{\"@type\":\"EntryPoint\",\"urlTemplate\":\"https:\/\/bbqentertainment.com\/?s={search_term_string}\"},\"query-input\":{\"@type\":\"PropertyValueSpecification\",\"valueRequired\":true,\"valueName\":\"search_term_string\"}}],\"inLanguage\":\"en-US\"},{\"@type\":\"Organization\",\"@id\":\"https:\/\/bbqentertainment.com\/#organization\",\"name\":\"BBQ Entertainment O\u00dc\",\"url\":\"https:\/\/bbqentertainment.com\/\",\"logo\":{\"@type\":\"ImageObject\",\"inLanguage\":\"en-US\",\"@id\":\"https:\/\/bbqentertainment.com\/#\/schema\/logo\/image\/\",\"url\":\"https:\/\/bbqentertainment.com\/wp-content\/uploads\/2020\/04\/BBQ-Entertainment-N-Catering-Enn-Tobreluts-Logo.png\",\"contentUrl\":\"https:\/\/bbqentertainment.com\/wp-content\/uploads\/2020\/04\/BBQ-Entertainment-N-Catering-Enn-Tobreluts-Logo.png\",\"width\":628,\"height\":266,\"caption\":\"BBQ Entertainment O\u00dc\"},\"image\":{\"@id\":\"https:\/\/bbqentertainment.com\/#\/schema\/logo\/image\/\"},\"sameAs\":[\"https:\/\/www.facebook.com\/BBQ-Entertainment-N-Catering-2437913376443540\",\"https:\/\/www.instagram.com\/bbqentertainmentncatering\/\",\"https:\/\/www.youtube.com\/channel\/UCmpuANQVhLy2Md8nrenp2jA\"]}]}<\/script>\n<!-- \/ Yoast SEO plugin. -->","yoast_head_json":{"title":"GMG LEDGE Prime\u21222.0 WiFi, automaatjuhitav 12\/220V pelletgrill \/ SideBURN\u2122pliidimooduliga - BBQ Entertainment","robots":{"index":"index","follow":"follow","max-snippet":"max-snippet:-1","max-image-preview":"max-image-preview:large","max-video-preview":"max-video-preview:-1"},"canonical":"https:\/\/bbqentertainment.com\/toode\/gmg-ledge-prime2-0-wifi-automaatjuhitav-12-220v-pelletgrill-sideburnpliidimooduliga\/","og_locale":"en_US","og_type":"article","og_title":"GMG LEDGE Prime\u21222.0 WiFi, automaatjuhitav 12\/220V pelletgrill \/ SideBURN\u2122pliidimooduliga - BBQ Entertainment","og_description":"GMG LEDGE Prime\u21222.0 WiFi, automaatjuhitav 12\/220V pelletgrill millele on lisatud GMG SideBURN\u2122pliidimoodul. \u00c4piga juhitav, erinevate voolupingete ja muudetava riiulis\u00fcsteemiga unikaalne pelletgrill k\u00fcljelauas asuva infrapunapliidiga t\u00f5elistele gurmaanidele.","og_url":"https:\/\/bbqentertainment.com\/toode\/gmg-ledge-prime2-0-wifi-automaatjuhitav-12-220v-pelletgrill-sideburnpliidimooduliga\/","og_site_name":"BBQ Entertainment","article_publisher":"https:\/\/www.facebook.com\/BBQ-Entertainment-N-Catering-2437913376443540","article_modified_time":"2026-03-07T19:12:56+00:00","og_image":[{"width":300,"height":300,"url":"https:\/\/bbqentertainment.com\/wp-content\/uploads\/2026\/02\/GMG-sideburner-pelletgrill.png","type":"image\/png"}],"twitter_card":"summary_large_image","twitter_misc":{"Est. reading time":"3 minutes"},"schema":{"@context":"https:\/\/schema.org","@graph":[{"@type":["WebPage","ItemPage"],"@id":"https:\/\/bbqentertainment.com\/toode\/gmg-ledge-prime2-0-wifi-automaatjuhitav-12-220v-pelletgrill-sideburnpliidimooduliga\/","url":"https:\/\/bbqentertainment.com\/toode\/gmg-ledge-prime2-0-wifi-automaatjuhitav-12-220v-pelletgrill-sideburnpliidimooduliga\/","name":"GMG LEDGE Prime\u21222.0 WiFi, automaatjuhitav 12\/220V pelletgrill \/ SideBURN\u2122pliidimooduliga - BBQ Entertainment","isPartOf":{"@id":"https:\/\/bbqentertainment.com\/#website"},"primaryImageOfPage":{"@id":"https:\/\/bbqentertainment.com\/toode\/gmg-ledge-prime2-0-wifi-automaatjuhitav-12-220v-pelletgrill-sideburnpliidimooduliga\/#primaryimage"},"image":{"@id":"https:\/\/bbqentertainment.com\/toode\/gmg-ledge-prime2-0-wifi-automaatjuhitav-12-220v-pelletgrill-sideburnpliidimooduliga\/#primaryimage"},"thumbnailUrl":"https:\/\/bbqentertainment.com\/wp-content\/uploads\/2026\/02\/GMG-sideburner-pelletgrill.png","datePublished":"2026-02-26T17:03:25+00:00","dateModified":"2026-03-07T19:12:56+00:00","breadcrumb":{"@id":"https:\/\/bbqentertainment.com\/toode\/gmg-ledge-prime2-0-wifi-automaatjuhitav-12-220v-pelletgrill-sideburnpliidimooduliga\/#breadcrumb"},"inLanguage":"en-US","potentialAction":[{"@type":"ReadAction","target":["https:\/\/bbqentertainment.com\/toode\/gmg-ledge-prime2-0-wifi-automaatjuhitav-12-220v-pelletgrill-sideburnpliidimooduliga\/"]}]},{"@type":"ImageObject","inLanguage":"en-US","@id":"https:\/\/bbqentertainment.com\/toode\/gmg-ledge-prime2-0-wifi-automaatjuhitav-12-220v-pelletgrill-sideburnpliidimooduliga\/#primaryimage","url":"https:\/\/bbqentertainment.com\/wp-content\/uploads\/2026\/02\/GMG-sideburner-pelletgrill.png","contentUrl":"https:\/\/bbqentertainment.com\/wp-content\/uploads\/2026\/02\/GMG-sideburner-pelletgrill.png","width":300,"height":300},{"@type":"BreadcrumbList","@id":"https:\/\/bbqentertainment.com\/toode\/gmg-ledge-prime2-0-wifi-automaatjuhitav-12-220v-pelletgrill-sideburnpliidimooduliga\/#breadcrumb","itemListElement":[{"@type":"ListItem","position":1,"name":"AVALEHT","item":"https:\/\/bbqentertainment.com\/en\/"},{"@type":"ListItem","position":2,"name":"Tooted","item":"https:\/\/bbqentertainment.com\/tooted\/"},{"@type":"ListItem","position":3,"name":"Grillid ja ahjud","item":"https:\/\/bbqentertainment.com\/tootekategooria\/grillid-ja-ahjud\/"},{"@type":"ListItem","position":4,"name":"GMG","item":"https:\/\/bbqentertainment.com\/tootekategooria\/grillid-ja-ahjud\/gmg\/"},{"@type":"ListItem","position":5,"name":"GMG LEDGE Prime\u21222.0 WiFi, automaatjuhitav 12\/220V pelletgrill \/ SideBURN\u2122pliidimooduliga"}]},{"@type":"WebSite","@id":"https:\/\/bbqentertainment.com\/#website","url":"https:\/\/bbqentertainment.com\/","name":"BBQ Entertainment","description":"BBQ is a great lifestyle, not just fun!","publisher":{"@id":"https:\/\/bbqentertainment.com\/#organization"},"potentialAction":[{"@type":"SearchAction","target":{"@type":"EntryPoint","urlTemplate":"https:\/\/bbqentertainment.com\/?s={search_term_string}"},"query-input":{"@type":"PropertyValueSpecification","valueRequired":true,"valueName":"search_term_string"}}],"inLanguage":"en-US"},{"@type":"Organization","@id":"https:\/\/bbqentertainment.com\/#organization","name":"BBQ Entertainment O\u00dc","url":"https:\/\/bbqentertainment.com\/","logo":{"@type":"ImageObject","inLanguage":"en-US","@id":"https:\/\/bbqentertainment.com\/#\/schema\/logo\/image\/","url":"https:\/\/bbqentertainment.com\/wp-content\/uploads\/2020\/04\/BBQ-Entertainment-N-Catering-Enn-Tobreluts-Logo.png","contentUrl":"https:\/\/bbqentertainment.com\/wp-content\/uploads\/2020\/04\/BBQ-Entertainment-N-Catering-Enn-Tobreluts-Logo.png","width":628,"height":266,"caption":"BBQ Entertainment O\u00dc"},"image":{"@id":"https:\/\/bbqentertainment.com\/#\/schema\/logo\/image\/"},"sameAs":["https:\/\/www.facebook.com\/BBQ-Entertainment-N-Catering-2437913376443540","https:\/\/www.instagram.com\/bbqentertainmentncatering\/","https:\/\/www.youtube.com\/channel\/UCmpuANQVhLy2Md8nrenp2jA"]}]}},"_links":{"self":[{"href":"https:\/\/bbqentertainment.com\/en\/wp-json\/wp\/v2\/product\/257495","targetHints":{"allow":["GET"]}}],"collection":[{"href":"https:\/\/bbqentertainment.com\/en\/wp-json\/wp\/v2\/product"}],"about":[{"href":"https:\/\/bbqentertainment.com\/en\/wp-json\/wp\/v2\/types\/product"}],"wp:featuredmedia":[{"embeddable":true,"href":"https:\/\/bbqentertainment.com\/en\/wp-json\/wp\/v2\/media\/257549"}],"wp:attachment":[{"href":"https:\/\/bbqentertainment.com\/en\/wp-json\/wp\/v2\/media?parent=257495"}],"wp:term":[{"taxonomy":"product_brand","embeddable":true,"href":"https:\/\/bbqentertainment.com\/en\/wp-json\/wp\/v2\/product_brand?post=257495"},{"taxonomy":"product_cat","embeddable":true,"href":"https:\/\/bbqentertainment.com\/en\/wp-json\/wp\/v2\/product_cat?post=257495"},{"taxonomy":"product_tag","embeddable":true,"href":"https:\/\/bbqentertainment.com\/en\/wp-json\/wp\/v2\/product_tag?post=257495"}],"curies":[{"name":"wp","href":"https:\/\/api.w.org\/{rel}","templated":true}]}}