{"id":257500,"date":"2026-02-26T19:03:26","date_gmt":"2026-02-26T17:03:26","guid":{"rendered":"https:\/\/bbqentertainment.com\/?post_type=product&#038;p=257500"},"modified":"2026-03-02T14:50:12","modified_gmt":"2026-03-02T12:50:12","slug":"gmg-sideburn-infrapunatehnoloogiaga-pliidimoodul","status":"publish","type":"product","link":"https:\/\/bbqentertainment.com\/en\/toode\/gmg-sideburn-infrapunatehnoloogiaga-pliidimoodul\/","title":{"rendered":"GMG SideBURN\u2122 infrapunatehnoloogiaga pliidimoodul"},"content":{"rendered":"<p><img loading=\"lazy\" decoding=\"async\" class=\"alignleft size-full wp-image-11386\" src=\"https:\/\/grilliguru.ee\/wp-content\/uploads\/2024\/08\/GMG-sideburner-pelletgrill.png\" alt=\"\" width=\"300\" height=\"300\" \/>GMG SideBURN\u2122 infrapunatehnoloogiaga k\u00f5rge kuumusega lihtsalt kohandatav k\u00fcljepliit. Uute Ledge ja Peak Prime 2.0 grillidele parim v\u00f5imalik lisatarvik. Pliiti saab h\u00f5lpsasti libistada tavalise k\u00fclgriiuli asemele.<\/p>\n<p>Suure v\u00f5imsusega reguleeritav, elektriga infrapunatehnoloogia, mis tagab maksimaalse kiirgussoojuse koos kiire s\u00fc\u00fctamisega. Kiire kuumenemise tagavad vastupidavad ja ohutud s\u00fcsinikkiust kvartsk\u00fcttespiraalid, mis on kaitstud klaasiga ja klaas on omakorda kaitstud kuumakindla v\u00f5rguga v\u00e4ltimaks purunemist ootamatutel l\u00f6\u00f6kidel.<\/p>\n<p>Ideaalne seade nii tavap\u00e4raseks k\u00fcpsetuseks, kui liha &#8220;ehmatamiseks&#8221;.<\/p>\n<p>Voolupinge: 220V \/ 50Hz<br \/>\nReguleeritav v\u00f5imsus: 300 kuni 1400W<br \/>\nSobivus: GMG Ledge ja Peak Prime 2.0 pelletgrillid<\/p>\n<p>Juurdep\u00e4\u00e4s SideBURNi k\u00e4siraamatule:\u00a0<a href=\"https:\/\/greenmountaingrills.com\/wp-content\/uploads\/2024\/04\/SideBURN-MANUAL-WEB.pdf\">https:\/\/greenmountaingrills.com\/wp-content\/uploads\/2024\/04\/SideBURN-MANUAL-WEB.pdf<\/a><\/p>\n<p><iframe loading=\"lazy\" title=\"YouTube video player\" src=\"https:\/\/www.youtube.com\/embed\/Vlw35sNk08U?si=IK3Ny4CI7KavBsBI\" width=\"560\" height=\"315\" frameborder=\"0\" allowfullscreen=\"allowfullscreen\"><\/iframe><\/p>\n","protected":false},"excerpt":{"rendered":"<p>GMG Ledge ja Peak Prime 2.0 pelletgrillide infrapunatehnoloogiaga k\u00fcljepliit. Asendab otsalauda.<\/p>\n","protected":false},"featured_media":257556,"template":"","meta":{"inline_featured_image":false},"product_brand":[],"product_cat":[707,92],"product_tag":[],"class_list":{"0":"post-257500","1":"product","2":"type-product","3":"status-publish","4":"has-post-thumbnail","6":"product_cat-gmg","7":"product_cat-lisatarvikud","9":"first","10":"instock","11":"taxable","12":"shipping-taxable","13":"purchasable","14":"product-type-simple"},"yoast_head":"<!-- This site is optimized with the Yoast SEO plugin v27.2 - https:\/\/yoast.com\/product\/yoast-seo-wordpress\/ -->\n<title>GMG SideBURN\u2122 infrapunatehnoloogiaga pliidimoodul - BBQ Entertainment<\/title>\n<meta name=\"robots\" content=\"index, follow, max-snippet:-1, max-image-preview:large, max-video-preview:-1\" \/>\n<link rel=\"canonical\" href=\"https:\/\/bbqentertainment.com\/toode\/gmg-sideburn-infrapunatehnoloogiaga-pliidimoodul\/\" \/>\n<meta property=\"og:locale\" content=\"en_US\" \/>\n<meta property=\"og:type\" content=\"article\" \/>\n<meta property=\"og:title\" content=\"GMG SideBURN\u2122 infrapunatehnoloogiaga pliidimoodul - BBQ Entertainment\" \/>\n<meta property=\"og:description\" content=\"GMG Ledge ja Peak Prime 2.0 pelletgrillide infrapunatehnoloogiaga k\u00fcljepliit. Asendab otsalauda.\" \/>\n<meta property=\"og:url\" content=\"https:\/\/bbqentertainment.com\/toode\/gmg-sideburn-infrapunatehnoloogiaga-pliidimoodul\/\" \/>\n<meta property=\"og:site_name\" content=\"BBQ Entertainment\" \/>\n<meta property=\"article:publisher\" content=\"https:\/\/www.facebook.com\/BBQ-Entertainment-N-Catering-2437913376443540\" \/>\n<meta property=\"article:modified_time\" content=\"2026-03-02T12:50:12+00:00\" \/>\n<meta property=\"og:image\" content=\"https:\/\/bbqentertainment.com\/wp-content\/uploads\/2020\/03\/Enn-Tobreluts-FOTO-Andres-Tali-1.jpg\" \/>\n\t<meta property=\"og:image:width\" content=\"1200\" \/>\n\t<meta property=\"og:image:height\" content=\"800\" \/>\n\t<meta property=\"og:image:type\" content=\"image\/jpeg\" \/>\n<meta name=\"twitter:card\" content=\"summary_large_image\" \/>\n<meta name=\"twitter:label1\" content=\"Est. reading time\" \/>\n\t<meta name=\"twitter:data1\" content=\"1 minute\" \/>\n<script type=\"application\/ld+json\" class=\"yoast-schema-graph\">{\"@context\":\"https:\/\/schema.org\",\"@graph\":[{\"@type\":[\"WebPage\",\"ItemPage\"],\"@id\":\"https:\/\/bbqentertainment.com\/toode\/gmg-sideburn-infrapunatehnoloogiaga-pliidimoodul\/\",\"url\":\"https:\/\/bbqentertainment.com\/toode\/gmg-sideburn-infrapunatehnoloogiaga-pliidimoodul\/\",\"name\":\"GMG SideBURN\u2122 infrapunatehnoloogiaga pliidimoodul - BBQ Entertainment\",\"isPartOf\":{\"@id\":\"https:\/\/bbqentertainment.com\/#website\"},\"primaryImageOfPage\":{\"@id\":\"https:\/\/bbqentertainment.com\/toode\/gmg-sideburn-infrapunatehnoloogiaga-pliidimoodul\/#primaryimage\"},\"image\":{\"@id\":\"https:\/\/bbqentertainment.com\/toode\/gmg-sideburn-infrapunatehnoloogiaga-pliidimoodul\/#primaryimage\"},\"thumbnailUrl\":\"https:\/\/bbqentertainment.com\/wp-content\/uploads\/2026\/02\/GMG-SIDEBURN-inframoodul.png\",\"datePublished\":\"2026-02-26T17:03:26+00:00\",\"dateModified\":\"2026-03-02T12:50:12+00:00\",\"breadcrumb\":{\"@id\":\"https:\/\/bbqentertainment.com\/toode\/gmg-sideburn-infrapunatehnoloogiaga-pliidimoodul\/#breadcrumb\"},\"inLanguage\":\"en-US\",\"potentialAction\":[{\"@type\":\"ReadAction\",\"target\":[\"https:\/\/bbqentertainment.com\/toode\/gmg-sideburn-infrapunatehnoloogiaga-pliidimoodul\/\"]}]},{\"@type\":\"ImageObject\",\"inLanguage\":\"en-US\",\"@id\":\"https:\/\/bbqentertainment.com\/toode\/gmg-sideburn-infrapunatehnoloogiaga-pliidimoodul\/#primaryimage\",\"url\":\"https:\/\/bbqentertainment.com\/wp-content\/uploads\/2026\/02\/GMG-SIDEBURN-inframoodul.png\",\"contentUrl\":\"https:\/\/bbqentertainment.com\/wp-content\/uploads\/2026\/02\/GMG-SIDEBURN-inframoodul.png\",\"width\":413,\"height\":413},{\"@type\":\"BreadcrumbList\",\"@id\":\"https:\/\/bbqentertainment.com\/toode\/gmg-sideburn-infrapunatehnoloogiaga-pliidimoodul\/#breadcrumb\",\"itemListElement\":[{\"@type\":\"ListItem\",\"position\":1,\"name\":\"AVALEHT\",\"item\":\"https:\/\/bbqentertainment.com\/en\/\"},{\"@type\":\"ListItem\",\"position\":2,\"name\":\"Tooted\",\"item\":\"https:\/\/bbqentertainment.com\/tooted\/\"},{\"@type\":\"ListItem\",\"position\":3,\"name\":\"Grillid ja ahjud\",\"item\":\"https:\/\/bbqentertainment.com\/tootekategooria\/grillid-ja-ahjud\/\"},{\"@type\":\"ListItem\",\"position\":4,\"name\":\"GMG\",\"item\":\"https:\/\/bbqentertainment.com\/tootekategooria\/grillid-ja-ahjud\/gmg\/\"},{\"@type\":\"ListItem\",\"position\":5,\"name\":\"GMG SideBURN\u2122 infrapunatehnoloogiaga pliidimoodul\"}]},{\"@type\":\"WebSite\",\"@id\":\"https:\/\/bbqentertainment.com\/#website\",\"url\":\"https:\/\/bbqentertainment.com\/\",\"name\":\"BBQ Entertainment\",\"description\":\"BBQ is a great lifestyle, not just fun!\",\"publisher\":{\"@id\":\"https:\/\/bbqentertainment.com\/#organization\"},\"potentialAction\":[{\"@type\":\"SearchAction\",\"target\":{\"@type\":\"EntryPoint\",\"urlTemplate\":\"https:\/\/bbqentertainment.com\/?s={search_term_string}\"},\"query-input\":{\"@type\":\"PropertyValueSpecification\",\"valueRequired\":true,\"valueName\":\"search_term_string\"}}],\"inLanguage\":\"en-US\"},{\"@type\":\"Organization\",\"@id\":\"https:\/\/bbqentertainment.com\/#organization\",\"name\":\"BBQ Entertainment O\u00dc\",\"url\":\"https:\/\/bbqentertainment.com\/\",\"logo\":{\"@type\":\"ImageObject\",\"inLanguage\":\"en-US\",\"@id\":\"https:\/\/bbqentertainment.com\/#\/schema\/logo\/image\/\",\"url\":\"https:\/\/bbqentertainment.com\/wp-content\/uploads\/2020\/04\/BBQ-Entertainment-N-Catering-Enn-Tobreluts-Logo.png\",\"contentUrl\":\"https:\/\/bbqentertainment.com\/wp-content\/uploads\/2020\/04\/BBQ-Entertainment-N-Catering-Enn-Tobreluts-Logo.png\",\"width\":628,\"height\":266,\"caption\":\"BBQ Entertainment O\u00dc\"},\"image\":{\"@id\":\"https:\/\/bbqentertainment.com\/#\/schema\/logo\/image\/\"},\"sameAs\":[\"https:\/\/www.facebook.com\/BBQ-Entertainment-N-Catering-2437913376443540\",\"https:\/\/www.instagram.com\/bbqentertainmentncatering\/\",\"https:\/\/www.youtube.com\/channel\/UCmpuANQVhLy2Md8nrenp2jA\"]}]}<\/script>\n<!-- \/ Yoast SEO plugin. -->","yoast_head_json":{"title":"GMG SideBURN\u2122 infrapunatehnoloogiaga pliidimoodul - BBQ Entertainment","robots":{"index":"index","follow":"follow","max-snippet":"max-snippet:-1","max-image-preview":"max-image-preview:large","max-video-preview":"max-video-preview:-1"},"canonical":"https:\/\/bbqentertainment.com\/toode\/gmg-sideburn-infrapunatehnoloogiaga-pliidimoodul\/","og_locale":"en_US","og_type":"article","og_title":"GMG SideBURN\u2122 infrapunatehnoloogiaga pliidimoodul - BBQ Entertainment","og_description":"GMG Ledge ja Peak Prime 2.0 pelletgrillide infrapunatehnoloogiaga k\u00fcljepliit. Asendab otsalauda.","og_url":"https:\/\/bbqentertainment.com\/toode\/gmg-sideburn-infrapunatehnoloogiaga-pliidimoodul\/","og_site_name":"BBQ Entertainment","article_publisher":"https:\/\/www.facebook.com\/BBQ-Entertainment-N-Catering-2437913376443540","article_modified_time":"2026-03-02T12:50:12+00:00","og_image":[{"width":1200,"height":800,"url":"https:\/\/bbqentertainment.com\/wp-content\/uploads\/2020\/03\/Enn-Tobreluts-FOTO-Andres-Tali-1.jpg","type":"image\/jpeg"}],"twitter_card":"summary_large_image","twitter_misc":{"Est. reading time":"1 minute"},"schema":{"@context":"https:\/\/schema.org","@graph":[{"@type":["WebPage","ItemPage"],"@id":"https:\/\/bbqentertainment.com\/toode\/gmg-sideburn-infrapunatehnoloogiaga-pliidimoodul\/","url":"https:\/\/bbqentertainment.com\/toode\/gmg-sideburn-infrapunatehnoloogiaga-pliidimoodul\/","name":"GMG SideBURN\u2122 infrapunatehnoloogiaga pliidimoodul - BBQ Entertainment","isPartOf":{"@id":"https:\/\/bbqentertainment.com\/#website"},"primaryImageOfPage":{"@id":"https:\/\/bbqentertainment.com\/toode\/gmg-sideburn-infrapunatehnoloogiaga-pliidimoodul\/#primaryimage"},"image":{"@id":"https:\/\/bbqentertainment.com\/toode\/gmg-sideburn-infrapunatehnoloogiaga-pliidimoodul\/#primaryimage"},"thumbnailUrl":"https:\/\/bbqentertainment.com\/wp-content\/uploads\/2026\/02\/GMG-SIDEBURN-inframoodul.png","datePublished":"2026-02-26T17:03:26+00:00","dateModified":"2026-03-02T12:50:12+00:00","breadcrumb":{"@id":"https:\/\/bbqentertainment.com\/toode\/gmg-sideburn-infrapunatehnoloogiaga-pliidimoodul\/#breadcrumb"},"inLanguage":"en-US","potentialAction":[{"@type":"ReadAction","target":["https:\/\/bbqentertainment.com\/toode\/gmg-sideburn-infrapunatehnoloogiaga-pliidimoodul\/"]}]},{"@type":"ImageObject","inLanguage":"en-US","@id":"https:\/\/bbqentertainment.com\/toode\/gmg-sideburn-infrapunatehnoloogiaga-pliidimoodul\/#primaryimage","url":"https:\/\/bbqentertainment.com\/wp-content\/uploads\/2026\/02\/GMG-SIDEBURN-inframoodul.png","contentUrl":"https:\/\/bbqentertainment.com\/wp-content\/uploads\/2026\/02\/GMG-SIDEBURN-inframoodul.png","width":413,"height":413},{"@type":"BreadcrumbList","@id":"https:\/\/bbqentertainment.com\/toode\/gmg-sideburn-infrapunatehnoloogiaga-pliidimoodul\/#breadcrumb","itemListElement":[{"@type":"ListItem","position":1,"name":"AVALEHT","item":"https:\/\/bbqentertainment.com\/en\/"},{"@type":"ListItem","position":2,"name":"Tooted","item":"https:\/\/bbqentertainment.com\/tooted\/"},{"@type":"ListItem","position":3,"name":"Grillid ja ahjud","item":"https:\/\/bbqentertainment.com\/tootekategooria\/grillid-ja-ahjud\/"},{"@type":"ListItem","position":4,"name":"GMG","item":"https:\/\/bbqentertainment.com\/tootekategooria\/grillid-ja-ahjud\/gmg\/"},{"@type":"ListItem","position":5,"name":"GMG SideBURN\u2122 infrapunatehnoloogiaga pliidimoodul"}]},{"@type":"WebSite","@id":"https:\/\/bbqentertainment.com\/#website","url":"https:\/\/bbqentertainment.com\/","name":"BBQ Entertainment","description":"BBQ is a great lifestyle, not just fun!","publisher":{"@id":"https:\/\/bbqentertainment.com\/#organization"},"potentialAction":[{"@type":"SearchAction","target":{"@type":"EntryPoint","urlTemplate":"https:\/\/bbqentertainment.com\/?s={search_term_string}"},"query-input":{"@type":"PropertyValueSpecification","valueRequired":true,"valueName":"search_term_string"}}],"inLanguage":"en-US"},{"@type":"Organization","@id":"https:\/\/bbqentertainment.com\/#organization","name":"BBQ Entertainment O\u00dc","url":"https:\/\/bbqentertainment.com\/","logo":{"@type":"ImageObject","inLanguage":"en-US","@id":"https:\/\/bbqentertainment.com\/#\/schema\/logo\/image\/","url":"https:\/\/bbqentertainment.com\/wp-content\/uploads\/2020\/04\/BBQ-Entertainment-N-Catering-Enn-Tobreluts-Logo.png","contentUrl":"https:\/\/bbqentertainment.com\/wp-content\/uploads\/2020\/04\/BBQ-Entertainment-N-Catering-Enn-Tobreluts-Logo.png","width":628,"height":266,"caption":"BBQ Entertainment O\u00dc"},"image":{"@id":"https:\/\/bbqentertainment.com\/#\/schema\/logo\/image\/"},"sameAs":["https:\/\/www.facebook.com\/BBQ-Entertainment-N-Catering-2437913376443540","https:\/\/www.instagram.com\/bbqentertainmentncatering\/","https:\/\/www.youtube.com\/channel\/UCmpuANQVhLy2Md8nrenp2jA"]}]}},"_links":{"self":[{"href":"https:\/\/bbqentertainment.com\/en\/wp-json\/wp\/v2\/product\/257500","targetHints":{"allow":["GET"]}}],"collection":[{"href":"https:\/\/bbqentertainment.com\/en\/wp-json\/wp\/v2\/product"}],"about":[{"href":"https:\/\/bbqentertainment.com\/en\/wp-json\/wp\/v2\/types\/product"}],"wp:featuredmedia":[{"embeddable":true,"href":"https:\/\/bbqentertainment.com\/en\/wp-json\/wp\/v2\/media\/257556"}],"wp:attachment":[{"href":"https:\/\/bbqentertainment.com\/en\/wp-json\/wp\/v2\/media?parent=257500"}],"wp:term":[{"taxonomy":"product_brand","embeddable":true,"href":"https:\/\/bbqentertainment.com\/en\/wp-json\/wp\/v2\/product_brand?post=257500"},{"taxonomy":"product_cat","embeddable":true,"href":"https:\/\/bbqentertainment.com\/en\/wp-json\/wp\/v2\/product_cat?post=257500"},{"taxonomy":"product_tag","embeddable":true,"href":"https:\/\/bbqentertainment.com\/en\/wp-json\/wp\/v2\/product_tag?post=257500"}],"curies":[{"name":"wp","href":"https:\/\/api.w.org\/{rel}","templated":true}]}}