{"id":257557,"date":"2026-02-26T19:34:11","date_gmt":"2026-02-26T17:34:11","guid":{"rendered":"https:\/\/bbqentertainment.com\/?post_type=product&#038;p=257557"},"modified":"2026-03-02T14:50:12","modified_gmt":"2026-03-02T12:50:12","slug":"gmg-peak-prime-pelletgrilli-profiilijalgiv-kate","status":"publish","type":"product","link":"https:\/\/bbqentertainment.com\/en\/toode\/gmg-peak-prime-pelletgrilli-profiilijalgiv-kate\/","title":{"rendered":"GMG PEAK PRIME pelletgrilli profiilij\u00e4lgiv kate"},"content":{"rendered":"","protected":false},"excerpt":{"rendered":"<h3 class=\"product_title entry-title\">GMG PEAK PRIME pelletgrilli profiilij\u00e4lgiv kate<\/h3>\n<p>M\u00f5eldud GMG PEAK Prime\u2019i grillimudelitele. T\u00e4ielikult grilli proffiilij\u00e4lgivana katab ka k\u00f5ik k\u00fcljeriiulid. UW kaitsega.<\/p>\n<p>T\u00e4pselt GMG PEAK PRIME mudelile sobiv grillikate. J\u00e4lgitud on grilli vormi koos esi- js k\u00fcljelaudadega. Katsed n\u00e4itavad, et kate talub ka k\u00f5ige karmimaid ilmastikutingimusi \u2013 vihma, lund ja p\u00e4ikesekiirgust. Kaitske oma investeeringut \u00f5ige Green Mountain Grilli kattega, mis isoleerib grilli ilmastikust ja garanteerib teie grilli pikaealisuse.<\/p>\n<p>M\u00f5eldud PEAK Prime\u2019i grillimudelitele, kattel on sisseehitatud klapid esi- ja k\u00fclgriiulite katmiseks.<\/p>\n<p>&nbsp;<\/p>\n","protected":false},"featured_media":257559,"template":"","meta":{"inline_featured_image":false},"product_brand":[],"product_cat":[707,92],"product_tag":[],"class_list":{"0":"post-257557","1":"product","2":"type-product","3":"status-publish","4":"has-post-thumbnail","6":"product_cat-gmg","7":"product_cat-lisatarvikud","9":"first","10":"instock","11":"taxable","12":"shipping-taxable","13":"purchasable","14":"product-type-simple"},"yoast_head":"<!-- This site is optimized with the Yoast SEO plugin v27.2 - https:\/\/yoast.com\/product\/yoast-seo-wordpress\/ -->\n<title>GMG PEAK PRIME pelletgrilli profiilij\u00e4lgiv kate - BBQ Entertainment<\/title>\n<meta name=\"robots\" content=\"index, follow, max-snippet:-1, max-image-preview:large, max-video-preview:-1\" \/>\n<link rel=\"canonical\" href=\"https:\/\/bbqentertainment.com\/toode\/gmg-peak-prime-pelletgrilli-profiilijalgiv-kate\/\" \/>\n<meta property=\"og:locale\" content=\"en_US\" \/>\n<meta property=\"og:type\" content=\"article\" \/>\n<meta property=\"og:title\" content=\"GMG PEAK PRIME pelletgrilli profiilij\u00e4lgiv kate - BBQ Entertainment\" \/>\n<meta property=\"og:description\" content=\"GMG PEAK PRIME pelletgrilli profiilij\u00e4lgiv kate M\u00f5eldud GMG PEAK Prime\u2019i grillimudelitele. T\u00e4ielikult grilli proffiilij\u00e4lgivana katab ka k\u00f5ik k\u00fcljeriiulid. UW kaitsega.  T\u00e4pselt GMG PEAK PRIME mudelile sobiv grillikate. J\u00e4lgitud on grilli vormi koos esi- js k\u00fcljelaudadega. Katsed n\u00e4itavad, et kate talub ka k\u00f5ige karmimaid ilmastikutingimusi \u2013 vihma, lund ja p\u00e4ikesekiirgust. Kaitske oma investeeringut \u00f5ige Green Mountain Grilli kattega, mis isoleerib grilli ilmastikust ja garanteerib teie grilli pikaealisuse.  M\u00f5eldud PEAK Prime\u2019i grillimudelitele, kattel on sisseehitatud klapid esi- ja k\u00fclgriiulite katmiseks.  &nbsp;\" \/>\n<meta property=\"og:url\" content=\"https:\/\/bbqentertainment.com\/toode\/gmg-peak-prime-pelletgrilli-profiilijalgiv-kate\/\" \/>\n<meta property=\"og:site_name\" content=\"BBQ Entertainment\" \/>\n<meta property=\"article:publisher\" content=\"https:\/\/www.facebook.com\/BBQ-Entertainment-N-Catering-2437913376443540\" \/>\n<meta property=\"article:modified_time\" content=\"2026-03-02T12:50:12+00:00\" \/>\n<meta property=\"og:image\" content=\"https:\/\/bbqentertainment.com\/wp-content\/uploads\/2026\/02\/GreenMountainGrills-kate.jpg\" \/>\n\t<meta property=\"og:image:width\" content=\"300\" \/>\n\t<meta property=\"og:image:height\" content=\"300\" \/>\n\t<meta property=\"og:image:type\" content=\"image\/jpeg\" \/>\n<meta name=\"twitter:card\" content=\"summary_large_image\" \/>\n<meta name=\"twitter:label1\" content=\"Est. reading time\" \/>\n\t<meta name=\"twitter:data1\" content=\"1 minute\" \/>\n<script type=\"application\/ld+json\" class=\"yoast-schema-graph\">{\"@context\":\"https:\/\/schema.org\",\"@graph\":[{\"@type\":[\"WebPage\",\"ItemPage\"],\"@id\":\"https:\/\/bbqentertainment.com\/toode\/gmg-peak-prime-pelletgrilli-profiilijalgiv-kate\/\",\"url\":\"https:\/\/bbqentertainment.com\/toode\/gmg-peak-prime-pelletgrilli-profiilijalgiv-kate\/\",\"name\":\"GMG PEAK PRIME pelletgrilli profiilij\u00e4lgiv kate - BBQ Entertainment\",\"isPartOf\":{\"@id\":\"https:\/\/bbqentertainment.com\/#website\"},\"primaryImageOfPage\":{\"@id\":\"https:\/\/bbqentertainment.com\/toode\/gmg-peak-prime-pelletgrilli-profiilijalgiv-kate\/#primaryimage\"},\"image\":{\"@id\":\"https:\/\/bbqentertainment.com\/toode\/gmg-peak-prime-pelletgrilli-profiilijalgiv-kate\/#primaryimage\"},\"thumbnailUrl\":\"https:\/\/bbqentertainment.com\/wp-content\/uploads\/2026\/02\/GreenMountainGrills-kate.jpg\",\"datePublished\":\"2026-02-26T17:34:11+00:00\",\"dateModified\":\"2026-03-02T12:50:12+00:00\",\"breadcrumb\":{\"@id\":\"https:\/\/bbqentertainment.com\/toode\/gmg-peak-prime-pelletgrilli-profiilijalgiv-kate\/#breadcrumb\"},\"inLanguage\":\"en-US\",\"potentialAction\":[{\"@type\":\"ReadAction\",\"target\":[\"https:\/\/bbqentertainment.com\/toode\/gmg-peak-prime-pelletgrilli-profiilijalgiv-kate\/\"]}]},{\"@type\":\"ImageObject\",\"inLanguage\":\"en-US\",\"@id\":\"https:\/\/bbqentertainment.com\/toode\/gmg-peak-prime-pelletgrilli-profiilijalgiv-kate\/#primaryimage\",\"url\":\"https:\/\/bbqentertainment.com\/wp-content\/uploads\/2026\/02\/GreenMountainGrills-kate.jpg\",\"contentUrl\":\"https:\/\/bbqentertainment.com\/wp-content\/uploads\/2026\/02\/GreenMountainGrills-kate.jpg\",\"width\":300,\"height\":300},{\"@type\":\"BreadcrumbList\",\"@id\":\"https:\/\/bbqentertainment.com\/toode\/gmg-peak-prime-pelletgrilli-profiilijalgiv-kate\/#breadcrumb\",\"itemListElement\":[{\"@type\":\"ListItem\",\"position\":1,\"name\":\"AVALEHT\",\"item\":\"https:\/\/bbqentertainment.com\/en\/\"},{\"@type\":\"ListItem\",\"position\":2,\"name\":\"Tooted\",\"item\":\"https:\/\/bbqentertainment.com\/tooted\/\"},{\"@type\":\"ListItem\",\"position\":3,\"name\":\"Grillid ja ahjud\",\"item\":\"https:\/\/bbqentertainment.com\/tootekategooria\/grillid-ja-ahjud\/\"},{\"@type\":\"ListItem\",\"position\":4,\"name\":\"GMG\",\"item\":\"https:\/\/bbqentertainment.com\/tootekategooria\/grillid-ja-ahjud\/gmg\/\"},{\"@type\":\"ListItem\",\"position\":5,\"name\":\"GMG PEAK PRIME pelletgrilli profiilij\u00e4lgiv kate\"}]},{\"@type\":\"WebSite\",\"@id\":\"https:\/\/bbqentertainment.com\/#website\",\"url\":\"https:\/\/bbqentertainment.com\/\",\"name\":\"BBQ Entertainment\",\"description\":\"BBQ is a great lifestyle, not just fun!\",\"publisher\":{\"@id\":\"https:\/\/bbqentertainment.com\/#organization\"},\"potentialAction\":[{\"@type\":\"SearchAction\",\"target\":{\"@type\":\"EntryPoint\",\"urlTemplate\":\"https:\/\/bbqentertainment.com\/?s={search_term_string}\"},\"query-input\":{\"@type\":\"PropertyValueSpecification\",\"valueRequired\":true,\"valueName\":\"search_term_string\"}}],\"inLanguage\":\"en-US\"},{\"@type\":\"Organization\",\"@id\":\"https:\/\/bbqentertainment.com\/#organization\",\"name\":\"BBQ Entertainment O\u00dc\",\"url\":\"https:\/\/bbqentertainment.com\/\",\"logo\":{\"@type\":\"ImageObject\",\"inLanguage\":\"en-US\",\"@id\":\"https:\/\/bbqentertainment.com\/#\/schema\/logo\/image\/\",\"url\":\"https:\/\/bbqentertainment.com\/wp-content\/uploads\/2020\/04\/BBQ-Entertainment-N-Catering-Enn-Tobreluts-Logo.png\",\"contentUrl\":\"https:\/\/bbqentertainment.com\/wp-content\/uploads\/2020\/04\/BBQ-Entertainment-N-Catering-Enn-Tobreluts-Logo.png\",\"width\":628,\"height\":266,\"caption\":\"BBQ Entertainment O\u00dc\"},\"image\":{\"@id\":\"https:\/\/bbqentertainment.com\/#\/schema\/logo\/image\/\"},\"sameAs\":[\"https:\/\/www.facebook.com\/BBQ-Entertainment-N-Catering-2437913376443540\",\"https:\/\/www.instagram.com\/bbqentertainmentncatering\/\",\"https:\/\/www.youtube.com\/channel\/UCmpuANQVhLy2Md8nrenp2jA\"]}]}<\/script>\n<!-- \/ Yoast SEO plugin. -->","yoast_head_json":{"title":"GMG PEAK PRIME pelletgrilli profiilij\u00e4lgiv kate - BBQ Entertainment","robots":{"index":"index","follow":"follow","max-snippet":"max-snippet:-1","max-image-preview":"max-image-preview:large","max-video-preview":"max-video-preview:-1"},"canonical":"https:\/\/bbqentertainment.com\/toode\/gmg-peak-prime-pelletgrilli-profiilijalgiv-kate\/","og_locale":"en_US","og_type":"article","og_title":"GMG PEAK PRIME pelletgrilli profiilij\u00e4lgiv kate - BBQ Entertainment","og_description":"GMG PEAK PRIME pelletgrilli profiilij\u00e4lgiv kate M\u00f5eldud GMG PEAK Prime\u2019i grillimudelitele. T\u00e4ielikult grilli proffiilij\u00e4lgivana katab ka k\u00f5ik k\u00fcljeriiulid. UW kaitsega.  T\u00e4pselt GMG PEAK PRIME mudelile sobiv grillikate. J\u00e4lgitud on grilli vormi koos esi- js k\u00fcljelaudadega. Katsed n\u00e4itavad, et kate talub ka k\u00f5ige karmimaid ilmastikutingimusi \u2013 vihma, lund ja p\u00e4ikesekiirgust. Kaitske oma investeeringut \u00f5ige Green Mountain Grilli kattega, mis isoleerib grilli ilmastikust ja garanteerib teie grilli pikaealisuse.  M\u00f5eldud PEAK Prime\u2019i grillimudelitele, kattel on sisseehitatud klapid esi- ja k\u00fclgriiulite katmiseks.  &nbsp;","og_url":"https:\/\/bbqentertainment.com\/toode\/gmg-peak-prime-pelletgrilli-profiilijalgiv-kate\/","og_site_name":"BBQ Entertainment","article_publisher":"https:\/\/www.facebook.com\/BBQ-Entertainment-N-Catering-2437913376443540","article_modified_time":"2026-03-02T12:50:12+00:00","og_image":[{"width":300,"height":300,"url":"https:\/\/bbqentertainment.com\/wp-content\/uploads\/2026\/02\/GreenMountainGrills-kate.jpg","type":"image\/jpeg"}],"twitter_card":"summary_large_image","twitter_misc":{"Est. reading time":"1 minute"},"schema":{"@context":"https:\/\/schema.org","@graph":[{"@type":["WebPage","ItemPage"],"@id":"https:\/\/bbqentertainment.com\/toode\/gmg-peak-prime-pelletgrilli-profiilijalgiv-kate\/","url":"https:\/\/bbqentertainment.com\/toode\/gmg-peak-prime-pelletgrilli-profiilijalgiv-kate\/","name":"GMG PEAK PRIME pelletgrilli profiilij\u00e4lgiv kate - BBQ Entertainment","isPartOf":{"@id":"https:\/\/bbqentertainment.com\/#website"},"primaryImageOfPage":{"@id":"https:\/\/bbqentertainment.com\/toode\/gmg-peak-prime-pelletgrilli-profiilijalgiv-kate\/#primaryimage"},"image":{"@id":"https:\/\/bbqentertainment.com\/toode\/gmg-peak-prime-pelletgrilli-profiilijalgiv-kate\/#primaryimage"},"thumbnailUrl":"https:\/\/bbqentertainment.com\/wp-content\/uploads\/2026\/02\/GreenMountainGrills-kate.jpg","datePublished":"2026-02-26T17:34:11+00:00","dateModified":"2026-03-02T12:50:12+00:00","breadcrumb":{"@id":"https:\/\/bbqentertainment.com\/toode\/gmg-peak-prime-pelletgrilli-profiilijalgiv-kate\/#breadcrumb"},"inLanguage":"en-US","potentialAction":[{"@type":"ReadAction","target":["https:\/\/bbqentertainment.com\/toode\/gmg-peak-prime-pelletgrilli-profiilijalgiv-kate\/"]}]},{"@type":"ImageObject","inLanguage":"en-US","@id":"https:\/\/bbqentertainment.com\/toode\/gmg-peak-prime-pelletgrilli-profiilijalgiv-kate\/#primaryimage","url":"https:\/\/bbqentertainment.com\/wp-content\/uploads\/2026\/02\/GreenMountainGrills-kate.jpg","contentUrl":"https:\/\/bbqentertainment.com\/wp-content\/uploads\/2026\/02\/GreenMountainGrills-kate.jpg","width":300,"height":300},{"@type":"BreadcrumbList","@id":"https:\/\/bbqentertainment.com\/toode\/gmg-peak-prime-pelletgrilli-profiilijalgiv-kate\/#breadcrumb","itemListElement":[{"@type":"ListItem","position":1,"name":"AVALEHT","item":"https:\/\/bbqentertainment.com\/en\/"},{"@type":"ListItem","position":2,"name":"Tooted","item":"https:\/\/bbqentertainment.com\/tooted\/"},{"@type":"ListItem","position":3,"name":"Grillid ja ahjud","item":"https:\/\/bbqentertainment.com\/tootekategooria\/grillid-ja-ahjud\/"},{"@type":"ListItem","position":4,"name":"GMG","item":"https:\/\/bbqentertainment.com\/tootekategooria\/grillid-ja-ahjud\/gmg\/"},{"@type":"ListItem","position":5,"name":"GMG PEAK PRIME pelletgrilli profiilij\u00e4lgiv kate"}]},{"@type":"WebSite","@id":"https:\/\/bbqentertainment.com\/#website","url":"https:\/\/bbqentertainment.com\/","name":"BBQ Entertainment","description":"BBQ is a great lifestyle, not just fun!","publisher":{"@id":"https:\/\/bbqentertainment.com\/#organization"},"potentialAction":[{"@type":"SearchAction","target":{"@type":"EntryPoint","urlTemplate":"https:\/\/bbqentertainment.com\/?s={search_term_string}"},"query-input":{"@type":"PropertyValueSpecification","valueRequired":true,"valueName":"search_term_string"}}],"inLanguage":"en-US"},{"@type":"Organization","@id":"https:\/\/bbqentertainment.com\/#organization","name":"BBQ Entertainment O\u00dc","url":"https:\/\/bbqentertainment.com\/","logo":{"@type":"ImageObject","inLanguage":"en-US","@id":"https:\/\/bbqentertainment.com\/#\/schema\/logo\/image\/","url":"https:\/\/bbqentertainment.com\/wp-content\/uploads\/2020\/04\/BBQ-Entertainment-N-Catering-Enn-Tobreluts-Logo.png","contentUrl":"https:\/\/bbqentertainment.com\/wp-content\/uploads\/2020\/04\/BBQ-Entertainment-N-Catering-Enn-Tobreluts-Logo.png","width":628,"height":266,"caption":"BBQ Entertainment O\u00dc"},"image":{"@id":"https:\/\/bbqentertainment.com\/#\/schema\/logo\/image\/"},"sameAs":["https:\/\/www.facebook.com\/BBQ-Entertainment-N-Catering-2437913376443540","https:\/\/www.instagram.com\/bbqentertainmentncatering\/","https:\/\/www.youtube.com\/channel\/UCmpuANQVhLy2Md8nrenp2jA"]}]}},"_links":{"self":[{"href":"https:\/\/bbqentertainment.com\/en\/wp-json\/wp\/v2\/product\/257557","targetHints":{"allow":["GET"]}}],"collection":[{"href":"https:\/\/bbqentertainment.com\/en\/wp-json\/wp\/v2\/product"}],"about":[{"href":"https:\/\/bbqentertainment.com\/en\/wp-json\/wp\/v2\/types\/product"}],"wp:featuredmedia":[{"embeddable":true,"href":"https:\/\/bbqentertainment.com\/en\/wp-json\/wp\/v2\/media\/257559"}],"wp:attachment":[{"href":"https:\/\/bbqentertainment.com\/en\/wp-json\/wp\/v2\/media?parent=257557"}],"wp:term":[{"taxonomy":"product_brand","embeddable":true,"href":"https:\/\/bbqentertainment.com\/en\/wp-json\/wp\/v2\/product_brand?post=257557"},{"taxonomy":"product_cat","embeddable":true,"href":"https:\/\/bbqentertainment.com\/en\/wp-json\/wp\/v2\/product_cat?post=257557"},{"taxonomy":"product_tag","embeddable":true,"href":"https:\/\/bbqentertainment.com\/en\/wp-json\/wp\/v2\/product_tag?post=257557"}],"curies":[{"name":"wp","href":"https:\/\/api.w.org\/{rel}","templated":true}]}}