{"id":257563,"date":"2026-02-27T10:38:49","date_gmt":"2026-02-27T08:38:49","guid":{"rendered":"https:\/\/bbqentertainment.com\/?post_type=product&#038;p=257563"},"modified":"2026-02-27T10:40:47","modified_gmt":"2026-02-27T08:40:47","slug":"rackt-roostevabast-terasest-lisarest-ledge-ja-peak-prime-2-0-grillidele","status":"publish","type":"product","link":"https:\/\/bbqentertainment.com\/en\/toode\/rackt-roostevabast-terasest-lisarest-ledge-ja-peak-prime-2-0-grillidele\/","title":{"rendered":"RACKT roostevabast terasest lisarest LEDGE ja PEAK Prime 2.0 grillidele"},"content":{"rendered":"","protected":false},"excerpt":{"rendered":"<h3 class=\"p1\">RACKT roostevabast terasest lisarest LEDGE ja PEAK Prime 2.0 grillidele<\/h3>\n<p class=\"p1\">Lisarest kinnitub patendiootel RACKT kinnituss\u00fcsteemi abil grilli tagaseina k\u00fclge ning v\u00f5imaldab resti asukohta vastavalt vajadusele muuta. Resti saab lihtsalt sisse t\u00f5sta ja \u00fcmber paigutada, et kujundada grilli sisemus sobivaks erinevate toitude valmistamiseks.<\/p>\n<p class=\"p1\"><strong>Omadused<\/strong><\/p>\n<ul class=\"ul1\">\n<li class=\"li1\">Suurendab k\u00fcpsetuspinda umbes 100 ruuttolli (u 645 cm\u00b2) v\u00f5rra<\/li>\n<li class=\"li1\">RACKT s\u00fcsteemiga lihtne paigaldada ja \u00fcmber t\u00f5sta<\/li>\n<li class=\"li1\">V\u00f5imaldab mitmetasandilist k\u00fcpsetamist<\/li>\n<li class=\"li1\">Valmistatud roostevabast terasest<\/li>\n<li class=\"li1\">N\u00f5udepesumasinas pestav<\/li>\n<\/ul>\n<p class=\"p1\">Sobivus<\/p>\n<ul class=\"ul1\">\n<li class=\"li1\"><a href=\"https:\/\/bbqentertainment.com\/toode\/gmg-ledge-prime2-0-wifi-automaatjuhitav-kahe-voolupingega-pelletgrill\/\">Green Mountain Grills LEDGE Prime 2.0<\/a><\/li>\n<li class=\"li1\"><a href=\"https:\/\/bbqentertainment.com\/toode\/gmg-peak-prime2-0-wifi-automaatjuhitav-kahe-voolupingega-pelletgrill\/\">Green Mountain Grills PEAK Prime 2.0<\/a><\/li>\n<\/ul>\n","protected":false},"featured_media":257689,"template":"","meta":{"inline_featured_image":false},"product_brand":[],"product_cat":[707,92],"product_tag":[],"class_list":{"0":"post-257563","1":"product","2":"type-product","3":"status-publish","4":"has-post-thumbnail","6":"product_cat-gmg","7":"product_cat-lisatarvikud","9":"first","10":"instock","11":"taxable","12":"shipping-taxable","13":"purchasable","14":"product-type-simple"},"yoast_head":"<!-- This site is optimized with the Yoast SEO plugin v27.2 - https:\/\/yoast.com\/product\/yoast-seo-wordpress\/ -->\n<title>RACKT roostevabast terasest lisarest LEDGE ja PEAK Prime 2.0 grillidele - BBQ Entertainment<\/title>\n<meta name=\"robots\" content=\"index, follow, max-snippet:-1, max-image-preview:large, max-video-preview:-1\" \/>\n<link rel=\"canonical\" href=\"https:\/\/bbqentertainment.com\/toode\/rackt-roostevabast-terasest-lisarest-ledge-ja-peak-prime-2-0-grillidele\/\" \/>\n<meta property=\"og:locale\" content=\"en_US\" \/>\n<meta property=\"og:type\" content=\"article\" \/>\n<meta property=\"og:title\" content=\"RACKT roostevabast terasest lisarest LEDGE ja PEAK Prime 2.0 grillidele - BBQ Entertainment\" \/>\n<meta property=\"og:description\" content=\"RACKT roostevabast terasest lisarest LEDGE ja PEAK Prime 2.0 grillidele Lisarest kinnitub patendiootel RACKT kinnituss\u00fcsteemi abil grilli tagaseina k\u00fclge ning v\u00f5imaldab resti asukohta vastavalt vajadusele muuta. Resti saab lihtsalt sisse t\u00f5sta ja \u00fcmber paigutada, et kujundada grilli sisemus sobivaks erinevate toitude valmistamiseks. Omadused    Suurendab k\u00fcpsetuspinda umbes 100 ruuttolli (u 645 cm\u00b2) v\u00f5rra  RACKT s\u00fcsteemiga lihtne paigaldada ja \u00fcmber t\u00f5sta  V\u00f5imaldab mitmetasandilist k\u00fcpsetamist  Valmistatud roostevabast terasest  N\u00f5udepesumasinas pestav  Sobivus    Green Mountain Grills LEDGE Prime 2.0  Green Mountain Grills PEAK Prime 2.0\" \/>\n<meta property=\"og:url\" content=\"https:\/\/bbqentertainment.com\/toode\/rackt-roostevabast-terasest-lisarest-ledge-ja-peak-prime-2-0-grillidele\/\" \/>\n<meta property=\"og:site_name\" content=\"BBQ Entertainment\" \/>\n<meta property=\"article:publisher\" content=\"https:\/\/www.facebook.com\/BBQ-Entertainment-N-Catering-2437913376443540\" \/>\n<meta property=\"article:modified_time\" content=\"2026-02-27T08:40:47+00:00\" \/>\n<meta property=\"og:image\" content=\"https:\/\/bbqentertainment.com\/wp-content\/uploads\/2026\/02\/95-0446-1.webp\" \/>\n\t<meta property=\"og:image:width\" content=\"1200\" \/>\n\t<meta property=\"og:image:height\" content=\"1200\" \/>\n\t<meta property=\"og:image:type\" content=\"image\/webp\" \/>\n<meta name=\"twitter:card\" content=\"summary_large_image\" \/>\n<meta name=\"twitter:label1\" content=\"Est. reading time\" \/>\n\t<meta name=\"twitter:data1\" content=\"1 minute\" \/>\n<script type=\"application\/ld+json\" class=\"yoast-schema-graph\">{\"@context\":\"https:\/\/schema.org\",\"@graph\":[{\"@type\":[\"WebPage\",\"ItemPage\"],\"@id\":\"https:\/\/bbqentertainment.com\/toode\/rackt-roostevabast-terasest-lisarest-ledge-ja-peak-prime-2-0-grillidele\/\",\"url\":\"https:\/\/bbqentertainment.com\/toode\/rackt-roostevabast-terasest-lisarest-ledge-ja-peak-prime-2-0-grillidele\/\",\"name\":\"RACKT roostevabast terasest lisarest LEDGE ja PEAK Prime 2.0 grillidele - BBQ Entertainment\",\"isPartOf\":{\"@id\":\"https:\/\/bbqentertainment.com\/#website\"},\"primaryImageOfPage\":{\"@id\":\"https:\/\/bbqentertainment.com\/toode\/rackt-roostevabast-terasest-lisarest-ledge-ja-peak-prime-2-0-grillidele\/#primaryimage\"},\"image\":{\"@id\":\"https:\/\/bbqentertainment.com\/toode\/rackt-roostevabast-terasest-lisarest-ledge-ja-peak-prime-2-0-grillidele\/#primaryimage\"},\"thumbnailUrl\":\"https:\/\/bbqentertainment.com\/wp-content\/uploads\/2026\/02\/95-0446-1.webp\",\"datePublished\":\"2026-02-27T08:38:49+00:00\",\"dateModified\":\"2026-02-27T08:40:47+00:00\",\"breadcrumb\":{\"@id\":\"https:\/\/bbqentertainment.com\/toode\/rackt-roostevabast-terasest-lisarest-ledge-ja-peak-prime-2-0-grillidele\/#breadcrumb\"},\"inLanguage\":\"en-US\",\"potentialAction\":[{\"@type\":\"ReadAction\",\"target\":[\"https:\/\/bbqentertainment.com\/toode\/rackt-roostevabast-terasest-lisarest-ledge-ja-peak-prime-2-0-grillidele\/\"]}]},{\"@type\":\"ImageObject\",\"inLanguage\":\"en-US\",\"@id\":\"https:\/\/bbqentertainment.com\/toode\/rackt-roostevabast-terasest-lisarest-ledge-ja-peak-prime-2-0-grillidele\/#primaryimage\",\"url\":\"https:\/\/bbqentertainment.com\/wp-content\/uploads\/2026\/02\/95-0446-1.webp\",\"contentUrl\":\"https:\/\/bbqentertainment.com\/wp-content\/uploads\/2026\/02\/95-0446-1.webp\",\"width\":1200,\"height\":1200},{\"@type\":\"BreadcrumbList\",\"@id\":\"https:\/\/bbqentertainment.com\/toode\/rackt-roostevabast-terasest-lisarest-ledge-ja-peak-prime-2-0-grillidele\/#breadcrumb\",\"itemListElement\":[{\"@type\":\"ListItem\",\"position\":1,\"name\":\"AVALEHT\",\"item\":\"https:\/\/bbqentertainment.com\/en\/\"},{\"@type\":\"ListItem\",\"position\":2,\"name\":\"Tooted\",\"item\":\"https:\/\/bbqentertainment.com\/tooted\/\"},{\"@type\":\"ListItem\",\"position\":3,\"name\":\"Grillid ja ahjud\",\"item\":\"https:\/\/bbqentertainment.com\/tootekategooria\/grillid-ja-ahjud\/\"},{\"@type\":\"ListItem\",\"position\":4,\"name\":\"GMG\",\"item\":\"https:\/\/bbqentertainment.com\/tootekategooria\/grillid-ja-ahjud\/gmg\/\"},{\"@type\":\"ListItem\",\"position\":5,\"name\":\"RACKT roostevabast terasest lisarest LEDGE ja PEAK Prime 2.0 grillidele\"}]},{\"@type\":\"WebSite\",\"@id\":\"https:\/\/bbqentertainment.com\/#website\",\"url\":\"https:\/\/bbqentertainment.com\/\",\"name\":\"BBQ Entertainment\",\"description\":\"BBQ is a great lifestyle, not just fun!\",\"publisher\":{\"@id\":\"https:\/\/bbqentertainment.com\/#organization\"},\"potentialAction\":[{\"@type\":\"SearchAction\",\"target\":{\"@type\":\"EntryPoint\",\"urlTemplate\":\"https:\/\/bbqentertainment.com\/?s={search_term_string}\"},\"query-input\":{\"@type\":\"PropertyValueSpecification\",\"valueRequired\":true,\"valueName\":\"search_term_string\"}}],\"inLanguage\":\"en-US\"},{\"@type\":\"Organization\",\"@id\":\"https:\/\/bbqentertainment.com\/#organization\",\"name\":\"BBQ Entertainment O\u00dc\",\"url\":\"https:\/\/bbqentertainment.com\/\",\"logo\":{\"@type\":\"ImageObject\",\"inLanguage\":\"en-US\",\"@id\":\"https:\/\/bbqentertainment.com\/#\/schema\/logo\/image\/\",\"url\":\"https:\/\/bbqentertainment.com\/wp-content\/uploads\/2020\/04\/BBQ-Entertainment-N-Catering-Enn-Tobreluts-Logo.png\",\"contentUrl\":\"https:\/\/bbqentertainment.com\/wp-content\/uploads\/2020\/04\/BBQ-Entertainment-N-Catering-Enn-Tobreluts-Logo.png\",\"width\":628,\"height\":266,\"caption\":\"BBQ Entertainment O\u00dc\"},\"image\":{\"@id\":\"https:\/\/bbqentertainment.com\/#\/schema\/logo\/image\/\"},\"sameAs\":[\"https:\/\/www.facebook.com\/BBQ-Entertainment-N-Catering-2437913376443540\",\"https:\/\/www.instagram.com\/bbqentertainmentncatering\/\",\"https:\/\/www.youtube.com\/channel\/UCmpuANQVhLy2Md8nrenp2jA\"]}]}<\/script>\n<!-- \/ Yoast SEO plugin. -->","yoast_head_json":{"title":"RACKT roostevabast terasest lisarest LEDGE ja PEAK Prime 2.0 grillidele - BBQ Entertainment","robots":{"index":"index","follow":"follow","max-snippet":"max-snippet:-1","max-image-preview":"max-image-preview:large","max-video-preview":"max-video-preview:-1"},"canonical":"https:\/\/bbqentertainment.com\/toode\/rackt-roostevabast-terasest-lisarest-ledge-ja-peak-prime-2-0-grillidele\/","og_locale":"en_US","og_type":"article","og_title":"RACKT roostevabast terasest lisarest LEDGE ja PEAK Prime 2.0 grillidele - BBQ Entertainment","og_description":"RACKT roostevabast terasest lisarest LEDGE ja PEAK Prime 2.0 grillidele Lisarest kinnitub patendiootel RACKT kinnituss\u00fcsteemi abil grilli tagaseina k\u00fclge ning v\u00f5imaldab resti asukohta vastavalt vajadusele muuta. Resti saab lihtsalt sisse t\u00f5sta ja \u00fcmber paigutada, et kujundada grilli sisemus sobivaks erinevate toitude valmistamiseks. Omadused    Suurendab k\u00fcpsetuspinda umbes 100 ruuttolli (u 645 cm\u00b2) v\u00f5rra  RACKT s\u00fcsteemiga lihtne paigaldada ja \u00fcmber t\u00f5sta  V\u00f5imaldab mitmetasandilist k\u00fcpsetamist  Valmistatud roostevabast terasest  N\u00f5udepesumasinas pestav  Sobivus    Green Mountain Grills LEDGE Prime 2.0  Green Mountain Grills PEAK Prime 2.0","og_url":"https:\/\/bbqentertainment.com\/toode\/rackt-roostevabast-terasest-lisarest-ledge-ja-peak-prime-2-0-grillidele\/","og_site_name":"BBQ Entertainment","article_publisher":"https:\/\/www.facebook.com\/BBQ-Entertainment-N-Catering-2437913376443540","article_modified_time":"2026-02-27T08:40:47+00:00","og_image":[{"width":1200,"height":1200,"url":"https:\/\/bbqentertainment.com\/wp-content\/uploads\/2026\/02\/95-0446-1.webp","type":"image\/webp"}],"twitter_card":"summary_large_image","twitter_misc":{"Est. reading time":"1 minute"},"schema":{"@context":"https:\/\/schema.org","@graph":[{"@type":["WebPage","ItemPage"],"@id":"https:\/\/bbqentertainment.com\/toode\/rackt-roostevabast-terasest-lisarest-ledge-ja-peak-prime-2-0-grillidele\/","url":"https:\/\/bbqentertainment.com\/toode\/rackt-roostevabast-terasest-lisarest-ledge-ja-peak-prime-2-0-grillidele\/","name":"RACKT roostevabast terasest lisarest LEDGE ja PEAK Prime 2.0 grillidele - BBQ Entertainment","isPartOf":{"@id":"https:\/\/bbqentertainment.com\/#website"},"primaryImageOfPage":{"@id":"https:\/\/bbqentertainment.com\/toode\/rackt-roostevabast-terasest-lisarest-ledge-ja-peak-prime-2-0-grillidele\/#primaryimage"},"image":{"@id":"https:\/\/bbqentertainment.com\/toode\/rackt-roostevabast-terasest-lisarest-ledge-ja-peak-prime-2-0-grillidele\/#primaryimage"},"thumbnailUrl":"https:\/\/bbqentertainment.com\/wp-content\/uploads\/2026\/02\/95-0446-1.webp","datePublished":"2026-02-27T08:38:49+00:00","dateModified":"2026-02-27T08:40:47+00:00","breadcrumb":{"@id":"https:\/\/bbqentertainment.com\/toode\/rackt-roostevabast-terasest-lisarest-ledge-ja-peak-prime-2-0-grillidele\/#breadcrumb"},"inLanguage":"en-US","potentialAction":[{"@type":"ReadAction","target":["https:\/\/bbqentertainment.com\/toode\/rackt-roostevabast-terasest-lisarest-ledge-ja-peak-prime-2-0-grillidele\/"]}]},{"@type":"ImageObject","inLanguage":"en-US","@id":"https:\/\/bbqentertainment.com\/toode\/rackt-roostevabast-terasest-lisarest-ledge-ja-peak-prime-2-0-grillidele\/#primaryimage","url":"https:\/\/bbqentertainment.com\/wp-content\/uploads\/2026\/02\/95-0446-1.webp","contentUrl":"https:\/\/bbqentertainment.com\/wp-content\/uploads\/2026\/02\/95-0446-1.webp","width":1200,"height":1200},{"@type":"BreadcrumbList","@id":"https:\/\/bbqentertainment.com\/toode\/rackt-roostevabast-terasest-lisarest-ledge-ja-peak-prime-2-0-grillidele\/#breadcrumb","itemListElement":[{"@type":"ListItem","position":1,"name":"AVALEHT","item":"https:\/\/bbqentertainment.com\/en\/"},{"@type":"ListItem","position":2,"name":"Tooted","item":"https:\/\/bbqentertainment.com\/tooted\/"},{"@type":"ListItem","position":3,"name":"Grillid ja ahjud","item":"https:\/\/bbqentertainment.com\/tootekategooria\/grillid-ja-ahjud\/"},{"@type":"ListItem","position":4,"name":"GMG","item":"https:\/\/bbqentertainment.com\/tootekategooria\/grillid-ja-ahjud\/gmg\/"},{"@type":"ListItem","position":5,"name":"RACKT roostevabast terasest lisarest LEDGE ja PEAK Prime 2.0 grillidele"}]},{"@type":"WebSite","@id":"https:\/\/bbqentertainment.com\/#website","url":"https:\/\/bbqentertainment.com\/","name":"BBQ Entertainment","description":"BBQ is a great lifestyle, not just fun!","publisher":{"@id":"https:\/\/bbqentertainment.com\/#organization"},"potentialAction":[{"@type":"SearchAction","target":{"@type":"EntryPoint","urlTemplate":"https:\/\/bbqentertainment.com\/?s={search_term_string}"},"query-input":{"@type":"PropertyValueSpecification","valueRequired":true,"valueName":"search_term_string"}}],"inLanguage":"en-US"},{"@type":"Organization","@id":"https:\/\/bbqentertainment.com\/#organization","name":"BBQ Entertainment O\u00dc","url":"https:\/\/bbqentertainment.com\/","logo":{"@type":"ImageObject","inLanguage":"en-US","@id":"https:\/\/bbqentertainment.com\/#\/schema\/logo\/image\/","url":"https:\/\/bbqentertainment.com\/wp-content\/uploads\/2020\/04\/BBQ-Entertainment-N-Catering-Enn-Tobreluts-Logo.png","contentUrl":"https:\/\/bbqentertainment.com\/wp-content\/uploads\/2020\/04\/BBQ-Entertainment-N-Catering-Enn-Tobreluts-Logo.png","width":628,"height":266,"caption":"BBQ Entertainment O\u00dc"},"image":{"@id":"https:\/\/bbqentertainment.com\/#\/schema\/logo\/image\/"},"sameAs":["https:\/\/www.facebook.com\/BBQ-Entertainment-N-Catering-2437913376443540","https:\/\/www.instagram.com\/bbqentertainmentncatering\/","https:\/\/www.youtube.com\/channel\/UCmpuANQVhLy2Md8nrenp2jA"]}]}},"_links":{"self":[{"href":"https:\/\/bbqentertainment.com\/en\/wp-json\/wp\/v2\/product\/257563","targetHints":{"allow":["GET"]}}],"collection":[{"href":"https:\/\/bbqentertainment.com\/en\/wp-json\/wp\/v2\/product"}],"about":[{"href":"https:\/\/bbqentertainment.com\/en\/wp-json\/wp\/v2\/types\/product"}],"wp:featuredmedia":[{"embeddable":true,"href":"https:\/\/bbqentertainment.com\/en\/wp-json\/wp\/v2\/media\/257689"}],"wp:attachment":[{"href":"https:\/\/bbqentertainment.com\/en\/wp-json\/wp\/v2\/media?parent=257563"}],"wp:term":[{"taxonomy":"product_brand","embeddable":true,"href":"https:\/\/bbqentertainment.com\/en\/wp-json\/wp\/v2\/product_brand?post=257563"},{"taxonomy":"product_cat","embeddable":true,"href":"https:\/\/bbqentertainment.com\/en\/wp-json\/wp\/v2\/product_cat?post=257563"},{"taxonomy":"product_tag","embeddable":true,"href":"https:\/\/bbqentertainment.com\/en\/wp-json\/wp\/v2\/product_tag?post=257563"}],"curies":[{"name":"wp","href":"https:\/\/api.w.org\/{rel}","templated":true}]}}