{"id":257636,"date":"2026-02-27T09:38:25","date_gmt":"2026-02-27T07:38:25","guid":{"rendered":"https:\/\/bbqentertainment.com\/toode\/camp-chef-woodwind-36-wifi-pelletgrill\/"},"modified":"2026-03-02T17:20:33","modified_gmt":"2026-03-02T15:20:33","slug":"camp-chef-woodwind-36-wifi-pelletgrill","status":"publish","type":"product","link":"https:\/\/bbqentertainment.com\/en\/toode\/camp-chef-woodwind-36-wifi-pelletgrill\/","title":{"rendered":"Camp Chef Woodwind 36 WiFi pelletgrill"},"content":{"rendered":"<p>Camp Chef Woodwind 36\u2033 pelletgrill on t\u00e4iuslik grillimisseade k\u00f5ige kaasaegsemate lisadega. Uuenduslikku displeid saab juhtida nii manuaalselt, kasutades selleks mugavat nuppu, v\u00f5i l\u00e4bi WiFi telefoniga, kasutades selleks Camp Chef Connect \u00e4ppi. \u00dchildub ka l\u00e4bi Bluedoothi. V\u00e4rviline displei on kindlalt kaetud ilmastikukindla kaanega. Lisaks on grill on varustatud nelja liha sisetemperatuuri m\u00f5\u00f5tmise sondiga, mis on grilliga kaasas.\u00a0 Grillige, k\u00fcpsetage v\u00f5i hautage, Camp Chef Woodwind 36\u2033 grilli 10 lihtsalt valitavat suitsure\u017eiimi tagavad alati autentse suitsumaitse.<\/p>\n<p>Displei: v\u00e4rvipildiga, lihtsalt kasutatav nii manuaalselt, kui Wifi ja Bluetooth toega, kaetud ilmastikukindla kaanega<\/p>\n<p>Lihasond: komplektis neli lihasondi, mida saab samaaegselt kasutada<\/p>\n<p>K\u00fcpsetustemperatuuri vahemik: 70\u00b0C-230\u00b0C<\/p>\n<p>Alumine rest: portselankattega teras 49 x 86cm<\/p>\n<p>\u00dclemine rest: terasrest, 49 x 43cm; laiendatav alumisega samasse m\u00f5\u00f5tu 49 x 86cm (komplektis, k\u00e4ib sahtlina v\u00e4lja \u00fclemise resti alt)<\/p>\n<p>K\u00fctuse t\u00fc\u00fcp: 100% naturaalsest lehtpuust BBQ graanulid<\/p>\n<p>Aken pelletinivoo j\u00e4lgimiseks.<\/p>\n<p>P\u00f6\u00f6rd\u00f5hk: konvektsioonk\u00fcpsetamine<\/p>\n<p>S\u00fc\u00fctaja: 300V automaats\u00fc\u00fcde, kestvus 3min.<\/p>\n<p>Suits: nutikas suitsus\u00fcsteem 10 astmelise seadistusega, grilli tagak\u00fcljes dekoratiivne korsten<\/p>\n<p>K\u00e4ivitus ja kustutamine: automaatne k\u00e4ivitamine ja k\u00fcttekolde jahutamine\/puhastus<\/p>\n<p>Tuhaeemaldus: kolle siibriga, mille avades saab grilli p\u00f5hja alt lihtsa k\u00e4eliigutusega\u00a0 tuhaeemaldustopsiga tuha eemaldada.<\/p>\n<p>Pelletid: Pelletite eemaldamise\/vahetuse luuk.<\/p>\n<p>Pelletipunker: maht 9kg,<\/p>\n<p>Mugavusvarustus: Sang grilli liigutamiseks, klapiga sondiauk korpuse \u00fclaosas\u00a0 ja loomulikult pudeliavaja grilli korpuse k\u00fcljes.<\/p>\n<p>Korpus: vastupidava teraskonstruktsiooniga<\/p>\n<p>Mobiilsus: neli tugevat lukustusega ratast<\/p>\n<p>Viimistlus: k\u00f5rgtemperatuurse pulberv\u00e4rviga kaetud kere<\/p>\n<p>Otsariiul: mopikastmete tarvikute ja v\u00fcrtside h\u00f5lpsaks hoiustamiseks. Saab asendada n\u00e4iteks gaasipliidi mooduliga.<\/p>\n<p>Alusriiul: grillimistarvikute paigutamiseks<\/p>\n<p>Rasva\u00e4mber: eemaldatav, ripub grilli otsas<\/p>\n<p>K\u00e4epide: grilli otsas<\/p>\n<p>Grilli m\u00f5\u00f5dud: k\u00f5rgus 126 x pikkus148 (ilma otsariiulita 120) x laius 60cm<\/p>\n<p>Kaal: 89kg<\/p>\n<p>Garantii kolm aastat!<\/p>\n<p><span style=\"color: #ff0000;\"><strong>VIDEO:<\/strong><\/span><\/p>\n<p><iframe loading=\"lazy\" title=\"Camp Chef Woodwind 36&quot; pelletgrill\" width=\"1020\" height=\"574\" src=\"https:\/\/www.youtube.com\/embed\/R4JGdDmXJws?feature=oembed\" frameborder=\"0\" allow=\"accelerometer; autoplay; clipboard-write; encrypted-media; gyroscope; picture-in-picture; web-share\" referrerpolicy=\"strict-origin-when-cross-origin\" allowfullscreen><\/iframe><\/p>\n<p><a href=\"https:\/\/grilliguru.ee\/wp-content\/uploads\/2019\/12\/CampChef-kasutusjuhend-eesti-keeles.pdf\">CampChef-kasutusjuhend-eesti keeles<\/a><\/p>\n<p><a href=\"https:\/\/grilliguru.ee\/wp-content\/uploads\/2019\/12\/CampChef-kasutusjuhend-vene-keeles.pdf\">CampChef-kasutusjuhend-vene keeles<\/a><\/p>\n<p><a href=\"https:\/\/grilliguru.ee\/wp-content\/uploads\/2019\/12\/CampChef-installeerimine-eesti-keeles.pdf\">CampChef-installeerimine- eesti keeles<\/a><\/p>\n<p><a href=\"https:\/\/grilliguru.ee\/wp-content\/uploads\/2019\/12\/CampChef-installeerimine-vene-keeles.pdf\">CampChef-installeerimine-vene keeles<\/a><\/p>\n<p><iframe loading=\"lazy\" title=\"Woodwind Wifi 36 | Camp Chef\" width=\"1020\" height=\"574\" src=\"https:\/\/www.youtube.com\/embed\/o7OKqbQO8aQ?feature=oembed\" frameborder=\"0\" allow=\"accelerometer; autoplay; clipboard-write; encrypted-media; gyroscope; picture-in-picture; web-share\" referrerpolicy=\"strict-origin-when-cross-origin\" allowfullscreen><\/iframe><\/p>\n","protected":false},"excerpt":{"rendered":"<h3>Camp Chef Woodwind 36 WiFi pelletgrill<\/h3>\n<p>Camp Chef Woodwind 36\u2033 on k\u00f5ige kaasaegsem pelletgrill maailmas. V\u00e4rviline ekraan, 4 kaasasolevat temperatuurisondi, WiFi ja Bluedooth \u00fchildavusega. Samas ka manuaalselt h\u00f5lpsalt juhtitav. Lihtsalt eemaldatav, patendeeritud koldep\u00f5hi v\u00f5imaldab grilli mugavalt puhastada.<\/p>\n","protected":false},"featured_media":257583,"template":"","meta":{"inline_featured_image":false},"product_brand":[],"product_cat":[729],"product_tag":[],"class_list":{"0":"post-257636","1":"product","2":"type-product","3":"status-publish","4":"has-post-thumbnail","6":"product_cat-camp-chef","8":"first","9":"instock","10":"taxable","11":"shipping-taxable","12":"purchasable","13":"product-type-simple"},"yoast_head":"<!-- This site is optimized with the Yoast SEO plugin v27.4 - https:\/\/yoast.com\/product\/yoast-seo-wordpress\/ -->\n<title>Camp Chef Woodwind 36 WiFi pelletgrill - BBQ Entertainment<\/title>\n<meta name=\"robots\" content=\"index, follow, max-snippet:-1, max-image-preview:large, max-video-preview:-1\" \/>\n<link rel=\"canonical\" href=\"https:\/\/bbqentertainment.com\/toode\/camp-chef-woodwind-36-wifi-pelletgrill\/\" \/>\n<meta property=\"og:locale\" content=\"en_US\" \/>\n<meta property=\"og:type\" content=\"article\" \/>\n<meta property=\"og:title\" content=\"Camp Chef Woodwind 36 WiFi pelletgrill - BBQ Entertainment\" \/>\n<meta property=\"og:description\" content=\"Camp Chef Woodwind 36 WiFi pelletgrill Camp Chef Woodwind 36\u2033 on k\u00f5ige kaasaegsem pelletgrill maailmas. V\u00e4rviline ekraan, 4 kaasasolevat temperatuurisondi, WiFi ja Bluedooth \u00fchildavusega. Samas ka manuaalselt h\u00f5lpsalt juhtitav. Lihtsalt eemaldatav, patendeeritud koldep\u00f5hi v\u00f5imaldab grilli mugavalt puhastada.\" \/>\n<meta property=\"og:url\" content=\"https:\/\/bbqentertainment.com\/toode\/camp-chef-woodwind-36-wifi-pelletgrill\/\" \/>\n<meta property=\"og:site_name\" content=\"BBQ Entertainment\" \/>\n<meta property=\"article:publisher\" content=\"https:\/\/www.facebook.com\/BBQ-Entertainment-N-Catering-2437913376443540\" \/>\n<meta property=\"article:modified_time\" content=\"2026-03-02T15:20:33+00:00\" \/>\n<meta property=\"og:image\" content=\"https:\/\/bbqentertainment.com\/wp-content\/uploads\/2026\/02\/CampChef-36-pelletgrill.png\" \/>\n\t<meta property=\"og:image:width\" content=\"300\" \/>\n\t<meta property=\"og:image:height\" content=\"300\" \/>\n\t<meta property=\"og:image:type\" content=\"image\/png\" \/>\n<meta name=\"twitter:card\" content=\"summary_large_image\" \/>\n<meta name=\"twitter:label1\" content=\"Est. reading time\" \/>\n\t<meta name=\"twitter:data1\" content=\"2 minutes\" \/>\n<script type=\"application\/ld+json\" class=\"yoast-schema-graph\">{\"@context\":\"https:\\\/\\\/schema.org\",\"@graph\":[{\"@type\":[\"WebPage\",\"ItemPage\"],\"@id\":\"https:\\\/\\\/bbqentertainment.com\\\/toode\\\/camp-chef-woodwind-36-wifi-pelletgrill\\\/\",\"url\":\"https:\\\/\\\/bbqentertainment.com\\\/toode\\\/camp-chef-woodwind-36-wifi-pelletgrill\\\/\",\"name\":\"Camp Chef Woodwind 36 WiFi pelletgrill - BBQ Entertainment\",\"isPartOf\":{\"@id\":\"https:\\\/\\\/bbqentertainment.com\\\/#website\"},\"primaryImageOfPage\":{\"@id\":\"https:\\\/\\\/bbqentertainment.com\\\/toode\\\/camp-chef-woodwind-36-wifi-pelletgrill\\\/#primaryimage\"},\"image\":{\"@id\":\"https:\\\/\\\/bbqentertainment.com\\\/toode\\\/camp-chef-woodwind-36-wifi-pelletgrill\\\/#primaryimage\"},\"thumbnailUrl\":\"https:\\\/\\\/bbqentertainment.com\\\/wp-content\\\/uploads\\\/2026\\\/02\\\/CampChef-36-pelletgrill.png\",\"datePublished\":\"2026-02-27T07:38:25+00:00\",\"dateModified\":\"2026-03-02T15:20:33+00:00\",\"breadcrumb\":{\"@id\":\"https:\\\/\\\/bbqentertainment.com\\\/toode\\\/camp-chef-woodwind-36-wifi-pelletgrill\\\/#breadcrumb\"},\"inLanguage\":\"en-US\",\"potentialAction\":[{\"@type\":\"ReadAction\",\"target\":[\"https:\\\/\\\/bbqentertainment.com\\\/toode\\\/camp-chef-woodwind-36-wifi-pelletgrill\\\/\"]}]},{\"@type\":\"ImageObject\",\"inLanguage\":\"en-US\",\"@id\":\"https:\\\/\\\/bbqentertainment.com\\\/toode\\\/camp-chef-woodwind-36-wifi-pelletgrill\\\/#primaryimage\",\"url\":\"https:\\\/\\\/bbqentertainment.com\\\/wp-content\\\/uploads\\\/2026\\\/02\\\/CampChef-36-pelletgrill.png\",\"contentUrl\":\"https:\\\/\\\/bbqentertainment.com\\\/wp-content\\\/uploads\\\/2026\\\/02\\\/CampChef-36-pelletgrill.png\",\"width\":300,\"height\":300},{\"@type\":\"BreadcrumbList\",\"@id\":\"https:\\\/\\\/bbqentertainment.com\\\/toode\\\/camp-chef-woodwind-36-wifi-pelletgrill\\\/#breadcrumb\",\"itemListElement\":[{\"@type\":\"ListItem\",\"position\":1,\"name\":\"AVALEHT\",\"item\":\"https:\\\/\\\/bbqentertainment.com\\\/en\\\/\"},{\"@type\":\"ListItem\",\"position\":2,\"name\":\"Tooted\",\"item\":\"https:\\\/\\\/bbqentertainment.com\\\/tooted\\\/\"},{\"@type\":\"ListItem\",\"position\":3,\"name\":\"Grillid ja ahjud\",\"item\":\"https:\\\/\\\/bbqentertainment.com\\\/tootekategooria\\\/grillid-ja-ahjud\\\/\"},{\"@type\":\"ListItem\",\"position\":4,\"name\":\"Camp Chef\",\"item\":\"https:\\\/\\\/bbqentertainment.com\\\/tootekategooria\\\/grillid-ja-ahjud\\\/camp-chef\\\/\"},{\"@type\":\"ListItem\",\"position\":5,\"name\":\"Camp Chef Woodwind 36 WiFi pelletgrill\"}]},{\"@type\":\"WebSite\",\"@id\":\"https:\\\/\\\/bbqentertainment.com\\\/#website\",\"url\":\"https:\\\/\\\/bbqentertainment.com\\\/\",\"name\":\"BBQ Entertainment\",\"description\":\"BBQ is a great lifestyle, not just fun!\",\"publisher\":{\"@id\":\"https:\\\/\\\/bbqentertainment.com\\\/#organization\"},\"potentialAction\":[{\"@type\":\"SearchAction\",\"target\":{\"@type\":\"EntryPoint\",\"urlTemplate\":\"https:\\\/\\\/bbqentertainment.com\\\/?s={search_term_string}\"},\"query-input\":{\"@type\":\"PropertyValueSpecification\",\"valueRequired\":true,\"valueName\":\"search_term_string\"}}],\"inLanguage\":\"en-US\"},{\"@type\":\"Organization\",\"@id\":\"https:\\\/\\\/bbqentertainment.com\\\/#organization\",\"name\":\"BBQ Entertainment O\u00dc\",\"url\":\"https:\\\/\\\/bbqentertainment.com\\\/\",\"logo\":{\"@type\":\"ImageObject\",\"inLanguage\":\"en-US\",\"@id\":\"https:\\\/\\\/bbqentertainment.com\\\/#\\\/schema\\\/logo\\\/image\\\/\",\"url\":\"https:\\\/\\\/bbqentertainment.com\\\/wp-content\\\/uploads\\\/2020\\\/04\\\/BBQ-Entertainment-N-Catering-Enn-Tobreluts-Logo.png\",\"contentUrl\":\"https:\\\/\\\/bbqentertainment.com\\\/wp-content\\\/uploads\\\/2020\\\/04\\\/BBQ-Entertainment-N-Catering-Enn-Tobreluts-Logo.png\",\"width\":628,\"height\":266,\"caption\":\"BBQ Entertainment O\u00dc\"},\"image\":{\"@id\":\"https:\\\/\\\/bbqentertainment.com\\\/#\\\/schema\\\/logo\\\/image\\\/\"},\"sameAs\":[\"https:\\\/\\\/www.facebook.com\\\/BBQ-Entertainment-N-Catering-2437913376443540\",\"https:\\\/\\\/www.instagram.com\\\/bbqentertainmentncatering\\\/\",\"https:\\\/\\\/www.youtube.com\\\/channel\\\/UCmpuANQVhLy2Md8nrenp2jA\"]}]}<\/script>\n<!-- \/ Yoast SEO plugin. -->","yoast_head_json":{"title":"Camp Chef Woodwind 36 WiFi pelletgrill - BBQ Entertainment","robots":{"index":"index","follow":"follow","max-snippet":"max-snippet:-1","max-image-preview":"max-image-preview:large","max-video-preview":"max-video-preview:-1"},"canonical":"https:\/\/bbqentertainment.com\/toode\/camp-chef-woodwind-36-wifi-pelletgrill\/","og_locale":"en_US","og_type":"article","og_title":"Camp Chef Woodwind 36 WiFi pelletgrill - BBQ Entertainment","og_description":"Camp Chef Woodwind 36 WiFi pelletgrill Camp Chef Woodwind 36\u2033 on k\u00f5ige kaasaegsem pelletgrill maailmas. V\u00e4rviline ekraan, 4 kaasasolevat temperatuurisondi, WiFi ja Bluedooth \u00fchildavusega. Samas ka manuaalselt h\u00f5lpsalt juhtitav. Lihtsalt eemaldatav, patendeeritud koldep\u00f5hi v\u00f5imaldab grilli mugavalt puhastada.","og_url":"https:\/\/bbqentertainment.com\/toode\/camp-chef-woodwind-36-wifi-pelletgrill\/","og_site_name":"BBQ Entertainment","article_publisher":"https:\/\/www.facebook.com\/BBQ-Entertainment-N-Catering-2437913376443540","article_modified_time":"2026-03-02T15:20:33+00:00","og_image":[{"width":300,"height":300,"url":"https:\/\/bbqentertainment.com\/wp-content\/uploads\/2026\/02\/CampChef-36-pelletgrill.png","type":"image\/png"}],"twitter_card":"summary_large_image","twitter_misc":{"Est. reading time":"2 minutes"},"schema":{"@context":"https:\/\/schema.org","@graph":[{"@type":["WebPage","ItemPage"],"@id":"https:\/\/bbqentertainment.com\/toode\/camp-chef-woodwind-36-wifi-pelletgrill\/","url":"https:\/\/bbqentertainment.com\/toode\/camp-chef-woodwind-36-wifi-pelletgrill\/","name":"Camp Chef Woodwind 36 WiFi pelletgrill - BBQ Entertainment","isPartOf":{"@id":"https:\/\/bbqentertainment.com\/#website"},"primaryImageOfPage":{"@id":"https:\/\/bbqentertainment.com\/toode\/camp-chef-woodwind-36-wifi-pelletgrill\/#primaryimage"},"image":{"@id":"https:\/\/bbqentertainment.com\/toode\/camp-chef-woodwind-36-wifi-pelletgrill\/#primaryimage"},"thumbnailUrl":"https:\/\/bbqentertainment.com\/wp-content\/uploads\/2026\/02\/CampChef-36-pelletgrill.png","datePublished":"2026-02-27T07:38:25+00:00","dateModified":"2026-03-02T15:20:33+00:00","breadcrumb":{"@id":"https:\/\/bbqentertainment.com\/toode\/camp-chef-woodwind-36-wifi-pelletgrill\/#breadcrumb"},"inLanguage":"en-US","potentialAction":[{"@type":"ReadAction","target":["https:\/\/bbqentertainment.com\/toode\/camp-chef-woodwind-36-wifi-pelletgrill\/"]}]},{"@type":"ImageObject","inLanguage":"en-US","@id":"https:\/\/bbqentertainment.com\/toode\/camp-chef-woodwind-36-wifi-pelletgrill\/#primaryimage","url":"https:\/\/bbqentertainment.com\/wp-content\/uploads\/2026\/02\/CampChef-36-pelletgrill.png","contentUrl":"https:\/\/bbqentertainment.com\/wp-content\/uploads\/2026\/02\/CampChef-36-pelletgrill.png","width":300,"height":300},{"@type":"BreadcrumbList","@id":"https:\/\/bbqentertainment.com\/toode\/camp-chef-woodwind-36-wifi-pelletgrill\/#breadcrumb","itemListElement":[{"@type":"ListItem","position":1,"name":"AVALEHT","item":"https:\/\/bbqentertainment.com\/en\/"},{"@type":"ListItem","position":2,"name":"Tooted","item":"https:\/\/bbqentertainment.com\/tooted\/"},{"@type":"ListItem","position":3,"name":"Grillid ja ahjud","item":"https:\/\/bbqentertainment.com\/tootekategooria\/grillid-ja-ahjud\/"},{"@type":"ListItem","position":4,"name":"Camp Chef","item":"https:\/\/bbqentertainment.com\/tootekategooria\/grillid-ja-ahjud\/camp-chef\/"},{"@type":"ListItem","position":5,"name":"Camp Chef Woodwind 36 WiFi pelletgrill"}]},{"@type":"WebSite","@id":"https:\/\/bbqentertainment.com\/#website","url":"https:\/\/bbqentertainment.com\/","name":"BBQ Entertainment","description":"BBQ is a great lifestyle, not just fun!","publisher":{"@id":"https:\/\/bbqentertainment.com\/#organization"},"potentialAction":[{"@type":"SearchAction","target":{"@type":"EntryPoint","urlTemplate":"https:\/\/bbqentertainment.com\/?s={search_term_string}"},"query-input":{"@type":"PropertyValueSpecification","valueRequired":true,"valueName":"search_term_string"}}],"inLanguage":"en-US"},{"@type":"Organization","@id":"https:\/\/bbqentertainment.com\/#organization","name":"BBQ Entertainment O\u00dc","url":"https:\/\/bbqentertainment.com\/","logo":{"@type":"ImageObject","inLanguage":"en-US","@id":"https:\/\/bbqentertainment.com\/#\/schema\/logo\/image\/","url":"https:\/\/bbqentertainment.com\/wp-content\/uploads\/2020\/04\/BBQ-Entertainment-N-Catering-Enn-Tobreluts-Logo.png","contentUrl":"https:\/\/bbqentertainment.com\/wp-content\/uploads\/2020\/04\/BBQ-Entertainment-N-Catering-Enn-Tobreluts-Logo.png","width":628,"height":266,"caption":"BBQ Entertainment O\u00dc"},"image":{"@id":"https:\/\/bbqentertainment.com\/#\/schema\/logo\/image\/"},"sameAs":["https:\/\/www.facebook.com\/BBQ-Entertainment-N-Catering-2437913376443540","https:\/\/www.instagram.com\/bbqentertainmentncatering\/","https:\/\/www.youtube.com\/channel\/UCmpuANQVhLy2Md8nrenp2jA"]}]}},"_links":{"self":[{"href":"https:\/\/bbqentertainment.com\/en\/wp-json\/wp\/v2\/product\/257636","targetHints":{"allow":["GET"]}}],"collection":[{"href":"https:\/\/bbqentertainment.com\/en\/wp-json\/wp\/v2\/product"}],"about":[{"href":"https:\/\/bbqentertainment.com\/en\/wp-json\/wp\/v2\/types\/product"}],"wp:featuredmedia":[{"embeddable":true,"href":"https:\/\/bbqentertainment.com\/en\/wp-json\/wp\/v2\/media\/257583"}],"wp:attachment":[{"href":"https:\/\/bbqentertainment.com\/en\/wp-json\/wp\/v2\/media?parent=257636"}],"wp:term":[{"taxonomy":"product_brand","embeddable":true,"href":"https:\/\/bbqentertainment.com\/en\/wp-json\/wp\/v2\/product_brand?post=257636"},{"taxonomy":"product_cat","embeddable":true,"href":"https:\/\/bbqentertainment.com\/en\/wp-json\/wp\/v2\/product_cat?post=257636"},{"taxonomy":"product_tag","embeddable":true,"href":"https:\/\/bbqentertainment.com\/en\/wp-json\/wp\/v2\/product_tag?post=257636"}],"curies":[{"name":"wp","href":"https:\/\/api.w.org\/{rel}","templated":true}]}}