{"id":257639,"date":"2026-02-27T09:38:25","date_gmt":"2026-02-27T07:38:25","guid":{"rendered":"https:\/\/bbqentertainment.com\/toode\/camp-chef-36-pelletgrilli-ja-suitsuahju-ilmastikukindel-kate\/"},"modified":"2026-03-02T17:20:33","modified_gmt":"2026-03-02T15:20:33","slug":"camp-chef-36-pelletgrilli-ja-suitsuahju-ilmastikukindel-kate","status":"publish","type":"product","link":"https:\/\/bbqentertainment.com\/en\/toode\/camp-chef-36-pelletgrilli-ja-suitsuahju-ilmastikukindel-kate\/","title":{"rendered":"Camp Chef 36&#8243; pelletgrilli ja suitsuahju ilmastikukindel kate"},"content":{"rendered":"<p>Ostes 36-tollise Camp Chefi pelletgrilli, peaks teie j\u00e4rgmine ost olema grillikate! Eriti kui plaanite grilli suurema osa aastast lageda taeva alla j\u00e4tta. Pelletgrillide veetaluvus on v\u00e4ga hea, aga \u00fcleliigset niiskust saades v\u00f5ib grilli sees olev pellet paisuma hakata.<\/p>\n<p>Kaitse oma investeeringut. Vastupidavast kvaliteetsest materjalist valmistatud grilligate kaitseb grilli vihma, lune, putukate, prahi, \u00f5ietolmu ja hallituse eest. Kate on altservast takjapaelaga pingutatav. Grilli kate j\u00e4lgib pelletgrilli figuuri ja see sobib kindlale mudelile.<\/p>\n","protected":false},"excerpt":{"rendered":"<h3>Camp Chef 36&#8243; pelletgrilli ja suitsuahju ilmastikukindel kate<\/h3>\n<p>Sobib Camp Chef Woodwind 36\u2033 pelletgrillidele. Ideaalne kaitse ilmastikutingimuste eest.<\/p>\n","protected":false},"featured_media":257600,"template":"","meta":{"inline_featured_image":false},"product_brand":[],"product_cat":[729,92],"product_tag":[],"class_list":{"0":"post-257639","1":"product","2":"type-product","3":"status-publish","4":"has-post-thumbnail","6":"product_cat-camp-chef","7":"product_cat-lisatarvikud","9":"first","10":"instock","11":"taxable","12":"shipping-taxable","13":"purchasable","14":"product-type-simple"},"yoast_head":"<!-- This site is optimized with the Yoast SEO plugin v27.2 - https:\/\/yoast.com\/product\/yoast-seo-wordpress\/ -->\n<title>Camp Chef 36&quot; pelletgrilli ja suitsuahju ilmastikukindel kate - BBQ Entertainment<\/title>\n<meta name=\"robots\" content=\"index, follow, max-snippet:-1, max-image-preview:large, max-video-preview:-1\" \/>\n<link rel=\"canonical\" href=\"https:\/\/bbqentertainment.com\/toode\/camp-chef-36-pelletgrilli-ja-suitsuahju-ilmastikukindel-kate\/\" \/>\n<meta property=\"og:locale\" content=\"en_US\" \/>\n<meta property=\"og:type\" content=\"article\" \/>\n<meta property=\"og:title\" content=\"Camp Chef 36&quot; pelletgrilli ja suitsuahju ilmastikukindel kate - BBQ Entertainment\" \/>\n<meta property=\"og:description\" content=\"Camp Chef 36&quot; pelletgrilli ja suitsuahju ilmastikukindel kate Sobib Camp Chef Woodwind 36\u2033 pelletgrillidele. Ideaalne kaitse ilmastikutingimuste eest.\" \/>\n<meta property=\"og:url\" content=\"https:\/\/bbqentertainment.com\/toode\/camp-chef-36-pelletgrilli-ja-suitsuahju-ilmastikukindel-kate\/\" \/>\n<meta property=\"og:site_name\" content=\"BBQ Entertainment\" \/>\n<meta property=\"article:publisher\" content=\"https:\/\/www.facebook.com\/BBQ-Entertainment-N-Catering-2437913376443540\" \/>\n<meta property=\"article:modified_time\" content=\"2026-03-02T15:20:33+00:00\" \/>\n<meta property=\"og:image\" content=\"https:\/\/bbqentertainment.com\/wp-content\/uploads\/2026\/02\/CampChef-woodwind36-kate-pelletgrillid.png\" \/>\n\t<meta property=\"og:image:width\" content=\"300\" \/>\n\t<meta property=\"og:image:height\" content=\"300\" \/>\n\t<meta property=\"og:image:type\" content=\"image\/png\" \/>\n<meta name=\"twitter:card\" content=\"summary_large_image\" \/>\n<meta name=\"twitter:label1\" content=\"Est. reading time\" \/>\n\t<meta name=\"twitter:data1\" content=\"1 minute\" \/>\n<script type=\"application\/ld+json\" class=\"yoast-schema-graph\">{\"@context\":\"https:\/\/schema.org\",\"@graph\":[{\"@type\":[\"WebPage\",\"ItemPage\"],\"@id\":\"https:\/\/bbqentertainment.com\/toode\/camp-chef-36-pelletgrilli-ja-suitsuahju-ilmastikukindel-kate\/\",\"url\":\"https:\/\/bbqentertainment.com\/toode\/camp-chef-36-pelletgrilli-ja-suitsuahju-ilmastikukindel-kate\/\",\"name\":\"Camp Chef 36\\\" pelletgrilli ja suitsuahju ilmastikukindel kate - BBQ Entertainment\",\"isPartOf\":{\"@id\":\"https:\/\/bbqentertainment.com\/#website\"},\"primaryImageOfPage\":{\"@id\":\"https:\/\/bbqentertainment.com\/toode\/camp-chef-36-pelletgrilli-ja-suitsuahju-ilmastikukindel-kate\/#primaryimage\"},\"image\":{\"@id\":\"https:\/\/bbqentertainment.com\/toode\/camp-chef-36-pelletgrilli-ja-suitsuahju-ilmastikukindel-kate\/#primaryimage\"},\"thumbnailUrl\":\"https:\/\/bbqentertainment.com\/wp-content\/uploads\/2026\/02\/CampChef-woodwind36-kate-pelletgrillid.png\",\"datePublished\":\"2026-02-27T07:38:25+00:00\",\"dateModified\":\"2026-03-02T15:20:33+00:00\",\"breadcrumb\":{\"@id\":\"https:\/\/bbqentertainment.com\/toode\/camp-chef-36-pelletgrilli-ja-suitsuahju-ilmastikukindel-kate\/#breadcrumb\"},\"inLanguage\":\"en-US\",\"potentialAction\":[{\"@type\":\"ReadAction\",\"target\":[\"https:\/\/bbqentertainment.com\/toode\/camp-chef-36-pelletgrilli-ja-suitsuahju-ilmastikukindel-kate\/\"]}]},{\"@type\":\"ImageObject\",\"inLanguage\":\"en-US\",\"@id\":\"https:\/\/bbqentertainment.com\/toode\/camp-chef-36-pelletgrilli-ja-suitsuahju-ilmastikukindel-kate\/#primaryimage\",\"url\":\"https:\/\/bbqentertainment.com\/wp-content\/uploads\/2026\/02\/CampChef-woodwind36-kate-pelletgrillid.png\",\"contentUrl\":\"https:\/\/bbqentertainment.com\/wp-content\/uploads\/2026\/02\/CampChef-woodwind36-kate-pelletgrillid.png\",\"width\":300,\"height\":300},{\"@type\":\"BreadcrumbList\",\"@id\":\"https:\/\/bbqentertainment.com\/toode\/camp-chef-36-pelletgrilli-ja-suitsuahju-ilmastikukindel-kate\/#breadcrumb\",\"itemListElement\":[{\"@type\":\"ListItem\",\"position\":1,\"name\":\"AVALEHT\",\"item\":\"https:\/\/bbqentertainment.com\/en\/\"},{\"@type\":\"ListItem\",\"position\":2,\"name\":\"Tooted\",\"item\":\"https:\/\/bbqentertainment.com\/tooted\/\"},{\"@type\":\"ListItem\",\"position\":3,\"name\":\"Grillid ja ahjud\",\"item\":\"https:\/\/bbqentertainment.com\/tootekategooria\/grillid-ja-ahjud\/\"},{\"@type\":\"ListItem\",\"position\":4,\"name\":\"Camp Chef\",\"item\":\"https:\/\/bbqentertainment.com\/tootekategooria\/grillid-ja-ahjud\/camp-chef\/\"},{\"@type\":\"ListItem\",\"position\":5,\"name\":\"Camp Chef 36&#8243; pelletgrilli ja suitsuahju ilmastikukindel kate\"}]},{\"@type\":\"WebSite\",\"@id\":\"https:\/\/bbqentertainment.com\/#website\",\"url\":\"https:\/\/bbqentertainment.com\/\",\"name\":\"BBQ Entertainment\",\"description\":\"BBQ is a great lifestyle, not just fun!\",\"publisher\":{\"@id\":\"https:\/\/bbqentertainment.com\/#organization\"},\"potentialAction\":[{\"@type\":\"SearchAction\",\"target\":{\"@type\":\"EntryPoint\",\"urlTemplate\":\"https:\/\/bbqentertainment.com\/?s={search_term_string}\"},\"query-input\":{\"@type\":\"PropertyValueSpecification\",\"valueRequired\":true,\"valueName\":\"search_term_string\"}}],\"inLanguage\":\"en-US\"},{\"@type\":\"Organization\",\"@id\":\"https:\/\/bbqentertainment.com\/#organization\",\"name\":\"BBQ Entertainment O\u00dc\",\"url\":\"https:\/\/bbqentertainment.com\/\",\"logo\":{\"@type\":\"ImageObject\",\"inLanguage\":\"en-US\",\"@id\":\"https:\/\/bbqentertainment.com\/#\/schema\/logo\/image\/\",\"url\":\"https:\/\/bbqentertainment.com\/wp-content\/uploads\/2020\/04\/BBQ-Entertainment-N-Catering-Enn-Tobreluts-Logo.png\",\"contentUrl\":\"https:\/\/bbqentertainment.com\/wp-content\/uploads\/2020\/04\/BBQ-Entertainment-N-Catering-Enn-Tobreluts-Logo.png\",\"width\":628,\"height\":266,\"caption\":\"BBQ Entertainment O\u00dc\"},\"image\":{\"@id\":\"https:\/\/bbqentertainment.com\/#\/schema\/logo\/image\/\"},\"sameAs\":[\"https:\/\/www.facebook.com\/BBQ-Entertainment-N-Catering-2437913376443540\",\"https:\/\/www.instagram.com\/bbqentertainmentncatering\/\",\"https:\/\/www.youtube.com\/channel\/UCmpuANQVhLy2Md8nrenp2jA\"]}]}<\/script>\n<!-- \/ Yoast SEO plugin. -->","yoast_head_json":{"title":"Camp Chef 36\" pelletgrilli ja suitsuahju ilmastikukindel kate - BBQ Entertainment","robots":{"index":"index","follow":"follow","max-snippet":"max-snippet:-1","max-image-preview":"max-image-preview:large","max-video-preview":"max-video-preview:-1"},"canonical":"https:\/\/bbqentertainment.com\/toode\/camp-chef-36-pelletgrilli-ja-suitsuahju-ilmastikukindel-kate\/","og_locale":"en_US","og_type":"article","og_title":"Camp Chef 36\" pelletgrilli ja suitsuahju ilmastikukindel kate - BBQ Entertainment","og_description":"Camp Chef 36\" pelletgrilli ja suitsuahju ilmastikukindel kate Sobib Camp Chef Woodwind 36\u2033 pelletgrillidele. Ideaalne kaitse ilmastikutingimuste eest.","og_url":"https:\/\/bbqentertainment.com\/toode\/camp-chef-36-pelletgrilli-ja-suitsuahju-ilmastikukindel-kate\/","og_site_name":"BBQ Entertainment","article_publisher":"https:\/\/www.facebook.com\/BBQ-Entertainment-N-Catering-2437913376443540","article_modified_time":"2026-03-02T15:20:33+00:00","og_image":[{"width":300,"height":300,"url":"https:\/\/bbqentertainment.com\/wp-content\/uploads\/2026\/02\/CampChef-woodwind36-kate-pelletgrillid.png","type":"image\/png"}],"twitter_card":"summary_large_image","twitter_misc":{"Est. reading time":"1 minute"},"schema":{"@context":"https:\/\/schema.org","@graph":[{"@type":["WebPage","ItemPage"],"@id":"https:\/\/bbqentertainment.com\/toode\/camp-chef-36-pelletgrilli-ja-suitsuahju-ilmastikukindel-kate\/","url":"https:\/\/bbqentertainment.com\/toode\/camp-chef-36-pelletgrilli-ja-suitsuahju-ilmastikukindel-kate\/","name":"Camp Chef 36\" pelletgrilli ja suitsuahju ilmastikukindel kate - BBQ Entertainment","isPartOf":{"@id":"https:\/\/bbqentertainment.com\/#website"},"primaryImageOfPage":{"@id":"https:\/\/bbqentertainment.com\/toode\/camp-chef-36-pelletgrilli-ja-suitsuahju-ilmastikukindel-kate\/#primaryimage"},"image":{"@id":"https:\/\/bbqentertainment.com\/toode\/camp-chef-36-pelletgrilli-ja-suitsuahju-ilmastikukindel-kate\/#primaryimage"},"thumbnailUrl":"https:\/\/bbqentertainment.com\/wp-content\/uploads\/2026\/02\/CampChef-woodwind36-kate-pelletgrillid.png","datePublished":"2026-02-27T07:38:25+00:00","dateModified":"2026-03-02T15:20:33+00:00","breadcrumb":{"@id":"https:\/\/bbqentertainment.com\/toode\/camp-chef-36-pelletgrilli-ja-suitsuahju-ilmastikukindel-kate\/#breadcrumb"},"inLanguage":"en-US","potentialAction":[{"@type":"ReadAction","target":["https:\/\/bbqentertainment.com\/toode\/camp-chef-36-pelletgrilli-ja-suitsuahju-ilmastikukindel-kate\/"]}]},{"@type":"ImageObject","inLanguage":"en-US","@id":"https:\/\/bbqentertainment.com\/toode\/camp-chef-36-pelletgrilli-ja-suitsuahju-ilmastikukindel-kate\/#primaryimage","url":"https:\/\/bbqentertainment.com\/wp-content\/uploads\/2026\/02\/CampChef-woodwind36-kate-pelletgrillid.png","contentUrl":"https:\/\/bbqentertainment.com\/wp-content\/uploads\/2026\/02\/CampChef-woodwind36-kate-pelletgrillid.png","width":300,"height":300},{"@type":"BreadcrumbList","@id":"https:\/\/bbqentertainment.com\/toode\/camp-chef-36-pelletgrilli-ja-suitsuahju-ilmastikukindel-kate\/#breadcrumb","itemListElement":[{"@type":"ListItem","position":1,"name":"AVALEHT","item":"https:\/\/bbqentertainment.com\/en\/"},{"@type":"ListItem","position":2,"name":"Tooted","item":"https:\/\/bbqentertainment.com\/tooted\/"},{"@type":"ListItem","position":3,"name":"Grillid ja ahjud","item":"https:\/\/bbqentertainment.com\/tootekategooria\/grillid-ja-ahjud\/"},{"@type":"ListItem","position":4,"name":"Camp Chef","item":"https:\/\/bbqentertainment.com\/tootekategooria\/grillid-ja-ahjud\/camp-chef\/"},{"@type":"ListItem","position":5,"name":"Camp Chef 36&#8243; pelletgrilli ja suitsuahju ilmastikukindel kate"}]},{"@type":"WebSite","@id":"https:\/\/bbqentertainment.com\/#website","url":"https:\/\/bbqentertainment.com\/","name":"BBQ Entertainment","description":"BBQ is a great lifestyle, not just fun!","publisher":{"@id":"https:\/\/bbqentertainment.com\/#organization"},"potentialAction":[{"@type":"SearchAction","target":{"@type":"EntryPoint","urlTemplate":"https:\/\/bbqentertainment.com\/?s={search_term_string}"},"query-input":{"@type":"PropertyValueSpecification","valueRequired":true,"valueName":"search_term_string"}}],"inLanguage":"en-US"},{"@type":"Organization","@id":"https:\/\/bbqentertainment.com\/#organization","name":"BBQ Entertainment O\u00dc","url":"https:\/\/bbqentertainment.com\/","logo":{"@type":"ImageObject","inLanguage":"en-US","@id":"https:\/\/bbqentertainment.com\/#\/schema\/logo\/image\/","url":"https:\/\/bbqentertainment.com\/wp-content\/uploads\/2020\/04\/BBQ-Entertainment-N-Catering-Enn-Tobreluts-Logo.png","contentUrl":"https:\/\/bbqentertainment.com\/wp-content\/uploads\/2020\/04\/BBQ-Entertainment-N-Catering-Enn-Tobreluts-Logo.png","width":628,"height":266,"caption":"BBQ Entertainment O\u00dc"},"image":{"@id":"https:\/\/bbqentertainment.com\/#\/schema\/logo\/image\/"},"sameAs":["https:\/\/www.facebook.com\/BBQ-Entertainment-N-Catering-2437913376443540","https:\/\/www.instagram.com\/bbqentertainmentncatering\/","https:\/\/www.youtube.com\/channel\/UCmpuANQVhLy2Md8nrenp2jA"]}]}},"_links":{"self":[{"href":"https:\/\/bbqentertainment.com\/en\/wp-json\/wp\/v2\/product\/257639","targetHints":{"allow":["GET"]}}],"collection":[{"href":"https:\/\/bbqentertainment.com\/en\/wp-json\/wp\/v2\/product"}],"about":[{"href":"https:\/\/bbqentertainment.com\/en\/wp-json\/wp\/v2\/types\/product"}],"wp:featuredmedia":[{"embeddable":true,"href":"https:\/\/bbqentertainment.com\/en\/wp-json\/wp\/v2\/media\/257600"}],"wp:attachment":[{"href":"https:\/\/bbqentertainment.com\/en\/wp-json\/wp\/v2\/media?parent=257639"}],"wp:term":[{"taxonomy":"product_brand","embeddable":true,"href":"https:\/\/bbqentertainment.com\/en\/wp-json\/wp\/v2\/product_brand?post=257639"},{"taxonomy":"product_cat","embeddable":true,"href":"https:\/\/bbqentertainment.com\/en\/wp-json\/wp\/v2\/product_cat?post=257639"},{"taxonomy":"product_tag","embeddable":true,"href":"https:\/\/bbqentertainment.com\/en\/wp-json\/wp\/v2\/product_tag?post=257639"}],"curies":[{"name":"wp","href":"https:\/\/api.w.org\/{rel}","templated":true}]}}