{"id":257640,"date":"2026-02-27T09:38:25","date_gmt":"2026-02-27T07:38:25","guid":{"rendered":"https:\/\/bbqentertainment.com\/toode\/camp-chef-explorer-2x7kw-poletiga-valikoogi-pliit\/"},"modified":"2026-03-02T17:20:33","modified_gmt":"2026-03-02T15:20:33","slug":"camp-chef-explorer-2x7kw-poletiga-valikoogi-pliit","status":"publish","type":"product","link":"https:\/\/bbqentertainment.com\/en\/toode\/camp-chef-explorer-2x7kw-poletiga-valikoogi-pliit\/","title":{"rendered":"Camp Chef Explorer 2x7kW p\u00f5letiga v\u00e4lik\u00f6\u00f6gi pliit"},"content":{"rendered":"<p>Gaasipliit Camp Chef Explorer 2X saab hakkama k\u00f5igega, mida sul praadida-keeta tuleb. Kaks pliidip\u00f5letid v\u00f5imaldavad sul keeta suurel hulgal toitu \u00fcheaegselt. Pliit on v\u00e4ga kompaktne, jalgu on lihtne eemaldada. Praktiline ja tugev, k\u00f5lbab kasutamiseks mistahes tingimustes. Pliidile saab juurde osta lisamooduleid, mis laiendavad selle kasutusv\u00f5imalusi veelgi. N\u00e4iteks on olemas moodul pitsaahi ja grillimisboks.<\/p>\n<p>T\u00e4nu kergusele ja kompaktsusele on Camp Chef Explorer 2X gaasip\u00f5leti ideaalne lisak\u00fctteallikana v\u00e4lik\u00f6\u00f6gis ja sobib suurep\u00e4raselt kasutamiseks k\u00f5ikv\u00f5imalikel v\u00e4li\u00fcritustel.<\/p>\n<p>Omadused:<\/p>\n<p>\u2013 Roostekindel, kaherealine malmp\u00f5leti<\/p>\n<p>\u2013 Tuulevarjestus r\u00f5ngas \u00fcmber p\u00f5leti<\/p>\n<p>\u2013 Inghedel, lihtsalt paigaldatav tuulesirm tagaosal ja k\u00fclgedel<\/p>\n<p>\u2013 Reguleeritavad \/ eemaldatavad jalad<\/p>\n<p>\u2013 Tugev terasest konstruktsioon<\/p>\n<p>\u2013 Saab pakendist v\u00e4lja v\u00f5ttes kohe kasutada.<\/p>\n<p>\u2013 Reguleeritav temperatuur<\/p>\n<p>\u2013 Koguv\u00f5imsus: 145kW, ehk 2 X 7kW<\/p>\n<p>\u2013 K\u00fcpsetuspind: 36 x 80 cm<\/p>\n<p>\u2013 K\u00f5rgus: 79 cm<\/p>\n<p><iframe loading=\"lazy\" title=\"YouTube video player\" src=\"https:\/\/www.youtube.com\/embed\/MiM48L9bCMg\" width=\"560\" height=\"315\" frameborder=\"0\" allowfullscreen=\"allowfullscreen\"><\/iframe><\/p>\n","protected":false},"excerpt":{"rendered":"<h3>Camp Chef Explorer 2x7kW p\u00f5letiga v\u00e4lik\u00f6\u00f6gi pliit<\/h3>\n<p>\u00dclimalt praktiline, kompaktne ja tugev kahe k\u00fcttekehaga gaasipliit. K\u00f5lbab kasutamiseks mistahes tingimustes. Jalgu saab eemaldada ja pliidi kaasav\u00f5tmiseks kokku pakkida.<\/p>\n","protected":false},"featured_media":257602,"template":"","meta":{"inline_featured_image":false},"product_brand":[],"product_cat":[729],"product_tag":[],"class_list":{"0":"post-257640","1":"product","2":"type-product","3":"status-publish","4":"has-post-thumbnail","6":"product_cat-camp-chef","8":"first","9":"instock","10":"taxable","11":"shipping-taxable","12":"purchasable","13":"product-type-simple"},"yoast_head":"<!-- This site is optimized with the Yoast SEO plugin v27.2 - https:\/\/yoast.com\/product\/yoast-seo-wordpress\/ -->\n<title>Camp Chef Explorer 2x7kW p\u00f5letiga v\u00e4lik\u00f6\u00f6gi pliit - BBQ Entertainment<\/title>\n<meta name=\"robots\" content=\"index, follow, max-snippet:-1, max-image-preview:large, max-video-preview:-1\" \/>\n<link rel=\"canonical\" href=\"https:\/\/bbqentertainment.com\/toode\/camp-chef-explorer-2x7kw-poletiga-valikoogi-pliit\/\" \/>\n<meta property=\"og:locale\" content=\"en_US\" \/>\n<meta property=\"og:type\" content=\"article\" \/>\n<meta property=\"og:title\" content=\"Camp Chef Explorer 2x7kW p\u00f5letiga v\u00e4lik\u00f6\u00f6gi pliit - BBQ Entertainment\" \/>\n<meta property=\"og:description\" content=\"Camp Chef Explorer 2x7kW p\u00f5letiga v\u00e4lik\u00f6\u00f6gi pliit \u00dclimalt praktiline, kompaktne ja tugev kahe k\u00fcttekehaga gaasipliit. K\u00f5lbab kasutamiseks mistahes tingimustes. Jalgu saab eemaldada ja pliidi kaasav\u00f5tmiseks kokku pakkida.\" \/>\n<meta property=\"og:url\" content=\"https:\/\/bbqentertainment.com\/toode\/camp-chef-explorer-2x7kw-poletiga-valikoogi-pliit\/\" \/>\n<meta property=\"og:site_name\" content=\"BBQ Entertainment\" \/>\n<meta property=\"article:publisher\" content=\"https:\/\/www.facebook.com\/BBQ-Entertainment-N-Catering-2437913376443540\" \/>\n<meta property=\"article:modified_time\" content=\"2026-03-02T15:20:33+00:00\" \/>\n<meta property=\"og:image\" content=\"https:\/\/bbqentertainment.com\/wp-content\/uploads\/2026\/02\/CampChef-explorerx2-gaasipliit.png\" \/>\n\t<meta property=\"og:image:width\" content=\"300\" \/>\n\t<meta property=\"og:image:height\" content=\"300\" \/>\n\t<meta property=\"og:image:type\" content=\"image\/png\" \/>\n<meta name=\"twitter:card\" content=\"summary_large_image\" \/>\n<meta name=\"twitter:label1\" content=\"Est. reading time\" \/>\n\t<meta name=\"twitter:data1\" content=\"1 minute\" \/>\n<script type=\"application\/ld+json\" class=\"yoast-schema-graph\">{\"@context\":\"https:\/\/schema.org\",\"@graph\":[{\"@type\":[\"WebPage\",\"ItemPage\"],\"@id\":\"https:\/\/bbqentertainment.com\/toode\/camp-chef-explorer-2x7kw-poletiga-valikoogi-pliit\/\",\"url\":\"https:\/\/bbqentertainment.com\/toode\/camp-chef-explorer-2x7kw-poletiga-valikoogi-pliit\/\",\"name\":\"Camp Chef Explorer 2x7kW p\u00f5letiga v\u00e4lik\u00f6\u00f6gi pliit - BBQ Entertainment\",\"isPartOf\":{\"@id\":\"https:\/\/bbqentertainment.com\/#website\"},\"primaryImageOfPage\":{\"@id\":\"https:\/\/bbqentertainment.com\/toode\/camp-chef-explorer-2x7kw-poletiga-valikoogi-pliit\/#primaryimage\"},\"image\":{\"@id\":\"https:\/\/bbqentertainment.com\/toode\/camp-chef-explorer-2x7kw-poletiga-valikoogi-pliit\/#primaryimage\"},\"thumbnailUrl\":\"https:\/\/bbqentertainment.com\/wp-content\/uploads\/2026\/02\/CampChef-explorerx2-gaasipliit.png\",\"datePublished\":\"2026-02-27T07:38:25+00:00\",\"dateModified\":\"2026-03-02T15:20:33+00:00\",\"breadcrumb\":{\"@id\":\"https:\/\/bbqentertainment.com\/toode\/camp-chef-explorer-2x7kw-poletiga-valikoogi-pliit\/#breadcrumb\"},\"inLanguage\":\"en-US\",\"potentialAction\":[{\"@type\":\"ReadAction\",\"target\":[\"https:\/\/bbqentertainment.com\/toode\/camp-chef-explorer-2x7kw-poletiga-valikoogi-pliit\/\"]}]},{\"@type\":\"ImageObject\",\"inLanguage\":\"en-US\",\"@id\":\"https:\/\/bbqentertainment.com\/toode\/camp-chef-explorer-2x7kw-poletiga-valikoogi-pliit\/#primaryimage\",\"url\":\"https:\/\/bbqentertainment.com\/wp-content\/uploads\/2026\/02\/CampChef-explorerx2-gaasipliit.png\",\"contentUrl\":\"https:\/\/bbqentertainment.com\/wp-content\/uploads\/2026\/02\/CampChef-explorerx2-gaasipliit.png\",\"width\":300,\"height\":300},{\"@type\":\"BreadcrumbList\",\"@id\":\"https:\/\/bbqentertainment.com\/toode\/camp-chef-explorer-2x7kw-poletiga-valikoogi-pliit\/#breadcrumb\",\"itemListElement\":[{\"@type\":\"ListItem\",\"position\":1,\"name\":\"AVALEHT\",\"item\":\"https:\/\/bbqentertainment.com\/en\/\"},{\"@type\":\"ListItem\",\"position\":2,\"name\":\"Tooted\",\"item\":\"https:\/\/bbqentertainment.com\/tooted\/\"},{\"@type\":\"ListItem\",\"position\":3,\"name\":\"Grillid ja ahjud\",\"item\":\"https:\/\/bbqentertainment.com\/tootekategooria\/grillid-ja-ahjud\/\"},{\"@type\":\"ListItem\",\"position\":4,\"name\":\"Camp Chef\",\"item\":\"https:\/\/bbqentertainment.com\/tootekategooria\/grillid-ja-ahjud\/camp-chef\/\"},{\"@type\":\"ListItem\",\"position\":5,\"name\":\"Camp Chef Explorer 2x7kW p\u00f5letiga v\u00e4lik\u00f6\u00f6gi pliit\"}]},{\"@type\":\"WebSite\",\"@id\":\"https:\/\/bbqentertainment.com\/#website\",\"url\":\"https:\/\/bbqentertainment.com\/\",\"name\":\"BBQ Entertainment\",\"description\":\"BBQ is a great lifestyle, not just fun!\",\"publisher\":{\"@id\":\"https:\/\/bbqentertainment.com\/#organization\"},\"potentialAction\":[{\"@type\":\"SearchAction\",\"target\":{\"@type\":\"EntryPoint\",\"urlTemplate\":\"https:\/\/bbqentertainment.com\/?s={search_term_string}\"},\"query-input\":{\"@type\":\"PropertyValueSpecification\",\"valueRequired\":true,\"valueName\":\"search_term_string\"}}],\"inLanguage\":\"en-US\"},{\"@type\":\"Organization\",\"@id\":\"https:\/\/bbqentertainment.com\/#organization\",\"name\":\"BBQ Entertainment O\u00dc\",\"url\":\"https:\/\/bbqentertainment.com\/\",\"logo\":{\"@type\":\"ImageObject\",\"inLanguage\":\"en-US\",\"@id\":\"https:\/\/bbqentertainment.com\/#\/schema\/logo\/image\/\",\"url\":\"https:\/\/bbqentertainment.com\/wp-content\/uploads\/2020\/04\/BBQ-Entertainment-N-Catering-Enn-Tobreluts-Logo.png\",\"contentUrl\":\"https:\/\/bbqentertainment.com\/wp-content\/uploads\/2020\/04\/BBQ-Entertainment-N-Catering-Enn-Tobreluts-Logo.png\",\"width\":628,\"height\":266,\"caption\":\"BBQ Entertainment O\u00dc\"},\"image\":{\"@id\":\"https:\/\/bbqentertainment.com\/#\/schema\/logo\/image\/\"},\"sameAs\":[\"https:\/\/www.facebook.com\/BBQ-Entertainment-N-Catering-2437913376443540\",\"https:\/\/www.instagram.com\/bbqentertainmentncatering\/\",\"https:\/\/www.youtube.com\/channel\/UCmpuANQVhLy2Md8nrenp2jA\"]}]}<\/script>\n<!-- \/ Yoast SEO plugin. -->","yoast_head_json":{"title":"Camp Chef Explorer 2x7kW p\u00f5letiga v\u00e4lik\u00f6\u00f6gi pliit - BBQ Entertainment","robots":{"index":"index","follow":"follow","max-snippet":"max-snippet:-1","max-image-preview":"max-image-preview:large","max-video-preview":"max-video-preview:-1"},"canonical":"https:\/\/bbqentertainment.com\/toode\/camp-chef-explorer-2x7kw-poletiga-valikoogi-pliit\/","og_locale":"en_US","og_type":"article","og_title":"Camp Chef Explorer 2x7kW p\u00f5letiga v\u00e4lik\u00f6\u00f6gi pliit - BBQ Entertainment","og_description":"Camp Chef Explorer 2x7kW p\u00f5letiga v\u00e4lik\u00f6\u00f6gi pliit \u00dclimalt praktiline, kompaktne ja tugev kahe k\u00fcttekehaga gaasipliit. K\u00f5lbab kasutamiseks mistahes tingimustes. Jalgu saab eemaldada ja pliidi kaasav\u00f5tmiseks kokku pakkida.","og_url":"https:\/\/bbqentertainment.com\/toode\/camp-chef-explorer-2x7kw-poletiga-valikoogi-pliit\/","og_site_name":"BBQ Entertainment","article_publisher":"https:\/\/www.facebook.com\/BBQ-Entertainment-N-Catering-2437913376443540","article_modified_time":"2026-03-02T15:20:33+00:00","og_image":[{"width":300,"height":300,"url":"https:\/\/bbqentertainment.com\/wp-content\/uploads\/2026\/02\/CampChef-explorerx2-gaasipliit.png","type":"image\/png"}],"twitter_card":"summary_large_image","twitter_misc":{"Est. reading time":"1 minute"},"schema":{"@context":"https:\/\/schema.org","@graph":[{"@type":["WebPage","ItemPage"],"@id":"https:\/\/bbqentertainment.com\/toode\/camp-chef-explorer-2x7kw-poletiga-valikoogi-pliit\/","url":"https:\/\/bbqentertainment.com\/toode\/camp-chef-explorer-2x7kw-poletiga-valikoogi-pliit\/","name":"Camp Chef Explorer 2x7kW p\u00f5letiga v\u00e4lik\u00f6\u00f6gi pliit - BBQ Entertainment","isPartOf":{"@id":"https:\/\/bbqentertainment.com\/#website"},"primaryImageOfPage":{"@id":"https:\/\/bbqentertainment.com\/toode\/camp-chef-explorer-2x7kw-poletiga-valikoogi-pliit\/#primaryimage"},"image":{"@id":"https:\/\/bbqentertainment.com\/toode\/camp-chef-explorer-2x7kw-poletiga-valikoogi-pliit\/#primaryimage"},"thumbnailUrl":"https:\/\/bbqentertainment.com\/wp-content\/uploads\/2026\/02\/CampChef-explorerx2-gaasipliit.png","datePublished":"2026-02-27T07:38:25+00:00","dateModified":"2026-03-02T15:20:33+00:00","breadcrumb":{"@id":"https:\/\/bbqentertainment.com\/toode\/camp-chef-explorer-2x7kw-poletiga-valikoogi-pliit\/#breadcrumb"},"inLanguage":"en-US","potentialAction":[{"@type":"ReadAction","target":["https:\/\/bbqentertainment.com\/toode\/camp-chef-explorer-2x7kw-poletiga-valikoogi-pliit\/"]}]},{"@type":"ImageObject","inLanguage":"en-US","@id":"https:\/\/bbqentertainment.com\/toode\/camp-chef-explorer-2x7kw-poletiga-valikoogi-pliit\/#primaryimage","url":"https:\/\/bbqentertainment.com\/wp-content\/uploads\/2026\/02\/CampChef-explorerx2-gaasipliit.png","contentUrl":"https:\/\/bbqentertainment.com\/wp-content\/uploads\/2026\/02\/CampChef-explorerx2-gaasipliit.png","width":300,"height":300},{"@type":"BreadcrumbList","@id":"https:\/\/bbqentertainment.com\/toode\/camp-chef-explorer-2x7kw-poletiga-valikoogi-pliit\/#breadcrumb","itemListElement":[{"@type":"ListItem","position":1,"name":"AVALEHT","item":"https:\/\/bbqentertainment.com\/en\/"},{"@type":"ListItem","position":2,"name":"Tooted","item":"https:\/\/bbqentertainment.com\/tooted\/"},{"@type":"ListItem","position":3,"name":"Grillid ja ahjud","item":"https:\/\/bbqentertainment.com\/tootekategooria\/grillid-ja-ahjud\/"},{"@type":"ListItem","position":4,"name":"Camp Chef","item":"https:\/\/bbqentertainment.com\/tootekategooria\/grillid-ja-ahjud\/camp-chef\/"},{"@type":"ListItem","position":5,"name":"Camp Chef Explorer 2x7kW p\u00f5letiga v\u00e4lik\u00f6\u00f6gi pliit"}]},{"@type":"WebSite","@id":"https:\/\/bbqentertainment.com\/#website","url":"https:\/\/bbqentertainment.com\/","name":"BBQ Entertainment","description":"BBQ is a great lifestyle, not just fun!","publisher":{"@id":"https:\/\/bbqentertainment.com\/#organization"},"potentialAction":[{"@type":"SearchAction","target":{"@type":"EntryPoint","urlTemplate":"https:\/\/bbqentertainment.com\/?s={search_term_string}"},"query-input":{"@type":"PropertyValueSpecification","valueRequired":true,"valueName":"search_term_string"}}],"inLanguage":"en-US"},{"@type":"Organization","@id":"https:\/\/bbqentertainment.com\/#organization","name":"BBQ Entertainment O\u00dc","url":"https:\/\/bbqentertainment.com\/","logo":{"@type":"ImageObject","inLanguage":"en-US","@id":"https:\/\/bbqentertainment.com\/#\/schema\/logo\/image\/","url":"https:\/\/bbqentertainment.com\/wp-content\/uploads\/2020\/04\/BBQ-Entertainment-N-Catering-Enn-Tobreluts-Logo.png","contentUrl":"https:\/\/bbqentertainment.com\/wp-content\/uploads\/2020\/04\/BBQ-Entertainment-N-Catering-Enn-Tobreluts-Logo.png","width":628,"height":266,"caption":"BBQ Entertainment O\u00dc"},"image":{"@id":"https:\/\/bbqentertainment.com\/#\/schema\/logo\/image\/"},"sameAs":["https:\/\/www.facebook.com\/BBQ-Entertainment-N-Catering-2437913376443540","https:\/\/www.instagram.com\/bbqentertainmentncatering\/","https:\/\/www.youtube.com\/channel\/UCmpuANQVhLy2Md8nrenp2jA"]}]}},"_links":{"self":[{"href":"https:\/\/bbqentertainment.com\/en\/wp-json\/wp\/v2\/product\/257640","targetHints":{"allow":["GET"]}}],"collection":[{"href":"https:\/\/bbqentertainment.com\/en\/wp-json\/wp\/v2\/product"}],"about":[{"href":"https:\/\/bbqentertainment.com\/en\/wp-json\/wp\/v2\/types\/product"}],"wp:featuredmedia":[{"embeddable":true,"href":"https:\/\/bbqentertainment.com\/en\/wp-json\/wp\/v2\/media\/257602"}],"wp:attachment":[{"href":"https:\/\/bbqentertainment.com\/en\/wp-json\/wp\/v2\/media?parent=257640"}],"wp:term":[{"taxonomy":"product_brand","embeddable":true,"href":"https:\/\/bbqentertainment.com\/en\/wp-json\/wp\/v2\/product_brand?post=257640"},{"taxonomy":"product_cat","embeddable":true,"href":"https:\/\/bbqentertainment.com\/en\/wp-json\/wp\/v2\/product_cat?post=257640"},{"taxonomy":"product_tag","embeddable":true,"href":"https:\/\/bbqentertainment.com\/en\/wp-json\/wp\/v2\/product_tag?post=257640"}],"curies":[{"name":"wp","href":"https:\/\/api.w.org\/{rel}","templated":true}]}}